{"id":966,"date":"2019-08-05T15:09:46","date_gmt":"2019-08-05T13:09:46","guid":{"rendered":"http:\/\/rau.kundendemo.com\/?page_id=966"},"modified":"2021-10-25T14:54:43","modified_gmt":"2021-10-25T12:54:43","slug":"aktuella-nyheter","status":"publish","type":"page","link":"https:\/\/rau.de\/sv\/aktuella-nyheter\/","title":{"rendered":"Aktuella nyheter"},"content":{"rendered":"<section class=\"l-section wpb_row height_medium full_height valign_center with_img parallax_fixed\" id=\"kontakt\"><div class=\"l-section-img\" role=\"img\" data-img-width=\"2000\" data-img-height=\"1122\" style=\"background-image: url(https:\/\/rau.de\/wp-content\/uploads\/bg.jpg);\"><\/div><div class=\"l-section-h i-cf\"><div class=\"g-cols vc_row via_flex valign_top type_default stacking_default\"><div class=\"vc_col-sm-12 wpb_column vc_column_container\"><div class=\"vc_column-inner\"><div class=\"wpb_wrapper\"><div class=\"g-cols wpb_row content_top via_flex valign_top type_default stacking_default\"><div class=\"vc_col-sm-12 wpb_column vc_column_container\"><div class=\"vc_column-inner\"><div class=\"wpb_wrapper\"><h1 class=\"w-post-elm post_title entry-title color_link_inherit\">Aktuella nyheter<\/h1><\/div><\/div><\/div><\/div><div class=\"g-cols wpb_row us_custom_4fb9e5a3 content_text via_flex valign_top type_default stacking_default\"><div class=\"vc_col-sm-12 wpb_column vc_column_container\"><div class=\"vc_column-inner\"><div class=\"wpb_wrapper\"><div class=\"w-grid type_grid layout_21953 cols_3\" id=\"us_grid_1\" style=\"--gap:1.5rem;\" data-filterable=\"true\"><style>@media (max-width:1024px){#us_grid_1 .w-grid-item{width:50%}}@media (max-width:600px){#us_grid_1 .w-grid-list{margin:0}#us_grid_1 .w-grid-item{width:100%;padding:0;margin-bottom:var(--gap,0px)}}.layout_21953 .w-grid-item-h{}.layout_21953 .usg_post_image_1{margin-bottom:1rem!important}.layout_21953 .usg_post_title_1{font-size:1.4rem!important;margin-bottom:0.5rem!important}.layout_21953 .usg_hwrapper_1{color:#999999!important;font-size:0.9rem!important}.layout_21953 .usg_post_content_1{margin-top:0.5rem!important}.layout_21953 .usg_btn_1{margin-top:1.5rem!important}@media (min-width:1025px) and (max-width:1280px){.layout_21953 .usg_post_image_1{margin-bottom:1rem!important}.layout_21953 .usg_post_title_1{font-size:1.4rem!important;margin-bottom:0.5rem!important}.layout_21953 .usg_hwrapper_1{color:#999999!important;font-size:0.9rem!important}.layout_21953 .usg_post_content_1{margin-top:0.5rem!important}.layout_21953 .usg_btn_1{margin-top:1.5rem!important}}@media (min-width:601px) and (max-width:1024px){.layout_21953 .usg_post_image_1{margin-bottom:1rem!important}.layout_21953 .usg_post_title_1{font-size:1.4rem!important;margin-bottom:0.5rem!important}.layout_21953 .usg_hwrapper_1{color:#999999!important;font-size:0.9rem!important}.layout_21953 .usg_post_content_1{margin-top:0.5rem!important}.layout_21953 .usg_btn_1{margin-top:1.5rem!important}}@media (max-width:600px){.layout_21953 .usg_post_image_1{margin-bottom:1rem!important}.layout_21953 .usg_post_title_1{font-size:1.4rem!important;margin-bottom:0.5rem!important}.layout_21953 .usg_hwrapper_1{color:#999999!important;font-size:0.9rem!important}.layout_21953 .usg_post_content_1{margin-top:0.5rem!important}.layout_21953 .usg_btn_1{margin-top:1.5rem!important}}<\/style><div class=\"w-grid-list\">\t<article class=\"w-grid-item size_1x1 post-7960 post type-post status-publish format-video has-post-thumbnail hentry category-video-sv post_format-post-format-video\" data-id=\"7960\">\r\n\t\t<div class=\"w-grid-item-h\">\r\n\t\t\t\t\t\t<div class=\"w-post-elm post_image usg_post_image_1 stretched media_preview\"><div class=\"w-video align_none ratio_16x9 has_iframe\"><div class=\"w-video-h\"><iframe title=\"Youtube video player\" src=\"\/\/www.youtube.com\/embed\/QmgcNSFhKnE?autoplay=0&controls=1&origin=https:\/\/rau.de\/sv\/&loop=0&mute=0\" allowfullscreen=\"1\" loading=\"lazy\"><\/iframe><\/div><div class=\"w-video-icon\" style=\"font-size:1.5rem;background:rgba(0,0,0,0.5);color:#fff\"><\/div><\/div><\/div><h2 class=\"w-post-elm post_title usg_post_title_1 entry-title color_link_inherit\"><a href=\"https:\/\/rau.de\/sv\/2020\/07\/22\/flygfotografering-leverkusen-opladen\/\">Flygfotografering \/ Leverkusen Opladen<\/a><\/h2><div class=\"w-hwrapper usg_hwrapper_1 has_text_color align_left valign_top wrap\"><\/div><a class=\"w-btn us-btn-style_2 usg_btn_1\" href=\"https:\/\/rau.de\/sv\/2020\/07\/22\/flygfotografering-leverkusen-opladen\/\"><span class=\"w-btn-label\">Ytterligare<\/span><\/a>\t\t<\/div>\r\n\t<\/article>\r\n\t<article class=\"w-grid-item size_1x1 post-5401 post type-post status-publish format-standard has-post-thumbnail hentry category-news-sv\" data-id=\"5401\">\r\n\t\t<div class=\"w-grid-item-h\">\r\n\t\t\t\t\t\t<div class=\"w-post-elm post_image usg_post_image_1 stretched\"><a href=\"https:\/\/rau.de\/sv\/2019\/07\/25\/rau-r3-ekologiskt-utdragbar-bullerskyddsvaegg-i-eltville\/\" aria-label=\"RAU R3 -Ekologiskt utdragbar bullerskyddsv\u00e4gg &#8211; i Eltville\"><img loading=\"lazy\" decoding=\"async\" width=\"800\" height=\"533\" src=\"https:\/\/rau.de\/wp-content\/uploads\/oekologische-aufstockbare-laermschutzwand-eltville-5.jpg\" class=\"attachment-large size-large wp-post-image\" alt=\"\" srcset=\"https:\/\/rau.de\/wp-content\/uploads\/oekologische-aufstockbare-laermschutzwand-eltville-5.jpg 800w, https:\/\/rau.de\/wp-content\/uploads\/oekologische-aufstockbare-laermschutzwand-eltville-5-300x200.jpg 300w\" sizes=\"auto, (max-width: 800px) 100vw, 800px\" \/><\/a><\/div><h2 class=\"w-post-elm post_title usg_post_title_1 entry-title color_link_inherit\"><a href=\"https:\/\/rau.de\/sv\/2019\/07\/25\/rau-r3-ekologiskt-utdragbar-bullerskyddsvaegg-i-eltville\/\">RAU R3 -Ekologiskt utdragbar bullerskyddsv\u00e4gg &#8211; i Eltville<\/a><\/h2><div class=\"w-hwrapper usg_hwrapper_1 has_text_color align_left valign_top wrap\"><\/div><a class=\"w-btn us-btn-style_2 usg_btn_1\" href=\"https:\/\/rau.de\/sv\/2019\/07\/25\/rau-r3-ekologiskt-utdragbar-bullerskyddsvaegg-i-eltville\/\"><span class=\"w-btn-label\">Ytterligare<\/span><\/a>\t\t<\/div>\r\n\t<\/article>\r\n\t<article class=\"w-grid-item size_1x1 post-8021 post type-post status-publish format-video has-post-thumbnail hentry category-video-sv post_format-post-format-video\" data-id=\"8021\">\r\n\t\t<div class=\"w-grid-item-h\">\r\n\t\t\t\t\t\t<div class=\"w-post-elm post_image usg_post_image_1 stretched media_preview\"><div class=\"w-video align_none ratio_16x9 has_iframe\"><div class=\"w-video-h\"><iframe title=\"Youtube video player\" src=\"\/\/www.youtube.com\/embed\/u6Jhi_lx3EQ?autoplay=0&controls=1&origin=https:\/\/rau.de\/sv\/&loop=0&mute=0\" allowfullscreen=\"1\" loading=\"lazy\"><\/iframe><\/div><div class=\"w-video-icon\" style=\"font-size:1.5rem;background:rgba(0,0,0,0.5);color:#fff\"><\/div><\/div><\/div><h2 class=\"w-post-elm post_title usg_post_title_1 entry-title color_link_inherit\"><a href=\"https:\/\/rau.de\/sv\/2019\/06\/11\/rau-bullerskydd-nw\/\">Rau bullerskydd NW<\/a><\/h2><div class=\"w-hwrapper usg_hwrapper_1 has_text_color align_left valign_top wrap\"><\/div><a class=\"w-btn us-btn-style_2 usg_btn_1\" href=\"https:\/\/rau.de\/sv\/2019\/06\/11\/rau-bullerskydd-nw\/\"><span class=\"w-btn-label\">Ytterligare<\/span><\/a>\t\t<\/div>\r\n\t<\/article>\r\n\t<article class=\"w-grid-item size_1x1 post-7925 post type-post status-publish format-video has-post-thumbnail hentry category-okategoriserad category-video-sv post_format-post-format-video\" data-id=\"7925\">\r\n\t\t<div class=\"w-grid-item-h\">\r\n\t\t\t\t\t\t<div class=\"w-post-elm post_image usg_post_image_1 stretched media_preview\"><div class=\"w-video align_none ratio_16x9 has_iframe\"><div class=\"w-video-h\"><iframe title=\"Youtube video player\" src=\"\/\/www.youtube.com\/embed\/wpeXwxj4J4s?autoplay=0&controls=1&origin=https:\/\/rau.de\/sv\/&loop=0&mute=0\" allowfullscreen=\"1\" loading=\"lazy\"><\/iframe><\/div><div class=\"w-video-icon\" style=\"font-size:1.5rem;background:rgba(0,0,0,0.5);color:#fff\"><\/div><\/div><\/div><h2 class=\"w-post-elm post_title usg_post_title_1 entry-title color_link_inherit\"><a href=\"https:\/\/rau.de\/sv\/2019\/06\/11\/konstruktion-av-en-3-meter-bullerskyddsvaegg-pa-2-minuter\/\">Konstruktion av en 3 meter bullerskyddsv\u00e4gg p\u00e5 2 minuter<\/a><\/h2><div class=\"w-hwrapper usg_hwrapper_1 has_text_color align_left valign_top wrap\"><\/div><a class=\"w-btn us-btn-style_2 usg_btn_1\" href=\"https:\/\/rau.de\/sv\/2019\/06\/11\/konstruktion-av-en-3-meter-bullerskyddsvaegg-pa-2-minuter\/\"><span class=\"w-btn-label\">Ytterligare<\/span><\/a>\t\t<\/div>\r\n\t<\/article>\r\n\t<article class=\"w-grid-item size_1x1 post-8047 post type-post status-publish format-video has-post-thumbnail hentry category-video-sv post_format-post-format-video\" data-id=\"8047\">\r\n\t\t<div class=\"w-grid-item-h\">\r\n\t\t\t\t\t\t<div class=\"w-post-elm post_image usg_post_image_1 stretched media_preview\"><div class=\"w-video align_none ratio_16x9 has_iframe\"><div class=\"w-video-h\"><iframe title=\"Youtube video player\" src=\"\/\/www.youtube.com\/embed\/7aOHrUnwL68?autoplay=0&controls=1&origin=https:\/\/rau.de\/sv\/&loop=0&mute=0\" allowfullscreen=\"1\" loading=\"lazy\"><\/iframe><\/div><div class=\"w-video-icon\" style=\"font-size:1.5rem;background:rgba(0,0,0,0.5);color:#fff\"><\/div><\/div><\/div><h2 class=\"w-post-elm post_title usg_post_title_1 entry-title color_link_inherit\"><a href=\"https:\/\/rau.de\/sv\/2019\/06\/11\/tv-reportage-youtube-foeretag-rau-geosysteme-bullerskydd\/\">TV-reportage Youtube f\u00f6retag Rau Geosysteme bullerskydd<\/a><\/h2><div class=\"w-hwrapper usg_hwrapper_1 has_text_color align_left valign_top wrap\"><\/div><a class=\"w-btn us-btn-style_2 usg_btn_1\" href=\"https:\/\/rau.de\/sv\/2019\/06\/11\/tv-reportage-youtube-foeretag-rau-geosysteme-bullerskydd\/\"><span class=\"w-btn-label\">Ytterligare<\/span><\/a>\t\t<\/div>\r\n\t<\/article>\r\n\t<article class=\"w-grid-item size_1x1 post-8086 post type-post status-publish format-video has-post-thumbnail hentry category-video-sv post_format-post-format-video\" data-id=\"8086\">\r\n\t\t<div class=\"w-grid-item-h\">\r\n\t\t\t\t\t\t<div class=\"w-post-elm post_image usg_post_image_1 stretched media_preview\"><div class=\"w-video align_none ratio_16x9 has_iframe\"><div class=\"w-video-h\"><iframe title=\"Youtube video player\" src=\"\/\/www.youtube.com\/embed\/ljMt_zHSaLM?autoplay=0&controls=1&origin=https:\/\/rau.de\/sv\/&loop=0&mute=0\" allowfullscreen=\"1\" loading=\"lazy\"><\/iframe><\/div><div class=\"w-video-icon\" style=\"font-size:1.5rem;background:rgba(0,0,0,0.5);color:#fff\"><\/div><\/div><\/div><h2 class=\"w-post-elm post_title usg_post_title_1 entry-title color_link_inherit\"><a href=\"https:\/\/rau.de\/sv\/2019\/06\/11\/bygg-en-bullerskydd-pa-tva-minuter\/\">Bygg en bullerskydd p\u00e5 tv\u00e5 minuter<\/a><\/h2><div class=\"w-hwrapper usg_hwrapper_1 has_text_color align_left valign_top wrap\"><\/div><a class=\"w-btn us-btn-style_2 usg_btn_1\" href=\"https:\/\/rau.de\/sv\/2019\/06\/11\/bygg-en-bullerskydd-pa-tva-minuter\/\"><span class=\"w-btn-label\">Ytterligare<\/span><\/a>\t\t<\/div>\r\n\t<\/article>\r\n\t<article class=\"w-grid-item size_1x1 post-8177 post type-post status-publish format-video has-post-thumbnail hentry category-video-sv post_format-post-format-video\" data-id=\"8177\">\r\n\t\t<div class=\"w-grid-item-h\">\r\n\t\t\t\t\t\t<div class=\"w-post-elm post_image usg_post_image_1 stretched media_preview\"><div class=\"w-video align_none ratio_16x9 has_iframe\"><div class=\"w-video-h\"><iframe title=\"Youtube video player\" src=\"\/\/www.youtube.com\/embed\/9w28F6iuAL4?autoplay=0&controls=1&origin=https:\/\/rau.de\/sv\/&loop=0&mute=0\" allowfullscreen=\"1\" loading=\"lazy\"><\/iframe><\/div><div class=\"w-video-icon\" style=\"font-size:1.5rem;background:rgba(0,0,0,0.5);color:#fff\"><\/div><\/div><\/div><h2 class=\"w-post-elm post_title usg_post_title_1 entry-title color_link_inherit\"><a href=\"https:\/\/rau.de\/sv\/2019\/06\/07\/plantering-vid-bullerskydd-i-raesfeld\/\">Plantering vid bullerskydd i Raesfeld<\/a><\/h2><div class=\"w-hwrapper usg_hwrapper_1 has_text_color align_left valign_top wrap\"><\/div><a class=\"w-btn us-btn-style_2 usg_btn_1\" href=\"https:\/\/rau.de\/sv\/2019\/06\/07\/plantering-vid-bullerskydd-i-raesfeld\/\"><span class=\"w-btn-label\">Ytterligare<\/span><\/a>\t\t<\/div>\r\n\t<\/article>\r\n\t<article class=\"w-grid-item size_1x1 post-8125 post type-post status-publish format-standard has-post-thumbnail hentry category-news-sv\" data-id=\"8125\">\r\n\t\t<div class=\"w-grid-item-h\">\r\n\t\t\t\t\t\t<div class=\"w-post-elm post_image usg_post_image_1 stretched\"><a href=\"https:\/\/rau.de\/sv\/2019\/06\/05\/bullerskydd-i-en-halv-evighet\/\" aria-label=\"Bullerskydd i en halv evighet\"><img loading=\"lazy\" decoding=\"async\" width=\"1024\" height=\"653\" src=\"https:\/\/rau.de\/wp-content\/uploads\/zeitungsartikel-zepernicker-chausse-bernau-1024x653-1-1.jpg\" class=\"attachment-large size-large wp-post-image\" alt=\"\" srcset=\"https:\/\/rau.de\/wp-content\/uploads\/zeitungsartikel-zepernicker-chausse-bernau-1024x653-1-1.jpg 1024w, https:\/\/rau.de\/wp-content\/uploads\/zeitungsartikel-zepernicker-chausse-bernau-1024x653-1-1-300x191.jpg 300w\" sizes=\"auto, (max-width: 1024px) 100vw, 1024px\" \/><\/a><\/div><h2 class=\"w-post-elm post_title usg_post_title_1 entry-title color_link_inherit\"><a href=\"https:\/\/rau.de\/sv\/2019\/06\/05\/bullerskydd-i-en-halv-evighet\/\">Bullerskydd i en halv evighet<\/a><\/h2><div class=\"w-hwrapper usg_hwrapper_1 has_text_color align_left valign_top wrap\"><\/div><a class=\"w-btn us-btn-style_2 usg_btn_1\" href=\"https:\/\/rau.de\/sv\/2019\/06\/05\/bullerskydd-i-en-halv-evighet\/\"><span class=\"w-btn-label\">Ytterligare<\/span><\/a>\t\t<\/div>\r\n\t<\/article>\r\n\t<article class=\"w-grid-item size_1x1 post-8203 post type-post status-publish format-video has-post-thumbnail hentry category-video-sv post_format-post-format-video\" data-id=\"8203\">\r\n\t\t<div class=\"w-grid-item-h\">\r\n\t\t\t\t\t\t<div class=\"w-post-elm post_image usg_post_image_1 stretched media_preview\"><div class=\"w-video align_none ratio_16x9 has_iframe\"><div class=\"w-video-h\"><iframe title=\"Youtube video player\" src=\"\/\/www.youtube.com\/embed\/EglvrZzMcT8?autoplay=0&controls=1&origin=https:\/\/rau.de\/sv\/&loop=0&mute=0\" allowfullscreen=\"1\" loading=\"lazy\"><\/iframe><\/div><div class=\"w-video-icon\" style=\"font-size:1.5rem;background:rgba(0,0,0,0.5);color:#fff\"><\/div><\/div><\/div><h2 class=\"w-post-elm post_title usg_post_title_1 entry-title color_link_inherit\"><a href=\"https:\/\/rau.de\/sv\/2019\/06\/05\/rau-bullerbarriaerer\/\">Rau Bullerbarri\u00e4rer<\/a><\/h2><div class=\"w-hwrapper usg_hwrapper_1 has_text_color align_left valign_top wrap\"><\/div><a class=\"w-btn us-btn-style_2 usg_btn_1\" href=\"https:\/\/rau.de\/sv\/2019\/06\/05\/rau-bullerbarriaerer\/\"><span class=\"w-btn-label\">Ytterligare<\/span><\/a>\t\t<\/div>\r\n\t<\/article>\r\n<\/div><div class=\"w-grid-preloader\">\t<div class=\"g-preloader type_1\">\r\n\t\t<div><\/div>\r\n\t<\/div>\r\n\t<\/div>\t<div class=\"w-grid-json hidden\" onclick='return {&quot;action&quot;:&quot;us_ajax_grid&quot;,&quot;ajax_url&quot;:&quot;https:\\\/\\\/rau.de\\\/wp-admin\\\/admin-ajax.php&quot;,&quot;infinite_scroll&quot;:0,&quot;max_num_pages&quot;:1,&quot;pagination&quot;:&quot;none&quot;,&quot;template_vars&quot;:{&quot;columns&quot;:&quot;3&quot;,&quot;exclude_items&quot;:&quot;none&quot;,&quot;img_size&quot;:&quot;default&quot;,&quot;ignore_items_size&quot;:0,&quot;items_layout&quot;:&quot;21953&quot;,&quot;items_offset&quot;:&quot;1&quot;,&quot;load_animation&quot;:&quot;none&quot;,&quot;overriding_link&quot;:&quot;{\\&quot;url\\&quot;:\\&quot;\\&quot;}&quot;,&quot;post_id&quot;:0,&quot;query_args&quot;:{&quot;post_type&quot;:[&quot;post&quot;],&quot;post_status&quot;:[&quot;publish&quot;],&quot;posts_per_page&quot;:999},&quot;orderby_query_args&quot;:{&quot;orderby&quot;:{&quot;date&quot;:&quot;DESC&quot;}},&quot;type&quot;:&quot;grid&quot;,&quot;us_grid_ajax_index&quot;:1,&quot;us_grid_filter_params&quot;:[],&quot;us_grid_index&quot;:1,&quot;_us_grid_post_type&quot;:&quot;post&quot;,&quot;page_args&quot;:[],&quot;lang&quot;:&quot;sv&quot;}}'><\/div>\r\n\t<\/div><\/div><\/div><\/div><\/div><\/div><\/div><\/div><div class=\"vc_col-sm-12 wpb_column vc_column_container\"><div class=\"vc_column-inner\"><div class=\"wpb_wrapper\"><\/div><\/div><\/div><\/div><\/div><\/section>\n","protected":false},"excerpt":{"rendered":"Rau Bullerbarri\u00e4rer","protected":false},"author":1,"featured_media":0,"parent":0,"menu_order":0,"comment_status":"closed","ping_status":"closed","template":"","meta":{"footnotes":""},"class_list":["post-966","page","type-page","status-publish","hentry"],"yoast_head":"<!-- This site is optimized with the Yoast SEO plugin v27.4 - https:\/\/yoast.com\/product\/yoast-seo-wordpress\/ -->\n<title>Gr\u00f6na bullerskydd | aktuella-nyheter | Uppt\u00e4ck nu \ud83c\udf31\ud83c\udf43<\/title>\n<meta name=\"description\" content=\"\ud83c\udf31 Sp\u00e6ndende artikler! | Bidrag til vores gr\u00f8nne st\u00f8jsk\u00e6rme! \ud83c\udf41 | Konstruktion af en 3 meter st\u00f8jsp\u00e6rre p\u00e5 2 minutter!\" \/>\n<meta name=\"robots\" content=\"index, follow, max-snippet:-1, max-image-preview:large, max-video-preview:-1\" \/>\n<link rel=\"canonical\" href=\"https:\/\/rau.de\/sv\/aktuella-nyheter\/\" \/>\n<meta property=\"og:locale\" content=\"sv_SE\" \/>\n<meta property=\"og:type\" content=\"article\" \/>\n<meta property=\"og:title\" content=\"Gr\u00f6na bullerskydd | aktuella-nyheter | Uppt\u00e4ck nu \ud83c\udf31\ud83c\udf43\" \/>\n<meta property=\"og:description\" content=\"\ud83c\udf31 Sp\u00e6ndende artikler! | Bidrag til vores gr\u00f8nne st\u00f8jsk\u00e6rme! \ud83c\udf41 | Konstruktion af en 3 meter st\u00f8jsp\u00e6rre p\u00e5 2 minutter!\" \/>\n<meta property=\"og:url\" content=\"https:\/\/rau.de\/sv\/aktuella-nyheter\/\" \/>\n<meta property=\"og:site_name\" content=\"Rau | L\u00e4rmschutzw\u00e4nde\" \/>\n<meta property=\"article:modified_time\" content=\"2021-10-25T12:54:43+00:00\" \/>\n<meta property=\"og:image\" content=\"https:\/\/rau.de\/wp-content\/uploads\/rau.de-begruente-laermschutzwand-2015-08-23-sonderteile-2.jpg\" \/>\n\t<meta property=\"og:image:width\" content=\"1920\" \/>\n\t<meta property=\"og:image:height\" content=\"1146\" \/>\n\t<meta property=\"og:image:type\" content=\"image\/jpeg\" \/>\n<meta name=\"twitter:card\" content=\"summary_large_image\" \/>\n<meta name=\"twitter:label1\" content=\"Ber\u00e4knad l\u00e4stid\" \/>\n\t<meta name=\"twitter:data1\" content=\"1 minut\" \/>\n<script type=\"application\/ld+json\" class=\"yoast-schema-graph\">{\"@context\":\"https:\\\/\\\/schema.org\",\"@graph\":[{\"@type\":\"WebPage\",\"@id\":\"https:\\\/\\\/rau.de\\\/sv\\\/aktuella-nyheter\\\/\",\"url\":\"https:\\\/\\\/rau.de\\\/sv\\\/aktuella-nyheter\\\/\",\"name\":\"Gr\u00f6na bullerskydd | aktuella-nyheter | Uppt\u00e4ck nu \ud83c\udf31\ud83c\udf43\",\"isPartOf\":{\"@id\":\"https:\\\/\\\/rau.de\\\/sv\\\/#website\"},\"datePublished\":\"2019-08-05T13:09:46+00:00\",\"dateModified\":\"2021-10-25T12:54:43+00:00\",\"description\":\"\ud83c\udf31 Sp\u00e6ndende artikler! | Bidrag til vores gr\u00f8nne st\u00f8jsk\u00e6rme! \ud83c\udf41 | Konstruktion af en 3 meter st\u00f8jsp\u00e6rre p\u00e5 2 minutter!\",\"breadcrumb\":{\"@id\":\"https:\\\/\\\/rau.de\\\/sv\\\/aktuella-nyheter\\\/#breadcrumb\"},\"inLanguage\":\"sv-SE\",\"potentialAction\":[{\"@type\":\"ReadAction\",\"target\":[\"https:\\\/\\\/rau.de\\\/sv\\\/aktuella-nyheter\\\/\"]}]},{\"@type\":\"BreadcrumbList\",\"@id\":\"https:\\\/\\\/rau.de\\\/sv\\\/aktuella-nyheter\\\/#breadcrumb\",\"itemListElement\":[{\"@type\":\"ListItem\",\"position\":1,\"name\":\"Startseite\",\"item\":\"https:\\\/\\\/rau.de\\\/sv\\\/\"},{\"@type\":\"ListItem\",\"position\":2,\"name\":\"Aktuella nyheter\"}]},{\"@type\":\"WebSite\",\"@id\":\"https:\\\/\\\/rau.de\\\/sv\\\/#website\",\"url\":\"https:\\\/\\\/rau.de\\\/sv\\\/\",\"name\":\"Rau | L\u00e4rmschutzw\u00e4nde\",\"description\":\"Entwicklung und Umsetzung von L\u00e4rmschutzwand und Schallschutzwand\",\"publisher\":{\"@id\":\"https:\\\/\\\/rau.de\\\/sv\\\/#organization\"},\"potentialAction\":[{\"@type\":\"SearchAction\",\"target\":{\"@type\":\"EntryPoint\",\"urlTemplate\":\"https:\\\/\\\/rau.de\\\/sv\\\/?s={search_term_string}\"},\"query-input\":{\"@type\":\"PropertyValueSpecification\",\"valueRequired\":true,\"valueName\":\"search_term_string\"}}],\"inLanguage\":\"sv-SE\"},{\"@type\":\"Organization\",\"@id\":\"https:\\\/\\\/rau.de\\\/sv\\\/#organization\",\"name\":\"RAU L\u00e4rmschutzw\u00e4nde \u2013 Geosystem GBK GmbH\",\"url\":\"https:\\\/\\\/rau.de\\\/sv\\\/\",\"logo\":{\"@type\":\"ImageObject\",\"inLanguage\":\"sv-SE\",\"@id\":\"https:\\\/\\\/rau.de\\\/sv\\\/#\\\/schema\\\/logo\\\/image\\\/\",\"url\":\"https:\\\/\\\/rau.de\\\/wp-content\\\/uploads\\\/web_logo.png\",\"contentUrl\":\"https:\\\/\\\/rau.de\\\/wp-content\\\/uploads\\\/web_logo.png\",\"width\":249,\"height\":127,\"caption\":\"RAU L\u00e4rmschutzw\u00e4nde \u2013 Geosystem GBK GmbH\"},\"image\":{\"@id\":\"https:\\\/\\\/rau.de\\\/sv\\\/#\\\/schema\\\/logo\\\/image\\\/\"}}]}<\/script>\n<!-- \/ Yoast SEO plugin. -->","yoast_head_json":{"title":"Gr\u00f6na bullerskydd | aktuella-nyheter | Uppt\u00e4ck nu \ud83c\udf31\ud83c\udf43","description":"\ud83c\udf31 Sp\u00e6ndende artikler! | Bidrag til vores gr\u00f8nne st\u00f8jsk\u00e6rme! \ud83c\udf41 | Konstruktion af en 3 meter st\u00f8jsp\u00e6rre p\u00e5 2 minutter!","robots":{"index":"index","follow":"follow","max-snippet":"max-snippet:-1","max-image-preview":"max-image-preview:large","max-video-preview":"max-video-preview:-1"},"canonical":"https:\/\/rau.de\/sv\/aktuella-nyheter\/","og_locale":"sv_SE","og_type":"article","og_title":"Gr\u00f6na bullerskydd | aktuella-nyheter | Uppt\u00e4ck nu \ud83c\udf31\ud83c\udf43","og_description":"\ud83c\udf31 Sp\u00e6ndende artikler! | Bidrag til vores gr\u00f8nne st\u00f8jsk\u00e6rme! \ud83c\udf41 | Konstruktion af en 3 meter st\u00f8jsp\u00e6rre p\u00e5 2 minutter!","og_url":"https:\/\/rau.de\/sv\/aktuella-nyheter\/","og_site_name":"Rau | L\u00e4rmschutzw\u00e4nde","article_modified_time":"2021-10-25T12:54:43+00:00","og_image":[{"width":1920,"height":1146,"url":"https:\/\/rau.de\/wp-content\/uploads\/rau.de-begruente-laermschutzwand-2015-08-23-sonderteile-2.jpg","type":"image\/jpeg"}],"twitter_card":"summary_large_image","twitter_misc":{"Ber\u00e4knad l\u00e4stid":"1 minut"},"schema":{"@context":"https:\/\/schema.org","@graph":[{"@type":"WebPage","@id":"https:\/\/rau.de\/sv\/aktuella-nyheter\/","url":"https:\/\/rau.de\/sv\/aktuella-nyheter\/","name":"Gr\u00f6na bullerskydd | aktuella-nyheter | Uppt\u00e4ck nu \ud83c\udf31\ud83c\udf43","isPartOf":{"@id":"https:\/\/rau.de\/sv\/#website"},"datePublished":"2019-08-05T13:09:46+00:00","dateModified":"2021-10-25T12:54:43+00:00","description":"\ud83c\udf31 Sp\u00e6ndende artikler! | Bidrag til vores gr\u00f8nne st\u00f8jsk\u00e6rme! \ud83c\udf41 | Konstruktion af en 3 meter st\u00f8jsp\u00e6rre p\u00e5 2 minutter!","breadcrumb":{"@id":"https:\/\/rau.de\/sv\/aktuella-nyheter\/#breadcrumb"},"inLanguage":"sv-SE","potentialAction":[{"@type":"ReadAction","target":["https:\/\/rau.de\/sv\/aktuella-nyheter\/"]}]},{"@type":"BreadcrumbList","@id":"https:\/\/rau.de\/sv\/aktuella-nyheter\/#breadcrumb","itemListElement":[{"@type":"ListItem","position":1,"name":"Startseite","item":"https:\/\/rau.de\/sv\/"},{"@type":"ListItem","position":2,"name":"Aktuella nyheter"}]},{"@type":"WebSite","@id":"https:\/\/rau.de\/sv\/#website","url":"https:\/\/rau.de\/sv\/","name":"Rau | L\u00e4rmschutzw\u00e4nde","description":"Entwicklung und Umsetzung von L\u00e4rmschutzwand und Schallschutzwand","publisher":{"@id":"https:\/\/rau.de\/sv\/#organization"},"potentialAction":[{"@type":"SearchAction","target":{"@type":"EntryPoint","urlTemplate":"https:\/\/rau.de\/sv\/?s={search_term_string}"},"query-input":{"@type":"PropertyValueSpecification","valueRequired":true,"valueName":"search_term_string"}}],"inLanguage":"sv-SE"},{"@type":"Organization","@id":"https:\/\/rau.de\/sv\/#organization","name":"RAU L\u00e4rmschutzw\u00e4nde \u2013 Geosystem GBK GmbH","url":"https:\/\/rau.de\/sv\/","logo":{"@type":"ImageObject","inLanguage":"sv-SE","@id":"https:\/\/rau.de\/sv\/#\/schema\/logo\/image\/","url":"https:\/\/rau.de\/wp-content\/uploads\/web_logo.png","contentUrl":"https:\/\/rau.de\/wp-content\/uploads\/web_logo.png","width":249,"height":127,"caption":"RAU L\u00e4rmschutzw\u00e4nde \u2013 Geosystem GBK GmbH"},"image":{"@id":"https:\/\/rau.de\/sv\/#\/schema\/logo\/image\/"}}]}},"_links":{"self":[{"href":"https:\/\/rau.de\/sv\/wp-json\/wp\/v2\/pages\/966","targetHints":{"allow":["GET"]}}],"collection":[{"href":"https:\/\/rau.de\/sv\/wp-json\/wp\/v2\/pages"}],"about":[{"href":"https:\/\/rau.de\/sv\/wp-json\/wp\/v2\/types\/page"}],"author":[{"embeddable":true,"href":"https:\/\/rau.de\/sv\/wp-json\/wp\/v2\/users\/1"}],"replies":[{"embeddable":true,"href":"https:\/\/rau.de\/sv\/wp-json\/wp\/v2\/comments?post=966"}],"version-history":[{"count":4,"href":"https:\/\/rau.de\/sv\/wp-json\/wp\/v2\/pages\/966\/revisions"}],"predecessor-version":[{"id":21962,"href":"https:\/\/rau.de\/sv\/wp-json\/wp\/v2\/pages\/966\/revisions\/21962"}],"wp:attachment":[{"href":"https:\/\/rau.de\/sv\/wp-json\/wp\/v2\/media?parent=966"}],"curies":[{"name":"wp","href":"https:\/\/api.w.org\/{rel}","templated":true}]}}