{"id":9601,"date":"2020-08-25T16:37:00","date_gmt":"2020-08-25T14:37:00","guid":{"rendered":"https:\/\/rau.de\/?page_id=9601"},"modified":"2021-09-09T12:14:57","modified_gmt":"2021-09-09T10:14:57","slug":"bullerdaempning-foer-staeder-kommuner-naeringslivet-och-industrier","status":"publish","type":"page","link":"https:\/\/rau.de\/sv\/bullerdaempning-foer-staeder-kommuner-naeringslivet-och-industrier\/","title":{"rendered":"Bullerd\u00e4mpning f\u00f6r st\u00e4der, kommuner, n\u00e4ringslivet och industrier"},"content":{"rendered":"<section class=\"l-section wpb_row height_medium full_height valign_center with_img\" id=\"kontakt\"><div class=\"l-section-img\" role=\"img\" data-img-width=\"2000\" data-img-height=\"1122\" style=\"background-image: url(https:\/\/rau.de\/wp-content\/uploads\/bg.jpg);\"><\/div><div class=\"l-section-h i-cf\"><div class=\"g-cols vc_row via_flex valign_top type_default stacking_default\"><div class=\"vc_col-sm-12 wpb_column vc_column_container\"><div class=\"vc_column-inner\"><div class=\"wpb_wrapper\"><div class=\"g-cols wpb_row content_top via_flex valign_top type_default stacking_default\"><div class=\"vc_col-sm-12 wpb_column vc_column_container\"><div class=\"vc_column-inner\"><div class=\"wpb_wrapper\"><h1 class=\"w-post-elm post_title entry-title color_link_inherit\">Bullerd\u00e4mpning f\u00f6r st\u00e4der, kommuner, n\u00e4ringslivet och industrier<\/h1><\/div><\/div><\/div><\/div><div class=\"g-cols wpb_row us_custom_4fb9e5a3 content_text via_flex valign_top type_default stacking_default\"><div class=\"vc_col-sm-12 wpb_column vc_column_container\"><div class=\"vc_column-inner\"><div class=\"wpb_wrapper\"><div class=\"wpb_text_column\"><div class=\"wpb_wrapper\"><p><span lang=\"SV\">Omr\u00e5den med nya byggnader uppf\u00f6rs allt n\u00e4rmare befintliga bullerk\u00e4llor. Med hj\u00e4lp av bullerd\u00e4mpande v\u00e4ggar kan man reducera bullret i avsev\u00e4rd utstr\u00e4ckning. I vissa omr\u00e5den med nyuppf\u00f6rda byggnader r\u00e4cker det med att fylla bullerd\u00e4mpande murar med befintlig jord. F\u00f6r omr\u00e5den med tillr\u00e4ckligt mycket uppst\u00e4llningsyta \u00e4r det l\u00e4mpligt att uppf\u00f6ra en brant mur som en mycket b\u00e4rkraftig v\u00e4gg utan djup f\u00f6rankring. I stadsomr\u00e5den beh\u00f6ver man d\u00e4remot anv\u00e4nda sig av smala system med djup f\u00f6rankring. Alla system fr\u00e5n Rau.de kan t\u00e4ckas med gr\u00f6na v\u00e4xter. Genom att t\u00e4cka med gr\u00f6na v\u00e4xter f\u00e5r man \u00e5 ena sidan ekologiska f\u00f6rdelar, men \u00e4ven sk\u00f6tseln underl\u00e4ttas samtidigt som man f\u00e5r ner kostnaderna. P\u00e5 omr\u00e5det bullerd\u00e4mpande v\u00e4ggar finns det flera alternativ. Exempelvis finns det olika v\u00e4gg- och murtyper liksom olika material som g\u00e5r att kombinera utifr\u00e5n enskilda \u00f6nskem\u00e5l.<\/span><\/p>\n<\/div><\/div><\/div><\/div><\/div><\/div><div class=\"g-cols wpb_row us_custom_4fb9e5a3 content_text via_flex valign_top type_default stacking_default\"><div class=\"vc_col-sm-4 wpb_column vc_column_container\"><div class=\"vc_column-inner\"><div class=\"wpb_wrapper\"><div class=\"w-image align_none\"><div class=\"w-image-h\"><img loading=\"lazy\" decoding=\"async\" width=\"600\" height=\"400\" src=\"https:\/\/rau.de\/wp-content\/uploads\/oekologische_laermschutzwand_rau_r3_frankfurt_am_main.jpg\" class=\"attachment-large size-large\" alt=\"Begr\u00fcnte L\" srcset=\"https:\/\/rau.de\/wp-content\/uploads\/oekologische_laermschutzwand_rau_r3_frankfurt_am_main.jpg 600w, https:\/\/rau.de\/wp-content\/uploads\/oekologische_laermschutzwand_rau_r3_frankfurt_am_main-300x200.jpg 300w\" sizes=\"auto, (max-width: 600px) 100vw, 600px\" \/><\/div><\/div><div class=\"w-separator size_medium\"><\/div><div class=\"w-btn-wrapper align_none\"><a class=\"w-btn us-btn-style_1\" title=\"Produkte\" href=\"https:\/\/rau.de\/sv\/produkter\/\"><span class=\"w-btn-label\">Till produkten<\/span><\/a><\/div><\/div><\/div><\/div><div class=\"vc_col-sm-4 wpb_column vc_column_container\"><div class=\"vc_column-inner\"><div class=\"wpb_wrapper\"><div class=\"w-image align_none\"><div class=\"w-image-h\"><img loading=\"lazy\" decoding=\"async\" width=\"600\" height=\"400\" src=\"https:\/\/rau.de\/wp-content\/uploads\/steinfurt-oekologische-laermschutzwand.jpg\" class=\"attachment-large size-large\" alt=\"Begr\u00fcnte L\u00e4rmschutzwand an einem Wohngebiet in Steinfurt\" srcset=\"https:\/\/rau.de\/wp-content\/uploads\/steinfurt-oekologische-laermschutzwand.jpg 600w, https:\/\/rau.de\/wp-content\/uploads\/steinfurt-oekologische-laermschutzwand-300x200.jpg 300w\" sizes=\"auto, (max-width: 600px) 100vw, 600px\" \/><\/div><\/div><\/div><\/div><\/div><div class=\"vc_col-sm-4 wpb_column vc_column_container\"><div class=\"vc_column-inner\"><div class=\"wpb_wrapper\"><div class=\"w-image align_none\"><div class=\"w-image-h\"><img loading=\"lazy\" decoding=\"async\" width=\"1024\" height=\"683\" src=\"https:\/\/rau.de\/wp-content\/uploads\/oldenburg2-1-1024x683.jpg\" class=\"attachment-large size-large\" alt=\"\u00d6kologischer L\u00e4rmschutz f\u00fcr St\u00e4dte und Kommunen - RAU\" srcset=\"https:\/\/rau.de\/wp-content\/uploads\/oldenburg2-1.jpg 1024w, https:\/\/rau.de\/wp-content\/uploads\/oldenburg2-1-300x200.jpg 300w\" sizes=\"auto, (max-width: 1024px) 100vw, 1024px\" \/><\/div><\/div><\/div><\/div><\/div><\/div><\/div><\/div><\/div><\/div><\/div><\/section>\n","protected":false},"excerpt":{"rendered":"Bullerd\u00e4mpning f\u00f6r st\u00e4der, kommuner, n\u00e4ringslivet och industrierOmr\u00e5den med nya byggnader uppf\u00f6rs allt n\u00e4rmare befintliga bullerk\u00e4llor. Med hj\u00e4lp av bullerd\u00e4mpande v\u00e4ggar kan man reducera bullret i avsev\u00e4rd utstr\u00e4ckning. I vissa omr\u00e5den med nyuppf\u00f6rda byggnader r\u00e4cker det med att fylla bullerd\u00e4mpande murar med befintlig jord. F\u00f6r omr\u00e5den med tillr\u00e4ckligt mycket uppst\u00e4llningsyta \u00e4r det l\u00e4mpligt att uppf\u00f6ra en...","protected":false},"author":2,"featured_media":20424,"parent":0,"menu_order":0,"comment_status":"closed","ping_status":"closed","template":"","meta":{"footnotes":""},"class_list":["post-9601","page","type-page","status-publish","has-post-thumbnail","hentry"],"yoast_head":"<!-- This site is optimized with the Yoast SEO plugin v27.4 - https:\/\/yoast.com\/product\/yoast-seo-wordpress\/ -->\n<title>Bullerd\u00e4mpning f\u00f6r st\u00e4der, kommuner, n\u00e4ringslivet och industrier \ud83c\udfd9<\/title>\n<meta name=\"description\" content=\"Bullerd\u00e4mpning f\u00f6r st\u00e4der, kommuner och industrier \ud83c\udf33 Omr\u00e5den med nya byggnader uppf\u00f6rs allt n\u00e4rmare befintliga bullerk\u00e4llor. \ud83c\udfc6\" \/>\n<meta name=\"robots\" content=\"index, follow, max-snippet:-1, max-image-preview:large, max-video-preview:-1\" \/>\n<link rel=\"canonical\" href=\"https:\/\/rau.de\/sv\/bullerdaempning-foer-staeder-kommuner-naeringslivet-och-industrier\/\" \/>\n<meta property=\"og:locale\" content=\"sv_SE\" \/>\n<meta property=\"og:type\" content=\"article\" \/>\n<meta property=\"og:title\" content=\"Bullerd\u00e4mpning f\u00f6r st\u00e4der, kommuner, n\u00e4ringslivet och industrier \ud83c\udfd9\" \/>\n<meta property=\"og:description\" content=\"Bullerd\u00e4mpning f\u00f6r st\u00e4der, kommuner och industrier \ud83c\udf33 Omr\u00e5den med nya byggnader uppf\u00f6rs allt n\u00e4rmare befintliga bullerk\u00e4llor. \ud83c\udfc6\" \/>\n<meta property=\"og:url\" content=\"https:\/\/rau.de\/sv\/bullerdaempning-foer-staeder-kommuner-naeringslivet-och-industrier\/\" \/>\n<meta property=\"og:site_name\" content=\"Rau | L\u00e4rmschutzw\u00e4nde\" \/>\n<meta property=\"article:modified_time\" content=\"2021-09-09T10:14:57+00:00\" \/>\n<meta property=\"og:image\" content=\"https:\/\/rau.de\/wp-content\/uploads\/R3Gruen16.jpg\" \/>\n\t<meta property=\"og:image:width\" content=\"1024\" \/>\n\t<meta property=\"og:image:height\" content=\"534\" \/>\n\t<meta property=\"og:image:type\" content=\"image\/jpeg\" \/>\n<meta name=\"twitter:card\" content=\"summary_large_image\" \/>\n<meta name=\"twitter:label1\" content=\"Ber\u00e4knad l\u00e4stid\" \/>\n\t<meta name=\"twitter:data1\" content=\"2 minuter\" \/>\n<script type=\"application\/ld+json\" class=\"yoast-schema-graph\">{\"@context\":\"https:\\\/\\\/schema.org\",\"@graph\":[{\"@type\":\"WebPage\",\"@id\":\"https:\\\/\\\/rau.de\\\/sv\\\/bullerdaempning-foer-staeder-kommuner-naeringslivet-och-industrier\\\/\",\"url\":\"https:\\\/\\\/rau.de\\\/sv\\\/bullerdaempning-foer-staeder-kommuner-naeringslivet-och-industrier\\\/\",\"name\":\"Bullerd\u00e4mpning f\u00f6r st\u00e4der, kommuner, n\u00e4ringslivet och industrier \ud83c\udfd9\",\"isPartOf\":{\"@id\":\"https:\\\/\\\/rau.de\\\/sv\\\/#website\"},\"primaryImageOfPage\":{\"@id\":\"https:\\\/\\\/rau.de\\\/sv\\\/bullerdaempning-foer-staeder-kommuner-naeringslivet-och-industrier\\\/#primaryimage\"},\"image\":{\"@id\":\"https:\\\/\\\/rau.de\\\/sv\\\/bullerdaempning-foer-staeder-kommuner-naeringslivet-och-industrier\\\/#primaryimage\"},\"thumbnailUrl\":\"https:\\\/\\\/rau.de\\\/wp-content\\\/uploads\\\/R3Gruen16.jpg\",\"datePublished\":\"2020-08-25T14:37:00+00:00\",\"dateModified\":\"2021-09-09T10:14:57+00:00\",\"description\":\"Bullerd\u00e4mpning f\u00f6r st\u00e4der, kommuner och industrier \ud83c\udf33 Omr\u00e5den med nya byggnader uppf\u00f6rs allt n\u00e4rmare befintliga bullerk\u00e4llor. \ud83c\udfc6\",\"breadcrumb\":{\"@id\":\"https:\\\/\\\/rau.de\\\/sv\\\/bullerdaempning-foer-staeder-kommuner-naeringslivet-och-industrier\\\/#breadcrumb\"},\"inLanguage\":\"sv-SE\",\"potentialAction\":[{\"@type\":\"ReadAction\",\"target\":[\"https:\\\/\\\/rau.de\\\/sv\\\/bullerdaempning-foer-staeder-kommuner-naeringslivet-och-industrier\\\/\"]}]},{\"@type\":\"ImageObject\",\"inLanguage\":\"sv-SE\",\"@id\":\"https:\\\/\\\/rau.de\\\/sv\\\/bullerdaempning-foer-staeder-kommuner-naeringslivet-och-industrier\\\/#primaryimage\",\"url\":\"https:\\\/\\\/rau.de\\\/wp-content\\\/uploads\\\/R3Gruen16.jpg\",\"contentUrl\":\"https:\\\/\\\/rau.de\\\/wp-content\\\/uploads\\\/R3Gruen16.jpg\",\"width\":1024,\"height\":534,\"caption\":\"Green noise protection wall along the road\"},{\"@type\":\"BreadcrumbList\",\"@id\":\"https:\\\/\\\/rau.de\\\/sv\\\/bullerdaempning-foer-staeder-kommuner-naeringslivet-och-industrier\\\/#breadcrumb\",\"itemListElement\":[{\"@type\":\"ListItem\",\"position\":1,\"name\":\"Startseite\",\"item\":\"https:\\\/\\\/rau.de\\\/sv\\\/\"},{\"@type\":\"ListItem\",\"position\":2,\"name\":\"Bullerd\u00e4mpning f\u00f6r st\u00e4der, kommuner, n\u00e4ringslivet och industrier\"}]},{\"@type\":\"WebSite\",\"@id\":\"https:\\\/\\\/rau.de\\\/sv\\\/#website\",\"url\":\"https:\\\/\\\/rau.de\\\/sv\\\/\",\"name\":\"Rau | L\u00e4rmschutzw\u00e4nde\",\"description\":\"Entwicklung und Umsetzung von L\u00e4rmschutzwand und Schallschutzwand\",\"publisher\":{\"@id\":\"https:\\\/\\\/rau.de\\\/sv\\\/#organization\"},\"potentialAction\":[{\"@type\":\"SearchAction\",\"target\":{\"@type\":\"EntryPoint\",\"urlTemplate\":\"https:\\\/\\\/rau.de\\\/sv\\\/?s={search_term_string}\"},\"query-input\":{\"@type\":\"PropertyValueSpecification\",\"valueRequired\":true,\"valueName\":\"search_term_string\"}}],\"inLanguage\":\"sv-SE\"},{\"@type\":\"Organization\",\"@id\":\"https:\\\/\\\/rau.de\\\/sv\\\/#organization\",\"name\":\"RAU L\u00e4rmschutzw\u00e4nde \u2013 Geosystem GBK GmbH\",\"url\":\"https:\\\/\\\/rau.de\\\/sv\\\/\",\"logo\":{\"@type\":\"ImageObject\",\"inLanguage\":\"sv-SE\",\"@id\":\"https:\\\/\\\/rau.de\\\/sv\\\/#\\\/schema\\\/logo\\\/image\\\/\",\"url\":\"https:\\\/\\\/rau.de\\\/wp-content\\\/uploads\\\/web_logo.png\",\"contentUrl\":\"https:\\\/\\\/rau.de\\\/wp-content\\\/uploads\\\/web_logo.png\",\"width\":249,\"height\":127,\"caption\":\"RAU L\u00e4rmschutzw\u00e4nde \u2013 Geosystem GBK GmbH\"},\"image\":{\"@id\":\"https:\\\/\\\/rau.de\\\/sv\\\/#\\\/schema\\\/logo\\\/image\\\/\"}}]}<\/script>\n<!-- \/ Yoast SEO plugin. -->","yoast_head_json":{"title":"Bullerd\u00e4mpning f\u00f6r st\u00e4der, kommuner, n\u00e4ringslivet och industrier \ud83c\udfd9","description":"Bullerd\u00e4mpning f\u00f6r st\u00e4der, kommuner och industrier \ud83c\udf33 Omr\u00e5den med nya byggnader uppf\u00f6rs allt n\u00e4rmare befintliga bullerk\u00e4llor. \ud83c\udfc6","robots":{"index":"index","follow":"follow","max-snippet":"max-snippet:-1","max-image-preview":"max-image-preview:large","max-video-preview":"max-video-preview:-1"},"canonical":"https:\/\/rau.de\/sv\/bullerdaempning-foer-staeder-kommuner-naeringslivet-och-industrier\/","og_locale":"sv_SE","og_type":"article","og_title":"Bullerd\u00e4mpning f\u00f6r st\u00e4der, kommuner, n\u00e4ringslivet och industrier \ud83c\udfd9","og_description":"Bullerd\u00e4mpning f\u00f6r st\u00e4der, kommuner och industrier \ud83c\udf33 Omr\u00e5den med nya byggnader uppf\u00f6rs allt n\u00e4rmare befintliga bullerk\u00e4llor. \ud83c\udfc6","og_url":"https:\/\/rau.de\/sv\/bullerdaempning-foer-staeder-kommuner-naeringslivet-och-industrier\/","og_site_name":"Rau | L\u00e4rmschutzw\u00e4nde","article_modified_time":"2021-09-09T10:14:57+00:00","og_image":[{"width":1024,"height":534,"url":"https:\/\/rau.de\/wp-content\/uploads\/R3Gruen16.jpg","type":"image\/jpeg"}],"twitter_card":"summary_large_image","twitter_misc":{"Ber\u00e4knad l\u00e4stid":"2 minuter"},"schema":{"@context":"https:\/\/schema.org","@graph":[{"@type":"WebPage","@id":"https:\/\/rau.de\/sv\/bullerdaempning-foer-staeder-kommuner-naeringslivet-och-industrier\/","url":"https:\/\/rau.de\/sv\/bullerdaempning-foer-staeder-kommuner-naeringslivet-och-industrier\/","name":"Bullerd\u00e4mpning f\u00f6r st\u00e4der, kommuner, n\u00e4ringslivet och industrier \ud83c\udfd9","isPartOf":{"@id":"https:\/\/rau.de\/sv\/#website"},"primaryImageOfPage":{"@id":"https:\/\/rau.de\/sv\/bullerdaempning-foer-staeder-kommuner-naeringslivet-och-industrier\/#primaryimage"},"image":{"@id":"https:\/\/rau.de\/sv\/bullerdaempning-foer-staeder-kommuner-naeringslivet-och-industrier\/#primaryimage"},"thumbnailUrl":"https:\/\/rau.de\/wp-content\/uploads\/R3Gruen16.jpg","datePublished":"2020-08-25T14:37:00+00:00","dateModified":"2021-09-09T10:14:57+00:00","description":"Bullerd\u00e4mpning f\u00f6r st\u00e4der, kommuner och industrier \ud83c\udf33 Omr\u00e5den med nya byggnader uppf\u00f6rs allt n\u00e4rmare befintliga bullerk\u00e4llor. \ud83c\udfc6","breadcrumb":{"@id":"https:\/\/rau.de\/sv\/bullerdaempning-foer-staeder-kommuner-naeringslivet-och-industrier\/#breadcrumb"},"inLanguage":"sv-SE","potentialAction":[{"@type":"ReadAction","target":["https:\/\/rau.de\/sv\/bullerdaempning-foer-staeder-kommuner-naeringslivet-och-industrier\/"]}]},{"@type":"ImageObject","inLanguage":"sv-SE","@id":"https:\/\/rau.de\/sv\/bullerdaempning-foer-staeder-kommuner-naeringslivet-och-industrier\/#primaryimage","url":"https:\/\/rau.de\/wp-content\/uploads\/R3Gruen16.jpg","contentUrl":"https:\/\/rau.de\/wp-content\/uploads\/R3Gruen16.jpg","width":1024,"height":534,"caption":"Green noise protection wall along the road"},{"@type":"BreadcrumbList","@id":"https:\/\/rau.de\/sv\/bullerdaempning-foer-staeder-kommuner-naeringslivet-och-industrier\/#breadcrumb","itemListElement":[{"@type":"ListItem","position":1,"name":"Startseite","item":"https:\/\/rau.de\/sv\/"},{"@type":"ListItem","position":2,"name":"Bullerd\u00e4mpning f\u00f6r st\u00e4der, kommuner, n\u00e4ringslivet och industrier"}]},{"@type":"WebSite","@id":"https:\/\/rau.de\/sv\/#website","url":"https:\/\/rau.de\/sv\/","name":"Rau | L\u00e4rmschutzw\u00e4nde","description":"Entwicklung und Umsetzung von L\u00e4rmschutzwand und Schallschutzwand","publisher":{"@id":"https:\/\/rau.de\/sv\/#organization"},"potentialAction":[{"@type":"SearchAction","target":{"@type":"EntryPoint","urlTemplate":"https:\/\/rau.de\/sv\/?s={search_term_string}"},"query-input":{"@type":"PropertyValueSpecification","valueRequired":true,"valueName":"search_term_string"}}],"inLanguage":"sv-SE"},{"@type":"Organization","@id":"https:\/\/rau.de\/sv\/#organization","name":"RAU L\u00e4rmschutzw\u00e4nde \u2013 Geosystem GBK GmbH","url":"https:\/\/rau.de\/sv\/","logo":{"@type":"ImageObject","inLanguage":"sv-SE","@id":"https:\/\/rau.de\/sv\/#\/schema\/logo\/image\/","url":"https:\/\/rau.de\/wp-content\/uploads\/web_logo.png","contentUrl":"https:\/\/rau.de\/wp-content\/uploads\/web_logo.png","width":249,"height":127,"caption":"RAU L\u00e4rmschutzw\u00e4nde \u2013 Geosystem GBK GmbH"},"image":{"@id":"https:\/\/rau.de\/sv\/#\/schema\/logo\/image\/"}}]}},"_links":{"self":[{"href":"https:\/\/rau.de\/sv\/wp-json\/wp\/v2\/pages\/9601","targetHints":{"allow":["GET"]}}],"collection":[{"href":"https:\/\/rau.de\/sv\/wp-json\/wp\/v2\/pages"}],"about":[{"href":"https:\/\/rau.de\/sv\/wp-json\/wp\/v2\/types\/page"}],"author":[{"embeddable":true,"href":"https:\/\/rau.de\/sv\/wp-json\/wp\/v2\/users\/2"}],"replies":[{"embeddable":true,"href":"https:\/\/rau.de\/sv\/wp-json\/wp\/v2\/comments?post=9601"}],"version-history":[{"count":1,"href":"https:\/\/rau.de\/sv\/wp-json\/wp\/v2\/pages\/9601\/revisions"}],"predecessor-version":[{"id":9602,"href":"https:\/\/rau.de\/sv\/wp-json\/wp\/v2\/pages\/9601\/revisions\/9602"}],"wp:featuredmedia":[{"embeddable":true,"href":"https:\/\/rau.de\/sv\/wp-json\/wp\/v2\/media\/20424"}],"wp:attachment":[{"href":"https:\/\/rau.de\/sv\/wp-json\/wp\/v2\/media?parent=9601"}],"curies":[{"name":"wp","href":"https:\/\/api.w.org\/{rel}","templated":true}]}}