{"id":736,"date":"2019-08-01T19:20:27","date_gmt":"2019-08-01T17:20:27","guid":{"rendered":"http:\/\/rau.kundendemo.com\/?page_id=736"},"modified":"2020-06-02T12:51:04","modified_gmt":"2020-06-02T10:51:04","slug":"tjaenster","status":"publish","type":"page","link":"https:\/\/rau.de\/sv\/tjaenster\/","title":{"rendered":"Tj\u00e4nster"},"content":{"rendered":"<section class=\"l-section wpb_row height_medium full_height valign_center with_img\" id=\"kontakt\"><div class=\"l-section-img\" role=\"img\" data-img-width=\"2000\" data-img-height=\"1122\" style=\"background-image: url(https:\/\/rau.de\/wp-content\/uploads\/bg.jpg);\"><\/div><div class=\"l-section-h i-cf\"><div class=\"g-cols vc_row via_flex valign_top type_default stacking_default\"><div class=\"vc_col-sm-12 wpb_column vc_column_container\"><div class=\"vc_column-inner\"><div class=\"wpb_wrapper\"><div class=\"g-cols wpb_row content_top via_flex valign_top type_default stacking_default\"><div class=\"vc_col-sm-12 wpb_column vc_column_container\"><div class=\"vc_column-inner\"><div class=\"wpb_wrapper\"><h1 class=\"w-post-elm post_title entry-title color_link_inherit\">Tj\u00e4nster<\/h1><\/div><\/div><\/div><\/div><div class=\"g-cols wpb_row us_custom_4fb9e5a3 content_text via_flex valign_top type_default stacking_default\"><div class=\"vc_col-sm-8 wpb_column vc_column_container\"><div class=\"vc_column-inner\"><div class=\"wpb_wrapper\"><div class=\"wpb_text_column mb-30\"><div class=\"wpb_wrapper\"><h2>R\u00e5dgivning<\/h2>\n<p>Vill du ha det tystare? Renare? Effektivare? Gr\u00f6nare? RAU:s medarbetarna och ingenj\u00f6rskonsulter lyssnar, tittar, analyserar och ger dig omfattande och kompetenta r\u00e5d. De reder ut alla fr\u00e5gor med er och hittar r\u00e4tt l\u00f6sning f\u00f6r dina krav och din milj\u00f6. N\u00e4r det g\u00e4ller bullerskydd \u00e4r allt m\u00f6jligt med RAU. Det \u00e4r bara att komma till oss.<\/p>\n<h2>Kundtj\u00e4nst<\/h2>\n<p>Det lilla sk\u00f6tsel- och underh\u00e5llsarbete som kr\u00e4vs sk\u00f6ter en eller flera av v\u00e5ra servicegrupper, som omedelbart g\u00f6r vad som kr\u00e4vs f\u00f6r att din anl\u00e4ggning ska fungera s\u00e5 bra som m\u00f6jligt.<\/p>\n<h2>Planering<\/h2>\n<p>Nu handlar det om detaljer: Hur ser det ut med platsbehov, plankstr\u00e4ckning och plankh\u00f6jd? Hur st\u00e4ller ni er till utf\u00f6randeplaner, projekttexter och bullerskyddsomd\u00f6men? Vilka v\u00e4xter passar b\u00e4st och hur ska de sk\u00f6tas? Vi tar hand om all planering, hj\u00e4lper dig med v\u00e5rt kunnande och garanterar p\u00e5 s\u00e5 s\u00e4tt ett helt friktionsfritt bygge.<\/p>\n<h2>Planktillverkning<\/h2>\n<p>Ni v\u00e4ljer: Vill ni att vi bygger ert bullerplank helt och h\u00e5llet komplett och st\u00e5r f\u00f6r underh\u00e5llet? Vi kan ocks\u00e5 leverera en byggsats. D\u00e5 bygger en firma p\u00e5 orten, eller ni sj\u00e4lva, planket. Ber\u00e4tta f\u00f6r oss om era \u00f6nskningar och m\u00f6jligheter, s\u00e5 hittar vi r\u00e4tt l\u00f6sning f\u00f6r er.<\/p>\n<\/div><\/div><\/div><\/div><\/div><div class=\"vc_col-sm-4 wpb_column vc_column_container\"><div class=\"vc_column-inner\"><div class=\"wpb_wrapper\">[vc_widget_sidebar sidebar_id=&#8221;us_widget_area_kontakt&#8221; el_class=&#8221;side_contact&#8221;]<\/div><\/div><\/div><\/div><\/div><\/div><\/div><\/div><\/div><\/section>\n","protected":false},"excerpt":{"rendered":"Tj\u00e4nsterR\u00e5dgivning Vill du ha det tystare? Renare? Effektivare? Gr\u00f6nare? RAU:s medarbetarna och ingenj\u00f6rskonsulter lyssnar, tittar, analyserar och ger dig omfattande och kompetenta r\u00e5d. De reder ut alla fr\u00e5gor med er och hittar r\u00e4tt l\u00f6sning f\u00f6r dina krav och din milj\u00f6. N\u00e4r det g\u00e4ller bullerskydd \u00e4r allt m\u00f6jligt med RAU. Det \u00e4r bara att komma till...","protected":false},"author":1,"featured_media":0,"parent":0,"menu_order":0,"comment_status":"closed","ping_status":"closed","template":"","meta":{"footnotes":""},"class_list":["post-736","page","type-page","status-publish","hentry"],"yoast_head":"<!-- This site is optimized with the Yoast SEO plugin v23.6 - https:\/\/yoast.com\/wordpress\/plugins\/seo\/ -->\n<title>Tj\u00e4nster | L\u00e4rmschutzwand und Schallschutzwand !<\/title>\n<meta name=\"description\" content=\"Tj\u00e4nster | Entwicklung und Umsetzung von L\u00e4rmschutzwand und Schallschutzwandan Stra\u00dfen, Bahnstrecken und f\u00fcr St\u00e4dte und Industrie | rau.de\" \/>\n<meta name=\"robots\" content=\"index, follow, max-snippet:-1, max-image-preview:large, max-video-preview:-1\" \/>\n<link rel=\"canonical\" href=\"https:\/\/rau.de\/sv\/tjaenster\/\" \/>\n<meta property=\"og:locale\" content=\"sv_SE\" \/>\n<meta property=\"og:type\" content=\"article\" \/>\n<meta property=\"og:title\" content=\"Tj\u00e4nster | L\u00e4rmschutzwand und Schallschutzwand !\" \/>\n<meta property=\"og:description\" content=\"Tj\u00e4nster | Entwicklung und Umsetzung von L\u00e4rmschutzwand und Schallschutzwandan Stra\u00dfen, Bahnstrecken und f\u00fcr St\u00e4dte und Industrie | rau.de\" \/>\n<meta property=\"og:url\" content=\"https:\/\/rau.de\/sv\/tjaenster\/\" \/>\n<meta property=\"og:site_name\" content=\"Rau | L\u00e4rmschutzw\u00e4nde\" \/>\n<meta property=\"article:modified_time\" content=\"2020-06-02T10:51:04+00:00\" \/>\n<meta property=\"og:image\" content=\"https:\/\/rau.de\/wp-content\/uploads\/rau.de-begruente-laermschutzwand-2015-08-23-sonderteile-2.jpg\" \/>\n\t<meta property=\"og:image:width\" content=\"1920\" \/>\n\t<meta property=\"og:image:height\" content=\"1146\" \/>\n\t<meta property=\"og:image:type\" content=\"image\/jpeg\" \/>\n<meta name=\"twitter:card\" content=\"summary_large_image\" \/>\n<meta name=\"twitter:label1\" content=\"Ber\u00e4knad l\u00e4stid\" \/>\n\t<meta name=\"twitter:data1\" content=\"2 minuter\" \/>\n<script type=\"application\/ld+json\" class=\"yoast-schema-graph\">{\"@context\":\"https:\/\/schema.org\",\"@graph\":[{\"@type\":\"WebPage\",\"@id\":\"https:\/\/rau.de\/sv\/tjaenster\/\",\"url\":\"https:\/\/rau.de\/sv\/tjaenster\/\",\"name\":\"Tj\u00e4nster | L\u00e4rmschutzwand und Schallschutzwand !\",\"isPartOf\":{\"@id\":\"https:\/\/rau.de\/sv\/#website\"},\"datePublished\":\"2019-08-01T17:20:27+00:00\",\"dateModified\":\"2020-06-02T10:51:04+00:00\",\"description\":\"Tj\u00e4nster | Entwicklung und Umsetzung von L\u00e4rmschutzwand und Schallschutzwandan Stra\u00dfen, Bahnstrecken und f\u00fcr St\u00e4dte und Industrie | rau.de\",\"breadcrumb\":{\"@id\":\"https:\/\/rau.de\/sv\/tjaenster\/#breadcrumb\"},\"inLanguage\":\"sv-SE\",\"potentialAction\":[{\"@type\":\"ReadAction\",\"target\":[\"https:\/\/rau.de\/sv\/tjaenster\/\"]}]},{\"@type\":\"BreadcrumbList\",\"@id\":\"https:\/\/rau.de\/sv\/tjaenster\/#breadcrumb\",\"itemListElement\":[{\"@type\":\"ListItem\",\"position\":1,\"name\":\"Startseite\",\"item\":\"https:\/\/rau.de\/sv\/\"},{\"@type\":\"ListItem\",\"position\":2,\"name\":\"Tj\u00e4nster\"}]},{\"@type\":\"WebSite\",\"@id\":\"https:\/\/rau.de\/sv\/#website\",\"url\":\"https:\/\/rau.de\/sv\/\",\"name\":\"Rau | L\u00e4rmschutzw\u00e4nde\",\"description\":\"Entwicklung und Umsetzung von L\u00e4rmschutzwand und Schallschutzwand\",\"publisher\":{\"@id\":\"https:\/\/rau.de\/sv\/#organization\"},\"potentialAction\":[{\"@type\":\"SearchAction\",\"target\":{\"@type\":\"EntryPoint\",\"urlTemplate\":\"https:\/\/rau.de\/sv\/?s={search_term_string}\"},\"query-input\":{\"@type\":\"PropertyValueSpecification\",\"valueRequired\":true,\"valueName\":\"search_term_string\"}}],\"inLanguage\":\"sv-SE\"},{\"@type\":\"Organization\",\"@id\":\"https:\/\/rau.de\/sv\/#organization\",\"name\":\"RAU L\u00e4rmschutzw\u00e4nde \u2013 Geosystem GBK GmbH\",\"url\":\"https:\/\/rau.de\/sv\/\",\"logo\":{\"@type\":\"ImageObject\",\"inLanguage\":\"sv-SE\",\"@id\":\"https:\/\/rau.de\/sv\/#\/schema\/logo\/image\/\",\"url\":\"https:\/\/rau.de\/wp-content\/uploads\/web_logo.png\",\"contentUrl\":\"https:\/\/rau.de\/wp-content\/uploads\/web_logo.png\",\"width\":249,\"height\":127,\"caption\":\"RAU L\u00e4rmschutzw\u00e4nde \u2013 Geosystem GBK GmbH\"},\"image\":{\"@id\":\"https:\/\/rau.de\/sv\/#\/schema\/logo\/image\/\"}}]}<\/script>\n<!-- \/ Yoast SEO plugin. -->","yoast_head_json":{"title":"Tj\u00e4nster | L\u00e4rmschutzwand und Schallschutzwand !","description":"Tj\u00e4nster | Entwicklung und Umsetzung von L\u00e4rmschutzwand und Schallschutzwandan Stra\u00dfen, Bahnstrecken und f\u00fcr St\u00e4dte und Industrie | rau.de","robots":{"index":"index","follow":"follow","max-snippet":"max-snippet:-1","max-image-preview":"max-image-preview:large","max-video-preview":"max-video-preview:-1"},"canonical":"https:\/\/rau.de\/sv\/tjaenster\/","og_locale":"sv_SE","og_type":"article","og_title":"Tj\u00e4nster | L\u00e4rmschutzwand und Schallschutzwand !","og_description":"Tj\u00e4nster | Entwicklung und Umsetzung von L\u00e4rmschutzwand und Schallschutzwandan Stra\u00dfen, Bahnstrecken und f\u00fcr St\u00e4dte und Industrie | rau.de","og_url":"https:\/\/rau.de\/sv\/tjaenster\/","og_site_name":"Rau | L\u00e4rmschutzw\u00e4nde","article_modified_time":"2020-06-02T10:51:04+00:00","og_image":[{"width":1920,"height":1146,"url":"https:\/\/rau.de\/wp-content\/uploads\/rau.de-begruente-laermschutzwand-2015-08-23-sonderteile-2.jpg","type":"image\/jpeg"}],"twitter_card":"summary_large_image","twitter_misc":{"Ber\u00e4knad l\u00e4stid":"2 minuter"},"schema":{"@context":"https:\/\/schema.org","@graph":[{"@type":"WebPage","@id":"https:\/\/rau.de\/sv\/tjaenster\/","url":"https:\/\/rau.de\/sv\/tjaenster\/","name":"Tj\u00e4nster | L\u00e4rmschutzwand und Schallschutzwand !","isPartOf":{"@id":"https:\/\/rau.de\/sv\/#website"},"datePublished":"2019-08-01T17:20:27+00:00","dateModified":"2020-06-02T10:51:04+00:00","description":"Tj\u00e4nster | Entwicklung und Umsetzung von L\u00e4rmschutzwand und Schallschutzwandan Stra\u00dfen, Bahnstrecken und f\u00fcr St\u00e4dte und Industrie | rau.de","breadcrumb":{"@id":"https:\/\/rau.de\/sv\/tjaenster\/#breadcrumb"},"inLanguage":"sv-SE","potentialAction":[{"@type":"ReadAction","target":["https:\/\/rau.de\/sv\/tjaenster\/"]}]},{"@type":"BreadcrumbList","@id":"https:\/\/rau.de\/sv\/tjaenster\/#breadcrumb","itemListElement":[{"@type":"ListItem","position":1,"name":"Startseite","item":"https:\/\/rau.de\/sv\/"},{"@type":"ListItem","position":2,"name":"Tj\u00e4nster"}]},{"@type":"WebSite","@id":"https:\/\/rau.de\/sv\/#website","url":"https:\/\/rau.de\/sv\/","name":"Rau | L\u00e4rmschutzw\u00e4nde","description":"Entwicklung und Umsetzung von L\u00e4rmschutzwand und Schallschutzwand","publisher":{"@id":"https:\/\/rau.de\/sv\/#organization"},"potentialAction":[{"@type":"SearchAction","target":{"@type":"EntryPoint","urlTemplate":"https:\/\/rau.de\/sv\/?s={search_term_string}"},"query-input":{"@type":"PropertyValueSpecification","valueRequired":true,"valueName":"search_term_string"}}],"inLanguage":"sv-SE"},{"@type":"Organization","@id":"https:\/\/rau.de\/sv\/#organization","name":"RAU L\u00e4rmschutzw\u00e4nde \u2013 Geosystem GBK GmbH","url":"https:\/\/rau.de\/sv\/","logo":{"@type":"ImageObject","inLanguage":"sv-SE","@id":"https:\/\/rau.de\/sv\/#\/schema\/logo\/image\/","url":"https:\/\/rau.de\/wp-content\/uploads\/web_logo.png","contentUrl":"https:\/\/rau.de\/wp-content\/uploads\/web_logo.png","width":249,"height":127,"caption":"RAU L\u00e4rmschutzw\u00e4nde \u2013 Geosystem GBK GmbH"},"image":{"@id":"https:\/\/rau.de\/sv\/#\/schema\/logo\/image\/"}}]}},"_links":{"self":[{"href":"https:\/\/rau.de\/sv\/wp-json\/wp\/v2\/pages\/736"}],"collection":[{"href":"https:\/\/rau.de\/sv\/wp-json\/wp\/v2\/pages"}],"about":[{"href":"https:\/\/rau.de\/sv\/wp-json\/wp\/v2\/types\/page"}],"author":[{"embeddable":true,"href":"https:\/\/rau.de\/sv\/wp-json\/wp\/v2\/users\/1"}],"replies":[{"embeddable":true,"href":"https:\/\/rau.de\/sv\/wp-json\/wp\/v2\/comments?post=736"}],"version-history":[{"count":3,"href":"https:\/\/rau.de\/sv\/wp-json\/wp\/v2\/pages\/736\/revisions"}],"predecessor-version":[{"id":5625,"href":"https:\/\/rau.de\/sv\/wp-json\/wp\/v2\/pages\/736\/revisions\/5625"}],"wp:attachment":[{"href":"https:\/\/rau.de\/sv\/wp-json\/wp\/v2\/media?parent=736"}],"curies":[{"name":"wp","href":"https:\/\/api.w.org\/{rel}","templated":true}]}}