{"id":9568,"date":"2020-08-25T15:32:01","date_gmt":"2020-08-25T13:32:01","guid":{"rendered":"https:\/\/rau.de\/?page_id=9568"},"modified":"2021-10-21T12:59:04","modified_gmt":"2021-10-21T10:59:04","slug":"protihrupne-ograje","status":"publish","type":"page","link":"https:\/\/rau.de\/sl\/protihrupne-ograje\/","title":{"rendered":"Protihrupne ograje"},"content":{"rendered":"<section class=\"l-section wpb_row height_medium full_height valign_center with_img parallax_fixed\" id=\"kontakt\"><div class=\"l-section-img\" role=\"img\" data-img-width=\"2000\" data-img-height=\"1122\" style=\"background-image: url(https:\/\/rau.de\/wp-content\/uploads\/bg.jpg);\"><\/div><div class=\"l-section-h i-cf\"><div class=\"g-cols vc_row via_flex valign_top type_default stacking_default\"><div class=\"vc_col-sm-12 wpb_column vc_column_container\"><div class=\"vc_column-inner\"><div class=\"wpb_wrapper\"><div class=\"g-cols wpb_row content_top via_flex valign_top type_default stacking_default\"><div class=\"vc_col-sm-12 wpb_column vc_column_container\"><div class=\"vc_column-inner\"><div class=\"wpb_wrapper\"><h1 class=\"w-post-elm post_title entry-title color_link_inherit\">Protihrupne ograje<\/h1><\/div><\/div><\/div><\/div><div class=\"g-cols wpb_row us_custom_4fb9e5a3 content_text via_flex valign_top type_default stacking_default\"><div class=\"vc_col-sm-12 wpb_column vc_column_container\"><div class=\"vc_column-inner\"><div class=\"wpb_wrapper\"><div class=\"wpb_text_column\"><div class=\"wpb_wrapper\"><h2>Zelene protihrupne ograje na cestah: ekolo\u0161ke, trajnostne in enostavne za nego<\/h2>\n<p>Ozelenjene protihrupne ograje imajo \u0161iroko paleto uporabe: niso samo ekolo\u0161ke in trajnostne, temve\u010d se harmoni\u010dno zlivajo v celotno pokrajino. Kadar so betonske stene gole in neprivla\u010dne, se zelene protihrupne ograje na ulicah pojavljajo kot elementi naravnega izgleda, ki \u0161\u010ditijo pred hrupom in zvokom ter se neopazno vklju\u010dujejo v okolje.<\/p>\n<p>Stanovanjska obmo\u010dja in naravne povr\u0161ine na zveznih avtocestah ali avtocestah so obi\u010dajno izpostavljena visokim nivojem hrupa. Raziskave Zvezne agencije za okolje ka\u017eejo, da se \u0161tevilni dr\u017eavljani zaradi nenehnega onesna\u017eevanja s hrupom motorjev in hrupa zaradi vo\u017enje po\u010dutijo mote\u010de in oslabljene. Protihrupne ograje na avtocestah in ve\u010djih cestah so zato pomembno sredstvo za izbolj\u0161anje kakovosti \u017eivljenja prebivalcev, pa tudi \u017eivih bitij v naravi.<\/p>\n<h2><strong>Zakaj graditi zelene protihrupne ograje podjetja RAU na cestah in avtocestah?<\/strong><\/h2>\n<p>Razli\u010dni strukturni ukrepi, kot so \u0161epetajo\u010di asfalt ali zvo\u010dno izolirani zidovi, lahko trajno zmanj\u0161ajo motnje na klju\u010dnih to\u010dkah. Zlasti zelene protihrupne ograje imajo zaradi svojih lastnosti posebne prednosti: so trajnostne in ekolo\u0161ke, saj lokalni favni ponujajo nemoteno umik in mo\u017enosti gnezdenja.<\/p>\n<p>Vsaka konstrukcija za za\u0161\u010dito pred hrupom ima individualne zahteve glede tal, tlorisa in razpolo\u017eljivega prostora. S prilagodljivim sistemom in veliko izku\u0161njami se lahko odli\u010dno odzovemo na vse okoli\u0161\u010dine in prilagodimo svoje projekte za za\u0161\u010dito pred hrupom. Na\u0161i gradbeni materiali imajo tudi za vas \u0161tevilne prednosti:<\/p>\n<p>&gt; modularni sestavni deli za izvajanje projektov poljubne velikosti v kratkem obdobju gradnje<\/p>\n<p>&gt; ekolo\u0161ka gradnja s poudarkom na trajnosti in prijaznosti do okolja<\/p>\n<p>&gt; robustna konstrukcija s trajnimi materiali<\/p>\n<p>&gt; razli\u010dni modeli, ki jih je mogo\u010de optimalno prilagoditi lokalnim razmeram<\/p>\n<p>&gt; prilagojene zelene povr\u0161ine po va\u0161ih \u017eeljah<\/p>\n<p>&gt; zajam\u010dena kakovost vseh uporabljenih materialov<\/p>\n<p>Na\u0161i in\u017eenirji si natan\u010dno ogledajo vse za va\u0161 projekt: prostor, lokacijo, potek in vi\u0161ino ograje. Dodatno vam bomo pomagali pri razpisih, na\u010drtih in poro\u010dilih o varstvu pred hrupom. Ne glede na sistem za\u0161\u010dite pred hrupom, ki ga izberete: mi smo vam na voljo z izku\u0161njami, znanjem in gradnjo brez te\u017eav.<\/p>\n<h2><strong>Kaj so zelene protihrupne ograje na cestah in avtocestah?<\/strong><\/h2>\n<p>Ozelenjene protihrupne ograje za avtoceste zdru\u017eujejo okolju prijazno gradnjo, tehni\u010dno znanje in privla\u010den dizajn. Na\u0161i arhitekti uporabljajo razli\u010dne osnovne izdelke za oblikovanje protihrupnih ograj za vsako zahtevo \u2015 vedno trajnostno in zeleno.<\/p>\n<p>Veliko hrupa se pojavlja predvsem v obliki prometnega hrupa po glavnih prometnih \u017eilah, kot so avtoceste, \u017eeleznice in pode\u017eelske ceste. Te pogosto vodijo neposredno mimo stanovanjskih obmo\u010dij ali naravnih obmo\u010dij, ki jih je vredno za\u0161\u010dititi. S sodobnimi in ekolo\u0161kimi protihrupnimi ograjami RAU je mogo\u010de zgraditi u\u010dinkovito za\u0161\u010dito pred hrupom in zvokom, ki se prilega okolju in ne ustvarja samo vizualnih u\u010dinkov z zasaditvijo.<\/p>\n<p>Vsi sistemi za za\u0161\u010dito pred hrupom podjetja RAU so 100 % ekolo\u0161ki in zaradi vegetacije zmanj\u0161ujejo trdne delce in so na obeh straneh zelo vpojni na hrup. Za oskrbo in vzdr\u017eevanje zelenih protihrupnih ograj na avtocestah ni potrebno vlo\u017eiti veliko truda. Vse zvo\u010dno izolacijske sisteme je mo\u017eno modularno, poceni ter trajnostno in enostavno kombinirati. Materiali, za\u0161\u010diteni pred UV \u017earki, zagotavljajo visoko stopnjo odpornosti proti koroziji.<\/p>\n<h2><strong>Kak\u0161ne mo\u017enosti imate za gradnjo zelene za\u0161\u010dite pred hrupom na cestah?<\/strong><\/h2>\n<p>Zahvaljujo\u010d velikemu izboru protihrupnih ograj za ceste in avtoceste razli\u010dnih \u0161irin, velikosti in z razli\u010dnimi funkcijami, vam v podjetju RAU ponujamo prilagojeno ureditev za va\u0161e potrebe in potrebe okolja.<\/p>\n<h4><a href=\"https:\/\/rau.de\/sl\/produkt\/protihrupna-ograja-rau-r3-extensiv-visina-12-metrov\/\">Vsestranska: obse\u017ena protihrupna ograja RAU R3 \u2015 enostavna, hitra za namestitev ter stabilna<\/a><\/h4>\n<p>Do dvanajst metrov visoke protihrupne ograje RAU R3 lahko postavite hitro in enostavno. Te stabilne, trapezno zo\u017eene zvo\u010dno izolirane ograje za ceste, avtoceste kot tudi \u017eeleznice so sestavljene iz trdne jeklene kletke, ki je sestavljena iz podpornega profila, navpi\u010dnih palic in zunanjih preprog. Zahvaljujo\u010d svojemu modularnemu konstrukcijskemu sistemu lahko jekleno kletko protihrupne ograje R3 med gradnjo enostavno sestavite. Zunanja stran protihrupne ograje je opremljena z mre\u017eo, na kateri lahko rastejo plezalke. Protihrupno ograjo R3 lahko napolnite z vsemi nalivnimi in stisljivimi materiali kot so pesek, gramoz ali gradbeni materiali RC.<\/p>\n<p>Podkonstrukcija je sestavljena iz preprostega sloja gramoza. Tudi njihovo postavljanje na vijugastih cestah, vi\u0161inah ali na neravnih tleh ne predstavlja nobenih te\u017eav. Odvisno od tega, koliko prostora je na voljo, lahko proti cestnemu hrupu brez dodatnih naporov (\u0161irina kro\u0161nje med 60 in 80 cm) postavimo o\u017ejo ali \u0161ir\u0161o zvo\u010dno za\u0161\u010dito.<\/p>\n<p>Ta protihrupna za\u0161\u010dita na ulicah in avtocestah je zelo vpojna, tako da se stanovanjska obmo\u010dja ali naravna obmo\u010dja za njimi nahajajo v prijetni ti\u0161ini. Tu arhitekti upo\u0161tevajo individualne zahteve okolja, pa tudi vklju\u010denost protihrupne ograje v okolje.<\/p>\n<p><em>Vse prednosti RAU R3 na enem mestu:<\/em><\/p>\n<p>&gt; ponuja najvi\u0161je vrednosti zvo\u010dne izolacije v obmo\u010dju od 55 dB do 68 dB<\/p>\n<p>&gt; najbolj\u0161a protihrupna za\u0161\u010dita pred uli\u010dnim hrupom zaradi mase najmanj 800 kg\/m2<\/p>\n<p>&gt; izjemno dolga \u017eivljenjska doba, dokazano za vse komponente<\/p>\n<p>&gt; najbolj\u0161e razmerje med ceno in uspe\u0161nostjo na trgu<\/p>\n<p>&gt; trajnostno in hkrati poceni<\/p>\n<h4><a href=\"https:\/\/rau.de\/sl\/produkt\/rau-alpin-visina-10-metrov\/\">Iz naravnega kamna: protihrupna ograja RAU Alpin za u\u010dinkovite protihrupne ograje<\/a><\/h4>\n<p>Podobno kot protihrupna ograja RAU R3 ima tudi protihrupna ograja RAU Alpin za avtoceste in ceste v notranjosti jekleno kletko. Na betonskem podstavku in z osnovno plastjo iz recikliranega materiala to zagotavlja varno stanje in trdno ogrodje z vi\u0161ino do dvanajst metrov. Monolitno pe\u0161\u010deno jedro, s katerim je napolnjen notranji jekleni okvir, zagotavlja optimalno zvo\u010dno izolacijo.<\/p>\n<p>Okoli nosilne konstrukcije teh zvo\u010dno izoliranih sten za avtoceste je postavljena jeklena kletka, ki jo lahko po \u017eelji napolnite s kamni: izbirate lahko med granitom, gramozom ali lavo kamenjem. Barva kamnov se lahko ujema z okolico, tako da se lahko protihrupna ograja skladno vklju\u010di v njeno okolico. Kot dopolnitev zasnove iz naravnega kamna lahko plezalke zrastejo na ograjo.<\/p>\n<p>Stabilna struktura in trdno pe\u0161\u010deno jedro protihrupne ograje Alpin zagotavljata optimalno zmanj\u0161anje hrupa na drugi strani. Tudi tukaj na\u0161i arhitekti usklajujejo na\u010drte za za\u0161\u010ditni zid z lokalnimi pogoji.<\/p>\n<p><em>Vse prednosti zvo\u010dne izolacijske stene RAU Alpin na enem mestu:<\/em><\/p>\n<p>&gt; dose\u017eene so najvi\u0161je vrednosti zvo\u010dne izolacije<\/p>\n<p>&gt; ozelenimo brez te\u017eav<\/p>\n<p>&gt; naravni videz gabiona iz naravnega kamna<\/p>\n<p>&gt; monolitno, popolnoma brez\u0161ivno pe\u0161\u010deno jedro<\/p>\n<p>&gt; lahko se enostavno kombinira z drugimi protihrupnimi ograjami za avtoceste in ceste<\/p>\n<h4><a href=\"https:\/\/rau.de\/sl\/produkt\/protihrupna-ograja-rau-rock-extensiv-visina-10-metrov\/\">Hitro, ozko, zeleno: protihrupna ograja RAU Rock<\/a><\/h4>\n<p>Protihrupna ograja RAU Rock je prakti\u010dna in hitro postavljena na prometnih cestah in drugih virih hrupa, da bi se v naseljih izognili hrupu motorjev in drugemu hrupu. Kjer so hi\u0161e skoraj neposredno na ve\u010djih ulicah, obi\u010dajno ni prostora za protihrupno ograjo. Zato vam ponujamo ta pragmati\u010den in ekolo\u0161ki sistem protihrupnih ograj z minimalno \u0161irino le 130 milimetrov. Posamezne elemente lahko na samo mesto postavitve pripeljete vnaprej sestavljene in postavite z malo truda s pomo\u010djo vti\u010dnega sistema. Pripraviti je treba le osnovni podstavke z globokim temeljem.<\/p>\n<p>Od zunaj je povr\u0161ino RAU Rock te\u017eko lo\u010diti od \u0161ir\u0161ih predelnih sten. Tako kot na drugih protihrupnih ograjah iz na\u0161ega portfelja lahko tudi plezalke rastejo vzdol\u017e zunanje re\u0161etke in dajejo obmo\u010djem protihrupnih ograj za ulice bujno zelenje.<\/p>\n<p>Za optimalno za\u0161\u010dito pred hrupom na\u0161i arhitekti vnaprej preverijo, ali je kombinacija z drugimi sistemi za za\u0161\u010dito pred hrupom smiselna.<\/p>\n<h4><a href=\"https:\/\/rau.de\/sl\/produkt\/ograja-s-soncno-elektrarno-rau-visina-10-metrov\/\">Inovativnost v za\u0161\u010diti pred hrupom: RAU fotovoltai\u010dna protihrupna ograja za dvojno prednost<\/a><\/h4>\n<p>Kot podjetje, ki se vedno zanima za korak naprej v smislu ekologije in dobi\u010dkonosnosti, hodimo po novi poti na podro\u010dju za\u0161\u010dite pred hrupom na cestah. Ko zdru\u017eimo zeleno za\u0161\u010dito pred hrupom in obnovljive vire energije, postane za\u0161\u010dita dvakrat bolj ekolo\u0161ka \u2015 in to ustvarja fotovoltai\u010dna protihrupna ograja RAU.<\/p>\n<p>Skupaj s partnerji iz solarne industrije smo lahko izvedli revolucionarno idejo: Zakaj ne bi uporabili obmo\u010dja protihrupnih ograj za proizvodnjo elektri\u010dne energije? Tako je na Bavarskem nastala prva zelena protihrupna ograja s fotovoltai\u010dno tehnologijo \u2015 zgradilo jo je podjetje RAU. \u017de 10 let proizvaja elektriko in kisik ter ve\u017ee droben prah in CO2.<\/p>\n<p>Tudi tu je osnovna konstrukcija preizku\u0161ena konstrukcija RAU R3, ki je spremenjena z nosilci za fotovoltai\u010dni sistem.<\/p>\n<h2><strong>Bodite pametni <\/strong><strong>\u2015<\/strong><strong> gradite s podjetjem RAU<\/strong><\/h2>\n<p>Danes ima protihrupna ograja o\u010ditno ve\u010d nalog kot samo prepre\u010devanje hrupa. Danes je treba za\u0161\u010dito pred hrupom upo\u0161tevati pri vseh gradbenih projektih \u2015 od stanovanjskih stavb do ulic. Protihrupne ograje na avtocestah ali prometnih ulicah sekajo pokrajino, omejujejo vidno polje in ustvarjajo ovire. Z zelenimi protihrupnimi ograjami je treba prednosti protihrupne ograje kombinirati z naravnim videzom. Na ta na\u010din dose\u017eemo prijeten mir v ambientu obdanim z rastlinami \u2015 100 % ekolo\u0161ko.<\/p>\n<p>Na na\u0161ih kompetencah in izku\u0161njah z zelenimi protihrupnimi ograjami avtocestah lahko gradite po vsej dr\u017eavi. Svetujemo vam, na\u010drtujemo projekt in zagotovimo u\u010dinkovito izvedbo v skladu z va\u0161imi idejami.<\/p>\n<\/div><\/div><\/div><\/div><\/div><\/div><div class=\"g-cols wpb_row us_custom_4fb9e5a3 content_text via_flex valign_top type_default stacking_default\"><div class=\"vc_col-sm-4 wpb_column vc_column_container\"><div class=\"vc_column-inner\"><div class=\"wpb_wrapper\"><div class=\"w-image align_none\"><div class=\"w-image-h\"><img loading=\"lazy\" decoding=\"async\" width=\"1024\" height=\"684\" src=\"https:\/\/rau.de\/wp-content\/uploads\/rau-rock-extensiv-entlang-einer-autobahn-1-1024x684.jpg\" class=\"attachment-large size-large\" alt=\"L\u00e4rmschutz\" srcset=\"https:\/\/rau.de\/wp-content\/uploads\/rau-rock-extensiv-entlang-einer-autobahn-1-1024x684.jpg 1024w, https:\/\/rau.de\/wp-content\/uploads\/rau-rock-extensiv-entlang-einer-autobahn-1-300x200.jpg 300w, https:\/\/rau.de\/wp-content\/uploads\/rau-rock-extensiv-entlang-einer-autobahn-1.jpg 1200w\" sizes=\"auto, (max-width: 1024px) 100vw, 1024px\" \/><\/div><\/div><div class=\"w-separator size_medium\"><\/div><div class=\"w-btn-wrapper align_none\"><a class=\"w-btn us-btn-style_1\" title=\"Produkte\" href=\"https:\/\/rau.de\/sl\/izdelki\/\"><span class=\"w-btn-label\">Vsi izdelki<\/span><\/a><\/div><\/div><\/div><\/div><div class=\"vc_col-sm-4 wpb_column vc_column_container\"><div class=\"vc_column-inner\"><div class=\"wpb_wrapper\"><div class=\"w-image align_none\"><div class=\"w-image-h\"><img loading=\"lazy\" decoding=\"async\" width=\"1024\" height=\"683\" src=\"https:\/\/rau.de\/wp-content\/uploads\/rau-rock-extensiv-entlang-einer-autobahn-2-1-1024x683.jpg\" class=\"attachment-large size-large\" alt=\"L\u00e4rmschutz vor Autobahnl\u00e4rm\" srcset=\"https:\/\/rau.de\/wp-content\/uploads\/rau-rock-extensiv-entlang-einer-autobahn-2-1-1024x683.jpg 1024w, https:\/\/rau.de\/wp-content\/uploads\/rau-rock-extensiv-entlang-einer-autobahn-2-1-300x200.jpg 300w, https:\/\/rau.de\/wp-content\/uploads\/rau-rock-extensiv-entlang-einer-autobahn-2-1.jpg 1200w\" sizes=\"auto, (max-width: 1024px) 100vw, 1024px\" \/><\/div><\/div><\/div><\/div><\/div><div class=\"vc_col-sm-4 wpb_column vc_column_container\"><div class=\"vc_column-inner\"><div class=\"wpb_wrapper\"><div class=\"w-image align_none\"><div class=\"w-image-h\"><img loading=\"lazy\" decoding=\"async\" width=\"1024\" height=\"683\" src=\"https:\/\/rau.de\/wp-content\/uploads\/20190617_122736-1-1024x683.jpg\" class=\"attachment-large size-large\" alt=\"L\u00e4rmschutz an\" srcset=\"https:\/\/rau.de\/wp-content\/uploads\/20190617_122736-1-1024x683.jpg 1024w, https:\/\/rau.de\/wp-content\/uploads\/20190617_122736-1-300x200.jpg 300w\" sizes=\"auto, (max-width: 1024px) 100vw, 1024px\" \/><\/div><\/div><\/div><\/div><\/div><\/div><\/div><\/div><\/div><\/div><\/div><\/section>\n","protected":false},"excerpt":{"rendered":"Protihrupne ograjeZelene protihrupne ograje na cestah: ekolo\u0161ke, trajnostne in enostavne za nego Ozelenjene protihrupne ograje imajo \u0161iroko paleto uporabe: niso samo ekolo\u0161ke in trajnostne, temve\u010d se harmoni\u010dno zlivajo v celotno pokrajino. Kadar so betonske stene gole in neprivla\u010dne, se zelene protihrupne ograje na ulicah pojavljajo kot elementi naravnega izgleda, ki \u0161\u010ditijo pred hrupom in zvokom...","protected":false},"author":2,"featured_media":21332,"parent":0,"menu_order":0,"comment_status":"closed","ping_status":"closed","template":"","meta":{"footnotes":""},"class_list":["post-9568","page","type-page","status-publish","has-post-thumbnail","hentry"],"yoast_head":"<!-- This site is optimized with the Yoast SEO plugin v27.4 - https:\/\/yoast.com\/product\/yoast-seo-wordpress\/ -->\n<title>Protihrupne ograje \ud83c\udf33 Rau.de \ud83d\udce2<\/title>\n<meta name=\"description\" content=\"Zelene protihrupne ograje na cestah: ekolo\u0161ke, trajnostne in enostavne za nego. \ud83c\udf43 | rau.de \ud83d\udd07 100-odstotno ekolo\u0161ko &amp; zmanj\u0161uje pra\u0161enje\" \/>\n<meta name=\"robots\" content=\"index, follow, max-snippet:-1, max-image-preview:large, max-video-preview:-1\" \/>\n<link rel=\"canonical\" href=\"https:\/\/rau.de\/sl\/protihrupne-ograje\/\" \/>\n<meta property=\"og:locale\" content=\"sl_SI\" \/>\n<meta property=\"og:type\" content=\"article\" \/>\n<meta property=\"og:title\" content=\"Protihrupne ograje \ud83c\udf33 Rau.de \ud83d\udce2\" \/>\n<meta property=\"og:description\" content=\"Zelene protihrupne ograje na cestah: ekolo\u0161ke, trajnostne in enostavne za nego. \ud83c\udf43 | rau.de \ud83d\udd07 100-odstotno ekolo\u0161ko &amp; zmanj\u0161uje pra\u0161enje\" \/>\n<meta property=\"og:url\" content=\"https:\/\/rau.de\/sl\/protihrupne-ograje\/\" \/>\n<meta property=\"og:site_name\" content=\"Rau | L\u00e4rmschutzw\u00e4nde\" \/>\n<meta property=\"article:modified_time\" content=\"2021-10-21T10:59:04+00:00\" \/>\n<meta property=\"og:image\" content=\"https:\/\/rau.de\/wp-content\/uploads\/imageonline-co-flipped.png\" \/>\n\t<meta property=\"og:image:width\" content=\"4032\" \/>\n\t<meta property=\"og:image:height\" content=\"3024\" \/>\n\t<meta property=\"og:image:type\" content=\"image\/png\" \/>\n<meta name=\"twitter:card\" content=\"summary_large_image\" \/>\n<meta name=\"twitter:label1\" content=\"Est. reading time\" \/>\n\t<meta name=\"twitter:data1\" content=\"8 minut\" \/>\n<script type=\"application\/ld+json\" class=\"yoast-schema-graph\">{\"@context\":\"https:\\\/\\\/schema.org\",\"@graph\":[{\"@type\":\"WebPage\",\"@id\":\"https:\\\/\\\/rau.de\\\/sl\\\/protihrupne-ograje\\\/\",\"url\":\"https:\\\/\\\/rau.de\\\/sl\\\/protihrupne-ograje\\\/\",\"name\":\"Protihrupne ograje \ud83c\udf33 Rau.de \ud83d\udce2\",\"isPartOf\":{\"@id\":\"https:\\\/\\\/rau.de\\\/sl\\\/#website\"},\"primaryImageOfPage\":{\"@id\":\"https:\\\/\\\/rau.de\\\/sl\\\/protihrupne-ograje\\\/#primaryimage\"},\"image\":{\"@id\":\"https:\\\/\\\/rau.de\\\/sl\\\/protihrupne-ograje\\\/#primaryimage\"},\"thumbnailUrl\":\"https:\\\/\\\/rau.de\\\/wp-content\\\/uploads\\\/imageonline-co-flipped.png\",\"datePublished\":\"2020-08-25T13:32:01+00:00\",\"dateModified\":\"2021-10-21T10:59:04+00:00\",\"description\":\"Zelene protihrupne ograje na cestah: ekolo\u0161ke, trajnostne in enostavne za nego. \ud83c\udf43 | rau.de \ud83d\udd07 100-odstotno ekolo\u0161ko & zmanj\u0161uje pra\u0161enje\",\"breadcrumb\":{\"@id\":\"https:\\\/\\\/rau.de\\\/sl\\\/protihrupne-ograje\\\/#breadcrumb\"},\"inLanguage\":\"sl-SI\",\"potentialAction\":[{\"@type\":\"ReadAction\",\"target\":[\"https:\\\/\\\/rau.de\\\/sl\\\/protihrupne-ograje\\\/\"]}]},{\"@type\":\"ImageObject\",\"inLanguage\":\"sl-SI\",\"@id\":\"https:\\\/\\\/rau.de\\\/sl\\\/protihrupne-ograje\\\/#primaryimage\",\"url\":\"https:\\\/\\\/rau.de\\\/wp-content\\\/uploads\\\/imageonline-co-flipped.png\",\"contentUrl\":\"https:\\\/\\\/rau.de\\\/wp-content\\\/uploads\\\/imageonline-co-flipped.png\",\"width\":4032,\"height\":3024},{\"@type\":\"BreadcrumbList\",\"@id\":\"https:\\\/\\\/rau.de\\\/sl\\\/protihrupne-ograje\\\/#breadcrumb\",\"itemListElement\":[{\"@type\":\"ListItem\",\"position\":1,\"name\":\"Startseite\",\"item\":\"https:\\\/\\\/rau.de\\\/sl\\\/\"},{\"@type\":\"ListItem\",\"position\":2,\"name\":\"Protihrupne ograje\"}]},{\"@type\":\"WebSite\",\"@id\":\"https:\\\/\\\/rau.de\\\/sl\\\/#website\",\"url\":\"https:\\\/\\\/rau.de\\\/sl\\\/\",\"name\":\"Rau | L\u00e4rmschutzw\u00e4nde\",\"description\":\"Entwicklung und Umsetzung von L\u00e4rmschutzwand und Schallschutzwand\",\"publisher\":{\"@id\":\"https:\\\/\\\/rau.de\\\/sl\\\/#organization\"},\"potentialAction\":[{\"@type\":\"SearchAction\",\"target\":{\"@type\":\"EntryPoint\",\"urlTemplate\":\"https:\\\/\\\/rau.de\\\/sl\\\/?s={search_term_string}\"},\"query-input\":{\"@type\":\"PropertyValueSpecification\",\"valueRequired\":true,\"valueName\":\"search_term_string\"}}],\"inLanguage\":\"sl-SI\"},{\"@type\":\"Organization\",\"@id\":\"https:\\\/\\\/rau.de\\\/sl\\\/#organization\",\"name\":\"RAU L\u00e4rmschutzw\u00e4nde \u2013 Geosystem GBK GmbH\",\"url\":\"https:\\\/\\\/rau.de\\\/sl\\\/\",\"logo\":{\"@type\":\"ImageObject\",\"inLanguage\":\"sl-SI\",\"@id\":\"https:\\\/\\\/rau.de\\\/sl\\\/#\\\/schema\\\/logo\\\/image\\\/\",\"url\":\"https:\\\/\\\/rau.de\\\/wp-content\\\/uploads\\\/web_logo.png\",\"contentUrl\":\"https:\\\/\\\/rau.de\\\/wp-content\\\/uploads\\\/web_logo.png\",\"width\":249,\"height\":127,\"caption\":\"RAU L\u00e4rmschutzw\u00e4nde \u2013 Geosystem GBK GmbH\"},\"image\":{\"@id\":\"https:\\\/\\\/rau.de\\\/sl\\\/#\\\/schema\\\/logo\\\/image\\\/\"}}]}<\/script>\n<!-- \/ Yoast SEO plugin. -->","yoast_head_json":{"title":"Protihrupne ograje \ud83c\udf33 Rau.de \ud83d\udce2","description":"Zelene protihrupne ograje na cestah: ekolo\u0161ke, trajnostne in enostavne za nego. \ud83c\udf43 | rau.de \ud83d\udd07 100-odstotno ekolo\u0161ko & zmanj\u0161uje pra\u0161enje","robots":{"index":"index","follow":"follow","max-snippet":"max-snippet:-1","max-image-preview":"max-image-preview:large","max-video-preview":"max-video-preview:-1"},"canonical":"https:\/\/rau.de\/sl\/protihrupne-ograje\/","og_locale":"sl_SI","og_type":"article","og_title":"Protihrupne ograje \ud83c\udf33 Rau.de \ud83d\udce2","og_description":"Zelene protihrupne ograje na cestah: ekolo\u0161ke, trajnostne in enostavne za nego. \ud83c\udf43 | rau.de \ud83d\udd07 100-odstotno ekolo\u0161ko & zmanj\u0161uje pra\u0161enje","og_url":"https:\/\/rau.de\/sl\/protihrupne-ograje\/","og_site_name":"Rau | L\u00e4rmschutzw\u00e4nde","article_modified_time":"2021-10-21T10:59:04+00:00","og_image":[{"width":4032,"height":3024,"url":"https:\/\/rau.de\/wp-content\/uploads\/imageonline-co-flipped.png","type":"image\/png"}],"twitter_card":"summary_large_image","twitter_misc":{"Est. reading time":"8 minut"},"schema":{"@context":"https:\/\/schema.org","@graph":[{"@type":"WebPage","@id":"https:\/\/rau.de\/sl\/protihrupne-ograje\/","url":"https:\/\/rau.de\/sl\/protihrupne-ograje\/","name":"Protihrupne ograje \ud83c\udf33 Rau.de \ud83d\udce2","isPartOf":{"@id":"https:\/\/rau.de\/sl\/#website"},"primaryImageOfPage":{"@id":"https:\/\/rau.de\/sl\/protihrupne-ograje\/#primaryimage"},"image":{"@id":"https:\/\/rau.de\/sl\/protihrupne-ograje\/#primaryimage"},"thumbnailUrl":"https:\/\/rau.de\/wp-content\/uploads\/imageonline-co-flipped.png","datePublished":"2020-08-25T13:32:01+00:00","dateModified":"2021-10-21T10:59:04+00:00","description":"Zelene protihrupne ograje na cestah: ekolo\u0161ke, trajnostne in enostavne za nego. \ud83c\udf43 | rau.de \ud83d\udd07 100-odstotno ekolo\u0161ko & zmanj\u0161uje pra\u0161enje","breadcrumb":{"@id":"https:\/\/rau.de\/sl\/protihrupne-ograje\/#breadcrumb"},"inLanguage":"sl-SI","potentialAction":[{"@type":"ReadAction","target":["https:\/\/rau.de\/sl\/protihrupne-ograje\/"]}]},{"@type":"ImageObject","inLanguage":"sl-SI","@id":"https:\/\/rau.de\/sl\/protihrupne-ograje\/#primaryimage","url":"https:\/\/rau.de\/wp-content\/uploads\/imageonline-co-flipped.png","contentUrl":"https:\/\/rau.de\/wp-content\/uploads\/imageonline-co-flipped.png","width":4032,"height":3024},{"@type":"BreadcrumbList","@id":"https:\/\/rau.de\/sl\/protihrupne-ograje\/#breadcrumb","itemListElement":[{"@type":"ListItem","position":1,"name":"Startseite","item":"https:\/\/rau.de\/sl\/"},{"@type":"ListItem","position":2,"name":"Protihrupne ograje"}]},{"@type":"WebSite","@id":"https:\/\/rau.de\/sl\/#website","url":"https:\/\/rau.de\/sl\/","name":"Rau | L\u00e4rmschutzw\u00e4nde","description":"Entwicklung und Umsetzung von L\u00e4rmschutzwand und Schallschutzwand","publisher":{"@id":"https:\/\/rau.de\/sl\/#organization"},"potentialAction":[{"@type":"SearchAction","target":{"@type":"EntryPoint","urlTemplate":"https:\/\/rau.de\/sl\/?s={search_term_string}"},"query-input":{"@type":"PropertyValueSpecification","valueRequired":true,"valueName":"search_term_string"}}],"inLanguage":"sl-SI"},{"@type":"Organization","@id":"https:\/\/rau.de\/sl\/#organization","name":"RAU L\u00e4rmschutzw\u00e4nde \u2013 Geosystem GBK GmbH","url":"https:\/\/rau.de\/sl\/","logo":{"@type":"ImageObject","inLanguage":"sl-SI","@id":"https:\/\/rau.de\/sl\/#\/schema\/logo\/image\/","url":"https:\/\/rau.de\/wp-content\/uploads\/web_logo.png","contentUrl":"https:\/\/rau.de\/wp-content\/uploads\/web_logo.png","width":249,"height":127,"caption":"RAU L\u00e4rmschutzw\u00e4nde \u2013 Geosystem GBK GmbH"},"image":{"@id":"https:\/\/rau.de\/sl\/#\/schema\/logo\/image\/"}}]}},"_links":{"self":[{"href":"https:\/\/rau.de\/sl\/wp-json\/wp\/v2\/pages\/9568","targetHints":{"allow":["GET"]}}],"collection":[{"href":"https:\/\/rau.de\/sl\/wp-json\/wp\/v2\/pages"}],"about":[{"href":"https:\/\/rau.de\/sl\/wp-json\/wp\/v2\/types\/page"}],"author":[{"embeddable":true,"href":"https:\/\/rau.de\/sl\/wp-json\/wp\/v2\/users\/2"}],"replies":[{"embeddable":true,"href":"https:\/\/rau.de\/sl\/wp-json\/wp\/v2\/comments?post=9568"}],"version-history":[{"count":2,"href":"https:\/\/rau.de\/sl\/wp-json\/wp\/v2\/pages\/9568\/revisions"}],"predecessor-version":[{"id":9983,"href":"https:\/\/rau.de\/sl\/wp-json\/wp\/v2\/pages\/9568\/revisions\/9983"}],"wp:featuredmedia":[{"embeddable":true,"href":"https:\/\/rau.de\/sl\/wp-json\/wp\/v2\/media\/21332"}],"wp:attachment":[{"href":"https:\/\/rau.de\/sl\/wp-json\/wp\/v2\/media?parent=9568"}],"curies":[{"name":"wp","href":"https:\/\/api.w.org\/{rel}","templated":true}]}}