{"id":960,"date":"2019-08-05T15:08:26","date_gmt":"2019-08-05T13:08:26","guid":{"rendered":"http:\/\/rau.kundendemo.com\/?page_id=960"},"modified":"2021-10-25T13:21:41","modified_gmt":"2021-10-25T11:21:41","slug":"aktualnosci","status":"publish","type":"page","link":"https:\/\/rau.de\/pl\/aktualnosci\/","title":{"rendered":"Aktualno\u015bci"},"content":{"rendered":"<section class=\"l-section wpb_row height_medium full_height valign_center with_img parallax_fixed\" id=\"kontakt\"><div class=\"l-section-img\" role=\"img\" data-img-width=\"2000\" data-img-height=\"1122\" style=\"background-image: url(https:\/\/rau.de\/wp-content\/uploads\/bg.jpg);\"><\/div><div class=\"l-section-h i-cf\"><div class=\"g-cols vc_row via_flex valign_top type_default stacking_default\"><div class=\"vc_col-sm-12 wpb_column vc_column_container\"><div class=\"vc_column-inner\"><div class=\"wpb_wrapper\"><div class=\"g-cols wpb_row content_top via_flex valign_top type_default stacking_default\"><div class=\"vc_col-sm-12 wpb_column vc_column_container\"><div class=\"vc_column-inner\"><div class=\"wpb_wrapper\"><h1 class=\"w-post-elm post_title entry-title color_link_inherit\">Aktualno\u015bci<\/h1><\/div><\/div><\/div><\/div><div class=\"g-cols wpb_row us_custom_4fb9e5a3 content_text via_flex valign_top type_default stacking_default\"><div class=\"vc_col-sm-12 wpb_column vc_column_container\"><div class=\"vc_column-inner\"><div class=\"wpb_wrapper\"><div class=\"w-grid type_grid layout_21950 cols_3\" id=\"us_grid_1\" style=\"--gap:1.5rem;\" data-filterable=\"true\"><style>@media (max-width:1024px){#us_grid_1 .w-grid-item{width:50%}}@media (max-width:600px){#us_grid_1 .w-grid-list{margin:0}#us_grid_1 .w-grid-item{width:100%;padding:0;margin-bottom:var(--gap,0px)}}.layout_21950 .w-grid-item-h{}.layout_21950 .usg_post_image_1{margin-bottom:1rem!important}.layout_21950 .usg_post_title_1{font-size:1.4rem!important;margin-bottom:0.5rem!important}.layout_21950 .usg_hwrapper_1{color:#999999!important;font-size:0.9rem!important}.layout_21950 .usg_post_content_1{margin-top:0.5rem!important}.layout_21950 .usg_btn_1{margin-top:1.5rem!important}@media (min-width:1025px) and (max-width:1280px){.layout_21950 .usg_post_image_1{margin-bottom:1rem!important}.layout_21950 .usg_post_title_1{font-size:1.4rem!important;margin-bottom:0.5rem!important}.layout_21950 .usg_hwrapper_1{color:#999999!important;font-size:0.9rem!important}.layout_21950 .usg_post_content_1{margin-top:0.5rem!important}.layout_21950 .usg_btn_1{margin-top:1.5rem!important}}@media (min-width:601px) and (max-width:1024px){.layout_21950 .usg_post_image_1{margin-bottom:1rem!important}.layout_21950 .usg_post_title_1{font-size:1.4rem!important;margin-bottom:0.5rem!important}.layout_21950 .usg_hwrapper_1{color:#999999!important;font-size:0.9rem!important}.layout_21950 .usg_post_content_1{margin-top:0.5rem!important}.layout_21950 .usg_btn_1{margin-top:1.5rem!important}}@media (max-width:600px){.layout_21950 .usg_post_image_1{margin-bottom:1rem!important}.layout_21950 .usg_post_title_1{font-size:1.4rem!important;margin-bottom:0.5rem!important}.layout_21950 .usg_hwrapper_1{color:#999999!important;font-size:0.9rem!important}.layout_21950 .usg_post_content_1{margin-top:0.5rem!important}.layout_21950 .usg_btn_1{margin-top:1.5rem!important}}<\/style><div class=\"w-grid-list\">\t<article class=\"w-grid-item size_1x1 post-7957 post type-post status-publish format-video has-post-thumbnail hentry category-video-pl post_format-post-format-video\" data-id=\"7957\">\r\n\t\t<div class=\"w-grid-item-h\">\r\n\t\t\t\t\t\t<div class=\"w-post-elm post_image usg_post_image_1 stretched media_preview\"><div class=\"w-video align_none ratio_16x9 has_iframe\"><div class=\"w-video-h\"><iframe title=\"Youtube video player\" src=\"\/\/www.youtube.com\/embed\/QmgcNSFhKnE?autoplay=0&controls=1&origin=https:\/\/rau.de\/pl\/&loop=0&mute=0\" allowfullscreen=\"1\" loading=\"lazy\"><\/iframe><\/div><div class=\"w-video-icon\" style=\"font-size:1.5rem;background:rgba(0,0,0,0.5);color:#fff\"><\/div><\/div><\/div><h2 class=\"w-post-elm post_title usg_post_title_1 entry-title color_link_inherit\"><a href=\"https:\/\/rau.de\/pl\/2020\/07\/22\/fotografia-lotnicza-leverkusen-opladen\/\">Fotografia lotnicza \/ Leverkusen Opladen<\/a><\/h2><div class=\"w-hwrapper usg_hwrapper_1 has_text_color align_left valign_top wrap\"><\/div><a class=\"w-btn us-btn-style_2 usg_btn_1\" href=\"https:\/\/rau.de\/pl\/2020\/07\/22\/fotografia-lotnicza-leverkusen-opladen\/\"><span class=\"w-btn-label\">Dalej<\/span><\/a>\t\t<\/div>\r\n\t<\/article>\r\n\t<article class=\"w-grid-item size_1x1 post-5392 post type-post status-publish format-standard has-post-thumbnail hentry category-news-pl\" data-id=\"5392\">\r\n\t\t<div class=\"w-grid-item-h\">\r\n\t\t\t\t\t\t<div class=\"w-post-elm post_image usg_post_image_1 stretched\"><a href=\"https:\/\/rau.de\/pl\/2019\/07\/25\/rau-r3-oekologisch-aufstockbare-laermschutzwand-in-eltville\/\" aria-label=\"RAU R3 &#8211; Ekologicznie rozk\u0142adana \u015bciana d\u017awi\u0119koch\u0142onna &#8211; w Eltville\"><img loading=\"lazy\" decoding=\"async\" width=\"1024\" height=\"683\" src=\"https:\/\/rau.de\/wp-content\/uploads\/Geschwungene-Laermschutzwand-in-einem-Wohngebiet-1-1024x683.jpg\" class=\"attachment-large size-large wp-post-image\" alt=\"Geschwungene L\u00e4rmschutzwand entlang einer Stra\u00dfe in einem Wohngebiet\" srcset=\"https:\/\/rau.de\/wp-content\/uploads\/Geschwungene-Laermschutzwand-in-einem-Wohngebiet-1-1024x683.jpg 1024w, https:\/\/rau.de\/wp-content\/uploads\/Geschwungene-Laermschutzwand-in-einem-Wohngebiet-1-300x200.jpg 300w, https:\/\/rau.de\/wp-content\/uploads\/Geschwungene-Laermschutzwand-in-einem-Wohngebiet-1.jpg 1200w\" sizes=\"auto, (max-width: 1024px) 100vw, 1024px\" \/><\/a><\/div><h2 class=\"w-post-elm post_title usg_post_title_1 entry-title color_link_inherit\"><a href=\"https:\/\/rau.de\/pl\/2019\/07\/25\/rau-r3-oekologisch-aufstockbare-laermschutzwand-in-eltville\/\">RAU R3 &#8211; Ekologicznie rozk\u0142adana \u015bciana d\u017awi\u0119koch\u0142onna &#8211; w Eltville<\/a><\/h2><div class=\"w-hwrapper usg_hwrapper_1 has_text_color align_left valign_top wrap\"><\/div><a class=\"w-btn us-btn-style_2 usg_btn_1\" href=\"https:\/\/rau.de\/pl\/2019\/07\/25\/rau-r3-oekologisch-aufstockbare-laermschutzwand-in-eltville\/\"><span class=\"w-btn-label\">Dalej<\/span><\/a>\t\t<\/div>\r\n\t<\/article>\r\n\t<article class=\"w-grid-item size_1x1 post-8015 post type-post status-publish format-video has-post-thumbnail hentry category-video-pl post_format-post-format-video\" data-id=\"8015\">\r\n\t\t<div class=\"w-grid-item-h\">\r\n\t\t\t\t\t\t<div class=\"w-post-elm post_image usg_post_image_1 stretched media_preview\"><div class=\"w-video align_none ratio_16x9 has_iframe\"><div class=\"w-video-h\"><iframe title=\"Youtube video player\" src=\"\/\/www.youtube.com\/embed\/u6Jhi_lx3EQ?autoplay=0&controls=1&origin=https:\/\/rau.de\/pl\/&loop=0&mute=0\" allowfullscreen=\"1\" loading=\"lazy\"><\/iframe><\/div><div class=\"w-video-icon\" style=\"font-size:1.5rem;background:rgba(0,0,0,0.5);color:#fff\"><\/div><\/div><\/div><h2 class=\"w-post-elm post_title usg_post_title_1 entry-title color_link_inherit\"><a href=\"https:\/\/rau.de\/pl\/2019\/06\/11\/rau-bariery-akustyczne-nw\/\">Rau Bariery akustyczne NW<\/a><\/h2><div class=\"w-hwrapper usg_hwrapper_1 has_text_color align_left valign_top wrap\"><\/div><a class=\"w-btn us-btn-style_2 usg_btn_1\" href=\"https:\/\/rau.de\/pl\/2019\/06\/11\/rau-bariery-akustyczne-nw\/\"><span class=\"w-btn-label\">Dalej<\/span><\/a>\t\t<\/div>\r\n\t<\/article>\r\n\t<article class=\"w-grid-item size_1x1 post-7919 post type-post status-publish format-video has-post-thumbnail hentry category-video-pl post_format-post-format-video\" data-id=\"7919\">\r\n\t\t<div class=\"w-grid-item-h\">\r\n\t\t\t\t\t\t<div class=\"w-post-elm post_image usg_post_image_1 stretched media_preview\"><div class=\"w-video align_none ratio_16x9 has_iframe\"><div class=\"w-video-h\"><iframe title=\"Youtube video player\" src=\"\/\/www.youtube.com\/embed\/wpeXwxj4J4s?autoplay=0&controls=1&origin=https:\/\/rau.de\/pl\/&loop=0&mute=0\" allowfullscreen=\"1\" loading=\"lazy\"><\/iframe><\/div><div class=\"w-video-icon\" style=\"font-size:1.5rem;background:rgba(0,0,0,0.5);color:#fff\"><\/div><\/div><\/div><h2 class=\"w-post-elm post_title usg_post_title_1 entry-title color_link_inherit\"><a href=\"https:\/\/rau.de\/pl\/2019\/06\/11\/budowa-3-metrowej-sciany-dzwiekoszczelnej-w-2-minuty\/\">Budowa 3-metrowej \u015bciany d\u017awi\u0119koszczelnej w 2 minuty<\/a><\/h2><div class=\"w-hwrapper usg_hwrapper_1 has_text_color align_left valign_top wrap\"><\/div><a class=\"w-btn us-btn-style_2 usg_btn_1\" href=\"https:\/\/rau.de\/pl\/2019\/06\/11\/budowa-3-metrowej-sciany-dzwiekoszczelnej-w-2-minuty\/\"><span class=\"w-btn-label\">Dalej<\/span><\/a>\t\t<\/div>\r\n\t<\/article>\r\n\t<article class=\"w-grid-item size_1x1 post-8041 post type-post status-publish format-video has-post-thumbnail hentry category-video-pl post_format-post-format-video\" data-id=\"8041\">\r\n\t\t<div class=\"w-grid-item-h\">\r\n\t\t\t\t\t\t<div class=\"w-post-elm post_image usg_post_image_1 stretched media_preview\"><div class=\"w-video align_none ratio_16x9 has_iframe\"><div class=\"w-video-h\"><iframe title=\"Youtube video player\" src=\"\/\/www.youtube.com\/embed\/7aOHrUnwL68?autoplay=0&controls=1&origin=https:\/\/rau.de\/pl\/&loop=0&mute=0\" allowfullscreen=\"1\" loading=\"lazy\"><\/iframe><\/div><div class=\"w-video-icon\" style=\"font-size:1.5rem;background:rgba(0,0,0,0.5);color:#fff\"><\/div><\/div><\/div><h2 class=\"w-post-elm post_title usg_post_title_1 entry-title color_link_inherit\"><a href=\"https:\/\/rau.de\/pl\/2019\/06\/11\/reportaz-telewizyjny-firmy-youtube-rau-geosystem-bariera-akustyczna\/\">RAU Bariery przeciwha\u0142asowe Reporta\u017c<\/a><\/h2><div class=\"w-hwrapper usg_hwrapper_1 has_text_color align_left valign_top wrap\"><\/div><a class=\"w-btn us-btn-style_2 usg_btn_1\" href=\"https:\/\/rau.de\/pl\/2019\/06\/11\/reportaz-telewizyjny-firmy-youtube-rau-geosystem-bariera-akustyczna\/\"><span class=\"w-btn-label\">Dalej<\/span><\/a>\t\t<\/div>\r\n\t<\/article>\r\n\t<article class=\"w-grid-item size_1x1 post-8080 post type-post status-publish format-video has-post-thumbnail hentry category-video-pl post_format-post-format-video\" data-id=\"8080\">\r\n\t\t<div class=\"w-grid-item-h\">\r\n\t\t\t\t\t\t<div class=\"w-post-elm post_image usg_post_image_1 stretched media_preview\"><div class=\"w-video align_none ratio_16x9 has_iframe\"><div class=\"w-video-h\"><iframe title=\"Youtube video player\" src=\"\/\/www.youtube.com\/embed\/ljMt_zHSaLM?autoplay=0&controls=1&origin=https:\/\/rau.de\/pl\/&loop=0&mute=0\" allowfullscreen=\"1\" loading=\"lazy\"><\/iframe><\/div><div class=\"w-video-icon\" style=\"font-size:1.5rem;background:rgba(0,0,0,0.5);color:#fff\"><\/div><\/div><\/div><h2 class=\"w-post-elm post_title usg_post_title_1 entry-title color_link_inherit\"><a href=\"https:\/\/rau.de\/pl\/2019\/06\/11\/zbuduj-ekran-akustyczny-w-2-minuty\/\">Zbuduj ekran akustyczny w 2 minuty<\/a><\/h2><div class=\"w-hwrapper usg_hwrapper_1 has_text_color align_left valign_top wrap\"><\/div><a class=\"w-btn us-btn-style_2 usg_btn_1\" href=\"https:\/\/rau.de\/pl\/2019\/06\/11\/zbuduj-ekran-akustyczny-w-2-minuty\/\"><span class=\"w-btn-label\">Dalej<\/span><\/a>\t\t<\/div>\r\n\t<\/article>\r\n\t<article class=\"w-grid-item size_1x1 post-8171 post type-post status-publish format-video has-post-thumbnail hentry category-video-pl post_format-post-format-video\" data-id=\"8171\">\r\n\t\t<div class=\"w-grid-item-h\">\r\n\t\t\t\t\t\t<div class=\"w-post-elm post_image usg_post_image_1 stretched media_preview\"><div class=\"w-video align_none ratio_16x9 has_iframe\"><div class=\"w-video-h\"><iframe title=\"Youtube video player\" src=\"\/\/www.youtube.com\/embed\/9w28F6iuAL4?autoplay=0&controls=1&origin=https:\/\/rau.de\/pl\/&loop=0&mute=0\" allowfullscreen=\"1\" loading=\"lazy\"><\/iframe><\/div><div class=\"w-video-icon\" style=\"font-size:1.5rem;background:rgba(0,0,0,0.5);color:#fff\"><\/div><\/div><\/div><h2 class=\"w-post-elm post_title usg_post_title_1 entry-title color_link_inherit\"><a href=\"https:\/\/rau.de\/pl\/2019\/06\/07\/sadzenie-na-ekranach-akustycznych-w-raesfeld\/\">Sadzenie na ekranach akustycznych w Raesfeld<\/a><\/h2><div class=\"w-hwrapper usg_hwrapper_1 has_text_color align_left valign_top wrap\"><\/div><a class=\"w-btn us-btn-style_2 usg_btn_1\" href=\"https:\/\/rau.de\/pl\/2019\/06\/07\/sadzenie-na-ekranach-akustycznych-w-raesfeld\/\"><span class=\"w-btn-label\">Dalej<\/span><\/a>\t\t<\/div>\r\n\t<\/article>\r\n\t<article class=\"w-grid-item size_1x1 post-8119 post type-post status-publish format-standard has-post-thumbnail hentry category-news-pl\" data-id=\"8119\">\r\n\t\t<div class=\"w-grid-item-h\">\r\n\t\t\t\t\t\t<div class=\"w-post-elm post_image usg_post_image_1 stretched\"><a href=\"https:\/\/rau.de\/pl\/2019\/06\/05\/izolacja-akustyczna-na-pol-wiecznosci\/\" aria-label=\"Izolacja akustyczna na p\u00f3\u0142 wieczno\u015bci\"><img loading=\"lazy\" decoding=\"async\" width=\"1024\" height=\"653\" src=\"https:\/\/rau.de\/wp-content\/uploads\/zeitungsartikel-zepernicker-chausse-bernau-1024x653-1-1.jpg\" class=\"attachment-large size-large wp-post-image\" alt=\"\" srcset=\"https:\/\/rau.de\/wp-content\/uploads\/zeitungsartikel-zepernicker-chausse-bernau-1024x653-1-1.jpg 1024w, https:\/\/rau.de\/wp-content\/uploads\/zeitungsartikel-zepernicker-chausse-bernau-1024x653-1-1-300x191.jpg 300w\" sizes=\"auto, (max-width: 1024px) 100vw, 1024px\" \/><\/a><\/div><h2 class=\"w-post-elm post_title usg_post_title_1 entry-title color_link_inherit\"><a href=\"https:\/\/rau.de\/pl\/2019\/06\/05\/izolacja-akustyczna-na-pol-wiecznosci\/\">Izolacja akustyczna na p\u00f3\u0142 wieczno\u015bci<\/a><\/h2><div class=\"w-hwrapper usg_hwrapper_1 has_text_color align_left valign_top wrap\"><\/div><a class=\"w-btn us-btn-style_2 usg_btn_1\" href=\"https:\/\/rau.de\/pl\/2019\/06\/05\/izolacja-akustyczna-na-pol-wiecznosci\/\"><span class=\"w-btn-label\">Dalej<\/span><\/a>\t\t<\/div>\r\n\t<\/article>\r\n\t<article class=\"w-grid-item size_1x1 post-8197 post type-post status-publish format-video has-post-thumbnail hentry category-video-pl post_format-post-format-video\" data-id=\"8197\">\r\n\t\t<div class=\"w-grid-item-h\">\r\n\t\t\t\t\t\t<div class=\"w-post-elm post_image usg_post_image_1 stretched media_preview\"><div class=\"w-video align_none ratio_16x9 has_iframe\"><div class=\"w-video-h\"><iframe title=\"Youtube video player\" src=\"\/\/www.youtube.com\/embed\/EglvrZzMcT8?autoplay=0&controls=1&origin=https:\/\/rau.de\/pl\/&loop=0&mute=0\" allowfullscreen=\"1\" loading=\"lazy\"><\/iframe><\/div><div class=\"w-video-icon\" style=\"font-size:1.5rem;background:rgba(0,0,0,0.5);color:#fff\"><\/div><\/div><\/div><h2 class=\"w-post-elm post_title usg_post_title_1 entry-title color_link_inherit\"><a href=\"https:\/\/rau.de\/pl\/2019\/06\/05\/rau-bariery-akustyczne\/\">Rau Bariery akustyczne<\/a><\/h2><div class=\"w-hwrapper usg_hwrapper_1 has_text_color align_left valign_top wrap\"><\/div><a class=\"w-btn us-btn-style_2 usg_btn_1\" href=\"https:\/\/rau.de\/pl\/2019\/06\/05\/rau-bariery-akustyczne\/\"><span class=\"w-btn-label\">Dalej<\/span><\/a>\t\t<\/div>\r\n\t<\/article>\r\n<\/div><div class=\"w-grid-preloader\">\t<div class=\"g-preloader type_1\">\r\n\t\t<div><\/div>\r\n\t<\/div>\r\n\t<\/div>\t<div class=\"w-grid-json hidden\" onclick='return {&quot;action&quot;:&quot;us_ajax_grid&quot;,&quot;ajax_url&quot;:&quot;https:\\\/\\\/rau.de\\\/wp-admin\\\/admin-ajax.php&quot;,&quot;infinite_scroll&quot;:0,&quot;max_num_pages&quot;:1,&quot;pagination&quot;:&quot;none&quot;,&quot;template_vars&quot;:{&quot;columns&quot;:&quot;3&quot;,&quot;exclude_items&quot;:&quot;none&quot;,&quot;img_size&quot;:&quot;default&quot;,&quot;ignore_items_size&quot;:0,&quot;items_layout&quot;:&quot;21950&quot;,&quot;items_offset&quot;:&quot;1&quot;,&quot;load_animation&quot;:&quot;none&quot;,&quot;overriding_link&quot;:&quot;{\\&quot;url\\&quot;:\\&quot;\\&quot;}&quot;,&quot;post_id&quot;:0,&quot;query_args&quot;:{&quot;post_type&quot;:[&quot;post&quot;],&quot;post_status&quot;:[&quot;publish&quot;],&quot;posts_per_page&quot;:999},&quot;orderby_query_args&quot;:{&quot;orderby&quot;:{&quot;date&quot;:&quot;DESC&quot;}},&quot;type&quot;:&quot;grid&quot;,&quot;us_grid_ajax_index&quot;:1,&quot;us_grid_filter_params&quot;:[],&quot;us_grid_index&quot;:1,&quot;_us_grid_post_type&quot;:&quot;post&quot;,&quot;page_args&quot;:[],&quot;lang&quot;:&quot;pl&quot;}}'><\/div>\r\n\t<\/div><\/div><\/div><\/div><\/div><\/div><\/div><\/div><div class=\"vc_col-sm-12 wpb_column vc_column_container\"><div class=\"vc_column-inner\"><div class=\"wpb_wrapper\"><\/div><\/div><\/div><\/div><\/div><\/section>\n","protected":false},"excerpt":{"rendered":"Rau Bariery akustyczne","protected":false},"author":1,"featured_media":0,"parent":0,"menu_order":0,"comment_status":"closed","ping_status":"closed","template":"","meta":{"footnotes":""},"class_list":["post-960","page","type-page","status-publish","hentry"],"yoast_head":"<!-- This site is optimized with the Yoast SEO plugin v27.4 - https:\/\/yoast.com\/product\/yoast-seo-wordpress\/ -->\n<title>Ochrona przed zielonym ha\u0142asem | aktualno\u015bci | Odkryj teraz \ud83c\udf31\ud83c\udf43<\/title>\n<meta name=\"description\" content=\"\ud83c\udf31 Ekscytuj\u0105ce artyku\u0142y! | Wk\u0142ad w nasze zielone ekrany akustyczne! \ud83c\udf41 | Budowa 3-metrowej bariery akustycznej w 2 minuty!\" \/>\n<meta name=\"robots\" content=\"index, follow, max-snippet:-1, max-image-preview:large, max-video-preview:-1\" \/>\n<link rel=\"canonical\" href=\"https:\/\/rau.de\/pl\/aktualnosci\/\" \/>\n<meta property=\"og:locale\" content=\"pl_PL\" \/>\n<meta property=\"og:type\" content=\"article\" \/>\n<meta property=\"og:title\" content=\"Ochrona przed zielonym ha\u0142asem | aktualno\u015bci | Odkryj teraz \ud83c\udf31\ud83c\udf43\" \/>\n<meta property=\"og:description\" content=\"\ud83c\udf31 Ekscytuj\u0105ce artyku\u0142y! | Wk\u0142ad w nasze zielone ekrany akustyczne! \ud83c\udf41 | Budowa 3-metrowej bariery akustycznej w 2 minuty!\" \/>\n<meta property=\"og:url\" content=\"https:\/\/rau.de\/pl\/aktualnosci\/\" \/>\n<meta property=\"og:site_name\" content=\"Rau | L\u00e4rmschutzw\u00e4nde\" \/>\n<meta property=\"article:modified_time\" content=\"2021-10-25T11:21:41+00:00\" \/>\n<meta property=\"og:image\" content=\"https:\/\/rau.de\/wp-content\/uploads\/rau.de-begruente-laermschutzwand-2015-08-23-sonderteile-2.jpg\" \/>\n\t<meta property=\"og:image:width\" content=\"1920\" \/>\n\t<meta property=\"og:image:height\" content=\"1146\" \/>\n\t<meta property=\"og:image:type\" content=\"image\/jpeg\" \/>\n<meta name=\"twitter:card\" content=\"summary_large_image\" \/>\n<meta name=\"twitter:label1\" content=\"Szacowany czas czytania\" \/>\n\t<meta name=\"twitter:data1\" content=\"1 minuta\" \/>\n<script type=\"application\/ld+json\" class=\"yoast-schema-graph\">{\"@context\":\"https:\\\/\\\/schema.org\",\"@graph\":[{\"@type\":\"WebPage\",\"@id\":\"https:\\\/\\\/rau.de\\\/pl\\\/aktualnosci\\\/\",\"url\":\"https:\\\/\\\/rau.de\\\/pl\\\/aktualnosci\\\/\",\"name\":\"Ochrona przed zielonym ha\u0142asem | aktualno\u015bci | Odkryj teraz \ud83c\udf31\ud83c\udf43\",\"isPartOf\":{\"@id\":\"https:\\\/\\\/rau.de\\\/pl\\\/#website\"},\"datePublished\":\"2019-08-05T13:08:26+00:00\",\"dateModified\":\"2021-10-25T11:21:41+00:00\",\"description\":\"\ud83c\udf31 Ekscytuj\u0105ce artyku\u0142y! | Wk\u0142ad w nasze zielone ekrany akustyczne! \ud83c\udf41 | Budowa 3-metrowej bariery akustycznej w 2 minuty!\",\"breadcrumb\":{\"@id\":\"https:\\\/\\\/rau.de\\\/pl\\\/aktualnosci\\\/#breadcrumb\"},\"inLanguage\":\"pl-PL\",\"potentialAction\":[{\"@type\":\"ReadAction\",\"target\":[\"https:\\\/\\\/rau.de\\\/pl\\\/aktualnosci\\\/\"]}]},{\"@type\":\"BreadcrumbList\",\"@id\":\"https:\\\/\\\/rau.de\\\/pl\\\/aktualnosci\\\/#breadcrumb\",\"itemListElement\":[{\"@type\":\"ListItem\",\"position\":1,\"name\":\"Startseite\",\"item\":\"https:\\\/\\\/rau.de\\\/pl\\\/\"},{\"@type\":\"ListItem\",\"position\":2,\"name\":\"Aktualno\u015bci\"}]},{\"@type\":\"WebSite\",\"@id\":\"https:\\\/\\\/rau.de\\\/pl\\\/#website\",\"url\":\"https:\\\/\\\/rau.de\\\/pl\\\/\",\"name\":\"Rau | L\u00e4rmschutzw\u00e4nde\",\"description\":\"Entwicklung und Umsetzung von L\u00e4rmschutzwand und Schallschutzwand\",\"publisher\":{\"@id\":\"https:\\\/\\\/rau.de\\\/pl\\\/#organization\"},\"potentialAction\":[{\"@type\":\"SearchAction\",\"target\":{\"@type\":\"EntryPoint\",\"urlTemplate\":\"https:\\\/\\\/rau.de\\\/pl\\\/?s={search_term_string}\"},\"query-input\":{\"@type\":\"PropertyValueSpecification\",\"valueRequired\":true,\"valueName\":\"search_term_string\"}}],\"inLanguage\":\"pl-PL\"},{\"@type\":\"Organization\",\"@id\":\"https:\\\/\\\/rau.de\\\/pl\\\/#organization\",\"name\":\"RAU L\u00e4rmschutzw\u00e4nde \u2013 Geosystem GBK GmbH\",\"url\":\"https:\\\/\\\/rau.de\\\/pl\\\/\",\"logo\":{\"@type\":\"ImageObject\",\"inLanguage\":\"pl-PL\",\"@id\":\"https:\\\/\\\/rau.de\\\/pl\\\/#\\\/schema\\\/logo\\\/image\\\/\",\"url\":\"https:\\\/\\\/rau.de\\\/wp-content\\\/uploads\\\/web_logo.png\",\"contentUrl\":\"https:\\\/\\\/rau.de\\\/wp-content\\\/uploads\\\/web_logo.png\",\"width\":249,\"height\":127,\"caption\":\"RAU L\u00e4rmschutzw\u00e4nde \u2013 Geosystem GBK GmbH\"},\"image\":{\"@id\":\"https:\\\/\\\/rau.de\\\/pl\\\/#\\\/schema\\\/logo\\\/image\\\/\"}}]}<\/script>\n<!-- \/ Yoast SEO plugin. -->","yoast_head_json":{"title":"Ochrona przed zielonym ha\u0142asem | aktualno\u015bci | Odkryj teraz \ud83c\udf31\ud83c\udf43","description":"\ud83c\udf31 Ekscytuj\u0105ce artyku\u0142y! | Wk\u0142ad w nasze zielone ekrany akustyczne! \ud83c\udf41 | Budowa 3-metrowej bariery akustycznej w 2 minuty!","robots":{"index":"index","follow":"follow","max-snippet":"max-snippet:-1","max-image-preview":"max-image-preview:large","max-video-preview":"max-video-preview:-1"},"canonical":"https:\/\/rau.de\/pl\/aktualnosci\/","og_locale":"pl_PL","og_type":"article","og_title":"Ochrona przed zielonym ha\u0142asem | aktualno\u015bci | Odkryj teraz \ud83c\udf31\ud83c\udf43","og_description":"\ud83c\udf31 Ekscytuj\u0105ce artyku\u0142y! | Wk\u0142ad w nasze zielone ekrany akustyczne! \ud83c\udf41 | Budowa 3-metrowej bariery akustycznej w 2 minuty!","og_url":"https:\/\/rau.de\/pl\/aktualnosci\/","og_site_name":"Rau | L\u00e4rmschutzw\u00e4nde","article_modified_time":"2021-10-25T11:21:41+00:00","og_image":[{"width":1920,"height":1146,"url":"https:\/\/rau.de\/wp-content\/uploads\/rau.de-begruente-laermschutzwand-2015-08-23-sonderteile-2.jpg","type":"image\/jpeg"}],"twitter_card":"summary_large_image","twitter_misc":{"Szacowany czas czytania":"1 minuta"},"schema":{"@context":"https:\/\/schema.org","@graph":[{"@type":"WebPage","@id":"https:\/\/rau.de\/pl\/aktualnosci\/","url":"https:\/\/rau.de\/pl\/aktualnosci\/","name":"Ochrona przed zielonym ha\u0142asem | aktualno\u015bci | Odkryj teraz \ud83c\udf31\ud83c\udf43","isPartOf":{"@id":"https:\/\/rau.de\/pl\/#website"},"datePublished":"2019-08-05T13:08:26+00:00","dateModified":"2021-10-25T11:21:41+00:00","description":"\ud83c\udf31 Ekscytuj\u0105ce artyku\u0142y! | Wk\u0142ad w nasze zielone ekrany akustyczne! \ud83c\udf41 | Budowa 3-metrowej bariery akustycznej w 2 minuty!","breadcrumb":{"@id":"https:\/\/rau.de\/pl\/aktualnosci\/#breadcrumb"},"inLanguage":"pl-PL","potentialAction":[{"@type":"ReadAction","target":["https:\/\/rau.de\/pl\/aktualnosci\/"]}]},{"@type":"BreadcrumbList","@id":"https:\/\/rau.de\/pl\/aktualnosci\/#breadcrumb","itemListElement":[{"@type":"ListItem","position":1,"name":"Startseite","item":"https:\/\/rau.de\/pl\/"},{"@type":"ListItem","position":2,"name":"Aktualno\u015bci"}]},{"@type":"WebSite","@id":"https:\/\/rau.de\/pl\/#website","url":"https:\/\/rau.de\/pl\/","name":"Rau | L\u00e4rmschutzw\u00e4nde","description":"Entwicklung und Umsetzung von L\u00e4rmschutzwand und Schallschutzwand","publisher":{"@id":"https:\/\/rau.de\/pl\/#organization"},"potentialAction":[{"@type":"SearchAction","target":{"@type":"EntryPoint","urlTemplate":"https:\/\/rau.de\/pl\/?s={search_term_string}"},"query-input":{"@type":"PropertyValueSpecification","valueRequired":true,"valueName":"search_term_string"}}],"inLanguage":"pl-PL"},{"@type":"Organization","@id":"https:\/\/rau.de\/pl\/#organization","name":"RAU L\u00e4rmschutzw\u00e4nde \u2013 Geosystem GBK GmbH","url":"https:\/\/rau.de\/pl\/","logo":{"@type":"ImageObject","inLanguage":"pl-PL","@id":"https:\/\/rau.de\/pl\/#\/schema\/logo\/image\/","url":"https:\/\/rau.de\/wp-content\/uploads\/web_logo.png","contentUrl":"https:\/\/rau.de\/wp-content\/uploads\/web_logo.png","width":249,"height":127,"caption":"RAU L\u00e4rmschutzw\u00e4nde \u2013 Geosystem GBK GmbH"},"image":{"@id":"https:\/\/rau.de\/pl\/#\/schema\/logo\/image\/"}}]}},"_links":{"self":[{"href":"https:\/\/rau.de\/pl\/wp-json\/wp\/v2\/pages\/960","targetHints":{"allow":["GET"]}}],"collection":[{"href":"https:\/\/rau.de\/pl\/wp-json\/wp\/v2\/pages"}],"about":[{"href":"https:\/\/rau.de\/pl\/wp-json\/wp\/v2\/types\/page"}],"author":[{"embeddable":true,"href":"https:\/\/rau.de\/pl\/wp-json\/wp\/v2\/users\/1"}],"replies":[{"embeddable":true,"href":"https:\/\/rau.de\/pl\/wp-json\/wp\/v2\/comments?post=960"}],"version-history":[{"count":4,"href":"https:\/\/rau.de\/pl\/wp-json\/wp\/v2\/pages\/960\/revisions"}],"predecessor-version":[{"id":21959,"href":"https:\/\/rau.de\/pl\/wp-json\/wp\/v2\/pages\/960\/revisions\/21959"}],"wp:attachment":[{"href":"https:\/\/rau.de\/pl\/wp-json\/wp\/v2\/media?parent=960"}],"curies":[{"name":"wp","href":"https:\/\/api.w.org\/{rel}","templated":true}]}}