{"id":1011,"date":"2019-08-05T15:33:02","date_gmt":"2019-08-05T13:33:02","guid":{"rendered":"http:\/\/rau.kundendemo.com\/?page_id=1011"},"modified":"2021-11-02T16:31:56","modified_gmt":"2021-11-02T15:31:56","slug":"kontakt","status":"publish","type":"page","link":"https:\/\/rau.de\/pl\/kontakt\/","title":{"rendered":"Kontakt"},"content":{"rendered":"<section class=\"l-section wpb_row height_medium full_height valign_center with_img\" id=\"kontakt\"><div class=\"l-section-img\" role=\"img\" data-img-width=\"2000\" data-img-height=\"1122\" style=\"background-image: url(https:\/\/rau.de\/wp-content\/uploads\/bg.jpg);\"><\/div><div class=\"l-section-h i-cf\"><div class=\"g-cols vc_row via_flex valign_top type_default stacking_default\"><div class=\"vc_col-sm-12 wpb_column vc_column_container\"><div class=\"vc_column-inner\"><div class=\"wpb_wrapper\"><div class=\"g-cols wpb_row content_top via_flex valign_top type_default stacking_default\"><div class=\"vc_col-sm-12 wpb_column vc_column_container\"><div class=\"vc_column-inner\"><div class=\"wpb_wrapper\"><h1 class=\"w-post-elm post_title entry-title color_link_inherit\">Kontakt<\/h1><\/div><\/div><\/div><\/div><div class=\"g-cols wpb_row us_custom_4fb9e5a3 content_text via_flex valign_top type_default stacking_default\"><div class=\"vc_col-sm-6 wpb_column vc_column_container\"><div class=\"vc_column-inner\"><div class=\"wpb_wrapper\"><div class=\"wpb_text_column mb-30\"><div class=\"wpb_wrapper\"><p>Czy maj\u0105 Pa\u0144stwo jakie\u015b pytania lub potrzebuj\u0105 wi\u0119cej informacji?<br \/>\nProsz\u0119 skorzysta\u0107 z formularza kontaktowego lub zadzwoni\u0107 do nas!<br \/>\nCzekamy na Pa\u0144stwa kontakt z nami.<\/p>\n<\/div><\/div>[vc_widget_sidebar sidebar_id=&#8221;us_widget_area_kontakt&#8221; el_class=&#8221;side_contact&#8221;]<\/div><\/div><\/div><div class=\"vc_col-sm-6 wpb_column vc_column_container\"><div class=\"vc_column-inner\"><div class=\"wpb_wrapper\"><div class=\"wpb_text_column\"><div class=\"wpb_wrapper\"><h2>Formularz kontaktowy<\/h2>\n\n<div class=\"wpcf7 no-js\" id=\"wpcf7-f14632-o1\" lang=\"de-DE\" dir=\"ltr\" data-wpcf7-id=\"14632\">\n<div class=\"screen-reader-response\"><p role=\"status\" aria-live=\"polite\" aria-atomic=\"true\"><\/p> <ul><\/ul><\/div>\n<form action=\"\/pl\/wp-json\/wp\/v2\/pages\/1011#wpcf7-f14632-o1\" method=\"post\" class=\"wpcf7-form init\" aria-label=\"Kontaktformular\" enctype=\"multipart\/form-data\" novalidate=\"novalidate\" data-status=\"init\">\n<fieldset class=\"hidden-fields-container\"><input type=\"hidden\" name=\"_wpcf7\" value=\"14632\" \/><input type=\"hidden\" name=\"_wpcf7_version\" value=\"6.1.5\" \/><input type=\"hidden\" name=\"_wpcf7_locale\" value=\"de_DE\" \/><input type=\"hidden\" name=\"_wpcf7_unit_tag\" value=\"wpcf7-f14632-o1\" \/><input type=\"hidden\" name=\"_wpcf7_container_post\" value=\"0\" \/><input type=\"hidden\" name=\"_wpcf7_posted_data_hash\" value=\"\" \/><input type=\"hidden\" name=\"_wpcf7cf_hidden_group_fields\" value=\"[]\" \/><input type=\"hidden\" name=\"_wpcf7cf_hidden_groups\" value=\"[]\" \/><input type=\"hidden\" name=\"_wpcf7cf_visible_groups\" value=\"[]\" \/><input type=\"hidden\" name=\"_wpcf7cf_repeaters\" value=\"[]\" \/><input type=\"hidden\" name=\"_wpcf7cf_steps\" value=\"{}\" \/><input type=\"hidden\" name=\"_wpcf7cf_options\" value=\"{&quot;form_id&quot;:14632,&quot;conditions&quot;:[{&quot;then_field&quot;:&quot;firma&quot;,&quot;and_rules&quot;:[{&quot;if_field&quot;:&quot;anfrage&quot;,&quot;operator&quot;:&quot;equals&quot;,&quot;if_value&quot;:&quot;Biznesowe&quot;}]},{&quot;then_field&quot;:&quot;upload&quot;,&quot;and_rules&quot;:[{&quot;if_field&quot;:&quot;hoch&quot;,&quot;operator&quot;:&quot;equals&quot;,&quot;if_value&quot;:&quot;Chc\\u0119 przes\\u0142a\\u0107 pliki&quot;}]}],&quot;settings&quot;:{&quot;animation&quot;:&quot;yes&quot;,&quot;animation_intime&quot;:200,&quot;animation_outtime&quot;:200,&quot;conditions_ui&quot;:&quot;normal&quot;,&quot;notice_dismissed&quot;:false,&quot;notice_dismissed_rollback-cf7-5.8.4&quot;:true}}\" \/>\n<\/fieldset>\n<div class=\"g-cols vc_row type_default valign_top\">\n\t<div class=\"vc_col-sm-6 wpb_column vc_column_container\">\n\t\t<div class=\"vc_column-inner\">\n\t\t\t<p>Rodzaj zapytania *\n\t\t\t<\/p>\n\t\t<\/div>\n\t<\/div>\n\t<div class=\"vc_col-sm-6 wpb_column vc_column_container\">\n\t\t<div class=\"vc_column-inner\">\n\t\t\t<p><span class=\"wpcf7-form-control-wrap\" data-name=\"anfrage\"><span class=\"wpcf7-form-control wpcf7-checkbox wpcf7-validates-as-required wpcf7-exclusive-checkbox\"><span class=\"wpcf7-list-item first\"><input type=\"checkbox\" name=\"anfrage\" value=\"Biznesowe\" \/><span class=\"wpcf7-list-item-label\">Biznesowe<\/span><\/span><span class=\"wpcf7-list-item last\"><input type=\"checkbox\" name=\"anfrage\" value=\"Prywatne\" \/><span class=\"wpcf7-list-item-label\">Prywatne<\/span><\/span><\/span><\/span>\n\t\t\t<\/p>\n\t\t<\/div>\n\t<\/div>\n<\/div>\n<div class=\"g-cols vc_row type_default valign_top\">\n\t<div class=\"vc_col-sm-6 wpb_column vc_column_container\">\n\t\t<div class=\"vc_column-inner\">\n\t\t\t<div data-id=\"firma\" data-orig_data_id=\"firma\"  class=\"\" data-class=\"wpcf7cf_group\">\n\t\t\t\t<p><span class=\"wpcf7-form-control-wrap\" data-name=\"firma\"><input size=\"40\" maxlength=\"400\" class=\"wpcf7-form-control wpcf7-text\" aria-invalid=\"false\" placeholder=\"nazwa firmy\" value=\"\" type=\"text\" name=\"firma\" \/><\/span>\n\t\t\t\t<\/p>\n\t\t\t<\/div>\n\t\t\t<p><span class=\"wpcf7-form-control-wrap\" data-name=\"ansprech\"><input size=\"40\" maxlength=\"400\" class=\"wpcf7-form-control wpcf7-text wpcf7-validates-as-required\" aria-required=\"true\" aria-invalid=\"false\" placeholder=\"Osoba kontaktowa *\" value=\"\" type=\"text\" name=\"ansprech\" \/><\/span><br \/>\n<span class=\"wpcf7-form-control-wrap\" data-name=\"adresse\"><input size=\"40\" maxlength=\"400\" class=\"wpcf7-form-control wpcf7-text wpcf7-validates-as-required\" aria-required=\"true\" aria-invalid=\"false\" placeholder=\"Ulica + numer domu *\" value=\"\" type=\"text\" name=\"adresse\" \/><\/span><br \/>\n<span class=\"wpcf7-form-control-wrap\" data-name=\"Ort\"><input size=\"40\" maxlength=\"400\" class=\"wpcf7-form-control wpcf7-text wpcf7-validates-as-required\" aria-required=\"true\" aria-invalid=\"false\" placeholder=\"Kod pocztowy + miejscowo\u015b\u0107 *\" value=\"\" type=\"text\" name=\"Ort\" \/><\/span>\n\t\t\t<\/p>\n\t\t<\/div>\n\t<\/div>\n\t<div class=\"vc_col-sm-6 wpb_column vc_column_container\">\n\t\t<div class=\"vc_column-inner\">\n\t\t\t<p><span class=\"wpcf7-form-control-wrap\" data-name=\"email\"><input size=\"40\" maxlength=\"400\" class=\"wpcf7-form-control wpcf7-email wpcf7-validates-as-required wpcf7-text wpcf7-validates-as-email\" aria-required=\"true\" aria-invalid=\"false\" placeholder=\"Adres mailowy *\" value=\"\" type=\"email\" name=\"email\" \/><\/span><br \/>\n<span class=\"wpcf7-form-control-wrap\" data-name=\"tel\"><input size=\"40\" maxlength=\"400\" class=\"wpcf7-form-control wpcf7-tel wpcf7-validates-as-required wpcf7-text wpcf7-validates-as-tel\" aria-required=\"true\" aria-invalid=\"false\" placeholder=\"Numer telefonu *\" value=\"\" type=\"tel\" name=\"tel\" \/><\/span><br \/>\n<span class=\"mt-10\"> <span class=\"wpcf7-form-control-wrap\" data-name=\"leistungstext\"><span class=\"wpcf7-form-control wpcf7-checkbox\"><span class=\"wpcf7-list-item first last\"><input type=\"checkbox\" name=\"leistungstext[]\" value=\"\u017b\u0105danie tekstu us\u0142ugi\" \/><span class=\"wpcf7-list-item-label\">\u017b\u0105danie tekstu us\u0142ugi<\/span><\/span><\/span><\/span><\/span>\n\t\t\t<\/p>\n\t\t<\/div>\n\t<\/div>\n<\/div>\n<div class=\"g-cols vc_row type_default valign_top\">\n\t<div class=\"vc_col-sm-12 wpb_column vc_column_container\">\n\t\t<div class=\"vc_column-inner\">\n\t\t\t<p><span class=\"wpcf7-form-control-wrap\" data-name=\"textarea\"><textarea cols=\"40\" rows=\"10\" maxlength=\"2000\" class=\"wpcf7-form-control wpcf7-textarea\" aria-invalid=\"false\" placeholder=\"Notatka\" name=\"textarea\"><\/textarea><\/span>\n\t\t\t<\/p>\n\t\t<\/div>\n\t<\/div>\n<\/div>\n<div class=\"g-cols vc_row type_default valign_top\">\n\t<div class=\"vc_col-sm-10 wpb_column vc_column_container\">\n\t\t<div class=\"vc_column-inner\">\n\t\t\t<h6 class=\"mt-20\"><br \/>\n<span class=\"wpcf7-form-control-wrap\" data-name=\"hoch\"><span class=\"wpcf7-form-control wpcf7-checkbox\"><span class=\"wpcf7-list-item first last\"><input type=\"checkbox\" name=\"hoch[]\" value=\"Chc\u0119 przes\u0142a\u0107 pliki\" \/><span class=\"wpcf7-list-item-label\">Chc\u0119 przes\u0142a\u0107 pliki<\/span><\/span><\/span><\/span>\n\t\t\t<\/h6>\n\t\t<\/div>\n\t<\/div>\n<\/div>\n<div data-id=\"upload\" data-orig_data_id=\"upload\" data-clear_on_hide class=\"\" data-class=\"wpcf7cf_group\">\n\t<div class=\"g-cols vc_row type_default valign_top\">\n\t\t<div class=\"vc_col-sm-12 wpb_column vc_column_container\">\n\t\t\t<div class=\"vc_column-inner\">\n\t\t\t\t<p>Zdj\u0119cia, szkice, plany itd. Upload <small>Formaty plik\u00f3w: gif|png|jpg|jpeg|pdf Max-Size: 2mb<\/small><br \/>\n<span class=\"wpcf7-form-control-wrap\" data-name=\"media-1\"><input size=\"40\" class=\"wpcf7-form-control wpcf7-file\" accept=\".gif,.png,.jpg,.jpeg,.pdf\" aria-invalid=\"false\" type=\"file\" name=\"media-1\" \/><\/span><br \/>\n<span class=\"wpcf7-form-control-wrap\" data-name=\"media-2\"><input size=\"40\" class=\"wpcf7-form-control wpcf7-file\" accept=\".gif,.png,.jpg,.jpeg,.pdf\" aria-invalid=\"false\" type=\"file\" name=\"media-2\" \/><\/span><br \/>\n<span class=\"wpcf7-form-control-wrap\" data-name=\"media-3\"><input size=\"40\" class=\"wpcf7-form-control wpcf7-file\" accept=\".gif,.png,.jpg,.jpeg,.pdf\" aria-invalid=\"false\" type=\"file\" name=\"media-3\" \/><\/span><br \/>\n<span class=\"wpcf7-form-control-wrap\" data-name=\"media-4\"><input size=\"40\" class=\"wpcf7-form-control wpcf7-file\" accept=\".gif,.png,.jpg,.jpeg,.pdf\" aria-invalid=\"false\" type=\"file\" name=\"media-4\" \/><\/span>\n\t\t\t\t<\/p>\n\t\t\t<\/div>\n\t\t<\/div>\n\t<\/div>\n<\/div>\n<div class=\"g-cols vc_row type_default valign_top\">\n\t<div class=\"vc_col-sm-12 wpb_column vc_column_container\">\n\t\t<div class=\"vc_column-inner law_text\">\n\t\t\t<p><span class=\"wpcf7-form-control-wrap\" data-name=\"acceptance-dsgvo\"><span class=\"wpcf7-form-control wpcf7-acceptance\"><span class=\"wpcf7-list-item\"><label><input type=\"checkbox\" name=\"acceptance-dsgvo\" value=\"1\" aria-invalid=\"false\" \/><span class=\"wpcf7-list-item-label\">Wyra\u017cam zgod\u0119 na gromadzenie i przetwarzanie moich danych z formularza kontaktowego w celu udzielenia odpowiedzi na moje zapytanie. Dane zostan\u0105 usuni\u0119te po przetworzeniu Pa\u0144stwa zapytania. <br>Wskaz\u00f3wka: Zgod\u0119 na przysz\u0142o\u015b\u0107 mo\u017cna w ka\u017cdej chwili odwo\u0142a\u0107, wysy\u0142aj\u0105c e-mail na adres kontakt@rau.de. Szczeg\u00f3\u0142owe informacje dot. przetwarzania danych u\u017cytkownik\u00f3w mo\u017cna znale\u017a\u0107 w naszym  <a href=\"\/datenschutz\/\" target=\"_blank\">o\u015bwiadczeniu o ochronie danych osobowych<\/a>.<\/span><\/label><\/span><\/span><\/span>\n\t\t\t<\/p>\n\t\t\t<p><span class=\"wpcf7-form-control-wrap\" data-name=\"kontakt\"><span class=\"wpcf7-form-control wpcf7-acceptance\"><span class=\"wpcf7-list-item\"><label><input type=\"checkbox\" name=\"kontakt\" value=\"1\" aria-invalid=\"false\" \/><span class=\"wpcf7-list-item-label\">Zgadzam si\u0119, \u017ce mo\u017cna si\u0119 ze mn\u0105 kontaktowa\u0107 poczt\u0105 elektroniczn\u0105 lub telefonicznie.<\/span><\/label><\/span><\/span><\/span>\n\t\t\t<\/p>\n\t\t<\/div>\n\t<\/div>\n<\/div>\n<div class=\"g-cols vc_row type_default valign_top\">\n\t<div class=\"vc_col-sm-12 wpb_column vc_column_container mt-30\">\n\t\t<div class=\"vc_column-inner \">\n\t\t\t<div style=\"border: 1px solid #cccccc; font-size:13px; line-height:16px; padding:20px 20px 20px 20px; max-width:275px; margin-bottom:20px;\">\n\t\t\t\t<p>Spam protection:<br \/>\n<div class=\"dscf7-captcha-container\"><input name=\"dscf7_hidden_val1-dscf7captcha-366\" id=\"dscf7_hidden_val1-dscf7captcha-366\" type=\"hidden\" value=\"3\" \/><input name=\"dscf7_hidden_val2-dscf7captcha-366\" id=\"dscf7_hidden_val2-dscf7captcha-366\" type=\"hidden\" value=\"7\" \/><input name=\"dscf7_hidden_action-dscf7captcha-366\" id=\"dscf7_hidden_action-dscf7captcha-366\" type=\"hidden\" value=\"+\" \/><div class=\"dscf7-question-container\"><span class=\"dscf7_lt\">What is 7 + 3 ? <a href=\"javascript:void(0)\" id=\"dscf7captcha-366\" class=\"dscf7_refresh_captcha\" aria-label=\"Refresh captcha\"><img decoding=\"async\" class=\"dscf7_captcha_icon\" src=\"https:\/\/rau.de\/wp-content\/plugins\/ds-cf7-math-captcha\/assets\/img\/icons8-refresh-30.png\" alt=\"Refresh icon\"\/><img decoding=\"async\" class=\"dscf7_captcha_reload_icon\" src=\"https:\/\/rau.de\/wp-content\/plugins\/ds-cf7-math-captcha\/assets\/img\/446bcd468478f5bfb7b4e5c804571392_w200.gif\" alt=\"Refreshing captcha\" style=\"display:none; width:30px\" \/><\/a><\/span><\/div><div class=\"dscf7-answer-container\"><label for=\"dscf7captcha-366-input\" class=\"screen-reader-text\">Answer for 7 + 3<\/label><span class=\"wpcf7-form-control-wrap\" data-name=\"dscf7captcha-366\"><input type=\"text\" id=\"dscf7captcha-366-input\" aria-label=\"Answer for 7 + 3\" class=\"wpcf7-form-control wpcf7-text\" size=\"5\" value=\"\" name=\"dscf7captcha-366\" placeholder=\"Type your answer\" style=\"\" oninput=\"this.value = this.value.replace(\/[^0-9.]\/g, '').replace(\/(\\..*)\\.\/g, '$1');\"><\/span><input type=\"hidden\" name=\"ds_cf7_nonce\" value=\"0ea770ab4e\"><\/div><\/div>\n\t\t\t<\/div>\n\t\t\t<p><input class=\"wpcf7-form-control wpcf7-submit has-spinner\" type=\"submit\" value=\"Prze\u015blij formularz kontaktowy\" \/>\n\t\t\t<\/p>\n\t\t<\/div>\n\t<\/div>\n<\/div><div class=\"wpcf7-response-output\" aria-hidden=\"true\"><\/div>\n<\/form>\n<\/div>\n\n<\/div><\/div><\/div><\/div><\/div><\/div><\/div><\/div><\/div><\/div><\/div><\/section>\n","protected":false},"excerpt":{"rendered":"KontaktCzy maj\u0105 Pa\u0144stwo jakie\u015b pytania lub potrzebuj\u0105 wi\u0119cej informacji? Prosz\u0119 skorzysta\u0107 z formularza kontaktowego lub zadzwoni\u0107 do nas! Czekamy na Pa\u0144stwa kontakt z nami. [vc_widget_sidebar sidebar_id=\"us_widget_area_kontakt\" el_class=\"side_contact\"]Formularz kontaktowy Rodzaj zapytania * BiznesowePrywatne \u017b\u0105danie tekstu us\u0142ugi Chc\u0119 przes\u0142a\u0107 pliki Zdj\u0119cia, szkice, plany itd. Upload Formaty plik\u00f3w: gif|png|jpg|jpeg|pdf Max-Size: 2mb Wyra\u017cam zgod\u0119 na gromadzenie i przetwarzanie moich...","protected":false},"author":1,"featured_media":0,"parent":0,"menu_order":0,"comment_status":"closed","ping_status":"closed","template":"","meta":{"footnotes":""},"class_list":["post-1011","page","type-page","status-publish","hentry"],"yoast_head":"<!-- This site is optimized with the Yoast SEO plugin v27.4 - https:\/\/yoast.com\/product\/yoast-seo-wordpress\/ -->\n<title>Kontakt \u2709 | ekrany akustyczne Rau \ud83c\udf43<\/title>\n<meta name=\"description\" content=\"Skontaktuj si\u0119 z nami ju\u017c dzi\u015b! | \ud83d\udce9 kontakt@rau.de | \u260e +49 (0)30 397 488 64 | RAU L\u00e4rmschutzw\u00e4nde \u2013 Geosystem GBK GmbH\" \/>\n<meta name=\"robots\" content=\"index, follow, max-snippet:-1, max-image-preview:large, max-video-preview:-1\" \/>\n<link rel=\"canonical\" href=\"https:\/\/rau.de\/pl\/kontakt\/\" \/>\n<meta property=\"og:locale\" content=\"pl_PL\" \/>\n<meta property=\"og:type\" content=\"article\" \/>\n<meta property=\"og:title\" content=\"Kontakt \u2709 | ekrany akustyczne Rau \ud83c\udf43\" \/>\n<meta property=\"og:description\" content=\"Skontaktuj si\u0119 z nami ju\u017c dzi\u015b! | \ud83d\udce9 kontakt@rau.de | \u260e +49 (0)30 397 488 64 | RAU L\u00e4rmschutzw\u00e4nde \u2013 Geosystem GBK GmbH\" \/>\n<meta property=\"og:url\" content=\"https:\/\/rau.de\/pl\/kontakt\/\" \/>\n<meta property=\"og:site_name\" content=\"Rau | L\u00e4rmschutzw\u00e4nde\" \/>\n<meta property=\"article:modified_time\" content=\"2021-11-02T15:31:56+00:00\" \/>\n<meta property=\"og:image\" content=\"https:\/\/rau.de\/wp-content\/uploads\/rau.de-begruente-laermschutzwand-2015-08-23-sonderteile-2.jpg\" \/>\n\t<meta property=\"og:image:width\" content=\"1920\" \/>\n\t<meta property=\"og:image:height\" content=\"1146\" \/>\n\t<meta property=\"og:image:type\" content=\"image\/jpeg\" \/>\n<meta name=\"twitter:card\" content=\"summary_large_image\" \/>\n<meta name=\"twitter:label1\" content=\"Szacowany czas czytania\" \/>\n\t<meta name=\"twitter:data1\" content=\"1 minuta\" \/>\n<script type=\"application\/ld+json\" class=\"yoast-schema-graph\">{\"@context\":\"https:\\\/\\\/schema.org\",\"@graph\":[{\"@type\":\"WebPage\",\"@id\":\"https:\\\/\\\/rau.de\\\/pl\\\/kontakt\\\/\",\"url\":\"https:\\\/\\\/rau.de\\\/pl\\\/kontakt\\\/\",\"name\":\"Kontakt \u2709 | ekrany akustyczne Rau \ud83c\udf43\",\"isPartOf\":{\"@id\":\"https:\\\/\\\/rau.de\\\/pl\\\/#website\"},\"datePublished\":\"2019-08-05T13:33:02+00:00\",\"dateModified\":\"2021-11-02T15:31:56+00:00\",\"description\":\"Skontaktuj si\u0119 z nami ju\u017c dzi\u015b! | \ud83d\udce9 kontakt@rau.de | \u260e +49 (0)30 397 488 64 | RAU L\u00e4rmschutzw\u00e4nde \u2013 Geosystem GBK GmbH\",\"breadcrumb\":{\"@id\":\"https:\\\/\\\/rau.de\\\/pl\\\/kontakt\\\/#breadcrumb\"},\"inLanguage\":\"pl-PL\",\"potentialAction\":[{\"@type\":\"ReadAction\",\"target\":[\"https:\\\/\\\/rau.de\\\/pl\\\/kontakt\\\/\"]}]},{\"@type\":\"BreadcrumbList\",\"@id\":\"https:\\\/\\\/rau.de\\\/pl\\\/kontakt\\\/#breadcrumb\",\"itemListElement\":[{\"@type\":\"ListItem\",\"position\":1,\"name\":\"Startseite\",\"item\":\"https:\\\/\\\/rau.de\\\/pl\\\/\"},{\"@type\":\"ListItem\",\"position\":2,\"name\":\"Kontakt\"}]},{\"@type\":\"WebSite\",\"@id\":\"https:\\\/\\\/rau.de\\\/pl\\\/#website\",\"url\":\"https:\\\/\\\/rau.de\\\/pl\\\/\",\"name\":\"Rau | L\u00e4rmschutzw\u00e4nde\",\"description\":\"Entwicklung und Umsetzung von L\u00e4rmschutzwand und Schallschutzwand\",\"publisher\":{\"@id\":\"https:\\\/\\\/rau.de\\\/pl\\\/#organization\"},\"potentialAction\":[{\"@type\":\"SearchAction\",\"target\":{\"@type\":\"EntryPoint\",\"urlTemplate\":\"https:\\\/\\\/rau.de\\\/pl\\\/?s={search_term_string}\"},\"query-input\":{\"@type\":\"PropertyValueSpecification\",\"valueRequired\":true,\"valueName\":\"search_term_string\"}}],\"inLanguage\":\"pl-PL\"},{\"@type\":\"Organization\",\"@id\":\"https:\\\/\\\/rau.de\\\/pl\\\/#organization\",\"name\":\"RAU L\u00e4rmschutzw\u00e4nde \u2013 Geosystem GBK GmbH\",\"url\":\"https:\\\/\\\/rau.de\\\/pl\\\/\",\"logo\":{\"@type\":\"ImageObject\",\"inLanguage\":\"pl-PL\",\"@id\":\"https:\\\/\\\/rau.de\\\/pl\\\/#\\\/schema\\\/logo\\\/image\\\/\",\"url\":\"https:\\\/\\\/rau.de\\\/wp-content\\\/uploads\\\/web_logo.png\",\"contentUrl\":\"https:\\\/\\\/rau.de\\\/wp-content\\\/uploads\\\/web_logo.png\",\"width\":249,\"height\":127,\"caption\":\"RAU L\u00e4rmschutzw\u00e4nde \u2013 Geosystem GBK GmbH\"},\"image\":{\"@id\":\"https:\\\/\\\/rau.de\\\/pl\\\/#\\\/schema\\\/logo\\\/image\\\/\"}}]}<\/script>\n<!-- \/ Yoast SEO plugin. -->","yoast_head_json":{"title":"Kontakt \u2709 | ekrany akustyczne Rau \ud83c\udf43","description":"Skontaktuj si\u0119 z nami ju\u017c dzi\u015b! | \ud83d\udce9 kontakt@rau.de | \u260e +49 (0)30 397 488 64 | RAU L\u00e4rmschutzw\u00e4nde \u2013 Geosystem GBK GmbH","robots":{"index":"index","follow":"follow","max-snippet":"max-snippet:-1","max-image-preview":"max-image-preview:large","max-video-preview":"max-video-preview:-1"},"canonical":"https:\/\/rau.de\/pl\/kontakt\/","og_locale":"pl_PL","og_type":"article","og_title":"Kontakt \u2709 | ekrany akustyczne Rau \ud83c\udf43","og_description":"Skontaktuj si\u0119 z nami ju\u017c dzi\u015b! | \ud83d\udce9 kontakt@rau.de | \u260e +49 (0)30 397 488 64 | RAU L\u00e4rmschutzw\u00e4nde \u2013 Geosystem GBK GmbH","og_url":"https:\/\/rau.de\/pl\/kontakt\/","og_site_name":"Rau | L\u00e4rmschutzw\u00e4nde","article_modified_time":"2021-11-02T15:31:56+00:00","og_image":[{"width":1920,"height":1146,"url":"https:\/\/rau.de\/wp-content\/uploads\/rau.de-begruente-laermschutzwand-2015-08-23-sonderteile-2.jpg","type":"image\/jpeg"}],"twitter_card":"summary_large_image","twitter_misc":{"Szacowany czas czytania":"1 minuta"},"schema":{"@context":"https:\/\/schema.org","@graph":[{"@type":"WebPage","@id":"https:\/\/rau.de\/pl\/kontakt\/","url":"https:\/\/rau.de\/pl\/kontakt\/","name":"Kontakt \u2709 | ekrany akustyczne Rau \ud83c\udf43","isPartOf":{"@id":"https:\/\/rau.de\/pl\/#website"},"datePublished":"2019-08-05T13:33:02+00:00","dateModified":"2021-11-02T15:31:56+00:00","description":"Skontaktuj si\u0119 z nami ju\u017c dzi\u015b! | \ud83d\udce9 kontakt@rau.de | \u260e +49 (0)30 397 488 64 | RAU L\u00e4rmschutzw\u00e4nde \u2013 Geosystem GBK GmbH","breadcrumb":{"@id":"https:\/\/rau.de\/pl\/kontakt\/#breadcrumb"},"inLanguage":"pl-PL","potentialAction":[{"@type":"ReadAction","target":["https:\/\/rau.de\/pl\/kontakt\/"]}]},{"@type":"BreadcrumbList","@id":"https:\/\/rau.de\/pl\/kontakt\/#breadcrumb","itemListElement":[{"@type":"ListItem","position":1,"name":"Startseite","item":"https:\/\/rau.de\/pl\/"},{"@type":"ListItem","position":2,"name":"Kontakt"}]},{"@type":"WebSite","@id":"https:\/\/rau.de\/pl\/#website","url":"https:\/\/rau.de\/pl\/","name":"Rau | L\u00e4rmschutzw\u00e4nde","description":"Entwicklung und Umsetzung von L\u00e4rmschutzwand und Schallschutzwand","publisher":{"@id":"https:\/\/rau.de\/pl\/#organization"},"potentialAction":[{"@type":"SearchAction","target":{"@type":"EntryPoint","urlTemplate":"https:\/\/rau.de\/pl\/?s={search_term_string}"},"query-input":{"@type":"PropertyValueSpecification","valueRequired":true,"valueName":"search_term_string"}}],"inLanguage":"pl-PL"},{"@type":"Organization","@id":"https:\/\/rau.de\/pl\/#organization","name":"RAU L\u00e4rmschutzw\u00e4nde \u2013 Geosystem GBK GmbH","url":"https:\/\/rau.de\/pl\/","logo":{"@type":"ImageObject","inLanguage":"pl-PL","@id":"https:\/\/rau.de\/pl\/#\/schema\/logo\/image\/","url":"https:\/\/rau.de\/wp-content\/uploads\/web_logo.png","contentUrl":"https:\/\/rau.de\/wp-content\/uploads\/web_logo.png","width":249,"height":127,"caption":"RAU L\u00e4rmschutzw\u00e4nde \u2013 Geosystem GBK GmbH"},"image":{"@id":"https:\/\/rau.de\/pl\/#\/schema\/logo\/image\/"}}]}},"_links":{"self":[{"href":"https:\/\/rau.de\/pl\/wp-json\/wp\/v2\/pages\/1011","targetHints":{"allow":["GET"]}}],"collection":[{"href":"https:\/\/rau.de\/pl\/wp-json\/wp\/v2\/pages"}],"about":[{"href":"https:\/\/rau.de\/pl\/wp-json\/wp\/v2\/types\/page"}],"author":[{"embeddable":true,"href":"https:\/\/rau.de\/pl\/wp-json\/wp\/v2\/users\/1"}],"replies":[{"embeddable":true,"href":"https:\/\/rau.de\/pl\/wp-json\/wp\/v2\/comments?post=1011"}],"version-history":[{"count":3,"href":"https:\/\/rau.de\/pl\/wp-json\/wp\/v2\/pages\/1011\/revisions"}],"predecessor-version":[{"id":14633,"href":"https:\/\/rau.de\/pl\/wp-json\/wp\/v2\/pages\/1011\/revisions\/14633"}],"wp:attachment":[{"href":"https:\/\/rau.de\/pl\/wp-json\/wp\/v2\/media?parent=1011"}],"curies":[{"name":"wp","href":"https:\/\/api.w.org\/{rel}","templated":true}]}}