{"id":9562,"date":"2020-08-25T14:56:09","date_gmt":"2020-08-25T12:56:09","guid":{"rendered":"https:\/\/rau.de\/?page_id=9562"},"modified":"2021-10-21T14:48:44","modified_gmt":"2021-10-21T12:48:44","slug":"geluidsschermen","status":"publish","type":"page","link":"https:\/\/rau.de\/nl\/geluidsschermen\/","title":{"rendered":"Geluidsschermen"},"content":{"rendered":"<section class=\"l-section wpb_row height_medium full_height valign_center with_img parallax_fixed\" id=\"kontakt\"><div class=\"l-section-img\" role=\"img\" data-img-width=\"2000\" data-img-height=\"1122\" style=\"background-image: url(https:\/\/rau.de\/wp-content\/uploads\/bg.jpg);\"><\/div><div class=\"l-section-h i-cf\"><div class=\"g-cols vc_row via_flex valign_top type_default stacking_default\"><div class=\"vc_col-sm-12 wpb_column vc_column_container\"><div class=\"vc_column-inner\"><div class=\"wpb_wrapper\"><div class=\"g-cols wpb_row content_top via_flex valign_top type_default stacking_default\"><div class=\"vc_col-sm-12 wpb_column vc_column_container\"><div class=\"vc_column-inner\"><div class=\"wpb_wrapper\"><h1 class=\"w-post-elm post_title entry-title color_link_inherit\">Geluidsschermen<\/h1><\/div><\/div><\/div><\/div><div class=\"g-cols wpb_row us_custom_4fb9e5a3 content_text via_flex valign_top type_default stacking_default\"><div class=\"vc_col-sm-12 wpb_column vc_column_container\"><div class=\"vc_column-inner\"><div class=\"wpb_wrapper\"><div class=\"wpb_text_column\"><div class=\"wpb_wrapper\"><h2><span lang=\"NL\">Groene geluidsbescherming langs wegen: ecologisch, duurzaam en onderhoudsarm.<\/span><\/h2>\n<p><span lang=\"NL\">Begroeide geluidsschermen hebben een veelzijdig nut: ze zijn niet alleen ecologische en duurzaam, maar passen ook harmonieus in het landschappelijke totaalbeeld. Waar betonwanden er kaal en onaantrekkelijk uitzien, blijken begroeide geluidsschermen voor wegen natuurlijke elementen te zijn, die geluid afschermen en bovendien onopvallend in de omgeving opgaan.<\/span><\/p>\n<p><span lang=\"NL\">Woongebieden en natuurgebieden die langs provinciale wegen of snelwegen liggen, zijn meestal onderworpen aan een hoog geluidsniveau. Enqu\u00eates van het Duitse milieubureau laten zien dat veel inwoners zich gestoord en beperkt voelen door de constante geluidsbelasting door motor- en rijgeluiden. Geluidsschermen langs snelwegen en grotere wegen zijn daarom een belangrijk middel om de levenskwaliteit van aanwonenden, en van de levende wezens in de natuur, te verbeteren.<\/span><\/p>\n<h2><span lang=\"NL\">Waarom groene geluidsschermen van RAU langs straten en snelwegen bouwen?<\/span><\/h2>\n<p><span lang=\"NL\">Door verschillende bouwkundige maatregelen zoals fluisterasfalt of geluidswallen kan de belasting op zwaartepunten aanzienlijk worden verlaagd. Juist groene geluidsschermen brengen vanwege hun eigenschappen bijzondere voordelen met zich mee: ze zijn duurzaam en ecologisch, aangezien ze de lokale fauna ongestoorde rustruimte en nestmogelijkheden bieden.<\/span><\/p>\n<p><span lang=\"NL\">Elke geluidsbeschermingsbouw bevat individuele vereisten met betrekking tot ondergrond, berm en beschikbare ruimte. Met een flexibel systeem en veel ervaring kunnen we perfect inspelen op alle omstandigheden en onze geluidsbeschermingsprojecten aanpassen. Onze bouwmaterialen brengen eveneens veel voordelen voor u mee:<\/span><\/p>\n<p><span lang=\"NL\">&gt; Modulaire bouwelementen voor het uitvoeren van projecten van elke maat in een korte bouwtijd<\/span><\/p>\n<p><span lang=\"NL\">&gt; Ecologische constructie met focus op duurzaamheid en milieuvriendelijkheid<\/span><\/p>\n<p><span lang=\"NL\">&gt; Robuuste constructie met materialen met een lange levensduur<\/span><\/p>\n<p><span lang=\"NL\">&gt; Verschillende modellen die zich aanpassen aan de omstandigheden ter plaatse<\/span><\/p>\n<p><span lang=\"NL\">&gt; Op maat gemaakte begroeiing volgens uw wensen<\/span><\/p>\n<p><span lang=\"NL\">&gt; Gegarandeerde kwaliteit van alle gebruikte materialen<\/span><\/p>\n<p><span lang=\"NL\">Voor uw project bekijken onze ingenieurs alles nauwkeurig: plaats, locatie, bermverloop en wandhoogte. We helpen u verder als het gaan om aanbestedingen, plannen en geluidsbeschermingsvergunningen. Voor welk geluidsbeschermingssysteem u ook kiest: we staan voor u klaar met ervaring, knowhow en een probleemloze uitvoering.<\/span><\/p>\n<h2><span lang=\"NL\">Wat zijn groene geluidsschermen langs straten en snelwegen?<\/span><\/h2>\n<p><span lang=\"NL\">Begroeide RAU-geluidsschermen voor snelwegen combineren milieubewust bouwen, technische knowhow en een aantrekkelijk design. Uit verschillende basisproducten ontwerpen onze architecten geluidsschermen voor elke vereiste &#8211; altijd duurzaam en begroeid.<\/span><\/p>\n<p><span lang=\"NL\">Hard geluid ontstaat vooral in de vorm van verkeersgeluid langs hoofdverkeersaders zoals snelwegen, spoorlijnen en provinciale wegen. Vaak leiden deze direct langs woonwijken of te beschermen natuurgebieden. Met moderne en ecologische geluidsschermen van RAU kan een effectieve geluidsbescherming worden geplaatst die in de omgeving past en met de beplanting niet alleen optische effecten bereikt.<\/span><\/p>\n<p><span lang=\"NL\">Alle geluidsbeschermingssystemen van RAU zijn 100% ecologisch en door de beplanting verminderen ze fijnstof en absorberen ze veel geluid &#8211; en dat aan beide zijden. Voor het onderhoud van de begroeide geluidsschermen voor snelwegen is amper inspanning nodig. Alle geluidsbeschermingssystemen kunnen modulair, tegen een gunstige prijs en langdurig worden geplaatst en eenvoudig worden gecombineerd. UV-bestendige materialen zorgen voor een hoge corrosiebestendigheid.<\/span><\/p>\n<h2><span lang=\"NL\">Welke mogelijkheden hebt u om begroeide geluidsschermen langs wegen te plaatsen?<\/span><\/h2>\n<p><span lang=\"NL\">Dankzij de grote keuze aan geluidsschermen voor straten en snelwegen in verschillende breedtes, groottes en met verschillende functies, bieden wij van RAU een op maat gemaakt arrangement voor uw behoeften en de vereisten van de omgeving.<\/span><\/p>\n<h4><a href=\"https:\/\/rau.de\/nl\/produkt\/rau-r3-extensiv-geluidswerende-wand-tot-12-meter-hoog\/\"><span lang=\"NL\">De allrounder: het RAU R3 Extensiv geluidsscherm &#8211; eenvoudig, snel ge\u00efnstalleerd en stabiel<\/span><\/a><\/h4>\n<p><span lang=\"NL\">De tot twaalf meter hoge RAU R3 Extensiv-geluidsschermen kunnen eenvoudig en snel worden opgebouwd. Deze stabiele, trapeziumvormig toelopende geluidswanden voor straten, snelwegen en spoorlijnen bestaan uit een massieve stalen korf, die wordt samengesteld uit een draagprofiel, verticale stangen en buitenmatten. Door het modulaire constructiesysteem kan de stalen korf van geluidsscherm R3 bij de opbouw heel eenvoudig in elkaar worden gestoken. De buitenzijden van de geluidswal zijn voorzien van een rooster waarop klimplanten kunnen groeien. Geluidsscherm R3 kan worden gevuld met alle vrijstromende en verdichtende materialen zoals zand, kiezel of RC-materialen.<\/span><\/p>\n<p><span lang=\"NL\">De onderbouw bestaat uit een enkelvoudige reinigingslaag van split. Ook langs bochtige wegen, bij verspringende hoogtes of een oneffen ondergrond is de plaatsing geen probleem. Afhankelijk van hoeveel plek er beschikbaar is, kan de geluidsbescherming tegen verkeerslawaai zonder grote meerkosten breder of smaller worden gebouwd (kroonbreedte tussen 60 en 80 cm).<\/span><\/p>\n<p><span lang=\"NL\">Deze geluidsbeschermings langs straten en snelwegen is zeer absorberend zodat woonwijken of natuurgebieden erachter in aangename rust liggen. Hier houden onze architecten eveneens rekening met de individuele vereisten van de omgeving zoals de integratie van het geluidsscherm in de omgeving.<\/span><\/p>\n<p><i><span lang=\"NL\">Alle voordelen van de RAU R3 in een oogopslag:<\/span><\/i><\/p>\n<p><span lang=\"NL\">&gt; Biedt de hoogste geluidsbeschermingswaarden van 55 dB tot 68 dB<\/span><\/p>\n<p><span lang=\"NL\">&gt; Beste geluidsbescherming tegen verkeersgeluid door een massa van minimaal 800 kg\/m2.<\/span><\/p>\n<p><span lang=\"NL\">&gt; Enorm lange levensduur, bewezen voor alle onderdelen<\/span><\/p>\n<p><span lang=\"NL\">&gt; Beste prijs-\/kwaliteitverhouding op de markt<\/span><\/p>\n<p><span lang=\"NL\">&gt; Duurzaam en toch gunstig geprijsd<\/span><\/p>\n<h4><a href=\"https:\/\/rau.de\/nl\/produkt\/rau-alpin-hoogte-tot-10-meter\/\"><span lang=\"NL\">Natuurlijk van steen: het RAU Alpin-geluidsscherm voor effici\u00ebnte geluidswering<\/span><\/a><\/h4>\n<p><span lang=\"NL\">Net zoals het RAU R3 Extensiv-geluidsscherm bevat ook het RAU Alpin-geluidsscherm voor snelwegen en straten een stalen korf aan de binnenzijde. Deze zorgt op betonnen sokkels en met een dragende laag van gerecycled materiaal voor stabiliteit en een solide frame tot twaalf meter hoogte. Voor een optimale geluidsbescherming zorgt de monolithische zandkern waarmee het stalen binnenframe is opgevuld.<\/span><\/p>\n<p><span lang=\"NL\">Rondom het draagframe wordt bij deze geluidsschermen voor snelwegen een stalen korf geplaatst die met verschillende soorten stenen kan worden gevuld: u kunt kiezen uit graniet, split of lavastenen. Daarbij kan de keuze van de steen qua kleur worden aangepast aan de omgeving, zodat het geluidsscherm harmonieus in de omgeving integreert. Als aanvulling op het natuurlijke steendesign kunnen klimplanten langs het rooster omhoog groeien.<\/span><\/p>\n<p><span lang=\"NL\">De stabiele constructie en vaste zandkern van het geluidsscherm Alpin zorgen voor een optimale geluidsreductie aan de andere zijde. Onze architecten stemmen ook hier hun plannen voor het scherm af op de omstandigheden ter plaatse.<\/span><\/p>\n<p><i><span lang=\"NL\">Alle voordelen van het RAU Alpin-geluidsscherm in een overzicht:<\/span><\/i><\/p>\n<p><span lang=\"NL\">&gt; Hoogste geluidsbeschermingswaarden<\/span><\/p>\n<p><span lang=\"NL\">&gt; Probleemloos begroeibaar<\/span><\/p>\n<p><span lang=\"NL\">&gt; Natuurlijk uiterlijk van een natuurstenen schanskorf<\/span><\/p>\n<p><span lang=\"NL\">&gt; Monolithische, volledig voegloze zandkern<\/span><\/p>\n<p><span lang=\"NL\">&gt; Probleemloos te combineren met andere RAU-geluidsschermen voor snelwegen en straten<\/span><\/p>\n<h4><a href=\"https:\/\/rau.de\/nl\/produkt\/rau-rock-extensiv-geluidsscherm-tot-10-meter-hoog\/\"><span lang=\"NL\">Snel, smal, groen: het RAU Rock Extensiv-geluidsscherm<\/span><\/a><\/h4>\n<p><span lang=\"NL\">Praktisch en in een handomdraai geplaatst is het RAU Rock Extensiv-geluidsscherm langs veelgebruikte wegen en andere geluidsbronnen om motor- en andere geluid weg te houden van woonwijken. Waar huizen bijna direct langs grotere wegen staan, is in de regel geen plek voor een geluidsscherm. Daarom bieden we u dit pragmatische en ecologische geluidsschermsysteem met een minimale breedte van maar 130 millimeter. De afzonderlijke elementen kunnen voorgemonteerd naar de plaatsingslocatie worden gebracht en door een insteeksysteem met weinig moeite worden geplaatst. Alleen het sokkelelement met dieptefundering moet worden voorbereid.<\/span><\/p>\n<p><span lang=\"NL\">Van buiten is het oppervlak van RAU Rock bijna niet te onderscheiden van bredere wanden. Net zoals bij de andere geluidsschermen uit ons portfolio kunnen klimplanten langs het buitenrooster groeien en het oppervlak van het geluidsscherm een mooie groene kleur geven.<\/span><\/p>\n<p><span lang=\"NL\">Voor een optimale geluidsbescherming controleren onze architecten vooraf of een combinatie met andere geluidsschermsystemen nuttig is.<\/span><\/p>\n<h4><a href=\"https:\/\/rau.de\/nl\/produkt\/rau-photovoltaik-hoogte-tot-10-meter\/\"><span lang=\"NL\">Innovatie in geluidsbescherming: het RAU Photovoltaik-geluidsscherm voor dubbel voordeel<\/span><\/a><\/h4>\n<p><span lang=\"NL\">Als onderneming die steeds ge\u00efnteresseerd is om op gebied van ecologie en rendabiliteit een stap vooruit te lopen, bewandelen we nieuwe wegen voor geluidsbescherming langs wegen. Het wordt namelijk dubbel zo ecologisch als groene geluidsbescherming en duurzame energie samen worden gebracht &#8211; en daarvoor zorgt het RAU Photovoltaik-geluidsscherm.<\/span><\/p>\n<p><span lang=\"NL\">Samen met onze partners uit de solarbranche konden we een revolutionair idee in de praktijk brengen: waarom niet de oppervlakken van geluidsschermen gebruiken voor het opwekken van stroom? Zo ontstond het eerste groene geluidsscherm met zonnetechnologie ter wereld in Beieren &#8211; gebouwd door RAU. Daarmee wordt al sinds 10 jaar stroom en zuurstof geproduceerd en fijnstof en CO2 opgenomen.<\/span><\/p>\n<p><span lang=\"NL\">Het basisframe vorm ook hier de bewezen constructie van de RAU R3, die met steunen is aangepast voor het plaatsen van de zonne-installatie.<\/span><\/p>\n<h2><b><span lang=\"NL\">Wees slim &#8211; bouw met RAU<\/span><\/b><\/h2>\n<p><span lang=\"NL\">Een geluidsscherm heeft tegenwoordig duidelijk meer taken dan alleen het geluid tegenhouden. Tegenwoordig moet bij alle bouwprojecten &#8211; van woonhuis tot aan straten &#8211; aan geluidsbescherming worden gedacht. Geluidsschermen langs snelwegen en veelgebruikte straten doorsnijden het landschap, begrenzen het zichtveld en vormen barri\u00e8res. Met groene geluidsschermen kan het nut van een geluidsscherm worden gecombineerd met een natuurlijk uiterlijk. Zo bereiken we een aangename rust in een met planten omzoomde sfeer &#8211; en dat ook nog 100% ecologisch.<\/span><\/p>\n<p><span lang=\"NL\">U kunt in het hele land bouwen op onze competentie en ervaring met begroeide geluidsschermen langs snelwegen. We adviseren u, plannen het project en zorgen voor een effici\u00ebnte uitvoering volgens uw specificaties. <\/span><\/p>\n<\/div><\/div><\/div><\/div><\/div><\/div><div class=\"g-cols wpb_row us_custom_4fb9e5a3 content_text via_flex valign_top type_default stacking_default\"><div class=\"vc_col-sm-4 wpb_column vc_column_container\"><div class=\"vc_column-inner\"><div class=\"wpb_wrapper\"><div class=\"w-image align_none\"><div class=\"w-image-h\"><img loading=\"lazy\" decoding=\"async\" width=\"1024\" height=\"684\" src=\"https:\/\/rau.de\/wp-content\/uploads\/rau-rock-extensiv-entlang-einer-autobahn-1-1024x684.jpg\" class=\"attachment-large size-large\" alt=\"L\u00e4rmschutz\" srcset=\"https:\/\/rau.de\/wp-content\/uploads\/rau-rock-extensiv-entlang-einer-autobahn-1-1024x684.jpg 1024w, https:\/\/rau.de\/wp-content\/uploads\/rau-rock-extensiv-entlang-einer-autobahn-1-300x200.jpg 300w, https:\/\/rau.de\/wp-content\/uploads\/rau-rock-extensiv-entlang-einer-autobahn-1.jpg 1200w\" sizes=\"auto, (max-width: 1024px) 100vw, 1024px\" \/><\/div><\/div><div class=\"w-separator size_medium\"><\/div><div class=\"w-btn-wrapper align_none\"><a class=\"w-btn us-btn-style_1\" title=\"Produkte\" href=\"https:\/\/rau.de\/nl\/producten\/\"><span class=\"w-btn-label\">Alle producten<\/span><\/a><\/div><\/div><\/div><\/div><div class=\"vc_col-sm-4 wpb_column vc_column_container\"><div class=\"vc_column-inner\"><div class=\"wpb_wrapper\"><div class=\"w-image align_none\"><div class=\"w-image-h\"><img loading=\"lazy\" decoding=\"async\" width=\"1024\" height=\"683\" src=\"https:\/\/rau.de\/wp-content\/uploads\/rau-rock-extensiv-entlang-einer-autobahn-2-1-1024x683.jpg\" class=\"attachment-large size-large\" alt=\"L\u00e4rmschutz vor Autobahnl\u00e4rm\" srcset=\"https:\/\/rau.de\/wp-content\/uploads\/rau-rock-extensiv-entlang-einer-autobahn-2-1-1024x683.jpg 1024w, https:\/\/rau.de\/wp-content\/uploads\/rau-rock-extensiv-entlang-einer-autobahn-2-1-300x200.jpg 300w, https:\/\/rau.de\/wp-content\/uploads\/rau-rock-extensiv-entlang-einer-autobahn-2-1.jpg 1200w\" sizes=\"auto, (max-width: 1024px) 100vw, 1024px\" \/><\/div><\/div><\/div><\/div><\/div><div class=\"vc_col-sm-4 wpb_column vc_column_container\"><div class=\"vc_column-inner\"><div class=\"wpb_wrapper\"><div class=\"w-image align_none\"><div class=\"w-image-h\"><img loading=\"lazy\" decoding=\"async\" width=\"1024\" height=\"683\" src=\"https:\/\/rau.de\/wp-content\/uploads\/20190617_122736-1-1024x683.jpg\" class=\"attachment-large size-large\" alt=\"L\u00e4rmschutz an\" srcset=\"https:\/\/rau.de\/wp-content\/uploads\/20190617_122736-1-1024x683.jpg 1024w, https:\/\/rau.de\/wp-content\/uploads\/20190617_122736-1-300x200.jpg 300w\" sizes=\"auto, (max-width: 1024px) 100vw, 1024px\" \/><\/div><\/div><\/div><\/div><\/div><\/div><\/div><\/div><\/div><\/div><\/div><\/section>\n","protected":false},"excerpt":{"rendered":"GeluidsschermenGroene geluidsbescherming langs wegen: ecologisch, duurzaam en onderhoudsarm. Begroeide geluidsschermen hebben een veelzijdig nut: ze zijn niet alleen ecologische en duurzaam, maar passen ook harmonieus in het landschappelijke totaalbeeld. Waar betonwanden er kaal en onaantrekkelijk uitzien, blijken begroeide geluidsschermen voor wegen natuurlijke elementen te zijn, die geluid afschermen en bovendien onopvallend in de omgeving opgaan....","protected":false},"author":2,"featured_media":21325,"parent":0,"menu_order":0,"comment_status":"closed","ping_status":"closed","template":"","meta":{"footnotes":""},"class_list":["post-9562","page","type-page","status-publish","has-post-thumbnail","hentry"],"yoast_head":"<!-- This site is optimized with the Yoast SEO plugin v27.4 - https:\/\/yoast.com\/product\/yoast-seo-wordpress\/ -->\n<title>Groene geluidsbescherming: ecologisch, duurzaam en onderhoudsarm. \ud83c\udf43<\/title>\n<meta name=\"description\" content=\"Welke mogelijkheden hebt u om begroeide geluidsschermen langs wegen te plaatsen? \ud83d\udd07 | \u23e9 Meer informatie vindt u hier - rau.de\" \/>\n<meta name=\"robots\" content=\"index, follow, max-snippet:-1, max-image-preview:large, max-video-preview:-1\" \/>\n<link rel=\"canonical\" href=\"https:\/\/rau.de\/nl\/geluidsschermen\/\" \/>\n<meta property=\"og:locale\" content=\"nl_NL\" \/>\n<meta property=\"og:type\" content=\"article\" \/>\n<meta property=\"og:title\" content=\"Groene geluidsbescherming: ecologisch, duurzaam en onderhoudsarm. \ud83c\udf43\" \/>\n<meta property=\"og:description\" content=\"Welke mogelijkheden hebt u om begroeide geluidsschermen langs wegen te plaatsen? \ud83d\udd07 | \u23e9 Meer informatie vindt u hier - rau.de\" \/>\n<meta property=\"og:url\" content=\"https:\/\/rau.de\/nl\/geluidsschermen\/\" \/>\n<meta property=\"og:site_name\" content=\"Rau | L\u00e4rmschutzw\u00e4nde\" \/>\n<meta property=\"article:modified_time\" content=\"2021-10-21T12:48:44+00:00\" \/>\n<meta property=\"og:image\" content=\"https:\/\/rau.de\/wp-content\/uploads\/imageonline-co-flipped.png\" \/>\n\t<meta property=\"og:image:width\" content=\"4032\" \/>\n\t<meta property=\"og:image:height\" content=\"3024\" \/>\n\t<meta property=\"og:image:type\" content=\"image\/png\" \/>\n<meta name=\"twitter:card\" content=\"summary_large_image\" \/>\n<meta name=\"twitter:label1\" content=\"Geschatte leestijd\" \/>\n\t<meta name=\"twitter:data1\" content=\"8 minuten\" \/>\n<script type=\"application\/ld+json\" class=\"yoast-schema-graph\">{\"@context\":\"https:\\\/\\\/schema.org\",\"@graph\":[{\"@type\":\"WebPage\",\"@id\":\"https:\\\/\\\/rau.de\\\/nl\\\/geluidsschermen\\\/\",\"url\":\"https:\\\/\\\/rau.de\\\/nl\\\/geluidsschermen\\\/\",\"name\":\"Groene geluidsbescherming: ecologisch, duurzaam en onderhoudsarm. \ud83c\udf43\",\"isPartOf\":{\"@id\":\"https:\\\/\\\/rau.de\\\/nl\\\/#website\"},\"primaryImageOfPage\":{\"@id\":\"https:\\\/\\\/rau.de\\\/nl\\\/geluidsschermen\\\/#primaryimage\"},\"image\":{\"@id\":\"https:\\\/\\\/rau.de\\\/nl\\\/geluidsschermen\\\/#primaryimage\"},\"thumbnailUrl\":\"https:\\\/\\\/rau.de\\\/wp-content\\\/uploads\\\/imageonline-co-flipped.png\",\"datePublished\":\"2020-08-25T12:56:09+00:00\",\"dateModified\":\"2021-10-21T12:48:44+00:00\",\"description\":\"Welke mogelijkheden hebt u om begroeide geluidsschermen langs wegen te plaatsen? \ud83d\udd07 | \u23e9 Meer informatie vindt u hier - rau.de\",\"breadcrumb\":{\"@id\":\"https:\\\/\\\/rau.de\\\/nl\\\/geluidsschermen\\\/#breadcrumb\"},\"inLanguage\":\"nl-NL\",\"potentialAction\":[{\"@type\":\"ReadAction\",\"target\":[\"https:\\\/\\\/rau.de\\\/nl\\\/geluidsschermen\\\/\"]}]},{\"@type\":\"ImageObject\",\"inLanguage\":\"nl-NL\",\"@id\":\"https:\\\/\\\/rau.de\\\/nl\\\/geluidsschermen\\\/#primaryimage\",\"url\":\"https:\\\/\\\/rau.de\\\/wp-content\\\/uploads\\\/imageonline-co-flipped.png\",\"contentUrl\":\"https:\\\/\\\/rau.de\\\/wp-content\\\/uploads\\\/imageonline-co-flipped.png\",\"width\":4032,\"height\":3024},{\"@type\":\"BreadcrumbList\",\"@id\":\"https:\\\/\\\/rau.de\\\/nl\\\/geluidsschermen\\\/#breadcrumb\",\"itemListElement\":[{\"@type\":\"ListItem\",\"position\":1,\"name\":\"Startseite\",\"item\":\"https:\\\/\\\/rau.de\\\/nl\\\/\"},{\"@type\":\"ListItem\",\"position\":2,\"name\":\"Geluidsschermen\"}]},{\"@type\":\"WebSite\",\"@id\":\"https:\\\/\\\/rau.de\\\/nl\\\/#website\",\"url\":\"https:\\\/\\\/rau.de\\\/nl\\\/\",\"name\":\"Rau | L\u00e4rmschutzw\u00e4nde\",\"description\":\"Entwicklung und Umsetzung von L\u00e4rmschutzwand und Schallschutzwand\",\"publisher\":{\"@id\":\"https:\\\/\\\/rau.de\\\/nl\\\/#organization\"},\"potentialAction\":[{\"@type\":\"SearchAction\",\"target\":{\"@type\":\"EntryPoint\",\"urlTemplate\":\"https:\\\/\\\/rau.de\\\/nl\\\/?s={search_term_string}\"},\"query-input\":{\"@type\":\"PropertyValueSpecification\",\"valueRequired\":true,\"valueName\":\"search_term_string\"}}],\"inLanguage\":\"nl-NL\"},{\"@type\":\"Organization\",\"@id\":\"https:\\\/\\\/rau.de\\\/nl\\\/#organization\",\"name\":\"RAU L\u00e4rmschutzw\u00e4nde \u2013 Geosystem GBK GmbH\",\"url\":\"https:\\\/\\\/rau.de\\\/nl\\\/\",\"logo\":{\"@type\":\"ImageObject\",\"inLanguage\":\"nl-NL\",\"@id\":\"https:\\\/\\\/rau.de\\\/nl\\\/#\\\/schema\\\/logo\\\/image\\\/\",\"url\":\"https:\\\/\\\/rau.de\\\/wp-content\\\/uploads\\\/web_logo.png\",\"contentUrl\":\"https:\\\/\\\/rau.de\\\/wp-content\\\/uploads\\\/web_logo.png\",\"width\":249,\"height\":127,\"caption\":\"RAU L\u00e4rmschutzw\u00e4nde \u2013 Geosystem GBK GmbH\"},\"image\":{\"@id\":\"https:\\\/\\\/rau.de\\\/nl\\\/#\\\/schema\\\/logo\\\/image\\\/\"}}]}<\/script>\n<!-- \/ Yoast SEO plugin. -->","yoast_head_json":{"title":"Groene geluidsbescherming: ecologisch, duurzaam en onderhoudsarm. \ud83c\udf43","description":"Welke mogelijkheden hebt u om begroeide geluidsschermen langs wegen te plaatsen? \ud83d\udd07 | \u23e9 Meer informatie vindt u hier - rau.de","robots":{"index":"index","follow":"follow","max-snippet":"max-snippet:-1","max-image-preview":"max-image-preview:large","max-video-preview":"max-video-preview:-1"},"canonical":"https:\/\/rau.de\/nl\/geluidsschermen\/","og_locale":"nl_NL","og_type":"article","og_title":"Groene geluidsbescherming: ecologisch, duurzaam en onderhoudsarm. \ud83c\udf43","og_description":"Welke mogelijkheden hebt u om begroeide geluidsschermen langs wegen te plaatsen? \ud83d\udd07 | \u23e9 Meer informatie vindt u hier - rau.de","og_url":"https:\/\/rau.de\/nl\/geluidsschermen\/","og_site_name":"Rau | L\u00e4rmschutzw\u00e4nde","article_modified_time":"2021-10-21T12:48:44+00:00","og_image":[{"width":4032,"height":3024,"url":"https:\/\/rau.de\/wp-content\/uploads\/imageonline-co-flipped.png","type":"image\/png"}],"twitter_card":"summary_large_image","twitter_misc":{"Geschatte leestijd":"8 minuten"},"schema":{"@context":"https:\/\/schema.org","@graph":[{"@type":"WebPage","@id":"https:\/\/rau.de\/nl\/geluidsschermen\/","url":"https:\/\/rau.de\/nl\/geluidsschermen\/","name":"Groene geluidsbescherming: ecologisch, duurzaam en onderhoudsarm. \ud83c\udf43","isPartOf":{"@id":"https:\/\/rau.de\/nl\/#website"},"primaryImageOfPage":{"@id":"https:\/\/rau.de\/nl\/geluidsschermen\/#primaryimage"},"image":{"@id":"https:\/\/rau.de\/nl\/geluidsschermen\/#primaryimage"},"thumbnailUrl":"https:\/\/rau.de\/wp-content\/uploads\/imageonline-co-flipped.png","datePublished":"2020-08-25T12:56:09+00:00","dateModified":"2021-10-21T12:48:44+00:00","description":"Welke mogelijkheden hebt u om begroeide geluidsschermen langs wegen te plaatsen? \ud83d\udd07 | \u23e9 Meer informatie vindt u hier - rau.de","breadcrumb":{"@id":"https:\/\/rau.de\/nl\/geluidsschermen\/#breadcrumb"},"inLanguage":"nl-NL","potentialAction":[{"@type":"ReadAction","target":["https:\/\/rau.de\/nl\/geluidsschermen\/"]}]},{"@type":"ImageObject","inLanguage":"nl-NL","@id":"https:\/\/rau.de\/nl\/geluidsschermen\/#primaryimage","url":"https:\/\/rau.de\/wp-content\/uploads\/imageonline-co-flipped.png","contentUrl":"https:\/\/rau.de\/wp-content\/uploads\/imageonline-co-flipped.png","width":4032,"height":3024},{"@type":"BreadcrumbList","@id":"https:\/\/rau.de\/nl\/geluidsschermen\/#breadcrumb","itemListElement":[{"@type":"ListItem","position":1,"name":"Startseite","item":"https:\/\/rau.de\/nl\/"},{"@type":"ListItem","position":2,"name":"Geluidsschermen"}]},{"@type":"WebSite","@id":"https:\/\/rau.de\/nl\/#website","url":"https:\/\/rau.de\/nl\/","name":"Rau | L\u00e4rmschutzw\u00e4nde","description":"Entwicklung und Umsetzung von L\u00e4rmschutzwand und Schallschutzwand","publisher":{"@id":"https:\/\/rau.de\/nl\/#organization"},"potentialAction":[{"@type":"SearchAction","target":{"@type":"EntryPoint","urlTemplate":"https:\/\/rau.de\/nl\/?s={search_term_string}"},"query-input":{"@type":"PropertyValueSpecification","valueRequired":true,"valueName":"search_term_string"}}],"inLanguage":"nl-NL"},{"@type":"Organization","@id":"https:\/\/rau.de\/nl\/#organization","name":"RAU L\u00e4rmschutzw\u00e4nde \u2013 Geosystem GBK GmbH","url":"https:\/\/rau.de\/nl\/","logo":{"@type":"ImageObject","inLanguage":"nl-NL","@id":"https:\/\/rau.de\/nl\/#\/schema\/logo\/image\/","url":"https:\/\/rau.de\/wp-content\/uploads\/web_logo.png","contentUrl":"https:\/\/rau.de\/wp-content\/uploads\/web_logo.png","width":249,"height":127,"caption":"RAU L\u00e4rmschutzw\u00e4nde \u2013 Geosystem GBK GmbH"},"image":{"@id":"https:\/\/rau.de\/nl\/#\/schema\/logo\/image\/"}}]}},"_links":{"self":[{"href":"https:\/\/rau.de\/nl\/wp-json\/wp\/v2\/pages\/9562","targetHints":{"allow":["GET"]}}],"collection":[{"href":"https:\/\/rau.de\/nl\/wp-json\/wp\/v2\/pages"}],"about":[{"href":"https:\/\/rau.de\/nl\/wp-json\/wp\/v2\/types\/page"}],"author":[{"embeddable":true,"href":"https:\/\/rau.de\/nl\/wp-json\/wp\/v2\/users\/2"}],"replies":[{"embeddable":true,"href":"https:\/\/rau.de\/nl\/wp-json\/wp\/v2\/comments?post=9562"}],"version-history":[{"count":3,"href":"https:\/\/rau.de\/nl\/wp-json\/wp\/v2\/pages\/9562\/revisions"}],"predecessor-version":[{"id":22387,"href":"https:\/\/rau.de\/nl\/wp-json\/wp\/v2\/pages\/9562\/revisions\/22387"}],"wp:featuredmedia":[{"embeddable":true,"href":"https:\/\/rau.de\/nl\/wp-json\/wp\/v2\/media\/21325"}],"wp:attachment":[{"href":"https:\/\/rau.de\/nl\/wp-json\/wp\/v2\/media?parent=9562"}],"curies":[{"name":"wp","href":"https:\/\/api.w.org\/{rel}","templated":true}]}}