{"id":742,"date":"2019-08-01T19:24:04","date_gmt":"2019-08-01T17:24:04","guid":{"rendered":"http:\/\/rau.kundendemo.com\/?page_id=742"},"modified":"2021-11-18T17:01:24","modified_gmt":"2021-11-18T16:01:24","slug":"producten","status":"publish","type":"page","link":"https:\/\/rau.de\/nl\/producten\/","title":{"rendered":"Producten"},"content":{"rendered":"<section class=\"l-section wpb_row height_medium full_height valign_center with_img parallax_fixed\" id=\"kontakt\"><div class=\"l-section-img\" role=\"img\" data-img-width=\"2000\" data-img-height=\"1122\" style=\"background-image: url(https:\/\/rau.de\/wp-content\/uploads\/bg.jpg);\"><\/div><div class=\"l-section-h i-cf\"><div class=\"g-cols vc_row via_flex valign_top type_default stacking_default\"><div class=\"vc_col-sm-12 wpb_column vc_column_container\"><div class=\"vc_column-inner\"><div class=\"wpb_wrapper\"><div class=\"g-cols wpb_row content_top via_flex valign_top type_default stacking_default\"><div class=\"vc_col-sm-12 wpb_column vc_column_container\"><div class=\"vc_column-inner\"><div class=\"wpb_wrapper\"><h1 class=\"w-post-elm post_title entry-title color_link_inherit\">Producten<\/h1><\/div><\/div><\/div><\/div><div class=\"g-cols wpb_row us_custom_4fb9e5a3 content_text via_flex valign_top type_default stacking_default\"><div class=\"vc_col-sm-12 wpb_column vc_column_container\"><div class=\"vc_column-inner\"><div class=\"wpb_wrapper\"><div class=\"w-grid type_grid layout_97 cols_2\" id=\"us_grid_1\" style=\"--gap:1.5rem;\" data-filterable=\"true\"><style>@media (max-width:600px){#us_grid_1 .w-grid-list{margin:0}#us_grid_1 .w-grid-item{width:100%;padding:0;margin-bottom:var(--gap,0px)}}.layout_97 .w-grid-item-h{}.layout_97 .usg_post_title_1{font-family:var(--font-family)!important;font-size:18px!important}.layout_97 .usg_hwrapper_1{background:#!important}.layout_97 .usg_post_content_1{font-family:var(--font-family)!important}.layout_97 .usg_btn_1{font-size:12px!important}@media (min-width:1025px) and (max-width:1280px){.layout_97 .usg_post_title_1{font-family:var(--font-family)!important;font-size:18px!important}.layout_97 .usg_hwrapper_1{background:#!important}.layout_97 .usg_post_content_1{font-family:var(--font-family)!important}.layout_97 .usg_btn_1{font-size:12px!important}}@media (min-width:601px) and (max-width:1024px){.layout_97 .usg_post_title_1{font-family:var(--font-family)!important;font-size:18px!important}.layout_97 .usg_hwrapper_1{background:#!important}.layout_97 .usg_post_content_1{font-family:var(--font-family)!important}.layout_97 .usg_btn_1{font-size:12px!important}}@media (max-width:600px){.layout_97 .usg_post_title_1{font-family:var(--font-family)!important;font-size:18px!important}.layout_97 .usg_hwrapper_1{background:#!important}.layout_97 .usg_post_content_1{font-family:var(--font-family)!important}.layout_97 .usg_btn_1{font-size:12px!important}}<\/style><div class=\"w-grid-list\">\t<article class=\"w-grid-item size_1x1 post-6045 produkt type-produkt status-publish has-post-thumbnail hentry\" data-id=\"6045\">\r\n\t\t<div class=\"w-grid-item-h\">\r\n\t\t\t\t\t\t<div class=\"w-vwrapper usg_vwrapper_1 dm_product_wrapper align_left valign_top\"><div class=\"w-hwrapper usg_hwrapper_1 align_left valign_top\"><div class=\"w-vwrapper usg_vwrapper_2 align_left valign_top\"><h3 class=\"w-post-elm post_title usg_post_title_1 align_left entry-title color_link_inherit\"><a href=\"https:\/\/rau.de\/nl\/produkt\/rau-rock-extensiv-geluidsscherm-tot-10-meter-hoog\/\">RAU Rock Extensiv geluidsscherm &#8211; tot 10 meter hoog<\/a><\/h3><div class=\"w-post-elm post_content usg_post_content_1\">Neemt uiterst weinig plaats in beslag Bij het slanke RAU ROCK EXTENSIV geluidsscherm wordt een&hellip;<\/div><a class=\"w-btn us-btn-style_1 usg_btn_1 icon_atright\" href=\"https:\/\/rau.de\/nl\/produkt\/rau-rock-extensiv-geluidsscherm-tot-10-meter-hoog\/\"><span class=\"w-btn-label\">Meer informatie<\/span><i class=\"fas fa-chevron-right\"><\/i><\/a><\/div><div class=\"w-vwrapper usg_vwrapper_3 align_left valign_top\"><div class=\"w-post-elm post_image usg_post_image_1 stretched\"><a href=\"https:\/\/rau.de\/nl\/produkt\/rau-rock-extensiv-geluidsscherm-tot-10-meter-hoog\/\" aria-label=\"RAU Rock Extensiv geluidsscherm &#8211; tot 10 meter hoog\"><img loading=\"lazy\" decoding=\"async\" width=\"825\" height=\"1014\" src=\"https:\/\/rau.de\/wp-content\/uploads\/Design-ohne-Titel-1jk-1.jpg\" class=\"attachment-large size-large wp-post-image\" alt=\"\" srcset=\"https:\/\/rau.de\/wp-content\/uploads\/Design-ohne-Titel-1jk-1.jpg 825w, https:\/\/rau.de\/wp-content\/uploads\/Design-ohne-Titel-1jk-1-244x300.jpg 244w\" sizes=\"auto, (max-width: 825px) 100vw, 825px\" \/><\/a><\/div><\/div><\/div><\/div>\t\t<\/div>\r\n\t<\/article>\r\n\t<article class=\"w-grid-item size_1x1 post-5890 produkt type-produkt status-publish has-post-thumbnail hentry\" data-id=\"5890\">\r\n\t\t<div class=\"w-grid-item-h\">\r\n\t\t\t\t\t\t<div class=\"w-vwrapper usg_vwrapper_1 dm_product_wrapper align_left valign_top\"><div class=\"w-hwrapper usg_hwrapper_1 align_left valign_top\"><div class=\"w-vwrapper usg_vwrapper_2 align_left valign_top\"><h3 class=\"w-post-elm post_title usg_post_title_1 align_left entry-title color_link_inherit\"><a href=\"https:\/\/rau.de\/nl\/produkt\/rau-alpin-hoogte-tot-12-meter\/\">RAU Alpin &#8211; hoogte tot 10 meter<\/a><\/h3><div class=\"w-post-elm post_content usg_post_content_1\">Het RAU systeem &#8220;Alpin&#8221;, natuursteenmand met monolithische zandkern, hoogte 300 cm RAU Alpin &#8211; DownloadDit&hellip;<\/div><a class=\"w-btn us-btn-style_1 usg_btn_1 icon_atright\" href=\"https:\/\/rau.de\/nl\/produkt\/rau-alpin-hoogte-tot-12-meter\/\"><span class=\"w-btn-label\">Meer informatie<\/span><i class=\"fas fa-chevron-right\"><\/i><\/a><\/div><div class=\"w-vwrapper usg_vwrapper_3 align_left valign_top\"><div class=\"w-post-elm post_image usg_post_image_1 stretched\"><a href=\"https:\/\/rau.de\/nl\/produkt\/rau-alpin-hoogte-tot-12-meter\/\" aria-label=\"RAU Alpin &#8211; hoogte tot 10 meter\"><img loading=\"lazy\" decoding=\"async\" width=\"882\" height=\"1024\" src=\"https:\/\/rau.de\/wp-content\/uploads\/laermschutzwand-schallschutzwand-rau-alpin.jpg\" class=\"attachment-large size-large wp-post-image\" alt=\"L\u00e4rmschutzwand RAU Alpin, Natursteinkorb mit monolithischem Sandkern\" srcset=\"https:\/\/rau.de\/wp-content\/uploads\/laermschutzwand-schallschutzwand-rau-alpin.jpg 882w, https:\/\/rau.de\/wp-content\/uploads\/laermschutzwand-schallschutzwand-rau-alpin-258x300.jpg 258w\" sizes=\"auto, (max-width: 882px) 100vw, 882px\" \/><\/a><\/div><\/div><\/div><\/div>\t\t<\/div>\r\n\t<\/article>\r\n\t<article class=\"w-grid-item size_1x1 post-5799 produkt type-produkt status-publish has-post-thumbnail hentry\" data-id=\"5799\">\r\n\t\t<div class=\"w-grid-item-h\">\r\n\t\t\t\t\t\t<div class=\"w-vwrapper usg_vwrapper_1 dm_product_wrapper align_left valign_top\"><div class=\"w-hwrapper usg_hwrapper_1 align_left valign_top\"><div class=\"w-vwrapper usg_vwrapper_2 align_left valign_top\"><h3 class=\"w-post-elm post_title usg_post_title_1 align_left entry-title color_link_inherit\"><a href=\"https:\/\/rau.de\/nl\/produkt\/rau-r3-extensiv-geluidswerende-wand-tot-12-meter-hoog\/\">RAU R3 Extensiv geluidswerende wand &#8211; tot 12 meter hoog<\/a><\/h3><div class=\"w-post-elm post_content usg_post_content_1\">Optimale kosten-baten-verhouding De enorm stabiele mand wordt eenvoudig in elkaar gestoken en bestaat uitsluitend uit&hellip;<\/div><a class=\"w-btn us-btn-style_1 usg_btn_1 icon_atright\" href=\"https:\/\/rau.de\/nl\/produkt\/rau-r3-extensiv-geluidswerende-wand-tot-12-meter-hoog\/\"><span class=\"w-btn-label\">Meer informatie<\/span><i class=\"fas fa-chevron-right\"><\/i><\/a><\/div><div class=\"w-vwrapper usg_vwrapper_3 align_left valign_top\"><div class=\"w-post-elm post_image usg_post_image_1 stretched\"><a href=\"https:\/\/rau.de\/nl\/produkt\/rau-r3-extensiv-geluidswerende-wand-tot-12-meter-hoog\/\" aria-label=\"RAU R3 Extensiv geluidswerende wand &#8211; tot 12 meter hoog\"><img loading=\"lazy\" decoding=\"async\" width=\"550\" height=\"638\" src=\"https:\/\/rau.de\/wp-content\/uploads\/system-rau-r3-laermschutzwand-2020-05-12.png\" class=\"attachment-large size-large wp-post-image\" alt=\"Grundriss der R3 L\u00e4rmschutzwand von RAU\" srcset=\"https:\/\/rau.de\/wp-content\/uploads\/system-rau-r3-laermschutzwand-2020-05-12.png 550w, https:\/\/rau.de\/wp-content\/uploads\/system-rau-r3-laermschutzwand-2020-05-12-259x300.png 259w\" sizes=\"auto, (max-width: 550px) 100vw, 550px\" \/><\/a><\/div><\/div><\/div><\/div>\t\t<\/div>\r\n\t<\/article>\r\n\t<article class=\"w-grid-item size_1x1 post-5728 produkt type-produkt status-publish has-post-thumbnail hentry\" data-id=\"5728\">\r\n\t\t<div class=\"w-grid-item-h\">\r\n\t\t\t\t\t\t<div class=\"w-vwrapper usg_vwrapper_1 dm_product_wrapper align_left valign_top\"><div class=\"w-hwrapper usg_hwrapper_1 align_left valign_top\"><div class=\"w-vwrapper usg_vwrapper_2 align_left valign_top\"><h3 class=\"w-post-elm post_title usg_post_title_1 align_left entry-title color_link_inherit\"><a href=\"https:\/\/rau.de\/nl\/produkt\/rau-photovoltaik-hoogte-tot-10-meter\/\">RAU Photovoltaik &#8211; hoogte tot 10 meter<\/a><\/h3><div class=\"w-post-elm post_content usg_post_content_1\">Hernieuwbare energievormen gecombineerd met ecologische geluidswering: Als voorloper op het gebied van ecologie en rentabiliteit&hellip;<\/div><a class=\"w-btn us-btn-style_1 usg_btn_1 icon_atright\" href=\"https:\/\/rau.de\/nl\/produkt\/rau-photovoltaik-hoogte-tot-10-meter\/\"><span class=\"w-btn-label\">Meer informatie<\/span><i class=\"fas fa-chevron-right\"><\/i><\/a><\/div><div class=\"w-vwrapper usg_vwrapper_3 align_left valign_top\"><div class=\"w-post-elm post_image usg_post_image_1 stretched\"><a href=\"https:\/\/rau.de\/nl\/produkt\/rau-photovoltaik-hoogte-tot-10-meter\/\" aria-label=\"RAU Photovoltaik &#8211; hoogte tot 10 meter\"><img loading=\"lazy\" decoding=\"async\" width=\"550\" height=\"456\" src=\"https:\/\/rau.de\/wp-content\/uploads\/rau-photovoltaik-en.gif\" class=\"attachment-large size-large wp-post-image\" alt=\"\" \/><\/a><\/div><\/div><\/div><\/div>\t\t<\/div>\r\n\t<\/article>\r\n<\/div><div class=\"w-grid-preloader\">\t<div class=\"g-preloader type_1\">\r\n\t\t<div><\/div>\r\n\t<\/div>\r\n\t<\/div>\t<div class=\"w-grid-json hidden\" onclick='return {&quot;action&quot;:&quot;us_ajax_grid&quot;,&quot;ajax_url&quot;:&quot;https:\\\/\\\/rau.de\\\/wp-admin\\\/admin-ajax.php&quot;,&quot;infinite_scroll&quot;:0,&quot;max_num_pages&quot;:1,&quot;pagination&quot;:&quot;none&quot;,&quot;template_vars&quot;:{&quot;columns&quot;:&quot;2&quot;,&quot;exclude_items&quot;:&quot;none&quot;,&quot;img_size&quot;:&quot;default&quot;,&quot;ignore_items_size&quot;:0,&quot;items_layout&quot;:&quot;97&quot;,&quot;items_offset&quot;:&quot;1&quot;,&quot;load_animation&quot;:&quot;none&quot;,&quot;overriding_link&quot;:&quot;{\\&quot;url\\&quot;:\\&quot;\\&quot;}&quot;,&quot;post_id&quot;:0,&quot;query_args&quot;:{&quot;post_type&quot;:[&quot;produkt&quot;],&quot;post_status&quot;:[&quot;publish&quot;],&quot;posts_per_page&quot;:&quot;10&quot;},&quot;orderby_query_args&quot;:{&quot;orderby&quot;:{&quot;date&quot;:&quot;DESC&quot;}},&quot;type&quot;:&quot;grid&quot;,&quot;us_grid_ajax_index&quot;:1,&quot;us_grid_filter_params&quot;:[],&quot;us_grid_index&quot;:1,&quot;_us_grid_post_type&quot;:&quot;produkt&quot;,&quot;page_args&quot;:[],&quot;lang&quot;:&quot;nl&quot;}}'><\/div>\r\n\t<\/div><\/div><\/div><\/div><\/div><\/div><\/div><\/div><\/div><\/div><\/section>\n","protected":false},"excerpt":{"rendered":"RAU Photovoltaik &#8211; hoogte tot 10 meterHernieuwbare energievormen gecombineerd met ecologische geluidswering: Als voorloper op het gebied van ecologie en rentabiliteit bij de reductie van lawaai en uitlaatgassen bewandelt RAU weer nieuwe wegen. RAU Photovoltaik &#8211; DownloadDit product bekijken in de galerijAlle producten","protected":false},"author":1,"featured_media":0,"parent":0,"menu_order":0,"comment_status":"closed","ping_status":"closed","template":"","meta":{"footnotes":""},"class_list":["post-742","page","type-page","status-publish","hentry"],"yoast_head":"<!-- This site is optimized with the Yoast SEO plugin v27.4 - https:\/\/yoast.com\/product\/yoast-seo-wordpress\/ -->\n<title>Producten | L\u00e4rmschutzwand und Schallschutzwand !<\/title>\n<meta name=\"description\" content=\"Producten | Entwicklung und Umsetzung von L\u00e4rmschutzwand und Schallschutzwandan Stra\u00dfen, Bahnstrecken und f\u00fcr St\u00e4dte und Industrie | rau.de\" \/>\n<meta name=\"robots\" content=\"index, follow, max-snippet:-1, max-image-preview:large, max-video-preview:-1\" \/>\n<link rel=\"canonical\" href=\"https:\/\/rau.de\/nl\/producten\/\" \/>\n<meta property=\"og:locale\" content=\"nl_NL\" \/>\n<meta property=\"og:type\" content=\"article\" \/>\n<meta property=\"og:title\" content=\"Producten | L\u00e4rmschutzwand und Schallschutzwand !\" \/>\n<meta property=\"og:description\" content=\"Producten | Entwicklung und Umsetzung von L\u00e4rmschutzwand und Schallschutzwandan Stra\u00dfen, Bahnstrecken und f\u00fcr St\u00e4dte und Industrie | rau.de\" \/>\n<meta property=\"og:url\" content=\"https:\/\/rau.de\/nl\/producten\/\" \/>\n<meta property=\"og:site_name\" content=\"Rau | L\u00e4rmschutzw\u00e4nde\" \/>\n<meta property=\"article:modified_time\" content=\"2021-11-18T16:01:24+00:00\" \/>\n<meta property=\"og:image\" content=\"https:\/\/rau.de\/wp-content\/uploads\/rau.de-begruente-laermschutzwand-2015-08-23-sonderteile-2.jpg\" \/>\n\t<meta property=\"og:image:width\" content=\"1920\" \/>\n\t<meta property=\"og:image:height\" content=\"1146\" \/>\n\t<meta property=\"og:image:type\" content=\"image\/jpeg\" \/>\n<meta name=\"twitter:card\" content=\"summary_large_image\" \/>\n<meta name=\"twitter:label1\" content=\"Geschatte leestijd\" \/>\n\t<meta name=\"twitter:data1\" content=\"1 minuut\" \/>\n<script type=\"application\/ld+json\" class=\"yoast-schema-graph\">{\"@context\":\"https:\\\/\\\/schema.org\",\"@graph\":[{\"@type\":\"WebPage\",\"@id\":\"https:\\\/\\\/rau.de\\\/nl\\\/producten\\\/\",\"url\":\"https:\\\/\\\/rau.de\\\/nl\\\/producten\\\/\",\"name\":\"Producten | L\u00e4rmschutzwand und Schallschutzwand !\",\"isPartOf\":{\"@id\":\"https:\\\/\\\/rau.de\\\/nl\\\/#website\"},\"datePublished\":\"2019-08-01T17:24:04+00:00\",\"dateModified\":\"2021-11-18T16:01:24+00:00\",\"description\":\"Producten | Entwicklung und Umsetzung von L\u00e4rmschutzwand und Schallschutzwandan Stra\u00dfen, Bahnstrecken und f\u00fcr St\u00e4dte und Industrie | rau.de\",\"breadcrumb\":{\"@id\":\"https:\\\/\\\/rau.de\\\/nl\\\/producten\\\/#breadcrumb\"},\"inLanguage\":\"nl-NL\",\"potentialAction\":[{\"@type\":\"ReadAction\",\"target\":[\"https:\\\/\\\/rau.de\\\/nl\\\/producten\\\/\"]}]},{\"@type\":\"BreadcrumbList\",\"@id\":\"https:\\\/\\\/rau.de\\\/nl\\\/producten\\\/#breadcrumb\",\"itemListElement\":[{\"@type\":\"ListItem\",\"position\":1,\"name\":\"Startseite\",\"item\":\"https:\\\/\\\/rau.de\\\/nl\\\/\"},{\"@type\":\"ListItem\",\"position\":2,\"name\":\"Producten\"}]},{\"@type\":\"WebSite\",\"@id\":\"https:\\\/\\\/rau.de\\\/nl\\\/#website\",\"url\":\"https:\\\/\\\/rau.de\\\/nl\\\/\",\"name\":\"Rau | L\u00e4rmschutzw\u00e4nde\",\"description\":\"Entwicklung und Umsetzung von L\u00e4rmschutzwand und Schallschutzwand\",\"publisher\":{\"@id\":\"https:\\\/\\\/rau.de\\\/nl\\\/#organization\"},\"potentialAction\":[{\"@type\":\"SearchAction\",\"target\":{\"@type\":\"EntryPoint\",\"urlTemplate\":\"https:\\\/\\\/rau.de\\\/nl\\\/?s={search_term_string}\"},\"query-input\":{\"@type\":\"PropertyValueSpecification\",\"valueRequired\":true,\"valueName\":\"search_term_string\"}}],\"inLanguage\":\"nl-NL\"},{\"@type\":\"Organization\",\"@id\":\"https:\\\/\\\/rau.de\\\/nl\\\/#organization\",\"name\":\"RAU L\u00e4rmschutzw\u00e4nde \u2013 Geosystem GBK GmbH\",\"url\":\"https:\\\/\\\/rau.de\\\/nl\\\/\",\"logo\":{\"@type\":\"ImageObject\",\"inLanguage\":\"nl-NL\",\"@id\":\"https:\\\/\\\/rau.de\\\/nl\\\/#\\\/schema\\\/logo\\\/image\\\/\",\"url\":\"https:\\\/\\\/rau.de\\\/wp-content\\\/uploads\\\/web_logo.png\",\"contentUrl\":\"https:\\\/\\\/rau.de\\\/wp-content\\\/uploads\\\/web_logo.png\",\"width\":249,\"height\":127,\"caption\":\"RAU L\u00e4rmschutzw\u00e4nde \u2013 Geosystem GBK GmbH\"},\"image\":{\"@id\":\"https:\\\/\\\/rau.de\\\/nl\\\/#\\\/schema\\\/logo\\\/image\\\/\"}}]}<\/script>\n<!-- \/ Yoast SEO plugin. -->","yoast_head_json":{"title":"Producten | L\u00e4rmschutzwand und Schallschutzwand !","description":"Producten | Entwicklung und Umsetzung von L\u00e4rmschutzwand und Schallschutzwandan Stra\u00dfen, Bahnstrecken und f\u00fcr St\u00e4dte und Industrie | rau.de","robots":{"index":"index","follow":"follow","max-snippet":"max-snippet:-1","max-image-preview":"max-image-preview:large","max-video-preview":"max-video-preview:-1"},"canonical":"https:\/\/rau.de\/nl\/producten\/","og_locale":"nl_NL","og_type":"article","og_title":"Producten | L\u00e4rmschutzwand und Schallschutzwand !","og_description":"Producten | Entwicklung und Umsetzung von L\u00e4rmschutzwand und Schallschutzwandan Stra\u00dfen, Bahnstrecken und f\u00fcr St\u00e4dte und Industrie | rau.de","og_url":"https:\/\/rau.de\/nl\/producten\/","og_site_name":"Rau | L\u00e4rmschutzw\u00e4nde","article_modified_time":"2021-11-18T16:01:24+00:00","og_image":[{"width":1920,"height":1146,"url":"https:\/\/rau.de\/wp-content\/uploads\/rau.de-begruente-laermschutzwand-2015-08-23-sonderteile-2.jpg","type":"image\/jpeg"}],"twitter_card":"summary_large_image","twitter_misc":{"Geschatte leestijd":"1 minuut"},"schema":{"@context":"https:\/\/schema.org","@graph":[{"@type":"WebPage","@id":"https:\/\/rau.de\/nl\/producten\/","url":"https:\/\/rau.de\/nl\/producten\/","name":"Producten | L\u00e4rmschutzwand und Schallschutzwand !","isPartOf":{"@id":"https:\/\/rau.de\/nl\/#website"},"datePublished":"2019-08-01T17:24:04+00:00","dateModified":"2021-11-18T16:01:24+00:00","description":"Producten | Entwicklung und Umsetzung von L\u00e4rmschutzwand und Schallschutzwandan Stra\u00dfen, Bahnstrecken und f\u00fcr St\u00e4dte und Industrie | rau.de","breadcrumb":{"@id":"https:\/\/rau.de\/nl\/producten\/#breadcrumb"},"inLanguage":"nl-NL","potentialAction":[{"@type":"ReadAction","target":["https:\/\/rau.de\/nl\/producten\/"]}]},{"@type":"BreadcrumbList","@id":"https:\/\/rau.de\/nl\/producten\/#breadcrumb","itemListElement":[{"@type":"ListItem","position":1,"name":"Startseite","item":"https:\/\/rau.de\/nl\/"},{"@type":"ListItem","position":2,"name":"Producten"}]},{"@type":"WebSite","@id":"https:\/\/rau.de\/nl\/#website","url":"https:\/\/rau.de\/nl\/","name":"Rau | L\u00e4rmschutzw\u00e4nde","description":"Entwicklung und Umsetzung von L\u00e4rmschutzwand und Schallschutzwand","publisher":{"@id":"https:\/\/rau.de\/nl\/#organization"},"potentialAction":[{"@type":"SearchAction","target":{"@type":"EntryPoint","urlTemplate":"https:\/\/rau.de\/nl\/?s={search_term_string}"},"query-input":{"@type":"PropertyValueSpecification","valueRequired":true,"valueName":"search_term_string"}}],"inLanguage":"nl-NL"},{"@type":"Organization","@id":"https:\/\/rau.de\/nl\/#organization","name":"RAU L\u00e4rmschutzw\u00e4nde \u2013 Geosystem GBK GmbH","url":"https:\/\/rau.de\/nl\/","logo":{"@type":"ImageObject","inLanguage":"nl-NL","@id":"https:\/\/rau.de\/nl\/#\/schema\/logo\/image\/","url":"https:\/\/rau.de\/wp-content\/uploads\/web_logo.png","contentUrl":"https:\/\/rau.de\/wp-content\/uploads\/web_logo.png","width":249,"height":127,"caption":"RAU L\u00e4rmschutzw\u00e4nde \u2013 Geosystem GBK GmbH"},"image":{"@id":"https:\/\/rau.de\/nl\/#\/schema\/logo\/image\/"}}]}},"_links":{"self":[{"href":"https:\/\/rau.de\/nl\/wp-json\/wp\/v2\/pages\/742","targetHints":{"allow":["GET"]}}],"collection":[{"href":"https:\/\/rau.de\/nl\/wp-json\/wp\/v2\/pages"}],"about":[{"href":"https:\/\/rau.de\/nl\/wp-json\/wp\/v2\/types\/page"}],"author":[{"embeddable":true,"href":"https:\/\/rau.de\/nl\/wp-json\/wp\/v2\/users\/1"}],"replies":[{"embeddable":true,"href":"https:\/\/rau.de\/nl\/wp-json\/wp\/v2\/comments?post=742"}],"version-history":[{"count":3,"href":"https:\/\/rau.de\/nl\/wp-json\/wp\/v2\/pages\/742\/revisions"}],"predecessor-version":[{"id":22591,"href":"https:\/\/rau.de\/nl\/wp-json\/wp\/v2\/pages\/742\/revisions\/22591"}],"wp:attachment":[{"href":"https:\/\/rau.de\/nl\/wp-json\/wp\/v2\/media?parent=742"}],"curies":[{"name":"wp","href":"https:\/\/api.w.org\/{rel}","templated":true}]}}