{"id":9595,"date":"2020-08-25T16:33:10","date_gmt":"2020-08-25T14:33:10","guid":{"rendered":"https:\/\/rau.de\/?page_id=9595"},"modified":"2021-09-09T11:07:34","modified_gmt":"2021-09-09T09:07:34","slug":"protezione-contro-il-rumore-per-citta-comuni-commercio-e-industria","status":"publish","type":"page","link":"https:\/\/rau.de\/it\/protezione-contro-il-rumore-per-citta-comuni-commercio-e-industria\/","title":{"rendered":"Protezione contro il rumore per citt\u00e0, comuni, commercio e industria"},"content":{"rendered":"<section class=\"l-section wpb_row height_medium full_height valign_center with_img\" id=\"kontakt\"><div class=\"l-section-img\" role=\"img\" data-img-width=\"2000\" data-img-height=\"1122\" style=\"background-image: url(https:\/\/rau.de\/wp-content\/uploads\/bg.jpg);\"><\/div><div class=\"l-section-h i-cf\"><div class=\"g-cols vc_row via_flex valign_top type_default stacking_default\"><div class=\"vc_col-sm-12 wpb_column vc_column_container\"><div class=\"vc_column-inner\"><div class=\"wpb_wrapper\"><div class=\"g-cols wpb_row content_top via_flex valign_top type_default stacking_default\"><div class=\"vc_col-sm-12 wpb_column vc_column_container\"><div class=\"vc_column-inner\"><div class=\"wpb_wrapper\"><h1 class=\"w-post-elm post_title entry-title color_link_inherit\">Protezione contro il rumore per citt\u00e0, comuni, commercio e industria<\/h1><\/div><\/div><\/div><\/div><div class=\"g-cols wpb_row us_custom_4fb9e5a3 content_text via_flex valign_top type_default stacking_default\"><div class=\"vc_col-sm-12 wpb_column vc_column_container\"><div class=\"vc_column-inner\"><div class=\"wpb_wrapper\"><div class=\"wpb_text_column\"><div class=\"wpb_wrapper\"><p>Si stanno costruendo nuove aree di sviluppo sempre pi\u00f9 vicine alle fonti di rumore esistenti. Questo rumore pu\u00f2 essere notevolmente ridotto con l&#8217;aiuto di pareti insonorizzanti. Per alcune nuove aree di sviluppo \u00e8 sufficiente costruire pareti insonorizzanti con le masse di terreno esistenti. Per le aree con sufficiente spazio a pavimento, una barriera ripida \u00e8 adatta come parete per carichi pesanti senza fondamenta profonde. Nelle aree urbane, invece, sono necessari sistemi stretti con fondamenta profonde. I sistemi di Rau.de possono essere tutti inverditi. Da un lato, l\u2019inverdimento offre vantaggi ecologici, ma rende anche pi\u00f9 facile la manutenzione e fa risparmiare sui costi. In termini di pareti insonorizzanti ci sono molte possibilit\u00e0 di variazione. Esistono diversi tipi di pareti e barriere e diversi materiali, che possono essere combinati secondo i desideri individuali.<\/p>\n<\/div><\/div><\/div><\/div><\/div><\/div><div class=\"g-cols wpb_row us_custom_4fb9e5a3 content_text via_flex valign_top type_default stacking_default\"><div class=\"vc_col-sm-4 wpb_column vc_column_container\"><div class=\"vc_column-inner\"><div class=\"wpb_wrapper\"><div class=\"w-image align_none\"><div class=\"w-image-h\"><img loading=\"lazy\" decoding=\"async\" width=\"600\" height=\"400\" src=\"https:\/\/rau.de\/wp-content\/uploads\/oekologische_laermschutzwand_rau_r3_frankfurt_am_main.jpg\" class=\"attachment-large size-large\" alt=\"Begr\u00fcnte L\" srcset=\"https:\/\/rau.de\/wp-content\/uploads\/oekologische_laermschutzwand_rau_r3_frankfurt_am_main.jpg 600w, https:\/\/rau.de\/wp-content\/uploads\/oekologische_laermschutzwand_rau_r3_frankfurt_am_main-300x200.jpg 300w\" sizes=\"auto, (max-width: 600px) 100vw, 600px\" \/><\/div><\/div><div class=\"w-separator size_medium\"><\/div><div class=\"w-btn-wrapper align_none\"><a class=\"w-btn us-btn-style_1\" title=\"Produkte\" href=\"https:\/\/rau.de\/it\/prodotti\/\"><span class=\"w-btn-label\">Vai al prodotto<\/span><\/a><\/div><\/div><\/div><\/div><div class=\"vc_col-sm-4 wpb_column vc_column_container\"><div class=\"vc_column-inner\"><div class=\"wpb_wrapper\"><div class=\"w-image align_none\"><div class=\"w-image-h\"><img loading=\"lazy\" decoding=\"async\" width=\"600\" height=\"400\" src=\"https:\/\/rau.de\/wp-content\/uploads\/steinfurt-oekologische-laermschutzwand.jpg\" class=\"attachment-large size-large\" alt=\"Begr\u00fcnte L\u00e4rmschutzwand an einem Wohngebiet in Steinfurt\" srcset=\"https:\/\/rau.de\/wp-content\/uploads\/steinfurt-oekologische-laermschutzwand.jpg 600w, https:\/\/rau.de\/wp-content\/uploads\/steinfurt-oekologische-laermschutzwand-300x200.jpg 300w\" sizes=\"auto, (max-width: 600px) 100vw, 600px\" \/><\/div><\/div><\/div><\/div><\/div><div class=\"vc_col-sm-4 wpb_column vc_column_container\"><div class=\"vc_column-inner\"><div class=\"wpb_wrapper\"><div class=\"w-image align_none\"><div class=\"w-image-h\"><img loading=\"lazy\" decoding=\"async\" width=\"1024\" height=\"683\" src=\"https:\/\/rau.de\/wp-content\/uploads\/oldenburg2-1-1024x683.jpg\" class=\"attachment-large size-large\" alt=\"\u00d6kologischer L\u00e4rmschutz f\u00fcr St\u00e4dte und Kommunen - RAU\" srcset=\"https:\/\/rau.de\/wp-content\/uploads\/oldenburg2-1.jpg 1024w, https:\/\/rau.de\/wp-content\/uploads\/oldenburg2-1-300x200.jpg 300w\" sizes=\"auto, (max-width: 1024px) 100vw, 1024px\" \/><\/div><\/div><\/div><\/div><\/div><\/div><\/div><\/div><\/div><\/div><\/div><\/section>\n","protected":false},"excerpt":{"rendered":"Protezione contro il rumore per citt\u00e0, comuni, commercio e industriaSi stanno costruendo nuove aree di sviluppo sempre pi\u00f9 vicine alle fonti di rumore esistenti. Questo rumore pu\u00f2 essere notevolmente ridotto con l&#8217;aiuto di pareti insonorizzanti. Per alcune nuove aree di sviluppo \u00e8 sufficiente costruire pareti insonorizzanti con le masse di terreno esistenti. Per le aree...","protected":false},"author":2,"featured_media":20420,"parent":0,"menu_order":0,"comment_status":"closed","ping_status":"closed","template":"","meta":{"footnotes":""},"class_list":["post-9595","page","type-page","status-publish","has-post-thumbnail","hentry"],"yoast_head":"<!-- This site is optimized with the Yoast SEO plugin v27.5 - https:\/\/yoast.com\/product\/yoast-seo-wordpress\/ -->\n<title>Protezione contro il rumore per citt\u00e0, comuni, commercio e industria \u2705<\/title>\n<meta name=\"description\" content=\"Pareti insonorizzanti ecologiche \ud83c\udf43 Si stanno costruendo nuove aree di sviluppo sempre pi\u00f9 vicine alle fonti di rumore esistenti. \ud83c\udf32\" \/>\n<meta name=\"robots\" content=\"index, follow, max-snippet:-1, max-image-preview:large, max-video-preview:-1\" \/>\n<link rel=\"canonical\" href=\"https:\/\/rau.de\/it\/protezione-contro-il-rumore-per-citta-comuni-commercio-e-industria\/\" \/>\n<meta property=\"og:locale\" content=\"it_IT\" \/>\n<meta property=\"og:type\" content=\"article\" \/>\n<meta property=\"og:title\" content=\"Protezione contro il rumore per citt\u00e0, comuni, commercio e industria \u2705\" \/>\n<meta property=\"og:description\" content=\"Pareti insonorizzanti ecologiche \ud83c\udf43 Si stanno costruendo nuove aree di sviluppo sempre pi\u00f9 vicine alle fonti di rumore esistenti. \ud83c\udf32\" \/>\n<meta property=\"og:url\" content=\"https:\/\/rau.de\/it\/protezione-contro-il-rumore-per-citta-comuni-commercio-e-industria\/\" \/>\n<meta property=\"og:site_name\" content=\"Rau | L\u00e4rmschutzw\u00e4nde\" \/>\n<meta property=\"article:modified_time\" content=\"2021-09-09T09:07:34+00:00\" \/>\n<meta property=\"og:image\" content=\"https:\/\/rau.de\/wp-content\/uploads\/R3Gruen16.jpg\" \/>\n\t<meta property=\"og:image:width\" content=\"1024\" \/>\n\t<meta property=\"og:image:height\" content=\"534\" \/>\n\t<meta property=\"og:image:type\" content=\"image\/jpeg\" \/>\n<meta name=\"twitter:card\" content=\"summary_large_image\" \/>\n<meta name=\"twitter:label1\" content=\"Tempo di lettura stimato\" \/>\n\t<meta name=\"twitter:data1\" content=\"1 minuto\" \/>\n<script type=\"application\/ld+json\" class=\"yoast-schema-graph\">{\"@context\":\"https:\\\/\\\/schema.org\",\"@graph\":[{\"@type\":\"WebPage\",\"@id\":\"https:\\\/\\\/rau.de\\\/it\\\/protezione-contro-il-rumore-per-citta-comuni-commercio-e-industria\\\/\",\"url\":\"https:\\\/\\\/rau.de\\\/it\\\/protezione-contro-il-rumore-per-citta-comuni-commercio-e-industria\\\/\",\"name\":\"Protezione contro il rumore per citt\u00e0, comuni, commercio e industria \u2705\",\"isPartOf\":{\"@id\":\"https:\\\/\\\/rau.de\\\/it\\\/#website\"},\"primaryImageOfPage\":{\"@id\":\"https:\\\/\\\/rau.de\\\/it\\\/protezione-contro-il-rumore-per-citta-comuni-commercio-e-industria\\\/#primaryimage\"},\"image\":{\"@id\":\"https:\\\/\\\/rau.de\\\/it\\\/protezione-contro-il-rumore-per-citta-comuni-commercio-e-industria\\\/#primaryimage\"},\"thumbnailUrl\":\"https:\\\/\\\/rau.de\\\/wp-content\\\/uploads\\\/R3Gruen16.jpg\",\"datePublished\":\"2020-08-25T14:33:10+00:00\",\"dateModified\":\"2021-09-09T09:07:34+00:00\",\"description\":\"Pareti insonorizzanti ecologiche \ud83c\udf43 Si stanno costruendo nuove aree di sviluppo sempre pi\u00f9 vicine alle fonti di rumore esistenti. \ud83c\udf32\",\"breadcrumb\":{\"@id\":\"https:\\\/\\\/rau.de\\\/it\\\/protezione-contro-il-rumore-per-citta-comuni-commercio-e-industria\\\/#breadcrumb\"},\"inLanguage\":\"it-IT\",\"potentialAction\":[{\"@type\":\"ReadAction\",\"target\":[\"https:\\\/\\\/rau.de\\\/it\\\/protezione-contro-il-rumore-per-citta-comuni-commercio-e-industria\\\/\"]}]},{\"@type\":\"ImageObject\",\"inLanguage\":\"it-IT\",\"@id\":\"https:\\\/\\\/rau.de\\\/it\\\/protezione-contro-il-rumore-per-citta-comuni-commercio-e-industria\\\/#primaryimage\",\"url\":\"https:\\\/\\\/rau.de\\\/wp-content\\\/uploads\\\/R3Gruen16.jpg\",\"contentUrl\":\"https:\\\/\\\/rau.de\\\/wp-content\\\/uploads\\\/R3Gruen16.jpg\",\"width\":1024,\"height\":534,\"caption\":\"Green noise protection wall along the road\"},{\"@type\":\"BreadcrumbList\",\"@id\":\"https:\\\/\\\/rau.de\\\/it\\\/protezione-contro-il-rumore-per-citta-comuni-commercio-e-industria\\\/#breadcrumb\",\"itemListElement\":[{\"@type\":\"ListItem\",\"position\":1,\"name\":\"Startseite\",\"item\":\"https:\\\/\\\/rau.de\\\/it\\\/\"},{\"@type\":\"ListItem\",\"position\":2,\"name\":\"Protezione contro il rumore per citt\u00e0, comuni, commercio e industria\"}]},{\"@type\":\"WebSite\",\"@id\":\"https:\\\/\\\/rau.de\\\/it\\\/#website\",\"url\":\"https:\\\/\\\/rau.de\\\/it\\\/\",\"name\":\"Rau | L\u00e4rmschutzw\u00e4nde\",\"description\":\"Entwicklung und Umsetzung von L\u00e4rmschutzwand und Schallschutzwand\",\"publisher\":{\"@id\":\"https:\\\/\\\/rau.de\\\/it\\\/#organization\"},\"potentialAction\":[{\"@type\":\"SearchAction\",\"target\":{\"@type\":\"EntryPoint\",\"urlTemplate\":\"https:\\\/\\\/rau.de\\\/it\\\/?s={search_term_string}\"},\"query-input\":{\"@type\":\"PropertyValueSpecification\",\"valueRequired\":true,\"valueName\":\"search_term_string\"}}],\"inLanguage\":\"it-IT\"},{\"@type\":\"Organization\",\"@id\":\"https:\\\/\\\/rau.de\\\/it\\\/#organization\",\"name\":\"RAU L\u00e4rmschutzw\u00e4nde \u2013 Geosystem GBK GmbH\",\"url\":\"https:\\\/\\\/rau.de\\\/it\\\/\",\"logo\":{\"@type\":\"ImageObject\",\"inLanguage\":\"it-IT\",\"@id\":\"https:\\\/\\\/rau.de\\\/it\\\/#\\\/schema\\\/logo\\\/image\\\/\",\"url\":\"https:\\\/\\\/rau.de\\\/wp-content\\\/uploads\\\/web_logo.png\",\"contentUrl\":\"https:\\\/\\\/rau.de\\\/wp-content\\\/uploads\\\/web_logo.png\",\"width\":249,\"height\":127,\"caption\":\"RAU L\u00e4rmschutzw\u00e4nde \u2013 Geosystem GBK GmbH\"},\"image\":{\"@id\":\"https:\\\/\\\/rau.de\\\/it\\\/#\\\/schema\\\/logo\\\/image\\\/\"}}]}<\/script>\n<!-- \/ Yoast SEO plugin. -->","yoast_head_json":{"title":"Protezione contro il rumore per citt\u00e0, comuni, commercio e industria \u2705","description":"Pareti insonorizzanti ecologiche \ud83c\udf43 Si stanno costruendo nuove aree di sviluppo sempre pi\u00f9 vicine alle fonti di rumore esistenti. \ud83c\udf32","robots":{"index":"index","follow":"follow","max-snippet":"max-snippet:-1","max-image-preview":"max-image-preview:large","max-video-preview":"max-video-preview:-1"},"canonical":"https:\/\/rau.de\/it\/protezione-contro-il-rumore-per-citta-comuni-commercio-e-industria\/","og_locale":"it_IT","og_type":"article","og_title":"Protezione contro il rumore per citt\u00e0, comuni, commercio e industria \u2705","og_description":"Pareti insonorizzanti ecologiche \ud83c\udf43 Si stanno costruendo nuove aree di sviluppo sempre pi\u00f9 vicine alle fonti di rumore esistenti. \ud83c\udf32","og_url":"https:\/\/rau.de\/it\/protezione-contro-il-rumore-per-citta-comuni-commercio-e-industria\/","og_site_name":"Rau | L\u00e4rmschutzw\u00e4nde","article_modified_time":"2021-09-09T09:07:34+00:00","og_image":[{"width":1024,"height":534,"url":"https:\/\/rau.de\/wp-content\/uploads\/R3Gruen16.jpg","type":"image\/jpeg"}],"twitter_card":"summary_large_image","twitter_misc":{"Tempo di lettura stimato":"1 minuto"},"schema":{"@context":"https:\/\/schema.org","@graph":[{"@type":"WebPage","@id":"https:\/\/rau.de\/it\/protezione-contro-il-rumore-per-citta-comuni-commercio-e-industria\/","url":"https:\/\/rau.de\/it\/protezione-contro-il-rumore-per-citta-comuni-commercio-e-industria\/","name":"Protezione contro il rumore per citt\u00e0, comuni, commercio e industria \u2705","isPartOf":{"@id":"https:\/\/rau.de\/it\/#website"},"primaryImageOfPage":{"@id":"https:\/\/rau.de\/it\/protezione-contro-il-rumore-per-citta-comuni-commercio-e-industria\/#primaryimage"},"image":{"@id":"https:\/\/rau.de\/it\/protezione-contro-il-rumore-per-citta-comuni-commercio-e-industria\/#primaryimage"},"thumbnailUrl":"https:\/\/rau.de\/wp-content\/uploads\/R3Gruen16.jpg","datePublished":"2020-08-25T14:33:10+00:00","dateModified":"2021-09-09T09:07:34+00:00","description":"Pareti insonorizzanti ecologiche \ud83c\udf43 Si stanno costruendo nuove aree di sviluppo sempre pi\u00f9 vicine alle fonti di rumore esistenti. \ud83c\udf32","breadcrumb":{"@id":"https:\/\/rau.de\/it\/protezione-contro-il-rumore-per-citta-comuni-commercio-e-industria\/#breadcrumb"},"inLanguage":"it-IT","potentialAction":[{"@type":"ReadAction","target":["https:\/\/rau.de\/it\/protezione-contro-il-rumore-per-citta-comuni-commercio-e-industria\/"]}]},{"@type":"ImageObject","inLanguage":"it-IT","@id":"https:\/\/rau.de\/it\/protezione-contro-il-rumore-per-citta-comuni-commercio-e-industria\/#primaryimage","url":"https:\/\/rau.de\/wp-content\/uploads\/R3Gruen16.jpg","contentUrl":"https:\/\/rau.de\/wp-content\/uploads\/R3Gruen16.jpg","width":1024,"height":534,"caption":"Green noise protection wall along the road"},{"@type":"BreadcrumbList","@id":"https:\/\/rau.de\/it\/protezione-contro-il-rumore-per-citta-comuni-commercio-e-industria\/#breadcrumb","itemListElement":[{"@type":"ListItem","position":1,"name":"Startseite","item":"https:\/\/rau.de\/it\/"},{"@type":"ListItem","position":2,"name":"Protezione contro il rumore per citt\u00e0, comuni, commercio e industria"}]},{"@type":"WebSite","@id":"https:\/\/rau.de\/it\/#website","url":"https:\/\/rau.de\/it\/","name":"Rau | L\u00e4rmschutzw\u00e4nde","description":"Entwicklung und Umsetzung von L\u00e4rmschutzwand und Schallschutzwand","publisher":{"@id":"https:\/\/rau.de\/it\/#organization"},"potentialAction":[{"@type":"SearchAction","target":{"@type":"EntryPoint","urlTemplate":"https:\/\/rau.de\/it\/?s={search_term_string}"},"query-input":{"@type":"PropertyValueSpecification","valueRequired":true,"valueName":"search_term_string"}}],"inLanguage":"it-IT"},{"@type":"Organization","@id":"https:\/\/rau.de\/it\/#organization","name":"RAU L\u00e4rmschutzw\u00e4nde \u2013 Geosystem GBK GmbH","url":"https:\/\/rau.de\/it\/","logo":{"@type":"ImageObject","inLanguage":"it-IT","@id":"https:\/\/rau.de\/it\/#\/schema\/logo\/image\/","url":"https:\/\/rau.de\/wp-content\/uploads\/web_logo.png","contentUrl":"https:\/\/rau.de\/wp-content\/uploads\/web_logo.png","width":249,"height":127,"caption":"RAU L\u00e4rmschutzw\u00e4nde \u2013 Geosystem GBK GmbH"},"image":{"@id":"https:\/\/rau.de\/it\/#\/schema\/logo\/image\/"}}]}},"_links":{"self":[{"href":"https:\/\/rau.de\/it\/wp-json\/wp\/v2\/pages\/9595","targetHints":{"allow":["GET"]}}],"collection":[{"href":"https:\/\/rau.de\/it\/wp-json\/wp\/v2\/pages"}],"about":[{"href":"https:\/\/rau.de\/it\/wp-json\/wp\/v2\/types\/page"}],"author":[{"embeddable":true,"href":"https:\/\/rau.de\/it\/wp-json\/wp\/v2\/users\/2"}],"replies":[{"embeddable":true,"href":"https:\/\/rau.de\/it\/wp-json\/wp\/v2\/comments?post=9595"}],"version-history":[{"count":1,"href":"https:\/\/rau.de\/it\/wp-json\/wp\/v2\/pages\/9595\/revisions"}],"predecessor-version":[{"id":9596,"href":"https:\/\/rau.de\/it\/wp-json\/wp\/v2\/pages\/9595\/revisions\/9596"}],"wp:featuredmedia":[{"embeddable":true,"href":"https:\/\/rau.de\/it\/wp-json\/wp\/v2\/media\/20420"}],"wp:attachment":[{"href":"https:\/\/rau.de\/it\/wp-json\/wp\/v2\/media?parent=9595"}],"curies":[{"name":"wp","href":"https:\/\/api.w.org\/{rel}","templated":true}]}}