{"id":958,"date":"2019-08-05T15:08:05","date_gmt":"2019-08-05T13:08:05","guid":{"rendered":"http:\/\/rau.kundendemo.com\/?page_id=958"},"modified":"2021-10-25T14:53:38","modified_gmt":"2021-10-25T12:53:38","slug":"ultime-notizie","status":"publish","type":"page","link":"https:\/\/rau.de\/it\/ultime-notizie\/","title":{"rendered":"Ultime notizie"},"content":{"rendered":"<section class=\"l-section wpb_row height_medium full_height valign_center with_img parallax_fixed\" id=\"kontakt\"><div class=\"l-section-img\" role=\"img\" data-img-width=\"2000\" data-img-height=\"1122\" style=\"background-image: url(https:\/\/rau.de\/wp-content\/uploads\/bg.jpg);\"><\/div><div class=\"l-section-h i-cf\"><div class=\"g-cols vc_row via_flex valign_top type_default stacking_default\"><div class=\"vc_col-sm-12 wpb_column vc_column_container\"><div class=\"vc_column-inner\"><div class=\"wpb_wrapper\"><div class=\"g-cols wpb_row content_top via_flex valign_top type_default stacking_default\"><div class=\"vc_col-sm-12 wpb_column vc_column_container\"><div class=\"vc_column-inner\"><div class=\"wpb_wrapper\"><h1 class=\"w-post-elm post_title entry-title color_link_inherit\">Ultime notizie<\/h1><\/div><\/div><\/div><\/div><div class=\"g-cols wpb_row us_custom_4fb9e5a3 content_text via_flex valign_top type_default stacking_default\"><div class=\"vc_col-sm-12 wpb_column vc_column_container\"><div class=\"vc_column-inner\"><div class=\"wpb_wrapper\"><div class=\"w-grid type_grid layout_21949 cols_3\" id=\"us_grid_1\" style=\"--gap:1.5rem;\" data-filterable=\"true\"><style>@media (max-width:1024px){#us_grid_1 .w-grid-item{width:50%}}@media (max-width:600px){#us_grid_1 .w-grid-list{margin:0}#us_grid_1 .w-grid-item{width:100%;padding:0;margin-bottom:var(--gap,0px)}}.layout_21949 .w-grid-item-h{}.layout_21949 .usg_post_image_1{margin-bottom:1rem!important}.layout_21949 .usg_post_title_1{font-size:1.4rem!important;margin-bottom:0.5rem!important}.layout_21949 .usg_hwrapper_1{color:#999999!important;font-size:0.9rem!important}.layout_21949 .usg_post_content_1{margin-top:0.5rem!important}.layout_21949 .usg_btn_1{margin-top:1.5rem!important}@media (min-width:1025px) and (max-width:1280px){.layout_21949 .usg_post_image_1{margin-bottom:1rem!important}.layout_21949 .usg_post_title_1{font-size:1.4rem!important;margin-bottom:0.5rem!important}.layout_21949 .usg_hwrapper_1{color:#999999!important;font-size:0.9rem!important}.layout_21949 .usg_post_content_1{margin-top:0.5rem!important}.layout_21949 .usg_btn_1{margin-top:1.5rem!important}}@media (min-width:601px) and (max-width:1024px){.layout_21949 .usg_post_image_1{margin-bottom:1rem!important}.layout_21949 .usg_post_title_1{font-size:1.4rem!important;margin-bottom:0.5rem!important}.layout_21949 .usg_hwrapper_1{color:#999999!important;font-size:0.9rem!important}.layout_21949 .usg_post_content_1{margin-top:0.5rem!important}.layout_21949 .usg_btn_1{margin-top:1.5rem!important}}@media (max-width:600px){.layout_21949 .usg_post_image_1{margin-bottom:1rem!important}.layout_21949 .usg_post_title_1{font-size:1.4rem!important;margin-bottom:0.5rem!important}.layout_21949 .usg_hwrapper_1{color:#999999!important;font-size:0.9rem!important}.layout_21949 .usg_post_content_1{margin-top:0.5rem!important}.layout_21949 .usg_btn_1{margin-top:1.5rem!important}}<\/style><div class=\"w-grid-list\">\t<article class=\"w-grid-item size_1x1 post-7955 post type-post status-publish format-video has-post-thumbnail hentry category-video-it post_format-post-format-video\" data-id=\"7955\">\r\n\t\t<div class=\"w-grid-item-h\">\r\n\t\t\t\t\t\t<div class=\"w-post-elm post_image usg_post_image_1 stretched media_preview\"><div class=\"w-video align_none ratio_16x9 has_iframe\"><div class=\"w-video-h\"><iframe title=\"Youtube video player\" src=\"\/\/www.youtube.com\/embed\/QmgcNSFhKnE?autoplay=0&controls=1&origin=https:\/\/rau.de\/it\/&loop=0&mute=0\" allowfullscreen=\"1\" loading=\"lazy\"><\/iframe><\/div><div class=\"w-video-icon\" style=\"font-size:1.5rem;background:rgba(0,0,0,0.5);color:#fff\"><\/div><\/div><\/div><h2 class=\"w-post-elm post_title usg_post_title_1 entry-title color_link_inherit\"><a href=\"https:\/\/rau.de\/it\/2020\/07\/22\/fotografia-aerea-leverkusen-opladen\/\">Fotografia aerea \/ Leverkusen Opladen<\/a><\/h2><div class=\"w-hwrapper usg_hwrapper_1 has_text_color align_left valign_top wrap\"><\/div><a class=\"w-btn us-btn-style_2 usg_btn_1\" href=\"https:\/\/rau.de\/it\/2020\/07\/22\/fotografia-aerea-leverkusen-opladen\/\"><span class=\"w-btn-label\">Ulteriore<\/span><\/a>\t\t<\/div>\r\n\t<\/article>\r\n\t<article class=\"w-grid-item size_1x1 post-5386 post type-post status-publish format-standard has-post-thumbnail hentry category-news-it\" data-id=\"5386\">\r\n\t\t<div class=\"w-grid-item-h\">\r\n\t\t\t\t\t\t<div class=\"w-post-elm post_image usg_post_image_1 stretched\"><a href=\"https:\/\/rau.de\/it\/2019\/07\/25\/rau-r3-parete-antirumore-ecologicamente-estensibile-a-eltville\/\" aria-label=\"RAU R3 -Parete antirumore ecologicamente estensibile &#8211; a Eltville\"><img loading=\"lazy\" decoding=\"async\" width=\"800\" height=\"533\" src=\"https:\/\/rau.de\/wp-content\/uploads\/oekologische-aufstockbare-laermschutzwand-eltville-5.jpg\" class=\"attachment-large size-large wp-post-image\" alt=\"\" srcset=\"https:\/\/rau.de\/wp-content\/uploads\/oekologische-aufstockbare-laermschutzwand-eltville-5.jpg 800w, https:\/\/rau.de\/wp-content\/uploads\/oekologische-aufstockbare-laermschutzwand-eltville-5-300x200.jpg 300w\" sizes=\"auto, (max-width: 800px) 100vw, 800px\" \/><\/a><\/div><h2 class=\"w-post-elm post_title usg_post_title_1 entry-title color_link_inherit\"><a href=\"https:\/\/rau.de\/it\/2019\/07\/25\/rau-r3-parete-antirumore-ecologicamente-estensibile-a-eltville\/\">RAU R3 -Parete antirumore ecologicamente estensibile &#8211; a Eltville<\/a><\/h2><div class=\"w-hwrapper usg_hwrapper_1 has_text_color align_left valign_top wrap\"><\/div><a class=\"w-btn us-btn-style_2 usg_btn_1\" href=\"https:\/\/rau.de\/it\/2019\/07\/25\/rau-r3-parete-antirumore-ecologicamente-estensibile-a-eltville\/\"><span class=\"w-btn-label\">Ulteriore<\/span><\/a>\t\t<\/div>\r\n\t<\/article>\r\n\t<article class=\"w-grid-item size_1x1 post-8011 post type-post status-publish format-video has-post-thumbnail hentry category-video-it post_format-post-format-video\" data-id=\"8011\">\r\n\t\t<div class=\"w-grid-item-h\">\r\n\t\t\t\t\t\t<div class=\"w-post-elm post_image usg_post_image_1 stretched media_preview\"><div class=\"w-video align_none ratio_16x9 has_iframe\"><div class=\"w-video-h\"><iframe title=\"Youtube video player\" src=\"\/\/www.youtube.com\/embed\/u6Jhi_lx3EQ?autoplay=0&controls=1&origin=https:\/\/rau.de\/it\/&loop=0&mute=0\" allowfullscreen=\"1\" loading=\"lazy\"><\/iframe><\/div><div class=\"w-video-icon\" style=\"font-size:1.5rem;background:rgba(0,0,0,0.5);color:#fff\"><\/div><\/div><\/div><h2 class=\"w-post-elm post_title usg_post_title_1 entry-title color_link_inherit\"><a href=\"https:\/\/rau.de\/it\/2019\/06\/11\/rau-barriere-antirumore-nw\/\">Rau Barriere antirumore NW<\/a><\/h2><div class=\"w-hwrapper usg_hwrapper_1 has_text_color align_left valign_top wrap\"><\/div><a class=\"w-btn us-btn-style_2 usg_btn_1\" href=\"https:\/\/rau.de\/it\/2019\/06\/11\/rau-barriere-antirumore-nw\/\"><span class=\"w-btn-label\">Ulteriore<\/span><\/a>\t\t<\/div>\r\n\t<\/article>\r\n\t<article class=\"w-grid-item size_1x1 post-7917 post type-post status-publish format-video has-post-thumbnail hentry category-video-it post_format-post-format-video\" data-id=\"7917\">\r\n\t\t<div class=\"w-grid-item-h\">\r\n\t\t\t\t\t\t<div class=\"w-post-elm post_image usg_post_image_1 stretched media_preview\"><div class=\"w-video align_none ratio_16x9 has_iframe\"><div class=\"w-video-h\"><iframe title=\"Youtube video player\" src=\"\/\/www.youtube.com\/embed\/wpeXwxj4J4s?autoplay=0&controls=1&origin=https:\/\/rau.de\/it\/&loop=0&mute=0\" allowfullscreen=\"1\" loading=\"lazy\"><\/iframe><\/div><div class=\"w-video-icon\" style=\"font-size:1.5rem;background:rgba(0,0,0,0.5);color:#fff\"><\/div><\/div><\/div><h2 class=\"w-post-elm post_title usg_post_title_1 entry-title color_link_inherit\"><a href=\"https:\/\/rau.de\/it\/2019\/06\/11\/realizzazione-di-un-muro-antirumore-di-3-metri-in-2-minuti\/\">Realizzazione di un muro antirumore di 3 metri in 2 minuti<\/a><\/h2><div class=\"w-hwrapper usg_hwrapper_1 has_text_color align_left valign_top wrap\"><\/div><a class=\"w-btn us-btn-style_2 usg_btn_1\" href=\"https:\/\/rau.de\/it\/2019\/06\/11\/realizzazione-di-un-muro-antirumore-di-3-metri-in-2-minuti\/\"><span class=\"w-btn-label\">Ulteriore<\/span><\/a>\t\t<\/div>\r\n\t<\/article>\r\n\t<article class=\"w-grid-item size_1x1 post-8037 post type-post status-publish format-video has-post-thumbnail hentry category-video-it post_format-post-format-video\" data-id=\"8037\">\r\n\t\t<div class=\"w-grid-item-h\">\r\n\t\t\t\t\t\t<div class=\"w-post-elm post_image usg_post_image_1 stretched media_preview\"><div class=\"w-video align_none ratio_16x9 has_iframe\"><div class=\"w-video-h\"><iframe title=\"Youtube video player\" src=\"\/\/www.youtube.com\/embed\/7aOHrUnwL68?autoplay=0&controls=1&origin=https:\/\/rau.de\/it\/&loop=0&mute=0\" allowfullscreen=\"1\" loading=\"lazy\"><\/iframe><\/div><div class=\"w-video-icon\" style=\"font-size:1.5rem;background:rgba(0,0,0,0.5);color:#fff\"><\/div><\/div><\/div><h2 class=\"w-post-elm post_title usg_post_title_1 entry-title color_link_inherit\"><a href=\"https:\/\/rau.de\/it\/2019\/06\/11\/servizio-televisivo-youtube-della-societa-rau-geosystem-barriera-antirumore\/\">Reportage sulla barriera antirumore di RAU<\/a><\/h2><div class=\"w-hwrapper usg_hwrapper_1 has_text_color align_left valign_top wrap\"><\/div><a class=\"w-btn us-btn-style_2 usg_btn_1\" href=\"https:\/\/rau.de\/it\/2019\/06\/11\/servizio-televisivo-youtube-della-societa-rau-geosystem-barriera-antirumore\/\"><span class=\"w-btn-label\">Ulteriore<\/span><\/a>\t\t<\/div>\r\n\t<\/article>\r\n\t<article class=\"w-grid-item size_1x1 post-8076 post type-post status-publish format-video has-post-thumbnail hentry category-video-it post_format-post-format-video\" data-id=\"8076\">\r\n\t\t<div class=\"w-grid-item-h\">\r\n\t\t\t\t\t\t<div class=\"w-post-elm post_image usg_post_image_1 stretched media_preview\"><div class=\"w-video align_none ratio_16x9 has_iframe\"><div class=\"w-video-h\"><iframe title=\"Youtube video player\" src=\"\/\/www.youtube.com\/embed\/ljMt_zHSaLM?autoplay=0&controls=1&origin=https:\/\/rau.de\/it\/&loop=0&mute=0\" allowfullscreen=\"1\" loading=\"lazy\"><\/iframe><\/div><div class=\"w-video-icon\" style=\"font-size:1.5rem;background:rgba(0,0,0,0.5);color:#fff\"><\/div><\/div><\/div><h2 class=\"w-post-elm post_title usg_post_title_1 entry-title color_link_inherit\"><a href=\"https:\/\/rau.de\/it\/2019\/06\/11\/costruisci-una-barriera-antirumore-in-2-minuti\/\">Costruisci una barriera antirumore in 2 minuti<\/a><\/h2><div class=\"w-hwrapper usg_hwrapper_1 has_text_color align_left valign_top wrap\"><\/div><a class=\"w-btn us-btn-style_2 usg_btn_1\" href=\"https:\/\/rau.de\/it\/2019\/06\/11\/costruisci-una-barriera-antirumore-in-2-minuti\/\"><span class=\"w-btn-label\">Ulteriore<\/span><\/a>\t\t<\/div>\r\n\t<\/article>\r\n\t<article class=\"w-grid-item size_1x1 post-8167 post type-post status-publish format-video has-post-thumbnail hentry category-video-it post_format-post-format-video\" data-id=\"8167\">\r\n\t\t<div class=\"w-grid-item-h\">\r\n\t\t\t\t\t\t<div class=\"w-post-elm post_image usg_post_image_1 stretched media_preview\"><div class=\"w-video align_none ratio_16x9 has_iframe\"><div class=\"w-video-h\"><iframe title=\"Youtube video player\" src=\"\/\/www.youtube.com\/embed\/9w28F6iuAL4?autoplay=0&controls=1&origin=https:\/\/rau.de\/it\/&loop=0&mute=0\" allowfullscreen=\"1\" loading=\"lazy\"><\/iframe><\/div><div class=\"w-video-icon\" style=\"font-size:1.5rem;background:rgba(0,0,0,0.5);color:#fff\"><\/div><\/div><\/div><h2 class=\"w-post-elm post_title usg_post_title_1 entry-title color_link_inherit\"><a href=\"https:\/\/rau.de\/it\/2019\/06\/07\/piantare-sulla-barriera-antirumore-a-raesfeld\/\">Piantare sulla barriera antirumore a Raesfeld<\/a><\/h2><div class=\"w-hwrapper usg_hwrapper_1 has_text_color align_left valign_top wrap\"><\/div><a class=\"w-btn us-btn-style_2 usg_btn_1\" href=\"https:\/\/rau.de\/it\/2019\/06\/07\/piantare-sulla-barriera-antirumore-a-raesfeld\/\"><span class=\"w-btn-label\">Ulteriore<\/span><\/a>\t\t<\/div>\r\n\t<\/article>\r\n\t<article class=\"w-grid-item size_1x1 post-8115 post type-post status-publish format-standard has-post-thumbnail hentry category-news-it\" data-id=\"8115\">\r\n\t\t<div class=\"w-grid-item-h\">\r\n\t\t\t\t\t\t<div class=\"w-post-elm post_image usg_post_image_1 stretched\"><a href=\"https:\/\/rau.de\/it\/2019\/06\/05\/insonorizzazione-per-mezza-eternita\/\" aria-label=\"Insonorizzazione per mezza eternit\u00e0\"><img loading=\"lazy\" decoding=\"async\" width=\"1024\" height=\"653\" src=\"https:\/\/rau.de\/wp-content\/uploads\/zeitungsartikel-zepernicker-chausse-bernau-1024x653-1-1.jpg\" class=\"attachment-large size-large wp-post-image\" alt=\"\" srcset=\"https:\/\/rau.de\/wp-content\/uploads\/zeitungsartikel-zepernicker-chausse-bernau-1024x653-1-1.jpg 1024w, https:\/\/rau.de\/wp-content\/uploads\/zeitungsartikel-zepernicker-chausse-bernau-1024x653-1-1-300x191.jpg 300w\" sizes=\"auto, (max-width: 1024px) 100vw, 1024px\" \/><\/a><\/div><h2 class=\"w-post-elm post_title usg_post_title_1 entry-title color_link_inherit\"><a href=\"https:\/\/rau.de\/it\/2019\/06\/05\/insonorizzazione-per-mezza-eternita\/\">Insonorizzazione per mezza eternit\u00e0<\/a><\/h2><div class=\"w-hwrapper usg_hwrapper_1 has_text_color align_left valign_top wrap\"><\/div><a class=\"w-btn us-btn-style_2 usg_btn_1\" href=\"https:\/\/rau.de\/it\/2019\/06\/05\/insonorizzazione-per-mezza-eternita\/\"><span class=\"w-btn-label\">Ulteriore<\/span><\/a>\t\t<\/div>\r\n\t<\/article>\r\n\t<article class=\"w-grid-item size_1x1 post-8193 post type-post status-publish format-video has-post-thumbnail hentry category-video-it post_format-post-format-video\" data-id=\"8193\">\r\n\t\t<div class=\"w-grid-item-h\">\r\n\t\t\t\t\t\t<div class=\"w-post-elm post_image usg_post_image_1 stretched media_preview\"><div class=\"w-video align_none ratio_16x9 has_iframe\"><div class=\"w-video-h\"><iframe title=\"Youtube video player\" src=\"\/\/www.youtube.com\/embed\/EglvrZzMcT8?autoplay=0&controls=1&origin=https:\/\/rau.de\/it\/&loop=0&mute=0\" allowfullscreen=\"1\" loading=\"lazy\"><\/iframe><\/div><div class=\"w-video-icon\" style=\"font-size:1.5rem;background:rgba(0,0,0,0.5);color:#fff\"><\/div><\/div><\/div><h2 class=\"w-post-elm post_title usg_post_title_1 entry-title color_link_inherit\"><a href=\"https:\/\/rau.de\/it\/2019\/06\/05\/rau-barriere-antirumore\/\">Rau Barriere antirumore<\/a><\/h2><div class=\"w-hwrapper usg_hwrapper_1 has_text_color align_left valign_top wrap\"><\/div><a class=\"w-btn us-btn-style_2 usg_btn_1\" href=\"https:\/\/rau.de\/it\/2019\/06\/05\/rau-barriere-antirumore\/\"><span class=\"w-btn-label\">Ulteriore<\/span><\/a>\t\t<\/div>\r\n\t<\/article>\r\n<\/div><div class=\"w-grid-preloader\">\t<div class=\"g-preloader type_1\">\r\n\t\t<div><\/div>\r\n\t<\/div>\r\n\t<\/div>\t<div class=\"w-grid-json hidden\" onclick='return {&quot;action&quot;:&quot;us_ajax_grid&quot;,&quot;ajax_url&quot;:&quot;https:\\\/\\\/rau.de\\\/wp-admin\\\/admin-ajax.php&quot;,&quot;infinite_scroll&quot;:0,&quot;max_num_pages&quot;:1,&quot;pagination&quot;:&quot;none&quot;,&quot;template_vars&quot;:{&quot;columns&quot;:&quot;3&quot;,&quot;exclude_items&quot;:&quot;none&quot;,&quot;img_size&quot;:&quot;default&quot;,&quot;ignore_items_size&quot;:0,&quot;items_layout&quot;:&quot;21949&quot;,&quot;items_offset&quot;:&quot;1&quot;,&quot;load_animation&quot;:&quot;none&quot;,&quot;overriding_link&quot;:&quot;{\\&quot;url\\&quot;:\\&quot;\\&quot;}&quot;,&quot;post_id&quot;:0,&quot;query_args&quot;:{&quot;post_type&quot;:[&quot;post&quot;],&quot;post_status&quot;:[&quot;publish&quot;],&quot;posts_per_page&quot;:999},&quot;orderby_query_args&quot;:{&quot;orderby&quot;:{&quot;date&quot;:&quot;DESC&quot;}},&quot;type&quot;:&quot;grid&quot;,&quot;us_grid_ajax_index&quot;:1,&quot;us_grid_filter_params&quot;:[],&quot;us_grid_index&quot;:1,&quot;_us_grid_post_type&quot;:&quot;post&quot;,&quot;page_args&quot;:[],&quot;lang&quot;:&quot;it&quot;}}'><\/div>\r\n\t<\/div><\/div><\/div><\/div><\/div><\/div><\/div><\/div><\/div><\/div><\/section>\n","protected":false},"excerpt":{"rendered":"Rau Barriere antirumore","protected":false},"author":1,"featured_media":0,"parent":0,"menu_order":0,"comment_status":"closed","ping_status":"closed","template":"","meta":{"footnotes":""},"class_list":["post-958","page","type-page","status-publish","hentry"],"yoast_head":"<!-- This site is optimized with the Yoast SEO plugin v27.4 - https:\/\/yoast.com\/product\/yoast-seo-wordpress\/ -->\n<title>Protezione dal rumore verde | attualit\u00e0 | Scopri ora \ud83c\udf31\ud83c\udf43<\/title>\n<meta name=\"description\" content=\"\ud83c\udf31 Articoli interessanti! | Rapporto alle nostre barriere antirumore verdi! | Realizzazione di una barriera antirumore di 3 metri in 2 minuti!\" \/>\n<meta name=\"robots\" content=\"index, follow, max-snippet:-1, max-image-preview:large, max-video-preview:-1\" \/>\n<link rel=\"canonical\" href=\"https:\/\/rau.de\/it\/ultime-notizie\/\" \/>\n<meta property=\"og:locale\" content=\"it_IT\" \/>\n<meta property=\"og:type\" content=\"article\" \/>\n<meta property=\"og:title\" content=\"Protezione dal rumore verde | attualit\u00e0 | Scopri ora \ud83c\udf31\ud83c\udf43\" \/>\n<meta property=\"og:description\" content=\"\ud83c\udf31 Articoli interessanti! | Rapporto alle nostre barriere antirumore verdi! | Realizzazione di una barriera antirumore di 3 metri in 2 minuti!\" \/>\n<meta property=\"og:url\" content=\"https:\/\/rau.de\/it\/ultime-notizie\/\" \/>\n<meta property=\"og:site_name\" content=\"Rau | L\u00e4rmschutzw\u00e4nde\" \/>\n<meta property=\"article:modified_time\" content=\"2021-10-25T12:53:38+00:00\" \/>\n<meta property=\"og:image\" content=\"https:\/\/rau.de\/wp-content\/uploads\/rau.de-begruente-laermschutzwand-2015-08-23-sonderteile-2.jpg\" \/>\n\t<meta property=\"og:image:width\" content=\"1920\" \/>\n\t<meta property=\"og:image:height\" content=\"1146\" \/>\n\t<meta property=\"og:image:type\" content=\"image\/jpeg\" \/>\n<meta name=\"twitter:card\" content=\"summary_large_image\" \/>\n<meta name=\"twitter:label1\" content=\"Tempo di lettura stimato\" \/>\n\t<meta name=\"twitter:data1\" content=\"1 minuto\" \/>\n<script type=\"application\/ld+json\" class=\"yoast-schema-graph\">{\"@context\":\"https:\\\/\\\/schema.org\",\"@graph\":[{\"@type\":\"WebPage\",\"@id\":\"https:\\\/\\\/rau.de\\\/it\\\/ultime-notizie\\\/\",\"url\":\"https:\\\/\\\/rau.de\\\/it\\\/ultime-notizie\\\/\",\"name\":\"Protezione dal rumore verde | attualit\u00e0 | Scopri ora \ud83c\udf31\ud83c\udf43\",\"isPartOf\":{\"@id\":\"https:\\\/\\\/rau.de\\\/it\\\/#website\"},\"datePublished\":\"2019-08-05T13:08:05+00:00\",\"dateModified\":\"2021-10-25T12:53:38+00:00\",\"description\":\"\ud83c\udf31 Articoli interessanti! | Rapporto alle nostre barriere antirumore verdi! | Realizzazione di una barriera antirumore di 3 metri in 2 minuti!\",\"breadcrumb\":{\"@id\":\"https:\\\/\\\/rau.de\\\/it\\\/ultime-notizie\\\/#breadcrumb\"},\"inLanguage\":\"it-IT\",\"potentialAction\":[{\"@type\":\"ReadAction\",\"target\":[\"https:\\\/\\\/rau.de\\\/it\\\/ultime-notizie\\\/\"]}]},{\"@type\":\"BreadcrumbList\",\"@id\":\"https:\\\/\\\/rau.de\\\/it\\\/ultime-notizie\\\/#breadcrumb\",\"itemListElement\":[{\"@type\":\"ListItem\",\"position\":1,\"name\":\"Startseite\",\"item\":\"https:\\\/\\\/rau.de\\\/it\\\/\"},{\"@type\":\"ListItem\",\"position\":2,\"name\":\"Ultime notizie\"}]},{\"@type\":\"WebSite\",\"@id\":\"https:\\\/\\\/rau.de\\\/it\\\/#website\",\"url\":\"https:\\\/\\\/rau.de\\\/it\\\/\",\"name\":\"Rau | L\u00e4rmschutzw\u00e4nde\",\"description\":\"Entwicklung und Umsetzung von L\u00e4rmschutzwand und Schallschutzwand\",\"publisher\":{\"@id\":\"https:\\\/\\\/rau.de\\\/it\\\/#organization\"},\"potentialAction\":[{\"@type\":\"SearchAction\",\"target\":{\"@type\":\"EntryPoint\",\"urlTemplate\":\"https:\\\/\\\/rau.de\\\/it\\\/?s={search_term_string}\"},\"query-input\":{\"@type\":\"PropertyValueSpecification\",\"valueRequired\":true,\"valueName\":\"search_term_string\"}}],\"inLanguage\":\"it-IT\"},{\"@type\":\"Organization\",\"@id\":\"https:\\\/\\\/rau.de\\\/it\\\/#organization\",\"name\":\"RAU L\u00e4rmschutzw\u00e4nde \u2013 Geosystem GBK GmbH\",\"url\":\"https:\\\/\\\/rau.de\\\/it\\\/\",\"logo\":{\"@type\":\"ImageObject\",\"inLanguage\":\"it-IT\",\"@id\":\"https:\\\/\\\/rau.de\\\/it\\\/#\\\/schema\\\/logo\\\/image\\\/\",\"url\":\"https:\\\/\\\/rau.de\\\/wp-content\\\/uploads\\\/web_logo.png\",\"contentUrl\":\"https:\\\/\\\/rau.de\\\/wp-content\\\/uploads\\\/web_logo.png\",\"width\":249,\"height\":127,\"caption\":\"RAU L\u00e4rmschutzw\u00e4nde \u2013 Geosystem GBK GmbH\"},\"image\":{\"@id\":\"https:\\\/\\\/rau.de\\\/it\\\/#\\\/schema\\\/logo\\\/image\\\/\"}}]}<\/script>\n<!-- \/ Yoast SEO plugin. -->","yoast_head_json":{"title":"Protezione dal rumore verde | attualit\u00e0 | Scopri ora \ud83c\udf31\ud83c\udf43","description":"\ud83c\udf31 Articoli interessanti! | Rapporto alle nostre barriere antirumore verdi! | Realizzazione di una barriera antirumore di 3 metri in 2 minuti!","robots":{"index":"index","follow":"follow","max-snippet":"max-snippet:-1","max-image-preview":"max-image-preview:large","max-video-preview":"max-video-preview:-1"},"canonical":"https:\/\/rau.de\/it\/ultime-notizie\/","og_locale":"it_IT","og_type":"article","og_title":"Protezione dal rumore verde | attualit\u00e0 | Scopri ora \ud83c\udf31\ud83c\udf43","og_description":"\ud83c\udf31 Articoli interessanti! | Rapporto alle nostre barriere antirumore verdi! | Realizzazione di una barriera antirumore di 3 metri in 2 minuti!","og_url":"https:\/\/rau.de\/it\/ultime-notizie\/","og_site_name":"Rau | L\u00e4rmschutzw\u00e4nde","article_modified_time":"2021-10-25T12:53:38+00:00","og_image":[{"width":1920,"height":1146,"url":"https:\/\/rau.de\/wp-content\/uploads\/rau.de-begruente-laermschutzwand-2015-08-23-sonderteile-2.jpg","type":"image\/jpeg"}],"twitter_card":"summary_large_image","twitter_misc":{"Tempo di lettura stimato":"1 minuto"},"schema":{"@context":"https:\/\/schema.org","@graph":[{"@type":"WebPage","@id":"https:\/\/rau.de\/it\/ultime-notizie\/","url":"https:\/\/rau.de\/it\/ultime-notizie\/","name":"Protezione dal rumore verde | attualit\u00e0 | Scopri ora \ud83c\udf31\ud83c\udf43","isPartOf":{"@id":"https:\/\/rau.de\/it\/#website"},"datePublished":"2019-08-05T13:08:05+00:00","dateModified":"2021-10-25T12:53:38+00:00","description":"\ud83c\udf31 Articoli interessanti! | Rapporto alle nostre barriere antirumore verdi! | Realizzazione di una barriera antirumore di 3 metri in 2 minuti!","breadcrumb":{"@id":"https:\/\/rau.de\/it\/ultime-notizie\/#breadcrumb"},"inLanguage":"it-IT","potentialAction":[{"@type":"ReadAction","target":["https:\/\/rau.de\/it\/ultime-notizie\/"]}]},{"@type":"BreadcrumbList","@id":"https:\/\/rau.de\/it\/ultime-notizie\/#breadcrumb","itemListElement":[{"@type":"ListItem","position":1,"name":"Startseite","item":"https:\/\/rau.de\/it\/"},{"@type":"ListItem","position":2,"name":"Ultime notizie"}]},{"@type":"WebSite","@id":"https:\/\/rau.de\/it\/#website","url":"https:\/\/rau.de\/it\/","name":"Rau | L\u00e4rmschutzw\u00e4nde","description":"Entwicklung und Umsetzung von L\u00e4rmschutzwand und Schallschutzwand","publisher":{"@id":"https:\/\/rau.de\/it\/#organization"},"potentialAction":[{"@type":"SearchAction","target":{"@type":"EntryPoint","urlTemplate":"https:\/\/rau.de\/it\/?s={search_term_string}"},"query-input":{"@type":"PropertyValueSpecification","valueRequired":true,"valueName":"search_term_string"}}],"inLanguage":"it-IT"},{"@type":"Organization","@id":"https:\/\/rau.de\/it\/#organization","name":"RAU L\u00e4rmschutzw\u00e4nde \u2013 Geosystem GBK GmbH","url":"https:\/\/rau.de\/it\/","logo":{"@type":"ImageObject","inLanguage":"it-IT","@id":"https:\/\/rau.de\/it\/#\/schema\/logo\/image\/","url":"https:\/\/rau.de\/wp-content\/uploads\/web_logo.png","contentUrl":"https:\/\/rau.de\/wp-content\/uploads\/web_logo.png","width":249,"height":127,"caption":"RAU L\u00e4rmschutzw\u00e4nde \u2013 Geosystem GBK GmbH"},"image":{"@id":"https:\/\/rau.de\/it\/#\/schema\/logo\/image\/"}}]}},"_links":{"self":[{"href":"https:\/\/rau.de\/it\/wp-json\/wp\/v2\/pages\/958","targetHints":{"allow":["GET"]}}],"collection":[{"href":"https:\/\/rau.de\/it\/wp-json\/wp\/v2\/pages"}],"about":[{"href":"https:\/\/rau.de\/it\/wp-json\/wp\/v2\/types\/page"}],"author":[{"embeddable":true,"href":"https:\/\/rau.de\/it\/wp-json\/wp\/v2\/users\/1"}],"replies":[{"embeddable":true,"href":"https:\/\/rau.de\/it\/wp-json\/wp\/v2\/comments?post=958"}],"version-history":[{"count":6,"href":"https:\/\/rau.de\/it\/wp-json\/wp\/v2\/pages\/958\/revisions"}],"predecessor-version":[{"id":22524,"href":"https:\/\/rau.de\/it\/wp-json\/wp\/v2\/pages\/958\/revisions\/22524"}],"wp:attachment":[{"href":"https:\/\/rau.de\/it\/wp-json\/wp\/v2\/media?parent=958"}],"curies":[{"name":"wp","href":"https:\/\/api.w.org\/{rel}","templated":true}]}}