{"id":911,"date":"2019-08-05T13:46:04","date_gmt":"2019-08-05T11:46:04","guid":{"rendered":"http:\/\/rau.kundendemo.com\/?page_id=911"},"modified":"2019-08-05T13:46:04","modified_gmt":"2019-08-05T11:46:04","slug":"download","status":"publish","type":"page","link":"https:\/\/rau.de\/it\/download\/","title":{"rendered":"Download"},"content":{"rendered":"","protected":false},"excerpt":{"rendered":"","protected":false},"author":1,"featured_media":0,"parent":0,"menu_order":0,"comment_status":"closed","ping_status":"closed","template":"","meta":{"footnotes":""},"class_list":["post-911","page","type-page","status-publish","hentry"],"yoast_head":"<!-- This site is optimized with the Yoast SEO plugin v27.4 - https:\/\/yoast.com\/product\/yoast-seo-wordpress\/ -->\n<title>Download | L\u00e4rmschutzwand und Schallschutzwand !<\/title>\n<meta name=\"description\" content=\"Download | Entwicklung und Umsetzung von L\u00e4rmschutzwand und Schallschutzwandan Stra\u00dfen, Bahnstrecken und f\u00fcr St\u00e4dte und Industrie | rau.de\" \/>\n<meta name=\"robots\" content=\"index, follow, max-snippet:-1, max-image-preview:large, max-video-preview:-1\" \/>\n<link rel=\"canonical\" href=\"https:\/\/rau.de\/it\/download\/\" \/>\n<meta property=\"og:locale\" content=\"it_IT\" \/>\n<meta property=\"og:type\" content=\"article\" \/>\n<meta property=\"og:title\" content=\"Download | L\u00e4rmschutzwand und Schallschutzwand !\" \/>\n<meta property=\"og:description\" content=\"Download | Entwicklung und Umsetzung von L\u00e4rmschutzwand und Schallschutzwandan Stra\u00dfen, Bahnstrecken und f\u00fcr St\u00e4dte und Industrie | rau.de\" \/>\n<meta property=\"og:url\" content=\"https:\/\/rau.de\/it\/download\/\" \/>\n<meta property=\"og:site_name\" content=\"Rau | L\u00e4rmschutzw\u00e4nde\" \/>\n<meta property=\"og:image\" content=\"https:\/\/rau.de\/wp-content\/uploads\/rau.de-begruente-laermschutzwand-2015-08-23-sonderteile-2.jpg\" \/>\n\t<meta property=\"og:image:width\" content=\"1920\" \/>\n\t<meta property=\"og:image:height\" content=\"1146\" \/>\n\t<meta property=\"og:image:type\" content=\"image\/jpeg\" \/>\n<meta name=\"twitter:card\" content=\"summary_large_image\" \/>\n<script type=\"application\/ld+json\" class=\"yoast-schema-graph\">{\"@context\":\"https:\\\/\\\/schema.org\",\"@graph\":[{\"@type\":\"WebPage\",\"@id\":\"https:\\\/\\\/rau.de\\\/it\\\/download\\\/\",\"url\":\"https:\\\/\\\/rau.de\\\/it\\\/download\\\/\",\"name\":\"Download | L\u00e4rmschutzwand und Schallschutzwand !\",\"isPartOf\":{\"@id\":\"https:\\\/\\\/rau.de\\\/it\\\/#website\"},\"datePublished\":\"2019-08-05T11:46:04+00:00\",\"description\":\"Download | Entwicklung und Umsetzung von L\u00e4rmschutzwand und Schallschutzwandan Stra\u00dfen, Bahnstrecken und f\u00fcr St\u00e4dte und Industrie | rau.de\",\"breadcrumb\":{\"@id\":\"https:\\\/\\\/rau.de\\\/it\\\/download\\\/#breadcrumb\"},\"inLanguage\":\"it-IT\",\"potentialAction\":[{\"@type\":\"ReadAction\",\"target\":[\"https:\\\/\\\/rau.de\\\/it\\\/download\\\/\"]}]},{\"@type\":\"BreadcrumbList\",\"@id\":\"https:\\\/\\\/rau.de\\\/it\\\/download\\\/#breadcrumb\",\"itemListElement\":[{\"@type\":\"ListItem\",\"position\":1,\"name\":\"Startseite\",\"item\":\"https:\\\/\\\/rau.de\\\/it\\\/\"},{\"@type\":\"ListItem\",\"position\":2,\"name\":\"Download\"}]},{\"@type\":\"WebSite\",\"@id\":\"https:\\\/\\\/rau.de\\\/it\\\/#website\",\"url\":\"https:\\\/\\\/rau.de\\\/it\\\/\",\"name\":\"Rau | L\u00e4rmschutzw\u00e4nde\",\"description\":\"Entwicklung und Umsetzung von L\u00e4rmschutzwand und Schallschutzwand\",\"publisher\":{\"@id\":\"https:\\\/\\\/rau.de\\\/it\\\/#organization\"},\"potentialAction\":[{\"@type\":\"SearchAction\",\"target\":{\"@type\":\"EntryPoint\",\"urlTemplate\":\"https:\\\/\\\/rau.de\\\/it\\\/?s={search_term_string}\"},\"query-input\":{\"@type\":\"PropertyValueSpecification\",\"valueRequired\":true,\"valueName\":\"search_term_string\"}}],\"inLanguage\":\"it-IT\"},{\"@type\":\"Organization\",\"@id\":\"https:\\\/\\\/rau.de\\\/it\\\/#organization\",\"name\":\"RAU L\u00e4rmschutzw\u00e4nde \u2013 Geosystem GBK GmbH\",\"url\":\"https:\\\/\\\/rau.de\\\/it\\\/\",\"logo\":{\"@type\":\"ImageObject\",\"inLanguage\":\"it-IT\",\"@id\":\"https:\\\/\\\/rau.de\\\/it\\\/#\\\/schema\\\/logo\\\/image\\\/\",\"url\":\"https:\\\/\\\/rau.de\\\/wp-content\\\/uploads\\\/web_logo.png\",\"contentUrl\":\"https:\\\/\\\/rau.de\\\/wp-content\\\/uploads\\\/web_logo.png\",\"width\":249,\"height\":127,\"caption\":\"RAU L\u00e4rmschutzw\u00e4nde \u2013 Geosystem GBK GmbH\"},\"image\":{\"@id\":\"https:\\\/\\\/rau.de\\\/it\\\/#\\\/schema\\\/logo\\\/image\\\/\"}}]}<\/script>\n<!-- \/ Yoast SEO plugin. -->","yoast_head_json":{"title":"Download | L\u00e4rmschutzwand und Schallschutzwand !","description":"Download | Entwicklung und Umsetzung von L\u00e4rmschutzwand und Schallschutzwandan Stra\u00dfen, Bahnstrecken und f\u00fcr St\u00e4dte und Industrie | rau.de","robots":{"index":"index","follow":"follow","max-snippet":"max-snippet:-1","max-image-preview":"max-image-preview:large","max-video-preview":"max-video-preview:-1"},"canonical":"https:\/\/rau.de\/it\/download\/","og_locale":"it_IT","og_type":"article","og_title":"Download | L\u00e4rmschutzwand und Schallschutzwand !","og_description":"Download | Entwicklung und Umsetzung von L\u00e4rmschutzwand und Schallschutzwandan Stra\u00dfen, Bahnstrecken und f\u00fcr St\u00e4dte und Industrie | rau.de","og_url":"https:\/\/rau.de\/it\/download\/","og_site_name":"Rau | L\u00e4rmschutzw\u00e4nde","og_image":[{"width":1920,"height":1146,"url":"https:\/\/rau.de\/wp-content\/uploads\/rau.de-begruente-laermschutzwand-2015-08-23-sonderteile-2.jpg","type":"image\/jpeg"}],"twitter_card":"summary_large_image","schema":{"@context":"https:\/\/schema.org","@graph":[{"@type":"WebPage","@id":"https:\/\/rau.de\/it\/download\/","url":"https:\/\/rau.de\/it\/download\/","name":"Download | L\u00e4rmschutzwand und Schallschutzwand !","isPartOf":{"@id":"https:\/\/rau.de\/it\/#website"},"datePublished":"2019-08-05T11:46:04+00:00","description":"Download | Entwicklung und Umsetzung von L\u00e4rmschutzwand und Schallschutzwandan Stra\u00dfen, Bahnstrecken und f\u00fcr St\u00e4dte und Industrie | rau.de","breadcrumb":{"@id":"https:\/\/rau.de\/it\/download\/#breadcrumb"},"inLanguage":"it-IT","potentialAction":[{"@type":"ReadAction","target":["https:\/\/rau.de\/it\/download\/"]}]},{"@type":"BreadcrumbList","@id":"https:\/\/rau.de\/it\/download\/#breadcrumb","itemListElement":[{"@type":"ListItem","position":1,"name":"Startseite","item":"https:\/\/rau.de\/it\/"},{"@type":"ListItem","position":2,"name":"Download"}]},{"@type":"WebSite","@id":"https:\/\/rau.de\/it\/#website","url":"https:\/\/rau.de\/it\/","name":"Rau | L\u00e4rmschutzw\u00e4nde","description":"Entwicklung und Umsetzung von L\u00e4rmschutzwand und Schallschutzwand","publisher":{"@id":"https:\/\/rau.de\/it\/#organization"},"potentialAction":[{"@type":"SearchAction","target":{"@type":"EntryPoint","urlTemplate":"https:\/\/rau.de\/it\/?s={search_term_string}"},"query-input":{"@type":"PropertyValueSpecification","valueRequired":true,"valueName":"search_term_string"}}],"inLanguage":"it-IT"},{"@type":"Organization","@id":"https:\/\/rau.de\/it\/#organization","name":"RAU L\u00e4rmschutzw\u00e4nde \u2013 Geosystem GBK GmbH","url":"https:\/\/rau.de\/it\/","logo":{"@type":"ImageObject","inLanguage":"it-IT","@id":"https:\/\/rau.de\/it\/#\/schema\/logo\/image\/","url":"https:\/\/rau.de\/wp-content\/uploads\/web_logo.png","contentUrl":"https:\/\/rau.de\/wp-content\/uploads\/web_logo.png","width":249,"height":127,"caption":"RAU L\u00e4rmschutzw\u00e4nde \u2013 Geosystem GBK GmbH"},"image":{"@id":"https:\/\/rau.de\/it\/#\/schema\/logo\/image\/"}}]}},"_links":{"self":[{"href":"https:\/\/rau.de\/it\/wp-json\/wp\/v2\/pages\/911","targetHints":{"allow":["GET"]}}],"collection":[{"href":"https:\/\/rau.de\/it\/wp-json\/wp\/v2\/pages"}],"about":[{"href":"https:\/\/rau.de\/it\/wp-json\/wp\/v2\/types\/page"}],"author":[{"embeddable":true,"href":"https:\/\/rau.de\/it\/wp-json\/wp\/v2\/users\/1"}],"replies":[{"embeddable":true,"href":"https:\/\/rau.de\/it\/wp-json\/wp\/v2\/comments?post=911"}],"version-history":[{"count":1,"href":"https:\/\/rau.de\/it\/wp-json\/wp\/v2\/pages\/911\/revisions"}],"predecessor-version":[{"id":912,"href":"https:\/\/rau.de\/it\/wp-json\/wp\/v2\/pages\/911\/revisions\/912"}],"wp:attachment":[{"href":"https:\/\/rau.de\/it\/wp-json\/wp\/v2\/media?parent=911"}],"curies":[{"name":"wp","href":"https:\/\/api.w.org\/{rel}","templated":true}]}}