{"id":774,"date":"2019-08-01T19:50:44","date_gmt":"2019-08-01T17:50:44","guid":{"rendered":"http:\/\/rau.kundendemo.com\/?page_id=774"},"modified":"2021-07-20T12:20:28","modified_gmt":"2021-07-20T10:20:28","slug":"galerie","status":"publish","type":"page","link":"https:\/\/rau.de\/it\/galerie\/","title":{"rendered":"Galerie"},"content":{"rendered":"<section class=\"l-section wpb_row height_medium full_height valign_center color_primary with_img parallax_fixed\" id=\"kontakt\"><div class=\"l-section-img\" role=\"img\" data-img-width=\"2000\" data-img-height=\"1122\" style=\"background-image: url(https:\/\/rau.de\/wp-content\/uploads\/bg.jpg);\"><\/div><div class=\"l-section-h i-cf\"><div class=\"g-cols vc_row via_flex valign_top type_default stacking_default\"><div class=\"vc_col-sm-12 wpb_column vc_column_container\"><div class=\"vc_column-inner\"><div class=\"wpb_wrapper\"><div class=\"g-cols wpb_row via_flex valign_top type_default stacking_default\"><div class=\"vc_col-sm-12 wpb_column vc_column_container\"><div class=\"vc_column-inner\"><div class=\"wpb_wrapper\"><div class=\"wpb_text_column\"><div class=\"wpb_wrapper\"><h1>Gallery<\/h1>\n<p>Here you can see our projects:<\/p>\n<\/div><\/div><div class=\"wpb_text_column\"><div class=\"wpb_wrapper\"><\/div><\/div><\/div><\/div><\/div><\/div><div class=\"g-cols wpb_row mt-20 via_flex valign_top type_default stacking_default\"><div class=\"vc_col-sm-4 wpb_column vc_column_container start_pro\"><div class=\"vc_column-inner\"><div class=\"wpb_wrapper\"><div class=\"w-image align_none\"><a title=\"Alpin\" href=\"https:\/\/rau.de\/it\/galerie\/rau-r3-parete-insonorizzante-estensiva\/\" aria-label=\"152\" class=\"w-image-h\"><img loading=\"lazy\" decoding=\"async\" width=\"350\" height=\"350\" src=\"https:\/\/rau.de\/wp-content\/uploads\/rau.de-begruente-laermschutzwand-2013-09-04_r3-350x350.jpg\" class=\"attachment-us_350_350_crop size-us_350_350_crop\" alt=\"Begr\u00fcnte L\u00e4rmschutzwand an einer Stra\u00dfe in R\u00e4sfeld\" srcset=\"https:\/\/rau.de\/wp-content\/uploads\/rau.de-begruente-laermschutzwand-2013-09-04_r3-350x350.jpg 350w, https:\/\/rau.de\/wp-content\/uploads\/rau.de-begruente-laermschutzwand-2013-09-04_r3-150x150.jpg 150w\" sizes=\"auto, (max-width: 350px) 100vw, 350px\" \/><\/a><\/div><div class=\"wpb_text_column\"><div class=\"wpb_wrapper\"><h4>Rau R3 Extensiv<\/h4>\n<\/div><\/div><\/div><\/div><\/div><div class=\"vc_col-sm-4 wpb_column vc_column_container start_pro\"><div class=\"vc_column-inner\"><div class=\"wpb_wrapper\"><div class=\"w-image align_none\"><a title=\"Alpin\" href=\"https:\/\/rau.de\/it\/galerie\/rau-rock-extensiv\/\" aria-label=\"171\" class=\"w-image-h\"><img loading=\"lazy\" decoding=\"async\" width=\"350\" height=\"350\" src=\"https:\/\/rau.de\/wp-content\/uploads\/rau-rock-extensiv-laermschutzwand-mit-transparenten-abschnitten-1-350x350.jpg\" class=\"attachment-us_350_350_crop size-us_350_350_crop\" alt=\"\" srcset=\"https:\/\/rau.de\/wp-content\/uploads\/rau-rock-extensiv-laermschutzwand-mit-transparenten-abschnitten-1-350x350.jpg 350w, https:\/\/rau.de\/wp-content\/uploads\/rau-rock-extensiv-laermschutzwand-mit-transparenten-abschnitten-1-150x150.jpg 150w\" sizes=\"auto, (max-width: 350px) 100vw, 350px\" \/><\/a><\/div><div class=\"wpb_text_column\"><div class=\"wpb_wrapper\"><h4>Rau Rock Extensiv<\/h4>\n<\/div><\/div><\/div><\/div><\/div><div class=\"vc_col-sm-4 wpb_column vc_column_container start_pro\"><div class=\"vc_column-inner\"><div class=\"wpb_wrapper\"><div class=\"w-image align_none\"><a title=\"Alpin\" href=\"https:\/\/rau.de\/it\/galerie\/rau-fotovoltaico-altezza-di-costruzione-fino-a-10-metri\/\" aria-label=\"25\" class=\"w-image-h\"><img loading=\"lazy\" decoding=\"async\" width=\"350\" height=\"350\" src=\"https:\/\/rau.de\/wp-content\/uploads\/rau-r3-oekologische-laermschutzwand-mit-photovoltaik-1-350x350.jpg\" class=\"attachment-us_350_350_crop size-us_350_350_crop\" alt=\"Innovativer, \u00f6kologischer L\u00e4rmschutz mit Photovoltaik\" srcset=\"https:\/\/rau.de\/wp-content\/uploads\/rau-r3-oekologische-laermschutzwand-mit-photovoltaik-1-350x350.jpg 350w, https:\/\/rau.de\/wp-content\/uploads\/rau-r3-oekologische-laermschutzwand-mit-photovoltaik-1-150x150.jpg 150w, https:\/\/rau.de\/wp-content\/uploads\/rau-r3-oekologische-laermschutzwand-mit-photovoltaik-1-600x600.jpg 600w\" sizes=\"auto, (max-width: 350px) 100vw, 350px\" \/><\/a><\/div><div class=\"wpb_text_column\"><div class=\"wpb_wrapper\"><h4>Rau Photovoltaik<\/h4>\n<\/div><\/div><\/div><\/div><\/div><\/div><div class=\"g-cols wpb_row mt-20 via_flex valign_top type_default stacking_default\"><div class=\"vc_col-sm-4 wpb_column vc_column_container start_pro\"><div class=\"vc_column-inner\"><div class=\"wpb_wrapper\"><div class=\"w-image align_none\"><a title=\"Alpin\" href=\"https:\/\/rau.de\/it\/galerie\/monolith\/\" aria-label=\"17\" class=\"w-image-h\"><img loading=\"lazy\" decoding=\"async\" width=\"350\" height=\"350\" src=\"https:\/\/rau.de\/wp-content\/uploads\/rau-de-oekologische-laermschutzwand-rau-r3-frankfurt-am-main-gestaltungsmodul-monolith-350x350.jpg\" class=\"attachment-us_350_350_crop size-us_350_350_crop\" alt=\"Gr\u00fcne L\u00e4rmschutzwand f\u00fcr St\u00e4dte und Industrie - RAU\" srcset=\"https:\/\/rau.de\/wp-content\/uploads\/rau-de-oekologische-laermschutzwand-rau-r3-frankfurt-am-main-gestaltungsmodul-monolith-350x350.jpg 350w, https:\/\/rau.de\/wp-content\/uploads\/rau-de-oekologische-laermschutzwand-rau-r3-frankfurt-am-main-gestaltungsmodul-monolith-150x150.jpg 150w, https:\/\/rau.de\/wp-content\/uploads\/rau-de-oekologische-laermschutzwand-rau-r3-frankfurt-am-main-gestaltungsmodul-monolith-600x600.jpg 600w\" sizes=\"auto, (max-width: 350px) 100vw, 350px\" \/><\/a><\/div><div class=\"wpb_text_column\"><div class=\"wpb_wrapper\"><h4>Rau Monolith<\/h4>\n<\/div><\/div><\/div><\/div><\/div><div class=\"vc_col-sm-4 wpb_column vc_column_container start_pro\"><div class=\"vc_column-inner\"><div class=\"wpb_wrapper\"><div class=\"w-image align_none\"><a title=\"Alpin\" href=\"https:\/\/rau.de\/it\/galerie\/alpin\/\" aria-label=\"21\" class=\"w-image-h\"><img loading=\"lazy\" decoding=\"async\" width=\"350\" height=\"350\" src=\"https:\/\/rau.de\/wp-content\/uploads\/kombination-laermschutzwand-rau-r3-mit-rau-alpin-1-350x350.jpg\" class=\"attachment-us_350_350_crop size-us_350_350_crop\" alt=\"Schotterf\u00fcllung einer Schallschutzwand von RAU\" srcset=\"https:\/\/rau.de\/wp-content\/uploads\/kombination-laermschutzwand-rau-r3-mit-rau-alpin-1-350x350.jpg 350w, https:\/\/rau.de\/wp-content\/uploads\/kombination-laermschutzwand-rau-r3-mit-rau-alpin-1-150x150.jpg 150w\" sizes=\"auto, (max-width: 350px) 100vw, 350px\" \/><\/a><\/div><div class=\"wpb_text_column\"><div class=\"wpb_wrapper\"><h4>Rau Alpin<\/h4>\n<\/div><\/div><\/div><\/div><\/div><div class=\"vc_col-sm-4 wpb_column vc_column_container start_pro\"><div class=\"vc_column-inner\"><div class=\"wpb_wrapper\"><div class=\"w-image align_none\"><a title=\"Alpin\" href=\"https:\/\/rau.de\/it\/galerie\/sonderbauteile\/\" aria-label=\"81\" class=\"w-image-h\"><img loading=\"lazy\" decoding=\"async\" width=\"350\" height=\"350\" src=\"https:\/\/rau.de\/wp-content\/uploads\/rau.de-begruente-laermschutzwand-2015-08-23-sonderteile-350x350.jpg\" class=\"attachment-us_350_350_crop size-us_350_350_crop\" alt=\"\" srcset=\"https:\/\/rau.de\/wp-content\/uploads\/rau.de-begruente-laermschutzwand-2015-08-23-sonderteile-350x350.jpg 350w, https:\/\/rau.de\/wp-content\/uploads\/rau.de-begruente-laermschutzwand-2015-08-23-sonderteile-150x150.jpg 150w, https:\/\/rau.de\/wp-content\/uploads\/rau.de-begruente-laermschutzwand-2015-08-23-sonderteile-600x600.jpg 600w\" sizes=\"auto, (max-width: 350px) 100vw, 350px\" \/><\/a><\/div><div class=\"wpb_text_column\"><div class=\"wpb_wrapper\"><h4>Rau Componenti speciali<\/h4>\n<\/div><\/div><\/div><\/div><\/div><\/div><\/div><\/div><\/div><\/div><\/div><\/section>\n","protected":false},"excerpt":{"rendered":"Gallery Here you can see our projects: Rau R3 Extensiv Rau Rock Extensiv Rau Photovoltaik Rau Monolith Rau Alpin Rau Componenti speciali","protected":false},"author":1,"featured_media":0,"parent":0,"menu_order":0,"comment_status":"closed","ping_status":"closed","template":"","meta":{"footnotes":""},"class_list":["post-774","page","type-page","status-publish","hentry"],"yoast_head":"<!-- This site is optimized with the Yoast SEO plugin v27.4 - https:\/\/yoast.com\/product\/yoast-seo-wordpress\/ -->\n<title>Galerie | L\u00e4rmschutzwand und Schallschutzwand !<\/title>\n<meta name=\"description\" content=\"Galerie | Entwicklung und Umsetzung von L\u00e4rmschutzwand und Schallschutzwandan Stra\u00dfen, Bahnstrecken und f\u00fcr St\u00e4dte und Industrie | rau.de\" \/>\n<meta name=\"robots\" content=\"index, follow, max-snippet:-1, max-image-preview:large, max-video-preview:-1\" \/>\n<link rel=\"canonical\" href=\"https:\/\/rau.de\/it\/galerie\/\" \/>\n<meta property=\"og:locale\" content=\"it_IT\" \/>\n<meta property=\"og:type\" content=\"article\" \/>\n<meta property=\"og:title\" content=\"Galerie | L\u00e4rmschutzwand und Schallschutzwand !\" \/>\n<meta property=\"og:description\" content=\"Galerie | Entwicklung und Umsetzung von L\u00e4rmschutzwand und Schallschutzwandan Stra\u00dfen, Bahnstrecken und f\u00fcr St\u00e4dte und Industrie | rau.de\" \/>\n<meta property=\"og:url\" content=\"https:\/\/rau.de\/it\/galerie\/\" \/>\n<meta property=\"og:site_name\" content=\"Rau | L\u00e4rmschutzw\u00e4nde\" \/>\n<meta property=\"article:modified_time\" content=\"2021-07-20T10:20:28+00:00\" \/>\n<meta property=\"og:image\" content=\"https:\/\/rau.de\/wp-content\/uploads\/rau.de-begruente-laermschutzwand-2015-08-23-sonderteile-2.jpg\" \/>\n\t<meta property=\"og:image:width\" content=\"1920\" \/>\n\t<meta property=\"og:image:height\" content=\"1146\" \/>\n\t<meta property=\"og:image:type\" content=\"image\/jpeg\" \/>\n<meta name=\"twitter:card\" content=\"summary_large_image\" \/>\n<meta name=\"twitter:label1\" content=\"Tempo di lettura stimato\" \/>\n\t<meta name=\"twitter:data1\" content=\"1 minuto\" \/>\n<script type=\"application\/ld+json\" class=\"yoast-schema-graph\">{\"@context\":\"https:\\\/\\\/schema.org\",\"@graph\":[{\"@type\":\"WebPage\",\"@id\":\"https:\\\/\\\/rau.de\\\/it\\\/galerie\\\/\",\"url\":\"https:\\\/\\\/rau.de\\\/it\\\/galerie\\\/\",\"name\":\"Galerie | L\u00e4rmschutzwand und Schallschutzwand !\",\"isPartOf\":{\"@id\":\"https:\\\/\\\/rau.de\\\/it\\\/#website\"},\"datePublished\":\"2019-08-01T17:50:44+00:00\",\"dateModified\":\"2021-07-20T10:20:28+00:00\",\"description\":\"Galerie | Entwicklung und Umsetzung von L\u00e4rmschutzwand und Schallschutzwandan Stra\u00dfen, Bahnstrecken und f\u00fcr St\u00e4dte und Industrie | rau.de\",\"breadcrumb\":{\"@id\":\"https:\\\/\\\/rau.de\\\/it\\\/galerie\\\/#breadcrumb\"},\"inLanguage\":\"it-IT\",\"potentialAction\":[{\"@type\":\"ReadAction\",\"target\":[\"https:\\\/\\\/rau.de\\\/it\\\/galerie\\\/\"]}]},{\"@type\":\"BreadcrumbList\",\"@id\":\"https:\\\/\\\/rau.de\\\/it\\\/galerie\\\/#breadcrumb\",\"itemListElement\":[{\"@type\":\"ListItem\",\"position\":1,\"name\":\"Startseite\",\"item\":\"https:\\\/\\\/rau.de\\\/it\\\/\"},{\"@type\":\"ListItem\",\"position\":2,\"name\":\"Galerie\"}]},{\"@type\":\"WebSite\",\"@id\":\"https:\\\/\\\/rau.de\\\/it\\\/#website\",\"url\":\"https:\\\/\\\/rau.de\\\/it\\\/\",\"name\":\"Rau | L\u00e4rmschutzw\u00e4nde\",\"description\":\"Entwicklung und Umsetzung von L\u00e4rmschutzwand und Schallschutzwand\",\"publisher\":{\"@id\":\"https:\\\/\\\/rau.de\\\/it\\\/#organization\"},\"potentialAction\":[{\"@type\":\"SearchAction\",\"target\":{\"@type\":\"EntryPoint\",\"urlTemplate\":\"https:\\\/\\\/rau.de\\\/it\\\/?s={search_term_string}\"},\"query-input\":{\"@type\":\"PropertyValueSpecification\",\"valueRequired\":true,\"valueName\":\"search_term_string\"}}],\"inLanguage\":\"it-IT\"},{\"@type\":\"Organization\",\"@id\":\"https:\\\/\\\/rau.de\\\/it\\\/#organization\",\"name\":\"RAU L\u00e4rmschutzw\u00e4nde \u2013 Geosystem GBK GmbH\",\"url\":\"https:\\\/\\\/rau.de\\\/it\\\/\",\"logo\":{\"@type\":\"ImageObject\",\"inLanguage\":\"it-IT\",\"@id\":\"https:\\\/\\\/rau.de\\\/it\\\/#\\\/schema\\\/logo\\\/image\\\/\",\"url\":\"https:\\\/\\\/rau.de\\\/wp-content\\\/uploads\\\/web_logo.png\",\"contentUrl\":\"https:\\\/\\\/rau.de\\\/wp-content\\\/uploads\\\/web_logo.png\",\"width\":249,\"height\":127,\"caption\":\"RAU L\u00e4rmschutzw\u00e4nde \u2013 Geosystem GBK GmbH\"},\"image\":{\"@id\":\"https:\\\/\\\/rau.de\\\/it\\\/#\\\/schema\\\/logo\\\/image\\\/\"}}]}<\/script>\n<!-- \/ Yoast SEO plugin. -->","yoast_head_json":{"title":"Galerie | L\u00e4rmschutzwand und Schallschutzwand !","description":"Galerie | Entwicklung und Umsetzung von L\u00e4rmschutzwand und Schallschutzwandan Stra\u00dfen, Bahnstrecken und f\u00fcr St\u00e4dte und Industrie | rau.de","robots":{"index":"index","follow":"follow","max-snippet":"max-snippet:-1","max-image-preview":"max-image-preview:large","max-video-preview":"max-video-preview:-1"},"canonical":"https:\/\/rau.de\/it\/galerie\/","og_locale":"it_IT","og_type":"article","og_title":"Galerie | L\u00e4rmschutzwand und Schallschutzwand !","og_description":"Galerie | Entwicklung und Umsetzung von L\u00e4rmschutzwand und Schallschutzwandan Stra\u00dfen, Bahnstrecken und f\u00fcr St\u00e4dte und Industrie | rau.de","og_url":"https:\/\/rau.de\/it\/galerie\/","og_site_name":"Rau | L\u00e4rmschutzw\u00e4nde","article_modified_time":"2021-07-20T10:20:28+00:00","og_image":[{"width":1920,"height":1146,"url":"https:\/\/rau.de\/wp-content\/uploads\/rau.de-begruente-laermschutzwand-2015-08-23-sonderteile-2.jpg","type":"image\/jpeg"}],"twitter_card":"summary_large_image","twitter_misc":{"Tempo di lettura stimato":"1 minuto"},"schema":{"@context":"https:\/\/schema.org","@graph":[{"@type":"WebPage","@id":"https:\/\/rau.de\/it\/galerie\/","url":"https:\/\/rau.de\/it\/galerie\/","name":"Galerie | L\u00e4rmschutzwand und Schallschutzwand !","isPartOf":{"@id":"https:\/\/rau.de\/it\/#website"},"datePublished":"2019-08-01T17:50:44+00:00","dateModified":"2021-07-20T10:20:28+00:00","description":"Galerie | Entwicklung und Umsetzung von L\u00e4rmschutzwand und Schallschutzwandan Stra\u00dfen, Bahnstrecken und f\u00fcr St\u00e4dte und Industrie | rau.de","breadcrumb":{"@id":"https:\/\/rau.de\/it\/galerie\/#breadcrumb"},"inLanguage":"it-IT","potentialAction":[{"@type":"ReadAction","target":["https:\/\/rau.de\/it\/galerie\/"]}]},{"@type":"BreadcrumbList","@id":"https:\/\/rau.de\/it\/galerie\/#breadcrumb","itemListElement":[{"@type":"ListItem","position":1,"name":"Startseite","item":"https:\/\/rau.de\/it\/"},{"@type":"ListItem","position":2,"name":"Galerie"}]},{"@type":"WebSite","@id":"https:\/\/rau.de\/it\/#website","url":"https:\/\/rau.de\/it\/","name":"Rau | L\u00e4rmschutzw\u00e4nde","description":"Entwicklung und Umsetzung von L\u00e4rmschutzwand und Schallschutzwand","publisher":{"@id":"https:\/\/rau.de\/it\/#organization"},"potentialAction":[{"@type":"SearchAction","target":{"@type":"EntryPoint","urlTemplate":"https:\/\/rau.de\/it\/?s={search_term_string}"},"query-input":{"@type":"PropertyValueSpecification","valueRequired":true,"valueName":"search_term_string"}}],"inLanguage":"it-IT"},{"@type":"Organization","@id":"https:\/\/rau.de\/it\/#organization","name":"RAU L\u00e4rmschutzw\u00e4nde \u2013 Geosystem GBK GmbH","url":"https:\/\/rau.de\/it\/","logo":{"@type":"ImageObject","inLanguage":"it-IT","@id":"https:\/\/rau.de\/it\/#\/schema\/logo\/image\/","url":"https:\/\/rau.de\/wp-content\/uploads\/web_logo.png","contentUrl":"https:\/\/rau.de\/wp-content\/uploads\/web_logo.png","width":249,"height":127,"caption":"RAU L\u00e4rmschutzw\u00e4nde \u2013 Geosystem GBK GmbH"},"image":{"@id":"https:\/\/rau.de\/it\/#\/schema\/logo\/image\/"}}]}},"_links":{"self":[{"href":"https:\/\/rau.de\/it\/wp-json\/wp\/v2\/pages\/774","targetHints":{"allow":["GET"]}}],"collection":[{"href":"https:\/\/rau.de\/it\/wp-json\/wp\/v2\/pages"}],"about":[{"href":"https:\/\/rau.de\/it\/wp-json\/wp\/v2\/types\/page"}],"author":[{"embeddable":true,"href":"https:\/\/rau.de\/it\/wp-json\/wp\/v2\/users\/1"}],"replies":[{"embeddable":true,"href":"https:\/\/rau.de\/it\/wp-json\/wp\/v2\/comments?post=774"}],"version-history":[{"count":10,"href":"https:\/\/rau.de\/it\/wp-json\/wp\/v2\/pages\/774\/revisions"}],"predecessor-version":[{"id":21222,"href":"https:\/\/rau.de\/it\/wp-json\/wp\/v2\/pages\/774\/revisions\/21222"}],"wp:attachment":[{"href":"https:\/\/rau.de\/it\/wp-json\/wp\/v2\/media?parent=774"}],"curies":[{"name":"wp","href":"https:\/\/api.w.org\/{rel}","templated":true}]}}