{"id":1009,"date":"2019-08-05T15:32:27","date_gmt":"2019-08-05T13:32:27","guid":{"rendered":"http:\/\/rau.kundendemo.com\/?page_id=1009"},"modified":"2021-12-06T13:39:10","modified_gmt":"2021-12-06T12:39:10","slug":"contatto","status":"publish","type":"page","link":"https:\/\/rau.de\/it\/contatto\/","title":{"rendered":"Contatto"},"content":{"rendered":"<section class=\"l-section wpb_row height_medium full_height valign_center with_img parallax_fixed\" id=\"kontakt\"><div class=\"l-section-img\" role=\"img\" data-img-width=\"2000\" data-img-height=\"1122\" style=\"background-image: url(https:\/\/rau.de\/wp-content\/uploads\/bg.jpg);\"><\/div><div class=\"l-section-h i-cf\"><div class=\"g-cols vc_row via_flex valign_top type_default stacking_default\"><div class=\"vc_col-sm-12 wpb_column vc_column_container\"><div class=\"vc_column-inner\"><div class=\"wpb_wrapper\"><div class=\"g-cols wpb_row content_top via_flex valign_top type_default stacking_default\"><div class=\"vc_col-sm-12 wpb_column vc_column_container\"><div class=\"vc_column-inner\"><div class=\"wpb_wrapper\"><h1 class=\"w-post-elm post_title entry-title color_link_inherit\">Contatto<\/h1><\/div><\/div><\/div><\/div><div class=\"g-cols wpb_row us_custom_4fb9e5a3 content_text via_flex valign_top type_default stacking_default\"><div class=\"vc_col-sm-6 wpb_column vc_column_container\"><div class=\"vc_column-inner\"><div class=\"wpb_wrapper\"><div class=\"wpb_text_column mb-30\"><div class=\"wpb_wrapper\"><p>Avete altre domande o vi servono altre informazioni?<br \/>\nUtilizzate il modulo di contatto o telefonateci.<br \/>\nSaremo lieti di sentirvi.<\/p>\n<\/div><\/div>[vc_widget_sidebar sidebar_id=&#8221;us_widget_area_kontakt&#8221; el_class=&#8221;side_contact&#8221;]<\/div><\/div><\/div><div class=\"vc_col-sm-6 wpb_column vc_column_container\"><div class=\"vc_column-inner\"><div class=\"wpb_wrapper\"><div class=\"wpb_text_column\"><div class=\"wpb_wrapper\"><h2>Modulo di contatto<\/h2>\n\n<div class=\"wpcf7 no-js\" id=\"wpcf7-f14629-o1\" lang=\"de-DE\" dir=\"ltr\" data-wpcf7-id=\"14629\">\n<div class=\"screen-reader-response\"><p role=\"status\" aria-live=\"polite\" aria-atomic=\"true\"><\/p> <ul><\/ul><\/div>\n<form action=\"\/it\/wp-json\/wp\/v2\/pages\/1009#wpcf7-f14629-o1\" method=\"post\" class=\"wpcf7-form init\" aria-label=\"Kontaktformular\" enctype=\"multipart\/form-data\" novalidate=\"novalidate\" data-status=\"init\">\n<fieldset class=\"hidden-fields-container\"><input type=\"hidden\" name=\"_wpcf7\" value=\"14629\" \/><input type=\"hidden\" name=\"_wpcf7_version\" value=\"6.1.5\" \/><input type=\"hidden\" name=\"_wpcf7_locale\" value=\"de_DE\" \/><input type=\"hidden\" name=\"_wpcf7_unit_tag\" value=\"wpcf7-f14629-o1\" \/><input type=\"hidden\" name=\"_wpcf7_container_post\" value=\"0\" \/><input type=\"hidden\" name=\"_wpcf7_posted_data_hash\" value=\"\" \/><input type=\"hidden\" name=\"_wpcf7cf_hidden_group_fields\" value=\"[]\" \/><input type=\"hidden\" name=\"_wpcf7cf_hidden_groups\" value=\"[]\" \/><input type=\"hidden\" name=\"_wpcf7cf_visible_groups\" value=\"[]\" \/><input type=\"hidden\" name=\"_wpcf7cf_repeaters\" value=\"[]\" \/><input type=\"hidden\" name=\"_wpcf7cf_steps\" value=\"{}\" \/><input type=\"hidden\" name=\"_wpcf7cf_options\" value=\"{&quot;form_id&quot;:14629,&quot;conditions&quot;:[{&quot;then_field&quot;:&quot;firma&quot;,&quot;and_rules&quot;:[{&quot;if_field&quot;:&quot;anfrage&quot;,&quot;operator&quot;:&quot;equals&quot;,&quot;if_value&quot;:&quot;Commerciale&quot;}]},{&quot;then_field&quot;:&quot;upload&quot;,&quot;and_rules&quot;:[{&quot;if_field&quot;:&quot;hoch&quot;,&quot;operator&quot;:&quot;equals&quot;,&quot;if_value&quot;:&quot;Vorrei caricare i file&quot;}]}],&quot;settings&quot;:{&quot;animation&quot;:&quot;yes&quot;,&quot;animation_intime&quot;:200,&quot;animation_outtime&quot;:200,&quot;conditions_ui&quot;:&quot;normal&quot;,&quot;notice_dismissed&quot;:false,&quot;notice_dismissed_rollback-cf7-5.8.4&quot;:true}}\" \/>\n<\/fieldset>\n<div class=\"g-cols vc_row type_default valign_top\">\n\t<div class=\"vc_col-sm-6 wpb_column vc_column_container\">\n\t\t<div class=\"vc_column-inner\">\n\t\t\t<p>Tipo di richiesta *\n\t\t\t<\/p>\n\t\t<\/div>\n\t<\/div>\n\t<div class=\"vc_col-sm-6 wpb_column vc_column_container\">\n\t\t<div class=\"vc_column-inner\">\n\t\t\t<p><span class=\"wpcf7-form-control-wrap\" data-name=\"anfrage\"><span class=\"wpcf7-form-control wpcf7-checkbox wpcf7-validates-as-required wpcf7-exclusive-checkbox\"><span class=\"wpcf7-list-item first\"><input type=\"checkbox\" name=\"anfrage\" value=\"Commerciale\" \/><span class=\"wpcf7-list-item-label\">Commerciale<\/span><\/span><span class=\"wpcf7-list-item last\"><input type=\"checkbox\" name=\"anfrage\" value=\"Privata\" \/><span class=\"wpcf7-list-item-label\">Privata<\/span><\/span><\/span><\/span>\n\t\t\t<\/p>\n\t\t<\/div>\n\t<\/div>\n<\/div>\n<div class=\"g-cols vc_row type_default valign_top\">\n\t<div class=\"vc_col-sm-6 wpb_column vc_column_container\">\n\t\t<div class=\"vc_column-inner\">\n\t\t\t<div data-id=\"firma\" data-orig_data_id=\"firma\"  class=\"\" data-class=\"wpcf7cf_group\">\n\t\t\t\t<p><span class=\"wpcf7-form-control-wrap\" data-name=\"firma\"><input size=\"40\" maxlength=\"400\" class=\"wpcf7-form-control wpcf7-text\" aria-invalid=\"false\" placeholder=\"Ragione sociale\" value=\"\" type=\"text\" name=\"firma\" \/><\/span>\n\t\t\t\t<\/p>\n\t\t\t<\/div>\n\t\t\t<p><span class=\"wpcf7-form-control-wrap\" data-name=\"ansprech\"><input size=\"40\" maxlength=\"400\" class=\"wpcf7-form-control wpcf7-text wpcf7-validates-as-required\" aria-required=\"true\" aria-invalid=\"false\" placeholder=\"Referente *\" value=\"\" type=\"text\" name=\"ansprech\" \/><\/span><br \/>\n<span class=\"wpcf7-form-control-wrap\" data-name=\"adresse\"><input size=\"40\" maxlength=\"400\" class=\"wpcf7-form-control wpcf7-text wpcf7-validates-as-required\" aria-required=\"true\" aria-invalid=\"false\" placeholder=\"Via \/ Numero civico *\" value=\"\" type=\"text\" name=\"adresse\" \/><\/span><br \/>\n<span class=\"wpcf7-form-control-wrap\" data-name=\"Ort\"><input size=\"40\" maxlength=\"400\" class=\"wpcf7-form-control wpcf7-text wpcf7-validates-as-required\" aria-required=\"true\" aria-invalid=\"false\" placeholder=\"CAP \/ luogo *\" value=\"\" type=\"text\" name=\"Ort\" \/><\/span>\n\t\t\t<\/p>\n\t\t<\/div>\n\t<\/div>\n\t<div class=\"vc_col-sm-6 wpb_column vc_column_container\">\n\t\t<div class=\"vc_column-inner\">\n\t\t\t<p><span class=\"wpcf7-form-control-wrap\" data-name=\"email\"><input size=\"40\" maxlength=\"400\" class=\"wpcf7-form-control wpcf7-email wpcf7-validates-as-required wpcf7-text wpcf7-validates-as-email\" aria-required=\"true\" aria-invalid=\"false\" placeholder=\"Indirizzo e-mail *\" value=\"\" type=\"email\" name=\"email\" \/><\/span><br \/>\n<span class=\"wpcf7-form-control-wrap\" data-name=\"tel\"><input size=\"40\" maxlength=\"400\" class=\"wpcf7-form-control wpcf7-tel wpcf7-validates-as-required wpcf7-text wpcf7-validates-as-tel\" aria-required=\"true\" aria-invalid=\"false\" placeholder=\"Numero di telefono *\" value=\"\" type=\"tel\" name=\"tel\" \/><\/span><br \/>\n<span class=\"mt-10\"> <span class=\"wpcf7-form-control-wrap\" data-name=\"leistungstext\"><span class=\"wpcf7-form-control wpcf7-checkbox\"><span class=\"wpcf7-list-item first last\"><input type=\"checkbox\" name=\"leistungstext[]\" value=\"Richiedere testo del servizio\" \/><span class=\"wpcf7-list-item-label\">Richiedere testo del servizio<\/span><\/span><\/span><\/span><\/span>\n\t\t\t<\/p>\n\t\t<\/div>\n\t<\/div>\n<\/div>\n<div class=\"g-cols vc_row type_default valign_top\">\n\t<div class=\"vc_col-sm-12 wpb_column vc_column_container\">\n\t\t<div class=\"vc_column-inner\">\n\t\t\t<p><span class=\"wpcf7-form-control-wrap\" data-name=\"textarea\"><textarea cols=\"40\" rows=\"10\" maxlength=\"2000\" class=\"wpcf7-form-control wpcf7-textarea\" aria-invalid=\"false\" placeholder=\"Nota\" name=\"textarea\"><\/textarea><\/span>\n\t\t\t<\/p>\n\t\t<\/div>\n\t<\/div>\n<\/div>\n<div class=\"g-cols vc_row type_default valign_top\">\n\t<div class=\"vc_col-sm-10 wpb_column vc_column_container\">\n\t\t<div class=\"vc_column-inner\">\n\t\t\t<h6 class=\"mt-20\"><br \/>\n<span class=\"wpcf7-form-control-wrap\" data-name=\"hoch\"><span class=\"wpcf7-form-control wpcf7-checkbox\"><span class=\"wpcf7-list-item first last\"><input type=\"checkbox\" name=\"hoch[]\" value=\"Vorrei caricare i file\" \/><span class=\"wpcf7-list-item-label\">Vorrei caricare i file<\/span><\/span><\/span><\/span>\n\t\t\t<\/h6>\n\t\t<\/div>\n\t<\/div>\n<\/div>\n<div data-id=\"upload\" data-orig_data_id=\"upload\" data-clear_on_hide class=\"\" data-class=\"wpcf7cf_group\">\n\t<div class=\"g-cols vc_row type_default valign_top\">\n\t\t<div class=\"vc_col-sm-12 wpb_column vc_column_container\">\n\t\t\t<div class=\"vc_column-inner\">\n\t\t\t\t<p>Immagini, schizzi, piani ecc. Upload <small>Formati di file: gif|png|jpg|jpeg|pdf Max-Size: 2mb<\/small><br \/>\n<span class=\"wpcf7-form-control-wrap\" data-name=\"media-1\"><input size=\"40\" class=\"wpcf7-form-control wpcf7-file\" accept=\".gif,.png,.jpg,.jpeg,.pdf\" aria-invalid=\"false\" type=\"file\" name=\"media-1\" \/><\/span><br \/>\n<span class=\"wpcf7-form-control-wrap\" data-name=\"media-2\"><input size=\"40\" class=\"wpcf7-form-control wpcf7-file\" accept=\".gif,.png,.jpg,.jpeg,.pdf\" aria-invalid=\"false\" type=\"file\" name=\"media-2\" \/><\/span><br \/>\n<span class=\"wpcf7-form-control-wrap\" data-name=\"media-3\"><input size=\"40\" class=\"wpcf7-form-control wpcf7-file\" accept=\".gif,.png,.jpg,.jpeg,.pdf\" aria-invalid=\"false\" type=\"file\" name=\"media-3\" \/><\/span><br \/>\n<span class=\"wpcf7-form-control-wrap\" data-name=\"media-4\"><input size=\"40\" class=\"wpcf7-form-control wpcf7-file\" accept=\".gif,.png,.jpg,.jpeg,.pdf\" aria-invalid=\"false\" type=\"file\" name=\"media-4\" \/><\/span>\n\t\t\t\t<\/p>\n\t\t\t<\/div>\n\t\t<\/div>\n\t<\/div>\n<\/div>\n<div class=\"g-cols vc_row type_default valign_top\">\n\t<div class=\"vc_col-sm-12 wpb_column vc_column_container\">\n\t\t<div class=\"vc_column-inner law_text\">\n\t\t\t<p><span class=\"wpcf7-form-control-wrap\" data-name=\"acceptance-dsgvo\"><span class=\"wpcf7-form-control wpcf7-acceptance\"><span class=\"wpcf7-list-item\"><label><input type=\"checkbox\" name=\"acceptance-dsgvo\" value=\"1\" aria-invalid=\"false\" \/><span class=\"wpcf7-list-item-label\">Acconsento che i miei dati del modulo di contatto siano raccolti ed elaborati per rispondere alla mia richiesta. Dopo avere concluso l'elaborazione della richiesta i dati saranno cancellati. <br> Avvertenza: Per il futuro potete revocare in ogni momento il vostro consenso con una e-mail a: kontakt@rau.de. Ulteriori informazioni relative ai dati dell\u2019utente sono reperibili nella nostra <a href=\"\/datenschutz\/\" target=\"_blank\">informativa sulla protezione dei dati<\/a>.<\/span><\/label><\/span><\/span><\/span>\n\t\t\t<\/p>\n\t\t\t<p><span class=\"wpcf7-form-control-wrap\" data-name=\"kontakt\"><span class=\"wpcf7-form-control wpcf7-acceptance\"><span class=\"wpcf7-list-item\"><label><input type=\"checkbox\" name=\"kontakt\" value=\"1\" aria-invalid=\"false\" \/><span class=\"wpcf7-list-item-label\">Acconsento a potere essere contattato per e-mail o per telefono.<\/span><\/label><\/span><\/span><\/span>\n\t\t\t<\/p>\n\t\t<\/div>\n\t<\/div>\n<\/div>\n<div class=\"g-cols vc_row type_default valign_top\">\n\t<div class=\"vc_col-sm-12 wpb_column vc_column_container mt-30\">\n\t\t<div class=\"vc_column-inner \">\n\t\t\t<div style=\"border: 1px solid #cccccc; font-size:13px; line-height:16px; padding:20px 20px 20px 20px; max-width:275px; margin-bottom:20px;\">\n\t\t\t\t<p>Spam protection:<br \/>\n<div class=\"dscf7-captcha-container\"><input name=\"dscf7_hidden_val1-dscf7captcha-64\" id=\"dscf7_hidden_val1-dscf7captcha-64\" type=\"hidden\" value=\"2\" \/><input name=\"dscf7_hidden_val2-dscf7captcha-64\" id=\"dscf7_hidden_val2-dscf7captcha-64\" type=\"hidden\" value=\"4\" \/><input name=\"dscf7_hidden_action-dscf7captcha-64\" id=\"dscf7_hidden_action-dscf7captcha-64\" type=\"hidden\" value=\"+\" \/><div class=\"dscf7-question-container\"><span class=\"dscf7_lt\">What is 4 + 2 ? <a href=\"javascript:void(0)\" id=\"dscf7captcha-64\" class=\"dscf7_refresh_captcha\" aria-label=\"Refresh captcha\"><img decoding=\"async\" class=\"dscf7_captcha_icon\" src=\"https:\/\/rau.de\/wp-content\/plugins\/ds-cf7-math-captcha\/assets\/img\/icons8-refresh-30.png\" alt=\"Refresh icon\"\/><img decoding=\"async\" class=\"dscf7_captcha_reload_icon\" src=\"https:\/\/rau.de\/wp-content\/plugins\/ds-cf7-math-captcha\/assets\/img\/446bcd468478f5bfb7b4e5c804571392_w200.gif\" alt=\"Refreshing captcha\" style=\"display:none; width:30px\" \/><\/a><\/span><\/div><div class=\"dscf7-answer-container\"><label for=\"dscf7captcha-64-input\" class=\"screen-reader-text\">Answer for 4 + 2<\/label><span class=\"wpcf7-form-control-wrap\" data-name=\"dscf7captcha-64\"><input type=\"text\" id=\"dscf7captcha-64-input\" aria-label=\"Answer for 4 + 2\" class=\"wpcf7-form-control wpcf7-text\" size=\"5\" value=\"\" name=\"dscf7captcha-64\" placeholder=\"Type your answer\" style=\"\" oninput=\"this.value = this.value.replace(\/[^0-9.]\/g, '').replace(\/(\\..*)\\.\/g, '$1');\"><\/span><input type=\"hidden\" name=\"ds_cf7_nonce\" value=\"0ea770ab4e\"><\/div><\/div>\n\t\t\t<\/div>\n\t\t\t<p><input class=\"wpcf7-form-control wpcf7-submit has-spinner\" type=\"submit\" value=\"Invia Modulo di contatto\" \/>\n\t\t\t<\/p>\n\t\t<\/div>\n\t<\/div>\n<\/div><div class=\"wpcf7-response-output\" aria-hidden=\"true\"><\/div>\n<\/form>\n<\/div>\n\n<\/div><\/div><\/div><\/div><\/div><\/div><\/div><\/div><\/div><\/div><\/div><\/section>\n","protected":false},"excerpt":{"rendered":"ContattoAvete altre domande o vi servono altre informazioni? Utilizzate il modulo di contatto o telefonateci. Saremo lieti di sentirvi. [vc_widget_sidebar sidebar_id=\"us_widget_area_kontakt\" el_class=\"side_contact\"]Modulo di contatto Tipo di richiesta * CommercialePrivata Richiedere testo del servizio Vorrei caricare i file Immagini, schizzi, piani ecc. Upload Formati di file: gif|png|jpg|jpeg|pdf Max-Size: 2mb Acconsento che i miei dati del modulo...","protected":false},"author":1,"featured_media":0,"parent":0,"menu_order":0,"comment_status":"closed","ping_status":"closed","template":"","meta":{"footnotes":""},"class_list":["post-1009","page","type-page","status-publish","hentry"],"yoast_head":"<!-- This site is optimized with the Yoast SEO plugin v27.4 - https:\/\/yoast.com\/product\/yoast-seo-wordpress\/ -->\n<title>Contatto \u2709 | Barriere antirumore Rau \ud83c\udf43<\/title>\n<meta name=\"description\" content=\"Contattateci oggi stesso! | \ud83d\udce9 kontakt@rau.de | \u260e +49 (0)30 397 488 64 | RAU L\u00e4rmschutzw\u00e4nde \u2013 Geosystem GBK GmbH\" \/>\n<meta name=\"robots\" content=\"index, follow, max-snippet:-1, max-image-preview:large, max-video-preview:-1\" \/>\n<link rel=\"canonical\" href=\"https:\/\/rau.de\/it\/contatto\/\" \/>\n<meta property=\"og:locale\" content=\"it_IT\" \/>\n<meta property=\"og:type\" content=\"article\" \/>\n<meta property=\"og:title\" content=\"Contatto \u2709 | Barriere antirumore Rau \ud83c\udf43\" \/>\n<meta property=\"og:description\" content=\"Contattateci oggi stesso! | \ud83d\udce9 kontakt@rau.de | \u260e +49 (0)30 397 488 64 | RAU L\u00e4rmschutzw\u00e4nde \u2013 Geosystem GBK GmbH\" \/>\n<meta property=\"og:url\" content=\"https:\/\/rau.de\/it\/contatto\/\" \/>\n<meta property=\"og:site_name\" content=\"Rau | L\u00e4rmschutzw\u00e4nde\" \/>\n<meta property=\"article:modified_time\" content=\"2021-12-06T12:39:10+00:00\" \/>\n<meta property=\"og:image\" content=\"https:\/\/rau.de\/wp-content\/uploads\/rau.de-begruente-laermschutzwand-2015-08-23-sonderteile-2.jpg\" \/>\n\t<meta property=\"og:image:width\" content=\"1920\" \/>\n\t<meta property=\"og:image:height\" content=\"1146\" \/>\n\t<meta property=\"og:image:type\" content=\"image\/jpeg\" \/>\n<meta name=\"twitter:card\" content=\"summary_large_image\" \/>\n<meta name=\"twitter:label1\" content=\"Tempo di lettura stimato\" \/>\n\t<meta name=\"twitter:data1\" content=\"1 minuto\" \/>\n<script type=\"application\/ld+json\" class=\"yoast-schema-graph\">{\"@context\":\"https:\\\/\\\/schema.org\",\"@graph\":[{\"@type\":\"WebPage\",\"@id\":\"https:\\\/\\\/rau.de\\\/it\\\/contatto\\\/\",\"url\":\"https:\\\/\\\/rau.de\\\/it\\\/contatto\\\/\",\"name\":\"Contatto \u2709 | Barriere antirumore Rau \ud83c\udf43\",\"isPartOf\":{\"@id\":\"https:\\\/\\\/rau.de\\\/it\\\/#website\"},\"datePublished\":\"2019-08-05T13:32:27+00:00\",\"dateModified\":\"2021-12-06T12:39:10+00:00\",\"description\":\"Contattateci oggi stesso! | \ud83d\udce9 kontakt@rau.de | \u260e +49 (0)30 397 488 64 | RAU L\u00e4rmschutzw\u00e4nde \u2013 Geosystem GBK GmbH\",\"breadcrumb\":{\"@id\":\"https:\\\/\\\/rau.de\\\/it\\\/contatto\\\/#breadcrumb\"},\"inLanguage\":\"it-IT\",\"potentialAction\":[{\"@type\":\"ReadAction\",\"target\":[\"https:\\\/\\\/rau.de\\\/it\\\/contatto\\\/\"]}]},{\"@type\":\"BreadcrumbList\",\"@id\":\"https:\\\/\\\/rau.de\\\/it\\\/contatto\\\/#breadcrumb\",\"itemListElement\":[{\"@type\":\"ListItem\",\"position\":1,\"name\":\"Startseite\",\"item\":\"https:\\\/\\\/rau.de\\\/it\\\/\"},{\"@type\":\"ListItem\",\"position\":2,\"name\":\"Contatto\"}]},{\"@type\":\"WebSite\",\"@id\":\"https:\\\/\\\/rau.de\\\/it\\\/#website\",\"url\":\"https:\\\/\\\/rau.de\\\/it\\\/\",\"name\":\"Rau | L\u00e4rmschutzw\u00e4nde\",\"description\":\"Entwicklung und Umsetzung von L\u00e4rmschutzwand und Schallschutzwand\",\"publisher\":{\"@id\":\"https:\\\/\\\/rau.de\\\/it\\\/#organization\"},\"potentialAction\":[{\"@type\":\"SearchAction\",\"target\":{\"@type\":\"EntryPoint\",\"urlTemplate\":\"https:\\\/\\\/rau.de\\\/it\\\/?s={search_term_string}\"},\"query-input\":{\"@type\":\"PropertyValueSpecification\",\"valueRequired\":true,\"valueName\":\"search_term_string\"}}],\"inLanguage\":\"it-IT\"},{\"@type\":\"Organization\",\"@id\":\"https:\\\/\\\/rau.de\\\/it\\\/#organization\",\"name\":\"RAU L\u00e4rmschutzw\u00e4nde \u2013 Geosystem GBK GmbH\",\"url\":\"https:\\\/\\\/rau.de\\\/it\\\/\",\"logo\":{\"@type\":\"ImageObject\",\"inLanguage\":\"it-IT\",\"@id\":\"https:\\\/\\\/rau.de\\\/it\\\/#\\\/schema\\\/logo\\\/image\\\/\",\"url\":\"https:\\\/\\\/rau.de\\\/wp-content\\\/uploads\\\/web_logo.png\",\"contentUrl\":\"https:\\\/\\\/rau.de\\\/wp-content\\\/uploads\\\/web_logo.png\",\"width\":249,\"height\":127,\"caption\":\"RAU L\u00e4rmschutzw\u00e4nde \u2013 Geosystem GBK GmbH\"},\"image\":{\"@id\":\"https:\\\/\\\/rau.de\\\/it\\\/#\\\/schema\\\/logo\\\/image\\\/\"}}]}<\/script>\n<!-- \/ Yoast SEO plugin. -->","yoast_head_json":{"title":"Contatto \u2709 | Barriere antirumore Rau \ud83c\udf43","description":"Contattateci oggi stesso! | \ud83d\udce9 kontakt@rau.de | \u260e +49 (0)30 397 488 64 | RAU L\u00e4rmschutzw\u00e4nde \u2013 Geosystem GBK GmbH","robots":{"index":"index","follow":"follow","max-snippet":"max-snippet:-1","max-image-preview":"max-image-preview:large","max-video-preview":"max-video-preview:-1"},"canonical":"https:\/\/rau.de\/it\/contatto\/","og_locale":"it_IT","og_type":"article","og_title":"Contatto \u2709 | Barriere antirumore Rau \ud83c\udf43","og_description":"Contattateci oggi stesso! | \ud83d\udce9 kontakt@rau.de | \u260e +49 (0)30 397 488 64 | RAU L\u00e4rmschutzw\u00e4nde \u2013 Geosystem GBK GmbH","og_url":"https:\/\/rau.de\/it\/contatto\/","og_site_name":"Rau | L\u00e4rmschutzw\u00e4nde","article_modified_time":"2021-12-06T12:39:10+00:00","og_image":[{"width":1920,"height":1146,"url":"https:\/\/rau.de\/wp-content\/uploads\/rau.de-begruente-laermschutzwand-2015-08-23-sonderteile-2.jpg","type":"image\/jpeg"}],"twitter_card":"summary_large_image","twitter_misc":{"Tempo di lettura stimato":"1 minuto"},"schema":{"@context":"https:\/\/schema.org","@graph":[{"@type":"WebPage","@id":"https:\/\/rau.de\/it\/contatto\/","url":"https:\/\/rau.de\/it\/contatto\/","name":"Contatto \u2709 | Barriere antirumore Rau \ud83c\udf43","isPartOf":{"@id":"https:\/\/rau.de\/it\/#website"},"datePublished":"2019-08-05T13:32:27+00:00","dateModified":"2021-12-06T12:39:10+00:00","description":"Contattateci oggi stesso! | \ud83d\udce9 kontakt@rau.de | \u260e +49 (0)30 397 488 64 | RAU L\u00e4rmschutzw\u00e4nde \u2013 Geosystem GBK GmbH","breadcrumb":{"@id":"https:\/\/rau.de\/it\/contatto\/#breadcrumb"},"inLanguage":"it-IT","potentialAction":[{"@type":"ReadAction","target":["https:\/\/rau.de\/it\/contatto\/"]}]},{"@type":"BreadcrumbList","@id":"https:\/\/rau.de\/it\/contatto\/#breadcrumb","itemListElement":[{"@type":"ListItem","position":1,"name":"Startseite","item":"https:\/\/rau.de\/it\/"},{"@type":"ListItem","position":2,"name":"Contatto"}]},{"@type":"WebSite","@id":"https:\/\/rau.de\/it\/#website","url":"https:\/\/rau.de\/it\/","name":"Rau | L\u00e4rmschutzw\u00e4nde","description":"Entwicklung und Umsetzung von L\u00e4rmschutzwand und Schallschutzwand","publisher":{"@id":"https:\/\/rau.de\/it\/#organization"},"potentialAction":[{"@type":"SearchAction","target":{"@type":"EntryPoint","urlTemplate":"https:\/\/rau.de\/it\/?s={search_term_string}"},"query-input":{"@type":"PropertyValueSpecification","valueRequired":true,"valueName":"search_term_string"}}],"inLanguage":"it-IT"},{"@type":"Organization","@id":"https:\/\/rau.de\/it\/#organization","name":"RAU L\u00e4rmschutzw\u00e4nde \u2013 Geosystem GBK GmbH","url":"https:\/\/rau.de\/it\/","logo":{"@type":"ImageObject","inLanguage":"it-IT","@id":"https:\/\/rau.de\/it\/#\/schema\/logo\/image\/","url":"https:\/\/rau.de\/wp-content\/uploads\/web_logo.png","contentUrl":"https:\/\/rau.de\/wp-content\/uploads\/web_logo.png","width":249,"height":127,"caption":"RAU L\u00e4rmschutzw\u00e4nde \u2013 Geosystem GBK GmbH"},"image":{"@id":"https:\/\/rau.de\/it\/#\/schema\/logo\/image\/"}}]}},"_links":{"self":[{"href":"https:\/\/rau.de\/it\/wp-json\/wp\/v2\/pages\/1009","targetHints":{"allow":["GET"]}}],"collection":[{"href":"https:\/\/rau.de\/it\/wp-json\/wp\/v2\/pages"}],"about":[{"href":"https:\/\/rau.de\/it\/wp-json\/wp\/v2\/types\/page"}],"author":[{"embeddable":true,"href":"https:\/\/rau.de\/it\/wp-json\/wp\/v2\/users\/1"}],"replies":[{"embeddable":true,"href":"https:\/\/rau.de\/it\/wp-json\/wp\/v2\/comments?post=1009"}],"version-history":[{"count":5,"href":"https:\/\/rau.de\/it\/wp-json\/wp\/v2\/pages\/1009\/revisions"}],"predecessor-version":[{"id":22658,"href":"https:\/\/rau.de\/it\/wp-json\/wp\/v2\/pages\/1009\/revisions\/22658"}],"wp:attachment":[{"href":"https:\/\/rau.de\/it\/wp-json\/wp\/v2\/media?parent=1009"}],"curies":[{"name":"wp","href":"https:\/\/api.w.org\/{rel}","templated":true}]}}