{"id":748,"date":"2019-08-01T19:26:31","date_gmt":"2019-08-01T17:26:31","guid":{"rendered":"http:\/\/rau.kundendemo.com\/?page_id=748"},"modified":"2021-12-10T14:06:08","modified_gmt":"2021-12-10T13:06:08","slug":"termekek","status":"publish","type":"page","link":"https:\/\/rau.de\/hu\/termekek\/","title":{"rendered":"Term\u00e9kek"},"content":{"rendered":"<section class=\"l-section wpb_row height_medium full_height valign_center with_img parallax_fixed\" id=\"kontakt\"><div class=\"l-section-img\" role=\"img\" data-img-width=\"2000\" data-img-height=\"1122\" style=\"background-image: url(https:\/\/rau.de\/wp-content\/uploads\/bg.jpg);\"><\/div><div class=\"l-section-h i-cf\"><div class=\"g-cols vc_row via_flex valign_top type_default stacking_default\"><div class=\"vc_col-sm-12 wpb_column vc_column_container\"><div class=\"vc_column-inner\"><div class=\"wpb_wrapper\"><div class=\"g-cols wpb_row content_top via_flex valign_top type_default stacking_default\"><div class=\"vc_col-sm-12 wpb_column vc_column_container\"><div class=\"vc_column-inner\"><div class=\"wpb_wrapper\"><h1 class=\"w-post-elm post_title entry-title color_link_inherit\">Term\u00e9kek<\/h1><\/div><\/div><\/div><\/div><div class=\"g-cols wpb_row us_custom_4fb9e5a3 content_text via_flex valign_top type_default stacking_default\"><div class=\"vc_col-sm-12 wpb_column vc_column_container\"><div class=\"vc_column-inner\"><div class=\"wpb_wrapper\"><div class=\"w-grid type_grid layout_97 cols_2\" id=\"us_grid_1\" style=\"--gap:1.5rem;\" data-filterable=\"true\"><style>@media (max-width:600px){#us_grid_1 .w-grid-list{margin:0}#us_grid_1 .w-grid-item{width:100%;padding:0;margin-bottom:var(--gap,0px)}}.layout_97 .w-grid-item-h{}.layout_97 .usg_post_title_1{font-family:var(--font-family)!important;font-size:18px!important}.layout_97 .usg_hwrapper_1{background:#!important}.layout_97 .usg_post_content_1{font-family:var(--font-family)!important}.layout_97 .usg_btn_1{font-size:12px!important}@media (min-width:1025px) and (max-width:1280px){.layout_97 .usg_post_title_1{font-family:var(--font-family)!important;font-size:18px!important}.layout_97 .usg_hwrapper_1{background:#!important}.layout_97 .usg_post_content_1{font-family:var(--font-family)!important}.layout_97 .usg_btn_1{font-size:12px!important}}@media (min-width:601px) and (max-width:1024px){.layout_97 .usg_post_title_1{font-family:var(--font-family)!important;font-size:18px!important}.layout_97 .usg_hwrapper_1{background:#!important}.layout_97 .usg_post_content_1{font-family:var(--font-family)!important}.layout_97 .usg_btn_1{font-size:12px!important}}@media (max-width:600px){.layout_97 .usg_post_title_1{font-family:var(--font-family)!important;font-size:18px!important}.layout_97 .usg_hwrapper_1{background:#!important}.layout_97 .usg_post_content_1{font-family:var(--font-family)!important}.layout_97 .usg_btn_1{font-size:12px!important}}<\/style><div class=\"w-grid-list\">\t<article class=\"w-grid-item size_1x1 post-6057 produkt type-produkt status-publish has-post-thumbnail hentry\" data-id=\"6057\">\r\n\t\t<div class=\"w-grid-item-h\">\r\n\t\t\t\t\t\t<div class=\"w-vwrapper usg_vwrapper_1 dm_product_wrapper align_left valign_top\"><div class=\"w-hwrapper usg_hwrapper_1 align_left valign_top\"><div class=\"w-vwrapper usg_vwrapper_2 align_left valign_top\"><h3 class=\"w-post-elm post_title usg_post_title_1 align_left entry-title color_link_inherit\"><a href=\"https:\/\/rau.de\/hu\/produkt\/rau-rock-extensiv-zajvedo-fal-max-epitesi-magassag-10-meter\/\">RAU Rock Extensiv zajv\u00e9d\u0151 fal \u2013 max. \u00e9p\u00edt\u00e9si magass\u00e1g 10 m\u00e9ter<\/a><\/h3><div class=\"w-post-elm post_content usg_post_content_1\">Minim\u00e1lis helyig\u00e9ny A v\u00e9kony RAU ROCK EXTENSIV zajv\u00e9d\u0151 fal eset\u00e9ben egy k\u00e9szre el\u0151szerelt elem sz\u00e1ll\u00edt\u00e1sa&hellip;<\/div><a class=\"w-btn us-btn-style_1 usg_btn_1 icon_atright\" href=\"https:\/\/rau.de\/hu\/produkt\/rau-rock-extensiv-zajvedo-fal-max-epitesi-magassag-10-meter\/\"><span class=\"w-btn-label\">T\u00f6bb inform\u00e1ci\u00f3<\/span><i class=\"fas fa-chevron-right\"><\/i><\/a><\/div><div class=\"w-vwrapper usg_vwrapper_3 align_left valign_top\"><div class=\"w-post-elm post_image usg_post_image_1 stretched\"><a href=\"https:\/\/rau.de\/hu\/produkt\/rau-rock-extensiv-zajvedo-fal-max-epitesi-magassag-10-meter\/\" aria-label=\"RAU Rock Extensiv zajv\u00e9d\u0151 fal \u2013 max. \u00e9p\u00edt\u00e9si magass\u00e1g 10 m\u00e9ter\"><img loading=\"lazy\" decoding=\"async\" width=\"825\" height=\"1014\" src=\"https:\/\/rau.de\/wp-content\/uploads\/Design-ohne-Titel-1jk-1.jpg\" class=\"attachment-large size-large wp-post-image\" alt=\"\" srcset=\"https:\/\/rau.de\/wp-content\/uploads\/Design-ohne-Titel-1jk-1.jpg 825w, https:\/\/rau.de\/wp-content\/uploads\/Design-ohne-Titel-1jk-1-244x300.jpg 244w\" sizes=\"(max-width: 825px) 100vw, 825px\" \/><\/a><\/div><\/div><\/div><\/div>\t\t<\/div>\r\n\t<\/article>\r\n\t<article class=\"w-grid-item size_1x1 post-5935 produkt type-produkt status-publish has-post-thumbnail hentry\" data-id=\"5935\">\r\n\t\t<div class=\"w-grid-item-h\">\r\n\t\t\t\t\t\t<div class=\"w-vwrapper usg_vwrapper_1 dm_product_wrapper align_left valign_top\"><div class=\"w-hwrapper usg_hwrapper_1 align_left valign_top\"><div class=\"w-vwrapper usg_vwrapper_2 align_left valign_top\"><h3 class=\"w-post-elm post_title usg_post_title_1 align_left entry-title color_link_inherit\"><a href=\"https:\/\/rau.de\/hu\/produkt\/rau-alpin-epitesi-magassag-max-10-meter\/\">RAU Alpin \u2013 \u00c9p\u00edt\u00e9si magass\u00e1g max. 12 m\u00e9ter<\/a><\/h3><div class=\"w-post-elm post_content usg_post_content_1\">A RAU \u201eAlpin\u201d rendszere, term\u00e9sk\u0151 kos\u00e1r monolit homokmaggal, magass\u00e1ga 300 cm RAU Alpin &#8211; DownloadN\u00e9zze&hellip;<\/div><a class=\"w-btn us-btn-style_1 usg_btn_1 icon_atright\" href=\"https:\/\/rau.de\/hu\/produkt\/rau-alpin-epitesi-magassag-max-10-meter\/\"><span class=\"w-btn-label\">T\u00f6bb inform\u00e1ci\u00f3<\/span><i class=\"fas fa-chevron-right\"><\/i><\/a><\/div><div class=\"w-vwrapper usg_vwrapper_3 align_left valign_top\"><div class=\"w-post-elm post_image usg_post_image_1 stretched\"><a href=\"https:\/\/rau.de\/hu\/produkt\/rau-alpin-epitesi-magassag-max-10-meter\/\" aria-label=\"RAU Alpin \u2013 \u00c9p\u00edt\u00e9si magass\u00e1g max. 12 m\u00e9ter\"><img loading=\"lazy\" decoding=\"async\" width=\"882\" height=\"1024\" src=\"https:\/\/rau.de\/wp-content\/uploads\/laermschutzwand-schallschutzwand-rau-alpin.jpg\" class=\"attachment-large size-large wp-post-image\" alt=\"L\u00e4rmschutzwand RAU Alpin, Natursteinkorb mit monolithischem Sandkern\" srcset=\"https:\/\/rau.de\/wp-content\/uploads\/laermschutzwand-schallschutzwand-rau-alpin.jpg 882w, https:\/\/rau.de\/wp-content\/uploads\/laermschutzwand-schallschutzwand-rau-alpin-258x300.jpg 258w\" sizes=\"(max-width: 882px) 100vw, 882px\" \/><\/a><\/div><\/div><\/div><\/div>\t\t<\/div>\r\n\t<\/article>\r\n\t<article class=\"w-grid-item size_1x1 post-5813 produkt type-produkt status-publish has-post-thumbnail hentry\" data-id=\"5813\">\r\n\t\t<div class=\"w-grid-item-h\">\r\n\t\t\t\t\t\t<div class=\"w-vwrapper usg_vwrapper_1 dm_product_wrapper align_left valign_top\"><div class=\"w-hwrapper usg_hwrapper_1 align_left valign_top\"><div class=\"w-vwrapper usg_vwrapper_2 align_left valign_top\"><h3 class=\"w-post-elm post_title usg_post_title_1 align_left entry-title color_link_inherit\"><a href=\"https:\/\/rau.de\/hu\/produkt\/rau-r3-extensiv-zajvedo-fal-max-epitesi-magassag-12-meter\/\">RAU R3 Extensiv zajv\u00e9d\u0151 fal \u2013 max. \u00e9p\u00edt\u00e9si magass\u00e1g 12 m\u00e9ter<\/a><\/h3><div class=\"w-post-elm post_content usg_post_content_1\">Optim\u00e1lis k\u00f6lts\u00e9g\/nyeres\u00e9g ar\u00e1ny Az egyszer\u0171en egym\u00e1shoz csatlakoztathat\u00f3, rendk\u00edv\u00fcl stabil kosarak kiz\u00e1r\u00f3lag tart\u00f3profilokb\u00f3l, f\u00fcgg\u0151leges csapokb\u00f3l \u00e9s&hellip;<\/div><a class=\"w-btn us-btn-style_1 usg_btn_1 icon_atright\" href=\"https:\/\/rau.de\/hu\/produkt\/rau-r3-extensiv-zajvedo-fal-max-epitesi-magassag-12-meter\/\"><span class=\"w-btn-label\">T\u00f6bb inform\u00e1ci\u00f3<\/span><i class=\"fas fa-chevron-right\"><\/i><\/a><\/div><div class=\"w-vwrapper usg_vwrapper_3 align_left valign_top\"><div class=\"w-post-elm post_image usg_post_image_1 stretched\"><a href=\"https:\/\/rau.de\/hu\/produkt\/rau-r3-extensiv-zajvedo-fal-max-epitesi-magassag-12-meter\/\" aria-label=\"RAU R3 Extensiv zajv\u00e9d\u0151 fal \u2013 max. \u00e9p\u00edt\u00e9si magass\u00e1g 12 m\u00e9ter\"><img loading=\"lazy\" decoding=\"async\" width=\"550\" height=\"638\" src=\"https:\/\/rau.de\/wp-content\/uploads\/system-rau-r3-laermschutzwand-2020-05-12.png\" class=\"attachment-large size-large wp-post-image\" alt=\"Grundriss der R3 L\u00e4rmschutzwand von RAU\" srcset=\"https:\/\/rau.de\/wp-content\/uploads\/system-rau-r3-laermschutzwand-2020-05-12.png 550w, https:\/\/rau.de\/wp-content\/uploads\/system-rau-r3-laermschutzwand-2020-05-12-259x300.png 259w\" sizes=\"(max-width: 550px) 100vw, 550px\" \/><\/a><\/div><\/div><\/div><\/div>\t\t<\/div>\r\n\t<\/article>\r\n\t<article class=\"w-grid-item size_1x1 post-5736 produkt type-produkt status-publish has-post-thumbnail hentry\" data-id=\"5736\">\r\n\t\t<div class=\"w-grid-item-h\">\r\n\t\t\t\t\t\t<div class=\"w-vwrapper usg_vwrapper_1 dm_product_wrapper align_left valign_top\"><div class=\"w-hwrapper usg_hwrapper_1 align_left valign_top\"><div class=\"w-vwrapper usg_vwrapper_2 align_left valign_top\"><h3 class=\"w-post-elm post_title usg_post_title_1 align_left entry-title color_link_inherit\"><a href=\"https:\/\/rau.de\/hu\/produkt\/rau-photovoltaik-epitesi-magassag-max-10-meter\/\">RAU Photovoltaik \u2013 \u00c9p\u00edt\u00e9si magass\u00e1g max. 10 m\u00e9ter<\/a><\/h3><div class=\"w-post-elm post_content usg_post_content_1\">A meg\u00fajul\u00f3 energi\u00e1k el\u00e9rt\u00e9k az \u00f6kol\u00f3giai zajv\u00e9delmet is: Az \u00f6kol\u00f3gia \u00e9s a gazdas\u00e1goss\u00e1g tekintet\u00e9ben \u00e9llovas&hellip;<\/div><a class=\"w-btn us-btn-style_1 usg_btn_1 icon_atright\" href=\"https:\/\/rau.de\/hu\/produkt\/rau-photovoltaik-epitesi-magassag-max-10-meter\/\"><span class=\"w-btn-label\">T\u00f6bb inform\u00e1ci\u00f3<\/span><i class=\"fas fa-chevron-right\"><\/i><\/a><\/div><div class=\"w-vwrapper usg_vwrapper_3 align_left valign_top\"><div class=\"w-post-elm post_image usg_post_image_1 stretched\"><a href=\"https:\/\/rau.de\/hu\/produkt\/rau-photovoltaik-epitesi-magassag-max-10-meter\/\" aria-label=\"RAU Photovoltaik \u2013 \u00c9p\u00edt\u00e9si magass\u00e1g max. 10 m\u00e9ter\"><img loading=\"lazy\" decoding=\"async\" width=\"550\" height=\"456\" src=\"https:\/\/rau.de\/wp-content\/uploads\/rau-photovoltaik-en.gif\" class=\"attachment-large size-large wp-post-image\" alt=\"\" \/><\/a><\/div><\/div><\/div><\/div>\t\t<\/div>\r\n\t<\/article>\r\n<\/div><div class=\"w-grid-preloader\">\t<div class=\"g-preloader type_1\">\r\n\t\t<div><\/div>\r\n\t<\/div>\r\n\t<\/div>\t<div class=\"w-grid-json hidden\" onclick='return {&quot;action&quot;:&quot;us_ajax_grid&quot;,&quot;ajax_url&quot;:&quot;https:\\\/\\\/rau.de\\\/wp-admin\\\/admin-ajax.php&quot;,&quot;infinite_scroll&quot;:0,&quot;max_num_pages&quot;:1,&quot;pagination&quot;:&quot;none&quot;,&quot;template_vars&quot;:{&quot;columns&quot;:&quot;2&quot;,&quot;exclude_items&quot;:&quot;none&quot;,&quot;img_size&quot;:&quot;default&quot;,&quot;ignore_items_size&quot;:0,&quot;items_layout&quot;:&quot;97&quot;,&quot;items_offset&quot;:&quot;1&quot;,&quot;load_animation&quot;:&quot;none&quot;,&quot;overriding_link&quot;:&quot;{\\&quot;url\\&quot;:\\&quot;\\&quot;}&quot;,&quot;post_id&quot;:0,&quot;query_args&quot;:{&quot;post_type&quot;:[&quot;produkt&quot;],&quot;post_status&quot;:[&quot;publish&quot;],&quot;posts_per_page&quot;:&quot;10&quot;},&quot;orderby_query_args&quot;:{&quot;orderby&quot;:{&quot;date&quot;:&quot;DESC&quot;}},&quot;type&quot;:&quot;grid&quot;,&quot;us_grid_ajax_index&quot;:1,&quot;us_grid_filter_params&quot;:[],&quot;us_grid_index&quot;:1,&quot;_us_grid_post_type&quot;:&quot;produkt&quot;,&quot;page_args&quot;:[],&quot;lang&quot;:&quot;hu&quot;}}'><\/div>\r\n\t<\/div><\/div><\/div><\/div><\/div><\/div><\/div><\/div><\/div><\/div><\/section>\n","protected":false},"excerpt":{"rendered":"RAU Photovoltaik \u2013 \u00c9p\u00edt\u00e9si magass\u00e1g max. 10 m\u00e9terA meg\u00fajul\u00f3 energi\u00e1k el\u00e9rt\u00e9k az \u00f6kol\u00f3giai zajv\u00e9delmet is: Az \u00f6kol\u00f3gia \u00e9s a gazdas\u00e1goss\u00e1g tekintet\u00e9ben \u00e9llovas RAU a zaj- \u00e9s kipufog\u00f3g\u00e1z elleni v\u00e9delem ter\u00e9n ism\u00e9t \u00faj utakon j\u00e1r. RAU Photovoltaik &#8211; DownloadN\u00e9zze meg term\u00e9k\u00fcnket a gal\u00e9ri\u00e1banAz \u00f6sszes term\u00e9k","protected":false},"author":1,"featured_media":0,"parent":0,"menu_order":0,"comment_status":"closed","ping_status":"closed","template":"","meta":{"footnotes":""},"class_list":["post-748","page","type-page","status-publish","hentry"],"yoast_head":"<!-- This site is optimized with the Yoast SEO plugin v23.6 - https:\/\/yoast.com\/wordpress\/plugins\/seo\/ -->\n<title>Term\u00e9kek | L\u00e4rmschutzwand und Schallschutzwand !<\/title>\n<meta name=\"description\" content=\"Term\u00e9kek | Entwicklung und Umsetzung von L\u00e4rmschutzwand und Schallschutzwandan Stra\u00dfen, Bahnstrecken und f\u00fcr St\u00e4dte und Industrie | rau.de\" \/>\n<meta name=\"robots\" content=\"index, follow, max-snippet:-1, max-image-preview:large, max-video-preview:-1\" \/>\n<link rel=\"canonical\" href=\"https:\/\/rau.de\/hu\/termekek\/\" \/>\n<meta property=\"og:locale\" content=\"hu_HU\" \/>\n<meta property=\"og:type\" content=\"article\" \/>\n<meta property=\"og:title\" content=\"Term\u00e9kek | L\u00e4rmschutzwand und Schallschutzwand !\" \/>\n<meta property=\"og:description\" content=\"Term\u00e9kek | Entwicklung und Umsetzung von L\u00e4rmschutzwand und Schallschutzwandan Stra\u00dfen, Bahnstrecken und f\u00fcr St\u00e4dte und Industrie | rau.de\" \/>\n<meta property=\"og:url\" content=\"https:\/\/rau.de\/hu\/termekek\/\" \/>\n<meta property=\"og:site_name\" content=\"Rau | L\u00e4rmschutzw\u00e4nde\" \/>\n<meta property=\"article:modified_time\" content=\"2021-12-10T13:06:08+00:00\" \/>\n<meta property=\"og:image\" content=\"https:\/\/rau.de\/wp-content\/uploads\/rau.de-begruente-laermschutzwand-2015-08-23-sonderteile-2.jpg\" \/>\n\t<meta property=\"og:image:width\" content=\"1920\" \/>\n\t<meta property=\"og:image:height\" content=\"1146\" \/>\n\t<meta property=\"og:image:type\" content=\"image\/jpeg\" \/>\n<meta name=\"twitter:card\" content=\"summary_large_image\" \/>\n<meta name=\"twitter:label1\" content=\"Becs\u00fclt olvas\u00e1si id\u0151\" \/>\n\t<meta name=\"twitter:data1\" content=\"1 perc\" \/>\n<script type=\"application\/ld+json\" class=\"yoast-schema-graph\">{\"@context\":\"https:\/\/schema.org\",\"@graph\":[{\"@type\":\"WebPage\",\"@id\":\"https:\/\/rau.de\/hu\/termekek\/\",\"url\":\"https:\/\/rau.de\/hu\/termekek\/\",\"name\":\"Term\u00e9kek | L\u00e4rmschutzwand und Schallschutzwand !\",\"isPartOf\":{\"@id\":\"https:\/\/rau.de\/hu\/#website\"},\"datePublished\":\"2019-08-01T17:26:31+00:00\",\"dateModified\":\"2021-12-10T13:06:08+00:00\",\"description\":\"Term\u00e9kek | Entwicklung und Umsetzung von L\u00e4rmschutzwand und Schallschutzwandan Stra\u00dfen, Bahnstrecken und f\u00fcr St\u00e4dte und Industrie | rau.de\",\"breadcrumb\":{\"@id\":\"https:\/\/rau.de\/hu\/termekek\/#breadcrumb\"},\"inLanguage\":\"hu\",\"potentialAction\":[{\"@type\":\"ReadAction\",\"target\":[\"https:\/\/rau.de\/hu\/termekek\/\"]}]},{\"@type\":\"BreadcrumbList\",\"@id\":\"https:\/\/rau.de\/hu\/termekek\/#breadcrumb\",\"itemListElement\":[{\"@type\":\"ListItem\",\"position\":1,\"name\":\"Startseite\",\"item\":\"https:\/\/rau.de\/hu\/\"},{\"@type\":\"ListItem\",\"position\":2,\"name\":\"Term\u00e9kek\"}]},{\"@type\":\"WebSite\",\"@id\":\"https:\/\/rau.de\/hu\/#website\",\"url\":\"https:\/\/rau.de\/hu\/\",\"name\":\"Rau | L\u00e4rmschutzw\u00e4nde\",\"description\":\"Entwicklung und Umsetzung von L\u00e4rmschutzwand und Schallschutzwand\",\"publisher\":{\"@id\":\"https:\/\/rau.de\/hu\/#organization\"},\"potentialAction\":[{\"@type\":\"SearchAction\",\"target\":{\"@type\":\"EntryPoint\",\"urlTemplate\":\"https:\/\/rau.de\/hu\/?s={search_term_string}\"},\"query-input\":{\"@type\":\"PropertyValueSpecification\",\"valueRequired\":true,\"valueName\":\"search_term_string\"}}],\"inLanguage\":\"hu\"},{\"@type\":\"Organization\",\"@id\":\"https:\/\/rau.de\/hu\/#organization\",\"name\":\"RAU L\u00e4rmschutzw\u00e4nde \u2013 Geosystem GBK GmbH\",\"url\":\"https:\/\/rau.de\/hu\/\",\"logo\":{\"@type\":\"ImageObject\",\"inLanguage\":\"hu\",\"@id\":\"https:\/\/rau.de\/hu\/#\/schema\/logo\/image\/\",\"url\":\"https:\/\/rau.de\/wp-content\/uploads\/web_logo.png\",\"contentUrl\":\"https:\/\/rau.de\/wp-content\/uploads\/web_logo.png\",\"width\":249,\"height\":127,\"caption\":\"RAU L\u00e4rmschutzw\u00e4nde \u2013 Geosystem GBK GmbH\"},\"image\":{\"@id\":\"https:\/\/rau.de\/hu\/#\/schema\/logo\/image\/\"}}]}<\/script>\n<!-- \/ Yoast SEO plugin. -->","yoast_head_json":{"title":"Term\u00e9kek | L\u00e4rmschutzwand und Schallschutzwand !","description":"Term\u00e9kek | Entwicklung und Umsetzung von L\u00e4rmschutzwand und Schallschutzwandan Stra\u00dfen, Bahnstrecken und f\u00fcr St\u00e4dte und Industrie | rau.de","robots":{"index":"index","follow":"follow","max-snippet":"max-snippet:-1","max-image-preview":"max-image-preview:large","max-video-preview":"max-video-preview:-1"},"canonical":"https:\/\/rau.de\/hu\/termekek\/","og_locale":"hu_HU","og_type":"article","og_title":"Term\u00e9kek | L\u00e4rmschutzwand und Schallschutzwand !","og_description":"Term\u00e9kek | Entwicklung und Umsetzung von L\u00e4rmschutzwand und Schallschutzwandan Stra\u00dfen, Bahnstrecken und f\u00fcr St\u00e4dte und Industrie | rau.de","og_url":"https:\/\/rau.de\/hu\/termekek\/","og_site_name":"Rau | L\u00e4rmschutzw\u00e4nde","article_modified_time":"2021-12-10T13:06:08+00:00","og_image":[{"width":1920,"height":1146,"url":"https:\/\/rau.de\/wp-content\/uploads\/rau.de-begruente-laermschutzwand-2015-08-23-sonderteile-2.jpg","type":"image\/jpeg"}],"twitter_card":"summary_large_image","twitter_misc":{"Becs\u00fclt olvas\u00e1si id\u0151":"1 perc"},"schema":{"@context":"https:\/\/schema.org","@graph":[{"@type":"WebPage","@id":"https:\/\/rau.de\/hu\/termekek\/","url":"https:\/\/rau.de\/hu\/termekek\/","name":"Term\u00e9kek | L\u00e4rmschutzwand und Schallschutzwand !","isPartOf":{"@id":"https:\/\/rau.de\/hu\/#website"},"datePublished":"2019-08-01T17:26:31+00:00","dateModified":"2021-12-10T13:06:08+00:00","description":"Term\u00e9kek | Entwicklung und Umsetzung von L\u00e4rmschutzwand und Schallschutzwandan Stra\u00dfen, Bahnstrecken und f\u00fcr St\u00e4dte und Industrie | rau.de","breadcrumb":{"@id":"https:\/\/rau.de\/hu\/termekek\/#breadcrumb"},"inLanguage":"hu","potentialAction":[{"@type":"ReadAction","target":["https:\/\/rau.de\/hu\/termekek\/"]}]},{"@type":"BreadcrumbList","@id":"https:\/\/rau.de\/hu\/termekek\/#breadcrumb","itemListElement":[{"@type":"ListItem","position":1,"name":"Startseite","item":"https:\/\/rau.de\/hu\/"},{"@type":"ListItem","position":2,"name":"Term\u00e9kek"}]},{"@type":"WebSite","@id":"https:\/\/rau.de\/hu\/#website","url":"https:\/\/rau.de\/hu\/","name":"Rau | L\u00e4rmschutzw\u00e4nde","description":"Entwicklung und Umsetzung von L\u00e4rmschutzwand und Schallschutzwand","publisher":{"@id":"https:\/\/rau.de\/hu\/#organization"},"potentialAction":[{"@type":"SearchAction","target":{"@type":"EntryPoint","urlTemplate":"https:\/\/rau.de\/hu\/?s={search_term_string}"},"query-input":{"@type":"PropertyValueSpecification","valueRequired":true,"valueName":"search_term_string"}}],"inLanguage":"hu"},{"@type":"Organization","@id":"https:\/\/rau.de\/hu\/#organization","name":"RAU L\u00e4rmschutzw\u00e4nde \u2013 Geosystem GBK GmbH","url":"https:\/\/rau.de\/hu\/","logo":{"@type":"ImageObject","inLanguage":"hu","@id":"https:\/\/rau.de\/hu\/#\/schema\/logo\/image\/","url":"https:\/\/rau.de\/wp-content\/uploads\/web_logo.png","contentUrl":"https:\/\/rau.de\/wp-content\/uploads\/web_logo.png","width":249,"height":127,"caption":"RAU L\u00e4rmschutzw\u00e4nde \u2013 Geosystem GBK GmbH"},"image":{"@id":"https:\/\/rau.de\/hu\/#\/schema\/logo\/image\/"}}]}},"_links":{"self":[{"href":"https:\/\/rau.de\/hu\/wp-json\/wp\/v2\/pages\/748"}],"collection":[{"href":"https:\/\/rau.de\/hu\/wp-json\/wp\/v2\/pages"}],"about":[{"href":"https:\/\/rau.de\/hu\/wp-json\/wp\/v2\/types\/page"}],"author":[{"embeddable":true,"href":"https:\/\/rau.de\/hu\/wp-json\/wp\/v2\/users\/1"}],"replies":[{"embeddable":true,"href":"https:\/\/rau.de\/hu\/wp-json\/wp\/v2\/comments?post=748"}],"version-history":[{"count":6,"href":"https:\/\/rau.de\/hu\/wp-json\/wp\/v2\/pages\/748\/revisions"}],"predecessor-version":[{"id":22689,"href":"https:\/\/rau.de\/hu\/wp-json\/wp\/v2\/pages\/748\/revisions\/22689"}],"wp:attachment":[{"href":"https:\/\/rau.de\/hu\/wp-json\/wp\/v2\/media?parent=748"}],"curies":[{"name":"wp","href":"https:\/\/api.w.org\/{rel}","templated":true}]}}