{"id":9558,"date":"2020-08-25T14:39:23","date_gmt":"2020-08-25T12:39:23","guid":{"rendered":"https:\/\/rau.de\/?page_id=9558"},"modified":"2021-10-25T14:35:40","modified_gmt":"2021-10-25T12:35:40","slug":"murs-antibruit","status":"publish","type":"page","link":"https:\/\/rau.de\/fr\/murs-antibruit\/","title":{"rendered":"Murs antibruit"},"content":{"rendered":"<section class=\"l-section wpb_row height_medium full_height valign_center with_img parallax_fixed\" id=\"kontakt\"><div class=\"l-section-img\" role=\"img\" data-img-width=\"2000\" data-img-height=\"1122\" style=\"background-image: url(https:\/\/rau.de\/wp-content\/uploads\/bg.jpg);\"><\/div><div class=\"l-section-h i-cf\"><div class=\"g-cols vc_row via_flex valign_top type_default stacking_default\"><div class=\"vc_col-sm-12 wpb_column vc_column_container\"><div class=\"vc_column-inner\"><div class=\"wpb_wrapper\"><div class=\"g-cols wpb_row content_top via_flex valign_top type_default stacking_default\"><div class=\"vc_col-sm-12 wpb_column vc_column_container\"><div class=\"vc_column-inner\"><div class=\"wpb_wrapper\"><h1 class=\"w-post-elm post_title entry-title color_link_inherit\">Murs antibruit<\/h1><\/div><\/div><\/div><\/div><div class=\"g-cols wpb_row us_custom_4fb9e5a3 content_text via_flex valign_top type_default stacking_default\"><div class=\"vc_col-sm-12 wpb_column vc_column_container\"><div class=\"vc_column-inner\"><div class=\"wpb_wrapper\"><div class=\"wpb_text_column\"><div class=\"wpb_wrapper\"><h2>Murs antibruit v\u00e9g\u00e9talis\u00e9s: \u00e9cologiques, durables et faciles d&rsquo;entretien<\/h2>\n<p>Les murs antibruit v\u00e9g\u00e9talis\u00e9s ont plusieurs atouts : ils ne sont pas uniquement \u00e9cologiques et durables, mais s&rsquo;inscrivent harmonieusement dans le paysage. Si les murs en b\u00e9ton sont nus et peu esth\u00e9tiques, les \u00e9crans verts qui jalonnent les routes prot\u00e8gent du bruit et des sons tout en s&rsquo;int\u00e9grant naturellement dans l&rsquo;environnement.<\/p>\n<p>Les zones r\u00e9sidentielles et les espaces naturels situ\u00e9s le long d&rsquo;une nationale ou d&rsquo;une autoroute sont g\u00e9n\u00e9ralement expos\u00e9s \u00e0 des niveaux sonores \u00e9lev\u00e9s. Des enqu\u00eates r\u00e9alis\u00e9es par l&rsquo;Agence f\u00e9d\u00e9rale de l&rsquo;environnement montrent que de nombreux citoyens sont g\u00ean\u00e9s et perturb\u00e9s par l&rsquo;exposition constante au bruit des moteurs et de la circulation. Les murs antibruit implant\u00e9s sur les autoroutes et les nationales am\u00e9liorent sensiblement la qualit\u00e9 de vie des habitants, mais aussi de la faune environnante.<\/p>\n<h2>Pourquoi construire des \u00e9crans verts RAU sur les routes et les autoroutes ?<\/h2>\n<p>Diverses mesures structurelles, telles que l&rsquo;asphalte antibruit ou les merlons, peuvent r\u00e9duire durablement les nuisances aux points les plus critiques. Mais par leurs caract\u00e9ristiques, les \u00e9crans verts offrent des avantages sp\u00e9cifiques : ils sont durables et \u00e9cologiques, car ils offrent \u00e0 la faune locale des abris et des cavit\u00e9s de nidification o\u00f9 elle ne sera pas perturb\u00e9e.<\/p>\n<p>Chaque construction antibruit r\u00e9pond \u00e0 des exigences particuli\u00e8res en termes de sol, de trac\u00e9 routier et d&rsquo;espace disponible. Notre grande exp\u00e9rience associ\u00e9e au syst\u00e8me flexible que nous proposons nous permettent de r\u00e9pondre parfaitement \u00e0 toutes les situations en adaptant nos projets d&rsquo;insonorisation. Les mat\u00e9riaux choisis offrent \u00e9galement de nombreux avantages :<\/p>\n<p>&gt; \u00c9l\u00e9ments modulaires pour la mise en \u0153uvre de projets de toutes tailles dans des d\u00e9lais courts<\/p>\n<p>&gt; Construction \u00e9cologique ax\u00e9e sur la durabilit\u00e9 et la protection de l&rsquo;environnement<\/p>\n<p>&gt; Construction robuste avec des mat\u00e9riaux durables<\/p>\n<p>&gt; Plusieurs mod\u00e8les s&rsquo;adaptant au mieux aux conditions locales<\/p>\n<p>&gt; V\u00e9g\u00e9talisation sur mesure selon vos besoins<\/p>\n<p>&gt; Qualit\u00e9 garantie de tous les mat\u00e9riaux utilis\u00e9s<\/p>\n<p>Pour votre projet, nos ing\u00e9nieurs \u00e9tudient tout de pr\u00e8s : place, localisation, circulation pi\u00e9tonne et hauteur de mur. Nous pouvons aussi vous aider pour vos appels d&rsquo;offres, plans et expertises antibruit. Quel que soit le syst\u00e8me de protection contre le bruit que vous choisissez, nous mettons \u00e0 votre service notre exp\u00e9rience, notre savoir-faire et notre ma\u00eetrise de la fluidit\u00e9 de r\u00e9alisation.<\/p>\n<h2>En quoi consistent les \u00e9crans verts pour voirie ?<\/h2>\n<p>Les murs antibruit RAU pour voirie allient \u00e9cologie, technicit\u00e9 et esth\u00e9tique. \u00c0 partir de divers mat\u00e9riaux de base, nos architectes con\u00e7oivent des murs antibruit pour tous les besoins \u2013 mais toujours durables et v\u00e9g\u00e9talis\u00e9s.<\/p>\n<p>\u00c0 proximit\u00e9 des voies ferr\u00e9es, autoroutes et nationales, c&rsquo;est \u00e9videmment le bruit de la circulation qui est le plus g\u00eanant, en particulier quand ces axes traversent des zones r\u00e9sidentielles ou des sites naturels prot\u00e9g\u00e9s. Les murs antibruit RAU, \u00e0 la fois modernes et \u00e9cologiques, assurent une protection efficace contre le bruit et les sons tout en s&rsquo;adaptant \u00e0 l&rsquo;environnement et en marquant visuellement l&rsquo;espace gr\u00e2ce \u00e0 la v\u00e9g\u00e9talisation.<\/p>\n<p>Tous les syst\u00e8mes insonorisants RAU sont 100 % \u00e9cologiques : les v\u00e9g\u00e9taux r\u00e9duisent les poussi\u00e8res fines et sont tr\u00e8s absorbants pour le bruit \u2013 des deux c\u00f4t\u00e9s de l&rsquo;\u00e9cran. Les murs antibruit v\u00e9g\u00e9talis\u00e9s pour voirie sont quasiment sans entretien. Tous les syst\u00e8mes d&rsquo;insonorisation sont modulaires, \u00e9conomiques et durables et se combinent ais\u00e9ment. Les mat\u00e9riaux anti-UV offrent une r\u00e9sistance \u00e9lev\u00e9e \u00e0 la corrosion.<\/p>\n<h2>Quelles possibilit\u00e9s proposez-vous en termes d&rsquo;insonorisation v\u00e9g\u00e9talis\u00e9e pour voirie\u00a0?<\/h2>\n<p>RAU vous propose une vaste gamme de murs antibruit pour voirie, disponibles en plusieurs dimensions et avec diff\u00e9rentes fonctionnalit\u00e9s. Nous personnalisons notre offre pour r\u00e9pondre \u00e0 vos besoins et aux contraintes de l&rsquo;environnement.<\/p>\n<h4><a href=\"https:\/\/rau.de\/fr\/produkt\/rau-r3-mur-antibruit-extensif-hauteur-de-construction-jusqua-12-metres\/\">Mur antibruit extensif RAU R3 : le mod\u00e8le polyvalent simple, rapide \u00e0 poser et stable<\/a><\/h4>\n<p>Les murs antibruit extensifs RAU R3 sont simples et rapides \u00e0 poser et peuvent atteindre jusqu&rsquo;\u00e0 12 m\u00e8tres de hauteur. De forme trap\u00e9zo\u00efdale, ils sont destin\u00e9s aux routes, autoroutes et voies ferr\u00e9es et sont constitu\u00e9s d&rsquo;un solide panier en acier compos\u00e9 d&rsquo;un profil porteur, de barres verticales et de nattes de recouvrement ext\u00e9rieures. Gr\u00e2ce \u00e0 son syst\u00e8me de montage modulaire, le panier en acier du mod\u00e8le R3 est tr\u00e8s facile \u00e0 assembler. Les faces ext\u00e9rieures du mur sont pourvues d&rsquo;un treillis sur lequel les plantes grimpantes peuvent s&rsquo;accrocher. Tous les mat\u00e9riaux compactables et \u00e9pandables comme le sable, le gravier ou les mat\u00e9riaux de recyclage peuvent \u00eatre utilis\u00e9s pour le remplissage du R3.<\/p>\n<p>Les fondations sont constitu\u00e9es d&rsquo;une simple sous-couche de protection compos\u00e9e de gravier. Les courbes, diff\u00e9rences de niveau ou irr\u00e9gularit\u00e9s du sol ne posent pas de probl\u00e8me. En fonction de l&rsquo;espace disponible, les dimensions du mur antibruit pour voirie peuvent facilement \u00eatre modifi\u00e9es \u00e0 moindres frais (largeur de la couronne comprise entre 60 et 80 cm).<\/p>\n<p>Ce mur antibruit pour voirie est tr\u00e8s absorbant et permet aux zones r\u00e9sidentielles ou espaces naturels qu&rsquo;il prot\u00e8ge de rester au calme. Nos architectes tiennent compte des contraintes locales pour int\u00e9grer le mur antibruit dans l&rsquo;environnement.<\/p>\n<p><em>Tous les avantages du RAU R3 en bref :<\/em><\/p>\n<p>&gt;Offre les niveaux d&rsquo;isolation phonique les plus \u00e9lev\u00e9s entre 55 dB et 68 dB<\/p>\n<p>&gt;Meilleure protection contre le bruit du trafic gr\u00e2ce \u00e0 une densit\u00e9 d&rsquo;au moins 800 kg\/m<sup>2<\/sup><\/p>\n<p>&gt;Dur\u00e9e de vie extr\u00eamement longue d\u00e9montr\u00e9e pour tous les composants<\/p>\n<p>&gt;Meilleur rapport qualit\u00e9-prix du march\u00e9<\/p>\n<p>&gt;Durable et n\u00e9anmoins \u00e9conomique<\/p>\n<h4><a href=\"https:\/\/rau.de\/fr\/produkt\/rau-alpin-hauteur-de-construction-jusqua-10-metres\/\">En pierre naturelle : RAU ALPIN, un mur antibruit efficace<\/a><\/h4>\n<p>Comme le mod\u00e8le RAU R3, le RAU Alpin pour voirie renferme un panier en acier. Dot\u00e9 d&rsquo;un socle en b\u00e9ton sur une couche support en mat\u00e9riau de recyclage, il assure un soutien solide et stable et peut atteindre jusqu&rsquo;\u00e0 douze m\u00e8tres de hauteur. Pour une protection acoustique optimale, le noyau monolithique de la structure m\u00e9tallique est constitu\u00e9 de sable.<\/p>\n<p>Sur demande, le panier en acier peut \u00eatre rempli de granit, gravier ou pierres de lave, au choix. La couleur des pierres peut \u00eatre choisie pour une int\u00e9gration harmonieuse du mur antibruit \u00e0 l&rsquo;environnement. Pour renforcer l&rsquo;aspect naturel de la pierre, le treillis peut \u00eatre garni de plantes grimpantes.<\/p>\n<p>La structure stabilisante et le noyau monolithique en sable du mod\u00e8le Alpin r\u00e9duisent le bruit de mani\u00e8re optimale. Nos architectes, ici aussi, adapteront les plans du mur antibruit en fonction des contraintes locales.<\/p>\n<p><em>Les avantages du RAU Alpin en bref :<\/em><\/p>\n<p>&gt;R\u00e9duction maximum du niveau sonore<\/p>\n<p>&gt;Facilement v\u00e9g\u00e9talisable<\/p>\n<p>&gt;Gabion en pierre naturelle esth\u00e9tique<\/p>\n<p>&gt;Noyau de sable monolithique, sans aucun joint<\/p>\n<p>&gt;Peut \u00eatre associ\u00e9 facilement \u00e0 d&rsquo;autres murs antibruit RAU pour voirie<\/p>\n<h4><a href=\"https:\/\/rau.de\/fr\/produkt\/mur-antibruit-rau-rock-extensif-hauteur-de-construction-jusqua-10-metres\/\">Rapide \u00e0 monter, de faible \u00e9paisseur, vert : mur antibruit RAU Rock extensif<\/a><\/h4>\n<p>Pratique et install\u00e9 en un temps record, le RAU Rock extensif est con\u00e7u pour prot\u00e9ger les zones d&rsquo;habitation des bruits de moteurs et de circulation des routes tr\u00e8s fr\u00e9quent\u00e9es. L\u00e0 o\u00f9 les maisons se trouvent quasiment en bord de nationale, il n&rsquo;y a g\u00e9n\u00e9ralement pas de place pour un mur antibruit. C&rsquo;est pourquoi nous vous proposons ce syst\u00e8me pratique et \u00e9cologique d&rsquo;une tr\u00e8s faible \u00e9paisseur de 130 mm seulement. Les \u00e9l\u00e9ments sont amen\u00e9s sur le lieu de mise en \u0153uvre pr\u00e9mont\u00e9s et rapidement assembl\u00e9s gr\u00e2ce \u00e0 un syst\u00e8me de fixation sp\u00e9cial. Il suffit de r\u00e9aliser au pr\u00e9alable les fondations pour le socle.<\/p>\n<p>De l&rsquo;ext\u00e9rieur, il est difficile de distinguer le RAU Rock de panneaux plus \u00e9pais. Tout comme les autres murs antibruit de notre gamme, des plantes grimpantes peuvent \u00eatre install\u00e9es sur le treillis ext\u00e9rieur pour colorer le mur antibruit d&rsquo;un vert intense.<\/p>\n<p>Pour une protection acoustique optimale, nos architectes v\u00e9rifient \u00e0 l&rsquo;avance si une combinaison avec d&rsquo;autres syst\u00e8mes antibruit peut s&rsquo;av\u00e9rer utile.<\/p>\n<h4><a href=\"https:\/\/rau.de\/fr\/produkt\/rau-photovoltaique-hauteur-de-construction-jusqua-10-metres\/\">Innovation dans la lutte contre le bruit\u00a0: RAU photovolta\u00efque offre un double avantage<\/a><\/h4>\n<p>Fid\u00e8le \u00e0 sa r\u00e9putation de pr\u00e9curseur en mati\u00e8re d\u2019\u00e9cologie et de rentabilit\u00e9, RAU sort encore une fois des sentiers battus. Soucieux d&rsquo;allier \u00e9nergies renouvelables et protection acoustique \u00e9cologique, nous avons imagin\u00e9 le RAU photovolta\u00efque.<\/p>\n<p>C&rsquo;est ainsi qu&rsquo;avec nos partenaires de l&rsquo;industrie solaire, nous avons pu mettre en \u0153uvre une id\u00e9e r\u00e9volutionnaire : utiliser les surfaces des murs antibruit pour produire de l&rsquo;\u00e9lectricit\u00e9\u00a0! C&rsquo;est ainsi que le premier mur antibruit vert dot\u00e9 de la technologie photovolta\u00efque au monde a vu le jour en Bavi\u00e8re, construit par RAU. Cela fait 10 ans d\u00e9j\u00e0 que cet ouvrage produit de l&rsquo;\u00e9lectricit\u00e9 et de l&rsquo;oxyg\u00e8ne tout en retenant les particules fines et le CO2.<\/p>\n<p>La structure de base reprend la construction \u00e9prouv\u00e9e du RAU R3, modifi\u00e9e pour recevoir l&rsquo;installation photovolta\u00efque.<\/p>\n<h2>Soyez finaud \u2013 choisissez RAU\u00a0!<\/h2>\n<p>Aujourd&rsquo;hui, un mur antibruit doit aller plus loin que sa fonction initiale. La protection contre les nuisances sonores fait d\u00e9sormais partie de tous les projets de construction, qu&rsquo;il s&rsquo;agisse d&rsquo;habitations ou de voirie. Les murs antibruit des autoroutes et des nationales morcellent le paysage, restreignent le panorama et cr\u00e9ent des barri\u00e8res. Les murs antibruit v\u00e9g\u00e9talis\u00e9s, eux, pr\u00e9sentent l&rsquo;avantage de cr\u00e9er une barri\u00e8re contre le bruit \u00e0 l&rsquo;aspect naturel. Ils nous rendent notre tranquillit\u00e9 dans une ambiance verdoyante et ce, de fa\u00e7on totalement \u00e9cologique.<\/p>\n<p>Nous mettons notre comp\u00e9tence et notre exp\u00e9rience en mati\u00e8re de murs antibruit v\u00e9g\u00e9talis\u00e9s pour voirie sur tout le territoire. Nous vous conseillons, planifions le projet et assurons une mise en \u0153uvre efficace selon vos souhaits.<\/p>\n<\/div><\/div><\/div><\/div><\/div><\/div><div class=\"g-cols wpb_row us_custom_4fb9e5a3 content_text via_flex valign_top type_default stacking_default\"><div class=\"vc_col-sm-4 wpb_column vc_column_container\"><div class=\"vc_column-inner\"><div class=\"wpb_wrapper\"><div class=\"w-image align_none\"><div class=\"w-image-h\"><img loading=\"lazy\" decoding=\"async\" width=\"1024\" height=\"684\" src=\"https:\/\/rau.de\/wp-content\/uploads\/rau-rock-extensiv-entlang-einer-autobahn-1-1024x684.jpg\" class=\"attachment-large size-large\" alt=\"L\u00e4rmschutz\" srcset=\"https:\/\/rau.de\/wp-content\/uploads\/rau-rock-extensiv-entlang-einer-autobahn-1-1024x684.jpg 1024w, https:\/\/rau.de\/wp-content\/uploads\/rau-rock-extensiv-entlang-einer-autobahn-1-300x200.jpg 300w, https:\/\/rau.de\/wp-content\/uploads\/rau-rock-extensiv-entlang-einer-autobahn-1.jpg 1200w\" sizes=\"auto, (max-width: 1024px) 100vw, 1024px\" \/><\/div><\/div><div class=\"w-separator size_medium\"><\/div><div class=\"w-btn-wrapper align_none\"><a class=\"w-btn us-btn-style_1\" title=\"Produkte\" href=\"https:\/\/rau.de\/fr\/produits\/\"><span class=\"w-btn-label\">Tous les produits<\/span><\/a><\/div><\/div><\/div><\/div><div class=\"vc_col-sm-4 wpb_column vc_column_container\"><div class=\"vc_column-inner\"><div class=\"wpb_wrapper\"><div class=\"w-image align_none\"><div class=\"w-image-h\"><img loading=\"lazy\" decoding=\"async\" width=\"1024\" height=\"683\" src=\"https:\/\/rau.de\/wp-content\/uploads\/rau-rock-extensiv-entlang-einer-autobahn-2-1-1024x683.jpg\" class=\"attachment-large size-large\" alt=\"L\u00e4rmschutz vor Autobahnl\u00e4rm\" srcset=\"https:\/\/rau.de\/wp-content\/uploads\/rau-rock-extensiv-entlang-einer-autobahn-2-1-1024x683.jpg 1024w, https:\/\/rau.de\/wp-content\/uploads\/rau-rock-extensiv-entlang-einer-autobahn-2-1-300x200.jpg 300w, https:\/\/rau.de\/wp-content\/uploads\/rau-rock-extensiv-entlang-einer-autobahn-2-1.jpg 1200w\" sizes=\"auto, (max-width: 1024px) 100vw, 1024px\" \/><\/div><\/div><\/div><\/div><\/div><div class=\"vc_col-sm-4 wpb_column vc_column_container\"><div class=\"vc_column-inner\"><div class=\"wpb_wrapper\"><div class=\"w-image align_none\"><div class=\"w-image-h\"><img loading=\"lazy\" decoding=\"async\" width=\"1024\" height=\"683\" src=\"https:\/\/rau.de\/wp-content\/uploads\/20190617_122736-1-1024x683.jpg\" class=\"attachment-large size-large\" alt=\"L\u00e4rmschutz an\" srcset=\"https:\/\/rau.de\/wp-content\/uploads\/20190617_122736-1-1024x683.jpg 1024w, https:\/\/rau.de\/wp-content\/uploads\/20190617_122736-1-300x200.jpg 300w\" sizes=\"auto, (max-width: 1024px) 100vw, 1024px\" \/><\/div><\/div><\/div><\/div><\/div><\/div><\/div><\/div><\/div><\/div><\/div><\/section>\n","protected":false},"excerpt":{"rendered":"Murs antibruitMurs antibruit v\u00e9g\u00e9talis\u00e9s: \u00e9cologiques, durables et faciles d&rsquo;entretien Les murs antibruit v\u00e9g\u00e9talis\u00e9s ont plusieurs atouts : ils ne sont pas uniquement \u00e9cologiques et durables, mais s&rsquo;inscrivent harmonieusement dans le paysage. Si les murs en b\u00e9ton sont nus et peu esth\u00e9tiques, les \u00e9crans verts qui jalonnent les routes prot\u00e8gent du bruit et des sons tout...","protected":false},"author":2,"featured_media":21328,"parent":0,"menu_order":0,"comment_status":"closed","ping_status":"closed","template":"","meta":{"footnotes":""},"class_list":["post-9558","page","type-page","status-publish","has-post-thumbnail","hentry"],"yoast_head":"<!-- This site is optimized with the Yoast SEO plugin v27.4 - https:\/\/yoast.com\/product\/yoast-seo-wordpress\/ -->\n<title>Murs antibruit v\u00e9g\u00e9talis\u00e9s: \u00e9cologiques, durables et faciles d\u2019entretien ! \ud83c\udf0d<\/title>\n<meta name=\"description\" content=\"En quoi consistent les \u00e9crans verts pour voirie? Les murs antibruit RAU pour voirie allient \u00e9cologie, technicit\u00e9 et esth\u00e9tique. \ud83d\udd07\ud83c\udf43\" \/>\n<meta name=\"robots\" content=\"index, follow, max-snippet:-1, max-image-preview:large, max-video-preview:-1\" \/>\n<link rel=\"canonical\" href=\"https:\/\/rau.de\/fr\/murs-antibruit\/\" \/>\n<meta property=\"og:locale\" content=\"fr_FR\" \/>\n<meta property=\"og:type\" content=\"article\" \/>\n<meta property=\"og:title\" content=\"Murs antibruit v\u00e9g\u00e9talis\u00e9s: \u00e9cologiques, durables et faciles d\u2019entretien ! \ud83c\udf0d\" \/>\n<meta property=\"og:description\" content=\"En quoi consistent les \u00e9crans verts pour voirie? Les murs antibruit RAU pour voirie allient \u00e9cologie, technicit\u00e9 et esth\u00e9tique. \ud83d\udd07\ud83c\udf43\" \/>\n<meta property=\"og:url\" content=\"https:\/\/rau.de\/fr\/murs-antibruit\/\" \/>\n<meta property=\"og:site_name\" content=\"Rau | L\u00e4rmschutzw\u00e4nde\" \/>\n<meta property=\"article:modified_time\" content=\"2021-10-25T12:35:40+00:00\" \/>\n<meta property=\"og:image\" content=\"https:\/\/rau.de\/wp-content\/uploads\/imageonline-co-flipped.png\" \/>\n\t<meta property=\"og:image:width\" content=\"4032\" \/>\n\t<meta property=\"og:image:height\" content=\"3024\" \/>\n\t<meta property=\"og:image:type\" content=\"image\/png\" \/>\n<meta name=\"twitter:card\" content=\"summary_large_image\" \/>\n<meta name=\"twitter:label1\" content=\"Dur\u00e9e de lecture estim\u00e9e\" \/>\n\t<meta name=\"twitter:data1\" content=\"9 minutes\" \/>\n<script type=\"application\/ld+json\" class=\"yoast-schema-graph\">{\"@context\":\"https:\\\/\\\/schema.org\",\"@graph\":[{\"@type\":\"WebPage\",\"@id\":\"https:\\\/\\\/rau.de\\\/fr\\\/murs-antibruit\\\/\",\"url\":\"https:\\\/\\\/rau.de\\\/fr\\\/murs-antibruit\\\/\",\"name\":\"Murs antibruit v\u00e9g\u00e9talis\u00e9s: \u00e9cologiques, durables et faciles d\u2019entretien ! \ud83c\udf0d\",\"isPartOf\":{\"@id\":\"https:\\\/\\\/rau.de\\\/fr\\\/#website\"},\"primaryImageOfPage\":{\"@id\":\"https:\\\/\\\/rau.de\\\/fr\\\/murs-antibruit\\\/#primaryimage\"},\"image\":{\"@id\":\"https:\\\/\\\/rau.de\\\/fr\\\/murs-antibruit\\\/#primaryimage\"},\"thumbnailUrl\":\"https:\\\/\\\/rau.de\\\/wp-content\\\/uploads\\\/imageonline-co-flipped.png\",\"datePublished\":\"2020-08-25T12:39:23+00:00\",\"dateModified\":\"2021-10-25T12:35:40+00:00\",\"description\":\"En quoi consistent les \u00e9crans verts pour voirie? Les murs antibruit RAU pour voirie allient \u00e9cologie, technicit\u00e9 et esth\u00e9tique. \ud83d\udd07\ud83c\udf43\",\"breadcrumb\":{\"@id\":\"https:\\\/\\\/rau.de\\\/fr\\\/murs-antibruit\\\/#breadcrumb\"},\"inLanguage\":\"fr-FR\",\"potentialAction\":[{\"@type\":\"ReadAction\",\"target\":[\"https:\\\/\\\/rau.de\\\/fr\\\/murs-antibruit\\\/\"]}]},{\"@type\":\"ImageObject\",\"inLanguage\":\"fr-FR\",\"@id\":\"https:\\\/\\\/rau.de\\\/fr\\\/murs-antibruit\\\/#primaryimage\",\"url\":\"https:\\\/\\\/rau.de\\\/wp-content\\\/uploads\\\/imageonline-co-flipped.png\",\"contentUrl\":\"https:\\\/\\\/rau.de\\\/wp-content\\\/uploads\\\/imageonline-co-flipped.png\",\"width\":4032,\"height\":3024},{\"@type\":\"BreadcrumbList\",\"@id\":\"https:\\\/\\\/rau.de\\\/fr\\\/murs-antibruit\\\/#breadcrumb\",\"itemListElement\":[{\"@type\":\"ListItem\",\"position\":1,\"name\":\"Startseite\",\"item\":\"https:\\\/\\\/rau.de\\\/fr\\\/\"},{\"@type\":\"ListItem\",\"position\":2,\"name\":\"Murs antibruit\"}]},{\"@type\":\"WebSite\",\"@id\":\"https:\\\/\\\/rau.de\\\/fr\\\/#website\",\"url\":\"https:\\\/\\\/rau.de\\\/fr\\\/\",\"name\":\"Rau | L\u00e4rmschutzw\u00e4nde\",\"description\":\"Entwicklung und Umsetzung von L\u00e4rmschutzwand und Schallschutzwand\",\"publisher\":{\"@id\":\"https:\\\/\\\/rau.de\\\/fr\\\/#organization\"},\"potentialAction\":[{\"@type\":\"SearchAction\",\"target\":{\"@type\":\"EntryPoint\",\"urlTemplate\":\"https:\\\/\\\/rau.de\\\/fr\\\/?s={search_term_string}\"},\"query-input\":{\"@type\":\"PropertyValueSpecification\",\"valueRequired\":true,\"valueName\":\"search_term_string\"}}],\"inLanguage\":\"fr-FR\"},{\"@type\":\"Organization\",\"@id\":\"https:\\\/\\\/rau.de\\\/fr\\\/#organization\",\"name\":\"RAU L\u00e4rmschutzw\u00e4nde \u2013 Geosystem GBK GmbH\",\"url\":\"https:\\\/\\\/rau.de\\\/fr\\\/\",\"logo\":{\"@type\":\"ImageObject\",\"inLanguage\":\"fr-FR\",\"@id\":\"https:\\\/\\\/rau.de\\\/fr\\\/#\\\/schema\\\/logo\\\/image\\\/\",\"url\":\"https:\\\/\\\/rau.de\\\/wp-content\\\/uploads\\\/web_logo.png\",\"contentUrl\":\"https:\\\/\\\/rau.de\\\/wp-content\\\/uploads\\\/web_logo.png\",\"width\":249,\"height\":127,\"caption\":\"RAU L\u00e4rmschutzw\u00e4nde \u2013 Geosystem GBK GmbH\"},\"image\":{\"@id\":\"https:\\\/\\\/rau.de\\\/fr\\\/#\\\/schema\\\/logo\\\/image\\\/\"}}]}<\/script>\n<!-- \/ Yoast SEO plugin. -->","yoast_head_json":{"title":"Murs antibruit v\u00e9g\u00e9talis\u00e9s: \u00e9cologiques, durables et faciles d\u2019entretien ! \ud83c\udf0d","description":"En quoi consistent les \u00e9crans verts pour voirie? Les murs antibruit RAU pour voirie allient \u00e9cologie, technicit\u00e9 et esth\u00e9tique. \ud83d\udd07\ud83c\udf43","robots":{"index":"index","follow":"follow","max-snippet":"max-snippet:-1","max-image-preview":"max-image-preview:large","max-video-preview":"max-video-preview:-1"},"canonical":"https:\/\/rau.de\/fr\/murs-antibruit\/","og_locale":"fr_FR","og_type":"article","og_title":"Murs antibruit v\u00e9g\u00e9talis\u00e9s: \u00e9cologiques, durables et faciles d\u2019entretien ! \ud83c\udf0d","og_description":"En quoi consistent les \u00e9crans verts pour voirie? Les murs antibruit RAU pour voirie allient \u00e9cologie, technicit\u00e9 et esth\u00e9tique. \ud83d\udd07\ud83c\udf43","og_url":"https:\/\/rau.de\/fr\/murs-antibruit\/","og_site_name":"Rau | L\u00e4rmschutzw\u00e4nde","article_modified_time":"2021-10-25T12:35:40+00:00","og_image":[{"width":4032,"height":3024,"url":"https:\/\/rau.de\/wp-content\/uploads\/imageonline-co-flipped.png","type":"image\/png"}],"twitter_card":"summary_large_image","twitter_misc":{"Dur\u00e9e de lecture estim\u00e9e":"9 minutes"},"schema":{"@context":"https:\/\/schema.org","@graph":[{"@type":"WebPage","@id":"https:\/\/rau.de\/fr\/murs-antibruit\/","url":"https:\/\/rau.de\/fr\/murs-antibruit\/","name":"Murs antibruit v\u00e9g\u00e9talis\u00e9s: \u00e9cologiques, durables et faciles d\u2019entretien ! \ud83c\udf0d","isPartOf":{"@id":"https:\/\/rau.de\/fr\/#website"},"primaryImageOfPage":{"@id":"https:\/\/rau.de\/fr\/murs-antibruit\/#primaryimage"},"image":{"@id":"https:\/\/rau.de\/fr\/murs-antibruit\/#primaryimage"},"thumbnailUrl":"https:\/\/rau.de\/wp-content\/uploads\/imageonline-co-flipped.png","datePublished":"2020-08-25T12:39:23+00:00","dateModified":"2021-10-25T12:35:40+00:00","description":"En quoi consistent les \u00e9crans verts pour voirie? Les murs antibruit RAU pour voirie allient \u00e9cologie, technicit\u00e9 et esth\u00e9tique. \ud83d\udd07\ud83c\udf43","breadcrumb":{"@id":"https:\/\/rau.de\/fr\/murs-antibruit\/#breadcrumb"},"inLanguage":"fr-FR","potentialAction":[{"@type":"ReadAction","target":["https:\/\/rau.de\/fr\/murs-antibruit\/"]}]},{"@type":"ImageObject","inLanguage":"fr-FR","@id":"https:\/\/rau.de\/fr\/murs-antibruit\/#primaryimage","url":"https:\/\/rau.de\/wp-content\/uploads\/imageonline-co-flipped.png","contentUrl":"https:\/\/rau.de\/wp-content\/uploads\/imageonline-co-flipped.png","width":4032,"height":3024},{"@type":"BreadcrumbList","@id":"https:\/\/rau.de\/fr\/murs-antibruit\/#breadcrumb","itemListElement":[{"@type":"ListItem","position":1,"name":"Startseite","item":"https:\/\/rau.de\/fr\/"},{"@type":"ListItem","position":2,"name":"Murs antibruit"}]},{"@type":"WebSite","@id":"https:\/\/rau.de\/fr\/#website","url":"https:\/\/rau.de\/fr\/","name":"Rau | L\u00e4rmschutzw\u00e4nde","description":"Entwicklung und Umsetzung von L\u00e4rmschutzwand und Schallschutzwand","publisher":{"@id":"https:\/\/rau.de\/fr\/#organization"},"potentialAction":[{"@type":"SearchAction","target":{"@type":"EntryPoint","urlTemplate":"https:\/\/rau.de\/fr\/?s={search_term_string}"},"query-input":{"@type":"PropertyValueSpecification","valueRequired":true,"valueName":"search_term_string"}}],"inLanguage":"fr-FR"},{"@type":"Organization","@id":"https:\/\/rau.de\/fr\/#organization","name":"RAU L\u00e4rmschutzw\u00e4nde \u2013 Geosystem GBK GmbH","url":"https:\/\/rau.de\/fr\/","logo":{"@type":"ImageObject","inLanguage":"fr-FR","@id":"https:\/\/rau.de\/fr\/#\/schema\/logo\/image\/","url":"https:\/\/rau.de\/wp-content\/uploads\/web_logo.png","contentUrl":"https:\/\/rau.de\/wp-content\/uploads\/web_logo.png","width":249,"height":127,"caption":"RAU L\u00e4rmschutzw\u00e4nde \u2013 Geosystem GBK GmbH"},"image":{"@id":"https:\/\/rau.de\/fr\/#\/schema\/logo\/image\/"}}]}},"_links":{"self":[{"href":"https:\/\/rau.de\/fr\/wp-json\/wp\/v2\/pages\/9558","targetHints":{"allow":["GET"]}}],"collection":[{"href":"https:\/\/rau.de\/fr\/wp-json\/wp\/v2\/pages"}],"about":[{"href":"https:\/\/rau.de\/fr\/wp-json\/wp\/v2\/types\/page"}],"author":[{"embeddable":true,"href":"https:\/\/rau.de\/fr\/wp-json\/wp\/v2\/users\/2"}],"replies":[{"embeddable":true,"href":"https:\/\/rau.de\/fr\/wp-json\/wp\/v2\/comments?post=9558"}],"version-history":[{"count":2,"href":"https:\/\/rau.de\/fr\/wp-json\/wp\/v2\/pages\/9558\/revisions"}],"predecessor-version":[{"id":9988,"href":"https:\/\/rau.de\/fr\/wp-json\/wp\/v2\/pages\/9558\/revisions\/9988"}],"wp:featuredmedia":[{"embeddable":true,"href":"https:\/\/rau.de\/fr\/wp-json\/wp\/v2\/media\/21328"}],"wp:attachment":[{"href":"https:\/\/rau.de\/fr\/wp-json\/wp\/v2\/media?parent=9558"}],"curies":[{"name":"wp","href":"https:\/\/api.w.org\/{rel}","templated":true}]}}