{"id":9556,"date":"2020-08-25T14:30:43","date_gmt":"2020-08-25T12:30:43","guid":{"rendered":"https:\/\/rau.de\/?page_id=9556"},"modified":"2021-10-21T14:19:00","modified_gmt":"2021-10-21T12:19:00","slug":"vihreae-melusuoja","status":"publish","type":"page","link":"https:\/\/rau.de\/fi\/vihreae-melusuoja\/","title":{"rendered":"Vihre\u00e4 melusuoja"},"content":{"rendered":"<section class=\"l-section wpb_row height_medium full_height valign_center with_img parallax_fixed\" id=\"kontakt\"><div class=\"l-section-img\" role=\"img\" data-img-width=\"2000\" data-img-height=\"1122\" style=\"background-image: url(https:\/\/rau.de\/wp-content\/uploads\/bg.jpg);\"><\/div><div class=\"l-section-h i-cf\"><div class=\"g-cols vc_row via_flex valign_top type_default stacking_default\"><div class=\"vc_col-sm-12 wpb_column vc_column_container\"><div class=\"vc_column-inner\"><div class=\"wpb_wrapper\"><div class=\"g-cols wpb_row content_top via_flex valign_top type_default stacking_default\"><div class=\"vc_col-sm-12 wpb_column vc_column_container\"><div class=\"vc_column-inner\"><div class=\"wpb_wrapper\"><h1 class=\"w-post-elm post_title entry-title color_link_inherit\">Vihre\u00e4 melusuoja<\/h1><\/div><\/div><\/div><\/div><div class=\"g-cols wpb_row us_custom_4fb9e5a3 content_text via_flex valign_top type_default stacking_default\"><div class=\"vc_col-sm-12 wpb_column vc_column_container\"><div class=\"vc_column-inner\"><div class=\"wpb_wrapper\"><div class=\"wpb_text_column\"><div class=\"wpb_wrapper\"><h2>Katujen vihre\u00e4 melusuoja: ekologinen, kest\u00e4vi\u00e4 ja helppohoitoinen<\/h2>\n<p>Vihreist\u00e4 melusuojaseinist\u00e4 on monenlaista hy\u00f6ty\u00e4: Ne eiv\u00e4t ole vain ekologisia ja kest\u00e4vi\u00e4, vaan ne sopeutuvat my\u00f6s hyvin maiseman kokonaiskuvaan. Siin\u00e4 miss\u00e4 betonisein\u00e4t vaikuttavat paljailta ja luotaan ty\u00f6nt\u00e4vilt\u00e4, katujen viheri\u00f6itetyt melusuojasein\u00e4t n\u00e4ytt\u00e4ytyv\u00e4t luonnollisina elementtein\u00e4, jotka suojaavat melulta ja \u00e4\u00e4nilt\u00e4 ja integroituvat huomaamattomasti ymp\u00e4rist\u00f6\u00f6n.<\/p>\n<p>Asuinalueet ja luontoalueet, jotka ovat valtateiden tai moottoriteiden varrella, ovat yleens\u00e4 altistuneet kovalle melulle. Saksan ymp\u00e4rist\u00f6viraston tekemien kyselyjen perusteella voidaan todeta, ett\u00e4 lukuisat asukkaat k\u00e4rsiv\u00e4t moottoriajoneuvojen \u00e4\u00e4nien aiheuttamasta jatkuvasta melusta. Sen vuoksi moottoriteiden ja suurempien katujen melusuojasein\u00e4t ovat t\u00e4rke\u00e4 keino parantaa asukkaiden sek\u00e4 samalla eli\u00f6iden el\u00e4m\u00e4nlaatua luonnossa.<\/p>\n<h2>Miksi pystytt\u00e4\u00e4 RAUin vihre\u00e4 \u00e4\u00e4nimelusein\u00e4 kaduille ja moottoriteille?<\/h2>\n<p>Erilaisilla toimenpiteill\u00e4 kuten avoporallisen eli kuiskausasfaltin tai \u00e4\u00e4nisuojamuurien avulla voidaan melua v\u00e4hent\u00e4\u00e4 pysyv\u00e4sti vaikeimmista kohdista. Juuri vihre\u00e4t melusuojasein\u00e4t tarjoavat ominaisuuksiensa puolesta erityisi\u00e4 etuja: Ne ovat kest\u00e4vi\u00e4 ja ekologisia, koska ne tarjoavat paikalliselle el\u00e4imist\u00f6lle tilaa vet\u00e4yty\u00e4 suojaan ja pesi\u00e4.<\/p>\n<p>Jokainen melusuojarakenne tarjoaa yksil\u00f6llisi\u00e4 mahdollisuuksia maaper\u00e4, reitit ja saatavilla olevat paikat huomioiden. Joustavalla j\u00e4rjestelm\u00e4n ja vahvan kokemuksen perusteella voimme reagoida eri seikkoihin t\u00e4ydellisesti ja sovittaa melusuojaprojektimme niiden mukaan. Rakennusmateriaalimme tuovat my\u00f6s monia etuja mukanaan:<\/p>\n<p>&gt;modulaariset rakennuselementit kaiken kokoisten projektien toteuttamiseen lyhyell\u00e4 ajalla<\/p>\n<p>&gt;ekologinen rakennustapa, painopisteen kest\u00e4v\u00e4 kehitys ja ymp\u00e4rist\u00f6yst\u00e4v\u00e4llisyys<\/p>\n<p>&gt; vankat rakenteet ja pitk\u00e4ik\u00e4iset materiaalit<\/p>\n<p>&gt; eri malleja, jotka sopeutuvat ihanteellisesti paikallisiin olosuhteisiin<\/p>\n<p>&gt; r\u00e4\u00e4t\u00e4l\u00f6ity viherrakentaminen toiveittesi mukaisesti<\/p>\n<p>&gt; laatutakuu kaikille k\u00e4ytetyille materiaaleille<\/p>\n<p>Insin\u00f6\u00f6rimme tutkivat kaiken tarkasti projektiasi varten: Paikka, sijainti, sein\u00e4n kulkulinja ja korkeus Autamme sinua lis\u00e4ksi laatimaan tarvittaessa kilpailuja, tekem\u00e4\u00e4n suunnitelmia ja antamaan melusuojalausuntoja. Samantekev\u00e4\u00e4, mink\u00e4 melusuojaj\u00e4rjestelm\u00e4n valitset: Annamme k\u00e4ytt\u00f6\u00f6si kokemuksemme, tietotaitomme ja kitkattoman rakentamistapamme.<\/p>\n<h2>Mit\u00e4 ovat vihre\u00e4t \u00e4\u00e4nisuojasein\u00e4t katujen ja moottoriteiden varrella?<\/h2>\n<p>Moottoriteiden viheri\u00f6idyiss\u00e4 RAU-\u00e4\u00e4nisuojaseiniss\u00e4 yhdistyy ymp\u00e4rist\u00f6tietoinen rakentaminen, tekninen tietotaito ja puhutteleva muotoilu. Arkkitehtimme suunnittelevat eri perustuotteista kest\u00e4vi\u00e4 ja viheri\u00f6ityj\u00e4 melusuojaseini\u00e4 vastaamaan jokaista vaatimusta.<\/p>\n<p>Paljon melua syntyy ennen kaikkea liikenteest\u00e4 moottoriteiden, junareittien ja maanteiden l\u00e4heisyydess\u00e4. Usein ne johtavat suoraan asuinalueiden tai suojelua kaipaavien luonnon alueiden ohitse. Modernien ja ekologisten melusuojaseinien avulla RAU voi toimittaa tehokkaan melu- ja \u00e4\u00e4nisuojan, joka sopii ymp\u00e4rist\u00f6\u00f6n ja jonka istutukset eiv\u00e4t tarjoa vain optisia efektej\u00e4.<\/p>\n<p>Kaikki yrityksemme RAU melusuojaj\u00e4rjestelm\u00e4t ovat 100\u00a0% ekologisia ja v\u00e4hent\u00e4v\u00e4t istutusten ansiosta hienop\u00f6lyn m\u00e4\u00e4r\u00e4\u00e4 ja ovat eritt\u00e4in absorboivia. Moottoriteiden viheri\u00f6idyt melusuojasein\u00e4t ovat miltei hoito- ja huoltovapaita. Kaikki \u00e4\u00e4nisuojaj\u00e4rjestelm\u00e4t voidaan pystytt\u00e4\u00e4 modulaarisesti, edullisesti ja kest\u00e4v\u00e4sti ja niit\u00e4 on helppo yhdistell\u00e4. UV-turvalliset materiaalit vastaavat korkeasta korroosionkest\u00e4vyydest\u00e4.<\/p>\n<h2>Mit\u00e4 mahdollisuuksia on pystytt\u00e4\u00e4 viheri\u00f6ity melusuoja kadun tai tien varrelle?<\/h2>\n<p>Suuren eri levyisten, kokoisten ja eri toimintoja vastaamaan suunnitellun katujen ja moottoriteiden melusuojasein\u00e4valikoiman ansiosta RAU tarjoaa r\u00e4\u00e4t\u00e4l\u00f6idyt ratkaisut vastaamaan tarpeitasi ja ymp\u00e4rist\u00f6si vaatimuksia.<\/p>\n<h4><a href=\"https:\/\/rau.de\/fi\/produkt\/melueste-rau-r3-extensiv-rakennuskorkeus-enintaeaen-12-metriae\/\">Yleismalli: RAU R3 Extensiv -melusuojasein\u00e4 \u2013 helppo ja nopea asentaa, vankka<\/a><\/h4>\n<p>RAU R3 Extensiv -melusuojasein\u00e4t on helppo pystytt\u00e4\u00e4 jopa 12 metrin korkeudelle. N\u00e4m\u00e4 moottoriteit\u00e4 ja katuja varten suunnitellut vakaat, puolisuunnikkaanmuotoiset \u00e4\u00e4nisuojasein\u00e4t koostuvat massiivisesta ter\u00e4skorista, joka koostuu puolestaan kannatinprofiilista, pystysuorista tangoista ja ulkomatoista. Modulaarisen rakennej\u00e4rjestelm\u00e4ns\u00e4 ansiosta melusuojasein\u00e4n R3 ter\u00e4skori on helppo koota asennuksen yhteydess\u00e4. Melusuojapengerm\u00e4n ulkosivut on varustettu ritil\u00e4ll\u00e4, joita pitkin k\u00f6ynn\u00f6kset voivat kasvaa. Melusuojasein\u00e4 R3 voidaan t\u00e4ytt\u00e4\u00e4 kaikenlaisella materiaalilla kuten hiekalla, soralla tai RC-rakennusmateriaaleilla, joilta vaaditaan juoksevuutta ja tiivistyskyky\u00e4.<\/p>\n<p>Alarakenne koostuu yksinkertaisesta puhtaasta sorakerroksesta. Pystytt\u00e4minen mutkaisille, korkeudeltaan vaihteleville tai ep\u00e4tasaisille teille ei ole ongelmallista. Aina sen mukaan, kuinka paljon tilaa on k\u00e4ytett\u00e4viss\u00e4, kadun melua est\u00e4v\u00e4 \u00e4\u00e4nieriste voi olla ilman suurta lis\u00e4vaivann\u00e4k\u00f6\u00e4 kapeampi tai leve\u00e4mpi (kruunuleveys v\u00e4lill\u00e4 60 ja 80\u00a0cm).<\/p>\n<p>T\u00e4m\u00e4 katujen ja moottoriteiden varteen pystytett\u00e4v\u00e4 melusuoja on eritt\u00e4in absorboiva, joten sen takana olevat asuinalueet tai luonnonalueet ovat rauhaisia paikkoja. Arkkitehtimme ottavat huomioon ymp\u00e4rist\u00f6n asettamat yksil\u00f6lliset vaatimukset samoin kuin melusuojasein\u00e4n integroimisen ymp\u00e4rist\u00f6\u00f6n.<\/p>\n<p><em>RAU R3 -melusuojasein\u00e4n edut yhdell\u00e4 katsauksella:<\/em><\/p>\n<p>&gt;tarjoaa korkeimmat \u00e4\u00e4nisuoja-arvot v\u00e4lilt\u00e4 55 dB &#8211; 68 dB<\/p>\n<p>&gt;paras \u00e4\u00e4nisuoja katumelua vastaan v\u00e4hint\u00e4\u00e4n 800 kg\/m2:n massan ansiosta<\/p>\n<p>&gt;valtavan pitk\u00e4 elinik\u00e4, todistettu kaikkien rakenneosia suhteen<\/p>\n<p>&gt;markkinoiden paras hinta-suorituskykysuhde<\/p>\n<p>&gt;vastaa kest\u00e4v\u00e4n kehityksen vaatimuksia ja kuitenkin edullinen<\/p>\n<h4><a href=\"https:\/\/rau.de\/fi\/produkt\/melueste-rau-alpin-rakennuskorkeus-enintaeaen-10-metriae\/\">Luonnollisesti kive\u00e4: RAU Alpin -melusuojasein\u00e4 &#8211; tehokas melusuojasein\u00e4<\/a><\/h4>\n<p>Kuten RAU R3 Extensiv -melusuojasein\u00e4ss\u00e4 katuja ja moottoriteit\u00e4 varten suunnitelluissa Rau Alpin &#8211; melusuojaseiniss\u00e4 on my\u00f6s ter\u00e4skori sis\u00e4ll\u00e4. T\u00e4m\u00e4 takaa betonijalustan sek\u00e4 kierr\u00e4tysmateriaalista valmistetun kannatinkerroksen ansiosta varman paikallaan pysyvyyden sek\u00e4 vankan jopa 12 metri\u00e4 korkean rungon. Monoliittinen hiekkakeerna, jolla ter\u00e4srungon sis\u00e4osa on t\u00e4ytetty, vastaa optimaalisesta \u00e4\u00e4nisuojasta.<\/p>\n<p>Kannatinrungon ymp\u00e4rille asetetaan n\u00e4iden moottoriteiden melusuojaseinien yhteydess\u00e4 ter\u00e4skori, jonka voi t\u00e4ytt\u00e4\u00e4 toivomuksen mukaan kivill\u00e4. Valinnaisesti k\u00e4ytet\u00e4\u00e4n graniittia, soraa tai laavakivi\u00e4. T\u00e4ll\u00f6in kivien v\u00e4rin voi sovittaa ymp\u00e4rist\u00f6\u00f6n siten, ett\u00e4 melusuojasein\u00e4 integroidaan harmonisesti ymp\u00e4rist\u00f6\u00f6n. Luonnollista kivimuotoilua voidaan t\u00e4ydent\u00e4\u00e4 ritil\u00e4ss\u00e4 kasvavilla k\u00f6ynn\u00f6skasveilla.<\/p>\n<p>Alpin-melusuojasein\u00e4n vakaa rakenne ja kiinte\u00e4 hiekkakeerna takaavat optimaalisen \u00e4\u00e4nisuojan toiselta puolelta. Arkkitehtimme sovittavat my\u00f6s t\u00e4ss\u00e4 yhteydess\u00e4 piirustuksen vastaamaan paikallisia olosuhteita.<\/p>\n<p><em>RAU Alpin -melusuojasein\u00e4n kaikki edut yhdell\u00e4 katsauksella:<\/em><\/p>\n<p>&gt;korkeimmat \u00e4\u00e4nisuoja-arvot<\/p>\n<p>&gt;helppo viheri\u00f6itt\u00e4\u00e4<\/p>\n<p>&gt;luonnollinen optiikka luonnonkivest\u00e4 valmistettujen kivikorien ansiosta<\/p>\n<p>&gt;monoliittinen, t\u00e4ysin saumaton hiekkakeerna<\/p>\n<p>&gt;voidaan yhdist\u00e4\u00e4 ongelmitta muihin katujen ja moottoriteiden RAU-\u00e4\u00e4nisuojaseiniin.<\/p>\n<h4><a href=\"https:\/\/rau.de\/fi\/produkt\/melueste-rau-rock-extensiv-rakennuskorkeus-enintaeaen-10-metriae\/\">Nopea, kapea, vihre\u00e4: RAU Rock Extensiv -melusuojasein\u00e4<\/a><\/h4>\n<p>K\u00e4yt\u00e4nn\u00f6llinen ja salamannopeasti pystytetty RAU Rock Extensiv -melusuojasein\u00e4 suojaa asuinalueilta moottorien aiheuttamalta ja muista syist\u00e4 syntyneelt\u00e4 melulta. Siell\u00e4, miss\u00e4 talot on melkein rakennettu suoraan isojen katujen varrelle, ei tavallisesti ole tilaa melusuojapengerm\u00e4lle. Sen vuoksi tarjoamme sinulle t\u00e4t\u00e4 k\u00e4yt\u00e4nn\u00f6llist\u00e4 ja ekologista melusuojasein\u00e4j\u00e4rjestelm\u00e4\u00e4, jonka minimileveys on vain 130\u00a0mm. Yksitt\u00e4iset elementit voidaan toimittaa esiasennettuina k\u00e4ytt\u00f6paikalle ja asentaa liitosj\u00e4rjestelm\u00e4n avulla helposti. Ainostaan jalkaelementti perustoineen pit\u00e4\u00e4 valmistella erikseen.<\/p>\n<p>Ulkoap\u00e4in RAU Rock tuskin erottuu leve\u00e4mmist\u00e4 v\u00e4liseinist\u00e4. Samalla tavalla kuin muissakin portfoliomme melusuojaseiniss\u00e4 k\u00f6ynn\u00f6skasvit voivat kasvaa ulkoritil\u00e4\u00e4 pitkin ja tehd\u00e4 n\u00e4in kadunpuoleisesta sein\u00e4st\u00e4 vihre\u00e4n.<\/p>\n<p>Arkkitehtimme testaavat etuk\u00e4teen optimaalista melusuojaa varten, onko yhdistelm\u00e4 muiden melusuojasein\u00e4j\u00e4rjestelmien kanssa mielek\u00e4st\u00e4.<\/p>\n<h4><a href=\"https:\/\/rau.de\/fi\/produkt\/melueste-rau-photovoltaik-rakennuskorkeus-enintaeaen-10-metriae\/\">Innovaatiota melusuojauksessa: RAU aurinkos\u00e4hk\u00f6-melusein\u00e4suojan kaksinkertaiset edut<\/a><\/h4>\n<p>Yrityksemme haluaa aina olla melusuojauksessa askeleen muita edell\u00e4 ja kulkea uusia polkuja pitkin. Kaksi kertaa ekologisempaa on nimitt\u00e4in, kun vihre\u00e4 melusuoja ja uudistettavat energiat yhdistet\u00e4\u00e4n \u2013 ja t\u00e4m\u00e4n mahdollistaa RAU.<\/p>\n<p>Yhdess\u00e4 aurinkoenergiapuolen yhteisty\u00f6kumppaniemme kanssa pystyimme toteuttamaan vallankumouksellisen idean: Miksi ei k\u00e4ytett\u00e4isi melusuojaseini\u00e4 virran tuottamiseen? N\u00e4in valmistettiin maailman ensimm\u00e4inen vihre\u00e4 melusuojasein\u00e4 aurinkos\u00e4hk\u00f6teknologialla Baijeriin \u2013 rakentajana RAU. T\u00e4m\u00e4n avulla on tuotettu jo 10 vuotta virtaa ja happea sek\u00e4 sidottu hienop\u00f6ly ja CO2 toisiinsa.<\/p>\n<p>Perusrungon toimivaksi osoittautunut RAU R3 -rakenne mahdollistaa aurinkos\u00e4hk\u00f6laitteiston yhdist\u00e4misen perusrunkoon.<\/p>\n<h2>Ole ovela \u2013 valitse RAU<\/h2>\n<p>Melusuojasein\u00e4ll\u00e4 on t\u00e4n\u00e4\u00e4n selv\u00e4sti useampiakin teht\u00e4vi\u00e4 kuin vain toimia \u00e4\u00e4nieristeen\u00e4. Kaikkien rakennusprojektien yhteydess\u00e4 &#8211; asuintalosta katuihin \u2013 on nyky\u00e4\u00e4n huomioitava melusuoja. Moottoriteiden tai korkeataajuisten katujen melusuojasein\u00e4m\u00e4t l\u00e4p\u00e4isev\u00e4t maisemat, rajoittavat n\u00e4k\u00f6kentt\u00e4\u00e4 ja luovat esteit\u00e4. Vihreiden melusuojaseinien avulla voidaan yhdist\u00e4\u00e4 \u00e4\u00e4nisuojasein\u00e4 ja luonnollinen optiikka. N\u00e4in saavutamme miellytt\u00e4v\u00e4n rauhan ja kasveilla reunustetun tunnelman \u2013 ja t\u00e4m\u00e4 100\u00a0% ekologisesti.<\/p>\n<p>Voit luottaa kykyymme ja kokemuksiimme, kun kyseess\u00e4 on moottoriteiden viheri\u00f6idyt melusuojasein\u00e4t. Neuvomme, suunnittelemme projektin ja vastaamme suunnitelmien tehokkaasta toteutumisesta toivomustesi mukaisesti.<\/p>\n<\/div><\/div><\/div><\/div><\/div><\/div><div class=\"g-cols wpb_row us_custom_4fb9e5a3 content_text via_flex valign_top type_default stacking_default\"><div class=\"vc_col-sm-4 wpb_column vc_column_container\"><div class=\"vc_column-inner\"><div class=\"wpb_wrapper\"><div class=\"w-image align_none\"><div class=\"w-image-h\"><img loading=\"lazy\" decoding=\"async\" width=\"1024\" height=\"684\" src=\"https:\/\/rau.de\/wp-content\/uploads\/rau-rock-extensiv-entlang-einer-autobahn-1-1024x684.jpg\" class=\"attachment-large size-large\" alt=\"L\u00e4rmschutz\" srcset=\"https:\/\/rau.de\/wp-content\/uploads\/rau-rock-extensiv-entlang-einer-autobahn-1-1024x684.jpg 1024w, https:\/\/rau.de\/wp-content\/uploads\/rau-rock-extensiv-entlang-einer-autobahn-1-300x200.jpg 300w, https:\/\/rau.de\/wp-content\/uploads\/rau-rock-extensiv-entlang-einer-autobahn-1.jpg 1200w\" sizes=\"auto, (max-width: 1024px) 100vw, 1024px\" \/><\/div><\/div><div class=\"w-separator size_medium\"><\/div><div class=\"w-btn-wrapper align_none\"><a class=\"w-btn us-btn-style_1\" title=\"Produkte\" href=\"https:\/\/rau.de\/fi\/produkte\/\"><span class=\"w-btn-label\">Kaikki tuotteet<\/span><\/a><\/div><\/div><\/div><\/div><div class=\"vc_col-sm-4 wpb_column vc_column_container\"><div class=\"vc_column-inner\"><div class=\"wpb_wrapper\"><div class=\"w-image align_none\"><div class=\"w-image-h\"><img loading=\"lazy\" decoding=\"async\" width=\"1024\" height=\"683\" src=\"https:\/\/rau.de\/wp-content\/uploads\/rau-rock-extensiv-entlang-einer-autobahn-2-1-1024x683.jpg\" class=\"attachment-large size-large\" alt=\"L\u00e4rmschutz vor Autobahnl\u00e4rm\" srcset=\"https:\/\/rau.de\/wp-content\/uploads\/rau-rock-extensiv-entlang-einer-autobahn-2-1-1024x683.jpg 1024w, https:\/\/rau.de\/wp-content\/uploads\/rau-rock-extensiv-entlang-einer-autobahn-2-1-300x200.jpg 300w, https:\/\/rau.de\/wp-content\/uploads\/rau-rock-extensiv-entlang-einer-autobahn-2-1.jpg 1200w\" sizes=\"auto, (max-width: 1024px) 100vw, 1024px\" \/><\/div><\/div><\/div><\/div><\/div><div class=\"vc_col-sm-4 wpb_column vc_column_container\"><div class=\"vc_column-inner\"><div class=\"wpb_wrapper\"><div class=\"w-image align_none\"><div class=\"w-image-h\"><img loading=\"lazy\" decoding=\"async\" width=\"1024\" height=\"683\" src=\"https:\/\/rau.de\/wp-content\/uploads\/20190617_122736-1-1024x683.jpg\" class=\"attachment-large size-large\" alt=\"L\u00e4rmschutz an\" srcset=\"https:\/\/rau.de\/wp-content\/uploads\/20190617_122736-1-1024x683.jpg 1024w, https:\/\/rau.de\/wp-content\/uploads\/20190617_122736-1-300x200.jpg 300w\" sizes=\"auto, (max-width: 1024px) 100vw, 1024px\" \/><\/div><\/div><\/div><\/div><\/div><\/div><\/div><\/div><\/div><\/div><\/div><\/section>\n","protected":false},"excerpt":{"rendered":"Vihre\u00e4 melusuojaKatujen vihre\u00e4 melusuoja: ekologinen, kest\u00e4vi\u00e4 ja helppohoitoinen Vihreist\u00e4 melusuojaseinist\u00e4 on monenlaista hy\u00f6ty\u00e4: Ne eiv\u00e4t ole vain ekologisia ja kest\u00e4vi\u00e4, vaan ne sopeutuvat my\u00f6s hyvin maiseman kokonaiskuvaan. Siin\u00e4 miss\u00e4 betonisein\u00e4t vaikuttavat paljailta ja luotaan ty\u00f6nt\u00e4vilt\u00e4, katujen viheri\u00f6itetyt melusuojasein\u00e4t n\u00e4ytt\u00e4ytyv\u00e4t luonnollisina elementtein\u00e4, jotka suojaavat melulta ja \u00e4\u00e4nilt\u00e4 ja integroituvat huomaamattomasti ymp\u00e4rist\u00f6\u00f6n. Asuinalueet ja luontoalueet, jotka ovat...","protected":false},"author":2,"featured_media":21327,"parent":0,"menu_order":0,"comment_status":"closed","ping_status":"closed","template":"","meta":{"footnotes":""},"class_list":["post-9556","page","type-page","status-publish","has-post-thumbnail","hentry"],"yoast_head":"<!-- This site is optimized with the Yoast SEO plugin v27.4 - https:\/\/yoast.com\/product\/yoast-seo-wordpress\/ -->\n<title>Katujen vihre\u00e4 melusuoja: ekologinen, kest\u00e4vi\u00e4 ja helppohoitoinen \ud83d\udd07\ud83c\udf33<\/title>\n<meta name=\"description\" content=\"Ne eiv\u00e4t ole vain ekologisia ja kest\u00e4vi\u00e4, vaan ne sopeutuvat my\u00f6s hyvin maiseman kokonaiskuvaan. \ud83c\udf0d | \u23e9 rau.de\" \/>\n<meta name=\"robots\" content=\"index, follow, max-snippet:-1, max-image-preview:large, max-video-preview:-1\" \/>\n<link rel=\"canonical\" href=\"https:\/\/rau.de\/fi\/vihreae-melusuoja\/\" \/>\n<meta property=\"og:locale\" content=\"fi_FI\" \/>\n<meta property=\"og:type\" content=\"article\" \/>\n<meta property=\"og:title\" content=\"Katujen vihre\u00e4 melusuoja: ekologinen, kest\u00e4vi\u00e4 ja helppohoitoinen \ud83d\udd07\ud83c\udf33\" \/>\n<meta property=\"og:description\" content=\"Ne eiv\u00e4t ole vain ekologisia ja kest\u00e4vi\u00e4, vaan ne sopeutuvat my\u00f6s hyvin maiseman kokonaiskuvaan. \ud83c\udf0d | \u23e9 rau.de\" \/>\n<meta property=\"og:url\" content=\"https:\/\/rau.de\/fi\/vihreae-melusuoja\/\" \/>\n<meta property=\"og:site_name\" content=\"Rau | L\u00e4rmschutzw\u00e4nde\" \/>\n<meta property=\"article:modified_time\" content=\"2021-10-21T12:19:00+00:00\" \/>\n<meta property=\"og:image\" content=\"https:\/\/rau.de\/wp-content\/uploads\/imageonline-co-flipped.png\" \/>\n\t<meta property=\"og:image:width\" content=\"4032\" \/>\n\t<meta property=\"og:image:height\" content=\"3024\" \/>\n\t<meta property=\"og:image:type\" content=\"image\/png\" \/>\n<meta name=\"twitter:card\" content=\"summary_large_image\" \/>\n<meta name=\"twitter:label1\" content=\"Arvioitu lukuaika\" \/>\n\t<meta name=\"twitter:data1\" content=\"7 minuuttia\" \/>\n<script type=\"application\/ld+json\" class=\"yoast-schema-graph\">{\"@context\":\"https:\\\/\\\/schema.org\",\"@graph\":[{\"@type\":\"WebPage\",\"@id\":\"https:\\\/\\\/rau.de\\\/fi\\\/vihreae-melusuoja\\\/\",\"url\":\"https:\\\/\\\/rau.de\\\/fi\\\/vihreae-melusuoja\\\/\",\"name\":\"Katujen vihre\u00e4 melusuoja: ekologinen, kest\u00e4vi\u00e4 ja helppohoitoinen \ud83d\udd07\ud83c\udf33\",\"isPartOf\":{\"@id\":\"https:\\\/\\\/rau.de\\\/fi\\\/#website\"},\"primaryImageOfPage\":{\"@id\":\"https:\\\/\\\/rau.de\\\/fi\\\/vihreae-melusuoja\\\/#primaryimage\"},\"image\":{\"@id\":\"https:\\\/\\\/rau.de\\\/fi\\\/vihreae-melusuoja\\\/#primaryimage\"},\"thumbnailUrl\":\"https:\\\/\\\/rau.de\\\/wp-content\\\/uploads\\\/imageonline-co-flipped.png\",\"datePublished\":\"2020-08-25T12:30:43+00:00\",\"dateModified\":\"2021-10-21T12:19:00+00:00\",\"description\":\"Ne eiv\u00e4t ole vain ekologisia ja kest\u00e4vi\u00e4, vaan ne sopeutuvat my\u00f6s hyvin maiseman kokonaiskuvaan. \ud83c\udf0d | \u23e9 rau.de\",\"breadcrumb\":{\"@id\":\"https:\\\/\\\/rau.de\\\/fi\\\/vihreae-melusuoja\\\/#breadcrumb\"},\"inLanguage\":\"fi\",\"potentialAction\":[{\"@type\":\"ReadAction\",\"target\":[\"https:\\\/\\\/rau.de\\\/fi\\\/vihreae-melusuoja\\\/\"]}]},{\"@type\":\"ImageObject\",\"inLanguage\":\"fi\",\"@id\":\"https:\\\/\\\/rau.de\\\/fi\\\/vihreae-melusuoja\\\/#primaryimage\",\"url\":\"https:\\\/\\\/rau.de\\\/wp-content\\\/uploads\\\/imageonline-co-flipped.png\",\"contentUrl\":\"https:\\\/\\\/rau.de\\\/wp-content\\\/uploads\\\/imageonline-co-flipped.png\",\"width\":4032,\"height\":3024},{\"@type\":\"BreadcrumbList\",\"@id\":\"https:\\\/\\\/rau.de\\\/fi\\\/vihreae-melusuoja\\\/#breadcrumb\",\"itemListElement\":[{\"@type\":\"ListItem\",\"position\":1,\"name\":\"Startseite\",\"item\":\"https:\\\/\\\/rau.de\\\/fi\\\/\"},{\"@type\":\"ListItem\",\"position\":2,\"name\":\"Vihre\u00e4 melusuoja\"}]},{\"@type\":\"WebSite\",\"@id\":\"https:\\\/\\\/rau.de\\\/fi\\\/#website\",\"url\":\"https:\\\/\\\/rau.de\\\/fi\\\/\",\"name\":\"Rau | L\u00e4rmschutzw\u00e4nde\",\"description\":\"Entwicklung und Umsetzung von L\u00e4rmschutzwand und Schallschutzwand\",\"publisher\":{\"@id\":\"https:\\\/\\\/rau.de\\\/fi\\\/#organization\"},\"potentialAction\":[{\"@type\":\"SearchAction\",\"target\":{\"@type\":\"EntryPoint\",\"urlTemplate\":\"https:\\\/\\\/rau.de\\\/fi\\\/?s={search_term_string}\"},\"query-input\":{\"@type\":\"PropertyValueSpecification\",\"valueRequired\":true,\"valueName\":\"search_term_string\"}}],\"inLanguage\":\"fi\"},{\"@type\":\"Organization\",\"@id\":\"https:\\\/\\\/rau.de\\\/fi\\\/#organization\",\"name\":\"RAU L\u00e4rmschutzw\u00e4nde \u2013 Geosystem GBK GmbH\",\"url\":\"https:\\\/\\\/rau.de\\\/fi\\\/\",\"logo\":{\"@type\":\"ImageObject\",\"inLanguage\":\"fi\",\"@id\":\"https:\\\/\\\/rau.de\\\/fi\\\/#\\\/schema\\\/logo\\\/image\\\/\",\"url\":\"https:\\\/\\\/rau.de\\\/wp-content\\\/uploads\\\/web_logo.png\",\"contentUrl\":\"https:\\\/\\\/rau.de\\\/wp-content\\\/uploads\\\/web_logo.png\",\"width\":249,\"height\":127,\"caption\":\"RAU L\u00e4rmschutzw\u00e4nde \u2013 Geosystem GBK GmbH\"},\"image\":{\"@id\":\"https:\\\/\\\/rau.de\\\/fi\\\/#\\\/schema\\\/logo\\\/image\\\/\"}}]}<\/script>\n<!-- \/ Yoast SEO plugin. -->","yoast_head_json":{"title":"Katujen vihre\u00e4 melusuoja: ekologinen, kest\u00e4vi\u00e4 ja helppohoitoinen \ud83d\udd07\ud83c\udf33","description":"Ne eiv\u00e4t ole vain ekologisia ja kest\u00e4vi\u00e4, vaan ne sopeutuvat my\u00f6s hyvin maiseman kokonaiskuvaan. \ud83c\udf0d | \u23e9 rau.de","robots":{"index":"index","follow":"follow","max-snippet":"max-snippet:-1","max-image-preview":"max-image-preview:large","max-video-preview":"max-video-preview:-1"},"canonical":"https:\/\/rau.de\/fi\/vihreae-melusuoja\/","og_locale":"fi_FI","og_type":"article","og_title":"Katujen vihre\u00e4 melusuoja: ekologinen, kest\u00e4vi\u00e4 ja helppohoitoinen \ud83d\udd07\ud83c\udf33","og_description":"Ne eiv\u00e4t ole vain ekologisia ja kest\u00e4vi\u00e4, vaan ne sopeutuvat my\u00f6s hyvin maiseman kokonaiskuvaan. \ud83c\udf0d | \u23e9 rau.de","og_url":"https:\/\/rau.de\/fi\/vihreae-melusuoja\/","og_site_name":"Rau | L\u00e4rmschutzw\u00e4nde","article_modified_time":"2021-10-21T12:19:00+00:00","og_image":[{"width":4032,"height":3024,"url":"https:\/\/rau.de\/wp-content\/uploads\/imageonline-co-flipped.png","type":"image\/png"}],"twitter_card":"summary_large_image","twitter_misc":{"Arvioitu lukuaika":"7 minuuttia"},"schema":{"@context":"https:\/\/schema.org","@graph":[{"@type":"WebPage","@id":"https:\/\/rau.de\/fi\/vihreae-melusuoja\/","url":"https:\/\/rau.de\/fi\/vihreae-melusuoja\/","name":"Katujen vihre\u00e4 melusuoja: ekologinen, kest\u00e4vi\u00e4 ja helppohoitoinen \ud83d\udd07\ud83c\udf33","isPartOf":{"@id":"https:\/\/rau.de\/fi\/#website"},"primaryImageOfPage":{"@id":"https:\/\/rau.de\/fi\/vihreae-melusuoja\/#primaryimage"},"image":{"@id":"https:\/\/rau.de\/fi\/vihreae-melusuoja\/#primaryimage"},"thumbnailUrl":"https:\/\/rau.de\/wp-content\/uploads\/imageonline-co-flipped.png","datePublished":"2020-08-25T12:30:43+00:00","dateModified":"2021-10-21T12:19:00+00:00","description":"Ne eiv\u00e4t ole vain ekologisia ja kest\u00e4vi\u00e4, vaan ne sopeutuvat my\u00f6s hyvin maiseman kokonaiskuvaan. \ud83c\udf0d | \u23e9 rau.de","breadcrumb":{"@id":"https:\/\/rau.de\/fi\/vihreae-melusuoja\/#breadcrumb"},"inLanguage":"fi","potentialAction":[{"@type":"ReadAction","target":["https:\/\/rau.de\/fi\/vihreae-melusuoja\/"]}]},{"@type":"ImageObject","inLanguage":"fi","@id":"https:\/\/rau.de\/fi\/vihreae-melusuoja\/#primaryimage","url":"https:\/\/rau.de\/wp-content\/uploads\/imageonline-co-flipped.png","contentUrl":"https:\/\/rau.de\/wp-content\/uploads\/imageonline-co-flipped.png","width":4032,"height":3024},{"@type":"BreadcrumbList","@id":"https:\/\/rau.de\/fi\/vihreae-melusuoja\/#breadcrumb","itemListElement":[{"@type":"ListItem","position":1,"name":"Startseite","item":"https:\/\/rau.de\/fi\/"},{"@type":"ListItem","position":2,"name":"Vihre\u00e4 melusuoja"}]},{"@type":"WebSite","@id":"https:\/\/rau.de\/fi\/#website","url":"https:\/\/rau.de\/fi\/","name":"Rau | L\u00e4rmschutzw\u00e4nde","description":"Entwicklung und Umsetzung von L\u00e4rmschutzwand und Schallschutzwand","publisher":{"@id":"https:\/\/rau.de\/fi\/#organization"},"potentialAction":[{"@type":"SearchAction","target":{"@type":"EntryPoint","urlTemplate":"https:\/\/rau.de\/fi\/?s={search_term_string}"},"query-input":{"@type":"PropertyValueSpecification","valueRequired":true,"valueName":"search_term_string"}}],"inLanguage":"fi"},{"@type":"Organization","@id":"https:\/\/rau.de\/fi\/#organization","name":"RAU L\u00e4rmschutzw\u00e4nde \u2013 Geosystem GBK GmbH","url":"https:\/\/rau.de\/fi\/","logo":{"@type":"ImageObject","inLanguage":"fi","@id":"https:\/\/rau.de\/fi\/#\/schema\/logo\/image\/","url":"https:\/\/rau.de\/wp-content\/uploads\/web_logo.png","contentUrl":"https:\/\/rau.de\/wp-content\/uploads\/web_logo.png","width":249,"height":127,"caption":"RAU L\u00e4rmschutzw\u00e4nde \u2013 Geosystem GBK GmbH"},"image":{"@id":"https:\/\/rau.de\/fi\/#\/schema\/logo\/image\/"}}]}},"_links":{"self":[{"href":"https:\/\/rau.de\/fi\/wp-json\/wp\/v2\/pages\/9556","targetHints":{"allow":["GET"]}}],"collection":[{"href":"https:\/\/rau.de\/fi\/wp-json\/wp\/v2\/pages"}],"about":[{"href":"https:\/\/rau.de\/fi\/wp-json\/wp\/v2\/types\/page"}],"author":[{"embeddable":true,"href":"https:\/\/rau.de\/fi\/wp-json\/wp\/v2\/users\/2"}],"replies":[{"embeddable":true,"href":"https:\/\/rau.de\/fi\/wp-json\/wp\/v2\/comments?post=9556"}],"version-history":[{"count":3,"href":"https:\/\/rau.de\/fi\/wp-json\/wp\/v2\/pages\/9556\/revisions"}],"predecessor-version":[{"id":9989,"href":"https:\/\/rau.de\/fi\/wp-json\/wp\/v2\/pages\/9556\/revisions\/9989"}],"wp:featuredmedia":[{"embeddable":true,"href":"https:\/\/rau.de\/fi\/wp-json\/wp\/v2\/media\/21327"}],"wp:attachment":[{"href":"https:\/\/rau.de\/fi\/wp-json\/wp\/v2\/media?parent=9556"}],"curies":[{"name":"wp","href":"https:\/\/api.w.org\/{rel}","templated":true}]}}