{"id":9605,"date":"2020-08-25T16:39:58","date_gmt":"2020-08-25T14:39:58","guid":{"rendered":"https:\/\/rau.de\/?page_id=9605"},"modified":"2021-08-19T16:24:37","modified_gmt":"2021-08-19T14:24:37","slug":"proteccion-contra-el-ruido-en-ciudades-municipios-talleres-e-industrias","status":"publish","type":"page","link":"https:\/\/rau.de\/es\/proteccion-contra-el-ruido-en-ciudades-municipios-talleres-e-industrias\/","title":{"rendered":"Protecci\u00f3n contra el ruido en ciudades, municipios, talleres e industrias"},"content":{"rendered":"<section class=\"l-section wpb_row height_medium full_height valign_center with_img\" id=\"kontakt\"><div class=\"l-section-img\" role=\"img\" data-img-width=\"2000\" data-img-height=\"1122\" style=\"background-image: url(https:\/\/rau.de\/wp-content\/uploads\/bg.jpg);\"><\/div><div class=\"l-section-h i-cf\"><div class=\"g-cols vc_row via_flex valign_top type_default stacking_default\"><div class=\"vc_col-sm-12 wpb_column vc_column_container\"><div class=\"vc_column-inner\"><div class=\"wpb_wrapper\"><div class=\"g-cols wpb_row content_top via_flex valign_top type_default stacking_default\"><div class=\"vc_col-sm-12 wpb_column vc_column_container\"><div class=\"vc_column-inner\"><div class=\"wpb_wrapper\"><h1 class=\"w-post-elm post_title entry-title color_link_inherit\">Protecci\u00f3n contra el ruido en ciudades, municipios, talleres e industrias<\/h1><\/div><\/div><\/div><\/div><div class=\"g-cols wpb_row us_custom_4fb9e5a3 content_text via_flex valign_top type_default stacking_default\"><div class=\"vc_col-sm-12 wpb_column vc_column_container\"><div class=\"vc_column-inner\"><div class=\"wpb_wrapper\"><div class=\"wpb_text_column\"><div class=\"wpb_wrapper\"><p><span lang=\"ES\">Las nuevas barriadas se construyen cada vez m\u00e1s cerca de las fuentes de ruidos existentes. Este ruido puede reducirse considerablemente con ayuda de las pantallas ac\u00fasticas. En algunas nuevas barriadas es suficiente crear terraplenes antirruido con las masas de tierras existentes. En las \u00e1reas donde existe una superficie de instalaci\u00f3n suficiente es apropiado construir un muro de jardineras antirruidos como muro para cargas pesadas sin cimentaci\u00f3n profunda. Por el contrario, en las \u00e1reas urbanas se usan sistemas estrechos con cimentaci\u00f3n profunda. Todos los sistemas de Rau.de pueden ajardinarse. El ajardinamiento ofrece, por una parte, ventajas ecol\u00f3gicas, pero por otra parte tambi\u00e9n facilita el mantenimiento y ahorra costes. Las pantallas ac\u00fasticas tienen muchas posibilidades de variaci\u00f3n. Existen distintos tipos de muros y paredes, as\u00ed como diferentes materiales que pueden combinarse seg\u00fan los deseos individuales.<\/span><\/p>\n<\/div><\/div><\/div><\/div><\/div><\/div><div class=\"g-cols wpb_row us_custom_4fb9e5a3 content_text via_flex valign_top type_default stacking_default\"><div class=\"vc_col-sm-4 wpb_column vc_column_container\"><div class=\"vc_column-inner\"><div class=\"wpb_wrapper\"><div class=\"w-image align_none\"><div class=\"w-image-h\"><img loading=\"lazy\" decoding=\"async\" width=\"600\" height=\"400\" src=\"https:\/\/rau.de\/wp-content\/uploads\/oekologische_laermschutzwand_rau_r3_frankfurt_am_main.jpg\" class=\"attachment-large size-large\" alt=\"Begr\u00fcnte L\" srcset=\"https:\/\/rau.de\/wp-content\/uploads\/oekologische_laermschutzwand_rau_r3_frankfurt_am_main.jpg 600w, https:\/\/rau.de\/wp-content\/uploads\/oekologische_laermschutzwand_rau_r3_frankfurt_am_main-300x200.jpg 300w\" sizes=\"auto, (max-width: 600px) 100vw, 600px\" \/><\/div><\/div><div class=\"w-separator size_medium\"><\/div><div class=\"w-btn-wrapper align_none\"><a class=\"w-btn us-btn-style_1\" title=\"Produkte\" href=\"https:\/\/rau.de\/es\/productos\/\"><span class=\"w-btn-label\">Ir al producto<\/span><\/a><\/div><\/div><\/div><\/div><div class=\"vc_col-sm-4 wpb_column vc_column_container\"><div class=\"vc_column-inner\"><div class=\"wpb_wrapper\"><div class=\"w-image align_none\"><div class=\"w-image-h\"><img loading=\"lazy\" decoding=\"async\" width=\"600\" height=\"400\" src=\"https:\/\/rau.de\/wp-content\/uploads\/steinfurt-oekologische-laermschutzwand.jpg\" class=\"attachment-large size-large\" alt=\"Begr\u00fcnte L\u00e4rmschutzwand an einem Wohngebiet in Steinfurt\" srcset=\"https:\/\/rau.de\/wp-content\/uploads\/steinfurt-oekologische-laermschutzwand.jpg 600w, https:\/\/rau.de\/wp-content\/uploads\/steinfurt-oekologische-laermschutzwand-300x200.jpg 300w\" sizes=\"auto, (max-width: 600px) 100vw, 600px\" \/><\/div><\/div><\/div><\/div><\/div><div class=\"vc_col-sm-4 wpb_column vc_column_container\"><div class=\"vc_column-inner\"><div class=\"wpb_wrapper\"><div class=\"w-image align_none\"><div class=\"w-image-h\"><img loading=\"lazy\" decoding=\"async\" width=\"1024\" height=\"683\" src=\"https:\/\/rau.de\/wp-content\/uploads\/oldenburg2-1-1024x683.jpg\" class=\"attachment-large size-large\" alt=\"\u00d6kologischer L\u00e4rmschutz f\u00fcr St\u00e4dte und Kommunen - RAU\" srcset=\"https:\/\/rau.de\/wp-content\/uploads\/oldenburg2-1.jpg 1024w, https:\/\/rau.de\/wp-content\/uploads\/oldenburg2-1-300x200.jpg 300w\" sizes=\"auto, (max-width: 1024px) 100vw, 1024px\" \/><\/div><\/div><\/div><\/div><\/div><\/div><\/div><\/div><\/div><\/div><\/div><\/section>\n","protected":false},"excerpt":{"rendered":"Protecci\u00f3n contra el ruido en ciudades, municipios, talleres e industriasLas nuevas barriadas se construyen cada vez m\u00e1s cerca de las fuentes de ruidos existentes. Este ruido puede reducirse considerablemente con ayuda de las pantallas ac\u00fasticas. En algunas nuevas barriadas es suficiente crear terraplenes antirruido con las masas de tierras existentes. En las \u00e1reas donde existe...","protected":false},"author":2,"featured_media":20423,"parent":0,"menu_order":0,"comment_status":"closed","ping_status":"closed","template":"","meta":{"footnotes":""},"class_list":["post-9605","page","type-page","status-publish","has-post-thumbnail","hentry"],"yoast_head":"<!-- This site is optimized with the Yoast SEO plugin v27.5 - https:\/\/yoast.com\/product\/yoast-seo-wordpress\/ -->\n<title>\u2705Protecci\u00f3n contra el ruido en ciudades, talleres e industrias \ud83c\udf32<\/title>\n<meta name=\"description\" content=\"\u25b6Pantallas ac\u00fasticas verdes \ud83d\udee0\u2747 Las nuevas barriadas se construyen cada vez m\u00e1s cerca de las fuentes de ruidos existentes. \ud83c\udfc6\" \/>\n<meta name=\"robots\" content=\"index, follow, max-snippet:-1, max-image-preview:large, max-video-preview:-1\" \/>\n<link rel=\"canonical\" href=\"https:\/\/rau.de\/es\/proteccion-contra-el-ruido-en-ciudades-municipios-talleres-e-industrias\/\" \/>\n<meta property=\"og:locale\" content=\"es_ES\" \/>\n<meta property=\"og:type\" content=\"article\" \/>\n<meta property=\"og:title\" content=\"\u2705Protecci\u00f3n contra el ruido en ciudades, talleres e industrias \ud83c\udf32\" \/>\n<meta property=\"og:description\" content=\"\u25b6Pantallas ac\u00fasticas verdes \ud83d\udee0\u2747 Las nuevas barriadas se construyen cada vez m\u00e1s cerca de las fuentes de ruidos existentes. \ud83c\udfc6\" \/>\n<meta property=\"og:url\" content=\"https:\/\/rau.de\/es\/proteccion-contra-el-ruido-en-ciudades-municipios-talleres-e-industrias\/\" \/>\n<meta property=\"og:site_name\" content=\"Rau | L\u00e4rmschutzw\u00e4nde\" \/>\n<meta property=\"article:modified_time\" content=\"2021-08-19T14:24:37+00:00\" \/>\n<meta property=\"og:image\" content=\"https:\/\/rau.de\/wp-content\/uploads\/R3Gruen16.jpg\" \/>\n\t<meta property=\"og:image:width\" content=\"1024\" \/>\n\t<meta property=\"og:image:height\" content=\"534\" \/>\n\t<meta property=\"og:image:type\" content=\"image\/jpeg\" \/>\n<meta name=\"twitter:card\" content=\"summary_large_image\" \/>\n<meta name=\"twitter:label1\" content=\"Tiempo de lectura\" \/>\n\t<meta name=\"twitter:data1\" content=\"1 minuto\" \/>\n<script type=\"application\/ld+json\" class=\"yoast-schema-graph\">{\"@context\":\"https:\\\/\\\/schema.org\",\"@graph\":[{\"@type\":\"WebPage\",\"@id\":\"https:\\\/\\\/rau.de\\\/es\\\/proteccion-contra-el-ruido-en-ciudades-municipios-talleres-e-industrias\\\/\",\"url\":\"https:\\\/\\\/rau.de\\\/es\\\/proteccion-contra-el-ruido-en-ciudades-municipios-talleres-e-industrias\\\/\",\"name\":\"\u2705Protecci\u00f3n contra el ruido en ciudades, talleres e industrias \ud83c\udf32\",\"isPartOf\":{\"@id\":\"https:\\\/\\\/rau.de\\\/es\\\/#website\"},\"primaryImageOfPage\":{\"@id\":\"https:\\\/\\\/rau.de\\\/es\\\/proteccion-contra-el-ruido-en-ciudades-municipios-talleres-e-industrias\\\/#primaryimage\"},\"image\":{\"@id\":\"https:\\\/\\\/rau.de\\\/es\\\/proteccion-contra-el-ruido-en-ciudades-municipios-talleres-e-industrias\\\/#primaryimage\"},\"thumbnailUrl\":\"https:\\\/\\\/rau.de\\\/wp-content\\\/uploads\\\/R3Gruen16.jpg\",\"datePublished\":\"2020-08-25T14:39:58+00:00\",\"dateModified\":\"2021-08-19T14:24:37+00:00\",\"description\":\"\u25b6Pantallas ac\u00fasticas verdes \ud83d\udee0\u2747 Las nuevas barriadas se construyen cada vez m\u00e1s cerca de las fuentes de ruidos existentes. \ud83c\udfc6\",\"breadcrumb\":{\"@id\":\"https:\\\/\\\/rau.de\\\/es\\\/proteccion-contra-el-ruido-en-ciudades-municipios-talleres-e-industrias\\\/#breadcrumb\"},\"inLanguage\":\"es\",\"potentialAction\":[{\"@type\":\"ReadAction\",\"target\":[\"https:\\\/\\\/rau.de\\\/es\\\/proteccion-contra-el-ruido-en-ciudades-municipios-talleres-e-industrias\\\/\"]}]},{\"@type\":\"ImageObject\",\"inLanguage\":\"es\",\"@id\":\"https:\\\/\\\/rau.de\\\/es\\\/proteccion-contra-el-ruido-en-ciudades-municipios-talleres-e-industrias\\\/#primaryimage\",\"url\":\"https:\\\/\\\/rau.de\\\/wp-content\\\/uploads\\\/R3Gruen16.jpg\",\"contentUrl\":\"https:\\\/\\\/rau.de\\\/wp-content\\\/uploads\\\/R3Gruen16.jpg\",\"width\":1024,\"height\":534,\"caption\":\"Green noise protection wall along the road\"},{\"@type\":\"BreadcrumbList\",\"@id\":\"https:\\\/\\\/rau.de\\\/es\\\/proteccion-contra-el-ruido-en-ciudades-municipios-talleres-e-industrias\\\/#breadcrumb\",\"itemListElement\":[{\"@type\":\"ListItem\",\"position\":1,\"name\":\"Startseite\",\"item\":\"https:\\\/\\\/rau.de\\\/es\\\/\"},{\"@type\":\"ListItem\",\"position\":2,\"name\":\"Protecci\u00f3n contra el ruido en ciudades, municipios, talleres e industrias\"}]},{\"@type\":\"WebSite\",\"@id\":\"https:\\\/\\\/rau.de\\\/es\\\/#website\",\"url\":\"https:\\\/\\\/rau.de\\\/es\\\/\",\"name\":\"Rau | L\u00e4rmschutzw\u00e4nde\",\"description\":\"Entwicklung und Umsetzung von L\u00e4rmschutzwand und Schallschutzwand\",\"publisher\":{\"@id\":\"https:\\\/\\\/rau.de\\\/es\\\/#organization\"},\"potentialAction\":[{\"@type\":\"SearchAction\",\"target\":{\"@type\":\"EntryPoint\",\"urlTemplate\":\"https:\\\/\\\/rau.de\\\/es\\\/?s={search_term_string}\"},\"query-input\":{\"@type\":\"PropertyValueSpecification\",\"valueRequired\":true,\"valueName\":\"search_term_string\"}}],\"inLanguage\":\"es\"},{\"@type\":\"Organization\",\"@id\":\"https:\\\/\\\/rau.de\\\/es\\\/#organization\",\"name\":\"RAU L\u00e4rmschutzw\u00e4nde \u2013 Geosystem GBK GmbH\",\"url\":\"https:\\\/\\\/rau.de\\\/es\\\/\",\"logo\":{\"@type\":\"ImageObject\",\"inLanguage\":\"es\",\"@id\":\"https:\\\/\\\/rau.de\\\/es\\\/#\\\/schema\\\/logo\\\/image\\\/\",\"url\":\"https:\\\/\\\/rau.de\\\/wp-content\\\/uploads\\\/web_logo.png\",\"contentUrl\":\"https:\\\/\\\/rau.de\\\/wp-content\\\/uploads\\\/web_logo.png\",\"width\":249,\"height\":127,\"caption\":\"RAU L\u00e4rmschutzw\u00e4nde \u2013 Geosystem GBK GmbH\"},\"image\":{\"@id\":\"https:\\\/\\\/rau.de\\\/es\\\/#\\\/schema\\\/logo\\\/image\\\/\"}}]}<\/script>\n<!-- \/ Yoast SEO plugin. -->","yoast_head_json":{"title":"\u2705Protecci\u00f3n contra el ruido en ciudades, talleres e industrias \ud83c\udf32","description":"\u25b6Pantallas ac\u00fasticas verdes \ud83d\udee0\u2747 Las nuevas barriadas se construyen cada vez m\u00e1s cerca de las fuentes de ruidos existentes. \ud83c\udfc6","robots":{"index":"index","follow":"follow","max-snippet":"max-snippet:-1","max-image-preview":"max-image-preview:large","max-video-preview":"max-video-preview:-1"},"canonical":"https:\/\/rau.de\/es\/proteccion-contra-el-ruido-en-ciudades-municipios-talleres-e-industrias\/","og_locale":"es_ES","og_type":"article","og_title":"\u2705Protecci\u00f3n contra el ruido en ciudades, talleres e industrias \ud83c\udf32","og_description":"\u25b6Pantallas ac\u00fasticas verdes \ud83d\udee0\u2747 Las nuevas barriadas se construyen cada vez m\u00e1s cerca de las fuentes de ruidos existentes. \ud83c\udfc6","og_url":"https:\/\/rau.de\/es\/proteccion-contra-el-ruido-en-ciudades-municipios-talleres-e-industrias\/","og_site_name":"Rau | L\u00e4rmschutzw\u00e4nde","article_modified_time":"2021-08-19T14:24:37+00:00","og_image":[{"width":1024,"height":534,"url":"https:\/\/rau.de\/wp-content\/uploads\/R3Gruen16.jpg","type":"image\/jpeg"}],"twitter_card":"summary_large_image","twitter_misc":{"Tiempo de lectura":"1 minuto"},"schema":{"@context":"https:\/\/schema.org","@graph":[{"@type":"WebPage","@id":"https:\/\/rau.de\/es\/proteccion-contra-el-ruido-en-ciudades-municipios-talleres-e-industrias\/","url":"https:\/\/rau.de\/es\/proteccion-contra-el-ruido-en-ciudades-municipios-talleres-e-industrias\/","name":"\u2705Protecci\u00f3n contra el ruido en ciudades, talleres e industrias \ud83c\udf32","isPartOf":{"@id":"https:\/\/rau.de\/es\/#website"},"primaryImageOfPage":{"@id":"https:\/\/rau.de\/es\/proteccion-contra-el-ruido-en-ciudades-municipios-talleres-e-industrias\/#primaryimage"},"image":{"@id":"https:\/\/rau.de\/es\/proteccion-contra-el-ruido-en-ciudades-municipios-talleres-e-industrias\/#primaryimage"},"thumbnailUrl":"https:\/\/rau.de\/wp-content\/uploads\/R3Gruen16.jpg","datePublished":"2020-08-25T14:39:58+00:00","dateModified":"2021-08-19T14:24:37+00:00","description":"\u25b6Pantallas ac\u00fasticas verdes \ud83d\udee0\u2747 Las nuevas barriadas se construyen cada vez m\u00e1s cerca de las fuentes de ruidos existentes. \ud83c\udfc6","breadcrumb":{"@id":"https:\/\/rau.de\/es\/proteccion-contra-el-ruido-en-ciudades-municipios-talleres-e-industrias\/#breadcrumb"},"inLanguage":"es","potentialAction":[{"@type":"ReadAction","target":["https:\/\/rau.de\/es\/proteccion-contra-el-ruido-en-ciudades-municipios-talleres-e-industrias\/"]}]},{"@type":"ImageObject","inLanguage":"es","@id":"https:\/\/rau.de\/es\/proteccion-contra-el-ruido-en-ciudades-municipios-talleres-e-industrias\/#primaryimage","url":"https:\/\/rau.de\/wp-content\/uploads\/R3Gruen16.jpg","contentUrl":"https:\/\/rau.de\/wp-content\/uploads\/R3Gruen16.jpg","width":1024,"height":534,"caption":"Green noise protection wall along the road"},{"@type":"BreadcrumbList","@id":"https:\/\/rau.de\/es\/proteccion-contra-el-ruido-en-ciudades-municipios-talleres-e-industrias\/#breadcrumb","itemListElement":[{"@type":"ListItem","position":1,"name":"Startseite","item":"https:\/\/rau.de\/es\/"},{"@type":"ListItem","position":2,"name":"Protecci\u00f3n contra el ruido en ciudades, municipios, talleres e industrias"}]},{"@type":"WebSite","@id":"https:\/\/rau.de\/es\/#website","url":"https:\/\/rau.de\/es\/","name":"Rau | L\u00e4rmschutzw\u00e4nde","description":"Entwicklung und Umsetzung von L\u00e4rmschutzwand und Schallschutzwand","publisher":{"@id":"https:\/\/rau.de\/es\/#organization"},"potentialAction":[{"@type":"SearchAction","target":{"@type":"EntryPoint","urlTemplate":"https:\/\/rau.de\/es\/?s={search_term_string}"},"query-input":{"@type":"PropertyValueSpecification","valueRequired":true,"valueName":"search_term_string"}}],"inLanguage":"es"},{"@type":"Organization","@id":"https:\/\/rau.de\/es\/#organization","name":"RAU L\u00e4rmschutzw\u00e4nde \u2013 Geosystem GBK GmbH","url":"https:\/\/rau.de\/es\/","logo":{"@type":"ImageObject","inLanguage":"es","@id":"https:\/\/rau.de\/es\/#\/schema\/logo\/image\/","url":"https:\/\/rau.de\/wp-content\/uploads\/web_logo.png","contentUrl":"https:\/\/rau.de\/wp-content\/uploads\/web_logo.png","width":249,"height":127,"caption":"RAU L\u00e4rmschutzw\u00e4nde \u2013 Geosystem GBK GmbH"},"image":{"@id":"https:\/\/rau.de\/es\/#\/schema\/logo\/image\/"}}]}},"_links":{"self":[{"href":"https:\/\/rau.de\/es\/wp-json\/wp\/v2\/pages\/9605","targetHints":{"allow":["GET"]}}],"collection":[{"href":"https:\/\/rau.de\/es\/wp-json\/wp\/v2\/pages"}],"about":[{"href":"https:\/\/rau.de\/es\/wp-json\/wp\/v2\/types\/page"}],"author":[{"embeddable":true,"href":"https:\/\/rau.de\/es\/wp-json\/wp\/v2\/users\/2"}],"replies":[{"embeddable":true,"href":"https:\/\/rau.de\/es\/wp-json\/wp\/v2\/comments?post=9605"}],"version-history":[{"count":1,"href":"https:\/\/rau.de\/es\/wp-json\/wp\/v2\/pages\/9605\/revisions"}],"predecessor-version":[{"id":9606,"href":"https:\/\/rau.de\/es\/wp-json\/wp\/v2\/pages\/9605\/revisions\/9606"}],"wp:featuredmedia":[{"embeddable":true,"href":"https:\/\/rau.de\/es\/wp-json\/wp\/v2\/media\/20423"}],"wp:attachment":[{"href":"https:\/\/rau.de\/es\/wp-json\/wp\/v2\/media?parent=9605"}],"curies":[{"name":"wp","href":"https:\/\/api.w.org\/{rel}","templated":true}]}}