{"id":9512,"date":"2020-06-09T15:10:04","date_gmt":"2020-06-09T13:10:04","guid":{"rendered":"https:\/\/rau.de\/?page_id=9512"},"modified":"2025-02-07T14:35:00","modified_gmt":"2025-02-07T13:35:00","slug":"noise-barrier-technology","status":"publish","type":"page","link":"https:\/\/rau.de\/en\/noise-barrier-technology\/","title":{"rendered":"Noise barrier technology"},"content":{"rendered":"<section class=\"l-section wpb_row height_medium full_height valign_center with_img parallax_fixed\" id=\"kontakt\"><div class=\"l-section-img\" role=\"img\" data-img-width=\"2000\" data-img-height=\"1122\" style=\"background-image: url(https:\/\/rau.de\/wp-content\/uploads\/bg.jpg);\"><\/div><div class=\"l-section-h i-cf\"><div class=\"g-cols vc_row via_flex valign_top type_default stacking_default\"><div class=\"vc_col-sm-12 wpb_column vc_column_container\"><div class=\"vc_column-inner\"><div class=\"wpb_wrapper\"><div class=\"g-cols wpb_row content_top via_flex valign_top type_default stacking_default\"><div class=\"vc_col-sm-12 wpb_column vc_column_container\"><div class=\"vc_column-inner\"><div class=\"wpb_wrapper\"><h1 class=\"w-post-elm post_title entry-title color_link_inherit\">Noise barrier technology<\/h1><\/div><\/div><\/div><\/div><div class=\"g-cols wpb_row us_custom_4fb9e5a3 content_text via_flex valign_top type_default stacking_default\"><div class=\"vc_col-sm-6 wpb_column vc_column_container\"><div class=\"vc_column-inner\"><div class=\"wpb_wrapper\"><div class=\"wpb_text_column\"><div class=\"wpb_wrapper\"><p>As a manufacturer of noise barriers, we are always one step ahead in terms of quality, flexibility and price. Noise barriers &#8220;Made in Germany\u201d<\/p>\n<h2>The structure: the core of our ecological noise barriers<\/h2>\n<p>The heart of every sound-insulating noise barrier from RAU is a metal lattice construction, whose lattice mats and support profiles are solid and piece-galvanized. This makes them extremely corrosion-resistant and durable.<\/p>\n<p>We line this metal grid construction with our geotextile RAU UV-protect. It consists of rot-proof fiber fleece with stitched-on coconut fiber and is UV-resistant. The geotextile has a service life of 60 years and is specially manufactured for RAU noise barriers.<\/p>\n<p>We then backfill the construction with earth substrate. Here, sustainable action and cooperation with local partners is important to us: We obtain the necessary soil or bulk materials from local suppliers of mineral raw materials. In this way, we guarantee short transport routes. In some cases, we can use excavated material from local road construction, so that valuable soil can be put to further use.<\/p>\n<\/div><\/div><\/div><\/div><\/div><div class=\"vc_col-sm-6 wpb_column vc_column_container\"><div class=\"vc_column-inner\"><div class=\"wpb_wrapper\"><div class=\"w-image align_none\"><div class=\"w-image-h\"><img loading=\"lazy\" decoding=\"async\" width=\"1024\" height=\"1024\" src=\"https:\/\/rau.de\/wp-content\/uploads\/Bepflanzte-Laermschutzwand-entlang-eines-Gehwegs-an-einer-kurvigen-Strasse.jpeg\" class=\"attachment-large size-large\" alt=\"\" srcset=\"https:\/\/rau.de\/wp-content\/uploads\/Bepflanzte-Laermschutzwand-entlang-eines-Gehwegs-an-einer-kurvigen-Strasse.jpeg 1024w, https:\/\/rau.de\/wp-content\/uploads\/Bepflanzte-Laermschutzwand-entlang-eines-Gehwegs-an-einer-kurvigen-Strasse-300x300.jpeg 300w, https:\/\/rau.de\/wp-content\/uploads\/Bepflanzte-Laermschutzwand-entlang-eines-Gehwegs-an-einer-kurvigen-Strasse-150x150.jpeg 150w, https:\/\/rau.de\/wp-content\/uploads\/Bepflanzte-Laermschutzwand-entlang-eines-Gehwegs-an-einer-kurvigen-Strasse-350x350.jpeg 350w, https:\/\/rau.de\/wp-content\/uploads\/Bepflanzte-Laermschutzwand-entlang-eines-Gehwegs-an-einer-kurvigen-Strasse-600x600.jpeg 600w, https:\/\/rau.de\/wp-content\/uploads\/Bepflanzte-Laermschutzwand-entlang-eines-Gehwegs-an-einer-kurvigen-Strasse-200x200.jpeg 200w\" sizes=\"auto, (max-width: 1024px) 100vw, 1024px\" \/><\/div><\/div><\/div><\/div><\/div><\/div><div class=\"g-cols wpb_row us_custom_4fb9e5a3 content_text via_flex valign_top type_default stacking_default\"><div class=\"vc_col-sm-6 wpb_column vc_column_container\"><div class=\"vc_column-inner\"><div class=\"wpb_wrapper\"><div class=\"wpb_text_column\"><div class=\"wpb_wrapper\"><h2>It&#8217;s so green: the right planting<\/h2>\n<p>Thanks to our many years of experience in gardening and landscaping, we can provide our customers with the best possible advice on selecting the right plants for their noise barriers. Our aim is to use plants specifically as a design element.<\/p>\n<p>Because of that we always use species that are native to the respective region. The selection depends on the location of the noise barrier with regard to light conditions and soil quality but of course also on the personal taste of our customers.<\/p>\n<\/div><\/div><div class=\"w-separator size_small\"><\/div><div class=\"w-image align_none\"><div class=\"w-image-h\"><img loading=\"lazy\" decoding=\"async\" width=\"1024\" height=\"498\" src=\"https:\/\/rau.de\/wp-content\/uploads\/Begruente-Laermschutzwand-an-einer-urbanen-Strasse.jpg\" class=\"attachment-large size-large\" alt=\"Begr\u00fcnte L\u00e4rmschutzwand an einer urbanen Strasse\" srcset=\"https:\/\/rau.de\/wp-content\/uploads\/Begruente-Laermschutzwand-an-einer-urbanen-Strasse.jpg 1024w, https:\/\/rau.de\/wp-content\/uploads\/Begruente-Laermschutzwand-an-einer-urbanen-Strasse-300x146.jpg 300w\" sizes=\"auto, (max-width: 1024px) 100vw, 1024px\" \/><\/div><\/div><\/div><\/div><\/div><div class=\"vc_col-sm-6 wpb_column vc_column_container\"><div class=\"vc_column-inner\"><div class=\"wpb_wrapper\"><div class=\"w-image align_none\"><div class=\"w-image-h\"><img loading=\"lazy\" decoding=\"async\" width=\"1024\" height=\"768\" src=\"https:\/\/rau.de\/wp-content\/uploads\/Laermschutzwand-im-Bau-mit-einem-Lkw-und-einem-Bagger-auf-einer-Baustelle.jpg\" class=\"attachment-large size-large\" alt=\"\" srcset=\"https:\/\/rau.de\/wp-content\/uploads\/Laermschutzwand-im-Bau-mit-einem-Lkw-und-einem-Bagger-auf-einer-Baustelle.jpg 1024w, https:\/\/rau.de\/wp-content\/uploads\/Laermschutzwand-im-Bau-mit-einem-Lkw-und-einem-Bagger-auf-einer-Baustelle-300x225.jpg 300w\" sizes=\"auto, (max-width: 1024px) 100vw, 1024px\" \/><\/div><\/div><\/div><\/div><\/div><\/div><div class=\"g-cols wpb_row us_custom_4fb9e5a3 content_text via_flex valign_top type_default stacking_default\"><div class=\"vc_col-sm-12 wpb_column vc_column_container\"><div class=\"vc_column-inner\"><div class=\"wpb_wrapper\"><div class=\"wpb_text_column\"><div class=\"wpb_wrapper\"><h2>Tested and certified<\/h2>\n<p>Of course, RAU noise barriers fulfill all static requirements. Our noise barriers hold a European patent, are CE-certified and comply with DIN EN 1793-2 and DIN EN 20354.<\/p>\n<h2>Highest sound insulation<\/h2>\n<p>For the classification of a noise barrier in group B3 with the highest sound insulation according to DIN EN 1793-2, the ZTV-Lsw 06 (Additional Technical Contract Conditions and Guidelines for the Execution of Noise Barriers on Roads) require a single number value of at least DLR&gt;24dB for the sound insulation.<\/p>\n<p>RAU noise barriers reliably meet this requirement with a calculated single-number value for airborne sound insulation of DLR=68 dB.<\/p>\n<p>This calculation is based on a minimum area-related mass of the wall of approx. 560 kg\/m2 for RAU R1 or RAU Climatewall. This results from a volume density of 1,400 kg\/m3 when the earth substrate is dry and a minimum density of the RAU noise barriers of 40 cm. The following applies to RAU Rock: It has a different structure than RAU R1 and RAU R3, but it also meets the required values for classification in group B3 with the highest sound absorption.<\/p>\n<h2><strong>Highest sound absorption<br \/>\n<\/strong><\/h2>\n<p>With regard to sound absorption, RAU noise barrier systems with a determined single number value for sound absorption of DLa= 20 dB meet the requirements of group A 4 with the classification &#8220;highly absorbent&#8221; according to DIN EN 20354. This is the group with the highest sound absorption.<\/p>\n<h2>Facts:<\/h2>\n<\/div><\/div><\/div><\/div><\/div><\/div><div class=\"g-cols wpb_row us_custom_4fb9e5a3 content_text via_flex valign_top type_default stacking_default\"><div class=\"vc_col-sm-6 wpb_column vc_column_container\"><div class=\"vc_column-inner\"><div class=\"wpb_wrapper\"><div class=\"wpb_text_column\"><div class=\"wpb_wrapper\"><h3>Sound insulation<\/h3>\n<p>Table of calculated frequency-dependent sound insulation values Ri for a noise barrier of the RAU noise barrier system with a weight per unit area of 560 kg\/m2<\/p>\n<table width=\"563\">\n<tbody>\n<tr>\n<td width=\"299\"><strong>f [Hz]<\/strong><\/td>\n<td width=\"263\"><strong>Ri<\/strong><\/td>\n<\/tr>\n<tr>\n<td width=\"299\">100<\/td>\n<td width=\"263\">49,7<\/td>\n<\/tr>\n<tr>\n<td width=\"299\">125<\/td>\n<td width=\"263\">51,6<\/td>\n<\/tr>\n<tr>\n<td width=\"299\">160<\/td>\n<td width=\"263\">53,8<\/td>\n<\/tr>\n<tr>\n<td width=\"299\">200<\/td>\n<td width=\"263\">55,7<\/td>\n<\/tr>\n<tr>\n<td width=\"299\">250<\/td>\n<td width=\"263\">57,6<\/td>\n<\/tr>\n<tr>\n<td width=\"299\">315<\/td>\n<td width=\"263\">59,6<\/td>\n<\/tr>\n<tr>\n<td width=\"299\">400<\/td>\n<td width=\"263\">61,7<\/td>\n<\/tr>\n<tr>\n<td width=\"299\">500<\/td>\n<td width=\"263\">63,7<\/td>\n<\/tr>\n<tr>\n<td width=\"299\">630<\/td>\n<td width=\"263\">65,7<\/td>\n<\/tr>\n<tr>\n<td width=\"299\">800<\/td>\n<td width=\"263\">67,7<\/td>\n<\/tr>\n<tr>\n<td width=\"299\">1000<\/td>\n<td width=\"263\">69,7<\/td>\n<\/tr>\n<tr>\n<td width=\"299\">1250<\/td>\n<td width=\"263\">71,6<\/td>\n<\/tr>\n<tr>\n<td width=\"299\">1600<\/td>\n<td width=\"263\">73,8<\/td>\n<\/tr>\n<tr>\n<td width=\"299\">2000<\/td>\n<td width=\"263\">74,7<\/td>\n<\/tr>\n<tr>\n<td width=\"299\">2500<\/td>\n<td width=\"263\">75,6<\/td>\n<\/tr>\n<tr>\n<td width=\"299\">3150<\/td>\n<td width=\"263\">76,3<\/td>\n<\/tr>\n<tr>\n<td width=\"299\">4000<\/td>\n<td width=\"263\">77,1<\/td>\n<\/tr>\n<tr>\n<td width=\"299\">5000<\/td>\n<td width=\"263\">77,8<\/td>\n<\/tr>\n<\/tbody>\n<\/table>\n<\/div><\/div><\/div><\/div><\/div><div class=\"vc_col-sm-6 wpb_column vc_column_container\"><div class=\"vc_column-inner\"><div class=\"wpb_wrapper\"><div class=\"wpb_text_column\"><div class=\"wpb_wrapper\"><h3>Sound absorption<\/h3>\n<p>Table of sound absorption coefficients \u03b1Si determined according to DIN EN 20354 for a noise barrier wall of the RAU noise barrier wall system according to test report 97097 \/1\/.<\/p>\n<table width=\"563\">\n<tbody>\n<tr>\n<td width=\"299\"><strong>f [Hz]<\/strong><\/td>\n<td width=\"263\"><strong>\u03b1Si<\/strong><\/td>\n<\/tr>\n<tr>\n<td width=\"299\">100<\/td>\n<td width=\"263\">1,19<\/td>\n<\/tr>\n<tr>\n<td width=\"299\">125<\/td>\n<td width=\"263\">0,87<\/td>\n<\/tr>\n<tr>\n<td width=\"299\">160<\/td>\n<td width=\"263\">0,94<\/td>\n<\/tr>\n<tr>\n<td width=\"299\">200<\/td>\n<td width=\"263\">0,98<\/td>\n<\/tr>\n<tr>\n<td width=\"299\">250<\/td>\n<td width=\"263\">0,87<\/td>\n<\/tr>\n<tr>\n<td width=\"299\">315<\/td>\n<td width=\"263\">1,06<\/td>\n<\/tr>\n<tr>\n<td width=\"299\">400<\/td>\n<td width=\"263\">1,08<\/td>\n<\/tr>\n<tr>\n<td width=\"299\">500<\/td>\n<td width=\"263\">0,92<\/td>\n<\/tr>\n<tr>\n<td width=\"299\">630<\/td>\n<td width=\"263\">0,94<\/td>\n<\/tr>\n<tr>\n<td width=\"299\">800<\/td>\n<td width=\"263\">1,02<\/td>\n<\/tr>\n<tr>\n<td width=\"299\">1000<\/td>\n<td width=\"263\">1,12<\/td>\n<\/tr>\n<tr>\n<td width=\"299\">1250<\/td>\n<td width=\"263\">1,10<\/td>\n<\/tr>\n<tr>\n<td width=\"299\">1600<\/td>\n<td width=\"263\">0,98<\/td>\n<\/tr>\n<tr>\n<td width=\"299\">2000<\/td>\n<td width=\"263\">1,05<\/td>\n<\/tr>\n<tr>\n<td width=\"299\">2500<\/td>\n<td width=\"263\">0,89<\/td>\n<\/tr>\n<tr>\n<td width=\"299\">3150<\/td>\n<td width=\"263\">0,94<\/td>\n<\/tr>\n<tr>\n<td width=\"299\">4000<\/td>\n<td width=\"263\">1,02<\/td>\n<\/tr>\n<tr>\n<td width=\"299\">5000<\/td>\n<td width=\"263\">1,07<\/td>\n<\/tr>\n<\/tbody>\n<\/table>\n<\/div><\/div><\/div><\/div><\/div><\/div><\/div><\/div><\/div><\/div><\/div><\/section>\n","protected":false},"excerpt":{"rendered":"Noise barrier technologyAs a manufacturer of noise barriers, we are always one step ahead in terms of quality, flexibility and price. Noise barriers &#8220;Made in Germany\u201d The structure: the core of our ecological noise barriers The heart of every sound-insulating noise barrier from RAU is a metal lattice construction, whose lattice mats and support profiles...","protected":false},"author":2,"featured_media":0,"parent":0,"menu_order":0,"comment_status":"closed","ping_status":"closed","template":"","meta":{"footnotes":""},"class_list":["post-9512","page","type-page","status-publish","hentry"],"yoast_head":"<!-- This site is optimized with the Yoast SEO plugin v27.4 - https:\/\/yoast.com\/product\/yoast-seo-wordpress\/ -->\n<title>Noise Barrier Structure - Technology from Germany \ud83d\udd07 | RAU.de\u2757<\/title>\n<meta name=\"description\" content=\"Green noise barriers &quot;Made in Germany \u2714 High quality at good prices \u27a1 Various materials for optimal results \u2705 Discover now!\" \/>\n<meta name=\"robots\" content=\"index, follow, max-snippet:-1, max-image-preview:large, max-video-preview:-1\" \/>\n<link rel=\"canonical\" href=\"https:\/\/rau.de\/en\/noise-barrier-technology\/\" \/>\n<meta property=\"og:locale\" content=\"en_US\" \/>\n<meta property=\"og:type\" content=\"article\" \/>\n<meta property=\"og:title\" content=\"Noise Barrier Structure - Technology from Germany \ud83d\udd07 | RAU.de\u2757\" \/>\n<meta property=\"og:description\" content=\"Green noise barriers &quot;Made in Germany \u2714 High quality at good prices \u27a1 Various materials for optimal results \u2705 Discover now!\" \/>\n<meta property=\"og:url\" content=\"https:\/\/rau.de\/en\/noise-barrier-technology\/\" \/>\n<meta property=\"og:site_name\" content=\"Rau | L\u00e4rmschutzw\u00e4nde\" \/>\n<meta property=\"article:modified_time\" content=\"2025-02-07T13:35:00+00:00\" \/>\n<meta property=\"og:image\" content=\"https:\/\/rau.de\/wp-content\/uploads\/rau.de-begruente-laermschutzwand-2015-08-23-sonderteile-2.jpg\" \/>\n\t<meta property=\"og:image:width\" content=\"1920\" \/>\n\t<meta property=\"og:image:height\" content=\"1146\" \/>\n\t<meta property=\"og:image:type\" content=\"image\/jpeg\" \/>\n<meta name=\"twitter:card\" content=\"summary_large_image\" \/>\n<meta name=\"twitter:label1\" content=\"Est. reading time\" \/>\n\t<meta name=\"twitter:data1\" content=\"3 minutes\" \/>\n<script type=\"application\/ld+json\" class=\"yoast-schema-graph\">{\"@context\":\"https:\\\/\\\/schema.org\",\"@graph\":[{\"@type\":\"WebPage\",\"@id\":\"https:\\\/\\\/rau.de\\\/en\\\/noise-barrier-technology\\\/\",\"url\":\"https:\\\/\\\/rau.de\\\/en\\\/noise-barrier-technology\\\/\",\"name\":\"Noise Barrier Structure - Technology from Germany \ud83d\udd07 | RAU.de\u2757\",\"isPartOf\":{\"@id\":\"https:\\\/\\\/rau.de\\\/en\\\/#website\"},\"datePublished\":\"2020-06-09T13:10:04+00:00\",\"dateModified\":\"2025-02-07T13:35:00+00:00\",\"description\":\"Green noise barriers \\\"Made in Germany \u2714 High quality at good prices \u27a1 Various materials for optimal results \u2705 Discover now!\",\"breadcrumb\":{\"@id\":\"https:\\\/\\\/rau.de\\\/en\\\/noise-barrier-technology\\\/#breadcrumb\"},\"inLanguage\":\"en-US\",\"potentialAction\":[{\"@type\":\"ReadAction\",\"target\":[\"https:\\\/\\\/rau.de\\\/en\\\/noise-barrier-technology\\\/\"]}]},{\"@type\":\"BreadcrumbList\",\"@id\":\"https:\\\/\\\/rau.de\\\/en\\\/noise-barrier-technology\\\/#breadcrumb\",\"itemListElement\":[{\"@type\":\"ListItem\",\"position\":1,\"name\":\"Startseite\",\"item\":\"https:\\\/\\\/rau.de\\\/en\\\/\"},{\"@type\":\"ListItem\",\"position\":2,\"name\":\"Noise barrier technology\"}]},{\"@type\":\"WebSite\",\"@id\":\"https:\\\/\\\/rau.de\\\/en\\\/#website\",\"url\":\"https:\\\/\\\/rau.de\\\/en\\\/\",\"name\":\"Rau | L\u00e4rmschutzw\u00e4nde\",\"description\":\"Entwicklung und Umsetzung von L\u00e4rmschutzwand und Schallschutzwand\",\"publisher\":{\"@id\":\"https:\\\/\\\/rau.de\\\/en\\\/#organization\"},\"potentialAction\":[{\"@type\":\"SearchAction\",\"target\":{\"@type\":\"EntryPoint\",\"urlTemplate\":\"https:\\\/\\\/rau.de\\\/en\\\/?s={search_term_string}\"},\"query-input\":{\"@type\":\"PropertyValueSpecification\",\"valueRequired\":true,\"valueName\":\"search_term_string\"}}],\"inLanguage\":\"en-US\"},{\"@type\":\"Organization\",\"@id\":\"https:\\\/\\\/rau.de\\\/en\\\/#organization\",\"name\":\"RAU L\u00e4rmschutzw\u00e4nde \u2013 Geosystem GBK GmbH\",\"url\":\"https:\\\/\\\/rau.de\\\/en\\\/\",\"logo\":{\"@type\":\"ImageObject\",\"inLanguage\":\"en-US\",\"@id\":\"https:\\\/\\\/rau.de\\\/en\\\/#\\\/schema\\\/logo\\\/image\\\/\",\"url\":\"https:\\\/\\\/rau.de\\\/wp-content\\\/uploads\\\/web_logo.png\",\"contentUrl\":\"https:\\\/\\\/rau.de\\\/wp-content\\\/uploads\\\/web_logo.png\",\"width\":249,\"height\":127,\"caption\":\"RAU L\u00e4rmschutzw\u00e4nde \u2013 Geosystem GBK GmbH\"},\"image\":{\"@id\":\"https:\\\/\\\/rau.de\\\/en\\\/#\\\/schema\\\/logo\\\/image\\\/\"}}]}<\/script>\n<!-- \/ Yoast SEO plugin. -->","yoast_head_json":{"title":"Noise Barrier Structure - Technology from Germany \ud83d\udd07 | RAU.de\u2757","description":"Green noise barriers \"Made in Germany \u2714 High quality at good prices \u27a1 Various materials for optimal results \u2705 Discover now!","robots":{"index":"index","follow":"follow","max-snippet":"max-snippet:-1","max-image-preview":"max-image-preview:large","max-video-preview":"max-video-preview:-1"},"canonical":"https:\/\/rau.de\/en\/noise-barrier-technology\/","og_locale":"en_US","og_type":"article","og_title":"Noise Barrier Structure - Technology from Germany \ud83d\udd07 | RAU.de\u2757","og_description":"Green noise barriers \"Made in Germany \u2714 High quality at good prices \u27a1 Various materials for optimal results \u2705 Discover now!","og_url":"https:\/\/rau.de\/en\/noise-barrier-technology\/","og_site_name":"Rau | L\u00e4rmschutzw\u00e4nde","article_modified_time":"2025-02-07T13:35:00+00:00","og_image":[{"width":1920,"height":1146,"url":"https:\/\/rau.de\/wp-content\/uploads\/rau.de-begruente-laermschutzwand-2015-08-23-sonderteile-2.jpg","type":"image\/jpeg"}],"twitter_card":"summary_large_image","twitter_misc":{"Est. reading time":"3 minutes"},"schema":{"@context":"https:\/\/schema.org","@graph":[{"@type":"WebPage","@id":"https:\/\/rau.de\/en\/noise-barrier-technology\/","url":"https:\/\/rau.de\/en\/noise-barrier-technology\/","name":"Noise Barrier Structure - Technology from Germany \ud83d\udd07 | RAU.de\u2757","isPartOf":{"@id":"https:\/\/rau.de\/en\/#website"},"datePublished":"2020-06-09T13:10:04+00:00","dateModified":"2025-02-07T13:35:00+00:00","description":"Green noise barriers \"Made in Germany \u2714 High quality at good prices \u27a1 Various materials for optimal results \u2705 Discover now!","breadcrumb":{"@id":"https:\/\/rau.de\/en\/noise-barrier-technology\/#breadcrumb"},"inLanguage":"en-US","potentialAction":[{"@type":"ReadAction","target":["https:\/\/rau.de\/en\/noise-barrier-technology\/"]}]},{"@type":"BreadcrumbList","@id":"https:\/\/rau.de\/en\/noise-barrier-technology\/#breadcrumb","itemListElement":[{"@type":"ListItem","position":1,"name":"Startseite","item":"https:\/\/rau.de\/en\/"},{"@type":"ListItem","position":2,"name":"Noise barrier technology"}]},{"@type":"WebSite","@id":"https:\/\/rau.de\/en\/#website","url":"https:\/\/rau.de\/en\/","name":"Rau | L\u00e4rmschutzw\u00e4nde","description":"Entwicklung und Umsetzung von L\u00e4rmschutzwand und Schallschutzwand","publisher":{"@id":"https:\/\/rau.de\/en\/#organization"},"potentialAction":[{"@type":"SearchAction","target":{"@type":"EntryPoint","urlTemplate":"https:\/\/rau.de\/en\/?s={search_term_string}"},"query-input":{"@type":"PropertyValueSpecification","valueRequired":true,"valueName":"search_term_string"}}],"inLanguage":"en-US"},{"@type":"Organization","@id":"https:\/\/rau.de\/en\/#organization","name":"RAU L\u00e4rmschutzw\u00e4nde \u2013 Geosystem GBK GmbH","url":"https:\/\/rau.de\/en\/","logo":{"@type":"ImageObject","inLanguage":"en-US","@id":"https:\/\/rau.de\/en\/#\/schema\/logo\/image\/","url":"https:\/\/rau.de\/wp-content\/uploads\/web_logo.png","contentUrl":"https:\/\/rau.de\/wp-content\/uploads\/web_logo.png","width":249,"height":127,"caption":"RAU L\u00e4rmschutzw\u00e4nde \u2013 Geosystem GBK GmbH"},"image":{"@id":"https:\/\/rau.de\/en\/#\/schema\/logo\/image\/"}}]}},"_links":{"self":[{"href":"https:\/\/rau.de\/en\/wp-json\/wp\/v2\/pages\/9512","targetHints":{"allow":["GET"]}}],"collection":[{"href":"https:\/\/rau.de\/en\/wp-json\/wp\/v2\/pages"}],"about":[{"href":"https:\/\/rau.de\/en\/wp-json\/wp\/v2\/types\/page"}],"author":[{"embeddable":true,"href":"https:\/\/rau.de\/en\/wp-json\/wp\/v2\/users\/2"}],"replies":[{"embeddable":true,"href":"https:\/\/rau.de\/en\/wp-json\/wp\/v2\/comments?post=9512"}],"version-history":[{"count":9,"href":"https:\/\/rau.de\/en\/wp-json\/wp\/v2\/pages\/9512\/revisions"}],"predecessor-version":[{"id":31151,"href":"https:\/\/rau.de\/en\/wp-json\/wp\/v2\/pages\/9512\/revisions\/31151"}],"wp:attachment":[{"href":"https:\/\/rau.de\/en\/wp-json\/wp\/v2\/media?parent=9512"}],"curies":[{"name":"wp","href":"https:\/\/api.w.org\/{rel}","templated":true}]}}