{"id":950,"date":"2019-08-05T15:06:35","date_gmt":"2019-08-05T13:06:35","guid":{"rendered":"http:\/\/rau.kundendemo.com\/?page_id=950"},"modified":"2021-10-25T14:48:19","modified_gmt":"2021-10-25T12:48:19","slug":"latest-news-galleries-videos","status":"publish","type":"page","link":"https:\/\/rau.de\/en\/latest-news-galleries-videos\/","title":{"rendered":"Latest News, Galleries &#038; Videos"},"content":{"rendered":"<section class=\"l-section wpb_row height_medium full_height valign_center with_img parallax_fixed\" id=\"kontakt\"><div class=\"l-section-img\" role=\"img\" data-img-width=\"2000\" data-img-height=\"1122\" style=\"background-image: url(https:\/\/rau.de\/wp-content\/uploads\/bg.jpg);\"><\/div><div class=\"l-section-h i-cf\"><div class=\"g-cols vc_row via_flex valign_top type_default stacking_default\"><div class=\"vc_col-sm-12 wpb_column vc_column_container\"><div class=\"vc_column-inner\"><div class=\"wpb_wrapper\"><div class=\"g-cols wpb_row content_top via_flex valign_top type_default stacking_default\"><div class=\"vc_col-sm-12 wpb_column vc_column_container\"><div class=\"vc_column-inner\"><div class=\"wpb_wrapper\"><h1 class=\"w-post-elm post_title entry-title color_link_inherit\">Latest News, Galleries &#038; Videos<\/h1><\/div><\/div><\/div><\/div><div class=\"g-cols wpb_row us_custom_4fb9e5a3 content_text via_flex valign_top type_default stacking_default\"><div class=\"vc_col-sm-12 wpb_column vc_column_container\"><div class=\"vc_column-inner\"><div class=\"wpb_wrapper\"><div class=\"w-grid type_grid layout_21931 cols_3\" id=\"us_grid_1\" style=\"--gap:1.5rem;\" data-filterable=\"true\"><style>@media (max-width:1024px){#us_grid_1 .w-grid-item{width:50%}}@media (max-width:600px){#us_grid_1 .w-grid-list{margin:0}#us_grid_1 .w-grid-item{width:100%;padding:0;margin-bottom:var(--gap,0px)}}.layout_21931 .w-grid-item-h{}.layout_21931 .usg_post_image_1{margin-bottom:1rem!important}.layout_21931 .usg_post_title_1{font-size:1.4rem!important;margin-bottom:0.5rem!important}.layout_21931 .usg_hwrapper_1{color:#999999!important;font-size:0.9rem!important}.layout_21931 .usg_post_content_1{margin-top:0.5rem!important}.layout_21931 .usg_btn_1{margin-top:1.5rem!important}@media (min-width:1025px) and (max-width:1280px){.layout_21931 .usg_post_image_1{margin-bottom:1rem!important}.layout_21931 .usg_post_title_1{font-size:1.4rem!important;margin-bottom:0.5rem!important}.layout_21931 .usg_hwrapper_1{color:#999999!important;font-size:0.9rem!important}.layout_21931 .usg_post_content_1{margin-top:0.5rem!important}.layout_21931 .usg_btn_1{margin-top:1.5rem!important}}@media (min-width:601px) and (max-width:1024px){.layout_21931 .usg_post_image_1{margin-bottom:1rem!important}.layout_21931 .usg_post_title_1{font-size:1.4rem!important;margin-bottom:0.5rem!important}.layout_21931 .usg_hwrapper_1{color:#999999!important;font-size:0.9rem!important}.layout_21931 .usg_post_content_1{margin-top:0.5rem!important}.layout_21931 .usg_btn_1{margin-top:1.5rem!important}}@media (max-width:600px){.layout_21931 .usg_post_image_1{margin-bottom:1rem!important}.layout_21931 .usg_post_title_1{font-size:1.4rem!important;margin-bottom:0.5rem!important}.layout_21931 .usg_hwrapper_1{color:#999999!important;font-size:0.9rem!important}.layout_21931 .usg_post_content_1{margin-top:0.5rem!important}.layout_21931 .usg_btn_1{margin-top:1.5rem!important}}<\/style><div class=\"w-grid-list\">\t<article class=\"w-grid-item size_1x1 post-7951 post type-post status-publish format-video has-post-thumbnail hentry category-video-en post_format-post-format-video\" data-id=\"7951\">\r\n\t\t<div class=\"w-grid-item-h\">\r\n\t\t\t\t\t\t<div class=\"w-post-elm post_image usg_post_image_1 stretched media_preview\"><div class=\"w-video align_none ratio_16x9 has_iframe\"><div class=\"w-video-h\"><iframe title=\"Youtube video player\" src=\"\/\/www.youtube.com\/embed\/QmgcNSFhKnE?autoplay=0&controls=1&origin=https:\/\/rau.de\/en\/&loop=0&mute=0\" allowfullscreen=\"1\" loading=\"lazy\"><\/iframe><\/div><div class=\"w-video-icon\" style=\"font-size:1.5rem;background:rgba(0,0,0,0.5);color:#fff\"><\/div><\/div><\/div><h2 class=\"w-post-elm post_title usg_post_title_1 entry-title color_link_inherit\"><a href=\"https:\/\/rau.de\/en\/2020\/07\/22\/aerial-photography-leverkusen-opladen\/\">Aerial photography \/ Leverkusen Opladen<\/a><\/h2><div class=\"w-hwrapper usg_hwrapper_1 has_text_color align_left valign_top wrap\"><\/div><a class=\"w-btn us-btn-style_2 usg_btn_1\" href=\"https:\/\/rau.de\/en\/2020\/07\/22\/aerial-photography-leverkusen-opladen\/\"><span class=\"w-btn-label\">Continue<\/span><\/a>\t\t<\/div>\r\n\t<\/article>\r\n\t<article class=\"w-grid-item size_1x1 post-5376 post type-post status-publish format-standard has-post-thumbnail hentry category-news-en\" data-id=\"5376\">\r\n\t\t<div class=\"w-grid-item-h\">\r\n\t\t\t\t\t\t<div class=\"w-post-elm post_image usg_post_image_1 stretched\"><a href=\"https:\/\/rau.de\/en\/2019\/07\/25\/rau-r3-ecologically-expandable-noise-protection-wall-in-eltville\/\" aria-label=\"RAU R3 &#8211; Ecologically expandable noise protection wall &#8211; in Eltville\"><img loading=\"lazy\" decoding=\"async\" width=\"1024\" height=\"683\" src=\"https:\/\/rau.de\/wp-content\/uploads\/Geschwungene-Laermschutzwand-in-einem-Wohngebiet-1-1024x683.jpg\" class=\"attachment-large size-large wp-post-image\" alt=\"Geschwungene L\u00e4rmschutzwand entlang einer Stra\u00dfe in einem Wohngebiet\" srcset=\"https:\/\/rau.de\/wp-content\/uploads\/Geschwungene-Laermschutzwand-in-einem-Wohngebiet-1-1024x683.jpg 1024w, https:\/\/rau.de\/wp-content\/uploads\/Geschwungene-Laermschutzwand-in-einem-Wohngebiet-1-300x200.jpg 300w, https:\/\/rau.de\/wp-content\/uploads\/Geschwungene-Laermschutzwand-in-einem-Wohngebiet-1.jpg 1200w\" sizes=\"auto, (max-width: 1024px) 100vw, 1024px\" \/><\/a><\/div><h2 class=\"w-post-elm post_title usg_post_title_1 entry-title color_link_inherit\"><a href=\"https:\/\/rau.de\/en\/2019\/07\/25\/rau-r3-ecologically-expandable-noise-protection-wall-in-eltville\/\">RAU R3 &#8211; Ecologically expandable noise protection wall &#8211; in Eltville<\/a><\/h2><div class=\"w-hwrapper usg_hwrapper_1 has_text_color align_left valign_top wrap\"><\/div><a class=\"w-btn us-btn-style_2 usg_btn_1\" href=\"https:\/\/rau.de\/en\/2019\/07\/25\/rau-r3-ecologically-expandable-noise-protection-wall-in-eltville\/\"><span class=\"w-btn-label\">Continue<\/span><\/a>\t\t<\/div>\r\n\t<\/article>\r\n\t<article class=\"w-grid-item size_1x1 post-8003 post type-post status-publish format-video has-post-thumbnail hentry category-video-en post_format-post-format-video\" data-id=\"8003\">\r\n\t\t<div class=\"w-grid-item-h\">\r\n\t\t\t\t\t\t<div class=\"w-post-elm post_image usg_post_image_1 stretched media_preview\"><div class=\"w-video align_none ratio_16x9 has_iframe\"><div class=\"w-video-h\"><iframe title=\"Youtube video player\" src=\"\/\/www.youtube.com\/embed\/u6Jhi_lx3EQ?autoplay=0&controls=1&origin=https:\/\/rau.de\/en\/&loop=0&mute=0\" allowfullscreen=\"1\" loading=\"lazy\"><\/iframe><\/div><div class=\"w-video-icon\" style=\"font-size:1.5rem;background:rgba(0,0,0,0.5);color:#fff\"><\/div><\/div><\/div><h2 class=\"w-post-elm post_title usg_post_title_1 entry-title color_link_inherit\"><a href=\"https:\/\/rau.de\/en\/2019\/06\/11\/rau-noise-protection-barriers-nw\/\">Rau noise protection barriers NW<\/a><\/h2><div class=\"w-hwrapper usg_hwrapper_1 has_text_color align_left valign_top wrap\"><\/div><a class=\"w-btn us-btn-style_2 usg_btn_1\" href=\"https:\/\/rau.de\/en\/2019\/06\/11\/rau-noise-protection-barriers-nw\/\"><span class=\"w-btn-label\">Continue<\/span><\/a>\t\t<\/div>\r\n\t<\/article>\r\n\t<article class=\"w-grid-item size_1x1 post-7909 post type-post status-publish format-video has-post-thumbnail hentry category-video-en post_format-post-format-video\" data-id=\"7909\">\r\n\t\t<div class=\"w-grid-item-h\">\r\n\t\t\t\t\t\t<div class=\"w-post-elm post_image usg_post_image_1 stretched media_preview\"><div class=\"w-video align_none ratio_16x9 has_iframe\"><div class=\"w-video-h\"><iframe title=\"Youtube video player\" src=\"\/\/www.youtube.com\/embed\/wpeXwxj4J4s?autoplay=0&controls=1&origin=https:\/\/rau.de\/en\/&loop=0&mute=0\" allowfullscreen=\"1\" loading=\"lazy\"><\/iframe><\/div><div class=\"w-video-icon\" style=\"font-size:1.5rem;background:rgba(0,0,0,0.5);color:#fff\"><\/div><\/div><\/div><h2 class=\"w-post-elm post_title usg_post_title_1 entry-title color_link_inherit\"><a href=\"https:\/\/rau.de\/en\/2019\/06\/11\/construction-of-a-3-meter-noise-protection-wall-in-two-minutes\/\">Construction of a 3 meter noise protection wall in two minutes<\/a><\/h2><div class=\"w-hwrapper usg_hwrapper_1 has_text_color align_left valign_top wrap\"><\/div><a class=\"w-btn us-btn-style_2 usg_btn_1\" href=\"https:\/\/rau.de\/en\/2019\/06\/11\/construction-of-a-3-meter-noise-protection-wall-in-two-minutes\/\"><span class=\"w-btn-label\">Continue<\/span><\/a>\t\t<\/div>\r\n\t<\/article>\r\n\t<article class=\"w-grid-item size_1x1 post-8029 post type-post status-publish format-video has-post-thumbnail hentry category-video-en post_format-post-format-video\" data-id=\"8029\">\r\n\t\t<div class=\"w-grid-item-h\">\r\n\t\t\t\t\t\t<div class=\"w-post-elm post_image usg_post_image_1 stretched media_preview\"><div class=\"w-video align_none ratio_16x9 has_iframe\"><div class=\"w-video-h\"><iframe title=\"Youtube video player\" src=\"\/\/www.youtube.com\/embed\/7aOHrUnwL68?autoplay=0&controls=1&origin=https:\/\/rau.de\/en\/&loop=0&mute=0\" allowfullscreen=\"1\" loading=\"lazy\"><\/iframe><\/div><div class=\"w-video-icon\" style=\"font-size:1.5rem;background:rgba(0,0,0,0.5);color:#fff\"><\/div><\/div><\/div><h2 class=\"w-post-elm post_title usg_post_title_1 entry-title color_link_inherit\"><a href=\"https:\/\/rau.de\/en\/2019\/06\/11\/youtube-tv-report-company-rau-geosystem-noise-protection-wall\/\">RAU Noise Barriers: Reportage<\/a><\/h2><div class=\"w-hwrapper usg_hwrapper_1 has_text_color align_left valign_top wrap\"><\/div><a class=\"w-btn us-btn-style_2 usg_btn_1\" href=\"https:\/\/rau.de\/en\/2019\/06\/11\/youtube-tv-report-company-rau-geosystem-noise-protection-wall\/\"><span class=\"w-btn-label\">Continue<\/span><\/a>\t\t<\/div>\r\n\t<\/article>\r\n\t<article class=\"w-grid-item size_1x1 post-8069 post type-post status-publish format-video has-post-thumbnail hentry category-video-en post_format-post-format-video\" data-id=\"8069\">\r\n\t\t<div class=\"w-grid-item-h\">\r\n\t\t\t\t\t\t<div class=\"w-post-elm post_image usg_post_image_1 stretched media_preview\"><div class=\"w-video align_none ratio_16x9 has_iframe\"><div class=\"w-video-h\"><iframe title=\"Youtube video player\" src=\"\/\/www.youtube.com\/embed\/ljMt_zHSaLM?autoplay=0&controls=1&origin=https:\/\/rau.de\/en\/&loop=0&mute=0\" allowfullscreen=\"1\" loading=\"lazy\"><\/iframe><\/div><div class=\"w-video-icon\" style=\"font-size:1.5rem;background:rgba(0,0,0,0.5);color:#fff\"><\/div><\/div><\/div><h2 class=\"w-post-elm post_title usg_post_title_1 entry-title color_link_inherit\"><a href=\"https:\/\/rau.de\/en\/2019\/06\/11\/construction-of-a-noise-protection-barrier-in-2-minutes\/\">Construction of a noise protection barrier in 2 minutes<\/a><\/h2><div class=\"w-hwrapper usg_hwrapper_1 has_text_color align_left valign_top wrap\"><\/div><a class=\"w-btn us-btn-style_2 usg_btn_1\" href=\"https:\/\/rau.de\/en\/2019\/06\/11\/construction-of-a-noise-protection-barrier-in-2-minutes\/\"><span class=\"w-btn-label\">Continue<\/span><\/a>\t\t<\/div>\r\n\t<\/article>\r\n\t<article class=\"w-grid-item size_1x1 post-8160 post type-post status-publish format-video has-post-thumbnail hentry category-video-en post_format-post-format-video\" data-id=\"8160\">\r\n\t\t<div class=\"w-grid-item-h\">\r\n\t\t\t\t\t\t<div class=\"w-post-elm post_image usg_post_image_1 stretched media_preview\"><div class=\"w-video align_none ratio_16x9 has_iframe\"><div class=\"w-video-h\"><iframe title=\"Youtube video player\" src=\"\/\/www.youtube.com\/embed\/9w28F6iuAL4?autoplay=0&controls=1&origin=https:\/\/rau.de\/en\/&loop=0&mute=0\" allowfullscreen=\"1\" loading=\"lazy\"><\/iframe><\/div><div class=\"w-video-icon\" style=\"font-size:1.5rem;background:rgba(0,0,0,0.5);color:#fff\"><\/div><\/div><\/div><h2 class=\"w-post-elm post_title usg_post_title_1 entry-title color_link_inherit\"><a href=\"https:\/\/rau.de\/en\/2019\/06\/07\/planting-on-the-noise-protection-barrier-in-raesfeld\/\">Planting on the noise protection barrier in Raesfeld<\/a><\/h2><div class=\"w-hwrapper usg_hwrapper_1 has_text_color align_left valign_top wrap\"><\/div><a class=\"w-btn us-btn-style_2 usg_btn_1\" href=\"https:\/\/rau.de\/en\/2019\/06\/07\/planting-on-the-noise-protection-barrier-in-raesfeld\/\"><span class=\"w-btn-label\">Continue<\/span><\/a>\t\t<\/div>\r\n\t<\/article>\r\n\t<article class=\"w-grid-item size_1x1 post-8107 post type-post status-publish format-standard has-post-thumbnail hentry category-news-en\" data-id=\"8107\">\r\n\t\t<div class=\"w-grid-item-h\">\r\n\t\t\t\t\t\t<div class=\"w-post-elm post_image usg_post_image_1 stretched\"><a href=\"https:\/\/rau.de\/en\/2019\/06\/05\/soundproofing-for-half-an-eternity\/\" aria-label=\"Soundproofing for half an eternity\"><img loading=\"lazy\" decoding=\"async\" width=\"1024\" height=\"653\" src=\"https:\/\/rau.de\/wp-content\/uploads\/zeitungsartikel-zepernicker-chausse-bernau-1024x653-1-1.jpg\" class=\"attachment-large size-large wp-post-image\" alt=\"\" srcset=\"https:\/\/rau.de\/wp-content\/uploads\/zeitungsartikel-zepernicker-chausse-bernau-1024x653-1-1.jpg 1024w, https:\/\/rau.de\/wp-content\/uploads\/zeitungsartikel-zepernicker-chausse-bernau-1024x653-1-1-300x191.jpg 300w\" sizes=\"auto, (max-width: 1024px) 100vw, 1024px\" \/><\/a><\/div><h2 class=\"w-post-elm post_title usg_post_title_1 entry-title color_link_inherit\"><a href=\"https:\/\/rau.de\/en\/2019\/06\/05\/soundproofing-for-half-an-eternity\/\">Soundproofing for half an eternity<\/a><\/h2><div class=\"w-hwrapper usg_hwrapper_1 has_text_color align_left valign_top wrap\"><\/div><a class=\"w-btn us-btn-style_2 usg_btn_1\" href=\"https:\/\/rau.de\/en\/2019\/06\/05\/soundproofing-for-half-an-eternity\/\"><span class=\"w-btn-label\">Continue<\/span><\/a>\t\t<\/div>\r\n\t<\/article>\r\n\t<article class=\"w-grid-item size_1x1 post-8185 post type-post status-publish format-video has-post-thumbnail hentry category-video-en post_format-post-format-video\" data-id=\"8185\">\r\n\t\t<div class=\"w-grid-item-h\">\r\n\t\t\t\t\t\t<div class=\"w-post-elm post_image usg_post_image_1 stretched media_preview\"><div class=\"w-video align_none ratio_16x9 has_iframe\"><div class=\"w-video-h\"><iframe title=\"Youtube video player\" src=\"\/\/www.youtube.com\/embed\/EglvrZzMcT8?autoplay=0&controls=1&origin=https:\/\/rau.de\/en\/&loop=0&mute=0\" allowfullscreen=\"1\" loading=\"lazy\"><\/iframe><\/div><div class=\"w-video-icon\" style=\"font-size:1.5rem;background:rgba(0,0,0,0.5);color:#fff\"><\/div><\/div><\/div><h2 class=\"w-post-elm post_title usg_post_title_1 entry-title color_link_inherit\"><a href=\"https:\/\/rau.de\/en\/2019\/06\/05\/rau-noise-protection-barriers\/\">Rau noise protection barriers<\/a><\/h2><div class=\"w-hwrapper usg_hwrapper_1 has_text_color align_left valign_top wrap\"><\/div><a class=\"w-btn us-btn-style_2 usg_btn_1\" href=\"https:\/\/rau.de\/en\/2019\/06\/05\/rau-noise-protection-barriers\/\"><span class=\"w-btn-label\">Continue<\/span><\/a>\t\t<\/div>\r\n\t<\/article>\r\n<\/div><div class=\"w-grid-preloader\">\t<div class=\"g-preloader type_1\">\r\n\t\t<div><\/div>\r\n\t<\/div>\r\n\t<\/div>\t<div class=\"w-grid-json hidden\" onclick='return {&quot;action&quot;:&quot;us_ajax_grid&quot;,&quot;ajax_url&quot;:&quot;https:\\\/\\\/rau.de\\\/wp-admin\\\/admin-ajax.php&quot;,&quot;infinite_scroll&quot;:0,&quot;max_num_pages&quot;:1,&quot;pagination&quot;:&quot;none&quot;,&quot;template_vars&quot;:{&quot;columns&quot;:&quot;3&quot;,&quot;exclude_items&quot;:&quot;none&quot;,&quot;img_size&quot;:&quot;default&quot;,&quot;ignore_items_size&quot;:0,&quot;items_layout&quot;:&quot;21931&quot;,&quot;items_offset&quot;:&quot;1&quot;,&quot;load_animation&quot;:&quot;none&quot;,&quot;overriding_link&quot;:&quot;{\\&quot;url\\&quot;:\\&quot;\\&quot;}&quot;,&quot;post_id&quot;:0,&quot;query_args&quot;:{&quot;post_type&quot;:[&quot;post&quot;],&quot;post_status&quot;:[&quot;publish&quot;],&quot;posts_per_page&quot;:999},&quot;orderby_query_args&quot;:{&quot;orderby&quot;:{&quot;date&quot;:&quot;DESC&quot;}},&quot;type&quot;:&quot;grid&quot;,&quot;us_grid_ajax_index&quot;:1,&quot;us_grid_filter_params&quot;:[],&quot;us_grid_index&quot;:1,&quot;_us_grid_post_type&quot;:&quot;post&quot;,&quot;page_args&quot;:[],&quot;lang&quot;:&quot;en&quot;}}'><\/div>\r\n\t<\/div><\/div><\/div><\/div><\/div><\/div><\/div><\/div><div class=\"vc_col-sm-12 wpb_column vc_column_container\"><div class=\"vc_column-inner\"><div class=\"wpb_wrapper\"><\/div><\/div><\/div><\/div><\/div><\/section>\n","protected":false},"excerpt":{"rendered":"Rau noise protection barriers","protected":false},"author":1,"featured_media":0,"parent":0,"menu_order":0,"comment_status":"closed","ping_status":"closed","template":"","meta":{"footnotes":""},"class_list":["post-950","page","type-page","status-publish","hentry"],"yoast_head":"<!-- This site is optimized with the Yoast SEO plugin v27.4 - https:\/\/yoast.com\/product\/yoast-seo-wordpress\/ -->\n<title>Green noise protection | Current-news | Discover now \ud83c\udf31\ud83c\udf43<\/title>\n<meta name=\"description\" content=\"\ud83c\udf31 Exciting articles! | Reports to our green noise barriers! \ud83c\udf41 | Construction of a 3 meter noise barrier in 2 minutes!\" \/>\n<meta name=\"robots\" content=\"index, follow, max-snippet:-1, max-image-preview:large, max-video-preview:-1\" \/>\n<link rel=\"canonical\" href=\"https:\/\/rau.de\/en\/latest-news-galleries-videos\/\" \/>\n<meta property=\"og:locale\" content=\"en_US\" \/>\n<meta property=\"og:type\" content=\"article\" \/>\n<meta property=\"og:title\" content=\"Green noise protection | Current-news | Discover now \ud83c\udf31\ud83c\udf43\" \/>\n<meta property=\"og:description\" content=\"\ud83c\udf31 Exciting articles! | Reports to our green noise barriers! \ud83c\udf41 | Construction of a 3 meter noise barrier in 2 minutes!\" \/>\n<meta property=\"og:url\" content=\"https:\/\/rau.de\/en\/latest-news-galleries-videos\/\" \/>\n<meta property=\"og:site_name\" content=\"Rau | L\u00e4rmschutzw\u00e4nde\" \/>\n<meta property=\"article:modified_time\" content=\"2021-10-25T12:48:19+00:00\" \/>\n<meta property=\"og:image\" content=\"https:\/\/rau.de\/wp-content\/uploads\/rau.de-begruente-laermschutzwand-2015-08-23-sonderteile-2.jpg\" \/>\n\t<meta property=\"og:image:width\" content=\"1920\" \/>\n\t<meta property=\"og:image:height\" content=\"1146\" \/>\n\t<meta property=\"og:image:type\" content=\"image\/jpeg\" \/>\n<meta name=\"twitter:card\" content=\"summary_large_image\" \/>\n<meta name=\"twitter:label1\" content=\"Est. reading time\" \/>\n\t<meta name=\"twitter:data1\" content=\"1 minute\" \/>\n<script type=\"application\/ld+json\" class=\"yoast-schema-graph\">{\"@context\":\"https:\\\/\\\/schema.org\",\"@graph\":[{\"@type\":\"WebPage\",\"@id\":\"https:\\\/\\\/rau.de\\\/en\\\/latest-news-galleries-videos\\\/\",\"url\":\"https:\\\/\\\/rau.de\\\/en\\\/latest-news-galleries-videos\\\/\",\"name\":\"Green noise protection | Current-news | Discover now \ud83c\udf31\ud83c\udf43\",\"isPartOf\":{\"@id\":\"https:\\\/\\\/rau.de\\\/en\\\/#website\"},\"datePublished\":\"2019-08-05T13:06:35+00:00\",\"dateModified\":\"2021-10-25T12:48:19+00:00\",\"description\":\"\ud83c\udf31 Exciting articles! | Reports to our green noise barriers! \ud83c\udf41 | Construction of a 3 meter noise barrier in 2 minutes!\",\"breadcrumb\":{\"@id\":\"https:\\\/\\\/rau.de\\\/en\\\/latest-news-galleries-videos\\\/#breadcrumb\"},\"inLanguage\":\"en-US\",\"potentialAction\":[{\"@type\":\"ReadAction\",\"target\":[\"https:\\\/\\\/rau.de\\\/en\\\/latest-news-galleries-videos\\\/\"]}]},{\"@type\":\"BreadcrumbList\",\"@id\":\"https:\\\/\\\/rau.de\\\/en\\\/latest-news-galleries-videos\\\/#breadcrumb\",\"itemListElement\":[{\"@type\":\"ListItem\",\"position\":1,\"name\":\"Startseite\",\"item\":\"https:\\\/\\\/rau.de\\\/en\\\/\"},{\"@type\":\"ListItem\",\"position\":2,\"name\":\"Latest News, Galleries &#038; Videos\"}]},{\"@type\":\"WebSite\",\"@id\":\"https:\\\/\\\/rau.de\\\/en\\\/#website\",\"url\":\"https:\\\/\\\/rau.de\\\/en\\\/\",\"name\":\"Rau | L\u00e4rmschutzw\u00e4nde\",\"description\":\"Entwicklung und Umsetzung von L\u00e4rmschutzwand und Schallschutzwand\",\"publisher\":{\"@id\":\"https:\\\/\\\/rau.de\\\/en\\\/#organization\"},\"potentialAction\":[{\"@type\":\"SearchAction\",\"target\":{\"@type\":\"EntryPoint\",\"urlTemplate\":\"https:\\\/\\\/rau.de\\\/en\\\/?s={search_term_string}\"},\"query-input\":{\"@type\":\"PropertyValueSpecification\",\"valueRequired\":true,\"valueName\":\"search_term_string\"}}],\"inLanguage\":\"en-US\"},{\"@type\":\"Organization\",\"@id\":\"https:\\\/\\\/rau.de\\\/en\\\/#organization\",\"name\":\"RAU L\u00e4rmschutzw\u00e4nde \u2013 Geosystem GBK GmbH\",\"url\":\"https:\\\/\\\/rau.de\\\/en\\\/\",\"logo\":{\"@type\":\"ImageObject\",\"inLanguage\":\"en-US\",\"@id\":\"https:\\\/\\\/rau.de\\\/en\\\/#\\\/schema\\\/logo\\\/image\\\/\",\"url\":\"https:\\\/\\\/rau.de\\\/wp-content\\\/uploads\\\/web_logo.png\",\"contentUrl\":\"https:\\\/\\\/rau.de\\\/wp-content\\\/uploads\\\/web_logo.png\",\"width\":249,\"height\":127,\"caption\":\"RAU L\u00e4rmschutzw\u00e4nde \u2013 Geosystem GBK GmbH\"},\"image\":{\"@id\":\"https:\\\/\\\/rau.de\\\/en\\\/#\\\/schema\\\/logo\\\/image\\\/\"}}]}<\/script>\n<!-- \/ Yoast SEO plugin. -->","yoast_head_json":{"title":"Green noise protection | Current-news | Discover now \ud83c\udf31\ud83c\udf43","description":"\ud83c\udf31 Exciting articles! | Reports to our green noise barriers! \ud83c\udf41 | Construction of a 3 meter noise barrier in 2 minutes!","robots":{"index":"index","follow":"follow","max-snippet":"max-snippet:-1","max-image-preview":"max-image-preview:large","max-video-preview":"max-video-preview:-1"},"canonical":"https:\/\/rau.de\/en\/latest-news-galleries-videos\/","og_locale":"en_US","og_type":"article","og_title":"Green noise protection | Current-news | Discover now \ud83c\udf31\ud83c\udf43","og_description":"\ud83c\udf31 Exciting articles! | Reports to our green noise barriers! \ud83c\udf41 | Construction of a 3 meter noise barrier in 2 minutes!","og_url":"https:\/\/rau.de\/en\/latest-news-galleries-videos\/","og_site_name":"Rau | L\u00e4rmschutzw\u00e4nde","article_modified_time":"2021-10-25T12:48:19+00:00","og_image":[{"width":1920,"height":1146,"url":"https:\/\/rau.de\/wp-content\/uploads\/rau.de-begruente-laermschutzwand-2015-08-23-sonderteile-2.jpg","type":"image\/jpeg"}],"twitter_card":"summary_large_image","twitter_misc":{"Est. reading time":"1 minute"},"schema":{"@context":"https:\/\/schema.org","@graph":[{"@type":"WebPage","@id":"https:\/\/rau.de\/en\/latest-news-galleries-videos\/","url":"https:\/\/rau.de\/en\/latest-news-galleries-videos\/","name":"Green noise protection | Current-news | Discover now \ud83c\udf31\ud83c\udf43","isPartOf":{"@id":"https:\/\/rau.de\/en\/#website"},"datePublished":"2019-08-05T13:06:35+00:00","dateModified":"2021-10-25T12:48:19+00:00","description":"\ud83c\udf31 Exciting articles! | Reports to our green noise barriers! \ud83c\udf41 | Construction of a 3 meter noise barrier in 2 minutes!","breadcrumb":{"@id":"https:\/\/rau.de\/en\/latest-news-galleries-videos\/#breadcrumb"},"inLanguage":"en-US","potentialAction":[{"@type":"ReadAction","target":["https:\/\/rau.de\/en\/latest-news-galleries-videos\/"]}]},{"@type":"BreadcrumbList","@id":"https:\/\/rau.de\/en\/latest-news-galleries-videos\/#breadcrumb","itemListElement":[{"@type":"ListItem","position":1,"name":"Startseite","item":"https:\/\/rau.de\/en\/"},{"@type":"ListItem","position":2,"name":"Latest News, Galleries &#038; Videos"}]},{"@type":"WebSite","@id":"https:\/\/rau.de\/en\/#website","url":"https:\/\/rau.de\/en\/","name":"Rau | L\u00e4rmschutzw\u00e4nde","description":"Entwicklung und Umsetzung von L\u00e4rmschutzwand und Schallschutzwand","publisher":{"@id":"https:\/\/rau.de\/en\/#organization"},"potentialAction":[{"@type":"SearchAction","target":{"@type":"EntryPoint","urlTemplate":"https:\/\/rau.de\/en\/?s={search_term_string}"},"query-input":{"@type":"PropertyValueSpecification","valueRequired":true,"valueName":"search_term_string"}}],"inLanguage":"en-US"},{"@type":"Organization","@id":"https:\/\/rau.de\/en\/#organization","name":"RAU L\u00e4rmschutzw\u00e4nde \u2013 Geosystem GBK GmbH","url":"https:\/\/rau.de\/en\/","logo":{"@type":"ImageObject","inLanguage":"en-US","@id":"https:\/\/rau.de\/en\/#\/schema\/logo\/image\/","url":"https:\/\/rau.de\/wp-content\/uploads\/web_logo.png","contentUrl":"https:\/\/rau.de\/wp-content\/uploads\/web_logo.png","width":249,"height":127,"caption":"RAU L\u00e4rmschutzw\u00e4nde \u2013 Geosystem GBK GmbH"},"image":{"@id":"https:\/\/rau.de\/en\/#\/schema\/logo\/image\/"}}]}},"_links":{"self":[{"href":"https:\/\/rau.de\/en\/wp-json\/wp\/v2\/pages\/950","targetHints":{"allow":["GET"]}}],"collection":[{"href":"https:\/\/rau.de\/en\/wp-json\/wp\/v2\/pages"}],"about":[{"href":"https:\/\/rau.de\/en\/wp-json\/wp\/v2\/types\/page"}],"author":[{"embeddable":true,"href":"https:\/\/rau.de\/en\/wp-json\/wp\/v2\/users\/1"}],"replies":[{"embeddable":true,"href":"https:\/\/rau.de\/en\/wp-json\/wp\/v2\/comments?post=950"}],"version-history":[{"count":6,"href":"https:\/\/rau.de\/en\/wp-json\/wp\/v2\/pages\/950\/revisions"}],"predecessor-version":[{"id":21935,"href":"https:\/\/rau.de\/en\/wp-json\/wp\/v2\/pages\/950\/revisions\/21935"}],"wp:attachment":[{"href":"https:\/\/rau.de\/en\/wp-json\/wp\/v2\/media?parent=950"}],"curies":[{"name":"wp","href":"https:\/\/api.w.org\/{rel}","templated":true}]}}