{"id":711,"date":"2019-08-01T18:04:09","date_gmt":"2019-08-01T16:04:09","guid":{"rendered":"http:\/\/rau.kundendemo.com\/?page_id=711"},"modified":"2020-06-02T12:20:16","modified_gmt":"2020-06-02T10:20:16","slug":"services","status":"publish","type":"page","link":"https:\/\/rau.de\/en\/services\/","title":{"rendered":"Services"},"content":{"rendered":"<section class=\"l-section wpb_row height_medium full_height valign_center with_img\" id=\"kontakt\"><div class=\"l-section-img\" role=\"img\" data-img-width=\"2000\" data-img-height=\"1122\" style=\"background-image: url(https:\/\/rau.de\/wp-content\/uploads\/bg.jpg);\"><\/div><div class=\"l-section-h i-cf\"><div class=\"g-cols vc_row via_flex valign_top type_default stacking_default\"><div class=\"vc_col-sm-12 wpb_column vc_column_container\"><div class=\"vc_column-inner\"><div class=\"wpb_wrapper\"><div class=\"g-cols wpb_row content_top via_flex valign_top type_default stacking_default\"><div class=\"vc_col-sm-12 wpb_column vc_column_container\"><div class=\"vc_column-inner\"><div class=\"wpb_wrapper\"><h1 class=\"w-post-elm post_title entry-title color_link_inherit\">Services<\/h1><\/div><\/div><\/div><\/div><div class=\"g-cols wpb_row us_custom_4fb9e5a3 content_text via_flex valign_top type_default stacking_default\"><div class=\"vc_col-sm-8 wpb_column vc_column_container\"><div class=\"vc_column-inner\"><div class=\"wpb_wrapper\"><div class=\"wpb_text_column mb-30\"><div class=\"wpb_wrapper\"><h2>Consultation<\/h2>\n<p>Do you want things to be quieter? Cleaner? More effective? Greener? The employees and associated specialist engineers at RAU listen, look, analyse and provide comprehensive and competent consultation. They provide clarification regarding any queries you might have as to the solution most suitable for your requirements and environment. With RAU, almost anything is possible when it comes to protection against noise. Simply get in touch with us.<\/p>\n<h2>Services<\/h2>\n<p>In order to be able to immediately respond to the rare care and maintenance issues that may arise, one or more service lines are available at all times to address your concerns.<\/p>\n<h2>Planning<\/h2>\n<p>Now the detail begins: What is the situation regarding space requirements, the positioning of the barrier and the barrier height? How do you put together design plans, invitations to tender and expert noise protection reports? Which vegetation is most suitable and what care do the plants require? We take care of all planning tasks on your behalf, and support you with our expertise in order to guarantee a smooth construction process.<\/p>\n<h2>Barrier construction<\/h2>\n<p>The choice is yours: Would you like your noise barrier to be produced and maintained by us, with a complete construction package? Alternatively we can deliver the construction kit only. Construction can then be carried out by a local company or you can do it yourself. Let us know your basic requirements and possibilities \u2013 and we will find the best solution for you.<\/p>\n<\/div><\/div><\/div><\/div><\/div><div class=\"vc_col-sm-4 wpb_column vc_column_container\"><div class=\"vc_column-inner\"><div class=\"wpb_wrapper\">[vc_widget_sidebar sidebar_id=&#8221;us_widget_area_kontakt&#8221; el_class=&#8221;side_contact&#8221;]<\/div><\/div><\/div><\/div><\/div><\/div><\/div><\/div><\/div><\/section>\n","protected":false},"excerpt":{"rendered":"ServicesConsultation Do you want things to be quieter? Cleaner? More effective? Greener? The employees and associated specialist engineers at RAU listen, look, analyse and provide comprehensive and competent consultation. They provide clarification regarding any queries you might have as to the solution most suitable for your requirements and environment. With RAU, almost anything is possible...","protected":false},"author":1,"featured_media":0,"parent":0,"menu_order":0,"comment_status":"closed","ping_status":"closed","template":"","meta":{"footnotes":""},"class_list":["post-711","page","type-page","status-publish","hentry"],"yoast_head":"<!-- This site is optimized with the Yoast SEO plugin v27.4 - https:\/\/yoast.com\/product\/yoast-seo-wordpress\/ -->\n<title>Services | L\u00e4rmschutzwand und Schallschutzwand !<\/title>\n<meta name=\"description\" content=\"Services | Entwicklung und Umsetzung von L\u00e4rmschutzwand und Schallschutzwandan Stra\u00dfen, Bahnstrecken und f\u00fcr St\u00e4dte und Industrie | rau.de\" \/>\n<meta name=\"robots\" content=\"index, follow, max-snippet:-1, max-image-preview:large, max-video-preview:-1\" \/>\n<link rel=\"canonical\" href=\"https:\/\/rau.de\/en\/services\/\" \/>\n<meta property=\"og:locale\" content=\"en_US\" \/>\n<meta property=\"og:type\" content=\"article\" \/>\n<meta property=\"og:title\" content=\"Services | L\u00e4rmschutzwand und Schallschutzwand !\" \/>\n<meta property=\"og:description\" content=\"Services | Entwicklung und Umsetzung von L\u00e4rmschutzwand und Schallschutzwandan Stra\u00dfen, Bahnstrecken und f\u00fcr St\u00e4dte und Industrie | rau.de\" \/>\n<meta property=\"og:url\" content=\"https:\/\/rau.de\/en\/services\/\" \/>\n<meta property=\"og:site_name\" content=\"Rau | L\u00e4rmschutzw\u00e4nde\" \/>\n<meta property=\"article:modified_time\" content=\"2020-06-02T10:20:16+00:00\" \/>\n<meta property=\"og:image\" content=\"https:\/\/rau.de\/wp-content\/uploads\/rau.de-begruente-laermschutzwand-2015-08-23-sonderteile-2.jpg\" \/>\n\t<meta property=\"og:image:width\" content=\"1920\" \/>\n\t<meta property=\"og:image:height\" content=\"1146\" \/>\n\t<meta property=\"og:image:type\" content=\"image\/jpeg\" \/>\n<meta name=\"twitter:card\" content=\"summary_large_image\" \/>\n<meta name=\"twitter:label1\" content=\"Est. reading time\" \/>\n\t<meta name=\"twitter:data1\" content=\"2 minutes\" \/>\n<script type=\"application\/ld+json\" class=\"yoast-schema-graph\">{\"@context\":\"https:\\\/\\\/schema.org\",\"@graph\":[{\"@type\":\"WebPage\",\"@id\":\"https:\\\/\\\/rau.de\\\/en\\\/services\\\/\",\"url\":\"https:\\\/\\\/rau.de\\\/en\\\/services\\\/\",\"name\":\"Services | L\u00e4rmschutzwand und Schallschutzwand !\",\"isPartOf\":{\"@id\":\"https:\\\/\\\/rau.de\\\/en\\\/#website\"},\"datePublished\":\"2019-08-01T16:04:09+00:00\",\"dateModified\":\"2020-06-02T10:20:16+00:00\",\"description\":\"Services | Entwicklung und Umsetzung von L\u00e4rmschutzwand und Schallschutzwandan Stra\u00dfen, Bahnstrecken und f\u00fcr St\u00e4dte und Industrie | rau.de\",\"breadcrumb\":{\"@id\":\"https:\\\/\\\/rau.de\\\/en\\\/services\\\/#breadcrumb\"},\"inLanguage\":\"en-US\",\"potentialAction\":[{\"@type\":\"ReadAction\",\"target\":[\"https:\\\/\\\/rau.de\\\/en\\\/services\\\/\"]}]},{\"@type\":\"BreadcrumbList\",\"@id\":\"https:\\\/\\\/rau.de\\\/en\\\/services\\\/#breadcrumb\",\"itemListElement\":[{\"@type\":\"ListItem\",\"position\":1,\"name\":\"Startseite\",\"item\":\"https:\\\/\\\/rau.de\\\/en\\\/\"},{\"@type\":\"ListItem\",\"position\":2,\"name\":\"Services\"}]},{\"@type\":\"WebSite\",\"@id\":\"https:\\\/\\\/rau.de\\\/en\\\/#website\",\"url\":\"https:\\\/\\\/rau.de\\\/en\\\/\",\"name\":\"Rau | L\u00e4rmschutzw\u00e4nde\",\"description\":\"Entwicklung und Umsetzung von L\u00e4rmschutzwand und Schallschutzwand\",\"publisher\":{\"@id\":\"https:\\\/\\\/rau.de\\\/en\\\/#organization\"},\"potentialAction\":[{\"@type\":\"SearchAction\",\"target\":{\"@type\":\"EntryPoint\",\"urlTemplate\":\"https:\\\/\\\/rau.de\\\/en\\\/?s={search_term_string}\"},\"query-input\":{\"@type\":\"PropertyValueSpecification\",\"valueRequired\":true,\"valueName\":\"search_term_string\"}}],\"inLanguage\":\"en-US\"},{\"@type\":\"Organization\",\"@id\":\"https:\\\/\\\/rau.de\\\/en\\\/#organization\",\"name\":\"RAU L\u00e4rmschutzw\u00e4nde \u2013 Geosystem GBK GmbH\",\"url\":\"https:\\\/\\\/rau.de\\\/en\\\/\",\"logo\":{\"@type\":\"ImageObject\",\"inLanguage\":\"en-US\",\"@id\":\"https:\\\/\\\/rau.de\\\/en\\\/#\\\/schema\\\/logo\\\/image\\\/\",\"url\":\"https:\\\/\\\/rau.de\\\/wp-content\\\/uploads\\\/web_logo.png\",\"contentUrl\":\"https:\\\/\\\/rau.de\\\/wp-content\\\/uploads\\\/web_logo.png\",\"width\":249,\"height\":127,\"caption\":\"RAU L\u00e4rmschutzw\u00e4nde \u2013 Geosystem GBK GmbH\"},\"image\":{\"@id\":\"https:\\\/\\\/rau.de\\\/en\\\/#\\\/schema\\\/logo\\\/image\\\/\"}}]}<\/script>\n<!-- \/ Yoast SEO plugin. -->","yoast_head_json":{"title":"Services | L\u00e4rmschutzwand und Schallschutzwand !","description":"Services | Entwicklung und Umsetzung von L\u00e4rmschutzwand und Schallschutzwandan Stra\u00dfen, Bahnstrecken und f\u00fcr St\u00e4dte und Industrie | rau.de","robots":{"index":"index","follow":"follow","max-snippet":"max-snippet:-1","max-image-preview":"max-image-preview:large","max-video-preview":"max-video-preview:-1"},"canonical":"https:\/\/rau.de\/en\/services\/","og_locale":"en_US","og_type":"article","og_title":"Services | L\u00e4rmschutzwand und Schallschutzwand !","og_description":"Services | Entwicklung und Umsetzung von L\u00e4rmschutzwand und Schallschutzwandan Stra\u00dfen, Bahnstrecken und f\u00fcr St\u00e4dte und Industrie | rau.de","og_url":"https:\/\/rau.de\/en\/services\/","og_site_name":"Rau | L\u00e4rmschutzw\u00e4nde","article_modified_time":"2020-06-02T10:20:16+00:00","og_image":[{"width":1920,"height":1146,"url":"https:\/\/rau.de\/wp-content\/uploads\/rau.de-begruente-laermschutzwand-2015-08-23-sonderteile-2.jpg","type":"image\/jpeg"}],"twitter_card":"summary_large_image","twitter_misc":{"Est. reading time":"2 minutes"},"schema":{"@context":"https:\/\/schema.org","@graph":[{"@type":"WebPage","@id":"https:\/\/rau.de\/en\/services\/","url":"https:\/\/rau.de\/en\/services\/","name":"Services | L\u00e4rmschutzwand und Schallschutzwand !","isPartOf":{"@id":"https:\/\/rau.de\/en\/#website"},"datePublished":"2019-08-01T16:04:09+00:00","dateModified":"2020-06-02T10:20:16+00:00","description":"Services | Entwicklung und Umsetzung von L\u00e4rmschutzwand und Schallschutzwandan Stra\u00dfen, Bahnstrecken und f\u00fcr St\u00e4dte und Industrie | rau.de","breadcrumb":{"@id":"https:\/\/rau.de\/en\/services\/#breadcrumb"},"inLanguage":"en-US","potentialAction":[{"@type":"ReadAction","target":["https:\/\/rau.de\/en\/services\/"]}]},{"@type":"BreadcrumbList","@id":"https:\/\/rau.de\/en\/services\/#breadcrumb","itemListElement":[{"@type":"ListItem","position":1,"name":"Startseite","item":"https:\/\/rau.de\/en\/"},{"@type":"ListItem","position":2,"name":"Services"}]},{"@type":"WebSite","@id":"https:\/\/rau.de\/en\/#website","url":"https:\/\/rau.de\/en\/","name":"Rau | L\u00e4rmschutzw\u00e4nde","description":"Entwicklung und Umsetzung von L\u00e4rmschutzwand und Schallschutzwand","publisher":{"@id":"https:\/\/rau.de\/en\/#organization"},"potentialAction":[{"@type":"SearchAction","target":{"@type":"EntryPoint","urlTemplate":"https:\/\/rau.de\/en\/?s={search_term_string}"},"query-input":{"@type":"PropertyValueSpecification","valueRequired":true,"valueName":"search_term_string"}}],"inLanguage":"en-US"},{"@type":"Organization","@id":"https:\/\/rau.de\/en\/#organization","name":"RAU L\u00e4rmschutzw\u00e4nde \u2013 Geosystem GBK GmbH","url":"https:\/\/rau.de\/en\/","logo":{"@type":"ImageObject","inLanguage":"en-US","@id":"https:\/\/rau.de\/en\/#\/schema\/logo\/image\/","url":"https:\/\/rau.de\/wp-content\/uploads\/web_logo.png","contentUrl":"https:\/\/rau.de\/wp-content\/uploads\/web_logo.png","width":249,"height":127,"caption":"RAU L\u00e4rmschutzw\u00e4nde \u2013 Geosystem GBK GmbH"},"image":{"@id":"https:\/\/rau.de\/en\/#\/schema\/logo\/image\/"}}]}},"_links":{"self":[{"href":"https:\/\/rau.de\/en\/wp-json\/wp\/v2\/pages\/711","targetHints":{"allow":["GET"]}}],"collection":[{"href":"https:\/\/rau.de\/en\/wp-json\/wp\/v2\/pages"}],"about":[{"href":"https:\/\/rau.de\/en\/wp-json\/wp\/v2\/types\/page"}],"author":[{"embeddable":true,"href":"https:\/\/rau.de\/en\/wp-json\/wp\/v2\/users\/1"}],"replies":[{"embeddable":true,"href":"https:\/\/rau.de\/en\/wp-json\/wp\/v2\/comments?post=711"}],"version-history":[{"count":4,"href":"https:\/\/rau.de\/en\/wp-json\/wp\/v2\/pages\/711\/revisions"}],"predecessor-version":[{"id":5607,"href":"https:\/\/rau.de\/en\/wp-json\/wp\/v2\/pages\/711\/revisions\/5607"}],"wp:attachment":[{"href":"https:\/\/rau.de\/en\/wp-json\/wp\/v2\/media?parent=711"}],"curies":[{"name":"wp","href":"https:\/\/api.w.org\/{rel}","templated":true}]}}