{"id":27059,"date":"2024-01-17T17:20:31","date_gmt":"2024-01-17T16:20:31","guid":{"rendered":"https:\/\/rau.de\/?page_id=27059"},"modified":"2024-01-17T17:20:31","modified_gmt":"2024-01-17T16:20:31","slug":"noise-barrier-costs-and-factors","status":"publish","type":"page","link":"https:\/\/rau.de\/en\/noise-barrier-costs-and-factors\/","title":{"rendered":"RAU noise barriers: costs and factors"},"content":{"rendered":"<section class=\"l-section wpb_row height_medium with_img parallax_fixed\"><div class=\"l-section-img\" role=\"img\" data-img-width=\"2000\" data-img-height=\"1122\" style=\"background-image: url(https:\/\/rau.de\/wp-content\/uploads\/bg.jpg);background-repeat: no-repeat;\"><\/div><div class=\"l-section-h i-cf\"><div class=\"g-cols vc_row via_flex valign_top type_default stacking_default\"><div class=\"vc_col-sm-12 wpb_column vc_column_container\"><div class=\"vc_column-inner\"><div class=\"wpb_wrapper\"><div class=\"g-cols wpb_row content_top via_flex valign_top type_default stacking_default\"><div class=\"vc_col-sm-12 wpb_column vc_column_container\"><div class=\"vc_column-inner\"><div class=\"wpb_wrapper\"><h1 class=\"w-post-elm post_title entry-title color_link_inherit\">RAU noise barriers: costs and factors<\/h1><\/div><\/div><\/div><\/div><div class=\"g-cols wpb_row us_custom_4fb9e5a3 content_text via_flex valign_top type_default stacking_default\"><div class=\"vc_col-sm-12 wpb_column vc_column_container\"><div class=\"vc_column-inner\"><div class=\"wpb_wrapper\"><div class=\"wpb_text_column\"><div class=\"wpb_wrapper\"><p>Green noise barriers offer a variety of benefits. They create visual barriers between busy roads or industrial areas and the adjacent environment and protect residential areas from car and rail traffic noises. Moreover, RAU&#8217;s green noise barriers are 100 percent ecological. Thus, the noise protection with its natural look provides a plant-lined ambience and creates both visual and acoustic barriers.<\/p>\n<\/div><\/div><div class=\"w-separator size_medium\"><\/div><div class=\"wpb_text_column\"><div class=\"wpb_wrapper\"><h2>This is what noise barriers by RAU offer you<\/h2>\n<p>The noise barriers by RAU are convincing not only because of their low prices, but also because of their sustainable properties. They are\u2026<\/p>\n<ul>\n<li>fine dust reductive<\/li>\n<li>low maintenance<\/li>\n<li>cost-effective<\/li>\n<li>highly absorbent<\/li>\n<li>100 percent ecological<\/li>\n<\/ul>\n<p>To build the right noise barrier for your needs, our engineers assess the conditions before construction begins. This includes, among other things, space, location, and wall height. In this way, we can plan and build a customised, eco-friendly sound barrier for you, too, to specifically meet your specifications.<\/p>\n<\/div><\/div><div class=\"w-separator size_medium\"><\/div><div class=\"wpb_text_column\"><div class=\"wpb_wrapper\"><h2>What costs should you expect for your construction project?<\/h2>\n<p>The price of the noise barrier depends on various factors, such as size, type of construction, difficulties during the construction process, but also on which product you choose.<\/p>\n<\/div><\/div><div class=\"w-separator size_medium\"><\/div><div class=\"wpb_text_column\"><div class=\"wpb_wrapper\"><h2>What does a noise barrier cost?<\/h2>\n<p>The cost of your wall by RAU depends on a variety of different factors. For a definitive price, you are welcome to request a consultation from our team of experts. We combine sustainable construction with appealing design and comprehensive technical knowledge. All that before, during and after the construction of your modular noise barrier. The greened sound insulation is built from UV-safe materials and is particularly corrosion-resistant, saving you high maintenance costs. A RAU sound barrier is thus, in many respects, a sustainable investment.<\/p>\n<\/div><\/div><div class=\"w-separator size_medium\"><\/div><div class=\"wpb_text_column\"><div class=\"wpb_wrapper\"><h2>What factors influence the cost of noise barriers?<\/h2>\n<p>Every structure is unique and must be individually adapted to the environmental conditions. This applies to houses as well as to noise barriers. There are several factors that significantly influence the cost and duration of construction and installation. These include:<\/p>\n<ul>\n<li>The model you choose<\/li>\n<li>Dimensions and geometry<\/li>\n<li>The type of foundation<\/li>\n<li>Accessibility and reachability of the building lot<\/li>\n<li>The condition of the building ground<\/li>\n<li>Climate and weather conditions such as wind and earthquake zones<\/li>\n<\/ul>\n<\/div><\/div><div class=\"w-separator size_medium\"><\/div><div class=\"wpb_text_column\"><div class=\"wpb_wrapper\"><h2>Factor 1: Your RAU product choice<\/h2>\n<p>At RAU, you can choose from a variety of noise barriers that are adapted on site to suit the specific conditions and are thus precisely designed for the needs prevalent on site. Choose between:<\/p>\n<ul>\n<li><a href=\"\/en\/produkt\/climatewall\">RAU Climate Wall (R3)<\/a><\/li>\n<li><a href=\"\/en\/produkt\/rau-alpin-height-12-metres\/\">RAU Alpine<\/a><\/li>\n<li><a href=\"\/de\/produkt\/noiseguard-green\/\">RAU NoiseGuardGreen<\/a><\/li>\n<li><a href=\"\/en\/produkt\/rau-rock-extensiv-noise-barrier-height-10-metres\/\">RAU Rock Extensive<\/a><\/li>\n<li><a href=\"\/en\/produkt\/photovoltaik\/\">RAU Photovoltaic<\/a><\/li>\n<li><a href=\"\/de\/produkt\/rau-rock-mobil-einfach-schnell-mietbar\/\">RAU Rock Mobile<\/a><\/li>\n<\/ul>\n<p>Depending on which of the above noise barriers you choose, the costs may vary. We will work with you to find out which model best suits your requirements.<\/p>\n<\/div><\/div><div class=\"w-separator size_medium\"><\/div><div class=\"wpb_text_column\"><div class=\"wpb_wrapper\"><h2>Factor 2: Dimension and geometry of your sound barrier<\/h2>\n<p>Other important factors in determining the price are the dimension as well as the geometry of the noise barrier you choose. Depending on the surroundings, the subsoil, and the area requirements, we will adjust the length and height of the sound wall for you. Furthermore, the number of corners as well as individual adjustments through height projections can play a role.<\/p>\n<\/div><\/div><div class=\"w-separator size_medium\"><\/div><div class=\"wpb_text_column\"><div class=\"wpb_wrapper\"><h2>Factor 3: Type of foundation<\/h2>\n<p>As far as the type of foundation is concerned, you can decide between deep foundations and shallow foundations. While special heavy construction machinery is required to lay deep foundations \u2013 also known as pile foundations \u2013 making the construction therefore comparatively cost-intensive, shallow foundations are very inexpensive. For this, individual foundations are poured into a gravel base layer. The RAU climate wall using a shallow foundation is an example of a low-cost variant of green barriers.<\/p>\n<\/div><\/div><div class=\"w-separator size_medium\"><\/div><div class=\"wpb_text_column\"><div class=\"wpb_wrapper\"><h2>Factor 4: Accessibility during construction<\/h2>\n<p>Is the construction site of your noise barrier accessible with heavy earth-moving machinery? Or are the access and construction conditions difficult, which is why alternative construction methods must be used, requiring longer construction times at the same time? The cost of constructing your RAU noise barrier depends on the accessibility of the ecological wall.<\/p>\n<\/div><\/div><div class=\"w-separator size_medium\"><\/div><div class=\"wpb_text_column\"><div class=\"wpb_wrapper\"><h2>Other factors that influence the price of your noise barrier<\/h2>\n<p>In addition to the product you choose, the dimensions and geometry, the type of foundation and accessibility, other external factors also enter the cost calculation:<\/p>\n<ul>\n<li><strong>Space conditions:<\/strong> How easy is it to build the sight and sound barrier in the location you want?<\/li>\n<li><strong>Ground conditions:<\/strong> What machinery and foundation will be needed?<\/li>\n<li><strong>Wind zones:<\/strong> How will the weather conditions on site affect the future noise barrier?<\/li>\n<li><strong>Earthquake zones:<\/strong> Is the construction site geographically located in an earthquake zone?<\/li>\n<\/ul>\n<\/div><\/div><div class=\"w-separator size_medium\"><\/div><div class=\"wpb_text_column\"><div class=\"wpb_wrapper\"><h2>The RAU climate wall (R3): Costs and advantages<\/h2>\n<p>The noise barrier RAU climate wall (R3), which is up to twelve metres high, has the advantage that approx. 98 percent of the material used can be obtained directly on the construction site. Conversely, this means that transport is inexpensive, allowing you to save costs compared to other models. This culminates in another advantage of the RAU R3: The short transport routes result in particularly low CO2 emissions. With the RAU climate wall, you both save money and \u2013 even more than with the other environmentally friendly designs \u2013 protect the environment.<\/p>\n<\/div><\/div><div class=\"w-separator size_medium\"><\/div><div class=\"wpb_text_column\"><div class=\"wpb_wrapper\"><h2>The cost of your noise barrier: Your advantages with RAU<\/h2>\n<p>Since each noise barrier is individually planned, produced, and built, the prices also vary. The question of costs does therefore not have a general answer. We will be happy to advise you on your questions or plan your specific and individually adapted noise barrier with you. Please use our <a href=\"\/en\/contact\">contact form<\/a> for your enquiry or call us <a href=\"tel:00493039748864\">+49 (0)30 397 488 64<\/a>. We look forward to hearing from you!<\/p>\n<\/div><\/div><\/div><\/div><\/div><\/div><\/div><\/div><\/div><\/div><\/div><\/section>\n","protected":false},"excerpt":{"rendered":"RAU noise barriers: costs and factorsGreen noise barriers offer a variety of benefits. They create visual barriers between busy roads or industrial areas and the adjacent environment and protect residential areas from car and rail traffic noises. Moreover, RAU&#8217;s green noise barriers are 100 percent ecological. Thus, the noise protection with its natural look provides...","protected":false},"author":2,"featured_media":0,"parent":0,"menu_order":0,"comment_status":"closed","ping_status":"closed","template":"","meta":{"footnotes":""},"class_list":["post-27059","page","type-page","status-publish","hentry"],"yoast_head":"<!-- This site is optimized with the Yoast SEO plugin v27.4 - https:\/\/yoast.com\/product\/yoast-seo-wordpress\/ -->\n<title>RAU noise barriers: costs and factors | L\u00e4rmschutzwand und Schallschutzwand !<\/title>\n<meta name=\"description\" content=\"RAU noise barriers: costs and factors | Entwicklung und Umsetzung von L\u00e4rmschutzwand und Schallschutzwandan Stra\u00dfen, Bahnstrecken und f\u00fcr St\u00e4dte und Industrie | rau.de\" \/>\n<meta name=\"robots\" content=\"index, follow, max-snippet:-1, max-image-preview:large, max-video-preview:-1\" \/>\n<link rel=\"canonical\" href=\"https:\/\/rau.de\/en\/noise-barrier-costs-and-factors\/\" \/>\n<meta property=\"og:locale\" content=\"en_US\" \/>\n<meta property=\"og:type\" content=\"article\" \/>\n<meta property=\"og:title\" content=\"RAU noise barriers: costs and factors | L\u00e4rmschutzwand und Schallschutzwand !\" \/>\n<meta property=\"og:description\" content=\"RAU noise barriers: costs and factors | Entwicklung und Umsetzung von L\u00e4rmschutzwand und Schallschutzwandan Stra\u00dfen, Bahnstrecken und f\u00fcr St\u00e4dte und Industrie | rau.de\" \/>\n<meta property=\"og:url\" content=\"https:\/\/rau.de\/en\/noise-barrier-costs-and-factors\/\" \/>\n<meta property=\"og:site_name\" content=\"Rau | L\u00e4rmschutzw\u00e4nde\" \/>\n<meta property=\"og:image\" content=\"https:\/\/rau.de\/wp-content\/uploads\/rau.de-begruente-laermschutzwand-2015-08-23-sonderteile-2.jpg\" \/>\n\t<meta property=\"og:image:width\" content=\"1920\" \/>\n\t<meta property=\"og:image:height\" content=\"1146\" \/>\n\t<meta property=\"og:image:type\" content=\"image\/jpeg\" \/>\n<meta name=\"twitter:card\" content=\"summary_large_image\" \/>\n<meta name=\"twitter:label1\" content=\"Est. reading time\" \/>\n\t<meta name=\"twitter:data1\" content=\"5 minutes\" \/>\n<script type=\"application\/ld+json\" class=\"yoast-schema-graph\">{\"@context\":\"https:\\\/\\\/schema.org\",\"@graph\":[{\"@type\":\"WebPage\",\"@id\":\"https:\\\/\\\/rau.de\\\/en\\\/noise-barrier-costs-and-factors\\\/\",\"url\":\"https:\\\/\\\/rau.de\\\/en\\\/noise-barrier-costs-and-factors\\\/\",\"name\":\"RAU noise barriers: costs and factors | L\u00e4rmschutzwand und Schallschutzwand !\",\"isPartOf\":{\"@id\":\"https:\\\/\\\/rau.de\\\/en\\\/#website\"},\"datePublished\":\"2024-01-17T16:20:31+00:00\",\"description\":\"RAU noise barriers: costs and factors | Entwicklung und Umsetzung von L\u00e4rmschutzwand und Schallschutzwandan Stra\u00dfen, Bahnstrecken und f\u00fcr St\u00e4dte und Industrie | rau.de\",\"breadcrumb\":{\"@id\":\"https:\\\/\\\/rau.de\\\/en\\\/noise-barrier-costs-and-factors\\\/#breadcrumb\"},\"inLanguage\":\"en-US\",\"potentialAction\":[{\"@type\":\"ReadAction\",\"target\":[\"https:\\\/\\\/rau.de\\\/en\\\/noise-barrier-costs-and-factors\\\/\"]}]},{\"@type\":\"BreadcrumbList\",\"@id\":\"https:\\\/\\\/rau.de\\\/en\\\/noise-barrier-costs-and-factors\\\/#breadcrumb\",\"itemListElement\":[{\"@type\":\"ListItem\",\"position\":1,\"name\":\"Startseite\",\"item\":\"https:\\\/\\\/rau.de\\\/en\\\/\"},{\"@type\":\"ListItem\",\"position\":2,\"name\":\"RAU noise barriers: costs and factors\"}]},{\"@type\":\"WebSite\",\"@id\":\"https:\\\/\\\/rau.de\\\/en\\\/#website\",\"url\":\"https:\\\/\\\/rau.de\\\/en\\\/\",\"name\":\"Rau | L\u00e4rmschutzw\u00e4nde\",\"description\":\"Entwicklung und Umsetzung von L\u00e4rmschutzwand und Schallschutzwand\",\"publisher\":{\"@id\":\"https:\\\/\\\/rau.de\\\/en\\\/#organization\"},\"potentialAction\":[{\"@type\":\"SearchAction\",\"target\":{\"@type\":\"EntryPoint\",\"urlTemplate\":\"https:\\\/\\\/rau.de\\\/en\\\/?s={search_term_string}\"},\"query-input\":{\"@type\":\"PropertyValueSpecification\",\"valueRequired\":true,\"valueName\":\"search_term_string\"}}],\"inLanguage\":\"en-US\"},{\"@type\":\"Organization\",\"@id\":\"https:\\\/\\\/rau.de\\\/en\\\/#organization\",\"name\":\"RAU L\u00e4rmschutzw\u00e4nde \u2013 Geosystem GBK GmbH\",\"url\":\"https:\\\/\\\/rau.de\\\/en\\\/\",\"logo\":{\"@type\":\"ImageObject\",\"inLanguage\":\"en-US\",\"@id\":\"https:\\\/\\\/rau.de\\\/en\\\/#\\\/schema\\\/logo\\\/image\\\/\",\"url\":\"https:\\\/\\\/rau.de\\\/wp-content\\\/uploads\\\/web_logo.png\",\"contentUrl\":\"https:\\\/\\\/rau.de\\\/wp-content\\\/uploads\\\/web_logo.png\",\"width\":249,\"height\":127,\"caption\":\"RAU L\u00e4rmschutzw\u00e4nde \u2013 Geosystem GBK GmbH\"},\"image\":{\"@id\":\"https:\\\/\\\/rau.de\\\/en\\\/#\\\/schema\\\/logo\\\/image\\\/\"}}]}<\/script>\n<!-- \/ Yoast SEO plugin. -->","yoast_head_json":{"title":"RAU noise barriers: costs and factors | L\u00e4rmschutzwand und Schallschutzwand !","description":"RAU noise barriers: costs and factors | Entwicklung und Umsetzung von L\u00e4rmschutzwand und Schallschutzwandan Stra\u00dfen, Bahnstrecken und f\u00fcr St\u00e4dte und Industrie | rau.de","robots":{"index":"index","follow":"follow","max-snippet":"max-snippet:-1","max-image-preview":"max-image-preview:large","max-video-preview":"max-video-preview:-1"},"canonical":"https:\/\/rau.de\/en\/noise-barrier-costs-and-factors\/","og_locale":"en_US","og_type":"article","og_title":"RAU noise barriers: costs and factors | L\u00e4rmschutzwand und Schallschutzwand !","og_description":"RAU noise barriers: costs and factors | Entwicklung und Umsetzung von L\u00e4rmschutzwand und Schallschutzwandan Stra\u00dfen, Bahnstrecken und f\u00fcr St\u00e4dte und Industrie | rau.de","og_url":"https:\/\/rau.de\/en\/noise-barrier-costs-and-factors\/","og_site_name":"Rau | L\u00e4rmschutzw\u00e4nde","og_image":[{"width":1920,"height":1146,"url":"https:\/\/rau.de\/wp-content\/uploads\/rau.de-begruente-laermschutzwand-2015-08-23-sonderteile-2.jpg","type":"image\/jpeg"}],"twitter_card":"summary_large_image","twitter_misc":{"Est. reading time":"5 minutes"},"schema":{"@context":"https:\/\/schema.org","@graph":[{"@type":"WebPage","@id":"https:\/\/rau.de\/en\/noise-barrier-costs-and-factors\/","url":"https:\/\/rau.de\/en\/noise-barrier-costs-and-factors\/","name":"RAU noise barriers: costs and factors | L\u00e4rmschutzwand und Schallschutzwand !","isPartOf":{"@id":"https:\/\/rau.de\/en\/#website"},"datePublished":"2024-01-17T16:20:31+00:00","description":"RAU noise barriers: costs and factors | Entwicklung und Umsetzung von L\u00e4rmschutzwand und Schallschutzwandan Stra\u00dfen, Bahnstrecken und f\u00fcr St\u00e4dte und Industrie | rau.de","breadcrumb":{"@id":"https:\/\/rau.de\/en\/noise-barrier-costs-and-factors\/#breadcrumb"},"inLanguage":"en-US","potentialAction":[{"@type":"ReadAction","target":["https:\/\/rau.de\/en\/noise-barrier-costs-and-factors\/"]}]},{"@type":"BreadcrumbList","@id":"https:\/\/rau.de\/en\/noise-barrier-costs-and-factors\/#breadcrumb","itemListElement":[{"@type":"ListItem","position":1,"name":"Startseite","item":"https:\/\/rau.de\/en\/"},{"@type":"ListItem","position":2,"name":"RAU noise barriers: costs and factors"}]},{"@type":"WebSite","@id":"https:\/\/rau.de\/en\/#website","url":"https:\/\/rau.de\/en\/","name":"Rau | L\u00e4rmschutzw\u00e4nde","description":"Entwicklung und Umsetzung von L\u00e4rmschutzwand und Schallschutzwand","publisher":{"@id":"https:\/\/rau.de\/en\/#organization"},"potentialAction":[{"@type":"SearchAction","target":{"@type":"EntryPoint","urlTemplate":"https:\/\/rau.de\/en\/?s={search_term_string}"},"query-input":{"@type":"PropertyValueSpecification","valueRequired":true,"valueName":"search_term_string"}}],"inLanguage":"en-US"},{"@type":"Organization","@id":"https:\/\/rau.de\/en\/#organization","name":"RAU L\u00e4rmschutzw\u00e4nde \u2013 Geosystem GBK GmbH","url":"https:\/\/rau.de\/en\/","logo":{"@type":"ImageObject","inLanguage":"en-US","@id":"https:\/\/rau.de\/en\/#\/schema\/logo\/image\/","url":"https:\/\/rau.de\/wp-content\/uploads\/web_logo.png","contentUrl":"https:\/\/rau.de\/wp-content\/uploads\/web_logo.png","width":249,"height":127,"caption":"RAU L\u00e4rmschutzw\u00e4nde \u2013 Geosystem GBK GmbH"},"image":{"@id":"https:\/\/rau.de\/en\/#\/schema\/logo\/image\/"}}]}},"_links":{"self":[{"href":"https:\/\/rau.de\/en\/wp-json\/wp\/v2\/pages\/27059","targetHints":{"allow":["GET"]}}],"collection":[{"href":"https:\/\/rau.de\/en\/wp-json\/wp\/v2\/pages"}],"about":[{"href":"https:\/\/rau.de\/en\/wp-json\/wp\/v2\/types\/page"}],"author":[{"embeddable":true,"href":"https:\/\/rau.de\/en\/wp-json\/wp\/v2\/users\/2"}],"replies":[{"embeddable":true,"href":"https:\/\/rau.de\/en\/wp-json\/wp\/v2\/comments?post=27059"}],"version-history":[{"count":3,"href":"https:\/\/rau.de\/en\/wp-json\/wp\/v2\/pages\/27059\/revisions"}],"predecessor-version":[{"id":27062,"href":"https:\/\/rau.de\/en\/wp-json\/wp\/v2\/pages\/27059\/revisions\/27062"}],"wp:attachment":[{"href":"https:\/\/rau.de\/en\/wp-json\/wp\/v2\/media?parent=27059"}],"curies":[{"name":"wp","href":"https:\/\/api.w.org\/{rel}","templated":true}]}}