{"id":27020,"date":"2023-12-19T16:43:51","date_gmt":"2023-12-19T15:43:51","guid":{"rendered":"https:\/\/rau.de\/?page_id=27020"},"modified":"2025-03-31T15:24:34","modified_gmt":"2025-03-31T13:24:34","slug":"photovoltaic","status":"publish","type":"page","link":"https:\/\/rau.de\/en\/photovoltaic\/","title":{"rendered":"Photovoltaic noise protection \u2013 efficient and ecological"},"content":{"rendered":"<section class=\"l-section wpb_row height_medium full_height valign_center with_img parallax_fixed\" id=\"kontakt\"><div class=\"l-section-img\" role=\"img\" data-img-width=\"2000\" data-img-height=\"1122\" style=\"background-image: url(https:\/\/rau.de\/wp-content\/uploads\/bg.jpg);\"><\/div><div class=\"l-section-h i-cf\"><div class=\"g-cols vc_row via_flex valign_top type_default stacking_default\"><div class=\"vc_col-sm-12 wpb_column vc_column_container\"><div class=\"vc_column-inner\"><div class=\"wpb_wrapper\"><div class=\"g-cols wpb_row content_top via_flex valign_top type_default stacking_default\"><div class=\"vc_col-sm-12 wpb_column vc_column_container\"><div class=\"vc_column-inner\"><div class=\"wpb_wrapper\"><h1 class=\"w-post-elm post_title entry-title color_link_inherit\">Photovoltaic noise protection \u2013 efficient and ecological<\/h1><\/div><\/div><\/div><\/div><div class=\"g-cols wpb_row us_custom_4fb9e5a3 content_text via_flex valign_top type_default stacking_default\"><div class=\"vc_col-sm-8 wpb_column vc_column_container\"><div class=\"vc_column-inner\"><div class=\"wpb_wrapper\"><div class=\"w-separator size_small\"><\/div><div class=\"wpb_text_column\"><div class=\"wpb_wrapper\"><p>At RAU, we believe that noise protection is essential to our daily lives, as loud noises and noise pollution have a negative impact on our health. It is best if noise protection serves several purposes at once.<\/p>\n<p>RAU has developed an innovation in the field of noise protection: Photovoltaic Noise Protection! This product combines noise protection, ecology and economy as the noise barrier not only keeps out sound and cleans the air with vegetation, but also generates electricity. With the combination of noise barrier and photovoltaics, RAU is an absolute pioneer in Germany.<\/p>\n<\/div><\/div><div class=\"w-separator size_small\"><\/div><\/div><\/div><\/div><div class=\"vc_col-sm-4 wpb_column vc_column_container\"><div class=\"vc_column-inner\"><div class=\"wpb_wrapper\"><div class=\"w-image align_none\"><div class=\"w-image-h\"><img loading=\"lazy\" decoding=\"async\" width=\"1024\" height=\"768\" src=\"https:\/\/rau.de\/wp-content\/uploads\/Zweireihige-Solarenergieanlage-auf-Laermschutzwand-in-Sonthofen-1.jpg\" class=\"attachment-large size-large\" alt=\"Zweireihige Solarenergieanlage auf L\u00e4rmschutzwand in Sonthofen\" srcset=\"https:\/\/rau.de\/wp-content\/uploads\/Zweireihige-Solarenergieanlage-auf-Laermschutzwand-in-Sonthofen-1.jpg 1024w, https:\/\/rau.de\/wp-content\/uploads\/Zweireihige-Solarenergieanlage-auf-Laermschutzwand-in-Sonthofen-1-300x225.jpg 300w\" sizes=\"(max-width: 1024px) 100vw, 1024px\" \/><\/div><\/div><div class=\"w-separator size_small\"><\/div><\/div><\/div><\/div><div class=\"vc_col-sm-12 wpb_column vc_column_container\"><div class=\"vc_column-inner\"><div class=\"wpb_wrapper\">[vc_btn title=&#8221;<b>Learn more about RAU photovoltaic<\/b>&#8221; style=&#8221;custom&#8221; custom_background=&#8221;#df012a&#8221; custom_text=&#8221;#ffffff&#8221; size=&#8221;lg&#8221; align=&#8221;center&#8221; link=&#8221;url:%2Fen%2Fprodukt%2Fphotovoltaik|target:_blank&#8221;]<div class=\"w-separator size_small\"><\/div><div class=\"wpb_text_column\"><div class=\"wpb_wrapper\"><h2>Technical noise protection in green<\/h2>\n<p>With most noise barriers, it is obvious at first glance that it is a sound wall. The walls usually do not change the character of their surroundings in a positive sense. In fact, they often detract from the overall appearance of their location, take up a lot of space and do not blend harmoniously into their surroundings.<\/p>\n<p>RAU has recognised this problem and has specialised in noise barriers that protect against high noise levels and at the same time blend into the overall picture of their surroundings:\u00a0<a href=\"https:\/\/rau.de\/en\/noise-protection-by-the-roadside\/\">green noise barriers<\/a>\u00a0. With these sound walls, RAU has designed an efficient and ecological solution that brings a piece of nature back into the city and along motorways. The planted noise barriers actively reduce CO2 and fine dust, improve the climate, and form a habitat for insects.<\/p>\n<p>The RAU photovoltaic noise barrier revolutionises both the noise protection and photovoltaic markets by effectively reducing noise, creating green spaces, and generating electricity in a climate-friendly way.<\/p>\n<\/div><\/div><\/div><\/div><\/div><\/div><div class=\"g-cols wpb_row us_custom_4fb9e5a3 content_text via_flex valign_top type_default stacking_default\"><div class=\"vc_col-sm-6 wpb_column vc_column_container\"><div class=\"vc_column-inner\"><div class=\"wpb_wrapper\"><div class=\"w-image align_none\"><div class=\"w-image-h\"><img loading=\"lazy\" decoding=\"async\" width=\"1024\" height=\"768\" src=\"https:\/\/rau.de\/wp-content\/uploads\/Photovoltaikanlagen-in-Schneelandschaft-in-Heiden.jpg\" class=\"attachment-large size-large\" alt=\"\" srcset=\"https:\/\/rau.de\/wp-content\/uploads\/Photovoltaikanlagen-in-Schneelandschaft-in-Heiden.jpg 1024w, https:\/\/rau.de\/wp-content\/uploads\/Photovoltaikanlagen-in-Schneelandschaft-in-Heiden-300x225.jpg 300w\" sizes=\"(max-width: 1024px) 100vw, 1024px\" \/><\/div><\/div><\/div><\/div><\/div><div class=\"vc_col-sm-6 wpb_column vc_column_container\"><div class=\"vc_column-inner\"><div class=\"wpb_wrapper\"><div class=\"w-separator size_small\"><\/div><div class=\"wpb_text_column\"><div class=\"wpb_wrapper\"><h2>Generating electricity through solar energy<\/h2>\n<p>The solar panels of the photovoltaic system capture solar energy, which is converted into electrical energy and can then be used as electricity. The larger the area of the solar panels, the more energy can be generated.<\/p>\n<p>Noise barriers provide a lot of space that is hardly used and are therefore perfect for installing a photovoltaic system. A decisive advantage of a photovoltaic system is that no resources are wasted in the generation of energy. Since the sun is freely available to everyone, this type of electricity generation is ecological and sustainable.<\/p>\n<\/div><\/div><\/div><\/div><\/div><\/div><div class=\"g-cols wpb_row us_custom_4fb9e5a3 content_text via_flex valign_top type_default stacking_default\"><div class=\"vc_col-sm-12 wpb_column vc_column_container\"><div class=\"vc_column-inner\"><div class=\"wpb_wrapper\"><div class=\"wpb_text_column\"><div class=\"wpb_wrapper\"><h2>Noise barrier meets renewable energy: the innovation project<\/h2>\n<p>Noise barriers offer an exposed position with many linear metres of unused space that is perfectly suited for the construction of photovoltaic systems. RAU has recognised this potential and developed the solar noise barrier. This is intended to make an important contribution to the exit from nuclear and fossil-fuel energy and ecological energy supply. The solar panels of the system are installed on the extra-wide and slanted noise barrier. The ecologically generated electricity can supply many households and save several tonnes of CO2.<\/p>\n<p>The green noise barrier with photovoltaics is the first noise protection solution in Germany that combines important ecological components: Noise protection, electricity generation, and exhaust fumes protection. The result is a maximum positive effect for the environment. Noise is dampened and electricity is generated ecologically. Green spaces and habitats for insects are created. In addition, the wall protects against fine dust and exhaust fumes.<\/p>\n<\/div><\/div><div class=\"w-separator size_small\"><\/div><div class=\"wpb_text_column\"><div class=\"wpb_wrapper\"><h2>RAU.de photovoltaics noise protection: Generate electricity \u2013 insulate noise<\/h2>\n<p>The basic construction of the photovoltaic noise barrier is based on the RAU\u00a0<a href=\"\/en\/produkt\/climatewall\/\">climate wall<\/a>\u00a0. The photovoltaic solar noise barrier can be adapted to any location. The construction of our ecological noise barrier works like that of our green noise barriers: The basic structure, which can have a height of up to ten metres, is filled with sand. On top of this, a gravel layer is filled. Finally, the solar panels are attached to the extra-wide sloping wall. Depending on how much electricity is to be generated, up to three rows of panels can be placed next to each other.<\/p>\n<p>Generating electricity is now very simple: as soon as sun shines on the panels, the energy is converted into electricity and can be used immediately. More energy can be generated by direct sunlight, but solar energy is also stored in diffuse light and on cloudy days.<\/p>\n<\/div><\/div><\/div><\/div><\/div><\/div><div class=\"g-cols wpb_row us_custom_4fb9e5a3 content_text via_flex valign_top type_default stacking_default\"><div class=\"vc_col-sm-12 wpb_column vc_column_container\"><div class=\"vc_column-inner\"><div class=\"wpb_wrapper\"><div class=\"w-image align_center\"><div class=\"w-image-h\"><img loading=\"lazy\" decoding=\"async\" width=\"1024\" height=\"329\" src=\"https:\/\/rau.de\/wp-content\/uploads\/Solaranlage-entlang-einer-Wiese-im-Hintergrund-moderne-Industriegebaeude.jpeg\" class=\"attachment-large size-large\" alt=\"Solaranlage entlang einer Wiese, im Hintergrund moderne Industriegeb\u00e4ude und bewaldete H\u00fcgel\" srcset=\"https:\/\/rau.de\/wp-content\/uploads\/Solaranlage-entlang-einer-Wiese-im-Hintergrund-moderne-Industriegebaeude.jpeg 1024w, https:\/\/rau.de\/wp-content\/uploads\/Solaranlage-entlang-einer-Wiese-im-Hintergrund-moderne-Industriegebaeude-300x96.jpeg 300w\" sizes=\"(max-width: 1024px) 100vw, 1024px\" \/><\/div><\/div><\/div><\/div><\/div><\/div><div class=\"g-cols wpb_row us_custom_4fb9e5a3 content_text via_flex valign_top type_default stacking_default\"><div class=\"vc_col-sm-12 wpb_column vc_column_container\"><div class=\"vc_column-inner\"><div class=\"wpb_wrapper\"><div class=\"wpb_text_column\"><div class=\"wpb_wrapper\"><h2>Green noise barriers \u2013 the right product for every requirement<\/h2>\n<p>Depending on the requirements, we offer various green noise protection products for our customers. These differ in height and width and are based on the space available. The\u00a0<a href=\"\/en\/produkt\/rau-rock-extensiv-noise-barrier-height-10-metres\">RAU Rock Extensive<\/a>\u00a0is very slim and excellently suited for minimal space requirements. It can be combined very well with other RAU noise barriers and is versatile. The RAU R1 Extensiv is suitable for construction widths from 40 centimetres. With this noise barrier, an additional vegetation level can be easily installed \u2013 also a wonderful solution for limited space.<\/p>\n<p>The principle of noise barriers is basically the same: first a base frame is built, then the cavity is filled with insulating material. Greenery can climb up the outer walls and cover the entire noise barrier.<\/p>\n<p>In contrast to conventional\u00a0<a href=\"\/en\/concrete-noise-barrier\/\">concrete<\/a>\u00a0or\u00a0<a href=\"\/en\/wooden-noise-barrier\/\">wooden walls<\/a>, the green noise barriers are not bleak and bare protective walls, but vertical green spaces that improve the overall appearance of the surroundings and support the environment at the same time. In addition to the ecological aspect, our green noise barriers are highly effective because they insulate loud noises just as well as walls made of concrete,\u00a0<a href=\"\/en\/glass-noise-barrier\/\">glass<\/a>\u00a0or wood.<\/p>\n\n<table id=\"tablepress-10\" class=\"tablepress tablepress-id-10 tablepress-responsive\">\n<thead>\n<tr class=\"row-1\">\n\t<th class=\"column-1\">Climate-neutral noise protection<\/th><th class=\"column-2\">Robust noise protection<\/th><th class=\"column-3\">Effective noise protection<\/th><th class=\"column-4\">Durable noise protection<\/th><th class=\"column-5\">Safe noise protection<\/th>\n<\/tr>\n<\/thead>\n<tbody>\n<tr class=\"row-2\">\n\t<td class=\"column-1\"><b>Green \ud83c\udf43<\/b><br \/>noise barrier<\/td><td class=\"column-2\"><b>Wooden \ud83e\udeb5<\/b><br \/>noise barrier<\/td><td class=\"column-3\"><b>Glass \ud83e\uddca<\/b><br \/>noise barrier<\/td><td class=\"column-4\"><b>Aluminium \ud83d\udee4<\/b><br \/>noise barrier<\/td><td class=\"column-5\"><b>Concrete \ud83e\udea8<\/b><br \/>noise barrier<\/td>\n<\/tr>\n<tr class=\"row-3\">\n\t<td class=\"column-1\">\u2714 Cost effective<\/td><td class=\"column-2\">\u2714 Stable and robust<\/td><td class=\"column-3\">\u2714 Light permeability<\/td><td class=\"column-4\">\u2714 Noise protection cassette made of aluminium<\/td><td class=\"column-5\">\u2714 High airborne sound insulation<\/td>\n<\/tr>\n<tr class=\"row-4\">\n\t<td class=\"column-1\">\u2714 Environmentally friendly<\/td><td class=\"column-2\">\u2714 Contemporary design<\/td><td class=\"column-3\">\u2714 High weather resistance and durability<\/td><td class=\"column-4\">\u2714 Narrow and space-saving<\/td><td class=\"column-5\">\u2714 Robust, durable and resistant<\/td>\n<\/tr>\n<tr class=\"row-5\">\n\t<td class=\"column-1\">\u2714 Highly effective sound insulation<\/td><td class=\"column-2\">\u2714 Natural and pleasant colouring <\/td><td class=\"column-3\">\u2714 Stable and break-resistant aminated safety glass or PMMA<\/td><td class=\"column-4\">\u2714 Highly absorbent and reflective<\/td><td class=\"column-5\">\u2714 Low maintenance requirements<\/td>\n<\/tr>\n<tr class=\"row-6\">\n\t<td class=\"column-1\">\u2714 Creates habitats for insects and plants <\/td><td class=\"column-2\">\u2714 Sustainable raw material<\/td><td class=\"column-3\">\u2714 Airborne sound insulation of the highest degree<\/td><td class=\"column-4\">\u2714 Large construction heights and colour variants possible<\/td><td class=\"column-5\">\u2714 Can be combined with other noise protection systems<\/td>\n<\/tr>\n<tr class=\"row-7\">\n\t<td class=\"column-1\">\u2714 Climate-neutral production and installation<\/td><td class=\"column-2\">\u2714 Harmonizes with green spaces<\/td><td class=\"column-3\">\u2714 Can be combined with other noise protection systems<\/td><td class=\"column-4\">\u2714 Durable<\/td><td class=\"column-5\">\u2714 Modern look<\/td>\n<\/tr>\n<tr class=\"row-8\">\n\t<td class=\"column-1\">\u2714 Durable and visually appealing<\/td><td class=\"column-2\">\u2714 Long-lasting<\/td><td class=\"column-3\">\u2714 Ideal in residential areas or between houses<\/td><td class=\"column-4\">\u2714 Greenable<\/td><td class=\"column-5\">\u2714 Certified construction method<\/td>\n<\/tr>\n<tr class=\"row-9\">\n\t<td class=\"column-1\"><a href=\"https:\/\/rau.de\/en\/noise-protection-by-the-roadside\/\"><button>Find out more \u2794 <\/button><a <\/a><\/td><td class=\"column-2\"><a href=\"https:\/\/rau.de\/en\/wooden-noise-barrier\/\"><button>Find out more \u2794 <\/button><a<\/a> <\/td><td class=\"column-3\"><a href=\"https:\/\/rau.de\/en\/glass-noise-barrier\/\"><button>Find out more \u2794 <\/button><a <\/a><\/td><td class=\"column-4\"><a href=\"https:\/\/rau.de\/en\/aluminium-noise-barrier\/\"><button>Find out more \u2794 <\/button><a <\/a><\/td><td class=\"column-5\"><a href=\"https:\/\/rau.de\/en\/concrete-noise-barrier\/\"><button>Find out more \u2794 <\/button><a <\/a><\/td>\n<\/tr>\n<\/tbody>\n<\/table>\n<!-- #tablepress-10 from cache -->\n<\/div><\/div><\/div><\/div><\/div><\/div><div class=\"g-cols wpb_row us_custom_4fb9e5a3 content_text via_flex valign_top type_default stacking_default\"><div class=\"vc_col-sm-8 wpb_column vc_column_container\"><div class=\"vc_column-inner\"><div class=\"wpb_wrapper\"><div class=\"wpb_text_column\"><div class=\"wpb_wrapper\"><h2>Technical noise protection: ecological and sustainable<\/h2>\n<p>When building our green noise barriers, we take care to act sustainably. For example, we use materials from local suppliers for our filling to keep transport distances as low as possible. Whenever possible, we use filling material from local excavation to keep the CO2 emissions for transport low. In addition, when greening our walls, we make sure that we only use plants that are native to the respective region. This way, the noise barrier blends in even better with the existing image of the surroundings and the living conditions for the plants are ideal.<\/p>\n<p>At RAU, we focus on an ecological overall concept, because green noise protection is our passion!<\/p>\n<\/div><\/div><\/div><\/div><\/div><div class=\"vc_col-sm-4 wpb_column vc_column_container\"><div class=\"vc_column-inner\"><div class=\"wpb_wrapper\"><div class=\"w-separator size_custom\" style=\"height:120px\"><\/div>[vc_btn title=&#8221;<b>Learn more about RAU photovoltaic<\/b>&#8221; style=&#8221;custom&#8221; custom_background=&#8221;#df012a&#8221; custom_text=&#8221;#ffffff&#8221; size=&#8221;lg&#8221; align=&#8221;center&#8221; link=&#8221;url:%2Fen%2Fprodukt%2Fphotovoltaik|target:_blank&#8221;]<\/div><\/div><\/div><\/div><\/div><\/div><\/div><\/div><\/div><\/section>\n","protected":false},"excerpt":{"rendered":"Photovoltaic noise protection \u2013 efficient and ecologicalAt RAU, we believe that noise protection is essential to our daily lives, as loud noises and noise pollution have a negative impact on our health. It is best if noise protection serves several purposes at once. RAU has developed an innovation in the field of noise protection: Photovoltaic...","protected":false},"author":2,"featured_media":31883,"parent":0,"menu_order":0,"comment_status":"closed","ping_status":"closed","template":"","meta":{"footnotes":""},"class_list":["post-27020","page","type-page","status-publish","has-post-thumbnail","hentry"],"yoast_head":"<!-- This site is optimized with the Yoast SEO plugin v23.6 - https:\/\/yoast.com\/wordpress\/plugins\/seo\/ -->\n<title>Photovoltaic noise barrier | RAU.de<\/title>\n<meta name=\"description\" content=\"Noise barrier with photovoltaic \u2705 effective noise protection \u2705 renewable energy source \u23e9 Find out more at RAU.de!\" \/>\n<meta name=\"robots\" content=\"index, follow, max-snippet:-1, max-image-preview:large, max-video-preview:-1\" \/>\n<link rel=\"canonical\" href=\"https:\/\/rau.de\/en\/photovoltaic\/\" \/>\n<meta property=\"og:locale\" content=\"en_US\" \/>\n<meta property=\"og:type\" content=\"article\" \/>\n<meta property=\"og:title\" content=\"Photovoltaic noise barrier | RAU.de\" \/>\n<meta property=\"og:description\" content=\"Noise barrier with photovoltaic \u2705 effective noise protection \u2705 renewable energy source \u23e9 Find out more at RAU.de!\" \/>\n<meta property=\"og:url\" content=\"https:\/\/rau.de\/en\/photovoltaic\/\" \/>\n<meta property=\"og:site_name\" content=\"Rau | L\u00e4rmschutzw\u00e4nde\" \/>\n<meta property=\"article:modified_time\" content=\"2025-03-31T13:24:34+00:00\" \/>\n<meta property=\"og:image\" content=\"https:\/\/rau.de\/wp-content\/uploads\/Zweireihige-Solarenergieanlage-auf-Laermschutzwand-in-Sonthofen-1.jpg\" \/>\n\t<meta property=\"og:image:width\" content=\"1024\" \/>\n\t<meta property=\"og:image:height\" content=\"768\" \/>\n\t<meta property=\"og:image:type\" content=\"image\/jpeg\" \/>\n<meta name=\"twitter:card\" content=\"summary_large_image\" \/>\n<meta name=\"twitter:label1\" content=\"Est. reading time\" \/>\n\t<meta name=\"twitter:data1\" content=\"5 minutes\" \/>\n<script type=\"application\/ld+json\" class=\"yoast-schema-graph\">{\"@context\":\"https:\/\/schema.org\",\"@graph\":[{\"@type\":\"WebPage\",\"@id\":\"https:\/\/rau.de\/en\/photovoltaic\/\",\"url\":\"https:\/\/rau.de\/en\/photovoltaic\/\",\"name\":\"Photovoltaic noise barrier | RAU.de\",\"isPartOf\":{\"@id\":\"https:\/\/rau.de\/en\/#website\"},\"primaryImageOfPage\":{\"@id\":\"https:\/\/rau.de\/en\/photovoltaic\/#primaryimage\"},\"image\":{\"@id\":\"https:\/\/rau.de\/en\/photovoltaic\/#primaryimage\"},\"thumbnailUrl\":\"https:\/\/rau.de\/wp-content\/uploads\/Zweireihige-Solarenergieanlage-auf-Laermschutzwand-in-Sonthofen-1.jpg\",\"datePublished\":\"2023-12-19T15:43:51+00:00\",\"dateModified\":\"2025-03-31T13:24:34+00:00\",\"description\":\"Noise barrier with photovoltaic \u2705 effective noise protection \u2705 renewable energy source \u23e9 Find out more at RAU.de!\",\"breadcrumb\":{\"@id\":\"https:\/\/rau.de\/en\/photovoltaic\/#breadcrumb\"},\"inLanguage\":\"en-US\",\"potentialAction\":[{\"@type\":\"ReadAction\",\"target\":[\"https:\/\/rau.de\/en\/photovoltaic\/\"]}]},{\"@type\":\"ImageObject\",\"inLanguage\":\"en-US\",\"@id\":\"https:\/\/rau.de\/en\/photovoltaic\/#primaryimage\",\"url\":\"https:\/\/rau.de\/wp-content\/uploads\/Zweireihige-Solarenergieanlage-auf-Laermschutzwand-in-Sonthofen-1.jpg\",\"contentUrl\":\"https:\/\/rau.de\/wp-content\/uploads\/Zweireihige-Solarenergieanlage-auf-Laermschutzwand-in-Sonthofen-1.jpg\",\"width\":1024,\"height\":768,\"caption\":\"Zweireihige Solarenergieanlage auf L\u00e4rmschutzwand in Sonthofen\"},{\"@type\":\"BreadcrumbList\",\"@id\":\"https:\/\/rau.de\/en\/photovoltaic\/#breadcrumb\",\"itemListElement\":[{\"@type\":\"ListItem\",\"position\":1,\"name\":\"Startseite\",\"item\":\"https:\/\/rau.de\/en\/\"},{\"@type\":\"ListItem\",\"position\":2,\"name\":\"Photovoltaic noise protection \u2013 efficient and ecological\"}]},{\"@type\":\"WebSite\",\"@id\":\"https:\/\/rau.de\/en\/#website\",\"url\":\"https:\/\/rau.de\/en\/\",\"name\":\"Rau | L\u00e4rmschutzw\u00e4nde\",\"description\":\"Entwicklung und Umsetzung von L\u00e4rmschutzwand und Schallschutzwand\",\"publisher\":{\"@id\":\"https:\/\/rau.de\/en\/#organization\"},\"potentialAction\":[{\"@type\":\"SearchAction\",\"target\":{\"@type\":\"EntryPoint\",\"urlTemplate\":\"https:\/\/rau.de\/en\/?s={search_term_string}\"},\"query-input\":{\"@type\":\"PropertyValueSpecification\",\"valueRequired\":true,\"valueName\":\"search_term_string\"}}],\"inLanguage\":\"en-US\"},{\"@type\":\"Organization\",\"@id\":\"https:\/\/rau.de\/en\/#organization\",\"name\":\"RAU L\u00e4rmschutzw\u00e4nde \u2013 Geosystem GBK GmbH\",\"url\":\"https:\/\/rau.de\/en\/\",\"logo\":{\"@type\":\"ImageObject\",\"inLanguage\":\"en-US\",\"@id\":\"https:\/\/rau.de\/en\/#\/schema\/logo\/image\/\",\"url\":\"https:\/\/rau.de\/wp-content\/uploads\/web_logo.png\",\"contentUrl\":\"https:\/\/rau.de\/wp-content\/uploads\/web_logo.png\",\"width\":249,\"height\":127,\"caption\":\"RAU L\u00e4rmschutzw\u00e4nde \u2013 Geosystem GBK GmbH\"},\"image\":{\"@id\":\"https:\/\/rau.de\/en\/#\/schema\/logo\/image\/\"}}]}<\/script>\n<!-- \/ Yoast SEO plugin. -->","yoast_head_json":{"title":"Photovoltaic noise barrier | RAU.de","description":"Noise barrier with photovoltaic \u2705 effective noise protection \u2705 renewable energy source \u23e9 Find out more at RAU.de!","robots":{"index":"index","follow":"follow","max-snippet":"max-snippet:-1","max-image-preview":"max-image-preview:large","max-video-preview":"max-video-preview:-1"},"canonical":"https:\/\/rau.de\/en\/photovoltaic\/","og_locale":"en_US","og_type":"article","og_title":"Photovoltaic noise barrier | RAU.de","og_description":"Noise barrier with photovoltaic \u2705 effective noise protection \u2705 renewable energy source \u23e9 Find out more at RAU.de!","og_url":"https:\/\/rau.de\/en\/photovoltaic\/","og_site_name":"Rau | L\u00e4rmschutzw\u00e4nde","article_modified_time":"2025-03-31T13:24:34+00:00","og_image":[{"width":1024,"height":768,"url":"https:\/\/rau.de\/wp-content\/uploads\/Zweireihige-Solarenergieanlage-auf-Laermschutzwand-in-Sonthofen-1.jpg","type":"image\/jpeg"}],"twitter_card":"summary_large_image","twitter_misc":{"Est. reading time":"5 minutes"},"schema":{"@context":"https:\/\/schema.org","@graph":[{"@type":"WebPage","@id":"https:\/\/rau.de\/en\/photovoltaic\/","url":"https:\/\/rau.de\/en\/photovoltaic\/","name":"Photovoltaic noise barrier | RAU.de","isPartOf":{"@id":"https:\/\/rau.de\/en\/#website"},"primaryImageOfPage":{"@id":"https:\/\/rau.de\/en\/photovoltaic\/#primaryimage"},"image":{"@id":"https:\/\/rau.de\/en\/photovoltaic\/#primaryimage"},"thumbnailUrl":"https:\/\/rau.de\/wp-content\/uploads\/Zweireihige-Solarenergieanlage-auf-Laermschutzwand-in-Sonthofen-1.jpg","datePublished":"2023-12-19T15:43:51+00:00","dateModified":"2025-03-31T13:24:34+00:00","description":"Noise barrier with photovoltaic \u2705 effective noise protection \u2705 renewable energy source \u23e9 Find out more at RAU.de!","breadcrumb":{"@id":"https:\/\/rau.de\/en\/photovoltaic\/#breadcrumb"},"inLanguage":"en-US","potentialAction":[{"@type":"ReadAction","target":["https:\/\/rau.de\/en\/photovoltaic\/"]}]},{"@type":"ImageObject","inLanguage":"en-US","@id":"https:\/\/rau.de\/en\/photovoltaic\/#primaryimage","url":"https:\/\/rau.de\/wp-content\/uploads\/Zweireihige-Solarenergieanlage-auf-Laermschutzwand-in-Sonthofen-1.jpg","contentUrl":"https:\/\/rau.de\/wp-content\/uploads\/Zweireihige-Solarenergieanlage-auf-Laermschutzwand-in-Sonthofen-1.jpg","width":1024,"height":768,"caption":"Zweireihige Solarenergieanlage auf L\u00e4rmschutzwand in Sonthofen"},{"@type":"BreadcrumbList","@id":"https:\/\/rau.de\/en\/photovoltaic\/#breadcrumb","itemListElement":[{"@type":"ListItem","position":1,"name":"Startseite","item":"https:\/\/rau.de\/en\/"},{"@type":"ListItem","position":2,"name":"Photovoltaic noise protection \u2013 efficient and ecological"}]},{"@type":"WebSite","@id":"https:\/\/rau.de\/en\/#website","url":"https:\/\/rau.de\/en\/","name":"Rau | L\u00e4rmschutzw\u00e4nde","description":"Entwicklung und Umsetzung von L\u00e4rmschutzwand und Schallschutzwand","publisher":{"@id":"https:\/\/rau.de\/en\/#organization"},"potentialAction":[{"@type":"SearchAction","target":{"@type":"EntryPoint","urlTemplate":"https:\/\/rau.de\/en\/?s={search_term_string}"},"query-input":{"@type":"PropertyValueSpecification","valueRequired":true,"valueName":"search_term_string"}}],"inLanguage":"en-US"},{"@type":"Organization","@id":"https:\/\/rau.de\/en\/#organization","name":"RAU L\u00e4rmschutzw\u00e4nde \u2013 Geosystem GBK GmbH","url":"https:\/\/rau.de\/en\/","logo":{"@type":"ImageObject","inLanguage":"en-US","@id":"https:\/\/rau.de\/en\/#\/schema\/logo\/image\/","url":"https:\/\/rau.de\/wp-content\/uploads\/web_logo.png","contentUrl":"https:\/\/rau.de\/wp-content\/uploads\/web_logo.png","width":249,"height":127,"caption":"RAU L\u00e4rmschutzw\u00e4nde \u2013 Geosystem GBK GmbH"},"image":{"@id":"https:\/\/rau.de\/en\/#\/schema\/logo\/image\/"}}]}},"_links":{"self":[{"href":"https:\/\/rau.de\/en\/wp-json\/wp\/v2\/pages\/27020"}],"collection":[{"href":"https:\/\/rau.de\/en\/wp-json\/wp\/v2\/pages"}],"about":[{"href":"https:\/\/rau.de\/en\/wp-json\/wp\/v2\/types\/page"}],"author":[{"embeddable":true,"href":"https:\/\/rau.de\/en\/wp-json\/wp\/v2\/users\/2"}],"replies":[{"embeddable":true,"href":"https:\/\/rau.de\/en\/wp-json\/wp\/v2\/comments?post=27020"}],"version-history":[{"count":8,"href":"https:\/\/rau.de\/en\/wp-json\/wp\/v2\/pages\/27020\/revisions"}],"predecessor-version":[{"id":31928,"href":"https:\/\/rau.de\/en\/wp-json\/wp\/v2\/pages\/27020\/revisions\/31928"}],"wp:featuredmedia":[{"embeddable":true,"href":"https:\/\/rau.de\/en\/wp-json\/wp\/v2\/media\/31883"}],"wp:attachment":[{"href":"https:\/\/rau.de\/en\/wp-json\/wp\/v2\/media?parent=27020"}],"curies":[{"name":"wp","href":"https:\/\/api.w.org\/{rel}","templated":true}]}}