{"id":27014,"date":"2023-12-19T16:12:07","date_gmt":"2023-12-19T15:12:07","guid":{"rendered":"https:\/\/rau.de\/?page_id=27014"},"modified":"2023-12-19T17:32:43","modified_gmt":"2023-12-19T16:32:43","slug":"concrete-noise-barrier","status":"publish","type":"page","link":"https:\/\/rau.de\/en\/concrete-noise-barrier\/","title":{"rendered":"Concrete noise barrier \u2013 robust and durable solutions"},"content":{"rendered":"<section class=\"l-section wpb_row height_medium full_height valign_center with_img parallax_fixed\" id=\"kontakt\"><div class=\"l-section-img\" role=\"img\" data-img-width=\"2000\" data-img-height=\"1122\" style=\"background-image: url(https:\/\/rau.de\/wp-content\/uploads\/bg.jpg);\"><\/div><div class=\"l-section-h i-cf\"><div class=\"g-cols vc_row via_flex valign_top type_default stacking_default\"><div class=\"vc_col-sm-12 wpb_column vc_column_container\"><div class=\"vc_column-inner\"><div class=\"wpb_wrapper\"><div class=\"g-cols wpb_row content_top via_flex valign_top type_default stacking_default\"><div class=\"vc_col-sm-12 wpb_column vc_column_container\"><div class=\"vc_column-inner\"><div class=\"wpb_wrapper\"><h1 class=\"w-post-elm post_title entry-title color_link_inherit\">Concrete noise barrier \u2013 robust and durable solutions<\/h1><\/div><\/div><\/div><\/div><div class=\"g-cols wpb_row us_custom_4fb9e5a3 content_text via_flex valign_top type_default stacking_default\"><div class=\"vc_col-sm-6 wpb_column vc_column_container\"><div class=\"vc_column-inner\"><div class=\"wpb_wrapper\"><div class=\"w-separator size_small\"><\/div><div class=\"wpb_text_column mb-30\"><div class=\"wpb_wrapper\"><p>The noise barrier or sound wall is a practical solution on busy roads or railway lines. Residents can be effectively protected from excessive exposure to noise and sound. Noise barriers do not always score with an attractive appearance. But we have a solution for that: RAU manufactures noise barriers that meet requirements for noise insulation, sustainability, and appearance.<\/p>\n<p>One part of the range at RAU is the concrete noise barrier. Concrete has been used for decades in road construction, house building, and civil engineering. It is a material that is as robust as it is durable and can be designed in many different ways. The construction of noise barriers is planned a way that the noise protection is permanent and the maintenance low. Concrete is an excellent material for insulating noise sources.<\/p>\n<\/div><\/div><div class=\"w-separator size_custom\" style=\"height:88px\"><\/div>[vc_progress_bar values=&#8221;%5B%7B%22label%22%3A%22Robust%20and%20long%20service%20life%22%2C%22value%22%3A%22100%22%2C%22color%22%3A%22custom%22%2C%22customcolor%22%3A%22%2300ae46%22%2C%22customtxtcolor%22%3A%22%23ffffff%22%7D%2C%7B%22label%22%3A%22Easy%20maintenance%22%2C%22value%22%3A%22100%22%2C%22color%22%3A%22custom%22%2C%22customcolor%22%3A%22%2300ae46%22%2C%22customtxtcolor%22%3A%22%23ffffff%22%7D%2C%7B%22label%22%3A%22Certified%20construction%22%2C%22value%22%3A%22100%22%2C%22color%22%3A%22custom%22%2C%22customcolor%22%3A%22%2300ae46%22%2C%22customtxtcolor%22%3A%22%23ffffff%22%7D%2C%7B%22label%22%3A%22Stable%20against%20external%20influences%22%2C%22value%22%3A%22100%22%2C%22color%22%3A%22custom%22%2C%22customcolor%22%3A%22%2300ae46%22%2C%22customtxtcolor%22%3A%22%23ffffff%22%7D%2C%7B%22label%22%3A%22Very%20high%20airborne%20sound%20insulation%22%2C%22value%22%3A%22100%22%2C%22color%22%3A%22custom%22%2C%22customcolor%22%3A%22%2300ae46%22%2C%22customtxtcolor%22%3A%22%23ffffff%22%7D%5D&#8221; css_animation=&#8221;none&#8221; title=&#8221;Advantages of a concrete noise barrier:&#8221;]<\/div><\/div><\/div><div class=\"vc_col-sm-6 wpb_column vc_column_container\"><div class=\"vc_column-inner\"><div class=\"wpb_wrapper\"><div class=\"w-image align_none\"><div class=\"w-image-h\"><img loading=\"lazy\" decoding=\"async\" width=\"1024\" height=\"768\" src=\"https:\/\/rau.de\/wp-content\/uploads\/SonderbauteilWagh\u00e4usel5.jpg\" class=\"attachment-large size-large\" alt=\"\" srcset=\"https:\/\/rau.de\/wp-content\/uploads\/SonderbauteilWagh\u00e4usel5.jpg 1024w, https:\/\/rau.de\/wp-content\/uploads\/SonderbauteilWagh\u00e4usel5-300x225.jpg 300w\" sizes=\"auto, (max-width: 1024px) 100vw, 1024px\" \/><\/div><\/div><div class=\"w-separator size_small\"><\/div><div class=\"wpb_text_column mb-30\"><div class=\"wpb_wrapper\"><h2>Why a concrete noise barrier can be the right solution for you<\/h2>\n<p>When looking for suitable noise barriers, the material plays an important role. The noise barrier made of concrete at a fair price by RAU offers several positive characteristics. Thanks to the dense material that is processed here, excellent airborne sound insulation is guaranteed. At the same time, the concrete noise barriers require very little maintenance and provide privacy from roads or railway lines.<\/p>\n<p>For easy maintenance and control, RAU offers the option of fitting the walls with doors or gates. Thanks to the tested and certified construction method, you receive high-quality concrete noise barrier walls that are very robust. Due to the strong resistance of concrete to environmental influences, a noise protection fence made of this material will last for many years.<\/p>\n<\/div><\/div><\/div><\/div><\/div><\/div><div class=\"g-cols wpb_row us_custom_4fb9e5a3 content_text via_flex valign_top type_default stacking_default\"><div class=\"vc_col-sm-6 wpb_column vc_column_container\"><div class=\"vc_column-inner\"><div class=\"wpb_wrapper\"><div class=\"wpb_text_column mb-30\"><div class=\"wpb_wrapper\"><h2>Concrete noise protection by RAU: structure and properties<\/h2>\n<p>The RAU noise protection system is based on a deep foundation with foundation piles. Drilled piles or driven casings are used here. The base is cast from concrete. This is also the basis for the excellent sound insulation. The possibility of combining concrete noise barriers with other systems gives you custom design options.<\/p>\n<p>The individual construction elements are usually manufactured in-house at RAU, thus guaranteeing you a flexible design for your noise protection. If you wish to install doors and gates at certain intervals, this is possible without any problems. The complete systems from RAU are certified and tested. This means that the optimum sound insulation and absorption values can also be reviewed any time. If you have any questions, our experts will be happy to help you.<\/p>\n<\/div><\/div><\/div><\/div><\/div><div class=\"vc_col-sm-6 wpb_column vc_column_container\"><div class=\"vc_column-inner\"><div class=\"wpb_wrapper\"><div class=\"w-image align_none\"><div class=\"w-image-h\"><img loading=\"lazy\" decoding=\"async\" width=\"1024\" height=\"768\" src=\"https:\/\/rau.de\/wp-content\/uploads\/SonderbauteilWagh\u00e4usel4.jpg\" class=\"attachment-large size-large\" alt=\"\" srcset=\"https:\/\/rau.de\/wp-content\/uploads\/SonderbauteilWagh\u00e4usel4.jpg 1024w, https:\/\/rau.de\/wp-content\/uploads\/SonderbauteilWagh\u00e4usel4-300x225.jpg 300w\" sizes=\"auto, (max-width: 1024px) 100vw, 1024px\" \/><\/div><\/div><\/div><\/div><\/div><\/div><div class=\"g-cols wpb_row us_custom_4fb9e5a3 content_text via_flex valign_top type_default stacking_default\"><div class=\"vc_col-sm-12 wpb_column vc_column_container\"><div class=\"vc_column-inner\"><div class=\"wpb_wrapper\"><div class=\"wpb_text_column\"><div class=\"wpb_wrapper\"><h2>The different noise protection elements by RAU<\/h2>\n<p>In addition to concrete noise barriers, RAU also develops other designs. Different conditions and environmental requirements may mean that concrete noise barriers are not the best solution and that other materials or construction methods better meet the requirements. For this reason, RAU\u2019s product range includes other noise protection elements:<\/p>\n<div>\n<p class=\"XP-0-Standard\">\n<table id=\"tablepress-10\" class=\"tablepress tablepress-id-10\">\n<thead>\n<tr class=\"row-1\">\n\t<th class=\"column-1\">Climate-neutral noise protection<\/th><th class=\"column-2\">Robust noise protection<\/th><th class=\"column-3\">Effective noise protection<\/th><th class=\"column-4\">Durable noise protection<\/th><th class=\"column-5\">Safe noise protection<\/th>\n<\/tr>\n<\/thead>\n<tbody>\n<tr class=\"row-2\">\n\t<td class=\"column-1\"><b>Green \ud83c\udf43<\/b><br \/>noise barrier<\/td><td class=\"column-2\"><b>Wooden \ud83e\udeb5<\/b><br \/>noise barrier<\/td><td class=\"column-3\"><b>Glass \ud83e\uddca<\/b><br \/>noise barrier<\/td><td class=\"column-4\"><b>Aluminium \ud83d\udee4<\/b><br \/>noise barrier<\/td><td class=\"column-5\"><b>Concrete \ud83e\udea8<\/b><br \/>noise barrier<\/td>\n<\/tr>\n<tr class=\"row-3\">\n\t<td class=\"column-1\">\u2714 Cost effective<\/td><td class=\"column-2\">\u2714 Stable and robust<\/td><td class=\"column-3\">\u2714 Light permeability<\/td><td class=\"column-4\">\u2714 Noise protection cassette made of aluminium<\/td><td class=\"column-5\">\u2714 High airborne sound insulation<\/td>\n<\/tr>\n<tr class=\"row-4\">\n\t<td class=\"column-1\">\u2714 Environmentally friendly<\/td><td class=\"column-2\">\u2714 Contemporary design<\/td><td class=\"column-3\">\u2714 High weather resistance and durability<\/td><td class=\"column-4\">\u2714 Narrow and space-saving<\/td><td class=\"column-5\">\u2714 Robust, durable and resistant<\/td>\n<\/tr>\n<tr class=\"row-5\">\n\t<td class=\"column-1\">\u2714 Highly effective sound insulation<\/td><td class=\"column-2\">\u2714 Natural and pleasant colouring <\/td><td class=\"column-3\">\u2714 Stable and break-resistant aminated safety glass or PMMA<\/td><td class=\"column-4\">\u2714 Highly absorbent and reflective<\/td><td class=\"column-5\">\u2714 Low maintenance requirements<\/td>\n<\/tr>\n<tr class=\"row-6\">\n\t<td class=\"column-1\">\u2714 Creates habitats for insects and plants <\/td><td class=\"column-2\">\u2714 Sustainable raw material<\/td><td class=\"column-3\">\u2714 Airborne sound insulation of the highest degree<\/td><td class=\"column-4\">\u2714 Large construction heights and colour variants possible<\/td><td class=\"column-5\">\u2714 Can be combined with other noise protection systems<\/td>\n<\/tr>\n<tr class=\"row-7\">\n\t<td class=\"column-1\">\u2714 Climate-neutral production and installation<\/td><td class=\"column-2\">\u2714 Harmonizes with green spaces<\/td><td class=\"column-3\">\u2714 Can be combined with other noise protection systems<\/td><td class=\"column-4\">\u2714 Durable<\/td><td class=\"column-5\">\u2714 Modern look<\/td>\n<\/tr>\n<tr class=\"row-8\">\n\t<td class=\"column-1\">\u2714 Durable and visually appealing<\/td><td class=\"column-2\">\u2714 Long-lasting<\/td><td class=\"column-3\">\u2714 Ideal in residential areas or between houses<\/td><td class=\"column-4\">\u2714 Greenable<\/td><td class=\"column-5\">\u2714 Certified construction method<\/td>\n<\/tr>\n<tr class=\"row-9\">\n\t<td class=\"column-1\"><a href=\"https:\/\/rau.de\/en\/noise-protection-by-the-roadside\/\"><button>Find out more \u2794 <\/button><a <\/a><\/td><td class=\"column-2\"><a href=\"https:\/\/rau.de\/en\/wooden-noise-barrier\/\"><button>Find out more \u2794 <\/button><a<\/a> <\/td><td class=\"column-3\"><a href=\"https:\/\/rau.de\/en\/glass-noise-barrier\/\"><button>Find out more \u2794 <\/button><a <\/a><\/td><td class=\"column-4\"><a href=\"https:\/\/rau.de\/en\/aluminium-noise-barrier\/\"><button>Find out more \u2794 <\/button><a <\/a><\/td><td class=\"column-5\"><a href=\"https:\/\/rau.de\/en\/concrete-noise-barrier\/\"><button>Find out more \u2794 <\/button><a <\/a><\/td>\n<\/tr>\n<\/tbody>\n<\/table>\n<!-- #tablepress-10 from cache -->\n<\/div>\n<\/div><\/div><div class=\"w-separator size_small\"><\/div><div class=\"wpb_text_column mb-30\"><div class=\"wpb_wrapper\"><h2>Concrete sound insulation wall: products in our range<\/h2>\n<p>The RAU product range includes various designs for concrete sound walls. The example of <a href=\"https:\/\/rau.de\/de\/waghaeusel\/\" target=\"_blank\" rel=\"noopener\">Wagh\u00e4usel<\/a> from our references shows a classic concrete noise barrier. If you want a green solution, the design implemented in <a href=\"https:\/\/rau.de\/de\/emmendingen\/\" target=\"_blank\" rel=\"noopener\">Emmendingen<\/a> is the right choice for you. This is a combination of glass and concrete elements that can easily be greened.<\/p>\n<p><a href=\"https:\/\/rau.de\/en\/noise-protection-by-the-roadside\/\">Environmental noise barriers<\/a> are particularly popular in residential areas and near allotments. They have several advantages. If you add plants to a concrete noise barrier, you create a new natural habitat for insects and small animals. An individual consultation can clarify which green plants are suitable for the respective area. Here you can also find out to what extent combinations with other materials can be implemented to achieve the desired greening objectives.<\/p>\n<\/div><\/div><div class=\"wpb_text_column\"><div class=\"wpb_wrapper\"><div>\n<h2>Discover versatile noise barriers by RAU<\/h2>\n<p>A concrete sound barrier by RAU offers you numerous different combination and design options. This also applies to the products made of other materials that you will find in our range. RAU stands for flexibility and customization options so that you can find the right noise protection solution for every area. Sustainability is important to us. Our noise barriers are ecological and have highly absorbent properties. By reducing fine dust, they do not pollute the environment. At the same time, we offer you excellent value for money.<\/p>\n<p>If you would like to use a noise barrier by RAU, we will adapt it to your needs and the requirements of the surrounding area. We fulfil your individual demands and will be happy to advise you by telephone on\u00a0<a href=\"tel:+493039748864\">\u00a0<i class=\"fa fa-phone-square\"><\/i>\u00a0 +49 (0)30 397 488 64<\/a><\/p>\n<\/div>\n<\/div><\/div><div class=\"w-separator size_small\"><\/div><\/div><\/div><\/div><\/div><\/div><\/div><\/div><\/div><\/div><\/section>\n","protected":false},"excerpt":{"rendered":"Concrete noise barrier \u2013 robust and durable solutionsThe noise barrier or sound wall is a practical solution on busy roads or railway lines. Residents can be effectively protected from excessive exposure to noise and sound. Noise barriers do not always score with an attractive appearance. But we have a solution for that: RAU manufactures noise...","protected":false},"author":2,"featured_media":21901,"parent":0,"menu_order":0,"comment_status":"closed","ping_status":"closed","template":"","meta":{"footnotes":""},"class_list":["post-27014","page","type-page","status-publish","has-post-thumbnail","hentry"],"yoast_head":"<!-- This site is optimized with the Yoast SEO plugin v27.5 - https:\/\/yoast.com\/product\/yoast-seo-wordpress\/ -->\n<title>Concrete noise barrier for sound insulation | RAU.de<\/title>\n<meta name=\"description\" content=\"Concrete sound barriers \u27a1\ufe0f Durable \u2705 High sound insulation \u2705 Particularly robust \u23e9 Find out more now at RAU.de\" \/>\n<meta name=\"robots\" content=\"index, follow, max-snippet:-1, max-image-preview:large, max-video-preview:-1\" \/>\n<link rel=\"canonical\" href=\"https:\/\/rau.de\/en\/concrete-noise-barrier\/\" \/>\n<meta property=\"og:locale\" content=\"en_US\" \/>\n<meta property=\"og:type\" content=\"article\" \/>\n<meta property=\"og:title\" content=\"Concrete noise barrier for sound insulation | RAU.de\" \/>\n<meta property=\"og:description\" content=\"Concrete sound barriers \u27a1\ufe0f Durable \u2705 High sound insulation \u2705 Particularly robust \u23e9 Find out more now at RAU.de\" \/>\n<meta property=\"og:url\" content=\"https:\/\/rau.de\/en\/concrete-noise-barrier\/\" \/>\n<meta property=\"og:site_name\" content=\"Rau | L\u00e4rmschutzw\u00e4nde\" \/>\n<meta property=\"article:modified_time\" content=\"2023-12-19T16:32:43+00:00\" \/>\n<meta property=\"og:image\" content=\"https:\/\/rau.de\/wp-content\/uploads\/SonderbauteilWaghaeusel5Startseite-1.jpg\" \/>\n\t<meta property=\"og:image:width\" content=\"1020\" \/>\n\t<meta property=\"og:image:height\" content=\"603\" \/>\n\t<meta property=\"og:image:type\" content=\"image\/jpeg\" \/>\n<meta name=\"twitter:card\" content=\"summary_large_image\" \/>\n<meta name=\"twitter:label1\" content=\"Est. reading time\" \/>\n\t<meta name=\"twitter:data1\" content=\"5 minutes\" \/>\n<script type=\"application\/ld+json\" class=\"yoast-schema-graph\">{\"@context\":\"https:\\\/\\\/schema.org\",\"@graph\":[{\"@type\":\"WebPage\",\"@id\":\"https:\\\/\\\/rau.de\\\/en\\\/concrete-noise-barrier\\\/\",\"url\":\"https:\\\/\\\/rau.de\\\/en\\\/concrete-noise-barrier\\\/\",\"name\":\"Concrete noise barrier for sound insulation | RAU.de\",\"isPartOf\":{\"@id\":\"https:\\\/\\\/rau.de\\\/en\\\/#website\"},\"primaryImageOfPage\":{\"@id\":\"https:\\\/\\\/rau.de\\\/en\\\/concrete-noise-barrier\\\/#primaryimage\"},\"image\":{\"@id\":\"https:\\\/\\\/rau.de\\\/en\\\/concrete-noise-barrier\\\/#primaryimage\"},\"thumbnailUrl\":\"https:\\\/\\\/rau.de\\\/wp-content\\\/uploads\\\/SonderbauteilWaghaeusel5Startseite-1.jpg\",\"datePublished\":\"2023-12-19T15:12:07+00:00\",\"dateModified\":\"2023-12-19T16:32:43+00:00\",\"description\":\"Concrete sound barriers \u27a1\ufe0f Durable \u2705 High sound insulation \u2705 Particularly robust \u23e9 Find out more now at RAU.de\",\"breadcrumb\":{\"@id\":\"https:\\\/\\\/rau.de\\\/en\\\/concrete-noise-barrier\\\/#breadcrumb\"},\"inLanguage\":\"en-US\",\"potentialAction\":[{\"@type\":\"ReadAction\",\"target\":[\"https:\\\/\\\/rau.de\\\/en\\\/concrete-noise-barrier\\\/\"]}]},{\"@type\":\"ImageObject\",\"inLanguage\":\"en-US\",\"@id\":\"https:\\\/\\\/rau.de\\\/en\\\/concrete-noise-barrier\\\/#primaryimage\",\"url\":\"https:\\\/\\\/rau.de\\\/wp-content\\\/uploads\\\/SonderbauteilWaghaeusel5Startseite-1.jpg\",\"contentUrl\":\"https:\\\/\\\/rau.de\\\/wp-content\\\/uploads\\\/SonderbauteilWaghaeusel5Startseite-1.jpg\",\"width\":1020,\"height\":603},{\"@type\":\"BreadcrumbList\",\"@id\":\"https:\\\/\\\/rau.de\\\/en\\\/concrete-noise-barrier\\\/#breadcrumb\",\"itemListElement\":[{\"@type\":\"ListItem\",\"position\":1,\"name\":\"Startseite\",\"item\":\"https:\\\/\\\/rau.de\\\/en\\\/\"},{\"@type\":\"ListItem\",\"position\":2,\"name\":\"Concrete noise barrier \u2013 robust and durable solutions\"}]},{\"@type\":\"WebSite\",\"@id\":\"https:\\\/\\\/rau.de\\\/en\\\/#website\",\"url\":\"https:\\\/\\\/rau.de\\\/en\\\/\",\"name\":\"Rau | L\u00e4rmschutzw\u00e4nde\",\"description\":\"Entwicklung und Umsetzung von L\u00e4rmschutzwand und Schallschutzwand\",\"publisher\":{\"@id\":\"https:\\\/\\\/rau.de\\\/en\\\/#organization\"},\"potentialAction\":[{\"@type\":\"SearchAction\",\"target\":{\"@type\":\"EntryPoint\",\"urlTemplate\":\"https:\\\/\\\/rau.de\\\/en\\\/?s={search_term_string}\"},\"query-input\":{\"@type\":\"PropertyValueSpecification\",\"valueRequired\":true,\"valueName\":\"search_term_string\"}}],\"inLanguage\":\"en-US\"},{\"@type\":\"Organization\",\"@id\":\"https:\\\/\\\/rau.de\\\/en\\\/#organization\",\"name\":\"RAU L\u00e4rmschutzw\u00e4nde \u2013 Geosystem GBK GmbH\",\"url\":\"https:\\\/\\\/rau.de\\\/en\\\/\",\"logo\":{\"@type\":\"ImageObject\",\"inLanguage\":\"en-US\",\"@id\":\"https:\\\/\\\/rau.de\\\/en\\\/#\\\/schema\\\/logo\\\/image\\\/\",\"url\":\"https:\\\/\\\/rau.de\\\/wp-content\\\/uploads\\\/web_logo.png\",\"contentUrl\":\"https:\\\/\\\/rau.de\\\/wp-content\\\/uploads\\\/web_logo.png\",\"width\":249,\"height\":127,\"caption\":\"RAU L\u00e4rmschutzw\u00e4nde \u2013 Geosystem GBK GmbH\"},\"image\":{\"@id\":\"https:\\\/\\\/rau.de\\\/en\\\/#\\\/schema\\\/logo\\\/image\\\/\"}}]}<\/script>\n<!-- \/ Yoast SEO plugin. -->","yoast_head_json":{"title":"Concrete noise barrier for sound insulation | RAU.de","description":"Concrete sound barriers \u27a1\ufe0f Durable \u2705 High sound insulation \u2705 Particularly robust \u23e9 Find out more now at RAU.de","robots":{"index":"index","follow":"follow","max-snippet":"max-snippet:-1","max-image-preview":"max-image-preview:large","max-video-preview":"max-video-preview:-1"},"canonical":"https:\/\/rau.de\/en\/concrete-noise-barrier\/","og_locale":"en_US","og_type":"article","og_title":"Concrete noise barrier for sound insulation | RAU.de","og_description":"Concrete sound barriers \u27a1\ufe0f Durable \u2705 High sound insulation \u2705 Particularly robust \u23e9 Find out more now at RAU.de","og_url":"https:\/\/rau.de\/en\/concrete-noise-barrier\/","og_site_name":"Rau | L\u00e4rmschutzw\u00e4nde","article_modified_time":"2023-12-19T16:32:43+00:00","og_image":[{"width":1020,"height":603,"url":"https:\/\/rau.de\/wp-content\/uploads\/SonderbauteilWaghaeusel5Startseite-1.jpg","type":"image\/jpeg"}],"twitter_card":"summary_large_image","twitter_misc":{"Est. reading time":"5 minutes"},"schema":{"@context":"https:\/\/schema.org","@graph":[{"@type":"WebPage","@id":"https:\/\/rau.de\/en\/concrete-noise-barrier\/","url":"https:\/\/rau.de\/en\/concrete-noise-barrier\/","name":"Concrete noise barrier for sound insulation | RAU.de","isPartOf":{"@id":"https:\/\/rau.de\/en\/#website"},"primaryImageOfPage":{"@id":"https:\/\/rau.de\/en\/concrete-noise-barrier\/#primaryimage"},"image":{"@id":"https:\/\/rau.de\/en\/concrete-noise-barrier\/#primaryimage"},"thumbnailUrl":"https:\/\/rau.de\/wp-content\/uploads\/SonderbauteilWaghaeusel5Startseite-1.jpg","datePublished":"2023-12-19T15:12:07+00:00","dateModified":"2023-12-19T16:32:43+00:00","description":"Concrete sound barriers \u27a1\ufe0f Durable \u2705 High sound insulation \u2705 Particularly robust \u23e9 Find out more now at RAU.de","breadcrumb":{"@id":"https:\/\/rau.de\/en\/concrete-noise-barrier\/#breadcrumb"},"inLanguage":"en-US","potentialAction":[{"@type":"ReadAction","target":["https:\/\/rau.de\/en\/concrete-noise-barrier\/"]}]},{"@type":"ImageObject","inLanguage":"en-US","@id":"https:\/\/rau.de\/en\/concrete-noise-barrier\/#primaryimage","url":"https:\/\/rau.de\/wp-content\/uploads\/SonderbauteilWaghaeusel5Startseite-1.jpg","contentUrl":"https:\/\/rau.de\/wp-content\/uploads\/SonderbauteilWaghaeusel5Startseite-1.jpg","width":1020,"height":603},{"@type":"BreadcrumbList","@id":"https:\/\/rau.de\/en\/concrete-noise-barrier\/#breadcrumb","itemListElement":[{"@type":"ListItem","position":1,"name":"Startseite","item":"https:\/\/rau.de\/en\/"},{"@type":"ListItem","position":2,"name":"Concrete noise barrier \u2013 robust and durable solutions"}]},{"@type":"WebSite","@id":"https:\/\/rau.de\/en\/#website","url":"https:\/\/rau.de\/en\/","name":"Rau | L\u00e4rmschutzw\u00e4nde","description":"Entwicklung und Umsetzung von L\u00e4rmschutzwand und Schallschutzwand","publisher":{"@id":"https:\/\/rau.de\/en\/#organization"},"potentialAction":[{"@type":"SearchAction","target":{"@type":"EntryPoint","urlTemplate":"https:\/\/rau.de\/en\/?s={search_term_string}"},"query-input":{"@type":"PropertyValueSpecification","valueRequired":true,"valueName":"search_term_string"}}],"inLanguage":"en-US"},{"@type":"Organization","@id":"https:\/\/rau.de\/en\/#organization","name":"RAU L\u00e4rmschutzw\u00e4nde \u2013 Geosystem GBK GmbH","url":"https:\/\/rau.de\/en\/","logo":{"@type":"ImageObject","inLanguage":"en-US","@id":"https:\/\/rau.de\/en\/#\/schema\/logo\/image\/","url":"https:\/\/rau.de\/wp-content\/uploads\/web_logo.png","contentUrl":"https:\/\/rau.de\/wp-content\/uploads\/web_logo.png","width":249,"height":127,"caption":"RAU L\u00e4rmschutzw\u00e4nde \u2013 Geosystem GBK GmbH"},"image":{"@id":"https:\/\/rau.de\/en\/#\/schema\/logo\/image\/"}}]}},"_links":{"self":[{"href":"https:\/\/rau.de\/en\/wp-json\/wp\/v2\/pages\/27014","targetHints":{"allow":["GET"]}}],"collection":[{"href":"https:\/\/rau.de\/en\/wp-json\/wp\/v2\/pages"}],"about":[{"href":"https:\/\/rau.de\/en\/wp-json\/wp\/v2\/types\/page"}],"author":[{"embeddable":true,"href":"https:\/\/rau.de\/en\/wp-json\/wp\/v2\/users\/2"}],"replies":[{"embeddable":true,"href":"https:\/\/rau.de\/en\/wp-json\/wp\/v2\/comments?post=27014"}],"version-history":[{"count":4,"href":"https:\/\/rau.de\/en\/wp-json\/wp\/v2\/pages\/27014\/revisions"}],"predecessor-version":[{"id":27034,"href":"https:\/\/rau.de\/en\/wp-json\/wp\/v2\/pages\/27014\/revisions\/27034"}],"wp:featuredmedia":[{"embeddable":true,"href":"https:\/\/rau.de\/en\/wp-json\/wp\/v2\/media\/21901"}],"wp:attachment":[{"href":"https:\/\/rau.de\/en\/wp-json\/wp\/v2\/media?parent=27014"}],"curies":[{"name":"wp","href":"https:\/\/api.w.org\/{rel}","templated":true}]}}