{"id":6704,"date":"2020-06-16T15:28:59","date_gmt":"2020-06-16T13:28:59","guid":{"rendered":"http:\/\/rau.kundendemo.com\/?page_id=6704"},"modified":"2022-05-02T11:55:53","modified_gmt":"2022-05-02T09:55:53","slug":"biessenhofen","status":"publish","type":"page","link":"https:\/\/rau.de\/de\/biessenhofen\/","title":{"rendered":"Biessenhofen"},"content":{"rendered":"<section class=\"l-section wpb_row height_medium full_height valign_center with_img\" id=\"kontakt\"><div class=\"l-section-img\" role=\"img\" data-img-width=\"2000\" data-img-height=\"1122\" style=\"background-image: url(https:\/\/rau.de\/wp-content\/uploads\/bg.jpg);\"><\/div><div class=\"l-section-h i-cf\"><div class=\"g-cols vc_row via_flex valign_top type_default stacking_default\"><div class=\"vc_col-sm-12 wpb_column vc_column_container\"><div class=\"vc_column-inner\"><div class=\"wpb_wrapper\"><div class=\"g-cols wpb_row content_top via_flex valign_top type_default stacking_default\"><div class=\"vc_col-sm-12 wpb_column vc_column_container\"><div class=\"vc_column-inner\"><div class=\"wpb_wrapper\"><h1 class=\"w-post-elm post_title entry-title color_link_inherit\">Biessenhofen<\/h1><\/div><\/div><\/div><\/div><div class=\"g-cols wpb_row us_custom_4fb9e5a3 content_text via_flex valign_top type_default stacking_default\"><div class=\"vc_col-sm-4 wpb_column vc_column_container\"><div class=\"vc_column-inner\"><div class=\"wpb_wrapper\"><div class=\"w-image align_none\"><div class=\"w-image-h\"><img loading=\"lazy\" decoding=\"async\" width=\"1024\" height=\"768\" src=\"https:\/\/rau.de\/wp-content\/uploads\/rau-r3-oekologische-laermschutzwand-mit-photovoltaik-1-1024x768.jpg\" class=\"attachment-large size-large\" alt=\"Innovativer, \u00f6kologischer L\u00e4rmschutz mit Photovoltaik\" srcset=\"https:\/\/rau.de\/wp-content\/uploads\/rau-r3-oekologische-laermschutzwand-mit-photovoltaik-1-1024x768.jpg 1024w, https:\/\/rau.de\/wp-content\/uploads\/rau-r3-oekologische-laermschutzwand-mit-photovoltaik-1-300x225.jpg 300w, https:\/\/rau.de\/wp-content\/uploads\/rau-r3-oekologische-laermschutzwand-mit-photovoltaik-1.jpg 1200w\" sizes=\"auto, (max-width: 1024px) 100vw, 1024px\" \/><\/div><\/div><\/div><\/div><\/div><div class=\"vc_col-sm-4 wpb_column vc_column_container\"><div class=\"vc_column-inner\"><div class=\"wpb_wrapper\"><div class=\"w-image align_none\"><div class=\"w-image-h\"><img loading=\"lazy\" decoding=\"async\" width=\"1024\" height=\"768\" src=\"https:\/\/rau.de\/wp-content\/uploads\/rau-r3-oekologische-laermschutzwand-mit-photovoltaik-1024x768.jpg\" class=\"attachment-large size-large\" alt=\"RAU R3 \u00f6kologische L\u00e4rmschutzwand mit Photovoltaikanlage\" srcset=\"https:\/\/rau.de\/wp-content\/uploads\/rau-r3-oekologische-laermschutzwand-mit-photovoltaik-1024x768.jpg 1024w, https:\/\/rau.de\/wp-content\/uploads\/rau-r3-oekologische-laermschutzwand-mit-photovoltaik-300x225.jpg 300w, https:\/\/rau.de\/wp-content\/uploads\/rau-r3-oekologische-laermschutzwand-mit-photovoltaik.jpg 1200w\" sizes=\"auto, (max-width: 1024px) 100vw, 1024px\" \/><\/div><\/div><\/div><\/div><\/div><div class=\"vc_col-sm-4 wpb_column vc_column_container\"><div class=\"vc_column-inner\"><div class=\"wpb_wrapper\"><div class=\"w-image align_none\"><div class=\"w-image-h\"><img loading=\"lazy\" decoding=\"async\" width=\"1024\" height=\"768\" src=\"https:\/\/rau.de\/wp-content\/uploads\/rau-r3-oekologische-laermschutzwand-mit-photovoltaik-3-1024x768.jpg\" class=\"attachment-large size-large\" alt=\"Photovoltaikanlage auf einer L\u00e4rmschutzwand in Biesenhofen\" srcset=\"https:\/\/rau.de\/wp-content\/uploads\/rau-r3-oekologische-laermschutzwand-mit-photovoltaik-3-1024x768.jpg 1024w, https:\/\/rau.de\/wp-content\/uploads\/rau-r3-oekologische-laermschutzwand-mit-photovoltaik-3-300x225.jpg 300w, https:\/\/rau.de\/wp-content\/uploads\/rau-r3-oekologische-laermschutzwand-mit-photovoltaik-3.jpg 1200w\" sizes=\"auto, (max-width: 1024px) 100vw, 1024px\" \/><\/div><\/div><\/div><\/div><\/div><\/div><\/div><\/div><\/div><\/div><\/div><\/section>\n","protected":false},"excerpt":{"rendered":"Biessenhofen","protected":false},"author":2,"featured_media":557,"parent":0,"menu_order":0,"comment_status":"closed","ping_status":"closed","template":"","meta":{"footnotes":""},"class_list":["post-6704","page","type-page","status-publish","has-post-thumbnail","hentry"],"yoast_head":"<!-- This site is optimized with the Yoast SEO plugin v27.4 - https:\/\/yoast.com\/product\/yoast-seo-wordpress\/ -->\n<title>Biessenhofen | Nachhaltiger L\u00e4rmschutz durch erneuerbare Energie \ud83d\udd07<\/title>\n<meta name=\"description\" content=\"Erneuerbare Energien treffen auf \u00f6kologischen L\u00e4rmschutz. Mit der RAU Photovoltaik L\u00e4rmschutzwand sch\u00fctzen Sie nachhaltig vor L\u00e4rm. | rau.de\" \/>\n<meta name=\"robots\" content=\"index, follow, max-snippet:-1, max-image-preview:large, max-video-preview:-1\" \/>\n<link rel=\"canonical\" href=\"https:\/\/rau.de\/de\/biessenhofen\/\" \/>\n<meta property=\"og:locale\" content=\"de_DE\" \/>\n<meta property=\"og:type\" content=\"article\" \/>\n<meta property=\"og:title\" content=\"Biessenhofen | Nachhaltiger L\u00e4rmschutz durch erneuerbare Energie \ud83d\udd07\" \/>\n<meta property=\"og:description\" content=\"Erneuerbare Energien treffen auf \u00f6kologischen L\u00e4rmschutz. Mit der RAU Photovoltaik L\u00e4rmschutzwand sch\u00fctzen Sie nachhaltig vor L\u00e4rm. | rau.de\" \/>\n<meta property=\"og:url\" content=\"https:\/\/rau.de\/de\/biessenhofen\/\" \/>\n<meta property=\"og:site_name\" content=\"Rau | L\u00e4rmschutzw\u00e4nde\" \/>\n<meta property=\"article:modified_time\" content=\"2022-05-02T09:55:53+00:00\" \/>\n<meta property=\"og:image\" content=\"https:\/\/rau.de\/wp-content\/uploads\/rau-r3-oekologische-laermschutzwand-mit-photovoltaik-1.jpg\" \/>\n\t<meta property=\"og:image:width\" content=\"1200\" \/>\n\t<meta property=\"og:image:height\" content=\"900\" \/>\n\t<meta property=\"og:image:type\" content=\"image\/jpeg\" \/>\n<meta name=\"twitter:card\" content=\"summary_large_image\" \/>\n<meta name=\"twitter:label1\" content=\"Gesch\u00e4tzte Lesezeit\" \/>\n\t<meta name=\"twitter:data1\" content=\"1\u00a0Minute\" \/>\n<script type=\"application\/ld+json\" class=\"yoast-schema-graph\">{\"@context\":\"https:\\\/\\\/schema.org\",\"@graph\":[{\"@type\":\"WebPage\",\"@id\":\"https:\\\/\\\/rau.de\\\/de\\\/biessenhofen\\\/\",\"url\":\"https:\\\/\\\/rau.de\\\/de\\\/biessenhofen\\\/\",\"name\":\"Biessenhofen | Nachhaltiger L\u00e4rmschutz durch erneuerbare Energie \ud83d\udd07\",\"isPartOf\":{\"@id\":\"https:\\\/\\\/rau.de\\\/de\\\/#website\"},\"primaryImageOfPage\":{\"@id\":\"https:\\\/\\\/rau.de\\\/de\\\/biessenhofen\\\/#primaryimage\"},\"image\":{\"@id\":\"https:\\\/\\\/rau.de\\\/de\\\/biessenhofen\\\/#primaryimage\"},\"thumbnailUrl\":\"https:\\\/\\\/rau.de\\\/wp-content\\\/uploads\\\/rau-r3-oekologische-laermschutzwand-mit-photovoltaik-1.jpg\",\"datePublished\":\"2020-06-16T13:28:59+00:00\",\"dateModified\":\"2022-05-02T09:55:53+00:00\",\"description\":\"Erneuerbare Energien treffen auf \u00f6kologischen L\u00e4rmschutz. Mit der RAU Photovoltaik L\u00e4rmschutzwand sch\u00fctzen Sie nachhaltig vor L\u00e4rm. | rau.de\",\"breadcrumb\":{\"@id\":\"https:\\\/\\\/rau.de\\\/de\\\/biessenhofen\\\/#breadcrumb\"},\"inLanguage\":\"de\",\"potentialAction\":[{\"@type\":\"ReadAction\",\"target\":[\"https:\\\/\\\/rau.de\\\/de\\\/biessenhofen\\\/\"]}]},{\"@type\":\"ImageObject\",\"inLanguage\":\"de\",\"@id\":\"https:\\\/\\\/rau.de\\\/de\\\/biessenhofen\\\/#primaryimage\",\"url\":\"https:\\\/\\\/rau.de\\\/wp-content\\\/uploads\\\/rau-r3-oekologische-laermschutzwand-mit-photovoltaik-1.jpg\",\"contentUrl\":\"https:\\\/\\\/rau.de\\\/wp-content\\\/uploads\\\/rau-r3-oekologische-laermschutzwand-mit-photovoltaik-1.jpg\",\"width\":1200,\"height\":900,\"caption\":\"6\"},{\"@type\":\"BreadcrumbList\",\"@id\":\"https:\\\/\\\/rau.de\\\/de\\\/biessenhofen\\\/#breadcrumb\",\"itemListElement\":[{\"@type\":\"ListItem\",\"position\":1,\"name\":\"Startseite\",\"item\":\"https:\\\/\\\/rau.de\\\/de\\\/\"},{\"@type\":\"ListItem\",\"position\":2,\"name\":\"Biessenhofen\"}]},{\"@type\":\"WebSite\",\"@id\":\"https:\\\/\\\/rau.de\\\/de\\\/#website\",\"url\":\"https:\\\/\\\/rau.de\\\/de\\\/\",\"name\":\"Rau | L\u00e4rmschutzw\u00e4nde\",\"description\":\"Entwicklung und Umsetzung von L\u00e4rmschutzwand und Schallschutzwand\",\"publisher\":{\"@id\":\"https:\\\/\\\/rau.de\\\/de\\\/#organization\"},\"potentialAction\":[{\"@type\":\"SearchAction\",\"target\":{\"@type\":\"EntryPoint\",\"urlTemplate\":\"https:\\\/\\\/rau.de\\\/de\\\/?s={search_term_string}\"},\"query-input\":{\"@type\":\"PropertyValueSpecification\",\"valueRequired\":true,\"valueName\":\"search_term_string\"}}],\"inLanguage\":\"de\"},{\"@type\":\"Organization\",\"@id\":\"https:\\\/\\\/rau.de\\\/de\\\/#organization\",\"name\":\"RAU L\u00e4rmschutzw\u00e4nde \u2013 Geosystem GBK GmbH\",\"url\":\"https:\\\/\\\/rau.de\\\/de\\\/\",\"logo\":{\"@type\":\"ImageObject\",\"inLanguage\":\"de\",\"@id\":\"https:\\\/\\\/rau.de\\\/de\\\/#\\\/schema\\\/logo\\\/image\\\/\",\"url\":\"https:\\\/\\\/rau.de\\\/wp-content\\\/uploads\\\/web_logo.png\",\"contentUrl\":\"https:\\\/\\\/rau.de\\\/wp-content\\\/uploads\\\/web_logo.png\",\"width\":249,\"height\":127,\"caption\":\"RAU L\u00e4rmschutzw\u00e4nde \u2013 Geosystem GBK GmbH\"},\"image\":{\"@id\":\"https:\\\/\\\/rau.de\\\/de\\\/#\\\/schema\\\/logo\\\/image\\\/\"}}]}<\/script>\n<!-- \/ Yoast SEO plugin. -->","yoast_head_json":{"title":"Biessenhofen | Nachhaltiger L\u00e4rmschutz durch erneuerbare Energie \ud83d\udd07","description":"Erneuerbare Energien treffen auf \u00f6kologischen L\u00e4rmschutz. Mit der RAU Photovoltaik L\u00e4rmschutzwand sch\u00fctzen Sie nachhaltig vor L\u00e4rm. | rau.de","robots":{"index":"index","follow":"follow","max-snippet":"max-snippet:-1","max-image-preview":"max-image-preview:large","max-video-preview":"max-video-preview:-1"},"canonical":"https:\/\/rau.de\/de\/biessenhofen\/","og_locale":"de_DE","og_type":"article","og_title":"Biessenhofen | Nachhaltiger L\u00e4rmschutz durch erneuerbare Energie \ud83d\udd07","og_description":"Erneuerbare Energien treffen auf \u00f6kologischen L\u00e4rmschutz. Mit der RAU Photovoltaik L\u00e4rmschutzwand sch\u00fctzen Sie nachhaltig vor L\u00e4rm. | rau.de","og_url":"https:\/\/rau.de\/de\/biessenhofen\/","og_site_name":"Rau | L\u00e4rmschutzw\u00e4nde","article_modified_time":"2022-05-02T09:55:53+00:00","og_image":[{"width":1200,"height":900,"url":"https:\/\/rau.de\/wp-content\/uploads\/rau-r3-oekologische-laermschutzwand-mit-photovoltaik-1.jpg","type":"image\/jpeg"}],"twitter_card":"summary_large_image","twitter_misc":{"Gesch\u00e4tzte Lesezeit":"1\u00a0Minute"},"schema":{"@context":"https:\/\/schema.org","@graph":[{"@type":"WebPage","@id":"https:\/\/rau.de\/de\/biessenhofen\/","url":"https:\/\/rau.de\/de\/biessenhofen\/","name":"Biessenhofen | Nachhaltiger L\u00e4rmschutz durch erneuerbare Energie \ud83d\udd07","isPartOf":{"@id":"https:\/\/rau.de\/de\/#website"},"primaryImageOfPage":{"@id":"https:\/\/rau.de\/de\/biessenhofen\/#primaryimage"},"image":{"@id":"https:\/\/rau.de\/de\/biessenhofen\/#primaryimage"},"thumbnailUrl":"https:\/\/rau.de\/wp-content\/uploads\/rau-r3-oekologische-laermschutzwand-mit-photovoltaik-1.jpg","datePublished":"2020-06-16T13:28:59+00:00","dateModified":"2022-05-02T09:55:53+00:00","description":"Erneuerbare Energien treffen auf \u00f6kologischen L\u00e4rmschutz. Mit der RAU Photovoltaik L\u00e4rmschutzwand sch\u00fctzen Sie nachhaltig vor L\u00e4rm. | rau.de","breadcrumb":{"@id":"https:\/\/rau.de\/de\/biessenhofen\/#breadcrumb"},"inLanguage":"de","potentialAction":[{"@type":"ReadAction","target":["https:\/\/rau.de\/de\/biessenhofen\/"]}]},{"@type":"ImageObject","inLanguage":"de","@id":"https:\/\/rau.de\/de\/biessenhofen\/#primaryimage","url":"https:\/\/rau.de\/wp-content\/uploads\/rau-r3-oekologische-laermschutzwand-mit-photovoltaik-1.jpg","contentUrl":"https:\/\/rau.de\/wp-content\/uploads\/rau-r3-oekologische-laermschutzwand-mit-photovoltaik-1.jpg","width":1200,"height":900,"caption":"6"},{"@type":"BreadcrumbList","@id":"https:\/\/rau.de\/de\/biessenhofen\/#breadcrumb","itemListElement":[{"@type":"ListItem","position":1,"name":"Startseite","item":"https:\/\/rau.de\/de\/"},{"@type":"ListItem","position":2,"name":"Biessenhofen"}]},{"@type":"WebSite","@id":"https:\/\/rau.de\/de\/#website","url":"https:\/\/rau.de\/de\/","name":"Rau | L\u00e4rmschutzw\u00e4nde","description":"Entwicklung und Umsetzung von L\u00e4rmschutzwand und Schallschutzwand","publisher":{"@id":"https:\/\/rau.de\/de\/#organization"},"potentialAction":[{"@type":"SearchAction","target":{"@type":"EntryPoint","urlTemplate":"https:\/\/rau.de\/de\/?s={search_term_string}"},"query-input":{"@type":"PropertyValueSpecification","valueRequired":true,"valueName":"search_term_string"}}],"inLanguage":"de"},{"@type":"Organization","@id":"https:\/\/rau.de\/de\/#organization","name":"RAU L\u00e4rmschutzw\u00e4nde \u2013 Geosystem GBK GmbH","url":"https:\/\/rau.de\/de\/","logo":{"@type":"ImageObject","inLanguage":"de","@id":"https:\/\/rau.de\/de\/#\/schema\/logo\/image\/","url":"https:\/\/rau.de\/wp-content\/uploads\/web_logo.png","contentUrl":"https:\/\/rau.de\/wp-content\/uploads\/web_logo.png","width":249,"height":127,"caption":"RAU L\u00e4rmschutzw\u00e4nde \u2013 Geosystem GBK GmbH"},"image":{"@id":"https:\/\/rau.de\/de\/#\/schema\/logo\/image\/"}}]}},"_links":{"self":[{"href":"https:\/\/rau.de\/de\/wp-json\/wp\/v2\/pages\/6704","targetHints":{"allow":["GET"]}}],"collection":[{"href":"https:\/\/rau.de\/de\/wp-json\/wp\/v2\/pages"}],"about":[{"href":"https:\/\/rau.de\/de\/wp-json\/wp\/v2\/types\/page"}],"author":[{"embeddable":true,"href":"https:\/\/rau.de\/de\/wp-json\/wp\/v2\/users\/2"}],"replies":[{"embeddable":true,"href":"https:\/\/rau.de\/de\/wp-json\/wp\/v2\/comments?post=6704"}],"version-history":[{"count":4,"href":"https:\/\/rau.de\/de\/wp-json\/wp\/v2\/pages\/6704\/revisions"}],"predecessor-version":[{"id":23705,"href":"https:\/\/rau.de\/de\/wp-json\/wp\/v2\/pages\/6704\/revisions\/23705"}],"wp:featuredmedia":[{"embeddable":true,"href":"https:\/\/rau.de\/de\/wp-json\/wp\/v2\/media\/557"}],"wp:attachment":[{"href":"https:\/\/rau.de\/de\/wp-json\/wp\/v2\/media?parent=6704"}],"curies":[{"name":"wp","href":"https:\/\/api.w.org\/{rel}","templated":true}]}}