{"id":6201,"date":"2020-06-09T15:39:04","date_gmt":"2020-06-09T13:39:04","guid":{"rendered":"http:\/\/rau.kundendemo.com\/?page_id=6201"},"modified":"2022-05-25T17:23:22","modified_gmt":"2022-05-25T15:23:22","slug":"laermschutz-fuer-kommunen-und-industrie","status":"publish","type":"page","link":"https:\/\/rau.de\/de\/laermschutz-fuer-kommunen-und-industrie\/","title":{"rendered":"L\u00e4rmschutz f\u00fcr St\u00e4dte, Kommunen, Gewerbe und Industrie"},"content":{"rendered":"<section class=\"l-section wpb_row height_medium full_height valign_center with_img parallax_fixed\" id=\"kontakt\"><div class=\"l-section-img\" role=\"img\" data-img-width=\"2000\" data-img-height=\"1122\" style=\"background-image: url(https:\/\/rau.de\/wp-content\/uploads\/bg.jpg);\"><\/div><div class=\"l-section-h i-cf\"><div class=\"g-cols vc_row via_flex valign_top type_default stacking_default\"><div class=\"vc_col-sm-12 wpb_column vc_column_container\"><div class=\"vc_column-inner\"><div class=\"wpb_wrapper\"><div class=\"g-cols wpb_row content_top via_flex valign_top type_default stacking_default\"><div class=\"vc_col-sm-12 wpb_column vc_column_container\"><div class=\"vc_column-inner\"><div class=\"wpb_wrapper\"><h1 class=\"w-post-elm post_title entry-title color_link_inherit\">L\u00e4rmschutz f\u00fcr St\u00e4dte, Kommunen, Gewerbe und Industrie<\/h1><\/div><\/div><\/div><\/div><div class=\"g-cols wpb_row us_custom_4fb9e5a3 content_text via_flex valign_top type_default stacking_default\"><div class=\"vc_col-sm-8 wpb_column vc_column_container\"><div class=\"vc_column-inner\"><div class=\"wpb_wrapper\"><div class=\"wpb_text_column\"><div class=\"wpb_wrapper\"><p>Neubaugebiete werden immer n\u00e4her an bestehenden L\u00e4rmquellen errichtet. Mithilfe von L\u00e4rmschutzw\u00e4nden kann dieser L\u00e4rm erheblich gemindert werden. F\u00fcr einige Neubaugebiete reicht es aus, mit vorhandenen Bodenmassen L\u00e4rmschutzw\u00e4lle aufzusch\u00fctten. F\u00fcr Bereiche mit gen\u00fcgend Aufstellfl\u00e4che eignet sich ein Steilwall als Schwerlastwand ohne Tiefgr\u00fcndung. In Stadtgebieten hingegen, werden schmale Systeme mit Tiefgr\u00fcndung gebraucht. Die Systeme von Rau.de sind alle begr\u00fcnbar. Die Begr\u00fcnung bietet zum einen \u00f6kologische Vorteile, erleichtert aber auch die Pflege und spart Kosten. In Sachen L\u00e4rmschutzw\u00e4nde gibt es viele Variationsm\u00f6glichkeiten. So gibt es verschiedene Wand- und Wallarten und unterschiedliche Materialien, welche sich nach individuellen W\u00fcnschen kombinieren lassen.<\/p>\n<\/div><\/div><\/div><\/div><\/div><div class=\"vc_col-sm-4 wpb_column vc_column_container\"><div class=\"vc_column-inner\"><div class=\"wpb_wrapper\"><div class=\"w-separator size_custom\" style=\"height:40px\"><\/div><div class=\"w-btn-wrapper align_center\"><a class=\"w-btn us-btn-style_3\" title=\"Produkte\" target=\"_blank\" rel=\"nofollow\" href=\"https:\/\/www.rau.de\/de\/produkte\/\"><span class=\"w-btn-label\">Zu unseren Produkten<\/span><\/a><\/div><div class=\"w-separator size_custom\" style=\"height:20px\"><\/div><div class=\"w-btn-wrapper align_center\"><a class=\"w-btn us-btn-style_3\" title=\"Referenzen\" target=\"_blank\" rel=\"nofollow\" href=\"https:\/\/rau.de\/de\/referenzen\/\"><span class=\"w-btn-label\">Zu unseren Referenzen<\/span><\/a><\/div><\/div><\/div><\/div><\/div><div class=\"g-cols wpb_row us_custom_4fb9e5a3 content_text via_flex valign_top type_default stacking_default\"><div class=\"vc_col-sm-12 wpb_column vc_column_container\"><div class=\"vc_column-inner\"><div class=\"wpb_wrapper\"><div class=\"w-grid type_grid layout_163 cols_3\" id=\"us_grid_1\" style=\"--gap:1.5rem;\"><style>@media (max-width:1024px){#us_grid_1 .w-grid-item{width:50%}}@media (max-width:600px){#us_grid_1 .w-grid-list{margin:0}#us_grid_1 .w-grid-item{width:100%;padding:0;margin-bottom:var(--gap,0px)}}.layout_163 .w-grid-item-h{}.layout_163 .usg_post_image_1{margin-bottom:1rem!important}.layout_163 .usg_post_title_1{font-size:1.4rem!important;margin-bottom:0.5rem!important}.layout_163 .usg_hwrapper_1{color:#999999!important;font-size:0.9rem!important}.layout_163 .usg_post_content_1{margin-top:0.5rem!important}.layout_163 .usg_btn_1{margin-top:1.5rem!important}@media (min-width:1025px) and (max-width:1280px){.layout_163 .usg_post_image_1{margin-bottom:1rem!important}.layout_163 .usg_post_title_1{font-size:1.4rem!important;margin-bottom:0.5rem!important}.layout_163 .usg_hwrapper_1{color:#999999!important;font-size:0.9rem!important}.layout_163 .usg_post_content_1{margin-top:0.5rem!important}.layout_163 .usg_btn_1{margin-top:1.5rem!important}}@media (min-width:601px) and (max-width:1024px){.layout_163 .usg_post_image_1{margin-bottom:1rem!important}.layout_163 .usg_post_title_1{font-size:1.4rem!important;margin-bottom:0.5rem!important}.layout_163 .usg_hwrapper_1{color:#999999!important;font-size:0.9rem!important}.layout_163 .usg_post_content_1{margin-top:0.5rem!important}.layout_163 .usg_btn_1{margin-top:1.5rem!important}}@media (max-width:600px){.layout_163 .usg_post_image_1{margin-bottom:1rem!important}.layout_163 .usg_post_title_1{font-size:1.4rem!important;margin-bottom:0.5rem!important}.layout_163 .usg_hwrapper_1{color:#999999!important;font-size:0.9rem!important}.layout_163 .usg_post_content_1{margin-top:0.5rem!important}.layout_163 .usg_btn_1{margin-top:1.5rem!important}}<\/style><div class=\"w-grid-list\">\t<article class=\"w-grid-item size_1x1 post-22881 page type-page status-publish has-post-thumbnail hentry\" data-id=\"22881\">\r\n\t\t<div class=\"w-grid-item-h\">\r\n\t\t\t\t\t\t<div class=\"w-post-elm post_image usg_post_image_1 stretched\"><a href=\"https:\/\/rau.de\/de\/laermschutz-hamburg\/\" aria-label=\"L\u00e4rmschutz f\u00fcr Hamburg und Umgebung von RAU.de\"><img loading=\"lazy\" decoding=\"async\" width=\"1024\" height=\"660\" src=\"https:\/\/rau.de\/wp-content\/uploads\/Panorama-der-Hamburger-Elbphilharmonie.jpg\" class=\"attachment-large size-large wp-post-image\" alt=\"Panorama der Hamburger Elbphilharmonie und des Hafens bei Sonnenuntergang\" srcset=\"https:\/\/rau.de\/wp-content\/uploads\/Panorama-der-Hamburger-Elbphilharmonie.jpg 1024w, https:\/\/rau.de\/wp-content\/uploads\/Panorama-der-Hamburger-Elbphilharmonie-300x193.jpg 300w\" sizes=\"(max-width: 1024px) 100vw, 1024px\" \/><\/a><\/div><h2 class=\"w-post-elm post_title usg_post_title_1 entry-title color_link_inherit\"><a href=\"https:\/\/rau.de\/de\/laermschutz-hamburg\/\">L\u00e4rmschutz f\u00fcr Hamburg und Umgebung von RAU.de<\/a><\/h2><div class=\"w-hwrapper usg_hwrapper_1 has_text_color align_left valign_top wrap\"><\/div><div class=\"w-post-elm post_content usg_post_content_1\">[vc_hoverbox image=&#8220;22969&#8243; primary_title=&#8220;&#8220; hover_title=&#8220;&#8220; shape=&#8220;square&#8220; hover_background_color=&#8220;custom&#8220; hover_custom_background=&#8220;#00ae46&#8243;] Die Hansestadt an der Elbe ist mit 1,85 Millionen Einwohnern die zweitgr\u00f6\u00dfte Stadt&hellip;<\/div><a class=\"w-btn us-btn-style_2 usg_btn_1\" href=\"https:\/\/rau.de\/de\/laermschutz-hamburg\/\"><span class=\"w-btn-label\">Weiterlesen<\/span><\/a>\t\t<\/div>\r\n\t<\/article>\r\n\t<article class=\"w-grid-item size_1x1 post-23479 page type-page status-publish has-post-thumbnail hentry\" data-id=\"23479\">\r\n\t\t<div class=\"w-grid-item-h\">\r\n\t\t\t\t\t\t<div class=\"w-post-elm post_image usg_post_image_1 stretched\"><a href=\"https:\/\/rau.de\/de\/laermschutz-koeln\/\" aria-label=\"L\u00e4rmschutz f\u00fcr K\u00f6ln und Umgebung von RAU.de\"><img loading=\"lazy\" decoding=\"async\" width=\"1024\" height=\"677\" src=\"https:\/\/rau.de\/wp-content\/uploads\/Panorama-von-Koeln-mit-dem-Koelner-Dom.jpeg\" class=\"attachment-large size-large wp-post-image\" alt=\"Panorama von K\u00f6ln mit dem K\u00f6lner Dom, Gro\u00df St. Martin und der Rheinpromenade bei Abendd\u00e4mmerung\" srcset=\"https:\/\/rau.de\/wp-content\/uploads\/Panorama-von-Koeln-mit-dem-Koelner-Dom.jpeg 1024w, https:\/\/rau.de\/wp-content\/uploads\/Panorama-von-Koeln-mit-dem-Koelner-Dom-300x198.jpeg 300w\" sizes=\"(max-width: 1024px) 100vw, 1024px\" \/><\/a><\/div><h2 class=\"w-post-elm post_title usg_post_title_1 entry-title color_link_inherit\"><a href=\"https:\/\/rau.de\/de\/laermschutz-koeln\/\">L\u00e4rmschutz f\u00fcr K\u00f6ln und Umgebung von RAU.de<\/a><\/h2><div class=\"w-hwrapper usg_hwrapper_1 has_text_color align_left valign_top wrap\"><\/div><div class=\"w-post-elm post_content usg_post_content_1\">[vc_hoverbox image=&#8220;23550&#8243; primary_title=&#8220;&#8220; hover_title=&#8220;&#8220; shape=&#8220;square&#8220; hover_background_color=&#8220;custom&#8220; hover_custom_background=&#8220;#00ae46&#8243;] K\u00f6ln ist das kulturelle Zentrum des Rheingebiets und Heimat von mehr als einer&hellip;<\/div><a class=\"w-btn us-btn-style_2 usg_btn_1\" href=\"https:\/\/rau.de\/de\/laermschutz-koeln\/\"><span class=\"w-btn-label\">Weiterlesen<\/span><\/a>\t\t<\/div>\r\n\t<\/article>\r\n\t<article class=\"w-grid-item size_1x1 post-22769 page type-page status-publish has-post-thumbnail hentry\" data-id=\"22769\">\r\n\t\t<div class=\"w-grid-item-h\">\r\n\t\t\t\t\t\t<div class=\"w-post-elm post_image usg_post_image_1 stretched\"><a href=\"https:\/\/rau.de\/de\/laermschutz-muenchen\/\" aria-label=\"L\u00e4rmschutz f\u00fcr M\u00fcnchen und Umgebung von RAU.de\"><img loading=\"lazy\" decoding=\"async\" width=\"1024\" height=\"682\" src=\"https:\/\/rau.de\/wp-content\/uploads\/Panorama-von-Muenchen-mit-der-Frauenkirche.jpeg\" class=\"attachment-large size-large wp-post-image\" alt=\"Panorama von M\u00fcnchen mit der Frauenkirche und dem Neuen Rathaus unter bew\u00f6lktem Himme\" srcset=\"https:\/\/rau.de\/wp-content\/uploads\/Panorama-von-Muenchen-mit-der-Frauenkirche.jpeg 1024w, https:\/\/rau.de\/wp-content\/uploads\/Panorama-von-Muenchen-mit-der-Frauenkirche-300x200.jpeg 300w\" sizes=\"(max-width: 1024px) 100vw, 1024px\" \/><\/a><\/div><h2 class=\"w-post-elm post_title usg_post_title_1 entry-title color_link_inherit\"><a href=\"https:\/\/rau.de\/de\/laermschutz-muenchen\/\">L\u00e4rmschutz f\u00fcr M\u00fcnchen und Umgebung von RAU.de<\/a><\/h2><div class=\"w-hwrapper usg_hwrapper_1 has_text_color align_left valign_top wrap\"><\/div><div class=\"w-post-elm post_content usg_post_content_1\">[vc_hoverbox image=&#8220;22772&#8243; primary_title=&#8220;&#8220; hover_title=&#8220;&#8220; shape=&#8220;square&#8220; hover_background_color=&#8220;custom&#8220; hover_custom_background=&#8220;#00ae46&#8243;] M\u00fcnchen ist die Landeshauptstadt Bayerns und die drittgr\u00f6\u00dfte Stadt Deutschlands. Bei einer Fl\u00e4che&hellip;<\/div><a class=\"w-btn us-btn-style_2 usg_btn_1\" href=\"https:\/\/rau.de\/de\/laermschutz-muenchen\/\"><span class=\"w-btn-label\">Weiterlesen<\/span><\/a>\t\t<\/div>\r\n\t<\/article>\r\n\t<article class=\"w-grid-item size_1x1 post-23420 page type-page status-publish has-post-thumbnail hentry\" data-id=\"23420\">\r\n\t\t<div class=\"w-grid-item-h\">\r\n\t\t\t\t\t\t<div class=\"w-post-elm post_image usg_post_image_1 stretched\"><a href=\"https:\/\/rau.de\/de\/laermschutz-fuer-stuttgart-und-umgebung-von-rau-de\/\" aria-label=\"L\u00e4rmschutz f\u00fcr Stuttgart und Umgebung von RAU.de\"><img loading=\"lazy\" decoding=\"async\" width=\"1024\" height=\"683\" src=\"https:\/\/rau.de\/wp-content\/uploads\/Panorama-von-Villingen-Schwenningen-mit-der-historischen-Altstadt.jpeg\" class=\"attachment-large size-large wp-post-image\" alt=\"Panorama von Villingen-Schwenningen mit der historischen Altstadt und der Kirche unter klarem, blauem Himmel\" srcset=\"https:\/\/rau.de\/wp-content\/uploads\/Panorama-von-Villingen-Schwenningen-mit-der-historischen-Altstadt.jpeg 1024w, https:\/\/rau.de\/wp-content\/uploads\/Panorama-von-Villingen-Schwenningen-mit-der-historischen-Altstadt-300x200.jpeg 300w\" sizes=\"(max-width: 1024px) 100vw, 1024px\" \/><\/a><\/div><h2 class=\"w-post-elm post_title usg_post_title_1 entry-title color_link_inherit\"><a href=\"https:\/\/rau.de\/de\/laermschutz-fuer-stuttgart-und-umgebung-von-rau-de\/\">L\u00e4rmschutz f\u00fcr Stuttgart und Umgebung von RAU.de<\/a><\/h2><div class=\"w-hwrapper usg_hwrapper_1 has_text_color align_left valign_top wrap\"><\/div><div class=\"w-post-elm post_content usg_post_content_1\">[vc_hoverbox image=&#8220;23460&#8243; primary_title=&#8220;&#8220; hover_title=&#8220;&#8220; shape=&#8220;square&#8220; hover_background_color=&#8220;custom&#8220; hover_custom_background=&#8220;#00ae46&#8243;] Stuttgart bietet als das Herzstu\u0308ck von Baden-Wu\u0308rttemberg auf 270 Quadratkilometern Wohnraum fu\u0308r mehr&hellip;<\/div><a class=\"w-btn us-btn-style_2 usg_btn_1\" href=\"https:\/\/rau.de\/de\/laermschutz-fuer-stuttgart-und-umgebung-von-rau-de\/\"><span class=\"w-btn-label\">Weiterlesen<\/span><\/a>\t\t<\/div>\r\n\t<\/article>\r\n\t<article class=\"w-grid-item size_1x1 post-22866 page type-page status-publish has-post-thumbnail hentry\" data-id=\"22866\">\r\n\t\t<div class=\"w-grid-item-h\">\r\n\t\t\t\t\t\t<div class=\"w-post-elm post_image usg_post_image_1 stretched\"><a href=\"https:\/\/rau.de\/de\/laermschutz-berlin\/\" aria-label=\"L\u00e4rmschutzwand f\u00fcr Berlin und Umgebung von RAU.de\"><img loading=\"lazy\" decoding=\"async\" width=\"1024\" height=\"683\" src=\"https:\/\/rau.de\/wp-content\/uploads\/Panorama-von-Berlin-mit-dem-Fernsehturm.jpeg\" class=\"attachment-large size-large wp-post-image\" alt=\"Panorama von Berlin mit dem Fernsehturm, der Spree und historischen Geb\u00e4uden bei Sonnenuntergang\" srcset=\"https:\/\/rau.de\/wp-content\/uploads\/Panorama-von-Berlin-mit-dem-Fernsehturm.jpeg 1024w, https:\/\/rau.de\/wp-content\/uploads\/Panorama-von-Berlin-mit-dem-Fernsehturm-300x200.jpeg 300w\" sizes=\"(max-width: 1024px) 100vw, 1024px\" \/><\/a><\/div><h2 class=\"w-post-elm post_title usg_post_title_1 entry-title color_link_inherit\"><a href=\"https:\/\/rau.de\/de\/laermschutz-berlin\/\">L\u00e4rmschutzwand f\u00fcr Berlin und Umgebung von RAU.de<\/a><\/h2><div class=\"w-hwrapper usg_hwrapper_1 has_text_color align_left valign_top wrap\"><\/div><div class=\"w-post-elm post_content usg_post_content_1\">[vc_hoverbox image=&#8220;22926&#8243; primary_title=&#8220;&#8220; hover_title=&#8220;&#8220; shape=&#8220;square&#8220; hover_background_color=&#8220;custom&#8220; hover_custom_background=&#8220;#00ae46&#8243;] Berlin ist nicht nur die Hauptstadt, sondern auch die gr\u00f6\u00dfte Stadt Deutschlands. Knapp&hellip;<\/div><a class=\"w-btn us-btn-style_2 usg_btn_1\" href=\"https:\/\/rau.de\/de\/laermschutz-berlin\/\"><span class=\"w-btn-label\">Weiterlesen<\/span><\/a>\t\t<\/div>\r\n\t<\/article>\r\n<\/div><div class=\"w-grid-preloader\">\t<div class=\"g-preloader type_1\">\r\n\t\t<div><\/div>\r\n\t<\/div>\r\n\t<\/div>\t<div class=\"w-grid-json hidden\" onclick='return {&quot;action&quot;:&quot;us_ajax_grid&quot;,&quot;ajax_url&quot;:&quot;https:\\\/\\\/rau.de\\\/wp-admin\\\/admin-ajax.php&quot;,&quot;infinite_scroll&quot;:0,&quot;max_num_pages&quot;:1,&quot;pagination&quot;:&quot;none&quot;,&quot;template_vars&quot;:{&quot;columns&quot;:&quot;3&quot;,&quot;exclude_items&quot;:&quot;none&quot;,&quot;img_size&quot;:&quot;default&quot;,&quot;ignore_items_size&quot;:0,&quot;items_layout&quot;:&quot;163&quot;,&quot;items_offset&quot;:&quot;1&quot;,&quot;load_animation&quot;:&quot;none&quot;,&quot;overriding_link&quot;:&quot;{\\&quot;url\\&quot;:\\&quot;\\&quot;}&quot;,&quot;post_id&quot;:0,&quot;query_args&quot;:{&quot;ignore_sticky_posts&quot;:1,&quot;post_type&quot;:&quot;any&quot;,&quot;post__in&quot;:[&quot;22881&quot;,&quot;23479&quot;,&quot;22769&quot;,&quot;22866&quot;,&quot;23420&quot;],&quot;posts_per_page&quot;:&quot;10&quot;},&quot;orderby_query_args&quot;:{&quot;orderby&quot;:{&quot;title&quot;:&quot;ASC&quot;},&quot;order&quot;:&quot;ASC&quot;},&quot;type&quot;:&quot;grid&quot;,&quot;us_grid_ajax_index&quot;:1,&quot;us_grid_filter_params&quot;:[],&quot;us_grid_index&quot;:1,&quot;_us_grid_post_type&quot;:&quot;ids&quot;,&quot;page_args&quot;:[]}}'><\/div>\r\n\t<\/div><\/div><\/div><\/div><\/div><\/div><\/div><\/div><\/div><\/div><\/section>\n","protected":false},"excerpt":{"rendered":"L\u00e4rmschutzwand f\u00fcr Berlin und Umgebung von RAU.de[vc_hoverbox image=\"22926\" primary_title=\"\" hover_title=\"\" shape=\"square\" hover_background_color=\"custom\" hover_custom_background=\"#00ae46\"] Berlin ist nicht nur die Hauptstadt, sondern auch die gr\u00f6\u00dfte Stadt Deutschlands. Knapp 3,7 Millionen Einwohnerinnen und Einwohner kommen auf 891 Quadratkilometern zusammen. Es ist deshalb nicht \u00fcberraschend, dass L\u00e4rm in Berlin eine besondere Umweltbelastung darstellt. Um trotz der Gr\u00f6\u00dfe der Stadt...","protected":false},"author":2,"featured_media":20412,"parent":0,"menu_order":0,"comment_status":"closed","ping_status":"closed","template":"","meta":{"footnotes":""},"class_list":["post-6201","page","type-page","status-publish","has-post-thumbnail","hentry"],"yoast_head":"<!-- This site is optimized with the Yoast SEO plugin v23.6 - https:\/\/yoast.com\/wordpress\/plugins\/seo\/ -->\n<title>L\u00e4rmschutz in Wohngebieten &amp; Industrieanlagen | RAU.de<\/title>\n<meta name=\"description\" content=\"Gr\u00fcner L\u00e4rmschutz an Stra\u00dfen und Autobahnen \u26fa \u00d6kologisch, nachhaltig und pflegeleicht \u2705 Gro\u00dfe Auswahl an Produkten - Jetzt mehr erfahren!\" \/>\n<meta name=\"robots\" content=\"index, follow, max-snippet:-1, max-image-preview:large, max-video-preview:-1\" \/>\n<link rel=\"canonical\" href=\"https:\/\/rau.de\/de\/laermschutz-fuer-kommunen-und-industrie\/\" \/>\n<meta property=\"og:locale\" content=\"de_DE\" \/>\n<meta property=\"og:type\" content=\"article\" \/>\n<meta property=\"og:title\" content=\"L\u00e4rmschutz in Wohngebieten &amp; Industrieanlagen | RAU.de\" \/>\n<meta property=\"og:description\" content=\"Gr\u00fcner L\u00e4rmschutz an Stra\u00dfen und Autobahnen \u26fa \u00d6kologisch, nachhaltig und pflegeleicht \u2705 Gro\u00dfe Auswahl an Produkten - Jetzt mehr erfahren!\" \/>\n<meta property=\"og:url\" content=\"https:\/\/rau.de\/de\/laermschutz-fuer-kommunen-und-industrie\/\" \/>\n<meta property=\"og:site_name\" content=\"Rau | L\u00e4rmschutzw\u00e4nde\" \/>\n<meta property=\"article:modified_time\" content=\"2022-05-25T15:23:22+00:00\" \/>\n<meta property=\"og:image\" content=\"https:\/\/rau.de\/wp-content\/uploads\/R3Gruen16.jpg\" \/>\n\t<meta property=\"og:image:width\" content=\"1024\" \/>\n\t<meta property=\"og:image:height\" content=\"534\" \/>\n\t<meta property=\"og:image:type\" content=\"image\/jpeg\" \/>\n<meta name=\"twitter:card\" content=\"summary_large_image\" \/>\n<meta name=\"twitter:label1\" content=\"Gesch\u00e4tzte Lesezeit\" \/>\n\t<meta name=\"twitter:data1\" content=\"1\u00a0Minute\" \/>\n<script type=\"application\/ld+json\" class=\"yoast-schema-graph\">{\"@context\":\"https:\/\/schema.org\",\"@graph\":[{\"@type\":\"WebPage\",\"@id\":\"https:\/\/rau.de\/de\/laermschutz-fuer-kommunen-und-industrie\/\",\"url\":\"https:\/\/rau.de\/de\/laermschutz-fuer-kommunen-und-industrie\/\",\"name\":\"L\u00e4rmschutz in Wohngebieten & Industrieanlagen | RAU.de\",\"isPartOf\":{\"@id\":\"https:\/\/rau.de\/de\/#website\"},\"primaryImageOfPage\":{\"@id\":\"https:\/\/rau.de\/de\/laermschutz-fuer-kommunen-und-industrie\/#primaryimage\"},\"image\":{\"@id\":\"https:\/\/rau.de\/de\/laermschutz-fuer-kommunen-und-industrie\/#primaryimage\"},\"thumbnailUrl\":\"https:\/\/rau.de\/wp-content\/uploads\/R3Gruen16.jpg\",\"datePublished\":\"2020-06-09T13:39:04+00:00\",\"dateModified\":\"2022-05-25T15:23:22+00:00\",\"description\":\"Gr\u00fcner L\u00e4rmschutz an Stra\u00dfen und Autobahnen \u26fa \u00d6kologisch, nachhaltig und pflegeleicht \u2705 Gro\u00dfe Auswahl an Produkten - Jetzt mehr erfahren!\",\"breadcrumb\":{\"@id\":\"https:\/\/rau.de\/de\/laermschutz-fuer-kommunen-und-industrie\/#breadcrumb\"},\"inLanguage\":\"de\",\"potentialAction\":[{\"@type\":\"ReadAction\",\"target\":[\"https:\/\/rau.de\/de\/laermschutz-fuer-kommunen-und-industrie\/\"]}]},{\"@type\":\"ImageObject\",\"inLanguage\":\"de\",\"@id\":\"https:\/\/rau.de\/de\/laermschutz-fuer-kommunen-und-industrie\/#primaryimage\",\"url\":\"https:\/\/rau.de\/wp-content\/uploads\/R3Gruen16.jpg\",\"contentUrl\":\"https:\/\/rau.de\/wp-content\/uploads\/R3Gruen16.jpg\",\"width\":1024,\"height\":534},{\"@type\":\"BreadcrumbList\",\"@id\":\"https:\/\/rau.de\/de\/laermschutz-fuer-kommunen-und-industrie\/#breadcrumb\",\"itemListElement\":[{\"@type\":\"ListItem\",\"position\":1,\"name\":\"Startseite\",\"item\":\"https:\/\/rau.de\/de\/\"},{\"@type\":\"ListItem\",\"position\":2,\"name\":\"L\u00e4rmschutz f\u00fcr St\u00e4dte, Kommunen, Gewerbe und Industrie\"}]},{\"@type\":\"WebSite\",\"@id\":\"https:\/\/rau.de\/de\/#website\",\"url\":\"https:\/\/rau.de\/de\/\",\"name\":\"Rau | L\u00e4rmschutzw\u00e4nde\",\"description\":\"Entwicklung und Umsetzung von L\u00e4rmschutzwand und Schallschutzwand\",\"publisher\":{\"@id\":\"https:\/\/rau.de\/de\/#organization\"},\"potentialAction\":[{\"@type\":\"SearchAction\",\"target\":{\"@type\":\"EntryPoint\",\"urlTemplate\":\"https:\/\/rau.de\/de\/?s={search_term_string}\"},\"query-input\":{\"@type\":\"PropertyValueSpecification\",\"valueRequired\":true,\"valueName\":\"search_term_string\"}}],\"inLanguage\":\"de\"},{\"@type\":\"Organization\",\"@id\":\"https:\/\/rau.de\/de\/#organization\",\"name\":\"RAU L\u00e4rmschutzw\u00e4nde \u2013 Geosystem GBK GmbH\",\"url\":\"https:\/\/rau.de\/de\/\",\"logo\":{\"@type\":\"ImageObject\",\"inLanguage\":\"de\",\"@id\":\"https:\/\/rau.de\/de\/#\/schema\/logo\/image\/\",\"url\":\"https:\/\/rau.de\/wp-content\/uploads\/web_logo.png\",\"contentUrl\":\"https:\/\/rau.de\/wp-content\/uploads\/web_logo.png\",\"width\":249,\"height\":127,\"caption\":\"RAU L\u00e4rmschutzw\u00e4nde \u2013 Geosystem GBK GmbH\"},\"image\":{\"@id\":\"https:\/\/rau.de\/de\/#\/schema\/logo\/image\/\"}}]}<\/script>\n<!-- \/ Yoast SEO plugin. -->","yoast_head_json":{"title":"L\u00e4rmschutz in Wohngebieten & Industrieanlagen | RAU.de","description":"Gr\u00fcner L\u00e4rmschutz an Stra\u00dfen und Autobahnen \u26fa \u00d6kologisch, nachhaltig und pflegeleicht \u2705 Gro\u00dfe Auswahl an Produkten - Jetzt mehr erfahren!","robots":{"index":"index","follow":"follow","max-snippet":"max-snippet:-1","max-image-preview":"max-image-preview:large","max-video-preview":"max-video-preview:-1"},"canonical":"https:\/\/rau.de\/de\/laermschutz-fuer-kommunen-und-industrie\/","og_locale":"de_DE","og_type":"article","og_title":"L\u00e4rmschutz in Wohngebieten & Industrieanlagen | RAU.de","og_description":"Gr\u00fcner L\u00e4rmschutz an Stra\u00dfen und Autobahnen \u26fa \u00d6kologisch, nachhaltig und pflegeleicht \u2705 Gro\u00dfe Auswahl an Produkten - Jetzt mehr erfahren!","og_url":"https:\/\/rau.de\/de\/laermschutz-fuer-kommunen-und-industrie\/","og_site_name":"Rau | L\u00e4rmschutzw\u00e4nde","article_modified_time":"2022-05-25T15:23:22+00:00","og_image":[{"width":1024,"height":534,"url":"https:\/\/rau.de\/wp-content\/uploads\/R3Gruen16.jpg","type":"image\/jpeg"}],"twitter_card":"summary_large_image","twitter_misc":{"Gesch\u00e4tzte Lesezeit":"1\u00a0Minute"},"schema":{"@context":"https:\/\/schema.org","@graph":[{"@type":"WebPage","@id":"https:\/\/rau.de\/de\/laermschutz-fuer-kommunen-und-industrie\/","url":"https:\/\/rau.de\/de\/laermschutz-fuer-kommunen-und-industrie\/","name":"L\u00e4rmschutz in Wohngebieten & Industrieanlagen | RAU.de","isPartOf":{"@id":"https:\/\/rau.de\/de\/#website"},"primaryImageOfPage":{"@id":"https:\/\/rau.de\/de\/laermschutz-fuer-kommunen-und-industrie\/#primaryimage"},"image":{"@id":"https:\/\/rau.de\/de\/laermschutz-fuer-kommunen-und-industrie\/#primaryimage"},"thumbnailUrl":"https:\/\/rau.de\/wp-content\/uploads\/R3Gruen16.jpg","datePublished":"2020-06-09T13:39:04+00:00","dateModified":"2022-05-25T15:23:22+00:00","description":"Gr\u00fcner L\u00e4rmschutz an Stra\u00dfen und Autobahnen \u26fa \u00d6kologisch, nachhaltig und pflegeleicht \u2705 Gro\u00dfe Auswahl an Produkten - Jetzt mehr erfahren!","breadcrumb":{"@id":"https:\/\/rau.de\/de\/laermschutz-fuer-kommunen-und-industrie\/#breadcrumb"},"inLanguage":"de","potentialAction":[{"@type":"ReadAction","target":["https:\/\/rau.de\/de\/laermschutz-fuer-kommunen-und-industrie\/"]}]},{"@type":"ImageObject","inLanguage":"de","@id":"https:\/\/rau.de\/de\/laermschutz-fuer-kommunen-und-industrie\/#primaryimage","url":"https:\/\/rau.de\/wp-content\/uploads\/R3Gruen16.jpg","contentUrl":"https:\/\/rau.de\/wp-content\/uploads\/R3Gruen16.jpg","width":1024,"height":534},{"@type":"BreadcrumbList","@id":"https:\/\/rau.de\/de\/laermschutz-fuer-kommunen-und-industrie\/#breadcrumb","itemListElement":[{"@type":"ListItem","position":1,"name":"Startseite","item":"https:\/\/rau.de\/de\/"},{"@type":"ListItem","position":2,"name":"L\u00e4rmschutz f\u00fcr St\u00e4dte, Kommunen, Gewerbe und Industrie"}]},{"@type":"WebSite","@id":"https:\/\/rau.de\/de\/#website","url":"https:\/\/rau.de\/de\/","name":"Rau | L\u00e4rmschutzw\u00e4nde","description":"Entwicklung und Umsetzung von L\u00e4rmschutzwand und Schallschutzwand","publisher":{"@id":"https:\/\/rau.de\/de\/#organization"},"potentialAction":[{"@type":"SearchAction","target":{"@type":"EntryPoint","urlTemplate":"https:\/\/rau.de\/de\/?s={search_term_string}"},"query-input":{"@type":"PropertyValueSpecification","valueRequired":true,"valueName":"search_term_string"}}],"inLanguage":"de"},{"@type":"Organization","@id":"https:\/\/rau.de\/de\/#organization","name":"RAU L\u00e4rmschutzw\u00e4nde \u2013 Geosystem GBK GmbH","url":"https:\/\/rau.de\/de\/","logo":{"@type":"ImageObject","inLanguage":"de","@id":"https:\/\/rau.de\/de\/#\/schema\/logo\/image\/","url":"https:\/\/rau.de\/wp-content\/uploads\/web_logo.png","contentUrl":"https:\/\/rau.de\/wp-content\/uploads\/web_logo.png","width":249,"height":127,"caption":"RAU L\u00e4rmschutzw\u00e4nde \u2013 Geosystem GBK GmbH"},"image":{"@id":"https:\/\/rau.de\/de\/#\/schema\/logo\/image\/"}}]}},"_links":{"self":[{"href":"https:\/\/rau.de\/de\/wp-json\/wp\/v2\/pages\/6201"}],"collection":[{"href":"https:\/\/rau.de\/de\/wp-json\/wp\/v2\/pages"}],"about":[{"href":"https:\/\/rau.de\/de\/wp-json\/wp\/v2\/types\/page"}],"author":[{"embeddable":true,"href":"https:\/\/rau.de\/de\/wp-json\/wp\/v2\/users\/2"}],"replies":[{"embeddable":true,"href":"https:\/\/rau.de\/de\/wp-json\/wp\/v2\/comments?post=6201"}],"version-history":[{"count":11,"href":"https:\/\/rau.de\/de\/wp-json\/wp\/v2\/pages\/6201\/revisions"}],"predecessor-version":[{"id":23868,"href":"https:\/\/rau.de\/de\/wp-json\/wp\/v2\/pages\/6201\/revisions\/23868"}],"wp:featuredmedia":[{"embeddable":true,"href":"https:\/\/rau.de\/de\/wp-json\/wp\/v2\/media\/20412"}],"wp:attachment":[{"href":"https:\/\/rau.de\/de\/wp-json\/wp\/v2\/media?parent=6201"}],"curies":[{"name":"wp","href":"https:\/\/api.w.org\/{rel}","templated":true}]}}