{"id":31161,"date":"2025-03-06T11:57:19","date_gmt":"2025-03-06T10:57:19","guid":{"rendered":"https:\/\/rau.de\/?page_id=31161"},"modified":"2025-03-06T12:31:05","modified_gmt":"2025-03-06T11:31:05","slug":"begruenung-von-laermschutzwaenden-aller-art","status":"publish","type":"page","link":"https:\/\/rau.de\/de\/galerie\/begruenung-von-laermschutzwaenden-aller-art\/","title":{"rendered":"Begr\u00fcnung von L\u00e4rmschutzw\u00e4nden aller Art"},"content":{"rendered":"<section class=\"l-section wpb_row height_medium with_img\"><div class=\"l-section-img\" role=\"img\" data-img-width=\"2000\" data-img-height=\"1122\" style=\"background-image: url(https:\/\/rau.de\/wp-content\/uploads\/bg.jpg);\"><\/div><div class=\"l-section-h i-cf\"><div class=\"g-cols vc_row via_flex valign_top type_default stacking_default\"><div class=\"vc_col-sm-12 wpb_column vc_column_container\"><div class=\"vc_column-inner\"><div class=\"wpb_wrapper\"><div class=\"g-cols wpb_row content_top via_flex valign_top type_default stacking_default\"><div class=\"vc_col-sm-12 wpb_column vc_column_container\"><div class=\"vc_column-inner\"><div class=\"wpb_wrapper\"><div class=\"wpb_text_column\"><div class=\"wpb_wrapper\"><h1>Wir begr\u00fcnen auch Ihre L\u00e4rmschutzwand aus Beton, Holz, Aluminium<br \/>\noder anderem Material.<\/h1>\n<\/div><\/div><\/div><\/div><\/div><\/div><div class=\"g-cols wpb_row us_custom_057801f8 content_text via_flex valign_top type_default stacking_default\"><div class=\"vc_col-sm-12 wpb_column vc_column_container\"><div class=\"vc_column-inner\"><div class=\"wpb_wrapper\"><div class=\"wpb_text_column\"><div class=\"wpb_wrapper\"><p>L\u00e4rmschutzw\u00e4nde aus Aluminium, Beton, Holz oder anderen Materialien unterliegen einer st\u00e4ndigen Belastung durch Bewitterung, Graffitis und Vandalismus jeglicher Art.<\/p>\n<p>Begr\u00fcnte L\u00e4rmschutzw\u00e4nde haben ein nat\u00fcrliches Schutzschild, das sich immer wieder von allein schlie\u00dft. Profitieren Sie von unserer langj\u00e4hrigen Erfahrung im Begr\u00fcnen von L\u00e4rmschutzw\u00e4nden aller Art! Unser versiertes Team von Landschaftsg\u00e4rtnern steht Ihnen hierf\u00fcr gern zur Verf\u00fcgung.<\/p>\n<\/div><\/div><div class=\"w-separator size_medium\"><\/div><div class=\"w-gallery type_metro_2 ratio_1x1 count_6\" style=\"--columns:4;--items-gap:10px;\"><div class=\"w-gallery-list\"><div class=\"w-gallery-item\"><div class=\"w-gallery-item-img\"><img loading=\"lazy\" decoding=\"async\" width=\"750\" height=\"1000\" src=\"https:\/\/rau.de\/wp-content\/uploads\/Baustelle-mit-Laermschutzwand-entlang-einer-Landstrasse.jpg\" class=\"attachment-large size-large\" alt=\"Baustelle mit L\u00e4rmschutzwand entlang einer Landstra\u00dfe, Bagger und LKW im Einsatz\" srcset=\"https:\/\/rau.de\/wp-content\/uploads\/Baustelle-mit-Laermschutzwand-entlang-einer-Landstrasse.jpg 750w, https:\/\/rau.de\/wp-content\/uploads\/Baustelle-mit-Laermschutzwand-entlang-einer-Landstrasse-225x300.jpg 225w\" sizes=\"auto, (max-width: 750px) 100vw, 750px\" \/><\/div><\/div><div class=\"w-gallery-item\"><div class=\"w-gallery-item-img\"><img loading=\"lazy\" decoding=\"async\" width=\"1000\" height=\"750\" src=\"https:\/\/rau.de\/wp-content\/uploads\/Begruente-Laermschutzwand-entlang-einer-Landstrasse-mit-jungen-Baeumen.jpg\" class=\"attachment-large size-large\" alt=\"Begr\u00fcnte L\u00e4rmschutzwand entlang einer Landstra\u00dfe mit jungen B\u00e4umen und vorbeifahrenden Fahrzeugen\" srcset=\"https:\/\/rau.de\/wp-content\/uploads\/Begruente-Laermschutzwand-entlang-einer-Landstrasse-mit-jungen-Baeumen.jpg 1000w, https:\/\/rau.de\/wp-content\/uploads\/Begruente-Laermschutzwand-entlang-einer-Landstrasse-mit-jungen-Baeumen-300x225.jpg 300w\" sizes=\"auto, (max-width: 1000px) 100vw, 1000px\" \/><\/div><\/div><div class=\"w-gallery-item\"><div class=\"w-gallery-item-img\"><img loading=\"lazy\" decoding=\"async\" width=\"1000\" height=\"750\" src=\"https:\/\/rau.de\/wp-content\/uploads\/Begruente-Laermschutzwand-mit-Efeu.jpg\" class=\"attachment-large size-large\" alt=\"Begr\u00fcnte L\u00e4rmschutzwand mit Efeu und angrenzendem Wiesenweg\" srcset=\"https:\/\/rau.de\/wp-content\/uploads\/Begruente-Laermschutzwand-mit-Efeu.jpg 1000w, https:\/\/rau.de\/wp-content\/uploads\/Begruente-Laermschutzwand-mit-Efeu-300x225.jpg 300w\" sizes=\"auto, (max-width: 1000px) 100vw, 1000px\" \/><\/div><\/div><div class=\"w-gallery-item\"><div class=\"w-gallery-item-img\"><img loading=\"lazy\" decoding=\"async\" width=\"750\" height=\"1000\" src=\"https:\/\/rau.de\/wp-content\/uploads\/Frau-betrachtet-hohe-mit-Efeu-bewachsene-Laermschutzwand.jpg\" class=\"attachment-large size-large\" alt=\"Frau in gr\u00fcnem Garten betrachtet eine hohe, mit Efeu bewachsene L\u00e4rmschutzwand\" srcset=\"https:\/\/rau.de\/wp-content\/uploads\/Frau-betrachtet-hohe-mit-Efeu-bewachsene-Laermschutzwand.jpg 750w, https:\/\/rau.de\/wp-content\/uploads\/Frau-betrachtet-hohe-mit-Efeu-bewachsene-Laermschutzwand-225x300.jpg 225w\" sizes=\"auto, (max-width: 750px) 100vw, 750px\" \/><\/div><\/div><div class=\"w-gallery-item\"><div class=\"w-gallery-item-img\"><img loading=\"lazy\" decoding=\"async\" width=\"1000\" height=\"750\" src=\"https:\/\/rau.de\/wp-content\/uploads\/Gepflasterter-Parkplatz-mit-begruentem-Laermschutzwall.jpg\" class=\"attachment-large size-large\" alt=\"Gepflasterter Parkplatz mit begr\u00fcntem L\u00e4rmschutzwall und Wohnh\u00e4usern im Hintergrund\" srcset=\"https:\/\/rau.de\/wp-content\/uploads\/Gepflasterter-Parkplatz-mit-begruentem-Laermschutzwall.jpg 1000w, https:\/\/rau.de\/wp-content\/uploads\/Gepflasterter-Parkplatz-mit-begruentem-Laermschutzwall-300x225.jpg 300w\" sizes=\"auto, (max-width: 1000px) 100vw, 1000px\" \/><\/div><\/div><div class=\"w-gallery-item\"><div class=\"w-gallery-item-img\"><img loading=\"lazy\" decoding=\"async\" width=\"1000\" height=\"667\" src=\"https:\/\/rau.de\/wp-content\/uploads\/Laermschutzwand-bei-Garten-mit-Holzgartenhaus.jpg\" class=\"attachment-large size-large\" alt=\"Garten mit Holzgartenhaus, Spielzeug, Pflanzen und modernen Reihenh\u00e4usern im Hintergrund\" srcset=\"https:\/\/rau.de\/wp-content\/uploads\/Laermschutzwand-bei-Garten-mit-Holzgartenhaus.jpg 1000w, https:\/\/rau.de\/wp-content\/uploads\/Laermschutzwand-bei-Garten-mit-Holzgartenhaus-300x200.jpg 300w\" sizes=\"auto, (max-width: 1000px) 100vw, 1000px\" \/><\/div><\/div><\/div><\/div><\/div><\/div><\/div><\/div><\/div><\/div><\/div><\/div><\/div><\/section>\n","protected":false},"excerpt":{"rendered":"Wir begr\u00fcnen auch Ihre L\u00e4rmschutzwand aus Beton, Holz, Aluminium oder anderem Material. L\u00e4rmschutzw\u00e4nde aus Aluminium, Beton, Holz oder anderen Materialien unterliegen einer st\u00e4ndigen Belastung durch Bewitterung, Graffitis und Vandalismus jeglicher Art. Begr\u00fcnte L\u00e4rmschutzw\u00e4nde haben ein nat\u00fcrliches Schutzschild, das sich immer wieder von allein schlie\u00dft. Profitieren Sie von unserer langj\u00e4hrigen Erfahrung im Begr\u00fcnen von L\u00e4rmschutzw\u00e4nden aller...","protected":false},"author":2,"featured_media":0,"parent":31,"menu_order":0,"comment_status":"closed","ping_status":"closed","template":"","meta":{"footnotes":""},"class_list":["post-31161","page","type-page","status-publish","hentry"],"yoast_head":"<!-- This site is optimized with the Yoast SEO plugin v27.4 - https:\/\/yoast.com\/product\/yoast-seo-wordpress\/ -->\n<title>Begr\u00fcnung von L\u00e4rmschutzw\u00e4nden aller Art | RAU.de<\/title>\n<meta name=\"description\" content=\"Begr\u00fcnung von L\u00e4rmschutzw\u00e4nden aller Art | Begr\u00fcnung bestehender L\u00e4rmschutzw\u00e4nde | rau.de\" \/>\n<meta name=\"robots\" content=\"index, follow, max-snippet:-1, max-image-preview:large, max-video-preview:-1\" \/>\n<link rel=\"canonical\" href=\"https:\/\/rau.de\/de\/galerie\/begruenung-von-laermschutzwaenden-aller-art\/\" \/>\n<meta property=\"og:locale\" content=\"de_DE\" \/>\n<meta property=\"og:type\" content=\"article\" \/>\n<meta property=\"og:title\" content=\"Begr\u00fcnung von L\u00e4rmschutzw\u00e4nden aller Art | RAU.de\" \/>\n<meta property=\"og:description\" content=\"Begr\u00fcnung von L\u00e4rmschutzw\u00e4nden aller Art | Begr\u00fcnung bestehender L\u00e4rmschutzw\u00e4nde | rau.de\" \/>\n<meta property=\"og:url\" content=\"https:\/\/rau.de\/de\/galerie\/begruenung-von-laermschutzwaenden-aller-art\/\" \/>\n<meta property=\"og:site_name\" content=\"Rau | L\u00e4rmschutzw\u00e4nde\" \/>\n<meta property=\"article:modified_time\" content=\"2025-03-06T11:31:05+00:00\" \/>\n<meta property=\"og:image\" content=\"https:\/\/rau.de\/wp-content\/uploads\/rau.de-begruente-laermschutzwand-2015-08-23-sonderteile-2.jpg\" \/>\n\t<meta property=\"og:image:width\" content=\"1920\" \/>\n\t<meta property=\"og:image:height\" content=\"1146\" \/>\n\t<meta property=\"og:image:type\" content=\"image\/jpeg\" \/>\n<meta name=\"twitter:card\" content=\"summary_large_image\" \/>\n<meta name=\"twitter:label1\" content=\"Gesch\u00e4tzte Lesezeit\" \/>\n\t<meta name=\"twitter:data1\" content=\"1\u00a0Minute\" \/>\n<script type=\"application\/ld+json\" class=\"yoast-schema-graph\">{\"@context\":\"https:\\\/\\\/schema.org\",\"@graph\":[{\"@type\":\"WebPage\",\"@id\":\"https:\\\/\\\/rau.de\\\/de\\\/galerie\\\/begruenung-von-laermschutzwaenden-aller-art\\\/\",\"url\":\"https:\\\/\\\/rau.de\\\/de\\\/galerie\\\/begruenung-von-laermschutzwaenden-aller-art\\\/\",\"name\":\"Begr\u00fcnung von L\u00e4rmschutzw\u00e4nden aller Art | RAU.de\",\"isPartOf\":{\"@id\":\"https:\\\/\\\/rau.de\\\/de\\\/#website\"},\"datePublished\":\"2025-03-06T10:57:19+00:00\",\"dateModified\":\"2025-03-06T11:31:05+00:00\",\"description\":\"Begr\u00fcnung von L\u00e4rmschutzw\u00e4nden aller Art | Begr\u00fcnung bestehender L\u00e4rmschutzw\u00e4nde | rau.de\",\"breadcrumb\":{\"@id\":\"https:\\\/\\\/rau.de\\\/de\\\/galerie\\\/begruenung-von-laermschutzwaenden-aller-art\\\/#breadcrumb\"},\"inLanguage\":\"de\",\"potentialAction\":[{\"@type\":\"ReadAction\",\"target\":[\"https:\\\/\\\/rau.de\\\/de\\\/galerie\\\/begruenung-von-laermschutzwaenden-aller-art\\\/\"]}]},{\"@type\":\"BreadcrumbList\",\"@id\":\"https:\\\/\\\/rau.de\\\/de\\\/galerie\\\/begruenung-von-laermschutzwaenden-aller-art\\\/#breadcrumb\",\"itemListElement\":[{\"@type\":\"ListItem\",\"position\":1,\"name\":\"Startseite\",\"item\":\"https:\\\/\\\/rau.de\\\/de\\\/\"},{\"@type\":\"ListItem\",\"position\":2,\"name\":\"Galerie\",\"item\":\"https:\\\/\\\/rau.de\\\/de\\\/galerie\\\/\"},{\"@type\":\"ListItem\",\"position\":3,\"name\":\"Begr\u00fcnung von L\u00e4rmschutzw\u00e4nden aller Art\"}]},{\"@type\":\"WebSite\",\"@id\":\"https:\\\/\\\/rau.de\\\/de\\\/#website\",\"url\":\"https:\\\/\\\/rau.de\\\/de\\\/\",\"name\":\"Rau | L\u00e4rmschutzw\u00e4nde\",\"description\":\"Entwicklung und Umsetzung von L\u00e4rmschutzwand und Schallschutzwand\",\"publisher\":{\"@id\":\"https:\\\/\\\/rau.de\\\/de\\\/#organization\"},\"potentialAction\":[{\"@type\":\"SearchAction\",\"target\":{\"@type\":\"EntryPoint\",\"urlTemplate\":\"https:\\\/\\\/rau.de\\\/de\\\/?s={search_term_string}\"},\"query-input\":{\"@type\":\"PropertyValueSpecification\",\"valueRequired\":true,\"valueName\":\"search_term_string\"}}],\"inLanguage\":\"de\"},{\"@type\":\"Organization\",\"@id\":\"https:\\\/\\\/rau.de\\\/de\\\/#organization\",\"name\":\"RAU L\u00e4rmschutzw\u00e4nde \u2013 Geosystem GBK GmbH\",\"url\":\"https:\\\/\\\/rau.de\\\/de\\\/\",\"logo\":{\"@type\":\"ImageObject\",\"inLanguage\":\"de\",\"@id\":\"https:\\\/\\\/rau.de\\\/de\\\/#\\\/schema\\\/logo\\\/image\\\/\",\"url\":\"https:\\\/\\\/rau.de\\\/wp-content\\\/uploads\\\/web_logo.png\",\"contentUrl\":\"https:\\\/\\\/rau.de\\\/wp-content\\\/uploads\\\/web_logo.png\",\"width\":249,\"height\":127,\"caption\":\"RAU L\u00e4rmschutzw\u00e4nde \u2013 Geosystem GBK GmbH\"},\"image\":{\"@id\":\"https:\\\/\\\/rau.de\\\/de\\\/#\\\/schema\\\/logo\\\/image\\\/\"}}]}<\/script>\n<!-- \/ Yoast SEO plugin. -->","yoast_head_json":{"title":"Begr\u00fcnung von L\u00e4rmschutzw\u00e4nden aller Art | RAU.de","description":"Begr\u00fcnung von L\u00e4rmschutzw\u00e4nden aller Art | Begr\u00fcnung bestehender L\u00e4rmschutzw\u00e4nde | rau.de","robots":{"index":"index","follow":"follow","max-snippet":"max-snippet:-1","max-image-preview":"max-image-preview:large","max-video-preview":"max-video-preview:-1"},"canonical":"https:\/\/rau.de\/de\/galerie\/begruenung-von-laermschutzwaenden-aller-art\/","og_locale":"de_DE","og_type":"article","og_title":"Begr\u00fcnung von L\u00e4rmschutzw\u00e4nden aller Art | RAU.de","og_description":"Begr\u00fcnung von L\u00e4rmschutzw\u00e4nden aller Art | Begr\u00fcnung bestehender L\u00e4rmschutzw\u00e4nde | rau.de","og_url":"https:\/\/rau.de\/de\/galerie\/begruenung-von-laermschutzwaenden-aller-art\/","og_site_name":"Rau | L\u00e4rmschutzw\u00e4nde","article_modified_time":"2025-03-06T11:31:05+00:00","og_image":[{"width":1920,"height":1146,"url":"https:\/\/rau.de\/wp-content\/uploads\/rau.de-begruente-laermschutzwand-2015-08-23-sonderteile-2.jpg","type":"image\/jpeg"}],"twitter_card":"summary_large_image","twitter_misc":{"Gesch\u00e4tzte Lesezeit":"1\u00a0Minute"},"schema":{"@context":"https:\/\/schema.org","@graph":[{"@type":"WebPage","@id":"https:\/\/rau.de\/de\/galerie\/begruenung-von-laermschutzwaenden-aller-art\/","url":"https:\/\/rau.de\/de\/galerie\/begruenung-von-laermschutzwaenden-aller-art\/","name":"Begr\u00fcnung von L\u00e4rmschutzw\u00e4nden aller Art | RAU.de","isPartOf":{"@id":"https:\/\/rau.de\/de\/#website"},"datePublished":"2025-03-06T10:57:19+00:00","dateModified":"2025-03-06T11:31:05+00:00","description":"Begr\u00fcnung von L\u00e4rmschutzw\u00e4nden aller Art | Begr\u00fcnung bestehender L\u00e4rmschutzw\u00e4nde | rau.de","breadcrumb":{"@id":"https:\/\/rau.de\/de\/galerie\/begruenung-von-laermschutzwaenden-aller-art\/#breadcrumb"},"inLanguage":"de","potentialAction":[{"@type":"ReadAction","target":["https:\/\/rau.de\/de\/galerie\/begruenung-von-laermschutzwaenden-aller-art\/"]}]},{"@type":"BreadcrumbList","@id":"https:\/\/rau.de\/de\/galerie\/begruenung-von-laermschutzwaenden-aller-art\/#breadcrumb","itemListElement":[{"@type":"ListItem","position":1,"name":"Startseite","item":"https:\/\/rau.de\/de\/"},{"@type":"ListItem","position":2,"name":"Galerie","item":"https:\/\/rau.de\/de\/galerie\/"},{"@type":"ListItem","position":3,"name":"Begr\u00fcnung von L\u00e4rmschutzw\u00e4nden aller Art"}]},{"@type":"WebSite","@id":"https:\/\/rau.de\/de\/#website","url":"https:\/\/rau.de\/de\/","name":"Rau | L\u00e4rmschutzw\u00e4nde","description":"Entwicklung und Umsetzung von L\u00e4rmschutzwand und Schallschutzwand","publisher":{"@id":"https:\/\/rau.de\/de\/#organization"},"potentialAction":[{"@type":"SearchAction","target":{"@type":"EntryPoint","urlTemplate":"https:\/\/rau.de\/de\/?s={search_term_string}"},"query-input":{"@type":"PropertyValueSpecification","valueRequired":true,"valueName":"search_term_string"}}],"inLanguage":"de"},{"@type":"Organization","@id":"https:\/\/rau.de\/de\/#organization","name":"RAU L\u00e4rmschutzw\u00e4nde \u2013 Geosystem GBK GmbH","url":"https:\/\/rau.de\/de\/","logo":{"@type":"ImageObject","inLanguage":"de","@id":"https:\/\/rau.de\/de\/#\/schema\/logo\/image\/","url":"https:\/\/rau.de\/wp-content\/uploads\/web_logo.png","contentUrl":"https:\/\/rau.de\/wp-content\/uploads\/web_logo.png","width":249,"height":127,"caption":"RAU L\u00e4rmschutzw\u00e4nde \u2013 Geosystem GBK GmbH"},"image":{"@id":"https:\/\/rau.de\/de\/#\/schema\/logo\/image\/"}}]}},"_links":{"self":[{"href":"https:\/\/rau.de\/de\/wp-json\/wp\/v2\/pages\/31161","targetHints":{"allow":["GET"]}}],"collection":[{"href":"https:\/\/rau.de\/de\/wp-json\/wp\/v2\/pages"}],"about":[{"href":"https:\/\/rau.de\/de\/wp-json\/wp\/v2\/types\/page"}],"author":[{"embeddable":true,"href":"https:\/\/rau.de\/de\/wp-json\/wp\/v2\/users\/2"}],"replies":[{"embeddable":true,"href":"https:\/\/rau.de\/de\/wp-json\/wp\/v2\/comments?post=31161"}],"version-history":[{"count":2,"href":"https:\/\/rau.de\/de\/wp-json\/wp\/v2\/pages\/31161\/revisions"}],"predecessor-version":[{"id":31250,"href":"https:\/\/rau.de\/de\/wp-json\/wp\/v2\/pages\/31161\/revisions\/31250"}],"up":[{"embeddable":true,"href":"https:\/\/rau.de\/de\/wp-json\/wp\/v2\/pages\/31"}],"wp:attachment":[{"href":"https:\/\/rau.de\/de\/wp-json\/wp\/v2\/media?parent=31161"}],"curies":[{"name":"wp","href":"https:\/\/api.w.org\/{rel}","templated":true}]}}