{"id":24991,"date":"2022-11-17T14:42:47","date_gmt":"2022-11-17T13:42:47","guid":{"rendered":"https:\/\/rau.de\/?page_id=24991"},"modified":"2022-11-17T15:41:58","modified_gmt":"2022-11-17T14:41:58","slug":"videos","status":"publish","type":"page","link":"https:\/\/rau.de\/de\/videos\/","title":{"rendered":"Videos"},"content":{"rendered":"<section class=\"l-section wpb_row height_medium full_height valign_center with_img parallax_fixed\" id=\"kontakt\"><div class=\"l-section-img\" role=\"img\" data-img-width=\"2000\" data-img-height=\"1122\" style=\"background-image: url(https:\/\/rau.de\/wp-content\/uploads\/bg.jpg);\"><\/div><div class=\"l-section-h i-cf\"><div class=\"g-cols vc_row via_flex valign_top type_default stacking_default\"><div class=\"vc_col-sm-12 wpb_column vc_column_container\"><div class=\"vc_column-inner\"><div class=\"wpb_wrapper\"><div class=\"g-cols wpb_row content_top via_flex valign_top type_default stacking_default\"><div class=\"vc_col-sm-12 wpb_column vc_column_container\"><div class=\"vc_column-inner\"><div class=\"wpb_wrapper\"><h1 class=\"w-post-elm post_title entry-title color_link_inherit\">Videos<\/h1><\/div><\/div><\/div><\/div><div class=\"g-cols wpb_row us_custom_4fb9e5a3 content_text via_flex valign_top type_default stacking_default\"><div class=\"vc_col-sm-12 wpb_column vc_column_container\"><div class=\"vc_column-inner\"><div class=\"wpb_wrapper\"><div class=\"w-grid type_grid layout_163 cols_3\" id=\"us_grid_1\" style=\"--gap:1.5rem;\" data-filterable=\"true\"><style>@media (max-width:1024px){#us_grid_1 .w-grid-item{width:50%}}@media (max-width:600px){#us_grid_1 .w-grid-list{margin:0}#us_grid_1 .w-grid-item{width:100%;padding:0;margin-bottom:var(--gap,0px)}}.layout_163 .w-grid-item-h{}.layout_163 .usg_post_image_1{margin-bottom:1rem!important}.layout_163 .usg_post_title_1{font-size:1.4rem!important;margin-bottom:0.5rem!important}.layout_163 .usg_hwrapper_1{color:#999999!important;font-size:0.9rem!important}.layout_163 .usg_post_content_1{margin-top:0.5rem!important}.layout_163 .usg_btn_1{margin-top:1.5rem!important}@media (min-width:1025px) and (max-width:1280px){.layout_163 .usg_post_image_1{margin-bottom:1rem!important}.layout_163 .usg_post_title_1{font-size:1.4rem!important;margin-bottom:0.5rem!important}.layout_163 .usg_hwrapper_1{color:#999999!important;font-size:0.9rem!important}.layout_163 .usg_post_content_1{margin-top:0.5rem!important}.layout_163 .usg_btn_1{margin-top:1.5rem!important}}@media (min-width:601px) and (max-width:1024px){.layout_163 .usg_post_image_1{margin-bottom:1rem!important}.layout_163 .usg_post_title_1{font-size:1.4rem!important;margin-bottom:0.5rem!important}.layout_163 .usg_hwrapper_1{color:#999999!important;font-size:0.9rem!important}.layout_163 .usg_post_content_1{margin-top:0.5rem!important}.layout_163 .usg_btn_1{margin-top:1.5rem!important}}@media (max-width:600px){.layout_163 .usg_post_image_1{margin-bottom:1rem!important}.layout_163 .usg_post_title_1{font-size:1.4rem!important;margin-bottom:0.5rem!important}.layout_163 .usg_hwrapper_1{color:#999999!important;font-size:0.9rem!important}.layout_163 .usg_post_content_1{margin-top:0.5rem!important}.layout_163 .usg_btn_1{margin-top:1.5rem!important}}<\/style><div class=\"w-grid-list\">\t<article class=\"w-grid-item size_1x1 post-25165 videos type-videos status-publish format-video hentry post_format-post-format-video\" data-id=\"25165\">\r\n\t\t<div class=\"w-grid-item-h\">\r\n\t\t\t\t\t\t<div class=\"w-post-elm post_image usg_post_image_1 stretched media_preview\"><div class=\"w-video align_none ratio_16x9 has_iframe\"><div class=\"w-video-h\"><iframe title=\"Youtube video player\" src=\"\/\/www.youtube.com\/embed\/9w28F6iuAL4?autoplay=0&controls=1&origin=https:\/\/rau.de\/de\/&loop=0&mute=0\" allowfullscreen=\"1\" loading=\"lazy\"><\/iframe><\/div><div class=\"w-video-icon\" style=\"font-size:1.5rem;background:rgba(0,0,0,0.5);color:#fff\"><\/div><\/div><\/div><h2 class=\"w-post-elm post_title usg_post_title_1 entry-title color_link_inherit\"><a href=\"https:\/\/rau.de\/de\/videos\/bepflanzung-klimawand\/\">Bepflanzung der L\u00e4rmschutzwand in Raesfeld &#8211; RAU Klimwand<\/a><\/h2><div class=\"w-hwrapper usg_hwrapper_1 has_text_color align_left valign_top wrap\"><\/div><div class=\"w-post-elm post_content usg_post_content_1\">[vc_btn title=&#8220;Zum Produkt: Klimawand&#8220; style=&#8220;custom&#8220; custom_background=&#8220;#df012a&#8220; custom_text=&#8220;#ffffff&#8220; size=&#8220;lg&#8220; align=&#8220;center&#8220; link=&#8220;url:https%3A%2F%2Frau.de%2Fde%2Fprodukt%2Frau-klimawand%2F|title:RAU%20Klimawand|target:_blank&#8220;]<\/div><a class=\"w-btn us-btn-style_2 usg_btn_1\" href=\"https:\/\/rau.de\/de\/videos\/bepflanzung-klimawand\/\"><span class=\"w-btn-label\">Weiterlesen<\/span><\/a>\t\t<\/div>\r\n\t<\/article>\r\n\t<article class=\"w-grid-item size_1x1 post-25162 videos type-videos status-publish format-video hentry post_format-post-format-video\" data-id=\"25162\">\r\n\t\t<div class=\"w-grid-item-h\">\r\n\t\t\t\t\t\t<div class=\"w-post-elm post_image usg_post_image_1 stretched media_preview\"><div class=\"w-video align_none ratio_16x9 has_iframe\"><div class=\"w-video-h\"><iframe title=\"Youtube video player\" src=\"\/\/www.youtube.com\/embed\/dUWxLcHm-CM?autoplay=0&controls=1&origin=https:\/\/rau.de\/de\/&loop=0&mute=0\" allowfullscreen=\"1\" loading=\"lazy\"><\/iframe><\/div><div class=\"w-video-icon\" style=\"font-size:1.5rem;background:rgba(0,0,0,0.5);color:#fff\"><\/div><\/div><\/div><h2 class=\"w-post-elm post_title usg_post_title_1 entry-title color_link_inherit\"><a href=\"https:\/\/rau.de\/de\/videos\/firma-rau\/\">Firmenvorstellung &#8211; RAU L\u00e4rmschutzw\u00e4nde<\/a><\/h2><div class=\"w-hwrapper usg_hwrapper_1 has_text_color align_left valign_top wrap\"><\/div><div class=\"w-post-elm post_content usg_post_content_1\">[vc_btn title=&#8220;Zu unseren Produkten&#8220; style=&#8220;custom&#8220; custom_background=&#8220;#df012a&#8220; custom_text=&#8220;#ffffff&#8220; size=&#8220;lg&#8220; align=&#8220;center&#8220; link=&#8220;url:https%3A%2F%2Frau.de%2Fde%2Fprodukte%2F|title:RAU%20Produkte|target:_blank&#8220;]<\/div><a class=\"w-btn us-btn-style_2 usg_btn_1\" href=\"https:\/\/rau.de\/de\/videos\/firma-rau\/\"><span class=\"w-btn-label\">Weiterlesen<\/span><\/a>\t\t<\/div>\r\n\t<\/article>\r\n\t<article class=\"w-grid-item size_1x1 post-25144 videos type-videos status-publish format-video hentry post_format-post-format-video\" data-id=\"25144\">\r\n\t\t<div class=\"w-grid-item-h\">\r\n\t\t\t\t\t\t<div class=\"w-post-elm post_image usg_post_image_1 stretched media_preview\"><div class=\"w-video align_none ratio_16x9 has_iframe\"><div class=\"w-video-h\"><iframe title=\"Youtube video player\" src=\"\/\/www.youtube.com\/embed\/ljMt_zHSaLM?autoplay=0&controls=1&origin=https:\/\/rau.de\/de\/&loop=0&mute=0\" allowfullscreen=\"1\" loading=\"lazy\"><\/iframe><\/div><div class=\"w-video-icon\" style=\"font-size:1.5rem;background:rgba(0,0,0,0.5);color:#fff\"><\/div><\/div><\/div><h2 class=\"w-post-elm post_title usg_post_title_1 entry-title color_link_inherit\"><a href=\"https:\/\/rau.de\/de\/videos\/aufbau-klimawand\/\">Aufbau einer L\u00e4rmschutzwand &#8211; RAU Klimawand<\/a><\/h2><div class=\"w-hwrapper usg_hwrapper_1 has_text_color align_left valign_top wrap\"><\/div><div class=\"w-post-elm post_content usg_post_content_1\">Zu weiteren Aufbauvideos und [vc_btn title=&#8220;zum Produkt: RAU Klimawand&#8220; style=&#8220;custom&#8220; custom_background=&#8220;#df012a&#8220; custom_text=&#8220;#ffffff&#8220; size=&#8220;lg&#8220; align=&#8220;center&#8220; link=&#8220;url:https%3A%2F%2Frau.de%2Fde%2Fprodukt%2Frau-klimawand%2F|title:RAU%20Klimawand|target:_blank&#8220;]<\/div><a class=\"w-btn us-btn-style_2 usg_btn_1\" href=\"https:\/\/rau.de\/de\/videos\/aufbau-klimawand\/\"><span class=\"w-btn-label\">Weiterlesen<\/span><\/a>\t\t<\/div>\r\n\t<\/article>\r\n\t<article class=\"w-grid-item size_1x1 post-25005 videos type-videos status-publish format-video hentry post_format-post-format-video\" data-id=\"25005\">\r\n\t\t<div class=\"w-grid-item-h\">\r\n\t\t\t\t\t\t<div class=\"w-post-elm post_image usg_post_image_1 stretched media_preview\"><div class=\"w-video align_none ratio_16x9 has_iframe\"><div class=\"w-video-h\"><iframe title=\"Youtube video player\" src=\"\/\/www.youtube.com\/embed\/u6Jhi_lx3EQ?autoplay=0&controls=1&origin=https:\/\/rau.de\/de\/&loop=0&mute=0\" allowfullscreen=\"1\" loading=\"lazy\"><\/iframe><\/div><div class=\"w-video-icon\" style=\"font-size:1.5rem;background:rgba(0,0,0,0.5);color:#fff\"><\/div><\/div><\/div><h2 class=\"w-post-elm post_title usg_post_title_1 entry-title color_link_inherit\"><a href=\"https:\/\/rau.de\/de\/videos\/waghaeusel\/\">L\u00e4rmschutzwandprojekt Wagh\u00e4usel RAU Klimawand x Beton<\/a><\/h2><div class=\"w-hwrapper usg_hwrapper_1 has_text_color align_left valign_top wrap\"><\/div><div class=\"w-post-elm post_content usg_post_content_1\">[vc_btn title=&#8220;Zum Produkt: RAU Klimawand&#8220; style=&#8220;custom&#8220; custom_background=&#8220;#df012a&#8220; custom_text=&#8220;#ffffff&#8220; size=&#8220;lg&#8220; align=&#8220;center&#8220; link=&#8220;url:https%3A%2F%2Frau.de%2Fde%2Fprodukt%2Frau-klimawand%2F|title:RAU%20Klimawand|target:_blank&#8220;]<\/div><a class=\"w-btn us-btn-style_2 usg_btn_1\" href=\"https:\/\/rau.de\/de\/videos\/waghaeusel\/\"><span class=\"w-btn-label\">Weiterlesen<\/span><\/a>\t\t<\/div>\r\n\t<\/article>\r\n\t<article class=\"w-grid-item size_1x1 post-24999 videos type-videos status-publish format-video hentry post_format-post-format-video\" data-id=\"24999\">\r\n\t\t<div class=\"w-grid-item-h\">\r\n\t\t\t\t\t\t<div class=\"w-post-elm post_image usg_post_image_1 stretched media_preview\"><div class=\"w-video align_none ratio_16x9 has_iframe\"><div class=\"w-video-h\"><iframe title=\"Youtube video player\" src=\"\/\/www.youtube.com\/embed\/QmgcNSFhKnE?autoplay=0&controls=1&origin=https:\/\/rau.de\/de\/&loop=0&mute=0\" allowfullscreen=\"1\" loading=\"lazy\"><\/iframe><\/div><div class=\"w-video-icon\" style=\"font-size:1.5rem;background:rgba(0,0,0,0.5);color:#fff\"><\/div><\/div><\/div><h2 class=\"w-post-elm post_title usg_post_title_1 entry-title color_link_inherit\"><a href=\"https:\/\/rau.de\/de\/videos\/raurockextensiv-opladen\/\">Neue Bahnstadt in Opladen \u2013 RAU Rock Extensiv f\u00fcr gr\u00fcnes Stadtklima<\/a><\/h2><div class=\"w-hwrapper usg_hwrapper_1 has_text_color align_left valign_top wrap\"><\/div><div class=\"w-post-elm post_content usg_post_content_1\">Im Zuge des st\u00e4dtebaulichen Entwicklungskonzepts der Bahnstadt West in Leverkusen-Opladen wird eine RAU Rock Extensiv L\u00e4rmschutzwand gebaut. Diese L\u00e4rmschutzwand eignet&hellip;<\/div><a class=\"w-btn us-btn-style_2 usg_btn_1\" href=\"https:\/\/rau.de\/de\/videos\/raurockextensiv-opladen\/\"><span class=\"w-btn-label\">Weiterlesen<\/span><\/a>\t\t<\/div>\r\n\t<\/article>\r\n<\/div><div class=\"w-grid-preloader\">\t<div class=\"g-preloader type_1\">\r\n\t\t<div><\/div>\r\n\t<\/div>\r\n\t<\/div>\t<div class=\"w-grid-json hidden\" onclick='return {&quot;action&quot;:&quot;us_ajax_grid&quot;,&quot;ajax_url&quot;:&quot;https:\\\/\\\/rau.de\\\/wp-admin\\\/admin-ajax.php&quot;,&quot;infinite_scroll&quot;:0,&quot;max_num_pages&quot;:1,&quot;pagination&quot;:&quot;none&quot;,&quot;template_vars&quot;:{&quot;columns&quot;:&quot;3&quot;,&quot;exclude_items&quot;:&quot;none&quot;,&quot;img_size&quot;:&quot;default&quot;,&quot;ignore_items_size&quot;:0,&quot;items_layout&quot;:&quot;163&quot;,&quot;items_offset&quot;:&quot;1&quot;,&quot;load_animation&quot;:&quot;none&quot;,&quot;overriding_link&quot;:&quot;{\\&quot;url\\&quot;:\\&quot;\\&quot;}&quot;,&quot;post_id&quot;:0,&quot;query_args&quot;:{&quot;post_type&quot;:[&quot;videos&quot;],&quot;post_status&quot;:[&quot;publish&quot;],&quot;posts_per_page&quot;:&quot;10&quot;},&quot;orderby_query_args&quot;:{&quot;orderby&quot;:{&quot;date&quot;:&quot;DESC&quot;}},&quot;type&quot;:&quot;grid&quot;,&quot;us_grid_ajax_index&quot;:1,&quot;us_grid_filter_params&quot;:[],&quot;us_grid_index&quot;:1,&quot;_us_grid_post_type&quot;:&quot;videos&quot;,&quot;page_args&quot;:[]}}'><\/div>\r\n\t<\/div><\/div><\/div><\/div><\/div><\/div><\/div><\/div><\/div><\/div><\/section>\n","protected":false},"excerpt":{"rendered":"Neue Bahnstadt in Opladen \u2013 RAU Rock Extensiv f\u00fcr gr\u00fcnes StadtklimaIm Zuge des st\u00e4dtebaulichen Entwicklungskonzepts der Bahnstadt West in Leverkusen-Opladen wird eine RAU Rock Extensiv L\u00e4rmschutzwand gebaut. Diese L\u00e4rmschutzwand eignet sich aufgrund ihrer schmalen, platzsparenden Mindestbaubreite von 13 cm\u00a0ideal f\u00fcr den Bau zwischen Gleis und Stra\u00dfe. Besonders an der RAU Rock Extensiv L\u00e4rmschutzwand ist, dass...","protected":false},"author":2,"featured_media":0,"parent":0,"menu_order":0,"comment_status":"closed","ping_status":"closed","template":"","meta":{"footnotes":""},"class_list":["post-24991","page","type-page","status-publish","hentry"],"yoast_head":"<!-- This site is optimized with the Yoast SEO plugin v27.5 - https:\/\/yoast.com\/product\/yoast-seo-wordpress\/ -->\n<title>Videos | L\u00e4rmschutzwand und Schallschutzwand !<\/title>\n<meta name=\"description\" content=\"Videos | Entwicklung und Umsetzung von L\u00e4rmschutzwand und Schallschutzwandan Stra\u00dfen, Bahnstrecken und f\u00fcr St\u00e4dte und Industrie | rau.de\" \/>\n<meta name=\"robots\" content=\"index, follow, max-snippet:-1, max-image-preview:large, max-video-preview:-1\" \/>\n<link rel=\"canonical\" href=\"https:\/\/rau.de\/de\/videos\/\" \/>\n<meta property=\"og:locale\" content=\"de_DE\" \/>\n<meta property=\"og:type\" content=\"article\" \/>\n<meta property=\"og:title\" content=\"Videos | L\u00e4rmschutzwand und Schallschutzwand !\" \/>\n<meta property=\"og:description\" content=\"Videos | Entwicklung und Umsetzung von L\u00e4rmschutzwand und Schallschutzwandan Stra\u00dfen, Bahnstrecken und f\u00fcr St\u00e4dte und Industrie | rau.de\" \/>\n<meta property=\"og:url\" content=\"https:\/\/rau.de\/de\/videos\/\" \/>\n<meta property=\"og:site_name\" content=\"Rau | L\u00e4rmschutzw\u00e4nde\" \/>\n<meta property=\"article:modified_time\" content=\"2022-11-17T14:41:58+00:00\" \/>\n<meta property=\"og:image\" content=\"https:\/\/rau.de\/wp-content\/uploads\/rau.de-begruente-laermschutzwand-2015-08-23-sonderteile-2.jpg\" \/>\n\t<meta property=\"og:image:width\" content=\"1920\" \/>\n\t<meta property=\"og:image:height\" content=\"1146\" \/>\n\t<meta property=\"og:image:type\" content=\"image\/jpeg\" \/>\n<meta name=\"twitter:card\" content=\"summary_large_image\" \/>\n<script type=\"application\/ld+json\" class=\"yoast-schema-graph\">{\"@context\":\"https:\\\/\\\/schema.org\",\"@graph\":[{\"@type\":\"WebPage\",\"@id\":\"https:\\\/\\\/rau.de\\\/de\\\/videos\\\/\",\"url\":\"https:\\\/\\\/rau.de\\\/de\\\/videos\\\/\",\"name\":\"Videos | L\u00e4rmschutzwand und Schallschutzwand !\",\"isPartOf\":{\"@id\":\"https:\\\/\\\/rau.de\\\/de\\\/#website\"},\"datePublished\":\"2022-11-17T13:42:47+00:00\",\"dateModified\":\"2022-11-17T14:41:58+00:00\",\"description\":\"Videos | Entwicklung und Umsetzung von L\u00e4rmschutzwand und Schallschutzwandan Stra\u00dfen, Bahnstrecken und f\u00fcr St\u00e4dte und Industrie | rau.de\",\"breadcrumb\":{\"@id\":\"https:\\\/\\\/rau.de\\\/de\\\/videos\\\/#breadcrumb\"},\"inLanguage\":\"de\",\"potentialAction\":[{\"@type\":\"ReadAction\",\"target\":[\"https:\\\/\\\/rau.de\\\/de\\\/videos\\\/\"]}]},{\"@type\":\"BreadcrumbList\",\"@id\":\"https:\\\/\\\/rau.de\\\/de\\\/videos\\\/#breadcrumb\",\"itemListElement\":[{\"@type\":\"ListItem\",\"position\":1,\"name\":\"Startseite\",\"item\":\"https:\\\/\\\/rau.de\\\/de\\\/\"},{\"@type\":\"ListItem\",\"position\":2,\"name\":\"Videos\"}]},{\"@type\":\"WebSite\",\"@id\":\"https:\\\/\\\/rau.de\\\/de\\\/#website\",\"url\":\"https:\\\/\\\/rau.de\\\/de\\\/\",\"name\":\"Rau | L\u00e4rmschutzw\u00e4nde\",\"description\":\"Entwicklung und Umsetzung von L\u00e4rmschutzwand und Schallschutzwand\",\"publisher\":{\"@id\":\"https:\\\/\\\/rau.de\\\/de\\\/#organization\"},\"potentialAction\":[{\"@type\":\"SearchAction\",\"target\":{\"@type\":\"EntryPoint\",\"urlTemplate\":\"https:\\\/\\\/rau.de\\\/de\\\/?s={search_term_string}\"},\"query-input\":{\"@type\":\"PropertyValueSpecification\",\"valueRequired\":true,\"valueName\":\"search_term_string\"}}],\"inLanguage\":\"de\"},{\"@type\":\"Organization\",\"@id\":\"https:\\\/\\\/rau.de\\\/de\\\/#organization\",\"name\":\"RAU L\u00e4rmschutzw\u00e4nde \u2013 Geosystem GBK GmbH\",\"url\":\"https:\\\/\\\/rau.de\\\/de\\\/\",\"logo\":{\"@type\":\"ImageObject\",\"inLanguage\":\"de\",\"@id\":\"https:\\\/\\\/rau.de\\\/de\\\/#\\\/schema\\\/logo\\\/image\\\/\",\"url\":\"https:\\\/\\\/rau.de\\\/wp-content\\\/uploads\\\/web_logo.png\",\"contentUrl\":\"https:\\\/\\\/rau.de\\\/wp-content\\\/uploads\\\/web_logo.png\",\"width\":249,\"height\":127,\"caption\":\"RAU L\u00e4rmschutzw\u00e4nde \u2013 Geosystem GBK GmbH\"},\"image\":{\"@id\":\"https:\\\/\\\/rau.de\\\/de\\\/#\\\/schema\\\/logo\\\/image\\\/\"}}]}<\/script>\n<!-- \/ Yoast SEO plugin. -->","yoast_head_json":{"title":"Videos | L\u00e4rmschutzwand und Schallschutzwand !","description":"Videos | Entwicklung und Umsetzung von L\u00e4rmschutzwand und Schallschutzwandan Stra\u00dfen, Bahnstrecken und f\u00fcr St\u00e4dte und Industrie | rau.de","robots":{"index":"index","follow":"follow","max-snippet":"max-snippet:-1","max-image-preview":"max-image-preview:large","max-video-preview":"max-video-preview:-1"},"canonical":"https:\/\/rau.de\/de\/videos\/","og_locale":"de_DE","og_type":"article","og_title":"Videos | L\u00e4rmschutzwand und Schallschutzwand !","og_description":"Videos | Entwicklung und Umsetzung von L\u00e4rmschutzwand und Schallschutzwandan Stra\u00dfen, Bahnstrecken und f\u00fcr St\u00e4dte und Industrie | rau.de","og_url":"https:\/\/rau.de\/de\/videos\/","og_site_name":"Rau | L\u00e4rmschutzw\u00e4nde","article_modified_time":"2022-11-17T14:41:58+00:00","og_image":[{"width":1920,"height":1146,"url":"https:\/\/rau.de\/wp-content\/uploads\/rau.de-begruente-laermschutzwand-2015-08-23-sonderteile-2.jpg","type":"image\/jpeg"}],"twitter_card":"summary_large_image","schema":{"@context":"https:\/\/schema.org","@graph":[{"@type":"WebPage","@id":"https:\/\/rau.de\/de\/videos\/","url":"https:\/\/rau.de\/de\/videos\/","name":"Videos | L\u00e4rmschutzwand und Schallschutzwand !","isPartOf":{"@id":"https:\/\/rau.de\/de\/#website"},"datePublished":"2022-11-17T13:42:47+00:00","dateModified":"2022-11-17T14:41:58+00:00","description":"Videos | Entwicklung und Umsetzung von L\u00e4rmschutzwand und Schallschutzwandan Stra\u00dfen, Bahnstrecken und f\u00fcr St\u00e4dte und Industrie | rau.de","breadcrumb":{"@id":"https:\/\/rau.de\/de\/videos\/#breadcrumb"},"inLanguage":"de","potentialAction":[{"@type":"ReadAction","target":["https:\/\/rau.de\/de\/videos\/"]}]},{"@type":"BreadcrumbList","@id":"https:\/\/rau.de\/de\/videos\/#breadcrumb","itemListElement":[{"@type":"ListItem","position":1,"name":"Startseite","item":"https:\/\/rau.de\/de\/"},{"@type":"ListItem","position":2,"name":"Videos"}]},{"@type":"WebSite","@id":"https:\/\/rau.de\/de\/#website","url":"https:\/\/rau.de\/de\/","name":"Rau | L\u00e4rmschutzw\u00e4nde","description":"Entwicklung und Umsetzung von L\u00e4rmschutzwand und Schallschutzwand","publisher":{"@id":"https:\/\/rau.de\/de\/#organization"},"potentialAction":[{"@type":"SearchAction","target":{"@type":"EntryPoint","urlTemplate":"https:\/\/rau.de\/de\/?s={search_term_string}"},"query-input":{"@type":"PropertyValueSpecification","valueRequired":true,"valueName":"search_term_string"}}],"inLanguage":"de"},{"@type":"Organization","@id":"https:\/\/rau.de\/de\/#organization","name":"RAU L\u00e4rmschutzw\u00e4nde \u2013 Geosystem GBK GmbH","url":"https:\/\/rau.de\/de\/","logo":{"@type":"ImageObject","inLanguage":"de","@id":"https:\/\/rau.de\/de\/#\/schema\/logo\/image\/","url":"https:\/\/rau.de\/wp-content\/uploads\/web_logo.png","contentUrl":"https:\/\/rau.de\/wp-content\/uploads\/web_logo.png","width":249,"height":127,"caption":"RAU L\u00e4rmschutzw\u00e4nde \u2013 Geosystem GBK GmbH"},"image":{"@id":"https:\/\/rau.de\/de\/#\/schema\/logo\/image\/"}}]}},"_links":{"self":[{"href":"https:\/\/rau.de\/de\/wp-json\/wp\/v2\/pages\/24991","targetHints":{"allow":["GET"]}}],"collection":[{"href":"https:\/\/rau.de\/de\/wp-json\/wp\/v2\/pages"}],"about":[{"href":"https:\/\/rau.de\/de\/wp-json\/wp\/v2\/types\/page"}],"author":[{"embeddable":true,"href":"https:\/\/rau.de\/de\/wp-json\/wp\/v2\/users\/2"}],"replies":[{"embeddable":true,"href":"https:\/\/rau.de\/de\/wp-json\/wp\/v2\/comments?post=24991"}],"version-history":[{"count":9,"href":"https:\/\/rau.de\/de\/wp-json\/wp\/v2\/pages\/24991\/revisions"}],"predecessor-version":[{"id":25167,"href":"https:\/\/rau.de\/de\/wp-json\/wp\/v2\/pages\/24991\/revisions\/25167"}],"wp:attachment":[{"href":"https:\/\/rau.de\/de\/wp-json\/wp\/v2\/media?parent=24991"}],"curies":[{"name":"wp","href":"https:\/\/api.w.org\/{rel}","templated":true}]}}