{"id":24516,"date":"2022-09-28T16:00:23","date_gmt":"2022-09-28T14:00:23","guid":{"rendered":"https:\/\/rau.de\/?page_id=24516"},"modified":"2024-11-01T15:54:20","modified_gmt":"2024-11-01T14:54:20","slug":"referenz-ups-bielefeld","status":"publish","type":"page","link":"https:\/\/rau.de\/de\/referenz-ups-bielefeld\/","title":{"rendered":"UPS Standort Bielefeld-Sennestadt"},"content":{"rendered":"<section class=\"l-section wpb_row height_medium full_height valign_center with_img parallax_fixed\" id=\"kontakt\"><div class=\"l-section-img\" role=\"img\" data-img-width=\"2000\" data-img-height=\"1122\" style=\"background-image: url(https:\/\/rau.de\/wp-content\/uploads\/bg.jpg);\"><\/div><div class=\"l-section-h i-cf\"><div class=\"g-cols vc_row via_flex valign_top type_default stacking_default\"><div class=\"vc_col-sm-12 wpb_column vc_column_container\"><div class=\"vc_column-inner\"><div class=\"wpb_wrapper\"><div class=\"g-cols wpb_row content_top via_flex valign_top type_default stacking_default\"><div class=\"vc_col-sm-12 wpb_column vc_column_container\"><div class=\"vc_column-inner\"><div class=\"wpb_wrapper\"><h1 class=\"w-post-elm post_title entry-title color_link_inherit\">UPS Standort Bielefeld-Sennestadt<\/h1><\/div><\/div><\/div><\/div><div class=\"g-cols wpb_row us_custom_4fb9e5a3 content_text via_flex valign_top type_default stacking_default\"><div class=\"vc_col-sm-6 wpb_column vc_column_container\"><div class=\"vc_column-inner\"><div class=\"wpb_wrapper\"><div class=\"w-separator size_medium\"><\/div>[vc_custom_heading text=&#8220;\ud83e\udca1 Referenz\/ Projekt: UPS Standort Bielefeld-Sennestadt<br \/>\n\ud83e\udca1 Projektname: RAU Klimawand x Rock am entstehenden HUB-Verteilungszentrum von UPS<br \/>\n\ud83e\udca1 Projektort: Bielefeld-Sennestadt<br \/>\n\ud83e\udca1 Art des Projektes: Errichtung einer L\u00e4rmschutzwandanlage aus der RAU Klimawand in Kombination mit der RAU Rock zum Schutz von L\u00e4rm im Industriegebiet am UPS Standort Bielefeld-Sennestadt.<br \/>\n\ud83e\udca1 Projektstart und Fertigstellung: November 2019 \u2013 Januar 2020&#8243; font_container=&#8220;tag:div|font_size:16|text_align:left|color:%23ffffff&#8220; google_fonts=&#8220;font_family:Open%20Sans%3A300%2C300italic%2Cregular%2Citalic%2C600%2C600italic%2C700%2C700italic%2C800%2C800italic|font_style:400%20regular%3A400%3Anormal&#8220; css=&#8220;%7B%22default%22%3A%7B%22color%22%3A%22%2300AE46%22%2C%22text-align%22%3A%22center%22%2C%22line-height%22%3A%2233px%22%2C%22font-family%22%3A%22body%22%2C%22background-color%22%3A%22%23e8e8e8%22%2C%22border-style%22%3A%22solid%22%2C%22border-left-width%22%3A%223px%22%2C%22border-top-width%22%3A%223px%22%2C%22border-bottom-width%22%3A%223px%22%2C%22border-right-width%22%3A%223px%22%2C%22border-color%22%3A%22%23999999%22%7D%7D&#8220;]<\/div><\/div><\/div><div class=\"vc_col-sm-6 wpb_column vc_column_container\"><div class=\"vc_column-inner\"><div class=\"wpb_wrapper\"><div class=\"w-image us_custom_baf79b94 align_none\"><div class=\"w-image-h\"><img loading=\"lazy\" decoding=\"async\" width=\"990\" height=\"760\" src=\"https:\/\/rau.de\/wp-content\/uploads\/7736af33-b773-4330-9319-e30b9141ac7b-1-e1664370857803.jpg\" class=\"attachment-large size-large\" alt=\"\" srcset=\"https:\/\/rau.de\/wp-content\/uploads\/7736af33-b773-4330-9319-e30b9141ac7b-1-e1664370857803.jpg 990w, https:\/\/rau.de\/wp-content\/uploads\/7736af33-b773-4330-9319-e30b9141ac7b-1-e1664370857803-300x230.jpg 300w\" sizes=\"(max-width: 990px) 100vw, 990px\" \/><\/div><\/div><\/div><\/div><\/div><\/div><div class=\"g-cols wpb_row us_custom_4fb9e5a3 content_text via_flex valign_top type_default stacking_default\"><div class=\"vc_col-sm-6 wpb_column vc_column_container\"><div class=\"vc_column-inner\"><div class=\"wpb_wrapper\"><div class=\"wpb_text_column mb-30\"><div class=\"wpb_wrapper\"><h2 style=\"text-align: left;\"><span style=\"color: #00ae46;\">Auftragsdetails &amp; Herausforderungen:<\/span><\/h2>\n<div>\n<p>Die Erweiterung des UPS-Standorts in Bielefeld-Sennestadt zu einem HUB-Verteilungszentrum erfordert die Einhaltung von gesetzlichen Schallwerten. In der Umgebung des Industriegebiets entstehen insbesondere durch Kfz- Zu und Abfahrten sowie Park- und Ladevorg\u00e4nge, Gewerbel\u00e4rmeinwirkungen auf dem Betriebsgel\u00e4nde. Die zu erwartenden Ger\u00e4uscheinwirkungen auf benachbarte Wohngebiete wurden anhand von schalltechnische Simulationsberechnungen prognostiziert. Das Ergebnis war, dass die an das Verteilungszentrum anliegenden Gebiete am Tag, sowie auch bei Nacht, die Immissionsgrenzwerte \u00fcberschreiten. Dieses Ergebnis wurde zum Anlass, eine L\u00e4rmschutzwandanlage zu planen, welche die am erweiterten UPS-Standort liegenden Wohngebiete und Anwohner vor L\u00e4rm sch\u00fctzen soll. Das Grundst\u00fcck liegt innerhalb der \u201eSenne\u201c genannten Landschaft der \u00f6stlichen M\u00fcnsterl\u00e4nder Kreidebucht. Sie ist durch n\u00e4hrstoffarme, lockere Sande gepr\u00e4gt, die besonders tragf\u00e4hig sind und deshalb eine gute Voraussetzung f\u00fcr den Bau einer L\u00e4rmschutzwand darstellen.<\/p>\n<\/div>\n<div>\n<p>UPS entschied sich f\u00fcr die Produkte Klimawand und RAU Rock. Die RAU Rock bietet sich aufgrund des minimalen Platzbedarfs gut als Alternative f\u00fcr die Standortgegebenheiten an. Fu\u0308r den Neubau einer La\u0308rmschutzwand auf dem UPS-Gela\u0308nde an der Fuggerstra\u00dfe in Bielefeld waren zun\u00e4chst Ru\u0308ckbauarbeiten am Wald- und Baumbestand, sowie durchzuf\u00fchren. Humose Oberbo\u0308den im Bereich des Bauvorhabens wurden vollsta\u0308ndig entfernt und abgefahren. Der Bodenaushub konnte zur F\u00fcllung der L\u00e4rmschutzwand wiederverwendet werden.<\/p>\n<\/div>\n<h2 style=\"text-align: left;\"><span style=\"color: #00ae46;\">Produktl\u00f6sung:<\/span><\/h2>\n<p style=\"text-align: left;\">flachgegr\u00fcndete, begr\u00fcnte RAU Klimawand kombiniert mit einer tiefgegr\u00fcndeten L\u00e4rmschutzwand RAU Rock aus Aluminium<\/p>\n<h2 style=\"text-align: left;\"><span style=\"color: #00ae46;\">Ergebnisse:<\/span><\/h2>\n<p>Die 545 Meter lange L\u00e4rmschutzwandanlage von RAU, aus einer Kombination der Klimawand und RAU Rock hat eine Konstruktionsh\u00f6he von bis zu sechs Metern und sch\u00fctzt den erweiterten UPS-Standort Bielefeld-Sennenstadt und Umgebung vor L\u00e4rm und erm\u00f6glich Anwohner somit Ruhe.<\/p>\n<p>Die Schallschutzwand hat Luftschallda\u0308mmungswerte von DLR = 68 dB (Klimawand) und DLR = 27 dB (RAU Rock) sowie Absorptionswerten von DL\ud835\udefc = 20 dB (Klimawand) und DL\ud835\udefc = 12 dB (RAU Rock). erstreckt sich u\u0308ber das 2.700 qm gro\u00dfe UPS-Verteilungszentrumsareal.<\/p>\n<\/div><\/div><div class=\"w-separator size_medium\"><\/div>[vc_btn title=&#8220;<b>Weitere Referenzen<\/b>&#8220; style=&#8220;custom&#8220; custom_background=&#8220;#df012a&#8220; custom_text=&#8220;#ffffff&#8220; size=&#8220;lg&#8220; align=&#8220;center&#8220; link=&#8220;url:https%3A%2F%2Frau.de%2Fde%2Freferenzen%2F|title:Referenzen|target:_blank&#8220;]<\/div><\/div><\/div><div class=\"vc_col-sm-6 wpb_column vc_column_container\"><div class=\"vc_column-inner\"><div class=\"wpb_wrapper\"><div class=\"w-image us_custom_403b3d95 align_none\"><div class=\"w-image-h\"><img loading=\"lazy\" decoding=\"async\" width=\"826\" height=\"1024\" src=\"https:\/\/rau.de\/wp-content\/uploads\/RauKlimawandBielefeldUPS-e1664370988829-826x1024.jpg\" class=\"attachment-large size-large\" alt=\"\" srcset=\"https:\/\/rau.de\/wp-content\/uploads\/RauKlimawandBielefeldUPS-e1664370988829-826x1024.jpg 826w, https:\/\/rau.de\/wp-content\/uploads\/RauKlimawandBielefeldUPS-e1664370988829-242x300.jpg 242w, https:\/\/rau.de\/wp-content\/uploads\/RauKlimawandBielefeldUPS-e1664370988829.jpg 900w\" sizes=\"(max-width: 826px) 100vw, 826px\" \/><\/div><\/div><div class=\"w-separator size_small\"><\/div><div class=\"w-image us_custom_403b3d95 align_none\"><div class=\"w-image-h\"><img loading=\"lazy\" decoding=\"async\" width=\"1024\" height=\"576\" src=\"https:\/\/rau.de\/wp-content\/uploads\/Stahltraeger-einer-im-Bau-befindlichen-Laermschutzwand.jpg\" class=\"attachment-large size-large\" alt=\"Stahltr\u00e4ger einer im Bau befindlichen L\u00e4rmschutzwand neben einer Industrieanlage\" srcset=\"https:\/\/rau.de\/wp-content\/uploads\/Stahltraeger-einer-im-Bau-befindlichen-Laermschutzwand.jpg 1024w, https:\/\/rau.de\/wp-content\/uploads\/Stahltraeger-einer-im-Bau-befindlichen-Laermschutzwand-300x169.jpg 300w\" sizes=\"(max-width: 1024px) 100vw, 1024px\" \/><\/div><\/div><div class=\"w-separator size_small\"><\/div><div class=\"w-image us_custom_e8f6197b align_none\"><div class=\"w-image-h\"><img loading=\"lazy\" decoding=\"async\" width=\"1024\" height=\"768\" src=\"https:\/\/rau.de\/wp-content\/uploads\/f3b7abee-ea19-4e38-bca0-d6cdcc64c371.jpg\" class=\"attachment-large size-large\" alt=\"\" srcset=\"https:\/\/rau.de\/wp-content\/uploads\/f3b7abee-ea19-4e38-bca0-d6cdcc64c371.jpg 1024w, https:\/\/rau.de\/wp-content\/uploads\/f3b7abee-ea19-4e38-bca0-d6cdcc64c371-300x225.jpg 300w\" sizes=\"(max-width: 1024px) 100vw, 1024px\" \/><\/div><\/div><\/div><\/div><\/div><\/div><\/div><\/div><\/div><\/div><\/div><\/section>\n","protected":false},"excerpt":{"rendered":"UPS Standort Bielefeld-Sennestadt[vc_custom_heading text=\"\ud83e\udca1 Referenz\/ Projekt: UPS Standort Bielefeld-Sennestadt \ud83e\udca1 Projektname: RAU Klimawand x Rock am entstehenden HUB-Verteilungszentrum von UPS \ud83e\udca1 Projektort: Bielefeld-Sennestadt \ud83e\udca1 Art des Projektes: Errichtung einer L\u00e4rmschutzwandanlage aus der RAU Klimawand in Kombination mit der RAU Rock zum Schutz von L\u00e4rm im Industriegebiet am UPS Standort Bielefeld-Sennestadt. \ud83e\udca1 Projektstart und Fertigstellung: November...","protected":false},"author":2,"featured_media":24601,"parent":0,"menu_order":0,"comment_status":"closed","ping_status":"closed","template":"","meta":{"footnotes":""},"class_list":["post-24516","page","type-page","status-publish","has-post-thumbnail","hentry"],"yoast_head":"<!-- This site is optimized with the Yoast SEO plugin v23.6 - https:\/\/yoast.com\/wordpress\/plugins\/seo\/ -->\n<title>RAU Klimawand x RAU Rock UPS Standort Bielefeld \ud83c\udfd7<\/title>\n<meta name=\"description\" content=\"Die Erweiterung des UPS-Standorts in Bielefeld zu einem Verteilungszentrum erfordert die Einhaltung von gesetzlichen Schallwerten. \ud83d\udd07| rau.de\" \/>\n<meta name=\"robots\" content=\"index, follow, max-snippet:-1, max-image-preview:large, max-video-preview:-1\" \/>\n<link rel=\"canonical\" href=\"https:\/\/rau.de\/de\/referenz-ups-bielefeld\/\" \/>\n<meta property=\"og:locale\" content=\"de_DE\" \/>\n<meta property=\"og:type\" content=\"article\" \/>\n<meta property=\"og:title\" content=\"RAU Klimawand x RAU Rock UPS Standort Bielefeld \ud83c\udfd7\" \/>\n<meta property=\"og:description\" content=\"Die Erweiterung des UPS-Standorts in Bielefeld zu einem Verteilungszentrum erfordert die Einhaltung von gesetzlichen Schallwerten. \ud83d\udd07| rau.de\" \/>\n<meta property=\"og:url\" content=\"https:\/\/rau.de\/de\/referenz-ups-bielefeld\/\" \/>\n<meta property=\"og:site_name\" content=\"Rau | L\u00e4rmschutzw\u00e4nde\" \/>\n<meta property=\"article:modified_time\" content=\"2024-11-01T14:54:20+00:00\" \/>\n<meta property=\"og:image\" content=\"https:\/\/rau.de\/wp-content\/uploads\/Projektstart-3.png\" \/>\n\t<meta property=\"og:image:width\" content=\"1587\" \/>\n\t<meta property=\"og:image:height\" content=\"2245\" \/>\n\t<meta property=\"og:image:type\" content=\"image\/png\" \/>\n<meta name=\"twitter:card\" content=\"summary_large_image\" \/>\n<meta name=\"twitter:label1\" content=\"Gesch\u00e4tzte Lesezeit\" \/>\n\t<meta name=\"twitter:data1\" content=\"2\u00a0Minuten\" \/>\n<script type=\"application\/ld+json\" class=\"yoast-schema-graph\">{\"@context\":\"https:\/\/schema.org\",\"@graph\":[{\"@type\":\"WebPage\",\"@id\":\"https:\/\/rau.de\/de\/referenz-ups-bielefeld\/\",\"url\":\"https:\/\/rau.de\/de\/referenz-ups-bielefeld\/\",\"name\":\"RAU Klimawand x RAU Rock UPS Standort Bielefeld \ud83c\udfd7\",\"isPartOf\":{\"@id\":\"https:\/\/rau.de\/de\/#website\"},\"primaryImageOfPage\":{\"@id\":\"https:\/\/rau.de\/de\/referenz-ups-bielefeld\/#primaryimage\"},\"image\":{\"@id\":\"https:\/\/rau.de\/de\/referenz-ups-bielefeld\/#primaryimage\"},\"thumbnailUrl\":\"https:\/\/rau.de\/wp-content\/uploads\/Projektstart-3.png\",\"datePublished\":\"2022-09-28T14:00:23+00:00\",\"dateModified\":\"2024-11-01T14:54:20+00:00\",\"description\":\"Die Erweiterung des UPS-Standorts in Bielefeld zu einem Verteilungszentrum erfordert die Einhaltung von gesetzlichen Schallwerten. \ud83d\udd07| rau.de\",\"breadcrumb\":{\"@id\":\"https:\/\/rau.de\/de\/referenz-ups-bielefeld\/#breadcrumb\"},\"inLanguage\":\"de\",\"potentialAction\":[{\"@type\":\"ReadAction\",\"target\":[\"https:\/\/rau.de\/de\/referenz-ups-bielefeld\/\"]}]},{\"@type\":\"ImageObject\",\"inLanguage\":\"de\",\"@id\":\"https:\/\/rau.de\/de\/referenz-ups-bielefeld\/#primaryimage\",\"url\":\"https:\/\/rau.de\/wp-content\/uploads\/Projektstart-3.png\",\"contentUrl\":\"https:\/\/rau.de\/wp-content\/uploads\/Projektstart-3.png\",\"width\":1587,\"height\":2245},{\"@type\":\"BreadcrumbList\",\"@id\":\"https:\/\/rau.de\/de\/referenz-ups-bielefeld\/#breadcrumb\",\"itemListElement\":[{\"@type\":\"ListItem\",\"position\":1,\"name\":\"Startseite\",\"item\":\"https:\/\/rau.de\/de\/\"},{\"@type\":\"ListItem\",\"position\":2,\"name\":\"UPS Standort Bielefeld-Sennestadt\"}]},{\"@type\":\"WebSite\",\"@id\":\"https:\/\/rau.de\/de\/#website\",\"url\":\"https:\/\/rau.de\/de\/\",\"name\":\"Rau | L\u00e4rmschutzw\u00e4nde\",\"description\":\"Entwicklung und Umsetzung von L\u00e4rmschutzwand und Schallschutzwand\",\"publisher\":{\"@id\":\"https:\/\/rau.de\/de\/#organization\"},\"potentialAction\":[{\"@type\":\"SearchAction\",\"target\":{\"@type\":\"EntryPoint\",\"urlTemplate\":\"https:\/\/rau.de\/de\/?s={search_term_string}\"},\"query-input\":{\"@type\":\"PropertyValueSpecification\",\"valueRequired\":true,\"valueName\":\"search_term_string\"}}],\"inLanguage\":\"de\"},{\"@type\":\"Organization\",\"@id\":\"https:\/\/rau.de\/de\/#organization\",\"name\":\"RAU L\u00e4rmschutzw\u00e4nde \u2013 Geosystem GBK GmbH\",\"url\":\"https:\/\/rau.de\/de\/\",\"logo\":{\"@type\":\"ImageObject\",\"inLanguage\":\"de\",\"@id\":\"https:\/\/rau.de\/de\/#\/schema\/logo\/image\/\",\"url\":\"https:\/\/rau.de\/wp-content\/uploads\/web_logo.png\",\"contentUrl\":\"https:\/\/rau.de\/wp-content\/uploads\/web_logo.png\",\"width\":249,\"height\":127,\"caption\":\"RAU L\u00e4rmschutzw\u00e4nde \u2013 Geosystem GBK GmbH\"},\"image\":{\"@id\":\"https:\/\/rau.de\/de\/#\/schema\/logo\/image\/\"}}]}<\/script>\n<!-- \/ Yoast SEO plugin. -->","yoast_head_json":{"title":"RAU Klimawand x RAU Rock UPS Standort Bielefeld \ud83c\udfd7","description":"Die Erweiterung des UPS-Standorts in Bielefeld zu einem Verteilungszentrum erfordert die Einhaltung von gesetzlichen Schallwerten. \ud83d\udd07| rau.de","robots":{"index":"index","follow":"follow","max-snippet":"max-snippet:-1","max-image-preview":"max-image-preview:large","max-video-preview":"max-video-preview:-1"},"canonical":"https:\/\/rau.de\/de\/referenz-ups-bielefeld\/","og_locale":"de_DE","og_type":"article","og_title":"RAU Klimawand x RAU Rock UPS Standort Bielefeld \ud83c\udfd7","og_description":"Die Erweiterung des UPS-Standorts in Bielefeld zu einem Verteilungszentrum erfordert die Einhaltung von gesetzlichen Schallwerten. \ud83d\udd07| rau.de","og_url":"https:\/\/rau.de\/de\/referenz-ups-bielefeld\/","og_site_name":"Rau | L\u00e4rmschutzw\u00e4nde","article_modified_time":"2024-11-01T14:54:20+00:00","og_image":[{"width":1587,"height":2245,"url":"https:\/\/rau.de\/wp-content\/uploads\/Projektstart-3.png","type":"image\/png"}],"twitter_card":"summary_large_image","twitter_misc":{"Gesch\u00e4tzte Lesezeit":"2\u00a0Minuten"},"schema":{"@context":"https:\/\/schema.org","@graph":[{"@type":"WebPage","@id":"https:\/\/rau.de\/de\/referenz-ups-bielefeld\/","url":"https:\/\/rau.de\/de\/referenz-ups-bielefeld\/","name":"RAU Klimawand x RAU Rock UPS Standort Bielefeld \ud83c\udfd7","isPartOf":{"@id":"https:\/\/rau.de\/de\/#website"},"primaryImageOfPage":{"@id":"https:\/\/rau.de\/de\/referenz-ups-bielefeld\/#primaryimage"},"image":{"@id":"https:\/\/rau.de\/de\/referenz-ups-bielefeld\/#primaryimage"},"thumbnailUrl":"https:\/\/rau.de\/wp-content\/uploads\/Projektstart-3.png","datePublished":"2022-09-28T14:00:23+00:00","dateModified":"2024-11-01T14:54:20+00:00","description":"Die Erweiterung des UPS-Standorts in Bielefeld zu einem Verteilungszentrum erfordert die Einhaltung von gesetzlichen Schallwerten. \ud83d\udd07| rau.de","breadcrumb":{"@id":"https:\/\/rau.de\/de\/referenz-ups-bielefeld\/#breadcrumb"},"inLanguage":"de","potentialAction":[{"@type":"ReadAction","target":["https:\/\/rau.de\/de\/referenz-ups-bielefeld\/"]}]},{"@type":"ImageObject","inLanguage":"de","@id":"https:\/\/rau.de\/de\/referenz-ups-bielefeld\/#primaryimage","url":"https:\/\/rau.de\/wp-content\/uploads\/Projektstart-3.png","contentUrl":"https:\/\/rau.de\/wp-content\/uploads\/Projektstart-3.png","width":1587,"height":2245},{"@type":"BreadcrumbList","@id":"https:\/\/rau.de\/de\/referenz-ups-bielefeld\/#breadcrumb","itemListElement":[{"@type":"ListItem","position":1,"name":"Startseite","item":"https:\/\/rau.de\/de\/"},{"@type":"ListItem","position":2,"name":"UPS Standort Bielefeld-Sennestadt"}]},{"@type":"WebSite","@id":"https:\/\/rau.de\/de\/#website","url":"https:\/\/rau.de\/de\/","name":"Rau | L\u00e4rmschutzw\u00e4nde","description":"Entwicklung und Umsetzung von L\u00e4rmschutzwand und Schallschutzwand","publisher":{"@id":"https:\/\/rau.de\/de\/#organization"},"potentialAction":[{"@type":"SearchAction","target":{"@type":"EntryPoint","urlTemplate":"https:\/\/rau.de\/de\/?s={search_term_string}"},"query-input":{"@type":"PropertyValueSpecification","valueRequired":true,"valueName":"search_term_string"}}],"inLanguage":"de"},{"@type":"Organization","@id":"https:\/\/rau.de\/de\/#organization","name":"RAU L\u00e4rmschutzw\u00e4nde \u2013 Geosystem GBK GmbH","url":"https:\/\/rau.de\/de\/","logo":{"@type":"ImageObject","inLanguage":"de","@id":"https:\/\/rau.de\/de\/#\/schema\/logo\/image\/","url":"https:\/\/rau.de\/wp-content\/uploads\/web_logo.png","contentUrl":"https:\/\/rau.de\/wp-content\/uploads\/web_logo.png","width":249,"height":127,"caption":"RAU L\u00e4rmschutzw\u00e4nde \u2013 Geosystem GBK GmbH"},"image":{"@id":"https:\/\/rau.de\/de\/#\/schema\/logo\/image\/"}}]}},"_links":{"self":[{"href":"https:\/\/rau.de\/de\/wp-json\/wp\/v2\/pages\/24516"}],"collection":[{"href":"https:\/\/rau.de\/de\/wp-json\/wp\/v2\/pages"}],"about":[{"href":"https:\/\/rau.de\/de\/wp-json\/wp\/v2\/types\/page"}],"author":[{"embeddable":true,"href":"https:\/\/rau.de\/de\/wp-json\/wp\/v2\/users\/2"}],"replies":[{"embeddable":true,"href":"https:\/\/rau.de\/de\/wp-json\/wp\/v2\/comments?post=24516"}],"version-history":[{"count":7,"href":"https:\/\/rau.de\/de\/wp-json\/wp\/v2\/pages\/24516\/revisions"}],"predecessor-version":[{"id":28710,"href":"https:\/\/rau.de\/de\/wp-json\/wp\/v2\/pages\/24516\/revisions\/28710"}],"wp:featuredmedia":[{"embeddable":true,"href":"https:\/\/rau.de\/de\/wp-json\/wp\/v2\/media\/24601"}],"wp:attachment":[{"href":"https:\/\/rau.de\/de\/wp-json\/wp\/v2\/media?parent=24516"}],"curies":[{"name":"wp","href":"https:\/\/api.w.org\/{rel}","templated":true}]}}