{"id":21719,"date":"2021-08-12T13:31:08","date_gmt":"2021-08-12T11:31:08","guid":{"rendered":"https:\/\/rau.de\/?page_id=21719"},"modified":"2025-03-31T15:09:25","modified_gmt":"2025-03-31T13:09:25","slug":"laermschutzwand-aluminium","status":"publish","type":"page","link":"https:\/\/rau.de\/de\/laermschutzwand-aluminium\/","title":{"rendered":"L\u00e4rmschutzwand aus Aluminium \u2013 innovativ und effektiv"},"content":{"rendered":"<section class=\"l-section wpb_row height_medium full_height valign_center with_img parallax_fixed\" id=\"kontakt\"><div class=\"l-section-img\" role=\"img\" data-img-width=\"2000\" data-img-height=\"1122\" style=\"background-image: url(https:\/\/rau.de\/wp-content\/uploads\/bg.jpg);\"><\/div><div class=\"l-section-h i-cf\"><div class=\"g-cols vc_row via_flex valign_top type_default stacking_default\"><div class=\"vc_col-sm-12 wpb_column vc_column_container\"><div class=\"vc_column-inner\"><div class=\"wpb_wrapper\"><div class=\"g-cols wpb_row content_top via_flex valign_top type_default stacking_default\"><div class=\"vc_col-sm-12 wpb_column vc_column_container\"><div class=\"vc_column-inner\"><div class=\"wpb_wrapper\"><h1 class=\"w-post-elm post_title entry-title color_link_inherit\">L\u00e4rmschutzwand aus Aluminium \u2013 innovativ und effektiv<\/h1><\/div><\/div><\/div><\/div><div class=\"g-cols wpb_row us_custom_4fb9e5a3 content_text via_flex valign_top type_default stacking_default\"><div class=\"vc_col-sm-6 wpb_column vc_column_container\"><div class=\"vc_column-inner\"><div class=\"wpb_wrapper\"><div class=\"wpb_text_column mb-30\"><div class=\"wpb_wrapper\"><p>L\u00e4rmschutzw\u00e4nde kommen besonders h\u00e4ufig an viel befahrenen Stra\u00dfen, Autobahnen oder in Wohnsiedlungen zum Einsatz, um die B\u00fcrger und B\u00fcrgerinnen vor lauten Ger\u00e4uschen zu sch\u00fctzen. Ein dauerhaft erh\u00f6hter L\u00e4rmpegel kann sich negativ auf die Gesundheit auswirken, deshalb sind L\u00e4rmschutzw\u00e4nde unerl\u00e4sslich an Orten und Stellen, an dem eine erh\u00f6hte Ger\u00e4uschkulisse vorhanden ist.<\/p>\n<p>RAU entwickelt L\u00e4rmschutzw\u00e4nde, die nicht nur Ger\u00e4usche eind\u00e4mmen und absorbieren \u2013 RAU entwickelt Schallschutzw\u00e4nde, die nachhaltig, innovativ und effektiv sind. Mit den <span style=\"color: #00ae46;\"><a style=\"color: #00ae46;\" href=\"https:\/\/rau.de\/de\/gruene-laermschutzwaende\/\" target=\"_blank\" rel=\"noopener\">gr\u00fcnen L\u00e4rmschutzw\u00e4nden<\/a><\/span>\u00a0 und den <span style=\"color: #00ae46;\"><a style=\"color: #00ae46;\" href=\"https:\/\/rau.de\/de\/photovoltaik\/\" target=\"_blank\" rel=\"noopener\">L\u00e4rmschutzw\u00e4nden Photovoltaik<\/a><\/span>\u00a0 wird ein entscheidender Schritt in Richtung Umweltf\u00f6rderung gesetzt. Auf den gro\u00dfen Fl\u00e4chen der Schallw\u00e4nde finden kleine Tiere und Pflanzen eine neue Heimat. Gleichzeitig wirkt die Bepflanzung feinstaubreduzierend und l\u00e4sst sich optisch wunderbar in Wohnsiedlungen verbauen. Die gro\u00dfe Fl\u00e4che der L\u00e4rmschutzw\u00e4nde bieten zudem Platz f\u00fcr Photovoltaik-Anlagen. Dadurch kann auf nachhaltige Weise Strom erzeugt werden, der wiederum f\u00fcr Gemeinden oder die St\u00e4dte genutzt werden kann.<\/p>\n<p>Die L\u00e4rmschutzw\u00e4nde von RAU aus <span style=\"color: #333333;\">Aluminium<\/span> lassen sich, wenn gew\u00fcnscht, begr\u00fcnen. Demnach kann auch an diesen W\u00e4nden neuer Lebensraum geschaffen werden. Durch die flexible Gestaltung der L\u00e4rmschutzwand aus Aluminium kann diese je nach Anforderung individuell angepasst werden.<\/p>\n<\/div><\/div><div class=\"w-separator size_small\"><\/div><div class=\"wpb_text_column mb-30\"><div class=\"wpb_wrapper\"><div>\n<h2 class=\"XP-H2\">L\u00e4rmschutz aus Aluminium: ein vielseitiges Material<\/h2>\n<p>Entscheiden Sie sich f\u00fcr eine L\u00e4rmschutzwand aus Aluminium erhalten Sie eine schmale und hochabsorbierende Schallschutzwand. Der L\u00e4rmschutz aus Aluminium ist in verschiedenen Farbvarianten erh\u00e4ltlich. Die L\u00e4rmschutzelemente k\u00f6nnen demnach auf die Umgebung und das Landschaftskonzept angepasst und abgestimmt werden. Die Aluminium-L\u00e4rmschutzw\u00e4nde gibt es in sehr gro\u00dfen Bauh\u00f6hen, daher eignen sie sich hervorragend f\u00fcr den Einsatz an Autobahnen und Bahnstrecken. Die Anwohner und Anwohnerinnen sind sowohl von den lauten Fahrger\u00e4uschen als auch dem Anblick der Autobahn oder der Bahnstrecke abgeschirmt.<\/p>\n<\/div>\n<\/div><\/div><\/div><\/div><\/div><div class=\"vc_col-sm-6 wpb_column vc_column_container\"><div class=\"vc_column-inner\"><div class=\"wpb_wrapper\"><div class=\"w-separator size_medium\"><\/div><div class=\"w-image align_none\"><div class=\"w-image-h\"><img loading=\"lazy\" decoding=\"async\" width=\"1024\" height=\"576\" src=\"https:\/\/rau.de\/wp-content\/uploads\/Laermschutzwand-im-Bau-mit-Arbeitskraeften-und-einem-Bagger-1.jpg\" class=\"attachment-large size-large\" alt=\"L\u00e4rmschutzwand im Bau mit Arbeitskr\u00e4ften und einem Bagger auf einer Baustelle\" srcset=\"https:\/\/rau.de\/wp-content\/uploads\/Laermschutzwand-im-Bau-mit-Arbeitskraeften-und-einem-Bagger-1.jpg 1024w, https:\/\/rau.de\/wp-content\/uploads\/Laermschutzwand-im-Bau-mit-Arbeitskraeften-und-einem-Bagger-1-300x169.jpg 300w\" sizes=\"auto, (max-width: 1024px) 100vw, 1024px\" \/><\/div><\/div><div class=\"w-separator size_custom\" style=\"height:250px\"><\/div>[vc_progress_bar values=&#8220;%5B%7B%22label%22%3A%22Schmal%2C%20hochabsorbierend%20und%20langlebig%22%2C%22value%22%3A%22100%22%2C%22color%22%3A%22custom%22%2C%22customcolor%22%3A%22%2300ae46%22%2C%22customtxtcolor%22%3A%22%23ffffff%22%7D%2C%7B%22label%22%3A%22Gro%C3%9Fe%20Bauh%C3%B6hen%20m%C3%B6glich%22%2C%22value%22%3A%22100%22%2C%22color%22%3A%22custom%22%2C%22customcolor%22%3A%22%2300ae46%22%2C%22customtxtcolor%22%3A%22%23ffffff%22%7D%2C%7B%22label%22%3A%22Anti-Graffiti%20Beschichtung%20m%C3%B6glich%22%2C%22value%22%3A%22100%22%2C%22color%22%3A%22custom%22%2C%22customcolor%22%3A%22%2300ae46%22%2C%22customtxtcolor%22%3A%22%23ffffff%22%7D%2C%7B%22label%22%3A%22Begr%C3%BCnbar%22%2C%22value%22%3A%22100%22%2C%22color%22%3A%22custom%22%2C%22customcolor%22%3A%22%2300ae46%22%2C%22customtxtcolor%22%3A%22%23ffffff%22%7D%2C%7B%22label%22%3A%22Auswahl%20verschiedener%20Farbvarianten%20m%C3%B6glich%22%2C%22value%22%3A%22100%22%2C%22color%22%3A%22custom%22%2C%22customcolor%22%3A%22%2300ae46%22%2C%22customtxtcolor%22%3A%22%23ffffff%22%7D%5D&#8220; css_animation=&#8220;none&#8220;]<\/div><\/div><\/div><\/div><div class=\"g-cols wpb_row us_custom_4fb9e5a3 content_text via_flex valign_top type_default stacking_default\"><div class=\"vc_col-sm-6 wpb_column vc_column_container\"><div class=\"vc_column-inner\"><div class=\"wpb_wrapper\"><div class=\"wpb_text_column mb-30\"><div class=\"wpb_wrapper\"><div>\n<h2 class=\"XP-H2\">So sieht die L\u00e4rmschutzwand aus Aluminium aus<\/h2>\n<p>Die L\u00e4rmschutzwand aus Aluminium besteht aus einer Tiefgr\u00fcndung mit Gr\u00fcndungspf\u00e4hlen und Sockel aus Beton. Die L\u00e4rmschutzkassette, die f\u00fcr den eigentlichen L\u00e4rmschutzeffekt sorgt, ist aus Aluminium. Das sogenannte Leichtmetall besitzt eine hohe Festigkeit und Stabilit\u00e4t.<\/p>\n<\/div>\n<div>\n<p>Die L\u00e4rmschutzwand kann in eine gro\u00dfe H\u00f6he gebaut und auf Wunsch mit T\u00fcren und Toren ausgestattet werden. Es gibt die M\u00f6glichkeit Glaselemente einzusetzen und dadurch eine Transparenz zu schaffen. Die individuellen M\u00f6glichkeiten und Gestaltungsvarianten sind sehr vielf\u00e4ltig. Hinzu kommt die Auswahlm\u00f6glichkeit verschiedener Farben. Die L\u00e4rmschutzwand aus Aluminium kann zudem auch begr\u00fcnt werden.<\/p>\n<p>Es gibt kaum mehr Flexibilit\u00e4t und Gestaltungsspielraum als bei den Schallw\u00e4nden aus Aluminium. Das Material ist langlebig, zertifiziert und gepr\u00fcft. Zudem ist die L\u00e4rmschutzwand aus Aluminium ein- oder beidseitig hoch schallabsorbierend.<\/p>\n<\/div>\n<\/div><\/div><\/div><\/div><\/div><div class=\"vc_col-sm-6 wpb_column vc_column_container\"><div class=\"vc_column-inner\"><div class=\"wpb_wrapper\"><div class=\"w-separator size_small\"><\/div><div class=\"w-image align_none\"><div class=\"w-image-h\"><img loading=\"lazy\" decoding=\"async\" width=\"1024\" height=\"768\" src=\"https:\/\/rau.de\/wp-content\/uploads\/Blaue-Laermschutzwand-mit-vertikalen-Bauteilen-1.jpg\" class=\"attachment-large size-large\" alt=\"Blaue L\u00e4rmschutzwand mit vertikalen Bauteilen\" srcset=\"https:\/\/rau.de\/wp-content\/uploads\/Blaue-Laermschutzwand-mit-vertikalen-Bauteilen-1.jpg 1024w, https:\/\/rau.de\/wp-content\/uploads\/Blaue-Laermschutzwand-mit-vertikalen-Bauteilen-1-300x225.jpg 300w\" sizes=\"auto, (max-width: 1024px) 100vw, 1024px\" \/><\/div><\/div><\/div><\/div><\/div><\/div><div class=\"g-cols wpb_row us_custom_4fb9e5a3 content_text via_flex valign_top type_default stacking_default\"><div class=\"vc_col-sm-12 wpb_column vc_column_container\"><div class=\"vc_column-inner\"><div class=\"wpb_wrapper\"><div class=\"wpb_text_column mb-30\"><div class=\"wpb_wrapper\"><div>\n<div>\n<h2 class=\"XP-H2\">Verschiedene L\u00e4rmschutzelemente von RAU<\/h2>\n<p>RAU entwickelt verschiedene L\u00e4rmschutzw\u00e4nde f\u00fcr unterschiedliche Anforderungen und Gegebenheiten. So sind die gr\u00fcnen Schallschutzw\u00e4nde wie die <span style=\"color: #00ae46;\"><a style=\"color: #00ae46;\" href=\"https:\/\/rau.de\/de\/produkt\/rau-rock-extensiv-laermschutzwand\/\" target=\"_blank\" rel=\"noopener\">RAU Rock Extensiv<\/a><\/span>\u00a0 oder die <span style=\"color: #00ae46;\"><a style=\"color: #00ae46;\" href=\"https:\/\/rau.de\/de\/produkt\/rau-r1-extensiv-laermschutzwand-bauhoehe-bis-10-meter\/\" target=\"_blank\" rel=\"noopener\">RAU R1 Extensiv<\/a><\/span>, extra so konzipiert, dass sie in die H\u00f6he und m\u00f6glichst schmal gebaut werden k\u00f6nnen, um Platz zu sparen oder dort eingesetzt werden zu k\u00f6nnen, wo nicht viel Platz zur Verf\u00fcgung steht.<\/p>\n<\/div>\n<\/div>\n<div>\n<p>Unter anderem bereitet RAU unter dem Projekt <span style=\"color: #00ae46;\"><a style=\"color: #00ae46;\" href=\"https:\/\/rau.de\/de\/produkt\/rau-sanierung-neue-technik-fuer-alte-systeme\/\" target=\"_blank\" rel=\"noopener\">RAU Sanierung<\/a><\/span>\u00a0 veraltete Konzepte und L\u00e4rmschutzw\u00e4nde neu auf, erneuert diese und wandelt sie in nachhaltige L\u00e4rmschutzw\u00e4nde um. Neben den L\u00e4rmschutzw\u00e4nden aus Aluminium entwickelt RAU L\u00e4rmschutzw\u00e4nde aus <span style=\"color: #3b1717;\"><a style=\"color: #3b1717;\" href=\"https:\/\/rau.de\/de\/laermschutzwand-holz\/\" target=\"_blank\" rel=\"noopener\">Holz<\/a><\/span>, <span style=\"color: #605f61;\"><a style=\"color: #605f61;\" href=\"https:\/\/rau.de\/de\/laermschutzwand-beton\/\" target=\"_blank\" rel=\"noopener\">Beton<\/a><\/span>, <span style=\"color: #a6d0e2;\"><a style=\"color: #a6d0e2;\" href=\"https:\/\/rau.de\/de\/laermschutzwand-glas\/\" target=\"_blank\" rel=\"noopener\">Glas<\/a><\/span> oder <a href=\"https:\/\/rau.de\/de\/gruene-laermschutzwaende\/\"><span style=\"color: #00ae46;\">begr\u00fcnt<\/span><\/a>.<\/p>\n\n<table id=\"tablepress-1\" class=\"tablepress tablepress-id-1\">\n<thead>\n<tr class=\"row-1\">\n\t<th class=\"column-1\">Klimaneutraler Schallschutz<\/th><th class=\"column-2\">Robuster Schallschutz<\/th><th class=\"column-3\">Effektiver Schallschutz <\/th><th class=\"column-4\">Langlebiger Schallschutz <\/th><th class=\"column-5\">Sicherer Schallschutz <\/th>\n<\/tr>\n<\/thead>\n<tbody>\n<tr class=\"row-2\">\n\t<td class=\"column-1\">L\u00e4rmschutzwand <br\/><b>begr\u00fcnt \ud83c\udf43<\/b><\/td><td class=\"column-2\">L\u00e4rmschutzwand <br\/><b>Holz \ud83e\udeb5<\/b><\/td><td class=\"column-3\">L\u00e4rmschutzwand <br\/><b>Glas \ud83e\uddca<\/b><\/td><td class=\"column-4\">L\u00e4rmschutzwand <br\/><b>Aluminium \ud83d\udee4<\/b><\/td><td class=\"column-5\">L\u00e4rmschutzwand <br\/><b>Beton \ud83e\udea8<\/b><\/td>\n<\/tr>\n<tr class=\"row-3\">\n\t<td class=\"column-1\">\u2714 Kosteng\u00fcnstig<\/td><td class=\"column-2\">\u2714 Stabil und robust<\/td><td class=\"column-3\">\u2714 Lichtdurchl\u00e4ssigkeit<\/td><td class=\"column-4\">\u2714 L\u00e4rmschutzkassette aus Aluminium<\/td><td class=\"column-5\">\u2714 Hohe Luftschalld\u00e4mmung<\/td>\n<\/tr>\n<tr class=\"row-4\">\n\t<td class=\"column-1\">\u2714 Umweltfreundlich <\/td><td class=\"column-2\">\u2714 Zeitgem\u00e4\u00dfes Design<\/td><td class=\"column-3\">\u2714 Hohe Witterungsbest\u00e4ndigkeit und Oberfl\u00e4chenh\u00e4rte<\/td><td class=\"column-4\">\u2714 Schmal und platzsparend<\/td><td class=\"column-5\">\u2714 Robust, langlebig und widerstandsf\u00e4hig<\/td>\n<\/tr>\n<tr class=\"row-5\">\n\t<td class=\"column-1\">\u2714 Hochwirksamer Schallschutz<\/td><td class=\"column-2\">\u2714 Nat\u00fcrliche und angenehme Farbgebung <\/td><td class=\"column-3\">\u2714 Stabiles und bruchfestes Verbundsicherheitsglas oder PMMA<\/td><td class=\"column-4\">\u2714 Hochabsorbierend und reflektierend<\/td><td class=\"column-5\">\u2714 Geringer Pflegeaufwand<\/td>\n<\/tr>\n<tr class=\"row-6\">\n\t<td class=\"column-1\">\u2714 Schafft Lebensr\u00e4ume f\u00fcr Insekten und Pflanzen <\/td><td class=\"column-2\">\u2714 nachhaltiger Rohstoff <\/td><td class=\"column-3\">\u2714 Luftschalld\u00e4mmung der h\u00f6chsten Klasse<\/td><td class=\"column-4\">\u2714 Gro\u00dfe Bauh\u00f6hen und Farbvarianten m\u00f6glich\t<\/td><td class=\"column-5\">\u2714 Mit anderen L\u00e4rmschutzsystemen kombinierbar<\/td>\n<\/tr>\n<tr class=\"row-7\">\n\t<td class=\"column-1\">\u2714 Klimaneutrale Herstellung und Montage<\/td><td class=\"column-2\">\u2714 Harmoniert mit begr\u00fcnten Fl\u00e4chen <\/td><td class=\"column-3\">\u2714 Mit anderen Schallschutzelementen kombinierbar<\/td><td class=\"column-4\">\u2714 Langlebig<\/td><td class=\"column-5\">\u2714 Moderner Look<\/td>\n<\/tr>\n<tr class=\"row-8\">\n\t<td class=\"column-1\">\u2714 Langlebig und optisch ansprechend<\/td><td class=\"column-2\">\u2714 Langlebig <\/td><td class=\"column-3\">\u2714 Ideal in Wohnsiedlungen oder zwischen H\u00e4usern<\/td><td class=\"column-4\">\u2714 Begr\u00fcnbar<\/td><td class=\"column-5\">\u2714 Zertifizierte Bauweise<\/td>\n<\/tr>\n<tr class=\"row-9\">\n\t<td class=\"column-1\"><a href=\"https:\/\/rau.de\/de\/gruene-laermschutzwaende\/\"><button>Hier informieren \u2794 <\/button><a <\/a><\/td><td class=\"column-2\"><a href=\"https:\/\/rau.de\/de\/laermschutzwand-holz\/\"><button>Hier informieren \u2794 <\/button><a<\/a> <\/td><td class=\"column-3\"><a href=\"https:\/\/rau.de\/de\/laermschutzwand-glas\/\"><button>Hier informieren \u2794 <\/button><a <\/a><\/td><td class=\"column-4\"><a href=\"https:\/\/rau.de\/de\/laermschutzwand-aluminium\/\"><button>Hier informieren \u2794 <\/button><a <\/a><\/td><td class=\"column-5\"><a href=\"https:\/\/rau.de\/de\/laermschutzwand-beton\/\"><button>Hier informieren \u2794 <\/button><a <\/a><\/td>\n<\/tr>\n<\/tbody>\n<\/table>\n<!-- #tablepress-1 from cache --><\/div>\n<\/div><\/div><div class=\"wpb_text_column\"><div class=\"wpb_wrapper\"><div>\n<h2 class=\"XP-0-Standard\">Die L\u00e4rmschutzwand aus Aluminium von RAU<\/h2>\n<p>L\u00e4rmschutzw\u00e4nde aus Aluminium \u00fcberzeugen durch ihre Vielseitigkeit. Die W\u00e4nde k\u00f6nnen mit T\u00fcren, Toren oder transparenten Glaselementen ausgestattet werden, um beispielsweise in Wohnsiedlungen einen Sichtkontakt zu erm\u00f6glichen oder das Gesamtbild aufzulockern. Zudem k\u00f6nnen die W\u00e4nde begr\u00fcnt werden. Mit der Begr\u00fcnung der L\u00e4rmschutzwand aus Aluminium wird ein zus\u00e4tzlicher Lebensraum f\u00fcr Tiere und Pflanzen geschaffen und die Luftqualit\u00e4t verbessert, da Schadstoffe absorbiert werden.<\/p>\n<\/div>\n<div>\n<div>\n<p class=\"XP-0-Standard\">RAU ist der richtige Partner, wenn es um nachhaltige und individuelle L\u00e4rmschutzw\u00e4nde geht. Sie k\u00f6nnen sich telefonisch unter der <a href=\"tel:+493039748864\" target=\"_blank\" rel=\"noopener\"><i class=\"fa fa-phone-square\"><\/i> <span style=\"color: #00ae46;\">+49 (0)30 397 488 64<\/span><\/a><span style=\"color: #00ae46;\">\u00a0<\/span>von einem kompetenten Team beraten lassen.<\/p>\n<\/div>\n<\/div>\n<\/div><\/div><\/div><\/div><\/div><\/div><\/div><\/div><\/div><\/div><\/div><\/section>\n","protected":false},"excerpt":{"rendered":"L\u00e4rmschutzwand aus Aluminium \u2013 innovativ und effektivL\u00e4rmschutzw\u00e4nde kommen besonders h\u00e4ufig an viel befahrenen Stra\u00dfen, Autobahnen oder in Wohnsiedlungen zum Einsatz, um die B\u00fcrger und B\u00fcrgerinnen vor lauten Ger\u00e4uschen zu sch\u00fctzen. Ein dauerhaft erh\u00f6hter L\u00e4rmpegel kann sich negativ auf die Gesundheit auswirken, deshalb sind L\u00e4rmschutzw\u00e4nde unerl\u00e4sslich an Orten und Stellen, an dem eine erh\u00f6hte Ger\u00e4uschkulisse vorhanden...","protected":false},"author":2,"featured_media":31294,"parent":0,"menu_order":0,"comment_status":"closed","ping_status":"closed","template":"","meta":{"footnotes":""},"class_list":["post-21719","page","type-page","status-publish","has-post-thumbnail","hentry"],"yoast_head":"<!-- This site is optimized with the Yoast SEO plugin v27.5 - https:\/\/yoast.com\/product\/yoast-seo-wordpress\/ -->\n<title>L\u00e4rmschutzwand Aluminium \u2013 langlebiger Schallschutz | RAU.de<\/title>\n<meta name=\"description\" content=\"L\u00e4rmschutzwand Aluminium \u25b6 hochabsorbierend \u2713 begr\u00fcnbar \u2713 gro\u00dfe Bauh\u00f6hen m\u00f6glich \u2713 effektiv und langlebig \u25bb Jetzt auf RAU.de informieren \u2606\" \/>\n<meta name=\"robots\" content=\"index, follow, max-snippet:-1, max-image-preview:large, max-video-preview:-1\" \/>\n<link rel=\"canonical\" href=\"https:\/\/rau.de\/de\/laermschutzwand-aluminium\/\" \/>\n<meta property=\"og:locale\" content=\"de_DE\" \/>\n<meta property=\"og:type\" content=\"article\" \/>\n<meta property=\"og:title\" content=\"L\u00e4rmschutzwand Aluminium \u2013 langlebiger Schallschutz | RAU.de\" \/>\n<meta property=\"og:description\" content=\"L\u00e4rmschutzwand Aluminium \u25b6 hochabsorbierend \u2713 begr\u00fcnbar \u2713 gro\u00dfe Bauh\u00f6hen m\u00f6glich \u2713 effektiv und langlebig \u25bb Jetzt auf RAU.de informieren \u2606\" \/>\n<meta property=\"og:url\" content=\"https:\/\/rau.de\/de\/laermschutzwand-aluminium\/\" \/>\n<meta property=\"og:site_name\" content=\"Rau | L\u00e4rmschutzw\u00e4nde\" \/>\n<meta property=\"article:modified_time\" content=\"2025-03-31T13:09:25+00:00\" \/>\n<meta property=\"og:image\" content=\"https:\/\/rau.de\/wp-content\/uploads\/Blaue-Laermschutzwand-mit-vertikalen-Bauteilen-1.jpg\" \/>\n\t<meta property=\"og:image:width\" content=\"1024\" \/>\n\t<meta property=\"og:image:height\" content=\"768\" \/>\n\t<meta property=\"og:image:type\" content=\"image\/jpeg\" \/>\n<meta name=\"twitter:card\" content=\"summary_large_image\" \/>\n<meta name=\"twitter:label1\" content=\"Gesch\u00e4tzte Lesezeit\" \/>\n\t<meta name=\"twitter:data1\" content=\"3\u00a0Minuten\" \/>\n<script type=\"application\/ld+json\" class=\"yoast-schema-graph\">{\"@context\":\"https:\\\/\\\/schema.org\",\"@graph\":[{\"@type\":\"WebPage\",\"@id\":\"https:\\\/\\\/rau.de\\\/de\\\/laermschutzwand-aluminium\\\/\",\"url\":\"https:\\\/\\\/rau.de\\\/de\\\/laermschutzwand-aluminium\\\/\",\"name\":\"L\u00e4rmschutzwand Aluminium \u2013 langlebiger Schallschutz | RAU.de\",\"isPartOf\":{\"@id\":\"https:\\\/\\\/rau.de\\\/de\\\/#website\"},\"primaryImageOfPage\":{\"@id\":\"https:\\\/\\\/rau.de\\\/de\\\/laermschutzwand-aluminium\\\/#primaryimage\"},\"image\":{\"@id\":\"https:\\\/\\\/rau.de\\\/de\\\/laermschutzwand-aluminium\\\/#primaryimage\"},\"thumbnailUrl\":\"https:\\\/\\\/rau.de\\\/wp-content\\\/uploads\\\/Blaue-Laermschutzwand-mit-vertikalen-Bauteilen-1.jpg\",\"datePublished\":\"2021-08-12T11:31:08+00:00\",\"dateModified\":\"2025-03-31T13:09:25+00:00\",\"description\":\"L\u00e4rmschutzwand Aluminium \u25b6 hochabsorbierend \u2713 begr\u00fcnbar \u2713 gro\u00dfe Bauh\u00f6hen m\u00f6glich \u2713 effektiv und langlebig \u25bb Jetzt auf RAU.de informieren \u2606\",\"breadcrumb\":{\"@id\":\"https:\\\/\\\/rau.de\\\/de\\\/laermschutzwand-aluminium\\\/#breadcrumb\"},\"inLanguage\":\"de\",\"potentialAction\":[{\"@type\":\"ReadAction\",\"target\":[\"https:\\\/\\\/rau.de\\\/de\\\/laermschutzwand-aluminium\\\/\"]}]},{\"@type\":\"ImageObject\",\"inLanguage\":\"de\",\"@id\":\"https:\\\/\\\/rau.de\\\/de\\\/laermschutzwand-aluminium\\\/#primaryimage\",\"url\":\"https:\\\/\\\/rau.de\\\/wp-content\\\/uploads\\\/Blaue-Laermschutzwand-mit-vertikalen-Bauteilen-1.jpg\",\"contentUrl\":\"https:\\\/\\\/rau.de\\\/wp-content\\\/uploads\\\/Blaue-Laermschutzwand-mit-vertikalen-Bauteilen-1.jpg\",\"width\":1024,\"height\":768,\"caption\":\"Blaue L\u00e4rmschutzwand mit vertikalen Bauteilen\"},{\"@type\":\"BreadcrumbList\",\"@id\":\"https:\\\/\\\/rau.de\\\/de\\\/laermschutzwand-aluminium\\\/#breadcrumb\",\"itemListElement\":[{\"@type\":\"ListItem\",\"position\":1,\"name\":\"Startseite\",\"item\":\"https:\\\/\\\/rau.de\\\/de\\\/\"},{\"@type\":\"ListItem\",\"position\":2,\"name\":\"L\u00e4rmschutzwand aus Aluminium \u2013 innovativ und effektiv\"}]},{\"@type\":\"WebSite\",\"@id\":\"https:\\\/\\\/rau.de\\\/de\\\/#website\",\"url\":\"https:\\\/\\\/rau.de\\\/de\\\/\",\"name\":\"Rau | L\u00e4rmschutzw\u00e4nde\",\"description\":\"Entwicklung und Umsetzung von L\u00e4rmschutzwand und Schallschutzwand\",\"publisher\":{\"@id\":\"https:\\\/\\\/rau.de\\\/de\\\/#organization\"},\"potentialAction\":[{\"@type\":\"SearchAction\",\"target\":{\"@type\":\"EntryPoint\",\"urlTemplate\":\"https:\\\/\\\/rau.de\\\/de\\\/?s={search_term_string}\"},\"query-input\":{\"@type\":\"PropertyValueSpecification\",\"valueRequired\":true,\"valueName\":\"search_term_string\"}}],\"inLanguage\":\"de\"},{\"@type\":\"Organization\",\"@id\":\"https:\\\/\\\/rau.de\\\/de\\\/#organization\",\"name\":\"RAU L\u00e4rmschutzw\u00e4nde \u2013 Geosystem GBK GmbH\",\"url\":\"https:\\\/\\\/rau.de\\\/de\\\/\",\"logo\":{\"@type\":\"ImageObject\",\"inLanguage\":\"de\",\"@id\":\"https:\\\/\\\/rau.de\\\/de\\\/#\\\/schema\\\/logo\\\/image\\\/\",\"url\":\"https:\\\/\\\/rau.de\\\/wp-content\\\/uploads\\\/web_logo.png\",\"contentUrl\":\"https:\\\/\\\/rau.de\\\/wp-content\\\/uploads\\\/web_logo.png\",\"width\":249,\"height\":127,\"caption\":\"RAU L\u00e4rmschutzw\u00e4nde \u2013 Geosystem GBK GmbH\"},\"image\":{\"@id\":\"https:\\\/\\\/rau.de\\\/de\\\/#\\\/schema\\\/logo\\\/image\\\/\"}}]}<\/script>\n<!-- \/ Yoast SEO plugin. -->","yoast_head_json":{"title":"L\u00e4rmschutzwand Aluminium \u2013 langlebiger Schallschutz | RAU.de","description":"L\u00e4rmschutzwand Aluminium \u25b6 hochabsorbierend \u2713 begr\u00fcnbar \u2713 gro\u00dfe Bauh\u00f6hen m\u00f6glich \u2713 effektiv und langlebig \u25bb Jetzt auf RAU.de informieren \u2606","robots":{"index":"index","follow":"follow","max-snippet":"max-snippet:-1","max-image-preview":"max-image-preview:large","max-video-preview":"max-video-preview:-1"},"canonical":"https:\/\/rau.de\/de\/laermschutzwand-aluminium\/","og_locale":"de_DE","og_type":"article","og_title":"L\u00e4rmschutzwand Aluminium \u2013 langlebiger Schallschutz | RAU.de","og_description":"L\u00e4rmschutzwand Aluminium \u25b6 hochabsorbierend \u2713 begr\u00fcnbar \u2713 gro\u00dfe Bauh\u00f6hen m\u00f6glich \u2713 effektiv und langlebig \u25bb Jetzt auf RAU.de informieren \u2606","og_url":"https:\/\/rau.de\/de\/laermschutzwand-aluminium\/","og_site_name":"Rau | L\u00e4rmschutzw\u00e4nde","article_modified_time":"2025-03-31T13:09:25+00:00","og_image":[{"width":1024,"height":768,"url":"https:\/\/rau.de\/wp-content\/uploads\/Blaue-Laermschutzwand-mit-vertikalen-Bauteilen-1.jpg","type":"image\/jpeg"}],"twitter_card":"summary_large_image","twitter_misc":{"Gesch\u00e4tzte Lesezeit":"3\u00a0Minuten"},"schema":{"@context":"https:\/\/schema.org","@graph":[{"@type":"WebPage","@id":"https:\/\/rau.de\/de\/laermschutzwand-aluminium\/","url":"https:\/\/rau.de\/de\/laermschutzwand-aluminium\/","name":"L\u00e4rmschutzwand Aluminium \u2013 langlebiger Schallschutz | RAU.de","isPartOf":{"@id":"https:\/\/rau.de\/de\/#website"},"primaryImageOfPage":{"@id":"https:\/\/rau.de\/de\/laermschutzwand-aluminium\/#primaryimage"},"image":{"@id":"https:\/\/rau.de\/de\/laermschutzwand-aluminium\/#primaryimage"},"thumbnailUrl":"https:\/\/rau.de\/wp-content\/uploads\/Blaue-Laermschutzwand-mit-vertikalen-Bauteilen-1.jpg","datePublished":"2021-08-12T11:31:08+00:00","dateModified":"2025-03-31T13:09:25+00:00","description":"L\u00e4rmschutzwand Aluminium \u25b6 hochabsorbierend \u2713 begr\u00fcnbar \u2713 gro\u00dfe Bauh\u00f6hen m\u00f6glich \u2713 effektiv und langlebig \u25bb Jetzt auf RAU.de informieren \u2606","breadcrumb":{"@id":"https:\/\/rau.de\/de\/laermschutzwand-aluminium\/#breadcrumb"},"inLanguage":"de","potentialAction":[{"@type":"ReadAction","target":["https:\/\/rau.de\/de\/laermschutzwand-aluminium\/"]}]},{"@type":"ImageObject","inLanguage":"de","@id":"https:\/\/rau.de\/de\/laermschutzwand-aluminium\/#primaryimage","url":"https:\/\/rau.de\/wp-content\/uploads\/Blaue-Laermschutzwand-mit-vertikalen-Bauteilen-1.jpg","contentUrl":"https:\/\/rau.de\/wp-content\/uploads\/Blaue-Laermschutzwand-mit-vertikalen-Bauteilen-1.jpg","width":1024,"height":768,"caption":"Blaue L\u00e4rmschutzwand mit vertikalen Bauteilen"},{"@type":"BreadcrumbList","@id":"https:\/\/rau.de\/de\/laermschutzwand-aluminium\/#breadcrumb","itemListElement":[{"@type":"ListItem","position":1,"name":"Startseite","item":"https:\/\/rau.de\/de\/"},{"@type":"ListItem","position":2,"name":"L\u00e4rmschutzwand aus Aluminium \u2013 innovativ und effektiv"}]},{"@type":"WebSite","@id":"https:\/\/rau.de\/de\/#website","url":"https:\/\/rau.de\/de\/","name":"Rau | L\u00e4rmschutzw\u00e4nde","description":"Entwicklung und Umsetzung von L\u00e4rmschutzwand und Schallschutzwand","publisher":{"@id":"https:\/\/rau.de\/de\/#organization"},"potentialAction":[{"@type":"SearchAction","target":{"@type":"EntryPoint","urlTemplate":"https:\/\/rau.de\/de\/?s={search_term_string}"},"query-input":{"@type":"PropertyValueSpecification","valueRequired":true,"valueName":"search_term_string"}}],"inLanguage":"de"},{"@type":"Organization","@id":"https:\/\/rau.de\/de\/#organization","name":"RAU L\u00e4rmschutzw\u00e4nde \u2013 Geosystem GBK GmbH","url":"https:\/\/rau.de\/de\/","logo":{"@type":"ImageObject","inLanguage":"de","@id":"https:\/\/rau.de\/de\/#\/schema\/logo\/image\/","url":"https:\/\/rau.de\/wp-content\/uploads\/web_logo.png","contentUrl":"https:\/\/rau.de\/wp-content\/uploads\/web_logo.png","width":249,"height":127,"caption":"RAU L\u00e4rmschutzw\u00e4nde \u2013 Geosystem GBK GmbH"},"image":{"@id":"https:\/\/rau.de\/de\/#\/schema\/logo\/image\/"}}]}},"_links":{"self":[{"href":"https:\/\/rau.de\/de\/wp-json\/wp\/v2\/pages\/21719","targetHints":{"allow":["GET"]}}],"collection":[{"href":"https:\/\/rau.de\/de\/wp-json\/wp\/v2\/pages"}],"about":[{"href":"https:\/\/rau.de\/de\/wp-json\/wp\/v2\/types\/page"}],"author":[{"embeddable":true,"href":"https:\/\/rau.de\/de\/wp-json\/wp\/v2\/users\/2"}],"replies":[{"embeddable":true,"href":"https:\/\/rau.de\/de\/wp-json\/wp\/v2\/comments?post=21719"}],"version-history":[{"count":31,"href":"https:\/\/rau.de\/de\/wp-json\/wp\/v2\/pages\/21719\/revisions"}],"predecessor-version":[{"id":31918,"href":"https:\/\/rau.de\/de\/wp-json\/wp\/v2\/pages\/21719\/revisions\/31918"}],"wp:featuredmedia":[{"embeddable":true,"href":"https:\/\/rau.de\/de\/wp-json\/wp\/v2\/media\/31294"}],"wp:attachment":[{"href":"https:\/\/rau.de\/de\/wp-json\/wp\/v2\/media?parent=21719"}],"curies":[{"name":"wp","href":"https:\/\/api.w.org\/{rel}","templated":true}]}}