{"id":20649,"date":"2021-06-29T11:02:49","date_gmt":"2021-06-29T09:02:49","guid":{"rendered":"https:\/\/rau.de\/?page_id=20649"},"modified":"2025-02-07T14:30:51","modified_gmt":"2025-02-07T13:30:51","slug":"poing","status":"publish","type":"page","link":"https:\/\/rau.de\/de\/poing\/","title":{"rendered":"Poing"},"content":{"rendered":"<section class=\"l-section wpb_row height_medium full_height valign_center with_img parallax_fixed\" id=\"kontakt\"><div class=\"l-section-img\" role=\"img\" data-img-width=\"2000\" data-img-height=\"1122\" style=\"background-image: url(https:\/\/rau.de\/wp-content\/uploads\/bg.jpg);\"><\/div><div class=\"l-section-h i-cf\"><div class=\"g-cols vc_row via_flex valign_top type_default stacking_default\"><div class=\"vc_col-sm-12 wpb_column vc_column_container\"><div class=\"vc_column-inner\"><div class=\"wpb_wrapper\"><div class=\"g-cols wpb_row content_top via_flex valign_top type_default stacking_default\"><div class=\"vc_col-sm-12 wpb_column vc_column_container\"><div class=\"vc_column-inner\"><div class=\"wpb_wrapper\"><h1 class=\"w-post-elm post_title entry-title color_link_inherit\">Poing<\/h1><\/div><\/div><\/div><\/div><div class=\"g-cols wpb_row us_custom_4fb9e5a3 content_text via_flex valign_top type_default stacking_default\"><div class=\"vc_col-sm-6 wpb_column vc_column_container\"><div class=\"vc_column-inner\"><div class=\"wpb_wrapper\"><div class=\"w-image align_none\"><div class=\"w-image-h\"><img loading=\"lazy\" decoding=\"async\" width=\"1024\" height=\"768\" src=\"https:\/\/rau.de\/wp-content\/uploads\/R3BBGPinneberg2-1-1024x768.jpg\" class=\"attachment-large size-large\" alt=\"\" srcset=\"https:\/\/rau.de\/wp-content\/uploads\/R3BBGPinneberg2-1-1024x768.jpg 1024w, https:\/\/rau.de\/wp-content\/uploads\/R3BBGPinneberg2-1-300x225.jpg 300w, https:\/\/rau.de\/wp-content\/uploads\/R3BBGPinneberg2-1.jpg 1600w\" sizes=\"auto, (max-width: 1024px) 100vw, 1024px\" \/><\/div><\/div><div class=\"w-separator size_small\"><\/div><\/div><\/div><\/div><div class=\"vc_col-sm-6 wpb_column vc_column_container\"><div class=\"vc_column-inner\"><div class=\"wpb_wrapper\"><div class=\"w-image align_none\"><div class=\"w-image-h\"><img loading=\"lazy\" decoding=\"async\" width=\"1024\" height=\"768\" src=\"https:\/\/rau.de\/wp-content\/uploads\/R3BBGPinneberg1-1-1024x768.jpg\" class=\"attachment-large size-large\" alt=\"\" srcset=\"https:\/\/rau.de\/wp-content\/uploads\/R3BBGPinneberg1-1-1024x768.jpg 1024w, https:\/\/rau.de\/wp-content\/uploads\/R3BBGPinneberg1-1-300x225.jpg 300w, https:\/\/rau.de\/wp-content\/uploads\/R3BBGPinneberg1-1.jpg 1600w\" sizes=\"auto, (max-width: 1024px) 100vw, 1024px\" \/><\/div><\/div><div class=\"w-separator size_small\"><\/div><\/div><\/div><\/div><\/div><\/div><\/div><\/div><\/div><\/div><\/section>\n","protected":false},"excerpt":{"rendered":"Poing","protected":false},"author":2,"featured_media":30986,"parent":0,"menu_order":0,"comment_status":"closed","ping_status":"closed","template":"","meta":{"footnotes":""},"class_list":["post-20649","page","type-page","status-publish","has-post-thumbnail","hentry"],"yoast_head":"<!-- This site is optimized with the Yoast SEO plugin v27.4 - https:\/\/yoast.com\/product\/yoast-seo-wordpress\/ -->\n<title>Poing | Begr\u00fcnter L\u00e4rmschutz mit RAU L\u00e4rmschutzw\u00e4nden !<\/title>\n<meta name=\"description\" content=\"Poing | Entwicklung und Umsetzung von begr\u00fcnten L\u00e4rmschutzw\u00e4nden an Stra\u00dfen, Bahnstrecken und Wohngebieten. \ud83d\udd07| rau.de\" \/>\n<meta name=\"robots\" content=\"index, follow, max-snippet:-1, max-image-preview:large, max-video-preview:-1\" \/>\n<link rel=\"canonical\" href=\"https:\/\/rau.de\/de\/poing\/\" \/>\n<meta property=\"og:locale\" content=\"de_DE\" \/>\n<meta property=\"og:type\" content=\"article\" \/>\n<meta property=\"og:title\" content=\"Poing | Begr\u00fcnter L\u00e4rmschutz mit RAU L\u00e4rmschutzw\u00e4nden !\" \/>\n<meta property=\"og:description\" content=\"Poing | Entwicklung und Umsetzung von begr\u00fcnten L\u00e4rmschutzw\u00e4nden an Stra\u00dfen, Bahnstrecken und Wohngebieten. \ud83d\udd07| rau.de\" \/>\n<meta property=\"og:url\" content=\"https:\/\/rau.de\/de\/poing\/\" \/>\n<meta property=\"og:site_name\" content=\"Rau | L\u00e4rmschutzw\u00e4nde\" \/>\n<meta property=\"article:modified_time\" content=\"2025-02-07T13:30:51+00:00\" \/>\n<meta property=\"og:image\" content=\"https:\/\/rau.de\/wp-content\/uploads\/Leicht-begruente-Laermschutzwand-entlang-einer-unbefestigten-Strasse-1.jpg\" \/>\n\t<meta property=\"og:image:width\" content=\"350\" \/>\n\t<meta property=\"og:image:height\" content=\"350\" \/>\n\t<meta property=\"og:image:type\" content=\"image\/jpeg\" \/>\n<meta name=\"twitter:card\" content=\"summary_large_image\" \/>\n<meta name=\"twitter:label1\" content=\"Gesch\u00e4tzte Lesezeit\" \/>\n\t<meta name=\"twitter:data1\" content=\"1\u00a0Minute\" \/>\n<script type=\"application\/ld+json\" class=\"yoast-schema-graph\">{\"@context\":\"https:\\\/\\\/schema.org\",\"@graph\":[{\"@type\":\"WebPage\",\"@id\":\"https:\\\/\\\/rau.de\\\/de\\\/poing\\\/\",\"url\":\"https:\\\/\\\/rau.de\\\/de\\\/poing\\\/\",\"name\":\"Poing | Begr\u00fcnter L\u00e4rmschutz mit RAU L\u00e4rmschutzw\u00e4nden !\",\"isPartOf\":{\"@id\":\"https:\\\/\\\/rau.de\\\/de\\\/#website\"},\"primaryImageOfPage\":{\"@id\":\"https:\\\/\\\/rau.de\\\/de\\\/poing\\\/#primaryimage\"},\"image\":{\"@id\":\"https:\\\/\\\/rau.de\\\/de\\\/poing\\\/#primaryimage\"},\"thumbnailUrl\":\"https:\\\/\\\/rau.de\\\/wp-content\\\/uploads\\\/Leicht-begruente-Laermschutzwand-entlang-einer-unbefestigten-Strasse-1.jpg\",\"datePublished\":\"2021-06-29T09:02:49+00:00\",\"dateModified\":\"2025-02-07T13:30:51+00:00\",\"description\":\"Poing | Entwicklung und Umsetzung von begr\u00fcnten L\u00e4rmschutzw\u00e4nden an Stra\u00dfen, Bahnstrecken und Wohngebieten. \ud83d\udd07| rau.de\",\"breadcrumb\":{\"@id\":\"https:\\\/\\\/rau.de\\\/de\\\/poing\\\/#breadcrumb\"},\"inLanguage\":\"de\",\"potentialAction\":[{\"@type\":\"ReadAction\",\"target\":[\"https:\\\/\\\/rau.de\\\/de\\\/poing\\\/\"]}]},{\"@type\":\"ImageObject\",\"inLanguage\":\"de\",\"@id\":\"https:\\\/\\\/rau.de\\\/de\\\/poing\\\/#primaryimage\",\"url\":\"https:\\\/\\\/rau.de\\\/wp-content\\\/uploads\\\/Leicht-begruente-Laermschutzwand-entlang-einer-unbefestigten-Strasse-1.jpg\",\"contentUrl\":\"https:\\\/\\\/rau.de\\\/wp-content\\\/uploads\\\/Leicht-begruente-Laermschutzwand-entlang-einer-unbefestigten-Strasse-1.jpg\",\"width\":350,\"height\":350,\"caption\":\"Leicht begr\u00fcnte L\u00e4rmschutzwand entlang einer unbefestigten Stra\u00dfe\"},{\"@type\":\"BreadcrumbList\",\"@id\":\"https:\\\/\\\/rau.de\\\/de\\\/poing\\\/#breadcrumb\",\"itemListElement\":[{\"@type\":\"ListItem\",\"position\":1,\"name\":\"Startseite\",\"item\":\"https:\\\/\\\/rau.de\\\/de\\\/\"},{\"@type\":\"ListItem\",\"position\":2,\"name\":\"Poing\"}]},{\"@type\":\"WebSite\",\"@id\":\"https:\\\/\\\/rau.de\\\/de\\\/#website\",\"url\":\"https:\\\/\\\/rau.de\\\/de\\\/\",\"name\":\"Rau | L\u00e4rmschutzw\u00e4nde\",\"description\":\"Entwicklung und Umsetzung von L\u00e4rmschutzwand und Schallschutzwand\",\"publisher\":{\"@id\":\"https:\\\/\\\/rau.de\\\/de\\\/#organization\"},\"potentialAction\":[{\"@type\":\"SearchAction\",\"target\":{\"@type\":\"EntryPoint\",\"urlTemplate\":\"https:\\\/\\\/rau.de\\\/de\\\/?s={search_term_string}\"},\"query-input\":{\"@type\":\"PropertyValueSpecification\",\"valueRequired\":true,\"valueName\":\"search_term_string\"}}],\"inLanguage\":\"de\"},{\"@type\":\"Organization\",\"@id\":\"https:\\\/\\\/rau.de\\\/de\\\/#organization\",\"name\":\"RAU L\u00e4rmschutzw\u00e4nde \u2013 Geosystem GBK GmbH\",\"url\":\"https:\\\/\\\/rau.de\\\/de\\\/\",\"logo\":{\"@type\":\"ImageObject\",\"inLanguage\":\"de\",\"@id\":\"https:\\\/\\\/rau.de\\\/de\\\/#\\\/schema\\\/logo\\\/image\\\/\",\"url\":\"https:\\\/\\\/rau.de\\\/wp-content\\\/uploads\\\/web_logo.png\",\"contentUrl\":\"https:\\\/\\\/rau.de\\\/wp-content\\\/uploads\\\/web_logo.png\",\"width\":249,\"height\":127,\"caption\":\"RAU L\u00e4rmschutzw\u00e4nde \u2013 Geosystem GBK GmbH\"},\"image\":{\"@id\":\"https:\\\/\\\/rau.de\\\/de\\\/#\\\/schema\\\/logo\\\/image\\\/\"}}]}<\/script>\n<!-- \/ Yoast SEO plugin. -->","yoast_head_json":{"title":"Poing | Begr\u00fcnter L\u00e4rmschutz mit RAU L\u00e4rmschutzw\u00e4nden !","description":"Poing | Entwicklung und Umsetzung von begr\u00fcnten L\u00e4rmschutzw\u00e4nden an Stra\u00dfen, Bahnstrecken und Wohngebieten. \ud83d\udd07| rau.de","robots":{"index":"index","follow":"follow","max-snippet":"max-snippet:-1","max-image-preview":"max-image-preview:large","max-video-preview":"max-video-preview:-1"},"canonical":"https:\/\/rau.de\/de\/poing\/","og_locale":"de_DE","og_type":"article","og_title":"Poing | Begr\u00fcnter L\u00e4rmschutz mit RAU L\u00e4rmschutzw\u00e4nden !","og_description":"Poing | Entwicklung und Umsetzung von begr\u00fcnten L\u00e4rmschutzw\u00e4nden an Stra\u00dfen, Bahnstrecken und Wohngebieten. \ud83d\udd07| rau.de","og_url":"https:\/\/rau.de\/de\/poing\/","og_site_name":"Rau | L\u00e4rmschutzw\u00e4nde","article_modified_time":"2025-02-07T13:30:51+00:00","og_image":[{"width":350,"height":350,"url":"https:\/\/rau.de\/wp-content\/uploads\/Leicht-begruente-Laermschutzwand-entlang-einer-unbefestigten-Strasse-1.jpg","type":"image\/jpeg"}],"twitter_card":"summary_large_image","twitter_misc":{"Gesch\u00e4tzte Lesezeit":"1\u00a0Minute"},"schema":{"@context":"https:\/\/schema.org","@graph":[{"@type":"WebPage","@id":"https:\/\/rau.de\/de\/poing\/","url":"https:\/\/rau.de\/de\/poing\/","name":"Poing | Begr\u00fcnter L\u00e4rmschutz mit RAU L\u00e4rmschutzw\u00e4nden !","isPartOf":{"@id":"https:\/\/rau.de\/de\/#website"},"primaryImageOfPage":{"@id":"https:\/\/rau.de\/de\/poing\/#primaryimage"},"image":{"@id":"https:\/\/rau.de\/de\/poing\/#primaryimage"},"thumbnailUrl":"https:\/\/rau.de\/wp-content\/uploads\/Leicht-begruente-Laermschutzwand-entlang-einer-unbefestigten-Strasse-1.jpg","datePublished":"2021-06-29T09:02:49+00:00","dateModified":"2025-02-07T13:30:51+00:00","description":"Poing | Entwicklung und Umsetzung von begr\u00fcnten L\u00e4rmschutzw\u00e4nden an Stra\u00dfen, Bahnstrecken und Wohngebieten. \ud83d\udd07| rau.de","breadcrumb":{"@id":"https:\/\/rau.de\/de\/poing\/#breadcrumb"},"inLanguage":"de","potentialAction":[{"@type":"ReadAction","target":["https:\/\/rau.de\/de\/poing\/"]}]},{"@type":"ImageObject","inLanguage":"de","@id":"https:\/\/rau.de\/de\/poing\/#primaryimage","url":"https:\/\/rau.de\/wp-content\/uploads\/Leicht-begruente-Laermschutzwand-entlang-einer-unbefestigten-Strasse-1.jpg","contentUrl":"https:\/\/rau.de\/wp-content\/uploads\/Leicht-begruente-Laermschutzwand-entlang-einer-unbefestigten-Strasse-1.jpg","width":350,"height":350,"caption":"Leicht begr\u00fcnte L\u00e4rmschutzwand entlang einer unbefestigten Stra\u00dfe"},{"@type":"BreadcrumbList","@id":"https:\/\/rau.de\/de\/poing\/#breadcrumb","itemListElement":[{"@type":"ListItem","position":1,"name":"Startseite","item":"https:\/\/rau.de\/de\/"},{"@type":"ListItem","position":2,"name":"Poing"}]},{"@type":"WebSite","@id":"https:\/\/rau.de\/de\/#website","url":"https:\/\/rau.de\/de\/","name":"Rau | L\u00e4rmschutzw\u00e4nde","description":"Entwicklung und Umsetzung von L\u00e4rmschutzwand und Schallschutzwand","publisher":{"@id":"https:\/\/rau.de\/de\/#organization"},"potentialAction":[{"@type":"SearchAction","target":{"@type":"EntryPoint","urlTemplate":"https:\/\/rau.de\/de\/?s={search_term_string}"},"query-input":{"@type":"PropertyValueSpecification","valueRequired":true,"valueName":"search_term_string"}}],"inLanguage":"de"},{"@type":"Organization","@id":"https:\/\/rau.de\/de\/#organization","name":"RAU L\u00e4rmschutzw\u00e4nde \u2013 Geosystem GBK GmbH","url":"https:\/\/rau.de\/de\/","logo":{"@type":"ImageObject","inLanguage":"de","@id":"https:\/\/rau.de\/de\/#\/schema\/logo\/image\/","url":"https:\/\/rau.de\/wp-content\/uploads\/web_logo.png","contentUrl":"https:\/\/rau.de\/wp-content\/uploads\/web_logo.png","width":249,"height":127,"caption":"RAU L\u00e4rmschutzw\u00e4nde \u2013 Geosystem GBK GmbH"},"image":{"@id":"https:\/\/rau.de\/de\/#\/schema\/logo\/image\/"}}]}},"_links":{"self":[{"href":"https:\/\/rau.de\/de\/wp-json\/wp\/v2\/pages\/20649","targetHints":{"allow":["GET"]}}],"collection":[{"href":"https:\/\/rau.de\/de\/wp-json\/wp\/v2\/pages"}],"about":[{"href":"https:\/\/rau.de\/de\/wp-json\/wp\/v2\/types\/page"}],"author":[{"embeddable":true,"href":"https:\/\/rau.de\/de\/wp-json\/wp\/v2\/users\/2"}],"replies":[{"embeddable":true,"href":"https:\/\/rau.de\/de\/wp-json\/wp\/v2\/comments?post=20649"}],"version-history":[{"count":1,"href":"https:\/\/rau.de\/de\/wp-json\/wp\/v2\/pages\/20649\/revisions"}],"predecessor-version":[{"id":20676,"href":"https:\/\/rau.de\/de\/wp-json\/wp\/v2\/pages\/20649\/revisions\/20676"}],"wp:featuredmedia":[{"embeddable":true,"href":"https:\/\/rau.de\/de\/wp-json\/wp\/v2\/media\/30986"}],"wp:attachment":[{"href":"https:\/\/rau.de\/de\/wp-json\/wp\/v2\/media?parent=20649"}],"curies":[{"name":"wp","href":"https:\/\/api.w.org\/{rel}","templated":true}]}}