{"id":15462,"date":"2021-02-18T17:30:48","date_gmt":"2021-02-18T16:30:48","guid":{"rendered":"https:\/\/rau.de\/?page_id=15462"},"modified":"2024-10-17T15:13:09","modified_gmt":"2024-10-17T13:13:09","slug":"rau-laermschutzwand-kosten-und-faktoren","status":"publish","type":"page","link":"https:\/\/rau.de\/de\/rau-laermschutzwand-kosten-und-faktoren\/","title":{"rendered":"Rau L\u00e4rmschutzwand: Kosten und Faktoren"},"content":{"rendered":"<section class=\"l-section wpb_row height_medium full_height valign_center with_img parallax_fixed\" id=\"kontakt\"><div class=\"l-section-img\" role=\"img\" data-img-width=\"2000\" data-img-height=\"1122\" style=\"background-image: url(https:\/\/rau.de\/wp-content\/uploads\/bg.jpg);\"><\/div><div class=\"l-section-h i-cf\"><div class=\"g-cols vc_row via_flex valign_top type_default stacking_default\"><div class=\"vc_col-sm-12 wpb_column vc_column_container\"><div class=\"vc_column-inner\"><div class=\"wpb_wrapper\"><div class=\"g-cols wpb_row content_top via_flex valign_top type_default stacking_default\"><div class=\"vc_col-sm-12 wpb_column vc_column_container\"><div class=\"vc_column-inner\"><div class=\"wpb_wrapper\"><h1 class=\"w-post-elm post_title entry-title color_link_inherit\">Rau L\u00e4rmschutzwand: Kosten und Faktoren<\/h1><\/div><\/div><\/div><\/div><div class=\"g-cols wpb_row us_custom_4fb9e5a3 content_text via_flex valign_top type_default stacking_default\"><div class=\"vc_col-sm-12 wpb_column vc_column_container\"><div class=\"vc_column-inner\"><div class=\"wpb_wrapper\"><div class=\"wpb_text_column\"><div class=\"wpb_wrapper\"><p class=\"XP-0-Standard\">Begr\u00fcnte L\u00e4rmschutzw\u00e4nde bringen eine Vielzahl an Vorteilen mit sich. Sie schaffen Sichtbarrieren zwischen vielbefahrenen Stra\u00dfen oder Industrie und der angrenzenden Umgebung und sch\u00fctzen Wohngebiete vor L\u00e4rm von Auto- und Bahnverkehr. Die gr\u00fcnen L\u00e4rmschutzw\u00e4nde von RAU sind au\u00dferdem zu 100 Prozent \u00f6kologisch. So sorgt der L\u00e4rmschutz mit seiner nat\u00fcrlichen Optik f\u00fcr ein pflanzenums\u00e4umtes Ambiente und schafft sowohl optische als auch akustische Barrieren.<\/p>\n<\/div><\/div><div class=\"w-separator size_medium\"><\/div><div class=\"wpb_text_column\"><div class=\"wpb_wrapper\"><h2>Das bieten Ihnen die L\u00e4rmschutzw\u00e4nde von RAU<\/h2>\n<p>Die L\u00e4rmschutzw\u00e4nde von RAU \u00fcberzeugen neben den preisg\u00fcnstigen Angeboten au\u00dferdem durch ihre nachhaltigen Eigenschaften. Sie sind<\/p>\n<ul>\n<li>feinstaubreduzierend<\/li>\n<li>pflege- und wartungsarm<\/li>\n<li>kosteng\u00fcnstig<\/li>\n<li>hochabsorbierend<\/li>\n<li>100 Prozent \u00f6kologisch<\/li>\n<\/ul>\n<p class=\"XP-0-Standard\">Um die passende L\u00e4rmschutzwand f\u00fcr Ihre Bed\u00fcrfnisse zu errichten, begutachten unsere Ingenieure vor Baubeginn die Gegebenheiten. Dazu geh\u00f6ren unter anderem Platz, Lage und Wandh\u00f6he. So k\u00f6nnen wir auch f\u00fcr Sie eine ma\u00dfgeschneiderte umweltfreundliche L\u00e4rmschutzwand ganz nach Ihren W\u00fcnschen planen und bauen.<\/p>\n<p class=\"XP-0-Standard\">Mit welchen Kosten m\u00fcssen Sie bei Ihrem Bauprojekt rechnen? Der Preis der L\u00e4rmschutzwand h\u00e4ngt von unterschiedlichen Faktoren ab, wie beispielsweise <b>Gr\u00f6\u00dfe<\/b>, <b>Bauart<\/b>, <b>Schwierigkeiten<\/b> w\u00e4hrend des Bauprozesses aber auch, f\u00fcr welches <b>Produkt<\/b> Sie sich entscheiden.<\/p>\n<h2 class=\"XP-H2\">Was kostet eine L\u00e4rmschutzwand?<\/h2>\n<p class=\"XP-0-Standard\">Die Kosten f\u00fcr Ihre Wand von RAU h\u00e4ngen von einer Vielzahl unterschiedlicher Faktoren ab. F\u00fcr einen endg\u00fcltigen Preis k\u00f6nnen Sie sich gerne von unserem Expertenteam beraten lassen. Wir verbinden nachhaltiges Bauen mit ansprechendem Design und umfassendem technischen Wissen. Und das vor, w\u00e4hrend und nach dem Bau Ihrer modularen L\u00e4rmschutzwand. Die begr\u00fcnte Schalld\u00e4mmung wird aus UV-sicheren Materialien gebaut und ist besonders korrosionsbest\u00e4ndig, wodurch Sie sich hohe Wartungskosten sparen k\u00f6nnen. Eine nachhaltige Investition in vielerlei Hinsicht.<\/p>\n<h2 class=\"XP-H2\">Welche Faktoren beeinflussen die Kosten f\u00fcr L\u00e4rmschutzw\u00e4nde?<\/h2>\n<p>Jedes Bauwerk ist ein Unikat, das individuell auf die Umgebungsbedingungen angepasst werden muss. Das gilt f\u00fcr H\u00e4user ebenso wie auch f\u00fcr L\u00e4rmschutzw\u00e4nde. Dabei gibt es einige Faktoren, die den Aufwand und die Dauer der Herstellung und der Installation ma\u00dfgeblich beeinflussen. Dazu geh\u00f6ren<\/p>\n<ul>\n<li>das von Ihnen gew\u00e4hlte Modell<\/li>\n<li>Abmessung und Geometrie<\/li>\n<li>Art der Gr\u00fcndung<\/li>\n<li>die Zug\u00e4nglichkeit und Erreichbarkeit des Bauplatzes<\/li>\n<li>die Beschaffenheit des Baugrundes<\/li>\n<li>Klima- und Wetterbedingungen wie Wind- und Erdbebenzonen<\/li>\n<\/ul>\n<h3 class=\"XP-H3\">Faktor 1: Ihre RAU-Produktwahl<\/h3>\n<p class=\"XP-0-Standard\">Bei RAU k\u00f6nnen Sie aus verschiedenen L\u00e4rmschutzw\u00e4nden w\u00e4hlen, die vor Ort auf die jeweiligen Gegebenheiten angepasst werden und somit genau f\u00fcr die vor Ort herrschenden Bed\u00fcrfnisse ausgerichtet sind. W\u00e4hlen Sie zwischen:<\/p>\n<ul>\n<li><a href=\"https:\/\/rau.de\/de\/produkt\/rau-klimawand\/\" target=\"_blank\" rel=\"noopener\"><strong>RAU Klimawand (R3) L\u00e4rmschutzwand<\/strong><\/a><\/li>\n<li><a href=\"https:\/\/rau.de\/de\/produkt\/rau-alpin-bauhoehe-bis-10-meter\/\" target=\"_blank\" rel=\"noopener\"><strong>RAU Alpin-Schallschutzwand<\/strong><\/a><\/li>\n<li><strong><a href=\"https:\/\/rau.de\/de\/produkt\/rau-rock-extensiv-laermschutzwand\/\" target=\"_blank\" rel=\"noopener\">RAU Rock Extensiv-L\u00e4rmschutzwand<\/a><\/strong><\/li>\n<li><strong><a style=\"font-family: inherit;\" href=\"https:\/\/rau.de\/de\/produkt\/rau-r1-extensiv-laermschutzwand-bauhoehe-bis-10-meter\/\" target=\"_blank\" rel=\"noopener\">RAU R1 Extensiv L\u00e4rmschutzwand<\/a> <\/strong><\/li>\n<li><a href=\"https:\/\/rau.de\/de\/produkt\/rau-photovoltaik-bauhoehe-bis-10-meter\/\" target=\"_blank\" rel=\"noopener\"><strong>RAU Photovoltaik-L\u00e4rmschutzwand<\/strong><\/a><\/li>\n<li><a href=\"https:\/\/rau.de\/de\/produkt\/rau-rock-mobil-einfach-schnell-mietbar\/\" target=\"_blank\" rel=\"noopener\"><strong>RAU Rock Mobil<\/strong><\/a><\/li>\n<\/ul>\n<p>Je nachdem, ob Sie sich f\u00fcr die RAU Photovoltaik-, Rock Extensiv-L\u00e4rmschutzwand, die Alpin-Schalschutzwand, RAU Rock Mobil, RAU R1 oder die RAU R3 entscheiden, k\u00f6nnen die Kosten variieren. Wir finden gemeinsam mit Ihnen heraus, welches Modell am besten zu Ihren Anspr\u00fcchen passt.<\/p>\n<h3>Faktor 2: Abmessung und Geometrie Ihrer Schalld\u00e4mmung<\/h3>\n<p class=\"XP-0-Standard\">Ein weiterer wichtiger Faktor f\u00fcr die Preisermittlung sind die Abmessung sowie die Geometrie der von Ihnen gew\u00e4hlten L\u00e4rmschutzwand. Abh\u00e4ngig von der Umgebung, dem Untergrund und den Fl\u00e4chenanspr\u00fcchen passen wir die Schallschutzw\u00e4nde in <b>L\u00e4nge<\/b> und <b>H\u00f6he<\/b> f\u00fcr Sie an. Des Weiteren kann die <b>Anzahl der Ecken<\/b> eine Rolle spielen sowie individuelle Anpassungen durch <b>H\u00f6henvorspr\u00fcnge<\/b>.<\/p>\n<h3 class=\"XP-H3\">Faktor 3: Art der Gr\u00fcndung<\/h3>\n<p class=\"XP-0-Standard\">Was die Art der Gr\u00fcndung betrifft, k\u00f6nnen Sie zwischen der <b>Tiefgr\u00fcndung<\/b> und der <b>Flachgr\u00fcndung<\/b> entscheiden. W\u00e4hrend f\u00fcr das Anlegen der Tiefgr\u00fcndung \u2013 auch Pfahlgr\u00fcndung genannt \u2013 Spezialtiefbaumaschinen notwendig sind und der Bau somit vergleichsweise kostenintensiv ist, ist die Flachgr\u00fcndung sehr preiswert. Hierzu werden Einzelfundamente in eine Schottertragschicht gegossen. Die Flachgr\u00fcndungs-L\u00e4rmschutzwand RAU R3 ist ein Beispiel f\u00fcr eine kosteng\u00fcnstige Variante gr\u00fcner Schutzw\u00e4nde.<\/p>\n<h3 class=\"XP-H3\">Faktor 4: Zug\u00e4nglichkeit beim Bau<\/h3>\n<p class=\"XP-0-Standard\">Ist die Baustelle Ihrer L\u00e4rmschutzwand mit schweren Erdbaumaschinen zug\u00e4nglich? Oder sind die Anfahrts- und Baubedingungen erschwert, weshalb alternative Bauverfahren zum Einsatz kommen m\u00fcssen, die zeitgleich l\u00e4ngere Bauzeiten erfordern? Die H\u00f6he der Kosten f\u00fcr die Errichtung Ihrer RAU L\u00e4rmschutzwand h\u00e4ngt von der Zug\u00e4nglichkeit bei der Errichtung der \u00f6kologischen Wand ab.<\/p>\n<h3 class=\"XP-H3\">Weitere Faktoren, die den Preis Ihrer L\u00e4rmschutzwand beeinflussen<\/h3>\n<p>Neben dem von Ihnen gew\u00e4hlten Produkt, der Abmessung und Geometrie, der Art der Gr\u00fcndung und der Zug\u00e4nglichkeit flie\u00dfen noch weitere externe Faktoren in die Kostenberechnung ein:<\/p>\n<ul>\n<li><strong>Platzverh\u00e4ltnisse<\/strong>: Wie einfach ist es, die Sicht- und Schall-Barriere an dem von Ihnen gew\u00fcnschten Ort zu errichten?<\/li>\n<li><strong>Baugrundbeschaffenheit<\/strong>: Welche Maschinen und welches Fundament werden ben\u00f6tigt?<\/li>\n<li><strong>Windzonen<\/strong>: Wie wirken sich die Wetterverh\u00e4ltnisse vor Ort auf die zuk\u00fcnftige L\u00e4rmschutzwand aus?<\/li>\n<li><strong>Erdbebenzonen<\/strong>: Liegt der Bauplatz geographisch in einer Erdbebenzone?<\/li>\n<\/ul>\n<h2>Die RAU Klimawand (R3): Kosten und Vorteile<\/h2>\n<p class=\"XP-0-Standard\">Die bis zu zw\u00f6lf Meter hohe L\u00e4rmschutzwand RAU Klimawand (R3) bringt den Vorteil mit sich, dass ca. 98 Prozent des verbauten Materials direkt am Ort des Bauvorhabens gewonnen werden k\u00f6nnen. Das bedeutet im Umkehrschluss, dass der Transport g\u00fcnstig ist und Sie hier im Vergleich zu anderen Modellen und Varianten bereits an Kosten einsparen k\u00f6nnen. Daraus ergibt sich ein weiterer Pluspunkt der RAU R3: Die kurzen Transportwege bedingen ein besonders geringes CO2-Aufkommen. Mit der RAU Klimawand (R3) schonen Sie also sowohl Ihren Geldbeutel als auch \u2013 noch mehr als bei den anderen umweltfreundlichen Varianten \u2013 die Umwelt.<\/p>\n<h2>Die Kosten Ihrer L\u00e4rmschutzwand: Ihre Vorteile mit RAU Geosysteme<\/h2>\n<p class=\"XP-0-Standard\">Da jede L\u00e4rmschutzwand individuell geplant, produziert und aufgebaut wird, variieren auch die Preise. Die Frage nach den Kosten kann also nicht pauschal beantwortet werden. Gerne beraten wir Sie bei allgemeinen Fragen oder planen mit Ihnen Ihre spezifische und individuell angepasste Schallschutzwand. Nutzen Sie f\u00fcr Ihre Anfrage gerne unser Kontaktformular oder rufen Sie uns an unter der +49 (0)30 397 488 64. Wir freuen uns auf Ihre Anfrage!<\/p>\n<\/div><\/div><div class=\"w-separator size_medium\"><\/div><\/div><\/div><\/div><\/div><\/div><\/div><\/div><\/div><\/div><\/section>\n","protected":false},"excerpt":{"rendered":"Rau L\u00e4rmschutzwand: Kosten und FaktorenBegr\u00fcnte L\u00e4rmschutzw\u00e4nde bringen eine Vielzahl an Vorteilen mit sich. Sie schaffen Sichtbarrieren zwischen vielbefahrenen Stra\u00dfen oder Industrie und der angrenzenden Umgebung und sch\u00fctzen Wohngebiete vor L\u00e4rm von Auto- und Bahnverkehr. Die gr\u00fcnen L\u00e4rmschutzw\u00e4nde von RAU sind au\u00dferdem zu 100 Prozent \u00f6kologisch. So sorgt der L\u00e4rmschutz mit seiner nat\u00fcrlichen Optik f\u00fcr ein...","protected":false},"author":2,"featured_media":0,"parent":0,"menu_order":0,"comment_status":"closed","ping_status":"closed","template":"","meta":{"footnotes":""},"class_list":["post-15462","page","type-page","status-publish","hentry"],"yoast_head":"<!-- This site is optimized with the Yoast SEO plugin v27.4 - https:\/\/yoast.com\/product\/yoast-seo-wordpress\/ -->\n<title>RAU L\u00e4rmschutzwand Kosten &amp; Faktoren | RAU.de<\/title>\n<meta name=\"description\" content=\"Was kostet eine L\u00e4rmschutzwand? Und welche Faktoren beeinflussen den Preis? \u2192 Jetzt informieren! Und L\u00e4rmschutzwand richtig kalkulieren \u2705\" \/>\n<meta name=\"robots\" content=\"index, follow, max-snippet:-1, max-image-preview:large, max-video-preview:-1\" \/>\n<link rel=\"canonical\" href=\"https:\/\/rau.de\/de\/rau-laermschutzwand-kosten-und-faktoren\/\" \/>\n<meta property=\"og:locale\" content=\"de_DE\" \/>\n<meta property=\"og:type\" content=\"article\" \/>\n<meta property=\"og:title\" content=\"RAU L\u00e4rmschutzwand Kosten &amp; Faktoren | RAU.de\" \/>\n<meta property=\"og:description\" content=\"Was kostet eine L\u00e4rmschutzwand? Und welche Faktoren beeinflussen den Preis? \u2192 Jetzt informieren! Und L\u00e4rmschutzwand richtig kalkulieren \u2705\" \/>\n<meta property=\"og:url\" content=\"https:\/\/rau.de\/de\/rau-laermschutzwand-kosten-und-faktoren\/\" \/>\n<meta property=\"og:site_name\" content=\"Rau | L\u00e4rmschutzw\u00e4nde\" \/>\n<meta property=\"article:modified_time\" content=\"2024-10-17T13:13:09+00:00\" \/>\n<meta property=\"og:image\" content=\"https:\/\/rau.de\/wp-content\/uploads\/rau.de-begruente-laermschutzwand-2015-08-23-sonderteile-2.jpg\" \/>\n\t<meta property=\"og:image:width\" content=\"1920\" \/>\n\t<meta property=\"og:image:height\" content=\"1146\" \/>\n\t<meta property=\"og:image:type\" content=\"image\/jpeg\" \/>\n<meta name=\"twitter:card\" content=\"summary_large_image\" \/>\n<meta name=\"twitter:label1\" content=\"Gesch\u00e4tzte Lesezeit\" \/>\n\t<meta name=\"twitter:data1\" content=\"4\u00a0Minuten\" \/>\n<script type=\"application\/ld+json\" class=\"yoast-schema-graph\">{\"@context\":\"https:\\\/\\\/schema.org\",\"@graph\":[{\"@type\":\"WebPage\",\"@id\":\"https:\\\/\\\/rau.de\\\/de\\\/rau-laermschutzwand-kosten-und-faktoren\\\/\",\"url\":\"https:\\\/\\\/rau.de\\\/de\\\/rau-laermschutzwand-kosten-und-faktoren\\\/\",\"name\":\"RAU L\u00e4rmschutzwand Kosten & Faktoren | RAU.de\",\"isPartOf\":{\"@id\":\"https:\\\/\\\/rau.de\\\/de\\\/#website\"},\"datePublished\":\"2021-02-18T16:30:48+00:00\",\"dateModified\":\"2024-10-17T13:13:09+00:00\",\"description\":\"Was kostet eine L\u00e4rmschutzwand? Und welche Faktoren beeinflussen den Preis? \u2192 Jetzt informieren! Und L\u00e4rmschutzwand richtig kalkulieren \u2705\",\"breadcrumb\":{\"@id\":\"https:\\\/\\\/rau.de\\\/de\\\/rau-laermschutzwand-kosten-und-faktoren\\\/#breadcrumb\"},\"inLanguage\":\"de\",\"potentialAction\":[{\"@type\":\"ReadAction\",\"target\":[\"https:\\\/\\\/rau.de\\\/de\\\/rau-laermschutzwand-kosten-und-faktoren\\\/\"]}]},{\"@type\":\"BreadcrumbList\",\"@id\":\"https:\\\/\\\/rau.de\\\/de\\\/rau-laermschutzwand-kosten-und-faktoren\\\/#breadcrumb\",\"itemListElement\":[{\"@type\":\"ListItem\",\"position\":1,\"name\":\"Startseite\",\"item\":\"https:\\\/\\\/rau.de\\\/de\\\/\"},{\"@type\":\"ListItem\",\"position\":2,\"name\":\"Rau L\u00e4rmschutzwand: Kosten und Faktoren\"}]},{\"@type\":\"WebSite\",\"@id\":\"https:\\\/\\\/rau.de\\\/de\\\/#website\",\"url\":\"https:\\\/\\\/rau.de\\\/de\\\/\",\"name\":\"Rau | L\u00e4rmschutzw\u00e4nde\",\"description\":\"Entwicklung und Umsetzung von L\u00e4rmschutzwand und Schallschutzwand\",\"publisher\":{\"@id\":\"https:\\\/\\\/rau.de\\\/de\\\/#organization\"},\"potentialAction\":[{\"@type\":\"SearchAction\",\"target\":{\"@type\":\"EntryPoint\",\"urlTemplate\":\"https:\\\/\\\/rau.de\\\/de\\\/?s={search_term_string}\"},\"query-input\":{\"@type\":\"PropertyValueSpecification\",\"valueRequired\":true,\"valueName\":\"search_term_string\"}}],\"inLanguage\":\"de\"},{\"@type\":\"Organization\",\"@id\":\"https:\\\/\\\/rau.de\\\/de\\\/#organization\",\"name\":\"RAU L\u00e4rmschutzw\u00e4nde \u2013 Geosystem GBK GmbH\",\"url\":\"https:\\\/\\\/rau.de\\\/de\\\/\",\"logo\":{\"@type\":\"ImageObject\",\"inLanguage\":\"de\",\"@id\":\"https:\\\/\\\/rau.de\\\/de\\\/#\\\/schema\\\/logo\\\/image\\\/\",\"url\":\"https:\\\/\\\/rau.de\\\/wp-content\\\/uploads\\\/web_logo.png\",\"contentUrl\":\"https:\\\/\\\/rau.de\\\/wp-content\\\/uploads\\\/web_logo.png\",\"width\":249,\"height\":127,\"caption\":\"RAU L\u00e4rmschutzw\u00e4nde \u2013 Geosystem GBK GmbH\"},\"image\":{\"@id\":\"https:\\\/\\\/rau.de\\\/de\\\/#\\\/schema\\\/logo\\\/image\\\/\"}}]}<\/script>\n<!-- \/ Yoast SEO plugin. -->","yoast_head_json":{"title":"RAU L\u00e4rmschutzwand Kosten & Faktoren | RAU.de","description":"Was kostet eine L\u00e4rmschutzwand? Und welche Faktoren beeinflussen den Preis? \u2192 Jetzt informieren! Und L\u00e4rmschutzwand richtig kalkulieren \u2705","robots":{"index":"index","follow":"follow","max-snippet":"max-snippet:-1","max-image-preview":"max-image-preview:large","max-video-preview":"max-video-preview:-1"},"canonical":"https:\/\/rau.de\/de\/rau-laermschutzwand-kosten-und-faktoren\/","og_locale":"de_DE","og_type":"article","og_title":"RAU L\u00e4rmschutzwand Kosten & Faktoren | RAU.de","og_description":"Was kostet eine L\u00e4rmschutzwand? Und welche Faktoren beeinflussen den Preis? \u2192 Jetzt informieren! Und L\u00e4rmschutzwand richtig kalkulieren \u2705","og_url":"https:\/\/rau.de\/de\/rau-laermschutzwand-kosten-und-faktoren\/","og_site_name":"Rau | L\u00e4rmschutzw\u00e4nde","article_modified_time":"2024-10-17T13:13:09+00:00","og_image":[{"width":1920,"height":1146,"url":"https:\/\/rau.de\/wp-content\/uploads\/rau.de-begruente-laermschutzwand-2015-08-23-sonderteile-2.jpg","type":"image\/jpeg"}],"twitter_card":"summary_large_image","twitter_misc":{"Gesch\u00e4tzte Lesezeit":"4\u00a0Minuten"},"schema":{"@context":"https:\/\/schema.org","@graph":[{"@type":"WebPage","@id":"https:\/\/rau.de\/de\/rau-laermschutzwand-kosten-und-faktoren\/","url":"https:\/\/rau.de\/de\/rau-laermschutzwand-kosten-und-faktoren\/","name":"RAU L\u00e4rmschutzwand Kosten & Faktoren | RAU.de","isPartOf":{"@id":"https:\/\/rau.de\/de\/#website"},"datePublished":"2021-02-18T16:30:48+00:00","dateModified":"2024-10-17T13:13:09+00:00","description":"Was kostet eine L\u00e4rmschutzwand? Und welche Faktoren beeinflussen den Preis? \u2192 Jetzt informieren! Und L\u00e4rmschutzwand richtig kalkulieren \u2705","breadcrumb":{"@id":"https:\/\/rau.de\/de\/rau-laermschutzwand-kosten-und-faktoren\/#breadcrumb"},"inLanguage":"de","potentialAction":[{"@type":"ReadAction","target":["https:\/\/rau.de\/de\/rau-laermschutzwand-kosten-und-faktoren\/"]}]},{"@type":"BreadcrumbList","@id":"https:\/\/rau.de\/de\/rau-laermschutzwand-kosten-und-faktoren\/#breadcrumb","itemListElement":[{"@type":"ListItem","position":1,"name":"Startseite","item":"https:\/\/rau.de\/de\/"},{"@type":"ListItem","position":2,"name":"Rau L\u00e4rmschutzwand: Kosten und Faktoren"}]},{"@type":"WebSite","@id":"https:\/\/rau.de\/de\/#website","url":"https:\/\/rau.de\/de\/","name":"Rau | L\u00e4rmschutzw\u00e4nde","description":"Entwicklung und Umsetzung von L\u00e4rmschutzwand und Schallschutzwand","publisher":{"@id":"https:\/\/rau.de\/de\/#organization"},"potentialAction":[{"@type":"SearchAction","target":{"@type":"EntryPoint","urlTemplate":"https:\/\/rau.de\/de\/?s={search_term_string}"},"query-input":{"@type":"PropertyValueSpecification","valueRequired":true,"valueName":"search_term_string"}}],"inLanguage":"de"},{"@type":"Organization","@id":"https:\/\/rau.de\/de\/#organization","name":"RAU L\u00e4rmschutzw\u00e4nde \u2013 Geosystem GBK GmbH","url":"https:\/\/rau.de\/de\/","logo":{"@type":"ImageObject","inLanguage":"de","@id":"https:\/\/rau.de\/de\/#\/schema\/logo\/image\/","url":"https:\/\/rau.de\/wp-content\/uploads\/web_logo.png","contentUrl":"https:\/\/rau.de\/wp-content\/uploads\/web_logo.png","width":249,"height":127,"caption":"RAU L\u00e4rmschutzw\u00e4nde \u2013 Geosystem GBK GmbH"},"image":{"@id":"https:\/\/rau.de\/de\/#\/schema\/logo\/image\/"}}]}},"_links":{"self":[{"href":"https:\/\/rau.de\/de\/wp-json\/wp\/v2\/pages\/15462","targetHints":{"allow":["GET"]}}],"collection":[{"href":"https:\/\/rau.de\/de\/wp-json\/wp\/v2\/pages"}],"about":[{"href":"https:\/\/rau.de\/de\/wp-json\/wp\/v2\/types\/page"}],"author":[{"embeddable":true,"href":"https:\/\/rau.de\/de\/wp-json\/wp\/v2\/users\/2"}],"replies":[{"embeddable":true,"href":"https:\/\/rau.de\/de\/wp-json\/wp\/v2\/comments?post=15462"}],"version-history":[{"count":10,"href":"https:\/\/rau.de\/de\/wp-json\/wp\/v2\/pages\/15462\/revisions"}],"predecessor-version":[{"id":27920,"href":"https:\/\/rau.de\/de\/wp-json\/wp\/v2\/pages\/15462\/revisions\/27920"}],"wp:attachment":[{"href":"https:\/\/rau.de\/de\/wp-json\/wp\/v2\/media?parent=15462"}],"curies":[{"name":"wp","href":"https:\/\/api.w.org\/{rel}","templated":true}]}}