{"id":10343,"date":"2020-10-06T16:04:19","date_gmt":"2020-10-06T14:04:19","guid":{"rendered":"https:\/\/rau.de\/?page_id=10343"},"modified":"2025-02-07T13:56:46","modified_gmt":"2025-02-07T12:56:46","slug":"bernau-wohnen-am-panke-park","status":"publish","type":"page","link":"https:\/\/rau.de\/de\/bernau-wohnen-am-panke-park\/","title":{"rendered":"Bernau, Wohnen am \u201ePanke-Park\u201c"},"content":{"rendered":"<section class=\"l-section wpb_row height_medium full_height valign_center with_img parallax_fixed\" id=\"kontakt\"><div class=\"l-section-img\" role=\"img\" data-img-width=\"2000\" data-img-height=\"1122\" style=\"background-image: url(https:\/\/rau.de\/wp-content\/uploads\/bg.jpg);\"><\/div><div class=\"l-section-h i-cf\"><div class=\"g-cols vc_row via_flex valign_top type_default stacking_default\"><div class=\"vc_col-sm-12 wpb_column vc_column_container\"><div class=\"vc_column-inner\"><div class=\"wpb_wrapper\"><div class=\"g-cols wpb_row content_top via_flex valign_top type_default stacking_default\"><div class=\"vc_col-sm-12 wpb_column vc_column_container\"><div class=\"vc_column-inner\"><div class=\"wpb_wrapper\"><h1 class=\"w-post-elm post_title entry-title color_link_inherit\">Bernau, Wohnen am \u201ePanke-Park\u201c<\/h1><\/div><\/div><\/div><\/div><div class=\"g-cols wpb_row us_custom_4fb9e5a3 content_text via_flex valign_top type_default stacking_default\"><div class=\"vc_col-sm-6 wpb_column vc_column_container\"><div class=\"vc_column-inner\"><div class=\"wpb_wrapper\"><div class=\"wpb_text_column mb-30\"><div class=\"wpb_wrapper\"><p>In Bernau findet ein Umbau von bestehenden Geb\u00e4uden zu Wohnanlagen statt. Um die L\u00e4rmbelastung durch Anlagen der Deutschen Bahn, Verkehr und eine Betonmischanlage in N\u00e4he der Wohnanlage zu minimieren, ist die Errichtung von L\u00e4rmschutzw\u00e4nden in den notwendigen Bereichen vorgesehen. Die L\u00e4rmschutzw\u00e4nde fungieren hier neben dem Schutz vor Schallwellen auch als optimaler Sichtschutz.<\/p>\n<\/div><\/div><div class=\"w-btn-wrapper align_none\"><a class=\"w-btn us-btn-style_1\" href=\"https:\/\/rau.de\/#referenzen\"><span class=\"w-btn-label\">Zu weiteren Referenzen<\/span><\/a><\/div><\/div><\/div><\/div><div class=\"vc_col-sm-6 wpb_column vc_column_container\"><div class=\"vc_column-inner\"><div class=\"wpb_wrapper\"><div class=\"w-image align_none\"><div class=\"w-image-h\"><img loading=\"lazy\" decoding=\"async\" width=\"1024\" height=\"576\" src=\"https:\/\/rau.de\/wp-content\/uploads\/SonderbauteilBernauPankeParkGlas-1024x576.jpg\" class=\"attachment-large size-large\" alt=\"\" srcset=\"https:\/\/rau.de\/wp-content\/uploads\/SonderbauteilBernauPankeParkGlas-1024x576.jpg 1024w, https:\/\/rau.de\/wp-content\/uploads\/SonderbauteilBernauPankeParkGlas-300x169.jpg 300w, https:\/\/rau.de\/wp-content\/uploads\/SonderbauteilBernauPankeParkGlas.jpg 1600w\" sizes=\"auto, (max-width: 1024px) 100vw, 1024px\" \/><\/div><\/div><\/div><\/div><\/div><\/div><\/div><\/div><\/div><\/div><\/div><\/section>\n","protected":false},"excerpt":{"rendered":"Bernau, Wohnen am \u201ePanke-Park\u201cIn Bernau findet ein Umbau von bestehenden Geb\u00e4uden zu Wohnanlagen statt. Um die L\u00e4rmbelastung durch Anlagen der Deutschen Bahn, Verkehr und eine Betonmischanlage in N\u00e4he der Wohnanlage zu minimieren, ist die Errichtung von L\u00e4rmschutzw\u00e4nden in den notwendigen Bereichen vorgesehen. Die L\u00e4rmschutzw\u00e4nde fungieren hier neben dem Schutz vor Schallwellen auch als optimaler Sichtschutz....","protected":false},"author":2,"featured_media":30505,"parent":0,"menu_order":0,"comment_status":"closed","ping_status":"closed","template":"","meta":{"footnotes":""},"class_list":["post-10343","page","type-page","status-publish","has-post-thumbnail","hentry"],"yoast_head":"<!-- This site is optimized with the Yoast SEO plugin v27.4 - https:\/\/yoast.com\/product\/yoast-seo-wordpress\/ -->\n<title>Bernau bei Berlin - Wohnen am Panke Park \ud83c\udf43 RAU L\u00e4rmschutz<\/title>\n<meta name=\"description\" content=\"Um die Anwohner der Wohnanlage am Panke Park vor L\u00e4rm zu sch\u00fctzen, wurde W\u00e4nde von RAU in den notwendigen Bereichen errichtet. \ud83d\udd07 | rau.de\" \/>\n<meta name=\"robots\" content=\"index, follow, max-snippet:-1, max-image-preview:large, max-video-preview:-1\" \/>\n<link rel=\"canonical\" href=\"https:\/\/rau.de\/de\/bernau-wohnen-am-panke-park\/\" \/>\n<meta property=\"og:locale\" content=\"de_DE\" \/>\n<meta property=\"og:type\" content=\"article\" \/>\n<meta property=\"og:title\" content=\"Bernau bei Berlin - Wohnen am Panke Park \ud83c\udf43 RAU L\u00e4rmschutz\" \/>\n<meta property=\"og:description\" content=\"Um die Anwohner der Wohnanlage am Panke Park vor L\u00e4rm zu sch\u00fctzen, wurde W\u00e4nde von RAU in den notwendigen Bereichen errichtet. \ud83d\udd07 | rau.de\" \/>\n<meta property=\"og:url\" content=\"https:\/\/rau.de\/de\/bernau-wohnen-am-panke-park\/\" \/>\n<meta property=\"og:site_name\" content=\"Rau | L\u00e4rmschutzw\u00e4nde\" \/>\n<meta property=\"article:modified_time\" content=\"2025-02-07T12:56:46+00:00\" \/>\n<meta property=\"og:image\" content=\"https:\/\/rau.de\/wp-content\/uploads\/Bagger-auf-einer-Baustelle-vor-einer-Glas-Acryl-Laermschutzwand-an-Mehrparteienhaus.jpg\" \/>\n\t<meta property=\"og:image:width\" content=\"350\" \/>\n\t<meta property=\"og:image:height\" content=\"350\" \/>\n\t<meta property=\"og:image:type\" content=\"image\/jpeg\" \/>\n<meta name=\"twitter:card\" content=\"summary_large_image\" \/>\n<meta name=\"twitter:label1\" content=\"Gesch\u00e4tzte Lesezeit\" \/>\n\t<meta name=\"twitter:data1\" content=\"1\u00a0Minute\" \/>\n<script type=\"application\/ld+json\" class=\"yoast-schema-graph\">{\"@context\":\"https:\\\/\\\/schema.org\",\"@graph\":[{\"@type\":\"WebPage\",\"@id\":\"https:\\\/\\\/rau.de\\\/de\\\/bernau-wohnen-am-panke-park\\\/\",\"url\":\"https:\\\/\\\/rau.de\\\/de\\\/bernau-wohnen-am-panke-park\\\/\",\"name\":\"Bernau bei Berlin - Wohnen am Panke Park \ud83c\udf43 RAU L\u00e4rmschutz\",\"isPartOf\":{\"@id\":\"https:\\\/\\\/rau.de\\\/de\\\/#website\"},\"primaryImageOfPage\":{\"@id\":\"https:\\\/\\\/rau.de\\\/de\\\/bernau-wohnen-am-panke-park\\\/#primaryimage\"},\"image\":{\"@id\":\"https:\\\/\\\/rau.de\\\/de\\\/bernau-wohnen-am-panke-park\\\/#primaryimage\"},\"thumbnailUrl\":\"https:\\\/\\\/rau.de\\\/wp-content\\\/uploads\\\/Bagger-auf-einer-Baustelle-vor-einer-Glas-Acryl-Laermschutzwand-an-Mehrparteienhaus.jpg\",\"datePublished\":\"2020-10-06T14:04:19+00:00\",\"dateModified\":\"2025-02-07T12:56:46+00:00\",\"description\":\"Um die Anwohner der Wohnanlage am Panke Park vor L\u00e4rm zu sch\u00fctzen, wurde W\u00e4nde von RAU in den notwendigen Bereichen errichtet. \ud83d\udd07 | rau.de\",\"breadcrumb\":{\"@id\":\"https:\\\/\\\/rau.de\\\/de\\\/bernau-wohnen-am-panke-park\\\/#breadcrumb\"},\"inLanguage\":\"de\",\"potentialAction\":[{\"@type\":\"ReadAction\",\"target\":[\"https:\\\/\\\/rau.de\\\/de\\\/bernau-wohnen-am-panke-park\\\/\"]}]},{\"@type\":\"ImageObject\",\"inLanguage\":\"de\",\"@id\":\"https:\\\/\\\/rau.de\\\/de\\\/bernau-wohnen-am-panke-park\\\/#primaryimage\",\"url\":\"https:\\\/\\\/rau.de\\\/wp-content\\\/uploads\\\/Bagger-auf-einer-Baustelle-vor-einer-Glas-Acryl-Laermschutzwand-an-Mehrparteienhaus.jpg\",\"contentUrl\":\"https:\\\/\\\/rau.de\\\/wp-content\\\/uploads\\\/Bagger-auf-einer-Baustelle-vor-einer-Glas-Acryl-Laermschutzwand-an-Mehrparteienhaus.jpg\",\"width\":350,\"height\":350,\"caption\":\"Baustelle mit modernem Glasgeb\u00e4ude und angrenzender Backsteinfassade. Ein gelber Liebherr-Bagger und ein Kran sind im Einsatz.\"},{\"@type\":\"BreadcrumbList\",\"@id\":\"https:\\\/\\\/rau.de\\\/de\\\/bernau-wohnen-am-panke-park\\\/#breadcrumb\",\"itemListElement\":[{\"@type\":\"ListItem\",\"position\":1,\"name\":\"Startseite\",\"item\":\"https:\\\/\\\/rau.de\\\/de\\\/\"},{\"@type\":\"ListItem\",\"position\":2,\"name\":\"Bernau, Wohnen am \u201ePanke-Park\u201c\"}]},{\"@type\":\"WebSite\",\"@id\":\"https:\\\/\\\/rau.de\\\/de\\\/#website\",\"url\":\"https:\\\/\\\/rau.de\\\/de\\\/\",\"name\":\"Rau | L\u00e4rmschutzw\u00e4nde\",\"description\":\"Entwicklung und Umsetzung von L\u00e4rmschutzwand und Schallschutzwand\",\"publisher\":{\"@id\":\"https:\\\/\\\/rau.de\\\/de\\\/#organization\"},\"potentialAction\":[{\"@type\":\"SearchAction\",\"target\":{\"@type\":\"EntryPoint\",\"urlTemplate\":\"https:\\\/\\\/rau.de\\\/de\\\/?s={search_term_string}\"},\"query-input\":{\"@type\":\"PropertyValueSpecification\",\"valueRequired\":true,\"valueName\":\"search_term_string\"}}],\"inLanguage\":\"de\"},{\"@type\":\"Organization\",\"@id\":\"https:\\\/\\\/rau.de\\\/de\\\/#organization\",\"name\":\"RAU L\u00e4rmschutzw\u00e4nde \u2013 Geosystem GBK GmbH\",\"url\":\"https:\\\/\\\/rau.de\\\/de\\\/\",\"logo\":{\"@type\":\"ImageObject\",\"inLanguage\":\"de\",\"@id\":\"https:\\\/\\\/rau.de\\\/de\\\/#\\\/schema\\\/logo\\\/image\\\/\",\"url\":\"https:\\\/\\\/rau.de\\\/wp-content\\\/uploads\\\/web_logo.png\",\"contentUrl\":\"https:\\\/\\\/rau.de\\\/wp-content\\\/uploads\\\/web_logo.png\",\"width\":249,\"height\":127,\"caption\":\"RAU L\u00e4rmschutzw\u00e4nde \u2013 Geosystem GBK GmbH\"},\"image\":{\"@id\":\"https:\\\/\\\/rau.de\\\/de\\\/#\\\/schema\\\/logo\\\/image\\\/\"}}]}<\/script>\n<!-- \/ Yoast SEO plugin. -->","yoast_head_json":{"title":"Bernau bei Berlin - Wohnen am Panke Park \ud83c\udf43 RAU L\u00e4rmschutz","description":"Um die Anwohner der Wohnanlage am Panke Park vor L\u00e4rm zu sch\u00fctzen, wurde W\u00e4nde von RAU in den notwendigen Bereichen errichtet. \ud83d\udd07 | rau.de","robots":{"index":"index","follow":"follow","max-snippet":"max-snippet:-1","max-image-preview":"max-image-preview:large","max-video-preview":"max-video-preview:-1"},"canonical":"https:\/\/rau.de\/de\/bernau-wohnen-am-panke-park\/","og_locale":"de_DE","og_type":"article","og_title":"Bernau bei Berlin - Wohnen am Panke Park \ud83c\udf43 RAU L\u00e4rmschutz","og_description":"Um die Anwohner der Wohnanlage am Panke Park vor L\u00e4rm zu sch\u00fctzen, wurde W\u00e4nde von RAU in den notwendigen Bereichen errichtet. \ud83d\udd07 | rau.de","og_url":"https:\/\/rau.de\/de\/bernau-wohnen-am-panke-park\/","og_site_name":"Rau | L\u00e4rmschutzw\u00e4nde","article_modified_time":"2025-02-07T12:56:46+00:00","og_image":[{"width":350,"height":350,"url":"https:\/\/rau.de\/wp-content\/uploads\/Bagger-auf-einer-Baustelle-vor-einer-Glas-Acryl-Laermschutzwand-an-Mehrparteienhaus.jpg","type":"image\/jpeg"}],"twitter_card":"summary_large_image","twitter_misc":{"Gesch\u00e4tzte Lesezeit":"1\u00a0Minute"},"schema":{"@context":"https:\/\/schema.org","@graph":[{"@type":"WebPage","@id":"https:\/\/rau.de\/de\/bernau-wohnen-am-panke-park\/","url":"https:\/\/rau.de\/de\/bernau-wohnen-am-panke-park\/","name":"Bernau bei Berlin - Wohnen am Panke Park \ud83c\udf43 RAU L\u00e4rmschutz","isPartOf":{"@id":"https:\/\/rau.de\/de\/#website"},"primaryImageOfPage":{"@id":"https:\/\/rau.de\/de\/bernau-wohnen-am-panke-park\/#primaryimage"},"image":{"@id":"https:\/\/rau.de\/de\/bernau-wohnen-am-panke-park\/#primaryimage"},"thumbnailUrl":"https:\/\/rau.de\/wp-content\/uploads\/Bagger-auf-einer-Baustelle-vor-einer-Glas-Acryl-Laermschutzwand-an-Mehrparteienhaus.jpg","datePublished":"2020-10-06T14:04:19+00:00","dateModified":"2025-02-07T12:56:46+00:00","description":"Um die Anwohner der Wohnanlage am Panke Park vor L\u00e4rm zu sch\u00fctzen, wurde W\u00e4nde von RAU in den notwendigen Bereichen errichtet. \ud83d\udd07 | rau.de","breadcrumb":{"@id":"https:\/\/rau.de\/de\/bernau-wohnen-am-panke-park\/#breadcrumb"},"inLanguage":"de","potentialAction":[{"@type":"ReadAction","target":["https:\/\/rau.de\/de\/bernau-wohnen-am-panke-park\/"]}]},{"@type":"ImageObject","inLanguage":"de","@id":"https:\/\/rau.de\/de\/bernau-wohnen-am-panke-park\/#primaryimage","url":"https:\/\/rau.de\/wp-content\/uploads\/Bagger-auf-einer-Baustelle-vor-einer-Glas-Acryl-Laermschutzwand-an-Mehrparteienhaus.jpg","contentUrl":"https:\/\/rau.de\/wp-content\/uploads\/Bagger-auf-einer-Baustelle-vor-einer-Glas-Acryl-Laermschutzwand-an-Mehrparteienhaus.jpg","width":350,"height":350,"caption":"Baustelle mit modernem Glasgeb\u00e4ude und angrenzender Backsteinfassade. Ein gelber Liebherr-Bagger und ein Kran sind im Einsatz."},{"@type":"BreadcrumbList","@id":"https:\/\/rau.de\/de\/bernau-wohnen-am-panke-park\/#breadcrumb","itemListElement":[{"@type":"ListItem","position":1,"name":"Startseite","item":"https:\/\/rau.de\/de\/"},{"@type":"ListItem","position":2,"name":"Bernau, Wohnen am \u201ePanke-Park\u201c"}]},{"@type":"WebSite","@id":"https:\/\/rau.de\/de\/#website","url":"https:\/\/rau.de\/de\/","name":"Rau | L\u00e4rmschutzw\u00e4nde","description":"Entwicklung und Umsetzung von L\u00e4rmschutzwand und Schallschutzwand","publisher":{"@id":"https:\/\/rau.de\/de\/#organization"},"potentialAction":[{"@type":"SearchAction","target":{"@type":"EntryPoint","urlTemplate":"https:\/\/rau.de\/de\/?s={search_term_string}"},"query-input":{"@type":"PropertyValueSpecification","valueRequired":true,"valueName":"search_term_string"}}],"inLanguage":"de"},{"@type":"Organization","@id":"https:\/\/rau.de\/de\/#organization","name":"RAU L\u00e4rmschutzw\u00e4nde \u2013 Geosystem GBK GmbH","url":"https:\/\/rau.de\/de\/","logo":{"@type":"ImageObject","inLanguage":"de","@id":"https:\/\/rau.de\/de\/#\/schema\/logo\/image\/","url":"https:\/\/rau.de\/wp-content\/uploads\/web_logo.png","contentUrl":"https:\/\/rau.de\/wp-content\/uploads\/web_logo.png","width":249,"height":127,"caption":"RAU L\u00e4rmschutzw\u00e4nde \u2013 Geosystem GBK GmbH"},"image":{"@id":"https:\/\/rau.de\/de\/#\/schema\/logo\/image\/"}}]}},"_links":{"self":[{"href":"https:\/\/rau.de\/de\/wp-json\/wp\/v2\/pages\/10343","targetHints":{"allow":["GET"]}}],"collection":[{"href":"https:\/\/rau.de\/de\/wp-json\/wp\/v2\/pages"}],"about":[{"href":"https:\/\/rau.de\/de\/wp-json\/wp\/v2\/types\/page"}],"author":[{"embeddable":true,"href":"https:\/\/rau.de\/de\/wp-json\/wp\/v2\/users\/2"}],"replies":[{"embeddable":true,"href":"https:\/\/rau.de\/de\/wp-json\/wp\/v2\/comments?post=10343"}],"version-history":[{"count":11,"href":"https:\/\/rau.de\/de\/wp-json\/wp\/v2\/pages\/10343\/revisions"}],"predecessor-version":[{"id":23654,"href":"https:\/\/rau.de\/de\/wp-json\/wp\/v2\/pages\/10343\/revisions\/23654"}],"wp:featuredmedia":[{"embeddable":true,"href":"https:\/\/rau.de\/de\/wp-json\/wp\/v2\/media\/30505"}],"wp:attachment":[{"href":"https:\/\/rau.de\/de\/wp-json\/wp\/v2\/media?parent=10343"}],"curies":[{"name":"wp","href":"https:\/\/api.w.org\/{rel}","templated":true}]}}