{"id":10328,"date":"2020-10-06T15:59:04","date_gmt":"2020-10-06T13:59:04","guid":{"rendered":"https:\/\/rau.de\/?page_id=10328"},"modified":"2022-09-14T17:33:52","modified_gmt":"2022-09-14T15:33:52","slug":"duisburg-6-seen-wedau","status":"publish","type":"page","link":"https:\/\/rau.de\/de\/duisburg-6-seen-wedau\/","title":{"rendered":"Wohnen am Wasser: L\u00e4rmschutz in Duisburg, 6-Seen-Wedau"},"content":{"rendered":"<section class=\"l-section wpb_row height_medium full_height valign_center with_img parallax_fixed\" id=\"kontakt\"><div class=\"l-section-img\" role=\"img\" data-img-width=\"2000\" data-img-height=\"1122\" style=\"background-image: url(https:\/\/rau.de\/wp-content\/uploads\/bg.jpg);\"><\/div><div class=\"l-section-h i-cf\"><div class=\"g-cols vc_row via_flex valign_top type_default stacking_default\"><div class=\"vc_col-sm-12 wpb_column vc_column_container\"><div class=\"vc_column-inner\"><div class=\"wpb_wrapper\"><div class=\"g-cols wpb_row content_top via_flex valign_top type_default stacking_default\"><div class=\"vc_col-sm-12 wpb_column vc_column_container\"><div class=\"vc_column-inner\"><div class=\"wpb_wrapper\"><h1 class=\"w-post-elm post_title entry-title color_link_inherit\">Wohnen am Wasser: L\u00e4rmschutz in Duisburg, 6-Seen-Wedau<\/h1><\/div><\/div><\/div><\/div><div class=\"g-cols wpb_row us_custom_4fb9e5a3 content_text via_flex valign_top type_default stacking_default\"><div class=\"vc_col-sm-6 wpb_column vc_column_container\"><div class=\"vc_column-inner\"><div class=\"wpb_wrapper\"><div class=\"w-separator size_medium\"><\/div>[vc_custom_heading text=&#8220;\ud83e\udca1 Referenz\/ Projekt: Duisburg 6 Seen Wedau \u2013 Wohnen am Wasser<br \/>\n\ud83e\udca1 Projektname: Erschlie\u00dfung 6 Seen Wedau<br \/>\n\ud83e\udca1 Projektort: Duisburg-Wedau<br \/>\n\ud83e\udca1 Art des Projektes: Errichtung eines L\u00e4rmschutzwalles mit aufgesetzter begr\u00fcnbarer L\u00e4rmschutzwand in Zuge eines Stadtentwicklungsprojekts.<br \/>\n\ud83e\udca1 Projektstart und Fertigstellung: Oktober 2020 \u2013 2022&#8243; font_container=&#8220;tag:div|font_size:16|text_align:left|color:%23ffffff&#8220; google_fonts=&#8220;font_family:Open%20Sans%3A300%2C300italic%2Cregular%2Citalic%2C600%2C600italic%2C700%2C700italic%2C800%2C800italic|font_style:400%20regular%3A400%3Anormal&#8220; css=&#8220;%7B%22default%22%3A%7B%22color%22%3A%22%2300AE46%22%2C%22text-align%22%3A%22center%22%2C%22line-height%22%3A%2233px%22%2C%22font-family%22%3A%22body%22%2C%22background-color%22%3A%22%23e8e8e8%22%2C%22border-style%22%3A%22solid%22%2C%22border-left-width%22%3A%223px%22%2C%22border-top-width%22%3A%223px%22%2C%22border-bottom-width%22%3A%223px%22%2C%22border-right-width%22%3A%223px%22%2C%22border-color%22%3A%22%23999999%22%7D%7D&#8220;]<\/div><\/div><\/div><div class=\"vc_col-sm-6 wpb_column vc_column_container\"><div class=\"vc_column-inner\"><div class=\"wpb_wrapper\"><div class=\"w-image us_custom_baf79b94 align_none\"><div class=\"w-image-h\"><img loading=\"lazy\" decoding=\"async\" width=\"1024\" height=\"517\" src=\"https:\/\/rau.de\/wp-content\/uploads\/w1200_h606_x600_y302_sechs_seen_wedau_11-586a39ff1f6e044b-1024x517.jpg\" class=\"attachment-large size-large\" alt=\"\" srcset=\"https:\/\/rau.de\/wp-content\/uploads\/w1200_h606_x600_y302_sechs_seen_wedau_11-586a39ff1f6e044b-1024x517.jpg 1024w, https:\/\/rau.de\/wp-content\/uploads\/w1200_h606_x600_y302_sechs_seen_wedau_11-586a39ff1f6e044b-300x152.jpg 300w, https:\/\/rau.de\/wp-content\/uploads\/w1200_h606_x600_y302_sechs_seen_wedau_11-586a39ff1f6e044b.jpg 1200w\" sizes=\"(max-width: 1024px) 100vw, 1024px\" \/><\/div><\/div><\/div><\/div><\/div><\/div><div class=\"g-cols wpb_row us_custom_4fb9e5a3 content_text via_flex valign_top type_default stacking_default\"><div class=\"vc_col-sm-6 wpb_column vc_column_container\"><div class=\"vc_column-inner\"><div class=\"wpb_wrapper\"><div class=\"wpb_text_column mb-30\"><div class=\"wpb_wrapper\"><h2 style=\"text-align: left;\"><span style=\"color: #00ae46;\">Auftragsdetails &amp; Herausforderungen:<\/span><\/h2>\n<p style=\"text-align: left;\">Das Projekt \u201eDuisburg 6 Seen Wedau \u2013 Wohnen am Wasser\u201c ist derzeit Nordrhein-Westfalens gr\u00f6\u00dftes Stadtentwicklungsprojekt. Dabei geht es um die Neuerschlie\u00dfung des ehemaligen DB-Standortes Duisburg-Wedau mit dem Ziel, die st\u00e4dtebauliche L\u00fccke zwischen Neudorf, Bissingheim und Wedau zu schlie\u00dfen und bis zu 3.000 Wohneinheiten in vier unterschiedlichen Quartieren zu gestalten. Die Sechs-Seen-Platte als Naherholungsgebiet und der Sportwald Wedau sollen verbunden werden und ein vielf\u00e4ltiges Freizeitangebot f\u00fcr die Ans\u00e4ssigen und neuen Bewohner der zuk\u00fcnftigen Quartiere generieren.<br \/>\nIm Zuge der Neuerschlie\u00dfung ist auch die Errichtung einer L\u00e4rmschutzanlage im \u00dcbergangbereich zum bestehenden DB-Gel\u00e4nde, sowie einer Kleingartenanlage im s\u00fcdlichsten Teilbereich der Erschlie\u00dfungsfl\u00e4che vorgesehen. Mit einer L\u00e4nge von insgesamt 2,6 km und einer H\u00f6he von zehn Metern wird hier die gr\u00f6\u00dfte gr\u00fcne L\u00e4rmschutzwand der Welt errichtet, die am Ende mit mehr als 13.000 Kletterpflanzen begr\u00fcnt wird. Die RAU Klimawand beeindruckt mit ihren geringen Emissionswerten und dem gr\u00fcnzugartigen Charakter, der eine raum- und identit\u00e4tsstiftende Kulisse f\u00fcr die Entwicklungsfl\u00e4che bildet. Die L\u00e4rmschutzeinrichtung besteht aus einem Erdwall mit H\u00f6hen zwischen 1,40 m bis 8,00 m sowie einer auf der Wallkrone aufgesetzten begr\u00fcnten L\u00e4rmschutzwand mit H\u00f6hen zwischen 2,50 m bis 8,00 m. Eine beidseitige Bepflanzung entlang des Wandfu\u00dfes mit heimischen, standortgerechten Kletterpflanzen und ein dazu angepasstes Bew\u00e4sserungssystem, gew\u00e4hrleistet eine rasche Vollbegr\u00fcnung. Die Klimawand besteht aus einer artgerechten und vielf\u00e4ltigen Bepflanzung und bildet somit nicht nur eine harmonische Atmosph\u00e4re, sondern dient im Gro\u00dfen und Ganzen auch als ein Biotopkomplex f\u00fcr Flora und Fauna.<\/p>\n<h2 style=\"text-align: left;\"><span style=\"color: #00ae46;\">Produktl\u00f6sung:<\/span><\/h2>\n<p style=\"text-align: left;\">Mit der RAU Klimawand konnten eine Menge an Ressourcen eingespart werden. Durch ein kluges Bodenmanagement wurde zur Bef\u00fcllung der L\u00e4rmschutzwand unter anderem \u00f6rtlich anfallendes Material verwendet. Dar\u00fcber hinaus steht die Klimawand f\u00fcr ihre umweltfreundliche CO2-Bilanz. Sie bindet \u00fcber die Jahre mehr als das 100-fache der Produktionsemission und bietet somit eine nachhaltige Alternative zu einer klassischen L\u00e4rmschutzwand aus Beton.<\/p>\n<h2 style=\"text-align: left;\"><span style=\"color: #00ae46;\">Ergebnisse:<\/span><\/h2>\n<p style=\"text-align: left;\">Die 2,6 km lange RAU Klimawand mit ihrer Konstruktionsh\u00f6he von fast durchgehend zehn Metern sch\u00fctzt in Zukunft die BewohnerInnen eines neuen Stadtteils von Duisburg-Wedau mit einem Luftschalld\u00e4mmungswert von DLR 68 dB und einem Absorbtionswert von DLa = 20 dB. Die begr\u00fcnte L\u00e4rmschutzwand erstreckt sich \u00fcber das gesamte Neubaugebiet und trennt den neun Stadtteil von der vielbefahrenen Bahnstrecke zwischen Duisburg-Wedau und Ratingen. Neben der nachhaltigen L\u00e4rmschutzfunktion sorgt die begr\u00fcnte RAU Klimawand zudem f\u00fcr ein nat\u00fcrliches Landschaftsbild auf dem 60 Hektar gro\u00dfen Areal.<\/p>\n<\/div><\/div><div class=\"w-separator size_medium\"><\/div>[vc_custom_heading text=&#8220;\u201eWir waren auf der Suche nach einem ressourcenschonenden, begr\u00fcnbaren und somit klimafreundlichen Wandsystem.<br \/>\nDie Klimawand von Rau Geosysteme hat alle Anforderungen erf\u00fcllt\u201c<br \/>\n&#8211; GEBAG-Projektmanager.&#8220; font_container=&#8220;tag:div|font_size:16|text_align:center|color:%23ffffff&#8220; google_fonts=&#8220;font_family:Open%20Sans%3A300%2C300italic%2Cregular%2Citalic%2C600%2C600italic%2C700%2C700italic%2C800%2C800italic|font_style:400%20regular%3A400%3Anormal&#8220; css=&#8220;%7B%22default%22%3A%7B%22color%22%3A%22%2300AE46%22%2C%22text-align%22%3A%22center%22%2C%22line-height%22%3A%2233px%22%2C%22font-family%22%3A%22body%22%2C%22background-color%22%3A%22%23e8e8e8%22%2C%22border-style%22%3A%22solid%22%2C%22border-left-width%22%3A%223px%22%2C%22border-top-width%22%3A%223px%22%2C%22border-bottom-width%22%3A%223px%22%2C%22border-right-width%22%3A%223px%22%2C%22border-color%22%3A%22%23999999%22%7D%7D&#8220;]<div class=\"w-separator size_medium\"><\/div>[vc_btn title=&#8220;<b>Weitere Referenzen<\/b>&#8220; style=&#8220;custom&#8220; custom_background=&#8220;#df012a&#8220; custom_text=&#8220;#ffffff&#8220; size=&#8220;lg&#8220; align=&#8220;center&#8220; link=&#8220;url:https%3A%2F%2Frau.de%2Fde%2Freferenzen%2F|title:Referenzen|target:_blank&#8220;]<\/div><\/div><\/div><div class=\"vc_col-sm-6 wpb_column vc_column_container\"><div class=\"vc_column-inner\"><div class=\"wpb_wrapper\"><div class=\"w-image us_custom_403b3d95 align_none\"><div class=\"w-image-h\"><img loading=\"lazy\" decoding=\"async\" width=\"1024\" height=\"768\" src=\"https:\/\/rau.de\/wp-content\/uploads\/IMG-20220502-WA0001-1.jpg\" class=\"attachment-large size-large\" alt=\"\" srcset=\"https:\/\/rau.de\/wp-content\/uploads\/IMG-20220502-WA0001-1.jpg 1024w, https:\/\/rau.de\/wp-content\/uploads\/IMG-20220502-WA0001-1-300x225.jpg 300w\" sizes=\"(max-width: 1024px) 100vw, 1024px\" \/><\/div><\/div><div class=\"w-separator size_small\"><\/div><div class=\"w-image us_custom_403b3d95 align_none\"><div class=\"w-image-h\"><img loading=\"lazy\" decoding=\"async\" width=\"768\" height=\"1024\" src=\"https:\/\/rau.de\/wp-content\/uploads\/IMG-20220502-WA0004.jpg\" class=\"attachment-large size-large\" alt=\"\" srcset=\"https:\/\/rau.de\/wp-content\/uploads\/IMG-20220502-WA0004.jpg 768w, https:\/\/rau.de\/wp-content\/uploads\/IMG-20220502-WA0004-225x300.jpg 225w\" sizes=\"(max-width: 768px) 100vw, 768px\" \/><\/div><\/div><div class=\"w-separator size_small\"><\/div><div class=\"w-image us_custom_e8f6197b align_none\"><div class=\"w-image-h\"><img loading=\"lazy\" decoding=\"async\" width=\"1024\" height=\"768\" src=\"https:\/\/rau.de\/wp-content\/uploads\/IMG-20220502-WA0005.jpg\" class=\"attachment-large size-large\" alt=\"\" srcset=\"https:\/\/rau.de\/wp-content\/uploads\/IMG-20220502-WA0005.jpg 1024w, https:\/\/rau.de\/wp-content\/uploads\/IMG-20220502-WA0005-300x225.jpg 300w\" sizes=\"(max-width: 1024px) 100vw, 1024px\" \/><\/div><\/div><\/div><\/div><\/div><\/div><\/div><\/div><\/div><\/div><\/div><\/section>\n","protected":false},"excerpt":{"rendered":"Wohnen am Wasser: L\u00e4rmschutz in Duisburg, 6-Seen-Wedau[vc_custom_heading text=\"\ud83e\udca1 Referenz\/ Projekt: Duisburg 6 Seen Wedau \u2013 Wohnen am Wasser \ud83e\udca1 Projektname: Erschlie\u00dfung 6 Seen Wedau \ud83e\udca1 Projektort: Duisburg-Wedau \ud83e\udca1 Art des Projektes: Errichtung eines L\u00e4rmschutzwalles mit aufgesetzter begr\u00fcnbarer L\u00e4rmschutzwand in Zuge eines Stadtentwicklungsprojekts. \ud83e\udca1 Projektstart und Fertigstellung: Oktober 2020 \u2013 2022\" font_container=\"tag:div|font_size:16|text_align:left|color:%23ffffff\" google_fonts=\"font_family:Open%20Sans%3A300%2C300italic%2Cregular%2Citalic%2C600%2C600italic%2C700%2C700italic%2C800%2C800italic|font_style:400%20regular%3A400%3Anormal\" css=\"%7B%22default%22%3A%7B%22color%22%3A%22%2300AE46%22%2C%22text-align%22%3A%22center%22%2C%22line-height%22%3A%2233px%22%2C%22font-family%22%3A%22body%22%2C%22background-color%22%3A%22%23e8e8e8%22%2C%22border-style%22%3A%22solid%22%2C%22border-left-width%22%3A%223px%22%2C%22border-top-width%22%3A%223px%22%2C%22border-bottom-width%22%3A%223px%22%2C%22border-right-width%22%3A%223px%22%2C%22border-color%22%3A%22%23999999%22%7D%7D\"]Auftragsdetails &amp; Herausforderungen:...","protected":false},"author":2,"featured_media":12036,"parent":0,"menu_order":0,"comment_status":"closed","ping_status":"closed","template":"","meta":{"footnotes":""},"class_list":["post-10328","page","type-page","status-publish","has-post-thumbnail","hentry"],"yoast_head":"<!-- This site is optimized with the Yoast SEO plugin v23.6 - https:\/\/yoast.com\/wordpress\/plugins\/seo\/ -->\n<title>Klimawand im Stadtentwicklungsprojekt Duisburg 6-Seen-Wedau<\/title>\n<meta name=\"description\" content=\"Errichtung der begr\u00fcnten RAU Klimawand im Zuge des Stadtentwicklungsprojekts Duisburg 6-Seen-Wedau. | rau.de\" \/>\n<meta name=\"robots\" content=\"index, follow, max-snippet:-1, max-image-preview:large, max-video-preview:-1\" \/>\n<link rel=\"canonical\" href=\"https:\/\/rau.de\/de\/duisburg-6-seen-wedau\/\" \/>\n<meta property=\"og:locale\" content=\"de_DE\" \/>\n<meta property=\"og:type\" content=\"article\" \/>\n<meta property=\"og:title\" content=\"Klimawand im Stadtentwicklungsprojekt Duisburg 6-Seen-Wedau\" \/>\n<meta property=\"og:description\" content=\"Errichtung der begr\u00fcnten RAU Klimawand im Zuge des Stadtentwicklungsprojekts Duisburg 6-Seen-Wedau. | rau.de\" \/>\n<meta property=\"og:url\" content=\"https:\/\/rau.de\/de\/duisburg-6-seen-wedau\/\" \/>\n<meta property=\"og:site_name\" content=\"Rau | L\u00e4rmschutzw\u00e4nde\" \/>\n<meta property=\"article:modified_time\" content=\"2022-09-14T15:33:52+00:00\" \/>\n<meta property=\"og:image\" content=\"https:\/\/rau.de\/wp-content\/uploads\/ProjektstartDuisbBeitragsbild.jpg\" \/>\n\t<meta property=\"og:image:width\" content=\"1587\" \/>\n\t<meta property=\"og:image:height\" content=\"1664\" \/>\n\t<meta property=\"og:image:type\" content=\"image\/jpeg\" \/>\n<meta name=\"twitter:card\" content=\"summary_large_image\" \/>\n<meta name=\"twitter:label1\" content=\"Gesch\u00e4tzte Lesezeit\" \/>\n\t<meta name=\"twitter:data1\" content=\"3\u00a0Minuten\" \/>\n<script type=\"application\/ld+json\" class=\"yoast-schema-graph\">{\"@context\":\"https:\/\/schema.org\",\"@graph\":[{\"@type\":\"WebPage\",\"@id\":\"https:\/\/rau.de\/de\/duisburg-6-seen-wedau\/\",\"url\":\"https:\/\/rau.de\/de\/duisburg-6-seen-wedau\/\",\"name\":\"Klimawand im Stadtentwicklungsprojekt Duisburg 6-Seen-Wedau\",\"isPartOf\":{\"@id\":\"https:\/\/rau.de\/de\/#website\"},\"primaryImageOfPage\":{\"@id\":\"https:\/\/rau.de\/de\/duisburg-6-seen-wedau\/#primaryimage\"},\"image\":{\"@id\":\"https:\/\/rau.de\/de\/duisburg-6-seen-wedau\/#primaryimage\"},\"thumbnailUrl\":\"https:\/\/rau.de\/wp-content\/uploads\/ProjektstartDuisbBeitragsbild.jpg\",\"datePublished\":\"2020-10-06T13:59:04+00:00\",\"dateModified\":\"2022-09-14T15:33:52+00:00\",\"description\":\"Errichtung der begr\u00fcnten RAU Klimawand im Zuge des Stadtentwicklungsprojekts Duisburg 6-Seen-Wedau. | rau.de\",\"breadcrumb\":{\"@id\":\"https:\/\/rau.de\/de\/duisburg-6-seen-wedau\/#breadcrumb\"},\"inLanguage\":\"de\",\"potentialAction\":[{\"@type\":\"ReadAction\",\"target\":[\"https:\/\/rau.de\/de\/duisburg-6-seen-wedau\/\"]}]},{\"@type\":\"ImageObject\",\"inLanguage\":\"de\",\"@id\":\"https:\/\/rau.de\/de\/duisburg-6-seen-wedau\/#primaryimage\",\"url\":\"https:\/\/rau.de\/wp-content\/uploads\/ProjektstartDuisbBeitragsbild.jpg\",\"contentUrl\":\"https:\/\/rau.de\/wp-content\/uploads\/ProjektstartDuisbBeitragsbild.jpg\",\"width\":1587,\"height\":1664},{\"@type\":\"BreadcrumbList\",\"@id\":\"https:\/\/rau.de\/de\/duisburg-6-seen-wedau\/#breadcrumb\",\"itemListElement\":[{\"@type\":\"ListItem\",\"position\":1,\"name\":\"Startseite\",\"item\":\"https:\/\/rau.de\/de\/\"},{\"@type\":\"ListItem\",\"position\":2,\"name\":\"Wohnen am Wasser: L\u00e4rmschutz in Duisburg, 6-Seen-Wedau\"}]},{\"@type\":\"WebSite\",\"@id\":\"https:\/\/rau.de\/de\/#website\",\"url\":\"https:\/\/rau.de\/de\/\",\"name\":\"Rau | L\u00e4rmschutzw\u00e4nde\",\"description\":\"Entwicklung und Umsetzung von L\u00e4rmschutzwand und Schallschutzwand\",\"publisher\":{\"@id\":\"https:\/\/rau.de\/de\/#organization\"},\"potentialAction\":[{\"@type\":\"SearchAction\",\"target\":{\"@type\":\"EntryPoint\",\"urlTemplate\":\"https:\/\/rau.de\/de\/?s={search_term_string}\"},\"query-input\":{\"@type\":\"PropertyValueSpecification\",\"valueRequired\":true,\"valueName\":\"search_term_string\"}}],\"inLanguage\":\"de\"},{\"@type\":\"Organization\",\"@id\":\"https:\/\/rau.de\/de\/#organization\",\"name\":\"RAU L\u00e4rmschutzw\u00e4nde \u2013 Geosystem GBK GmbH\",\"url\":\"https:\/\/rau.de\/de\/\",\"logo\":{\"@type\":\"ImageObject\",\"inLanguage\":\"de\",\"@id\":\"https:\/\/rau.de\/de\/#\/schema\/logo\/image\/\",\"url\":\"https:\/\/rau.de\/wp-content\/uploads\/web_logo.png\",\"contentUrl\":\"https:\/\/rau.de\/wp-content\/uploads\/web_logo.png\",\"width\":249,\"height\":127,\"caption\":\"RAU L\u00e4rmschutzw\u00e4nde \u2013 Geosystem GBK GmbH\"},\"image\":{\"@id\":\"https:\/\/rau.de\/de\/#\/schema\/logo\/image\/\"}}]}<\/script>\n<!-- \/ Yoast SEO plugin. -->","yoast_head_json":{"title":"Klimawand im Stadtentwicklungsprojekt Duisburg 6-Seen-Wedau","description":"Errichtung der begr\u00fcnten RAU Klimawand im Zuge des Stadtentwicklungsprojekts Duisburg 6-Seen-Wedau. | rau.de","robots":{"index":"index","follow":"follow","max-snippet":"max-snippet:-1","max-image-preview":"max-image-preview:large","max-video-preview":"max-video-preview:-1"},"canonical":"https:\/\/rau.de\/de\/duisburg-6-seen-wedau\/","og_locale":"de_DE","og_type":"article","og_title":"Klimawand im Stadtentwicklungsprojekt Duisburg 6-Seen-Wedau","og_description":"Errichtung der begr\u00fcnten RAU Klimawand im Zuge des Stadtentwicklungsprojekts Duisburg 6-Seen-Wedau. | rau.de","og_url":"https:\/\/rau.de\/de\/duisburg-6-seen-wedau\/","og_site_name":"Rau | L\u00e4rmschutzw\u00e4nde","article_modified_time":"2022-09-14T15:33:52+00:00","og_image":[{"width":1587,"height":1664,"url":"https:\/\/rau.de\/wp-content\/uploads\/ProjektstartDuisbBeitragsbild.jpg","type":"image\/jpeg"}],"twitter_card":"summary_large_image","twitter_misc":{"Gesch\u00e4tzte Lesezeit":"3\u00a0Minuten"},"schema":{"@context":"https:\/\/schema.org","@graph":[{"@type":"WebPage","@id":"https:\/\/rau.de\/de\/duisburg-6-seen-wedau\/","url":"https:\/\/rau.de\/de\/duisburg-6-seen-wedau\/","name":"Klimawand im Stadtentwicklungsprojekt Duisburg 6-Seen-Wedau","isPartOf":{"@id":"https:\/\/rau.de\/de\/#website"},"primaryImageOfPage":{"@id":"https:\/\/rau.de\/de\/duisburg-6-seen-wedau\/#primaryimage"},"image":{"@id":"https:\/\/rau.de\/de\/duisburg-6-seen-wedau\/#primaryimage"},"thumbnailUrl":"https:\/\/rau.de\/wp-content\/uploads\/ProjektstartDuisbBeitragsbild.jpg","datePublished":"2020-10-06T13:59:04+00:00","dateModified":"2022-09-14T15:33:52+00:00","description":"Errichtung der begr\u00fcnten RAU Klimawand im Zuge des Stadtentwicklungsprojekts Duisburg 6-Seen-Wedau. | rau.de","breadcrumb":{"@id":"https:\/\/rau.de\/de\/duisburg-6-seen-wedau\/#breadcrumb"},"inLanguage":"de","potentialAction":[{"@type":"ReadAction","target":["https:\/\/rau.de\/de\/duisburg-6-seen-wedau\/"]}]},{"@type":"ImageObject","inLanguage":"de","@id":"https:\/\/rau.de\/de\/duisburg-6-seen-wedau\/#primaryimage","url":"https:\/\/rau.de\/wp-content\/uploads\/ProjektstartDuisbBeitragsbild.jpg","contentUrl":"https:\/\/rau.de\/wp-content\/uploads\/ProjektstartDuisbBeitragsbild.jpg","width":1587,"height":1664},{"@type":"BreadcrumbList","@id":"https:\/\/rau.de\/de\/duisburg-6-seen-wedau\/#breadcrumb","itemListElement":[{"@type":"ListItem","position":1,"name":"Startseite","item":"https:\/\/rau.de\/de\/"},{"@type":"ListItem","position":2,"name":"Wohnen am Wasser: L\u00e4rmschutz in Duisburg, 6-Seen-Wedau"}]},{"@type":"WebSite","@id":"https:\/\/rau.de\/de\/#website","url":"https:\/\/rau.de\/de\/","name":"Rau | L\u00e4rmschutzw\u00e4nde","description":"Entwicklung und Umsetzung von L\u00e4rmschutzwand und Schallschutzwand","publisher":{"@id":"https:\/\/rau.de\/de\/#organization"},"potentialAction":[{"@type":"SearchAction","target":{"@type":"EntryPoint","urlTemplate":"https:\/\/rau.de\/de\/?s={search_term_string}"},"query-input":{"@type":"PropertyValueSpecification","valueRequired":true,"valueName":"search_term_string"}}],"inLanguage":"de"},{"@type":"Organization","@id":"https:\/\/rau.de\/de\/#organization","name":"RAU L\u00e4rmschutzw\u00e4nde \u2013 Geosystem GBK GmbH","url":"https:\/\/rau.de\/de\/","logo":{"@type":"ImageObject","inLanguage":"de","@id":"https:\/\/rau.de\/de\/#\/schema\/logo\/image\/","url":"https:\/\/rau.de\/wp-content\/uploads\/web_logo.png","contentUrl":"https:\/\/rau.de\/wp-content\/uploads\/web_logo.png","width":249,"height":127,"caption":"RAU L\u00e4rmschutzw\u00e4nde \u2013 Geosystem GBK GmbH"},"image":{"@id":"https:\/\/rau.de\/de\/#\/schema\/logo\/image\/"}}]}},"_links":{"self":[{"href":"https:\/\/rau.de\/de\/wp-json\/wp\/v2\/pages\/10328"}],"collection":[{"href":"https:\/\/rau.de\/de\/wp-json\/wp\/v2\/pages"}],"about":[{"href":"https:\/\/rau.de\/de\/wp-json\/wp\/v2\/types\/page"}],"author":[{"embeddable":true,"href":"https:\/\/rau.de\/de\/wp-json\/wp\/v2\/users\/2"}],"replies":[{"embeddable":true,"href":"https:\/\/rau.de\/de\/wp-json\/wp\/v2\/comments?post=10328"}],"version-history":[{"count":120,"href":"https:\/\/rau.de\/de\/wp-json\/wp\/v2\/pages\/10328\/revisions"}],"predecessor-version":[{"id":24301,"href":"https:\/\/rau.de\/de\/wp-json\/wp\/v2\/pages\/10328\/revisions\/24301"}],"wp:featuredmedia":[{"embeddable":true,"href":"https:\/\/rau.de\/de\/wp-json\/wp\/v2\/media\/12036"}],"wp:attachment":[{"href":"https:\/\/rau.de\/de\/wp-json\/wp\/v2\/media?parent=10328"}],"curies":[{"name":"wp","href":"https:\/\/api.w.org\/{rel}","templated":true}]}}