{"id":9607,"date":"2020-08-25T16:41:22","date_gmt":"2020-08-25T14:41:22","guid":{"rendered":"https:\/\/rau.de\/?page_id=9607"},"modified":"2021-09-15T15:40:22","modified_gmt":"2021-09-15T13:40:22","slug":"ochrana-proti-hluku-mest-obci-obchodu-a-prumyslu","status":"publish","type":"page","link":"https:\/\/rau.de\/cs\/ochrana-proti-hluku-mest-obci-obchodu-a-prumyslu\/","title":{"rendered":"Ochrana proti hluku m\u011bst, obc\u00ed, obchodu a pr\u016fmyslu"},"content":{"rendered":"<section class=\"l-section wpb_row height_medium full_height valign_center with_img\" id=\"kontakt\"><div class=\"l-section-img\" role=\"img\" data-img-width=\"2000\" data-img-height=\"1122\" style=\"background-image: url(https:\/\/rau.de\/wp-content\/uploads\/bg.jpg);\"><\/div><div class=\"l-section-h i-cf\"><div class=\"g-cols vc_row via_flex valign_top type_default stacking_default\"><div class=\"vc_col-sm-12 wpb_column vc_column_container\"><div class=\"vc_column-inner\"><div class=\"wpb_wrapper\"><div class=\"g-cols wpb_row content_top via_flex valign_top type_default stacking_default\"><div class=\"vc_col-sm-12 wpb_column vc_column_container\"><div class=\"vc_column-inner\"><div class=\"wpb_wrapper\"><h1 class=\"w-post-elm post_title entry-title color_link_inherit\">Ochrana proti hluku m\u011bst, obc\u00ed, obchodu a pr\u016fmyslu<\/h1><\/div><\/div><\/div><\/div><div class=\"g-cols wpb_row us_custom_4fb9e5a3 content_text via_flex valign_top type_default stacking_default\"><div class=\"vc_col-sm-12 wpb_column vc_column_container\"><div class=\"vc_column-inner\"><div class=\"wpb_wrapper\"><div class=\"wpb_text_column\"><div class=\"wpb_wrapper\"><p>Nov\u00e9 obytn\u00e9 oblasti se stav\u00ed st\u00e1le bl\u00ed\u017ee ke st\u00e1vaj\u00edc\u00edm zdroj\u016fm hluku. Pomoc\u00ed hlukov\u00fdch bari\u00e9r lze tento hluk v\u00fdrazn\u011b sn\u00ed\u017eit. Pro n\u011bkter\u00e9 nov\u00e9 stavebn\u00ed oblasti sta\u010d\u00ed vybudovat protihlukov\u00e9 bari\u00e9ry pomoc\u00ed val\u016f z p\u016fdy. Pro oblasti s dostate\u010dn\u00fdm prostorem k instalaci je vhodn\u00e1 strm\u00e1, t\u011b\u017ek\u00e1 st\u011bna bez hlubok\u00e9ho z\u00e1kladu. V m\u011bstsk\u00fdch oblastech jsou v\u0161ak zapot\u0159eb\u00ed \u00fazk\u00e9 syst\u00e9my s hlubok\u00fdmi z\u00e1klady. V\u0161echny syst\u00e9my od Rau.de lze ekologicky zazelenit. Na jedn\u00e9 stran\u011b nab\u00edz\u00ed zazelen\u011bn\u00ed ekologick\u00e9 v\u00fdhody, ale tak\u00e9 usnad\u0148uje \u00fadr\u017ebu a \u0161et\u0159\u00ed n\u00e1klady. Pokud jde o protihlukov\u00e9 bari\u00e9ry, existuje mnoho mo\u017en\u00fdch variac\u00ed. Existuj\u00ed r\u016fzn\u00e9 typy st\u011bn a val\u016f a r\u016fzn\u00e9 materi\u00e1ly, kter\u00e9 lze kombinovat podle individu\u00e1ln\u00edch po\u017eadavk\u016f.<\/p>\n<\/div><\/div><\/div><\/div><\/div><\/div><div class=\"g-cols wpb_row us_custom_4fb9e5a3 content_text via_flex valign_top type_default stacking_default\"><div class=\"vc_col-sm-4 wpb_column vc_column_container\"><div class=\"vc_column-inner\"><div class=\"wpb_wrapper\"><div class=\"w-image align_none\"><div class=\"w-image-h\"><img loading=\"lazy\" decoding=\"async\" width=\"600\" height=\"400\" src=\"https:\/\/rau.de\/wp-content\/uploads\/oekologische_laermschutzwand_rau_r3_frankfurt_am_main.jpg\" class=\"attachment-large size-large\" alt=\"Begr\u00fcnte L\" srcset=\"https:\/\/rau.de\/wp-content\/uploads\/oekologische_laermschutzwand_rau_r3_frankfurt_am_main.jpg 600w, https:\/\/rau.de\/wp-content\/uploads\/oekologische_laermschutzwand_rau_r3_frankfurt_am_main-300x200.jpg 300w\" sizes=\"auto, (max-width: 600px) 100vw, 600px\" \/><\/div><\/div><div class=\"w-separator size_medium\"><\/div><div class=\"w-btn-wrapper align_none\"><a class=\"w-btn us-btn-style_1\" title=\"Produkte\" href=\"https:\/\/rau.de\/cs\/produkty\/\"><span class=\"w-btn-label\">K produktu<\/span><\/a><\/div><\/div><\/div><\/div><div class=\"vc_col-sm-4 wpb_column vc_column_container\"><div class=\"vc_column-inner\"><div class=\"wpb_wrapper\"><div class=\"w-image align_none\"><div class=\"w-image-h\"><img loading=\"lazy\" decoding=\"async\" width=\"600\" height=\"400\" src=\"https:\/\/rau.de\/wp-content\/uploads\/steinfurt-oekologische-laermschutzwand.jpg\" class=\"attachment-large size-large\" alt=\"Begr\u00fcnte L\u00e4rmschutzwand an einem Wohngebiet in Steinfurt\" srcset=\"https:\/\/rau.de\/wp-content\/uploads\/steinfurt-oekologische-laermschutzwand.jpg 600w, https:\/\/rau.de\/wp-content\/uploads\/steinfurt-oekologische-laermschutzwand-300x200.jpg 300w\" sizes=\"auto, (max-width: 600px) 100vw, 600px\" \/><\/div><\/div><\/div><\/div><\/div><div class=\"vc_col-sm-4 wpb_column vc_column_container\"><div class=\"vc_column-inner\"><div class=\"wpb_wrapper\"><div class=\"w-image align_none\"><div class=\"w-image-h\"><img loading=\"lazy\" decoding=\"async\" width=\"1024\" height=\"683\" src=\"https:\/\/rau.de\/wp-content\/uploads\/oldenburg2-1-1024x683.jpg\" class=\"attachment-large size-large\" alt=\"\u00d6kologischer L\u00e4rmschutz f\u00fcr St\u00e4dte und Kommunen - RAU\" srcset=\"https:\/\/rau.de\/wp-content\/uploads\/oldenburg2-1.jpg 1024w, https:\/\/rau.de\/wp-content\/uploads\/oldenburg2-1-300x200.jpg 300w\" sizes=\"auto, (max-width: 1024px) 100vw, 1024px\" \/><\/div><\/div><\/div><\/div><\/div><\/div><\/div><\/div><\/div><\/div><\/div><\/section>\n","protected":false},"excerpt":{"rendered":"Ochrana proti hluku m\u011bst, obc\u00ed, obchodu a pr\u016fmysluNov\u00e9 obytn\u00e9 oblasti se stav\u00ed st\u00e1le bl\u00ed\u017ee ke st\u00e1vaj\u00edc\u00edm zdroj\u016fm hluku. Pomoc\u00ed hlukov\u00fdch bari\u00e9r lze tento hluk v\u00fdrazn\u011b sn\u00ed\u017eit. Pro n\u011bkter\u00e9 nov\u00e9 stavebn\u00ed oblasti sta\u010d\u00ed vybudovat protihlukov\u00e9 bari\u00e9ry pomoc\u00ed val\u016f z p\u016fdy. Pro oblasti s dostate\u010dn\u00fdm prostorem k instalaci je vhodn\u00e1 strm\u00e1, t\u011b\u017ek\u00e1 st\u011bna bez hlubok\u00e9ho z\u00e1kladu. V...","protected":false},"author":2,"featured_media":20413,"parent":0,"menu_order":0,"comment_status":"closed","ping_status":"closed","template":"","meta":{"footnotes":""},"class_list":["post-9607","page","type-page","status-publish","has-post-thumbnail","hentry"],"yoast_head":"<!-- This site is optimized with the Yoast SEO plugin v27.4 - https:\/\/yoast.com\/product\/yoast-seo-wordpress\/ -->\n<title>Ochrana proti hluku m\u011bst, obc\u00ed, obchodu a pr\u016fmyslu \u2705<\/title>\n<meta name=\"description\" content=\"\ud83d\udce3 Nov\u00e9 obytn\u00e9 oblasti se stav\u00ed st\u00e1le bl\u00ed\u017ee ke st\u00e1vaj\u00edc\u00edm zdroj\u016fm hluku. Pomoc\u00ed hlukov\u00fdch bari\u00e9r lze tento hluk v\u00fdrazn\u011b sn\u00ed\u017eit. \ud83c\udf33\" \/>\n<meta name=\"robots\" content=\"index, follow, max-snippet:-1, max-image-preview:large, max-video-preview:-1\" \/>\n<link rel=\"canonical\" href=\"https:\/\/rau.de\/cs\/ochrana-proti-hluku-mest-obci-obchodu-a-prumyslu\/\" \/>\n<meta property=\"og:locale\" content=\"cs_CZ\" \/>\n<meta property=\"og:type\" content=\"article\" \/>\n<meta property=\"og:title\" content=\"Ochrana proti hluku m\u011bst, obc\u00ed, obchodu a pr\u016fmyslu \u2705\" \/>\n<meta property=\"og:description\" content=\"\ud83d\udce3 Nov\u00e9 obytn\u00e9 oblasti se stav\u00ed st\u00e1le bl\u00ed\u017ee ke st\u00e1vaj\u00edc\u00edm zdroj\u016fm hluku. Pomoc\u00ed hlukov\u00fdch bari\u00e9r lze tento hluk v\u00fdrazn\u011b sn\u00ed\u017eit. \ud83c\udf33\" \/>\n<meta property=\"og:url\" content=\"https:\/\/rau.de\/cs\/ochrana-proti-hluku-mest-obci-obchodu-a-prumyslu\/\" \/>\n<meta property=\"og:site_name\" content=\"Rau | L\u00e4rmschutzw\u00e4nde\" \/>\n<meta property=\"article:modified_time\" content=\"2021-09-15T13:40:22+00:00\" \/>\n<meta property=\"og:image\" content=\"https:\/\/rau.de\/wp-content\/uploads\/R3Gruen16.jpg\" \/>\n\t<meta property=\"og:image:width\" content=\"1024\" \/>\n\t<meta property=\"og:image:height\" content=\"534\" \/>\n\t<meta property=\"og:image:type\" content=\"image\/jpeg\" \/>\n<meta name=\"twitter:card\" content=\"summary_large_image\" \/>\n<meta name=\"twitter:label1\" content=\"Odhadovan\u00e1 doba \u010dten\u00ed\" \/>\n\t<meta name=\"twitter:data1\" content=\"1 minuta\" \/>\n<script type=\"application\/ld+json\" class=\"yoast-schema-graph\">{\"@context\":\"https:\\\/\\\/schema.org\",\"@graph\":[{\"@type\":\"WebPage\",\"@id\":\"https:\\\/\\\/rau.de\\\/cs\\\/ochrana-proti-hluku-mest-obci-obchodu-a-prumyslu\\\/\",\"url\":\"https:\\\/\\\/rau.de\\\/cs\\\/ochrana-proti-hluku-mest-obci-obchodu-a-prumyslu\\\/\",\"name\":\"Ochrana proti hluku m\u011bst, obc\u00ed, obchodu a pr\u016fmyslu \u2705\",\"isPartOf\":{\"@id\":\"https:\\\/\\\/rau.de\\\/cs\\\/#website\"},\"primaryImageOfPage\":{\"@id\":\"https:\\\/\\\/rau.de\\\/cs\\\/ochrana-proti-hluku-mest-obci-obchodu-a-prumyslu\\\/#primaryimage\"},\"image\":{\"@id\":\"https:\\\/\\\/rau.de\\\/cs\\\/ochrana-proti-hluku-mest-obci-obchodu-a-prumyslu\\\/#primaryimage\"},\"thumbnailUrl\":\"https:\\\/\\\/rau.de\\\/wp-content\\\/uploads\\\/R3Gruen16.jpg\",\"datePublished\":\"2020-08-25T14:41:22+00:00\",\"dateModified\":\"2021-09-15T13:40:22+00:00\",\"description\":\"\ud83d\udce3 Nov\u00e9 obytn\u00e9 oblasti se stav\u00ed st\u00e1le bl\u00ed\u017ee ke st\u00e1vaj\u00edc\u00edm zdroj\u016fm hluku. Pomoc\u00ed hlukov\u00fdch bari\u00e9r lze tento hluk v\u00fdrazn\u011b sn\u00ed\u017eit. \ud83c\udf33\",\"breadcrumb\":{\"@id\":\"https:\\\/\\\/rau.de\\\/cs\\\/ochrana-proti-hluku-mest-obci-obchodu-a-prumyslu\\\/#breadcrumb\"},\"inLanguage\":\"cs\",\"potentialAction\":[{\"@type\":\"ReadAction\",\"target\":[\"https:\\\/\\\/rau.de\\\/cs\\\/ochrana-proti-hluku-mest-obci-obchodu-a-prumyslu\\\/\"]}]},{\"@type\":\"ImageObject\",\"inLanguage\":\"cs\",\"@id\":\"https:\\\/\\\/rau.de\\\/cs\\\/ochrana-proti-hluku-mest-obci-obchodu-a-prumyslu\\\/#primaryimage\",\"url\":\"https:\\\/\\\/rau.de\\\/wp-content\\\/uploads\\\/R3Gruen16.jpg\",\"contentUrl\":\"https:\\\/\\\/rau.de\\\/wp-content\\\/uploads\\\/R3Gruen16.jpg\",\"width\":1024,\"height\":534,\"caption\":\"Green noise protection wall along the road\"},{\"@type\":\"BreadcrumbList\",\"@id\":\"https:\\\/\\\/rau.de\\\/cs\\\/ochrana-proti-hluku-mest-obci-obchodu-a-prumyslu\\\/#breadcrumb\",\"itemListElement\":[{\"@type\":\"ListItem\",\"position\":1,\"name\":\"Startseite\",\"item\":\"https:\\\/\\\/rau.de\\\/cs\\\/\"},{\"@type\":\"ListItem\",\"position\":2,\"name\":\"Ochrana proti hluku m\u011bst, obc\u00ed, obchodu a pr\u016fmyslu\"}]},{\"@type\":\"WebSite\",\"@id\":\"https:\\\/\\\/rau.de\\\/cs\\\/#website\",\"url\":\"https:\\\/\\\/rau.de\\\/cs\\\/\",\"name\":\"Rau | L\u00e4rmschutzw\u00e4nde\",\"description\":\"Entwicklung und Umsetzung von L\u00e4rmschutzwand und Schallschutzwand\",\"publisher\":{\"@id\":\"https:\\\/\\\/rau.de\\\/cs\\\/#organization\"},\"potentialAction\":[{\"@type\":\"SearchAction\",\"target\":{\"@type\":\"EntryPoint\",\"urlTemplate\":\"https:\\\/\\\/rau.de\\\/cs\\\/?s={search_term_string}\"},\"query-input\":{\"@type\":\"PropertyValueSpecification\",\"valueRequired\":true,\"valueName\":\"search_term_string\"}}],\"inLanguage\":\"cs\"},{\"@type\":\"Organization\",\"@id\":\"https:\\\/\\\/rau.de\\\/cs\\\/#organization\",\"name\":\"RAU L\u00e4rmschutzw\u00e4nde \u2013 Geosystem GBK GmbH\",\"url\":\"https:\\\/\\\/rau.de\\\/cs\\\/\",\"logo\":{\"@type\":\"ImageObject\",\"inLanguage\":\"cs\",\"@id\":\"https:\\\/\\\/rau.de\\\/cs\\\/#\\\/schema\\\/logo\\\/image\\\/\",\"url\":\"https:\\\/\\\/rau.de\\\/wp-content\\\/uploads\\\/web_logo.png\",\"contentUrl\":\"https:\\\/\\\/rau.de\\\/wp-content\\\/uploads\\\/web_logo.png\",\"width\":249,\"height\":127,\"caption\":\"RAU L\u00e4rmschutzw\u00e4nde \u2013 Geosystem GBK GmbH\"},\"image\":{\"@id\":\"https:\\\/\\\/rau.de\\\/cs\\\/#\\\/schema\\\/logo\\\/image\\\/\"}}]}<\/script>\n<!-- \/ Yoast SEO plugin. -->","yoast_head_json":{"title":"Ochrana proti hluku m\u011bst, obc\u00ed, obchodu a pr\u016fmyslu \u2705","description":"\ud83d\udce3 Nov\u00e9 obytn\u00e9 oblasti se stav\u00ed st\u00e1le bl\u00ed\u017ee ke st\u00e1vaj\u00edc\u00edm zdroj\u016fm hluku. Pomoc\u00ed hlukov\u00fdch bari\u00e9r lze tento hluk v\u00fdrazn\u011b sn\u00ed\u017eit. \ud83c\udf33","robots":{"index":"index","follow":"follow","max-snippet":"max-snippet:-1","max-image-preview":"max-image-preview:large","max-video-preview":"max-video-preview:-1"},"canonical":"https:\/\/rau.de\/cs\/ochrana-proti-hluku-mest-obci-obchodu-a-prumyslu\/","og_locale":"cs_CZ","og_type":"article","og_title":"Ochrana proti hluku m\u011bst, obc\u00ed, obchodu a pr\u016fmyslu \u2705","og_description":"\ud83d\udce3 Nov\u00e9 obytn\u00e9 oblasti se stav\u00ed st\u00e1le bl\u00ed\u017ee ke st\u00e1vaj\u00edc\u00edm zdroj\u016fm hluku. Pomoc\u00ed hlukov\u00fdch bari\u00e9r lze tento hluk v\u00fdrazn\u011b sn\u00ed\u017eit. \ud83c\udf33","og_url":"https:\/\/rau.de\/cs\/ochrana-proti-hluku-mest-obci-obchodu-a-prumyslu\/","og_site_name":"Rau | L\u00e4rmschutzw\u00e4nde","article_modified_time":"2021-09-15T13:40:22+00:00","og_image":[{"width":1024,"height":534,"url":"https:\/\/rau.de\/wp-content\/uploads\/R3Gruen16.jpg","type":"image\/jpeg"}],"twitter_card":"summary_large_image","twitter_misc":{"Odhadovan\u00e1 doba \u010dten\u00ed":"1 minuta"},"schema":{"@context":"https:\/\/schema.org","@graph":[{"@type":"WebPage","@id":"https:\/\/rau.de\/cs\/ochrana-proti-hluku-mest-obci-obchodu-a-prumyslu\/","url":"https:\/\/rau.de\/cs\/ochrana-proti-hluku-mest-obci-obchodu-a-prumyslu\/","name":"Ochrana proti hluku m\u011bst, obc\u00ed, obchodu a pr\u016fmyslu \u2705","isPartOf":{"@id":"https:\/\/rau.de\/cs\/#website"},"primaryImageOfPage":{"@id":"https:\/\/rau.de\/cs\/ochrana-proti-hluku-mest-obci-obchodu-a-prumyslu\/#primaryimage"},"image":{"@id":"https:\/\/rau.de\/cs\/ochrana-proti-hluku-mest-obci-obchodu-a-prumyslu\/#primaryimage"},"thumbnailUrl":"https:\/\/rau.de\/wp-content\/uploads\/R3Gruen16.jpg","datePublished":"2020-08-25T14:41:22+00:00","dateModified":"2021-09-15T13:40:22+00:00","description":"\ud83d\udce3 Nov\u00e9 obytn\u00e9 oblasti se stav\u00ed st\u00e1le bl\u00ed\u017ee ke st\u00e1vaj\u00edc\u00edm zdroj\u016fm hluku. Pomoc\u00ed hlukov\u00fdch bari\u00e9r lze tento hluk v\u00fdrazn\u011b sn\u00ed\u017eit. \ud83c\udf33","breadcrumb":{"@id":"https:\/\/rau.de\/cs\/ochrana-proti-hluku-mest-obci-obchodu-a-prumyslu\/#breadcrumb"},"inLanguage":"cs","potentialAction":[{"@type":"ReadAction","target":["https:\/\/rau.de\/cs\/ochrana-proti-hluku-mest-obci-obchodu-a-prumyslu\/"]}]},{"@type":"ImageObject","inLanguage":"cs","@id":"https:\/\/rau.de\/cs\/ochrana-proti-hluku-mest-obci-obchodu-a-prumyslu\/#primaryimage","url":"https:\/\/rau.de\/wp-content\/uploads\/R3Gruen16.jpg","contentUrl":"https:\/\/rau.de\/wp-content\/uploads\/R3Gruen16.jpg","width":1024,"height":534,"caption":"Green noise protection wall along the road"},{"@type":"BreadcrumbList","@id":"https:\/\/rau.de\/cs\/ochrana-proti-hluku-mest-obci-obchodu-a-prumyslu\/#breadcrumb","itemListElement":[{"@type":"ListItem","position":1,"name":"Startseite","item":"https:\/\/rau.de\/cs\/"},{"@type":"ListItem","position":2,"name":"Ochrana proti hluku m\u011bst, obc\u00ed, obchodu a pr\u016fmyslu"}]},{"@type":"WebSite","@id":"https:\/\/rau.de\/cs\/#website","url":"https:\/\/rau.de\/cs\/","name":"Rau | L\u00e4rmschutzw\u00e4nde","description":"Entwicklung und Umsetzung von L\u00e4rmschutzwand und Schallschutzwand","publisher":{"@id":"https:\/\/rau.de\/cs\/#organization"},"potentialAction":[{"@type":"SearchAction","target":{"@type":"EntryPoint","urlTemplate":"https:\/\/rau.de\/cs\/?s={search_term_string}"},"query-input":{"@type":"PropertyValueSpecification","valueRequired":true,"valueName":"search_term_string"}}],"inLanguage":"cs"},{"@type":"Organization","@id":"https:\/\/rau.de\/cs\/#organization","name":"RAU L\u00e4rmschutzw\u00e4nde \u2013 Geosystem GBK GmbH","url":"https:\/\/rau.de\/cs\/","logo":{"@type":"ImageObject","inLanguage":"cs","@id":"https:\/\/rau.de\/cs\/#\/schema\/logo\/image\/","url":"https:\/\/rau.de\/wp-content\/uploads\/web_logo.png","contentUrl":"https:\/\/rau.de\/wp-content\/uploads\/web_logo.png","width":249,"height":127,"caption":"RAU L\u00e4rmschutzw\u00e4nde \u2013 Geosystem GBK GmbH"},"image":{"@id":"https:\/\/rau.de\/cs\/#\/schema\/logo\/image\/"}}]}},"_links":{"self":[{"href":"https:\/\/rau.de\/cs\/wp-json\/wp\/v2\/pages\/9607","targetHints":{"allow":["GET"]}}],"collection":[{"href":"https:\/\/rau.de\/cs\/wp-json\/wp\/v2\/pages"}],"about":[{"href":"https:\/\/rau.de\/cs\/wp-json\/wp\/v2\/types\/page"}],"author":[{"embeddable":true,"href":"https:\/\/rau.de\/cs\/wp-json\/wp\/v2\/users\/2"}],"replies":[{"embeddable":true,"href":"https:\/\/rau.de\/cs\/wp-json\/wp\/v2\/comments?post=9607"}],"version-history":[{"count":1,"href":"https:\/\/rau.de\/cs\/wp-json\/wp\/v2\/pages\/9607\/revisions"}],"predecessor-version":[{"id":9608,"href":"https:\/\/rau.de\/cs\/wp-json\/wp\/v2\/pages\/9607\/revisions\/9608"}],"wp:featuredmedia":[{"embeddable":true,"href":"https:\/\/rau.de\/cs\/wp-json\/wp\/v2\/media\/20413"}],"wp:attachment":[{"href":"https:\/\/rau.de\/cs\/wp-json\/wp\/v2\/media?parent=9607"}],"curies":[{"name":"wp","href":"https:\/\/api.w.org\/{rel}","templated":true}]}}